{"id":30193,"date":"2023-03-07T15:42:24","date_gmt":"2023-03-07T13:42:24","guid":{"rendered":"https:\/\/videstehnika.lv\/catalog\/maaratlemata\/hunton-silencio-thermo-skanu-izolejosas-siltas-gridas\/"},"modified":"2023-11-19T12:22:09","modified_gmt":"2023-11-19T10:22:09","slug":"hunton-silencio-thermo-skanu-izolejosas-siltas-gridas","status":"publish","type":"product","link":"https:\/\/videstehnika.lv\/et\/katalogs\/puiduhake-okosoojenduseks\/hunton-silencio-thermo-skanu-izolejosas-siltas-gridas\/","title":{"rendered":"Hunton Silencio Thermo helikindlad soojad p\u00f5randad"},"content":{"rendered":"<h2><strong>Hunton Silencio Thermo helikindlad soojad p\u00f5randad<\/strong><\/h2>\n<p>Hunton Silencio Thermo on heli- ja sammuisolatsiooniplaat vesik\u00fcttega p\u00f5randak\u00fctte paigaldamiseks. Plaatidesse on ehitatud sooned p\u00f5randak\u00fctte torude jaoks.<\/p>\n<p>&nbsp;<\/p>\n<ul>\n<li>Huntoni plaadid on toodetud looduslikust puidukiust;<\/li>\n<li>Plaadid annavad ainulaadse kombinatsiooni \u2013 heliisolatsioon ja soe p\u00f5rand;<\/li>\n<li>Sammum\u00fcra isoleerivad plaadid on energias\u00e4\u00e4stlikud;<\/li>\n<li>Lahendus annab v\u00f5imaluse kiireteks temperatuurimuutusteks ruumis;<\/li>\n<li>Hunton Silencio Thermo plaadid materjaliga, mis on Norras vastavalt Norra ehitusnormidele testitud ja heaks kiidetud;<\/li>\n<li>Huntoni lauad on taaskasutatav materjal, kuna need on valmistatud puidust.<\/li>\n<\/ul>\n<p>&nbsp;<\/p>\n","protected":false},"excerpt":{"rendered":"<p>Cena nor\u0101d\u012bta par pl\u0101ksni<\/p>\n","protected":false},"featured_media":29132,"template":"","meta":{"_acf_changed":false},"product_cat":[5222,4259],"product_tag":[],"class_list":{"0":"post-30193","1":"product","2":"type-product","3":"status-publish","4":"has-post-thumbnail","6":"product_cat-siltumizolacijas-materiali-et","7":"product_cat-puiduhake-okosoojenduseks","9":"first","10":"onbackorder","11":"featured","12":"taxable","13":"shipping-taxable","14":"purchasable","15":"product-type-variable"},"acf":[],"yoast_head":"<!-- This site is optimized with the Yoast SEO plugin v24.2 - https:\/\/yoast.com\/wordpress\/plugins\/seo\/ -->\n<title>Hunton Silencio Thermo\u00a0 &#8226; Vides Tehnika<\/title>\n<meta name=\"description\" content=\"Hunton Silencio Thermo\u00a0ir ska\u0146u un so\u013cu trok\u0161\u0146u izol\u0113jo\u0161as pl\u0101ksnes, paredz\u0113tas ar \u016bdeni apsild\u0101mu silto gr\u012bdu ier\u012bko\u0161anai. Pl\u0101ksn\u0113s ir ra\u017eo\u0161an\u0101 iestr\u0101d\u0101tas gropes gr\u012bdas apsildes caurul\u0113m.\" \/>\n<meta name=\"robots\" content=\"index, follow, max-snippet:-1, max-image-preview:large, max-video-preview:-1\" \/>\n<link rel=\"canonical\" href=\"https:\/\/videstehnika.lv\/et\/katalogs\/puiduhake-okosoojenduseks\/hunton-silencio-thermo-skanu-izolejosas-siltas-gridas\/\" \/>\n<meta property=\"og:locale\" content=\"et_EE\" \/>\n<meta property=\"og:type\" content=\"article\" \/>\n<meta property=\"og:title\" content=\"Hunton Silencio Thermo\u00a0 &#8226; Vides Tehnika\" \/>\n<meta property=\"og:description\" content=\"Hunton Silencio Thermo\u00a0ir ska\u0146u un so\u013cu trok\u0161\u0146u izol\u0113jo\u0161as pl\u0101ksnes, paredz\u0113tas ar \u016bdeni apsild\u0101mu silto gr\u012bdu ier\u012bko\u0161anai. Pl\u0101ksn\u0113s ir ra\u017eo\u0161an\u0101 iestr\u0101d\u0101tas gropes gr\u012bdas apsildes caurul\u0113m.\" \/>\n<meta property=\"og:url\" content=\"https:\/\/videstehnika.lv\/et\/katalogs\/puiduhake-okosoojenduseks\/hunton-silencio-thermo-skanu-izolejosas-siltas-gridas\/\" \/>\n<meta property=\"og:site_name\" content=\"Vides Tehnika\" \/>\n<meta property=\"article:modified_time\" content=\"2023-11-19T10:22:09+00:00\" \/>\n<meta property=\"og:image\" content=\"https:\/\/videstehnika.lv\/wp-content\/uploads\/2023\/03\/silencio-thermo-1.jpg\" \/>\n\t<meta property=\"og:image:width\" content=\"1200\" \/>\n\t<meta property=\"og:image:height\" content=\"739\" \/>\n\t<meta property=\"og:image:type\" content=\"image\/jpeg\" \/>\n<meta name=\"twitter:card\" content=\"summary_large_image\" \/>\n<meta name=\"twitter:label1\" content=\"Est. reading time\" \/>\n\t<meta name=\"twitter:data1\" content=\"1 minut\" \/>\n<script type=\"application\/ld+json\" class=\"yoast-schema-graph\">{\"@context\":\"https:\/\/schema.org\",\"@graph\":[{\"@type\":\"WebPage\",\"@id\":\"https:\/\/videstehnika.lv\/et\/katalogs\/puiduhake-okosoojenduseks\/hunton-silencio-thermo-skanu-izolejosas-siltas-gridas\/\",\"url\":\"https:\/\/videstehnika.lv\/et\/katalogs\/puiduhake-okosoojenduseks\/hunton-silencio-thermo-skanu-izolejosas-siltas-gridas\/\",\"name\":\"Hunton Silencio Thermo\u00a0 &#8226; Vides Tehnika\",\"isPartOf\":{\"@id\":\"https:\/\/videstehnika.lv\/et\/#website\"},\"primaryImageOfPage\":{\"@id\":\"https:\/\/videstehnika.lv\/et\/katalogs\/puiduhake-okosoojenduseks\/hunton-silencio-thermo-skanu-izolejosas-siltas-gridas\/#primaryimage\"},\"image\":{\"@id\":\"https:\/\/videstehnika.lv\/et\/katalogs\/puiduhake-okosoojenduseks\/hunton-silencio-thermo-skanu-izolejosas-siltas-gridas\/#primaryimage\"},\"thumbnailUrl\":\"https:\/\/videstehnika.lv\/wp-content\/uploads\/2023\/03\/silencio-thermo-1.jpg\",\"datePublished\":\"2023-03-07T13:42:24+00:00\",\"dateModified\":\"2023-11-19T10:22:09+00:00\",\"description\":\"Hunton Silencio Thermo\u00a0ir ska\u0146u un so\u013cu trok\u0161\u0146u izol\u0113jo\u0161as pl\u0101ksnes, paredz\u0113tas ar \u016bdeni apsild\u0101mu silto gr\u012bdu ier\u012bko\u0161anai. Pl\u0101ksn\u0113s ir ra\u017eo\u0161an\u0101 iestr\u0101d\u0101tas gropes gr\u012bdas apsildes caurul\u0113m.\",\"breadcrumb\":{\"@id\":\"https:\/\/videstehnika.lv\/et\/katalogs\/puiduhake-okosoojenduseks\/hunton-silencio-thermo-skanu-izolejosas-siltas-gridas\/#breadcrumb\"},\"inLanguage\":\"et\",\"potentialAction\":[{\"@type\":\"ReadAction\",\"target\":[\"https:\/\/videstehnika.lv\/et\/katalogs\/puiduhake-okosoojenduseks\/hunton-silencio-thermo-skanu-izolejosas-siltas-gridas\/\"]}]},{\"@type\":\"ImageObject\",\"inLanguage\":\"et\",\"@id\":\"https:\/\/videstehnika.lv\/et\/katalogs\/puiduhake-okosoojenduseks\/hunton-silencio-thermo-skanu-izolejosas-siltas-gridas\/#primaryimage\",\"url\":\"https:\/\/videstehnika.lv\/wp-content\/uploads\/2023\/03\/silencio-thermo-1.jpg\",\"contentUrl\":\"https:\/\/videstehnika.lv\/wp-content\/uploads\/2023\/03\/silencio-thermo-1.jpg\",\"width\":1200,\"height\":739},{\"@type\":\"BreadcrumbList\",\"@id\":\"https:\/\/videstehnika.lv\/et\/katalogs\/puiduhake-okosoojenduseks\/hunton-silencio-thermo-skanu-izolejosas-siltas-gridas\/#breadcrumb\",\"itemListElement\":[{\"@type\":\"ListItem\",\"position\":1,\"name\":\"Home\",\"item\":\"https:\/\/videstehnika.lv\/et\/\"},{\"@type\":\"ListItem\",\"position\":2,\"name\":\"Kataloog\",\"item\":\"https:\/\/videstehnika.lv\/et\/kataloog\/\"},{\"@type\":\"ListItem\",\"position\":3,\"name\":\"Hunton Silencio Thermo helikindlad soojad p\u00f5randad\"}]},{\"@type\":\"WebSite\",\"@id\":\"https:\/\/videstehnika.lv\/et\/#website\",\"url\":\"https:\/\/videstehnika.lv\/et\/\",\"name\":\"Vides Tehnika\",\"description\":\"\",\"potentialAction\":[{\"@type\":\"SearchAction\",\"target\":{\"@type\":\"EntryPoint\",\"urlTemplate\":\"https:\/\/videstehnika.lv\/et\/?s={search_term_string}\"},\"query-input\":{\"@type\":\"PropertyValueSpecification\",\"valueRequired\":true,\"valueName\":\"search_term_string\"}}],\"inLanguage\":\"et\"}]}<\/script>\n<!-- \/ Yoast SEO plugin. -->","yoast_head_json":{"title":"Hunton Silencio Thermo\u00a0 &#8226; Vides Tehnika","description":"Hunton Silencio Thermo\u00a0ir ska\u0146u un so\u013cu trok\u0161\u0146u izol\u0113jo\u0161as pl\u0101ksnes, paredz\u0113tas ar \u016bdeni apsild\u0101mu silto gr\u012bdu ier\u012bko\u0161anai. Pl\u0101ksn\u0113s ir ra\u017eo\u0161an\u0101 iestr\u0101d\u0101tas gropes gr\u012bdas apsildes caurul\u0113m.","robots":{"index":"index","follow":"follow","max-snippet":"max-snippet:-1","max-image-preview":"max-image-preview:large","max-video-preview":"max-video-preview:-1"},"canonical":"https:\/\/videstehnika.lv\/et\/katalogs\/puiduhake-okosoojenduseks\/hunton-silencio-thermo-skanu-izolejosas-siltas-gridas\/","og_locale":"et_EE","og_type":"article","og_title":"Hunton Silencio Thermo\u00a0 &#8226; Vides Tehnika","og_description":"Hunton Silencio Thermo\u00a0ir ska\u0146u un so\u013cu trok\u0161\u0146u izol\u0113jo\u0161as pl\u0101ksnes, paredz\u0113tas ar \u016bdeni apsild\u0101mu silto gr\u012bdu ier\u012bko\u0161anai. Pl\u0101ksn\u0113s ir ra\u017eo\u0161an\u0101 iestr\u0101d\u0101tas gropes gr\u012bdas apsildes caurul\u0113m.","og_url":"https:\/\/videstehnika.lv\/et\/katalogs\/puiduhake-okosoojenduseks\/hunton-silencio-thermo-skanu-izolejosas-siltas-gridas\/","og_site_name":"Vides Tehnika","article_modified_time":"2023-11-19T10:22:09+00:00","og_image":[{"width":1200,"height":739,"url":"https:\/\/videstehnika.lv\/wp-content\/uploads\/2023\/03\/silencio-thermo-1.jpg","type":"image\/jpeg"}],"twitter_card":"summary_large_image","twitter_misc":{"Est. reading time":"1 minut"},"schema":{"@context":"https:\/\/schema.org","@graph":[{"@type":"WebPage","@id":"https:\/\/videstehnika.lv\/et\/katalogs\/puiduhake-okosoojenduseks\/hunton-silencio-thermo-skanu-izolejosas-siltas-gridas\/","url":"https:\/\/videstehnika.lv\/et\/katalogs\/puiduhake-okosoojenduseks\/hunton-silencio-thermo-skanu-izolejosas-siltas-gridas\/","name":"Hunton Silencio Thermo\u00a0 &#8226; Vides Tehnika","isPartOf":{"@id":"https:\/\/videstehnika.lv\/et\/#website"},"primaryImageOfPage":{"@id":"https:\/\/videstehnika.lv\/et\/katalogs\/puiduhake-okosoojenduseks\/hunton-silencio-thermo-skanu-izolejosas-siltas-gridas\/#primaryimage"},"image":{"@id":"https:\/\/videstehnika.lv\/et\/katalogs\/puiduhake-okosoojenduseks\/hunton-silencio-thermo-skanu-izolejosas-siltas-gridas\/#primaryimage"},"thumbnailUrl":"https:\/\/videstehnika.lv\/wp-content\/uploads\/2023\/03\/silencio-thermo-1.jpg","datePublished":"2023-03-07T13:42:24+00:00","dateModified":"2023-11-19T10:22:09+00:00","description":"Hunton Silencio Thermo\u00a0ir ska\u0146u un so\u013cu trok\u0161\u0146u izol\u0113jo\u0161as pl\u0101ksnes, paredz\u0113tas ar \u016bdeni apsild\u0101mu silto gr\u012bdu ier\u012bko\u0161anai. Pl\u0101ksn\u0113s ir ra\u017eo\u0161an\u0101 iestr\u0101d\u0101tas gropes gr\u012bdas apsildes caurul\u0113m.","breadcrumb":{"@id":"https:\/\/videstehnika.lv\/et\/katalogs\/puiduhake-okosoojenduseks\/hunton-silencio-thermo-skanu-izolejosas-siltas-gridas\/#breadcrumb"},"inLanguage":"et","potentialAction":[{"@type":"ReadAction","target":["https:\/\/videstehnika.lv\/et\/katalogs\/puiduhake-okosoojenduseks\/hunton-silencio-thermo-skanu-izolejosas-siltas-gridas\/"]}]},{"@type":"ImageObject","inLanguage":"et","@id":"https:\/\/videstehnika.lv\/et\/katalogs\/puiduhake-okosoojenduseks\/hunton-silencio-thermo-skanu-izolejosas-siltas-gridas\/#primaryimage","url":"https:\/\/videstehnika.lv\/wp-content\/uploads\/2023\/03\/silencio-thermo-1.jpg","contentUrl":"https:\/\/videstehnika.lv\/wp-content\/uploads\/2023\/03\/silencio-thermo-1.jpg","width":1200,"height":739},{"@type":"BreadcrumbList","@id":"https:\/\/videstehnika.lv\/et\/katalogs\/puiduhake-okosoojenduseks\/hunton-silencio-thermo-skanu-izolejosas-siltas-gridas\/#breadcrumb","itemListElement":[{"@type":"ListItem","position":1,"name":"Home","item":"https:\/\/videstehnika.lv\/et\/"},{"@type":"ListItem","position":2,"name":"Kataloog","item":"https:\/\/videstehnika.lv\/et\/kataloog\/"},{"@type":"ListItem","position":3,"name":"Hunton Silencio Thermo helikindlad soojad p\u00f5randad"}]},{"@type":"WebSite","@id":"https:\/\/videstehnika.lv\/et\/#website","url":"https:\/\/videstehnika.lv\/et\/","name":"Vides Tehnika","description":"","potentialAction":[{"@type":"SearchAction","target":{"@type":"EntryPoint","urlTemplate":"https:\/\/videstehnika.lv\/et\/?s={search_term_string}"},"query-input":{"@type":"PropertyValueSpecification","valueRequired":true,"valueName":"search_term_string"}}],"inLanguage":"et"}]}},"_links":{"self":[{"href":"https:\/\/videstehnika.lv\/et\/wp-json\/wp\/v2\/product\/30193","targetHints":{"allow":["GET"]}}],"collection":[{"href":"https:\/\/videstehnika.lv\/et\/wp-json\/wp\/v2\/product"}],"about":[{"href":"https:\/\/videstehnika.lv\/et\/wp-json\/wp\/v2\/types\/product"}],"wp:featuredmedia":[{"embeddable":true,"href":"https:\/\/videstehnika.lv\/et\/wp-json\/wp\/v2\/media\/29132"}],"wp:attachment":[{"href":"https:\/\/videstehnika.lv\/et\/wp-json\/wp\/v2\/media?parent=30193"}],"wp:term":[{"taxonomy":"product_cat","embeddable":true,"href":"https:\/\/videstehnika.lv\/et\/wp-json\/wp\/v2\/product_cat?post=30193"},{"taxonomy":"product_tag","embeddable":true,"href":"https:\/\/videstehnika.lv\/et\/wp-json\/wp\/v2\/product_tag?post=30193"}],"curies":[{"name":"wp","href":"https:\/\/api.w.org\/{rel}","templated":true}]}}