{"id":30209,"date":"2023-02-21T10:26:04","date_gmt":"2023-02-21T08:26:04","guid":{"rendered":"https:\/\/videstehnika.lv\/catalog\/maaratlemata\/bituma-impregneta-kokskiedras-pretveja-plaksne-hunton-windproof\/"},"modified":"2023-11-19T12:27:31","modified_gmt":"2023-11-19T10:27:31","slug":"bituma-impregneta-kokskiedras-pretveja-plaksne-hunton-windproof","status":"publish","type":"product","link":"https:\/\/videstehnika.lv\/et\/katalogs\/puiduhake-okosoojenduseks\/bituma-impregneta-kokskiedras-pretveja-plaksne-hunton-windproof\/","title":{"rendered":"Bituumeniga immutatud puitkiust tuulet\u00f5kkeplaat HUNTON Windproof"},"content":{"rendered":"<h2>Bituumeniga immutatud puitkiust tuulevastased plaadid HUNTON Windproof<\/h2>\n<p>HUNTONi immutatud pehmest puidukiust tuuleisolatsiooniplaadid on P\u00f5hja-Euroopas levinuim puitkiust tuuleisolatsioon alates 1970. aastatest.<\/p>\n<p>Materjal imab niiskust ja ei aita kaasa kondenseerumisele.<\/p>\n<p>Peale HUNTON tuulekindlate isolatsiooniplaatide paigaldamist v\u00f5ivad need vastavalt paigaldusjuhendile j\u00e4\u00e4da fassaadil kaitsmata, avatud atmosf\u00e4\u00e4ri sademetele kuni 6 kuud.<\/p>\n<p>HUNTON bituumeniga immutatud plaadid on valmistatud looduslikust puidukiust tihedusega +\/- 235 kg\/m3. Lisaks bituumenemulsiooni lisandile plaadi puitkiudmassis on plaadi v\u00e4lispind kujundatud spetsiaalse pinnakaitsekihina, mis kaitseb plaati \u00f5huniiskuse eest kuni ventileeritava fassaadi montaa\u017ei l\u00f5ppemiseni. Samuti v\u00f5imaldab plaadi kaitsekiht fassaadiviimistluses realiseerida kuni 20mm peensusega \u00f5hendatud laudu.<\/p>\n<h2>Tuulesuunajate eelised<\/h2>\n<ul>\n<li>\u2022 Sobib uusehituseks ja renoveerimiseks<br \/>\n\u2022 Kaitseb konstruktsiooni vee ja tuule eest, hingav plaat<br \/>\n\u2022 Loodud p\u00f5hjamaisesse kliimasse<br \/>\n\u2022 Sertifitseeritud vastavalt k\u00f5ige rangematele tuuleisolatsiooni ja heitgaaside n\u00f5uetele<br \/>\n\u2022 V\u00f5ib j\u00e4tta fassaadiviimistluseta kuni 6 kuuks<br \/>\n\u2022 Kerge kaal muudab kokkupaneku lihtsamaks<br \/>\n\u2022 V\u00e4lise kaitsekihiga tugevdatud plaat<br \/>\n\u2022 UV-kindel \u2013 lubatud kasutamine \u00f5hendatud laudisega viimistletud fassaadidel<\/li>\n<\/ul>\n<h3>Tuulevastaste plaatide pealekandmine<\/h3>\n<ul>\n<li>Tuulevastane Tuulevastane isolatsioonimaterjal fassaadidele \u2013 tuulet\u00f5kkesoojustusena kasutatav ka \u00f5hendatud viimistlusplaatide fassaadiviimistlusel maksimaalse vahega kuni 20mm viimistluslaudade vahel;<\/li>\n<li>Vastavalt tootja juhistele ja olemasolevale sertifikaadile v\u00f5ib plaati fassaadil atmosf\u00e4\u00e4ri m\u00f5juda kuni 6 kuud;<\/li>\n<li>Puhutud isolatsiooni paigaldamiseks saab kasutada 19mm ja 25mm paksuseid tuulekindlaid isolatsiooniplaate. plaadi pealekandmine<\/li>\n<\/ul>\n","protected":false},"excerpt":{"rendered":"<p>Cena nor\u0101d\u012bta par pl\u0101ksni<\/p>\n","protected":false},"featured_media":29116,"template":"","meta":{"_acf_changed":false},"product_cat":[5222,4259],"product_tag":[],"class_list":{"0":"post-30209","1":"product","2":"type-product","3":"status-publish","4":"has-post-thumbnail","6":"product_cat-siltumizolacijas-materiali-et","7":"product_cat-puiduhake-okosoojenduseks","9":"first","10":"instock","11":"featured","12":"taxable","13":"shipping-taxable","14":"purchasable","15":"product-type-variable"},"acf":[],"yoast_head":"<!-- This site is optimized with the Yoast SEO plugin v24.2 - https:\/\/yoast.com\/wordpress\/plugins\/seo\/ -->\n<title>Bituma impregn\u0113ta kok\u0161\u0137iedras pretv\u0113ja pl\u0101ksne &#8226; Vides Tehnika<\/title>\n<meta name=\"description\" content=\"Bituma impregn\u0113ta kok\u0161\u0137iedras pretv\u0113ja pl\u0101ksne ir efekt\u012bvs v\u0113ja aizturo\u0161s siltumizol\u0101cijas materi\u0101ls, kas piem\u0113rots da\u017e\u0101du konstrukciju siltin\u0101\u0161anai.\" \/>\n<meta name=\"robots\" content=\"index, follow, max-snippet:-1, max-image-preview:large, max-video-preview:-1\" \/>\n<link rel=\"canonical\" href=\"https:\/\/videstehnika.lv\/et\/katalogs\/puiduhake-okosoojenduseks\/bituma-impregneta-kokskiedras-pretveja-plaksne-hunton-windproof\/\" \/>\n<meta property=\"og:locale\" content=\"et_EE\" \/>\n<meta property=\"og:type\" content=\"article\" \/>\n<meta property=\"og:title\" content=\"Bituma impregn\u0113ta kok\u0161\u0137iedras pretv\u0113ja pl\u0101ksne &#8226; Vides Tehnika\" \/>\n<meta property=\"og:description\" content=\"Bituma impregn\u0113ta kok\u0161\u0137iedras pretv\u0113ja pl\u0101ksne ir efekt\u012bvs v\u0113ja aizturo\u0161s siltumizol\u0101cijas materi\u0101ls, kas piem\u0113rots da\u017e\u0101du konstrukciju siltin\u0101\u0161anai.\" \/>\n<meta property=\"og:url\" content=\"https:\/\/videstehnika.lv\/et\/katalogs\/puiduhake-okosoojenduseks\/bituma-impregneta-kokskiedras-pretveja-plaksne-hunton-windproof\/\" \/>\n<meta property=\"og:site_name\" content=\"Vides Tehnika\" \/>\n<meta property=\"article:modified_time\" content=\"2023-11-19T10:27:31+00:00\" \/>\n<meta property=\"og:image\" content=\"https:\/\/videstehnika.lv\/wp-content\/uploads\/2023\/02\/Hunton1.png\" \/>\n\t<meta property=\"og:image:width\" content=\"1003\" \/>\n\t<meta property=\"og:image:height\" content=\"666\" \/>\n\t<meta property=\"og:image:type\" content=\"image\/png\" \/>\n<meta name=\"twitter:card\" content=\"summary_large_image\" \/>\n<meta name=\"twitter:label1\" content=\"Est. reading time\" \/>\n\t<meta name=\"twitter:data1\" content=\"2 minutit\" \/>\n<script type=\"application\/ld+json\" class=\"yoast-schema-graph\">{\"@context\":\"https:\/\/schema.org\",\"@graph\":[{\"@type\":\"WebPage\",\"@id\":\"https:\/\/videstehnika.lv\/et\/katalogs\/puiduhake-okosoojenduseks\/bituma-impregneta-kokskiedras-pretveja-plaksne-hunton-windproof\/\",\"url\":\"https:\/\/videstehnika.lv\/et\/katalogs\/puiduhake-okosoojenduseks\/bituma-impregneta-kokskiedras-pretveja-plaksne-hunton-windproof\/\",\"name\":\"Bituma impregn\u0113ta kok\u0161\u0137iedras pretv\u0113ja pl\u0101ksne &#8226; Vides Tehnika\",\"isPartOf\":{\"@id\":\"https:\/\/videstehnika.lv\/et\/#website\"},\"primaryImageOfPage\":{\"@id\":\"https:\/\/videstehnika.lv\/et\/katalogs\/puiduhake-okosoojenduseks\/bituma-impregneta-kokskiedras-pretveja-plaksne-hunton-windproof\/#primaryimage\"},\"image\":{\"@id\":\"https:\/\/videstehnika.lv\/et\/katalogs\/puiduhake-okosoojenduseks\/bituma-impregneta-kokskiedras-pretveja-plaksne-hunton-windproof\/#primaryimage\"},\"thumbnailUrl\":\"https:\/\/videstehnika.lv\/wp-content\/uploads\/2023\/02\/Hunton1.png\",\"datePublished\":\"2023-02-21T08:26:04+00:00\",\"dateModified\":\"2023-11-19T10:27:31+00:00\",\"description\":\"Bituma impregn\u0113ta kok\u0161\u0137iedras pretv\u0113ja pl\u0101ksne ir efekt\u012bvs v\u0113ja aizturo\u0161s siltumizol\u0101cijas materi\u0101ls, kas piem\u0113rots da\u017e\u0101du konstrukciju siltin\u0101\u0161anai.\",\"breadcrumb\":{\"@id\":\"https:\/\/videstehnika.lv\/et\/katalogs\/puiduhake-okosoojenduseks\/bituma-impregneta-kokskiedras-pretveja-plaksne-hunton-windproof\/#breadcrumb\"},\"inLanguage\":\"et\",\"potentialAction\":[{\"@type\":\"ReadAction\",\"target\":[\"https:\/\/videstehnika.lv\/et\/katalogs\/puiduhake-okosoojenduseks\/bituma-impregneta-kokskiedras-pretveja-plaksne-hunton-windproof\/\"]}]},{\"@type\":\"ImageObject\",\"inLanguage\":\"et\",\"@id\":\"https:\/\/videstehnika.lv\/et\/katalogs\/puiduhake-okosoojenduseks\/bituma-impregneta-kokskiedras-pretveja-plaksne-hunton-windproof\/#primaryimage\",\"url\":\"https:\/\/videstehnika.lv\/wp-content\/uploads\/2023\/02\/Hunton1.png\",\"contentUrl\":\"https:\/\/videstehnika.lv\/wp-content\/uploads\/2023\/02\/Hunton1.png\",\"width\":1003,\"height\":666},{\"@type\":\"BreadcrumbList\",\"@id\":\"https:\/\/videstehnika.lv\/et\/katalogs\/puiduhake-okosoojenduseks\/bituma-impregneta-kokskiedras-pretveja-plaksne-hunton-windproof\/#breadcrumb\",\"itemListElement\":[{\"@type\":\"ListItem\",\"position\":1,\"name\":\"Home\",\"item\":\"https:\/\/videstehnika.lv\/et\/\"},{\"@type\":\"ListItem\",\"position\":2,\"name\":\"Kataloog\",\"item\":\"https:\/\/videstehnika.lv\/et\/kataloog\/\"},{\"@type\":\"ListItem\",\"position\":3,\"name\":\"Bituumeniga immutatud puitkiust tuulet\u00f5kkeplaat HUNTON Windproof\"}]},{\"@type\":\"WebSite\",\"@id\":\"https:\/\/videstehnika.lv\/et\/#website\",\"url\":\"https:\/\/videstehnika.lv\/et\/\",\"name\":\"Vides Tehnika\",\"description\":\"\",\"potentialAction\":[{\"@type\":\"SearchAction\",\"target\":{\"@type\":\"EntryPoint\",\"urlTemplate\":\"https:\/\/videstehnika.lv\/et\/?s={search_term_string}\"},\"query-input\":{\"@type\":\"PropertyValueSpecification\",\"valueRequired\":true,\"valueName\":\"search_term_string\"}}],\"inLanguage\":\"et\"}]}<\/script>\n<!-- \/ Yoast SEO plugin. -->","yoast_head_json":{"title":"Bituma impregn\u0113ta kok\u0161\u0137iedras pretv\u0113ja pl\u0101ksne &#8226; Vides Tehnika","description":"Bituma impregn\u0113ta kok\u0161\u0137iedras pretv\u0113ja pl\u0101ksne ir efekt\u012bvs v\u0113ja aizturo\u0161s siltumizol\u0101cijas materi\u0101ls, kas piem\u0113rots da\u017e\u0101du konstrukciju siltin\u0101\u0161anai.","robots":{"index":"index","follow":"follow","max-snippet":"max-snippet:-1","max-image-preview":"max-image-preview:large","max-video-preview":"max-video-preview:-1"},"canonical":"https:\/\/videstehnika.lv\/et\/katalogs\/puiduhake-okosoojenduseks\/bituma-impregneta-kokskiedras-pretveja-plaksne-hunton-windproof\/","og_locale":"et_EE","og_type":"article","og_title":"Bituma impregn\u0113ta kok\u0161\u0137iedras pretv\u0113ja pl\u0101ksne &#8226; Vides Tehnika","og_description":"Bituma impregn\u0113ta kok\u0161\u0137iedras pretv\u0113ja pl\u0101ksne ir efekt\u012bvs v\u0113ja aizturo\u0161s siltumizol\u0101cijas materi\u0101ls, kas piem\u0113rots da\u017e\u0101du konstrukciju siltin\u0101\u0161anai.","og_url":"https:\/\/videstehnika.lv\/et\/katalogs\/puiduhake-okosoojenduseks\/bituma-impregneta-kokskiedras-pretveja-plaksne-hunton-windproof\/","og_site_name":"Vides Tehnika","article_modified_time":"2023-11-19T10:27:31+00:00","og_image":[{"width":1003,"height":666,"url":"https:\/\/videstehnika.lv\/wp-content\/uploads\/2023\/02\/Hunton1.png","type":"image\/png"}],"twitter_card":"summary_large_image","twitter_misc":{"Est. reading time":"2 minutit"},"schema":{"@context":"https:\/\/schema.org","@graph":[{"@type":"WebPage","@id":"https:\/\/videstehnika.lv\/et\/katalogs\/puiduhake-okosoojenduseks\/bituma-impregneta-kokskiedras-pretveja-plaksne-hunton-windproof\/","url":"https:\/\/videstehnika.lv\/et\/katalogs\/puiduhake-okosoojenduseks\/bituma-impregneta-kokskiedras-pretveja-plaksne-hunton-windproof\/","name":"Bituma impregn\u0113ta kok\u0161\u0137iedras pretv\u0113ja pl\u0101ksne &#8226; Vides Tehnika","isPartOf":{"@id":"https:\/\/videstehnika.lv\/et\/#website"},"primaryImageOfPage":{"@id":"https:\/\/videstehnika.lv\/et\/katalogs\/puiduhake-okosoojenduseks\/bituma-impregneta-kokskiedras-pretveja-plaksne-hunton-windproof\/#primaryimage"},"image":{"@id":"https:\/\/videstehnika.lv\/et\/katalogs\/puiduhake-okosoojenduseks\/bituma-impregneta-kokskiedras-pretveja-plaksne-hunton-windproof\/#primaryimage"},"thumbnailUrl":"https:\/\/videstehnika.lv\/wp-content\/uploads\/2023\/02\/Hunton1.png","datePublished":"2023-02-21T08:26:04+00:00","dateModified":"2023-11-19T10:27:31+00:00","description":"Bituma impregn\u0113ta kok\u0161\u0137iedras pretv\u0113ja pl\u0101ksne ir efekt\u012bvs v\u0113ja aizturo\u0161s siltumizol\u0101cijas materi\u0101ls, kas piem\u0113rots da\u017e\u0101du konstrukciju siltin\u0101\u0161anai.","breadcrumb":{"@id":"https:\/\/videstehnika.lv\/et\/katalogs\/puiduhake-okosoojenduseks\/bituma-impregneta-kokskiedras-pretveja-plaksne-hunton-windproof\/#breadcrumb"},"inLanguage":"et","potentialAction":[{"@type":"ReadAction","target":["https:\/\/videstehnika.lv\/et\/katalogs\/puiduhake-okosoojenduseks\/bituma-impregneta-kokskiedras-pretveja-plaksne-hunton-windproof\/"]}]},{"@type":"ImageObject","inLanguage":"et","@id":"https:\/\/videstehnika.lv\/et\/katalogs\/puiduhake-okosoojenduseks\/bituma-impregneta-kokskiedras-pretveja-plaksne-hunton-windproof\/#primaryimage","url":"https:\/\/videstehnika.lv\/wp-content\/uploads\/2023\/02\/Hunton1.png","contentUrl":"https:\/\/videstehnika.lv\/wp-content\/uploads\/2023\/02\/Hunton1.png","width":1003,"height":666},{"@type":"BreadcrumbList","@id":"https:\/\/videstehnika.lv\/et\/katalogs\/puiduhake-okosoojenduseks\/bituma-impregneta-kokskiedras-pretveja-plaksne-hunton-windproof\/#breadcrumb","itemListElement":[{"@type":"ListItem","position":1,"name":"Home","item":"https:\/\/videstehnika.lv\/et\/"},{"@type":"ListItem","position":2,"name":"Kataloog","item":"https:\/\/videstehnika.lv\/et\/kataloog\/"},{"@type":"ListItem","position":3,"name":"Bituumeniga immutatud puitkiust tuulet\u00f5kkeplaat HUNTON Windproof"}]},{"@type":"WebSite","@id":"https:\/\/videstehnika.lv\/et\/#website","url":"https:\/\/videstehnika.lv\/et\/","name":"Vides Tehnika","description":"","potentialAction":[{"@type":"SearchAction","target":{"@type":"EntryPoint","urlTemplate":"https:\/\/videstehnika.lv\/et\/?s={search_term_string}"},"query-input":{"@type":"PropertyValueSpecification","valueRequired":true,"valueName":"search_term_string"}}],"inLanguage":"et"}]}},"_links":{"self":[{"href":"https:\/\/videstehnika.lv\/et\/wp-json\/wp\/v2\/product\/30209","targetHints":{"allow":["GET"]}}],"collection":[{"href":"https:\/\/videstehnika.lv\/et\/wp-json\/wp\/v2\/product"}],"about":[{"href":"https:\/\/videstehnika.lv\/et\/wp-json\/wp\/v2\/types\/product"}],"wp:featuredmedia":[{"embeddable":true,"href":"https:\/\/videstehnika.lv\/et\/wp-json\/wp\/v2\/media\/29116"}],"wp:attachment":[{"href":"https:\/\/videstehnika.lv\/et\/wp-json\/wp\/v2\/media?parent=30209"}],"wp:term":[{"taxonomy":"product_cat","embeddable":true,"href":"https:\/\/videstehnika.lv\/et\/wp-json\/wp\/v2\/product_cat?post=30209"},{"taxonomy":"product_tag","embeddable":true,"href":"https:\/\/videstehnika.lv\/et\/wp-json\/wp\/v2\/product_tag?post=30209"}],"curies":[{"name":"wp","href":"https:\/\/api.w.org\/{rel}","templated":true}]}}