{"id":30215,"date":"2023-02-17T13:02:12","date_gmt":"2023-02-17T11:02:12","guid":{"rendered":"https:\/\/videstehnika.lv\/catalog\/maaratlemata\/steico-flex-kokskiedras-vate-plaksnes\/"},"modified":"2023-11-19T12:29:48","modified_gmt":"2023-11-19T10:29:48","slug":"steico-flex-kokskiedras-vate-plaksnes","status":"publish","type":"product","link":"https:\/\/videstehnika.lv\/et\/katalogs\/puit-puuvill-okoloogiline-soojusisolatsioonimaterjal\/steico-flex-kokskiedras-vate-plaksnes\/","title":{"rendered":"STEICO Flex  Laudades puitkiudvill"},"content":{"rendered":"<h2>Laudades puitkiudvill &#8220;STEICO Flex&#8221;<\/h2>\n<p>STEICO Flex plaatide puitkiudvill on \u00f6koloogiline soojusisolatsioonimaterjal. See on m\u00f5eldud erinevate tahkete ja plaatt\u00fc\u00fcpi soojusisolatsioonimaterjalide vaheliste t\u00fchimike ja vuukide t\u00e4itmiseks. Sobib konstruktsioonielementidele, tagades t\u00e4iusliku ja pideva soojusisolatsioonikihi.<\/p>\n<p>STEICO Flexi kinnistamisel t\u00e4idetakse k\u00f5ik soojusisolatsioonikihi n\u00f5rgad kohad &#8211; praod, vuugid ja \u00f5mblused. Ruumidesse tuleb meeldiv mikrokliima ja pikeneb hoone kasutusiga.<\/p>\n<h2><strong>STEICO Flex eeliseid<\/strong><\/h2>\n<ul>\n<li>\u00d6koloogiliselt puhas, keskkonna- ja inims\u00f5bralik materjal;<\/li>\n<li>Suurep\u00e4rane soojusisolatsiooniv\u00f5ime;<\/li>\n<li>heliisolatsioon;<\/li>\n<li>k\u00f5rge auru neeldumisv\u00f5ime;<\/li>\n<li>Niiskuse reguleerimine ruumides;<\/li>\n<li>Tervislik mikrokliima;<\/li>\n<li>hubane keskkond;<\/li>\n<li>Suurep\u00e4rased difusiooniv\u00f5imed;<\/li>\n<li>Antiallergiline materjal.<\/li>\n<\/ul>\n<h3><strong>STEICO Flex rakendus<\/strong><\/h3>\n<ul>\n<li>katus;<\/li>\n<li>Seinad;<\/li>\n<li>Lagi;<\/li>\n<li>P\u00f5randad.<\/li>\n<\/ul>\n<p>&nbsp;<\/p>\n","protected":false},"excerpt":{"rendered":"<p>Cena nor\u0101d\u012bta par paku<\/p>\n","protected":false},"featured_media":64659,"template":"","meta":{"_acf_changed":false},"product_cat":[5222,4260],"product_tag":[],"class_list":{"0":"post-30215","1":"product","2":"type-product","3":"status-publish","4":"has-post-thumbnail","6":"product_cat-siltumizolacijas-materiali-et","7":"product_cat-puit-puuvill-okoloogiline-soojusisolatsioonimaterjal","9":"first","10":"instock","11":"featured","12":"taxable","13":"shipping-taxable","14":"purchasable","15":"product-type-variable"},"acf":[],"yoast_head":"<!-- This site is optimized with the Yoast SEO plugin v24.2 - https:\/\/yoast.com\/wordpress\/plugins\/seo\/ -->\n<title>Kok\u0161\u0137iedras vate pl\u0101ksn\u0113s STEICO Flex &#8226; Vides Tehnika<\/title>\n<meta name=\"description\" content=\"Kok\u0161\u0137iedras vate pl\u0101ksn\u0113s STEICO Flex ir ekolo\u0123isks siltumizol\u0101cijas materi\u0101ls, kas paredz\u0113ts spraugu un salaiduma vietu aizpild\u012b\u0161anai.\" \/>\n<meta name=\"robots\" content=\"index, follow, max-snippet:-1, max-image-preview:large, max-video-preview:-1\" \/>\n<link rel=\"canonical\" href=\"https:\/\/videstehnika.lv\/et\/katalogs\/puit-puuvill-okoloogiline-soojusisolatsioonimaterjal\/steico-flex-kokskiedras-vate-plaksnes\/\" \/>\n<meta property=\"og:locale\" content=\"et_EE\" \/>\n<meta property=\"og:type\" content=\"article\" \/>\n<meta property=\"og:title\" content=\"Kok\u0161\u0137iedras vate pl\u0101ksn\u0113s STEICO Flex &#8226; Vides Tehnika\" \/>\n<meta property=\"og:description\" content=\"Kok\u0161\u0137iedras vate pl\u0101ksn\u0113s STEICO Flex ir ekolo\u0123isks siltumizol\u0101cijas materi\u0101ls, kas paredz\u0113ts spraugu un salaiduma vietu aizpild\u012b\u0161anai.\" \/>\n<meta property=\"og:url\" content=\"https:\/\/videstehnika.lv\/et\/katalogs\/puit-puuvill-okoloogiline-soojusisolatsioonimaterjal\/steico-flex-kokskiedras-vate-plaksnes\/\" \/>\n<meta property=\"og:site_name\" content=\"Vides Tehnika\" \/>\n<meta property=\"article:modified_time\" content=\"2023-11-19T10:29:48+00:00\" \/>\n<meta property=\"og:image\" content=\"https:\/\/videstehnika.lv\/wp-content\/uploads\/2020\/07\/vides-tehnika-steico-flex.jpg\" \/>\n\t<meta property=\"og:image:width\" content=\"900\" \/>\n\t<meta property=\"og:image:height\" content=\"900\" \/>\n\t<meta property=\"og:image:type\" content=\"image\/jpeg\" \/>\n<meta name=\"twitter:card\" content=\"summary_large_image\" \/>\n<meta name=\"twitter:label1\" content=\"Est. reading time\" \/>\n\t<meta name=\"twitter:data1\" content=\"1 minut\" \/>\n<script type=\"application\/ld+json\" class=\"yoast-schema-graph\">{\"@context\":\"https:\/\/schema.org\",\"@graph\":[{\"@type\":\"WebPage\",\"@id\":\"https:\/\/videstehnika.lv\/et\/katalogs\/puit-puuvill-okoloogiline-soojusisolatsioonimaterjal\/steico-flex-kokskiedras-vate-plaksnes\/\",\"url\":\"https:\/\/videstehnika.lv\/et\/katalogs\/puit-puuvill-okoloogiline-soojusisolatsioonimaterjal\/steico-flex-kokskiedras-vate-plaksnes\/\",\"name\":\"Kok\u0161\u0137iedras vate pl\u0101ksn\u0113s STEICO Flex &#8226; Vides Tehnika\",\"isPartOf\":{\"@id\":\"https:\/\/videstehnika.lv\/et\/#website\"},\"primaryImageOfPage\":{\"@id\":\"https:\/\/videstehnika.lv\/et\/katalogs\/puit-puuvill-okoloogiline-soojusisolatsioonimaterjal\/steico-flex-kokskiedras-vate-plaksnes\/#primaryimage\"},\"image\":{\"@id\":\"https:\/\/videstehnika.lv\/et\/katalogs\/puit-puuvill-okoloogiline-soojusisolatsioonimaterjal\/steico-flex-kokskiedras-vate-plaksnes\/#primaryimage\"},\"thumbnailUrl\":\"https:\/\/videstehnika.lv\/wp-content\/uploads\/2023\/02\/WhatsApp-Image-2025-06-04-at-21.20.45-5.jpeg\",\"datePublished\":\"2023-02-17T11:02:12+00:00\",\"dateModified\":\"2023-11-19T10:29:48+00:00\",\"description\":\"Kok\u0161\u0137iedras vate pl\u0101ksn\u0113s STEICO Flex ir ekolo\u0123isks siltumizol\u0101cijas materi\u0101ls, kas paredz\u0113ts spraugu un salaiduma vietu aizpild\u012b\u0161anai.\",\"breadcrumb\":{\"@id\":\"https:\/\/videstehnika.lv\/et\/katalogs\/puit-puuvill-okoloogiline-soojusisolatsioonimaterjal\/steico-flex-kokskiedras-vate-plaksnes\/#breadcrumb\"},\"inLanguage\":\"et\",\"potentialAction\":[{\"@type\":\"ReadAction\",\"target\":[\"https:\/\/videstehnika.lv\/et\/katalogs\/puit-puuvill-okoloogiline-soojusisolatsioonimaterjal\/steico-flex-kokskiedras-vate-plaksnes\/\"]}]},{\"@type\":\"ImageObject\",\"inLanguage\":\"et\",\"@id\":\"https:\/\/videstehnika.lv\/et\/katalogs\/puit-puuvill-okoloogiline-soojusisolatsioonimaterjal\/steico-flex-kokskiedras-vate-plaksnes\/#primaryimage\",\"url\":\"https:\/\/videstehnika.lv\/wp-content\/uploads\/2023\/02\/WhatsApp-Image-2025-06-04-at-21.20.45-5.jpeg\",\"contentUrl\":\"https:\/\/videstehnika.lv\/wp-content\/uploads\/2023\/02\/WhatsApp-Image-2025-06-04-at-21.20.45-5.jpeg\",\"width\":1280,\"height\":720},{\"@type\":\"BreadcrumbList\",\"@id\":\"https:\/\/videstehnika.lv\/et\/katalogs\/puit-puuvill-okoloogiline-soojusisolatsioonimaterjal\/steico-flex-kokskiedras-vate-plaksnes\/#breadcrumb\",\"itemListElement\":[{\"@type\":\"ListItem\",\"position\":1,\"name\":\"Home\",\"item\":\"https:\/\/videstehnika.lv\/et\/\"},{\"@type\":\"ListItem\",\"position\":2,\"name\":\"Kataloog\",\"item\":\"https:\/\/videstehnika.lv\/et\/kataloog\/\"},{\"@type\":\"ListItem\",\"position\":3,\"name\":\"STEICO Flex Laudades puitkiudvill\"}]},{\"@type\":\"WebSite\",\"@id\":\"https:\/\/videstehnika.lv\/et\/#website\",\"url\":\"https:\/\/videstehnika.lv\/et\/\",\"name\":\"Vides Tehnika\",\"description\":\"\",\"potentialAction\":[{\"@type\":\"SearchAction\",\"target\":{\"@type\":\"EntryPoint\",\"urlTemplate\":\"https:\/\/videstehnika.lv\/et\/?s={search_term_string}\"},\"query-input\":{\"@type\":\"PropertyValueSpecification\",\"valueRequired\":true,\"valueName\":\"search_term_string\"}}],\"inLanguage\":\"et\"}]}<\/script>\n<!-- \/ Yoast SEO plugin. -->","yoast_head_json":{"title":"Kok\u0161\u0137iedras vate pl\u0101ksn\u0113s STEICO Flex &#8226; Vides Tehnika","description":"Kok\u0161\u0137iedras vate pl\u0101ksn\u0113s STEICO Flex ir ekolo\u0123isks siltumizol\u0101cijas materi\u0101ls, kas paredz\u0113ts spraugu un salaiduma vietu aizpild\u012b\u0161anai.","robots":{"index":"index","follow":"follow","max-snippet":"max-snippet:-1","max-image-preview":"max-image-preview:large","max-video-preview":"max-video-preview:-1"},"canonical":"https:\/\/videstehnika.lv\/et\/katalogs\/puit-puuvill-okoloogiline-soojusisolatsioonimaterjal\/steico-flex-kokskiedras-vate-plaksnes\/","og_locale":"et_EE","og_type":"article","og_title":"Kok\u0161\u0137iedras vate pl\u0101ksn\u0113s STEICO Flex &#8226; Vides Tehnika","og_description":"Kok\u0161\u0137iedras vate pl\u0101ksn\u0113s STEICO Flex ir ekolo\u0123isks siltumizol\u0101cijas materi\u0101ls, kas paredz\u0113ts spraugu un salaiduma vietu aizpild\u012b\u0161anai.","og_url":"https:\/\/videstehnika.lv\/et\/katalogs\/puit-puuvill-okoloogiline-soojusisolatsioonimaterjal\/steico-flex-kokskiedras-vate-plaksnes\/","og_site_name":"Vides Tehnika","article_modified_time":"2023-11-19T10:29:48+00:00","og_image":[{"width":900,"height":900,"url":"https:\/\/videstehnika.lv\/wp-content\/uploads\/2020\/07\/vides-tehnika-steico-flex.jpg","type":"image\/jpeg"}],"twitter_card":"summary_large_image","twitter_misc":{"Est. reading time":"1 minut"},"schema":{"@context":"https:\/\/schema.org","@graph":[{"@type":"WebPage","@id":"https:\/\/videstehnika.lv\/et\/katalogs\/puit-puuvill-okoloogiline-soojusisolatsioonimaterjal\/steico-flex-kokskiedras-vate-plaksnes\/","url":"https:\/\/videstehnika.lv\/et\/katalogs\/puit-puuvill-okoloogiline-soojusisolatsioonimaterjal\/steico-flex-kokskiedras-vate-plaksnes\/","name":"Kok\u0161\u0137iedras vate pl\u0101ksn\u0113s STEICO Flex &#8226; Vides Tehnika","isPartOf":{"@id":"https:\/\/videstehnika.lv\/et\/#website"},"primaryImageOfPage":{"@id":"https:\/\/videstehnika.lv\/et\/katalogs\/puit-puuvill-okoloogiline-soojusisolatsioonimaterjal\/steico-flex-kokskiedras-vate-plaksnes\/#primaryimage"},"image":{"@id":"https:\/\/videstehnika.lv\/et\/katalogs\/puit-puuvill-okoloogiline-soojusisolatsioonimaterjal\/steico-flex-kokskiedras-vate-plaksnes\/#primaryimage"},"thumbnailUrl":"https:\/\/videstehnika.lv\/wp-content\/uploads\/2023\/02\/WhatsApp-Image-2025-06-04-at-21.20.45-5.jpeg","datePublished":"2023-02-17T11:02:12+00:00","dateModified":"2023-11-19T10:29:48+00:00","description":"Kok\u0161\u0137iedras vate pl\u0101ksn\u0113s STEICO Flex ir ekolo\u0123isks siltumizol\u0101cijas materi\u0101ls, kas paredz\u0113ts spraugu un salaiduma vietu aizpild\u012b\u0161anai.","breadcrumb":{"@id":"https:\/\/videstehnika.lv\/et\/katalogs\/puit-puuvill-okoloogiline-soojusisolatsioonimaterjal\/steico-flex-kokskiedras-vate-plaksnes\/#breadcrumb"},"inLanguage":"et","potentialAction":[{"@type":"ReadAction","target":["https:\/\/videstehnika.lv\/et\/katalogs\/puit-puuvill-okoloogiline-soojusisolatsioonimaterjal\/steico-flex-kokskiedras-vate-plaksnes\/"]}]},{"@type":"ImageObject","inLanguage":"et","@id":"https:\/\/videstehnika.lv\/et\/katalogs\/puit-puuvill-okoloogiline-soojusisolatsioonimaterjal\/steico-flex-kokskiedras-vate-plaksnes\/#primaryimage","url":"https:\/\/videstehnika.lv\/wp-content\/uploads\/2023\/02\/WhatsApp-Image-2025-06-04-at-21.20.45-5.jpeg","contentUrl":"https:\/\/videstehnika.lv\/wp-content\/uploads\/2023\/02\/WhatsApp-Image-2025-06-04-at-21.20.45-5.jpeg","width":1280,"height":720},{"@type":"BreadcrumbList","@id":"https:\/\/videstehnika.lv\/et\/katalogs\/puit-puuvill-okoloogiline-soojusisolatsioonimaterjal\/steico-flex-kokskiedras-vate-plaksnes\/#breadcrumb","itemListElement":[{"@type":"ListItem","position":1,"name":"Home","item":"https:\/\/videstehnika.lv\/et\/"},{"@type":"ListItem","position":2,"name":"Kataloog","item":"https:\/\/videstehnika.lv\/et\/kataloog\/"},{"@type":"ListItem","position":3,"name":"STEICO Flex Laudades puitkiudvill"}]},{"@type":"WebSite","@id":"https:\/\/videstehnika.lv\/et\/#website","url":"https:\/\/videstehnika.lv\/et\/","name":"Vides Tehnika","description":"","potentialAction":[{"@type":"SearchAction","target":{"@type":"EntryPoint","urlTemplate":"https:\/\/videstehnika.lv\/et\/?s={search_term_string}"},"query-input":{"@type":"PropertyValueSpecification","valueRequired":true,"valueName":"search_term_string"}}],"inLanguage":"et"}]}},"_links":{"self":[{"href":"https:\/\/videstehnika.lv\/et\/wp-json\/wp\/v2\/product\/30215","targetHints":{"allow":["GET"]}}],"collection":[{"href":"https:\/\/videstehnika.lv\/et\/wp-json\/wp\/v2\/product"}],"about":[{"href":"https:\/\/videstehnika.lv\/et\/wp-json\/wp\/v2\/types\/product"}],"wp:featuredmedia":[{"embeddable":true,"href":"https:\/\/videstehnika.lv\/et\/wp-json\/wp\/v2\/media\/64659"}],"wp:attachment":[{"href":"https:\/\/videstehnika.lv\/et\/wp-json\/wp\/v2\/media?parent=30215"}],"wp:term":[{"taxonomy":"product_cat","embeddable":true,"href":"https:\/\/videstehnika.lv\/et\/wp-json\/wp\/v2\/product_cat?post=30215"},{"taxonomy":"product_tag","embeddable":true,"href":"https:\/\/videstehnika.lv\/et\/wp-json\/wp\/v2\/product_tag?post=30215"}],"curies":[{"name":"wp","href":"https:\/\/api.w.org\/{rel}","templated":true}]}}