{"id":30257,"date":"2022-10-03T14:22:13","date_gmt":"2022-10-03T11:22:13","guid":{"rendered":"https:\/\/videstehnika.lv\/catalog\/maaratlemata\/ekovate-isocell-12-5kg\/"},"modified":"2023-11-19T12:39:33","modified_gmt":"2023-11-19T10:39:33","slug":"ekovate-isocell-12-5kg","status":"publish","type":"product","link":"https:\/\/videstehnika.lv\/et\/katalogs\/ekovate-okoloogiline-soojendav-materjal\/ekovate-isocell-12-5kg\/","title":{"rendered":"Ekovate ISOCELL 12.5kg"},"content":{"rendered":"<h2>Ekovate &#8220;ISOCELL&#8221;<\/h2>\n<p>Ekovate &#8220;ISOCELL&#8221; saadakse tsellulooskiust. Tegemist on lahtise, kerge, keskkonna- ja inims\u00f5braliku soojusisolatsiooniga, mis kestab \u00fcle 50 aasta. ISOCELL ekovate on tule- ja k\u00f5rge temperatuurikindel, ei hallita ega moodusta kondensaati \u2013 &#8220;hingav&#8221; soojusisolatsioonimaterjal. Sellel \u00f6kovillal pole mitte ainult k\u00f5rge soojusjuhtivus, vaid ka t\u00f5hus heliisolatsioon.<\/p>\n<h2>Ekovates eeliseid:<\/h2>\n<ul>\n<li>ainulaadne toode;<\/li>\n<li>\u00d6koloogiline;<\/li>\n<li>Tulekindel;<\/li>\n<li>Kaitseb struktuure;<\/li>\n<li>Suurep\u00e4rane heliisolatsioon;<\/li>\n<li>Kerge ja kauakestev.<\/li>\n<\/ul>\n<h3>ISOCELL rakendus:<\/h3>\n<ul>\n<li>P\u00f6\u00f6ning puit- ja raudbetoonist vahelaega;<\/li>\n<li>P\u00f5randad;<\/li>\n<li>V\u00e4lisseinad;<\/li>\n<li>viilkatused;<\/li>\n<li>Elamute ja l\u00f5petamata majade sisevaheseinad;<\/li>\n<li>Vanade majade soojusisolatsiooni renoveerimiseks.<\/li>\n<\/ul>\n<p>&nbsp;<\/p>\n","protected":false},"excerpt":{"rendered":"<p>Ekovate &#8220;ISOCELL&#8221; Ekovate &#8220;ISOCELL&#8221; saadakse tsellulooskiust. Tegemist on lahtise, kerge, keskkonna- ja inims\u00f5braliku soojusisolatsiooniga, mis kestab \u00fcle 50 aasta. ISOCELL<\/p>\n","protected":false},"featured_media":28927,"template":"","meta":{"_acf_changed":false},"product_cat":[5222,4256],"product_tag":[],"class_list":{"0":"post-30257","1":"product","2":"type-product","3":"status-publish","4":"has-post-thumbnail","6":"product_cat-siltumizolacijas-materiali-et","7":"product_cat-berama-villa-ehituseks-soojendamiseks","9":"first","10":"instock","11":"taxable","12":"shipping-taxable","13":"purchasable","14":"product-type-simple"},"acf":[],"yoast_head":"<!-- This site is optimized with the Yoast SEO plugin v24.2 - https:\/\/yoast.com\/wordpress\/plugins\/seo\/ -->\n<title>Ekovate ISOCELL 12.5kg &#8226; Vides Tehnika<\/title>\n<meta name=\"description\" content=\"Celulozes \u0161\u0137iedras ekovate &quot;Green Pulp&quot;. T\u0101 ir irdena, viegla, videi un cilv\u0113kam draudz\u012bga siltumizol\u0101cija, kas kalpos vair\u0101k nek\u0101 50 gadus.\" \/>\n<meta name=\"robots\" content=\"index, follow, max-snippet:-1, max-image-preview:large, max-video-preview:-1\" \/>\n<link rel=\"canonical\" href=\"https:\/\/videstehnika.lv\/et\/katalogs\/ekovate-okoloogiline-soojendav-materjal\/ekovate-isocell-12-5kg\/\" \/>\n<meta property=\"og:locale\" content=\"et_EE\" \/>\n<meta property=\"og:type\" content=\"article\" \/>\n<meta property=\"og:title\" content=\"Ekovate ISOCELL 12.5kg &#8226; Vides Tehnika\" \/>\n<meta property=\"og:description\" content=\"Celulozes \u0161\u0137iedras ekovate &quot;Green Pulp&quot;. T\u0101 ir irdena, viegla, videi un cilv\u0113kam draudz\u012bga siltumizol\u0101cija, kas kalpos vair\u0101k nek\u0101 50 gadus.\" \/>\n<meta property=\"og:url\" content=\"https:\/\/videstehnika.lv\/et\/katalogs\/ekovate-okoloogiline-soojendav-materjal\/ekovate-isocell-12-5kg\/\" \/>\n<meta property=\"og:site_name\" content=\"Vides Tehnika\" \/>\n<meta property=\"article:modified_time\" content=\"2023-11-19T10:39:33+00:00\" \/>\n<meta property=\"og:image\" content=\"https:\/\/videstehnika.lv\/wp-content\/uploads\/2022\/10\/iscell.png\" \/>\n\t<meta property=\"og:image:width\" content=\"691\" \/>\n\t<meta property=\"og:image:height\" content=\"684\" \/>\n\t<meta property=\"og:image:type\" content=\"image\/png\" \/>\n<meta name=\"twitter:card\" content=\"summary_large_image\" \/>\n<meta name=\"twitter:label1\" content=\"Est. reading time\" \/>\n\t<meta name=\"twitter:data1\" content=\"1 minut\" \/>\n<script type=\"application\/ld+json\" class=\"yoast-schema-graph\">{\"@context\":\"https:\/\/schema.org\",\"@graph\":[{\"@type\":\"WebPage\",\"@id\":\"https:\/\/videstehnika.lv\/et\/katalogs\/ekovate-okoloogiline-soojendav-materjal\/ekovate-isocell-12-5kg\/\",\"url\":\"https:\/\/videstehnika.lv\/et\/katalogs\/ekovate-okoloogiline-soojendav-materjal\/ekovate-isocell-12-5kg\/\",\"name\":\"Ekovate ISOCELL 12.5kg &#8226; Vides Tehnika\",\"isPartOf\":{\"@id\":\"https:\/\/videstehnika.lv\/et\/#website\"},\"primaryImageOfPage\":{\"@id\":\"https:\/\/videstehnika.lv\/et\/katalogs\/ekovate-okoloogiline-soojendav-materjal\/ekovate-isocell-12-5kg\/#primaryimage\"},\"image\":{\"@id\":\"https:\/\/videstehnika.lv\/et\/katalogs\/ekovate-okoloogiline-soojendav-materjal\/ekovate-isocell-12-5kg\/#primaryimage\"},\"thumbnailUrl\":\"https:\/\/videstehnika.lv\/wp-content\/uploads\/2022\/10\/iscell.png\",\"datePublished\":\"2022-10-03T11:22:13+00:00\",\"dateModified\":\"2023-11-19T10:39:33+00:00\",\"description\":\"Celulozes \u0161\u0137iedras ekovate \\\"Green Pulp\\\". T\u0101 ir irdena, viegla, videi un cilv\u0113kam draudz\u012bga siltumizol\u0101cija, kas kalpos vair\u0101k nek\u0101 50 gadus.\",\"breadcrumb\":{\"@id\":\"https:\/\/videstehnika.lv\/et\/katalogs\/ekovate-okoloogiline-soojendav-materjal\/ekovate-isocell-12-5kg\/#breadcrumb\"},\"inLanguage\":\"et\",\"potentialAction\":[{\"@type\":\"ReadAction\",\"target\":[\"https:\/\/videstehnika.lv\/et\/katalogs\/ekovate-okoloogiline-soojendav-materjal\/ekovate-isocell-12-5kg\/\"]}]},{\"@type\":\"ImageObject\",\"inLanguage\":\"et\",\"@id\":\"https:\/\/videstehnika.lv\/et\/katalogs\/ekovate-okoloogiline-soojendav-materjal\/ekovate-isocell-12-5kg\/#primaryimage\",\"url\":\"https:\/\/videstehnika.lv\/wp-content\/uploads\/2022\/10\/iscell.png\",\"contentUrl\":\"https:\/\/videstehnika.lv\/wp-content\/uploads\/2022\/10\/iscell.png\",\"width\":691,\"height\":684},{\"@type\":\"BreadcrumbList\",\"@id\":\"https:\/\/videstehnika.lv\/et\/katalogs\/ekovate-okoloogiline-soojendav-materjal\/ekovate-isocell-12-5kg\/#breadcrumb\",\"itemListElement\":[{\"@type\":\"ListItem\",\"position\":1,\"name\":\"Home\",\"item\":\"https:\/\/videstehnika.lv\/et\/\"},{\"@type\":\"ListItem\",\"position\":2,\"name\":\"Kataloog\",\"item\":\"https:\/\/videstehnika.lv\/et\/kataloog\/\"},{\"@type\":\"ListItem\",\"position\":3,\"name\":\"Ekovate ISOCELL 12.5kg\"}]},{\"@type\":\"WebSite\",\"@id\":\"https:\/\/videstehnika.lv\/et\/#website\",\"url\":\"https:\/\/videstehnika.lv\/et\/\",\"name\":\"Vides Tehnika\",\"description\":\"\",\"potentialAction\":[{\"@type\":\"SearchAction\",\"target\":{\"@type\":\"EntryPoint\",\"urlTemplate\":\"https:\/\/videstehnika.lv\/et\/?s={search_term_string}\"},\"query-input\":{\"@type\":\"PropertyValueSpecification\",\"valueRequired\":true,\"valueName\":\"search_term_string\"}}],\"inLanguage\":\"et\"}]}<\/script>\n<!-- \/ Yoast SEO plugin. -->","yoast_head_json":{"title":"Ekovate ISOCELL 12.5kg &#8226; Vides Tehnika","description":"Celulozes \u0161\u0137iedras ekovate \"Green Pulp\". T\u0101 ir irdena, viegla, videi un cilv\u0113kam draudz\u012bga siltumizol\u0101cija, kas kalpos vair\u0101k nek\u0101 50 gadus.","robots":{"index":"index","follow":"follow","max-snippet":"max-snippet:-1","max-image-preview":"max-image-preview:large","max-video-preview":"max-video-preview:-1"},"canonical":"https:\/\/videstehnika.lv\/et\/katalogs\/ekovate-okoloogiline-soojendav-materjal\/ekovate-isocell-12-5kg\/","og_locale":"et_EE","og_type":"article","og_title":"Ekovate ISOCELL 12.5kg &#8226; Vides Tehnika","og_description":"Celulozes \u0161\u0137iedras ekovate \"Green Pulp\". T\u0101 ir irdena, viegla, videi un cilv\u0113kam draudz\u012bga siltumizol\u0101cija, kas kalpos vair\u0101k nek\u0101 50 gadus.","og_url":"https:\/\/videstehnika.lv\/et\/katalogs\/ekovate-okoloogiline-soojendav-materjal\/ekovate-isocell-12-5kg\/","og_site_name":"Vides Tehnika","article_modified_time":"2023-11-19T10:39:33+00:00","og_image":[{"width":691,"height":684,"url":"https:\/\/videstehnika.lv\/wp-content\/uploads\/2022\/10\/iscell.png","type":"image\/png"}],"twitter_card":"summary_large_image","twitter_misc":{"Est. reading time":"1 minut"},"schema":{"@context":"https:\/\/schema.org","@graph":[{"@type":"WebPage","@id":"https:\/\/videstehnika.lv\/et\/katalogs\/ekovate-okoloogiline-soojendav-materjal\/ekovate-isocell-12-5kg\/","url":"https:\/\/videstehnika.lv\/et\/katalogs\/ekovate-okoloogiline-soojendav-materjal\/ekovate-isocell-12-5kg\/","name":"Ekovate ISOCELL 12.5kg &#8226; Vides Tehnika","isPartOf":{"@id":"https:\/\/videstehnika.lv\/et\/#website"},"primaryImageOfPage":{"@id":"https:\/\/videstehnika.lv\/et\/katalogs\/ekovate-okoloogiline-soojendav-materjal\/ekovate-isocell-12-5kg\/#primaryimage"},"image":{"@id":"https:\/\/videstehnika.lv\/et\/katalogs\/ekovate-okoloogiline-soojendav-materjal\/ekovate-isocell-12-5kg\/#primaryimage"},"thumbnailUrl":"https:\/\/videstehnika.lv\/wp-content\/uploads\/2022\/10\/iscell.png","datePublished":"2022-10-03T11:22:13+00:00","dateModified":"2023-11-19T10:39:33+00:00","description":"Celulozes \u0161\u0137iedras ekovate \"Green Pulp\". T\u0101 ir irdena, viegla, videi un cilv\u0113kam draudz\u012bga siltumizol\u0101cija, kas kalpos vair\u0101k nek\u0101 50 gadus.","breadcrumb":{"@id":"https:\/\/videstehnika.lv\/et\/katalogs\/ekovate-okoloogiline-soojendav-materjal\/ekovate-isocell-12-5kg\/#breadcrumb"},"inLanguage":"et","potentialAction":[{"@type":"ReadAction","target":["https:\/\/videstehnika.lv\/et\/katalogs\/ekovate-okoloogiline-soojendav-materjal\/ekovate-isocell-12-5kg\/"]}]},{"@type":"ImageObject","inLanguage":"et","@id":"https:\/\/videstehnika.lv\/et\/katalogs\/ekovate-okoloogiline-soojendav-materjal\/ekovate-isocell-12-5kg\/#primaryimage","url":"https:\/\/videstehnika.lv\/wp-content\/uploads\/2022\/10\/iscell.png","contentUrl":"https:\/\/videstehnika.lv\/wp-content\/uploads\/2022\/10\/iscell.png","width":691,"height":684},{"@type":"BreadcrumbList","@id":"https:\/\/videstehnika.lv\/et\/katalogs\/ekovate-okoloogiline-soojendav-materjal\/ekovate-isocell-12-5kg\/#breadcrumb","itemListElement":[{"@type":"ListItem","position":1,"name":"Home","item":"https:\/\/videstehnika.lv\/et\/"},{"@type":"ListItem","position":2,"name":"Kataloog","item":"https:\/\/videstehnika.lv\/et\/kataloog\/"},{"@type":"ListItem","position":3,"name":"Ekovate ISOCELL 12.5kg"}]},{"@type":"WebSite","@id":"https:\/\/videstehnika.lv\/et\/#website","url":"https:\/\/videstehnika.lv\/et\/","name":"Vides Tehnika","description":"","potentialAction":[{"@type":"SearchAction","target":{"@type":"EntryPoint","urlTemplate":"https:\/\/videstehnika.lv\/et\/?s={search_term_string}"},"query-input":{"@type":"PropertyValueSpecification","valueRequired":true,"valueName":"search_term_string"}}],"inLanguage":"et"}]}},"_links":{"self":[{"href":"https:\/\/videstehnika.lv\/et\/wp-json\/wp\/v2\/product\/30257","targetHints":{"allow":["GET"]}}],"collection":[{"href":"https:\/\/videstehnika.lv\/et\/wp-json\/wp\/v2\/product"}],"about":[{"href":"https:\/\/videstehnika.lv\/et\/wp-json\/wp\/v2\/types\/product"}],"wp:featuredmedia":[{"embeddable":true,"href":"https:\/\/videstehnika.lv\/et\/wp-json\/wp\/v2\/media\/28927"}],"wp:attachment":[{"href":"https:\/\/videstehnika.lv\/et\/wp-json\/wp\/v2\/media?parent=30257"}],"wp:term":[{"taxonomy":"product_cat","embeddable":true,"href":"https:\/\/videstehnika.lv\/et\/wp-json\/wp\/v2\/product_cat?post=30257"},{"taxonomy":"product_tag","embeddable":true,"href":"https:\/\/videstehnika.lv\/et\/wp-json\/wp\/v2\/product_tag?post=30257"}],"curies":[{"name":"wp","href":"https:\/\/api.w.org\/{rel}","templated":true}]}}