{"id":30273,"date":"2021-03-09T11:49:55","date_gmt":"2021-03-09T09:49:55","guid":{"rendered":"https:\/\/videstehnika.lv\/catalog\/maaratlemata\/ekstrudetais-putuplasts-xps-carbon-prof-300\/"},"modified":"2023-11-19T12:45:12","modified_gmt":"2023-11-19T10:45:12","slug":"ekstrudetais-putuplasts-xps-carbon-prof-300","status":"publish","type":"product","link":"https:\/\/videstehnika.lv\/et\/katalogs\/vaht-soojusisolatsiooniks\/ekstrudetais-putuplasts-xps-carbon-prof-300\/","title":{"rendered":"Ekstrudeeritud vaht XPS Carbon PROF 300"},"content":{"rendered":"<h2>Ekstrudeeritud vaht XPS Carbon PROF 300<\/h2>\n<p>Ekstrudeeritud vaht XPS Carbon PROF 300 sobib korpuste isoleerimiseks. See pikendab oluliselt kogu isolatsioonis\u00fcsteemi kasutusiga.<\/p>\n<h2>Ekstrudeeritud vaht XPS Carbon PROF 300 rakendus:<\/h2>\n<ul>\n<li>Katuse soojustamiseks;<\/li>\n<li>Aluse soojendamiseks;<\/li>\n<li>P\u00f5randate soojendamiseks;<\/li>\n<li>Keldrite ja fassaadide \u00fclemiste vundamentide soojustamiseks.<\/li>\n<\/ul>\n","protected":false},"excerpt":{"rendered":"<p>Cena nor\u0101d\u012bta par paku<\/p>\n","protected":false},"featured_media":28545,"template":"","meta":{"_acf_changed":false},"product_cat":[4263],"product_tag":[],"class_list":{"0":"post-30273","1":"product","2":"type-product","3":"status-publish","4":"has-post-thumbnail","6":"product_cat-vaht-soojusisolatsiooniks","8":"first","9":"onbackorder","10":"taxable","11":"shipping-taxable","12":"purchasable","13":"product-type-variable"},"acf":[],"yoast_head":"<!-- This site is optimized with the Yoast SEO plugin v24.2 - https:\/\/yoast.com\/wordpress\/plugins\/seo\/ -->\n<title>Ekstrud\u0113tais putuplasts XPS Carbon PROF 300 &#8226; Vides Tehnika<\/title>\n<meta name=\"description\" content=\"Ekstrud\u0113tais putuplasts XPS Carbon PROF 300 piem\u0113rots norobe\u017eojo\u0161o konstrukciju siltin\u0101\u0161anai. Tas palielina izol\u0101cijas ekspluat\u0101cijas laiku.\" \/>\n<meta name=\"robots\" content=\"index, follow, max-snippet:-1, max-image-preview:large, max-video-preview:-1\" \/>\n<link rel=\"canonical\" href=\"https:\/\/videstehnika.lv\/et\/katalogs\/vaht-soojusisolatsiooniks\/ekstrudetais-putuplasts-xps-carbon-prof-300\/\" \/>\n<meta property=\"og:locale\" content=\"et_EE\" \/>\n<meta property=\"og:type\" content=\"article\" \/>\n<meta property=\"og:title\" content=\"Ekstrud\u0113tais putuplasts XPS Carbon PROF 300 &#8226; Vides Tehnika\" \/>\n<meta property=\"og:description\" content=\"Ekstrud\u0113tais putuplasts XPS Carbon PROF 300 piem\u0113rots norobe\u017eojo\u0161o konstrukciju siltin\u0101\u0161anai. Tas palielina izol\u0101cijas ekspluat\u0101cijas laiku.\" \/>\n<meta property=\"og:url\" content=\"https:\/\/videstehnika.lv\/et\/katalogs\/vaht-soojusisolatsiooniks\/ekstrudetais-putuplasts-xps-carbon-prof-300\/\" \/>\n<meta property=\"og:site_name\" content=\"Vides Tehnika\" \/>\n<meta property=\"article:modified_time\" content=\"2023-11-19T10:45:12+00:00\" \/>\n<meta property=\"og:image\" content=\"https:\/\/videstehnika.lv\/wp-content\/uploads\/2021\/03\/putuplasts-xps-carbon-prof-300-vides-tehnika.jpg\" \/>\n\t<meta property=\"og:image:width\" content=\"900\" \/>\n\t<meta property=\"og:image:height\" content=\"900\" \/>\n\t<meta property=\"og:image:type\" content=\"image\/jpeg\" \/>\n<meta name=\"twitter:card\" content=\"summary_large_image\" \/>\n<meta name=\"twitter:label1\" content=\"Est. reading time\" \/>\n\t<meta name=\"twitter:data1\" content=\"1 minut\" \/>\n<script type=\"application\/ld+json\" class=\"yoast-schema-graph\">{\"@context\":\"https:\/\/schema.org\",\"@graph\":[{\"@type\":\"WebPage\",\"@id\":\"https:\/\/videstehnika.lv\/et\/katalogs\/vaht-soojusisolatsiooniks\/ekstrudetais-putuplasts-xps-carbon-prof-300\/\",\"url\":\"https:\/\/videstehnika.lv\/et\/katalogs\/vaht-soojusisolatsiooniks\/ekstrudetais-putuplasts-xps-carbon-prof-300\/\",\"name\":\"Ekstrud\u0113tais putuplasts XPS Carbon PROF 300 &#8226; Vides Tehnika\",\"isPartOf\":{\"@id\":\"https:\/\/videstehnika.lv\/et\/#website\"},\"primaryImageOfPage\":{\"@id\":\"https:\/\/videstehnika.lv\/et\/katalogs\/vaht-soojusisolatsiooniks\/ekstrudetais-putuplasts-xps-carbon-prof-300\/#primaryimage\"},\"image\":{\"@id\":\"https:\/\/videstehnika.lv\/et\/katalogs\/vaht-soojusisolatsiooniks\/ekstrudetais-putuplasts-xps-carbon-prof-300\/#primaryimage\"},\"thumbnailUrl\":\"https:\/\/videstehnika.lv\/wp-content\/uploads\/2021\/03\/putuplasts-xps-carbon-prof-300-vides-tehnika.jpg\",\"datePublished\":\"2021-03-09T09:49:55+00:00\",\"dateModified\":\"2023-11-19T10:45:12+00:00\",\"description\":\"Ekstrud\u0113tais putuplasts XPS Carbon PROF 300 piem\u0113rots norobe\u017eojo\u0161o konstrukciju siltin\u0101\u0161anai. Tas palielina izol\u0101cijas ekspluat\u0101cijas laiku.\",\"breadcrumb\":{\"@id\":\"https:\/\/videstehnika.lv\/et\/katalogs\/vaht-soojusisolatsiooniks\/ekstrudetais-putuplasts-xps-carbon-prof-300\/#breadcrumb\"},\"inLanguage\":\"et\",\"potentialAction\":[{\"@type\":\"ReadAction\",\"target\":[\"https:\/\/videstehnika.lv\/et\/katalogs\/vaht-soojusisolatsiooniks\/ekstrudetais-putuplasts-xps-carbon-prof-300\/\"]}]},{\"@type\":\"ImageObject\",\"inLanguage\":\"et\",\"@id\":\"https:\/\/videstehnika.lv\/et\/katalogs\/vaht-soojusisolatsiooniks\/ekstrudetais-putuplasts-xps-carbon-prof-300\/#primaryimage\",\"url\":\"https:\/\/videstehnika.lv\/wp-content\/uploads\/2021\/03\/putuplasts-xps-carbon-prof-300-vides-tehnika.jpg\",\"contentUrl\":\"https:\/\/videstehnika.lv\/wp-content\/uploads\/2021\/03\/putuplasts-xps-carbon-prof-300-vides-tehnika.jpg\",\"width\":900,\"height\":900},{\"@type\":\"BreadcrumbList\",\"@id\":\"https:\/\/videstehnika.lv\/et\/katalogs\/vaht-soojusisolatsiooniks\/ekstrudetais-putuplasts-xps-carbon-prof-300\/#breadcrumb\",\"itemListElement\":[{\"@type\":\"ListItem\",\"position\":1,\"name\":\"Home\",\"item\":\"https:\/\/videstehnika.lv\/et\/\"},{\"@type\":\"ListItem\",\"position\":2,\"name\":\"Kataloog\",\"item\":\"https:\/\/videstehnika.lv\/et\/kataloog\/\"},{\"@type\":\"ListItem\",\"position\":3,\"name\":\"Ekstrudeeritud vaht XPS Carbon PROF 300\"}]},{\"@type\":\"WebSite\",\"@id\":\"https:\/\/videstehnika.lv\/et\/#website\",\"url\":\"https:\/\/videstehnika.lv\/et\/\",\"name\":\"Vides Tehnika\",\"description\":\"\",\"potentialAction\":[{\"@type\":\"SearchAction\",\"target\":{\"@type\":\"EntryPoint\",\"urlTemplate\":\"https:\/\/videstehnika.lv\/et\/?s={search_term_string}\"},\"query-input\":{\"@type\":\"PropertyValueSpecification\",\"valueRequired\":true,\"valueName\":\"search_term_string\"}}],\"inLanguage\":\"et\"}]}<\/script>\n<!-- \/ Yoast SEO plugin. -->","yoast_head_json":{"title":"Ekstrud\u0113tais putuplasts XPS Carbon PROF 300 &#8226; Vides Tehnika","description":"Ekstrud\u0113tais putuplasts XPS Carbon PROF 300 piem\u0113rots norobe\u017eojo\u0161o konstrukciju siltin\u0101\u0161anai. Tas palielina izol\u0101cijas ekspluat\u0101cijas laiku.","robots":{"index":"index","follow":"follow","max-snippet":"max-snippet:-1","max-image-preview":"max-image-preview:large","max-video-preview":"max-video-preview:-1"},"canonical":"https:\/\/videstehnika.lv\/et\/katalogs\/vaht-soojusisolatsiooniks\/ekstrudetais-putuplasts-xps-carbon-prof-300\/","og_locale":"et_EE","og_type":"article","og_title":"Ekstrud\u0113tais putuplasts XPS Carbon PROF 300 &#8226; Vides Tehnika","og_description":"Ekstrud\u0113tais putuplasts XPS Carbon PROF 300 piem\u0113rots norobe\u017eojo\u0161o konstrukciju siltin\u0101\u0161anai. Tas palielina izol\u0101cijas ekspluat\u0101cijas laiku.","og_url":"https:\/\/videstehnika.lv\/et\/katalogs\/vaht-soojusisolatsiooniks\/ekstrudetais-putuplasts-xps-carbon-prof-300\/","og_site_name":"Vides Tehnika","article_modified_time":"2023-11-19T10:45:12+00:00","og_image":[{"width":900,"height":900,"url":"https:\/\/videstehnika.lv\/wp-content\/uploads\/2021\/03\/putuplasts-xps-carbon-prof-300-vides-tehnika.jpg","type":"image\/jpeg"}],"twitter_card":"summary_large_image","twitter_misc":{"Est. reading time":"1 minut"},"schema":{"@context":"https:\/\/schema.org","@graph":[{"@type":"WebPage","@id":"https:\/\/videstehnika.lv\/et\/katalogs\/vaht-soojusisolatsiooniks\/ekstrudetais-putuplasts-xps-carbon-prof-300\/","url":"https:\/\/videstehnika.lv\/et\/katalogs\/vaht-soojusisolatsiooniks\/ekstrudetais-putuplasts-xps-carbon-prof-300\/","name":"Ekstrud\u0113tais putuplasts XPS Carbon PROF 300 &#8226; Vides Tehnika","isPartOf":{"@id":"https:\/\/videstehnika.lv\/et\/#website"},"primaryImageOfPage":{"@id":"https:\/\/videstehnika.lv\/et\/katalogs\/vaht-soojusisolatsiooniks\/ekstrudetais-putuplasts-xps-carbon-prof-300\/#primaryimage"},"image":{"@id":"https:\/\/videstehnika.lv\/et\/katalogs\/vaht-soojusisolatsiooniks\/ekstrudetais-putuplasts-xps-carbon-prof-300\/#primaryimage"},"thumbnailUrl":"https:\/\/videstehnika.lv\/wp-content\/uploads\/2021\/03\/putuplasts-xps-carbon-prof-300-vides-tehnika.jpg","datePublished":"2021-03-09T09:49:55+00:00","dateModified":"2023-11-19T10:45:12+00:00","description":"Ekstrud\u0113tais putuplasts XPS Carbon PROF 300 piem\u0113rots norobe\u017eojo\u0161o konstrukciju siltin\u0101\u0161anai. Tas palielina izol\u0101cijas ekspluat\u0101cijas laiku.","breadcrumb":{"@id":"https:\/\/videstehnika.lv\/et\/katalogs\/vaht-soojusisolatsiooniks\/ekstrudetais-putuplasts-xps-carbon-prof-300\/#breadcrumb"},"inLanguage":"et","potentialAction":[{"@type":"ReadAction","target":["https:\/\/videstehnika.lv\/et\/katalogs\/vaht-soojusisolatsiooniks\/ekstrudetais-putuplasts-xps-carbon-prof-300\/"]}]},{"@type":"ImageObject","inLanguage":"et","@id":"https:\/\/videstehnika.lv\/et\/katalogs\/vaht-soojusisolatsiooniks\/ekstrudetais-putuplasts-xps-carbon-prof-300\/#primaryimage","url":"https:\/\/videstehnika.lv\/wp-content\/uploads\/2021\/03\/putuplasts-xps-carbon-prof-300-vides-tehnika.jpg","contentUrl":"https:\/\/videstehnika.lv\/wp-content\/uploads\/2021\/03\/putuplasts-xps-carbon-prof-300-vides-tehnika.jpg","width":900,"height":900},{"@type":"BreadcrumbList","@id":"https:\/\/videstehnika.lv\/et\/katalogs\/vaht-soojusisolatsiooniks\/ekstrudetais-putuplasts-xps-carbon-prof-300\/#breadcrumb","itemListElement":[{"@type":"ListItem","position":1,"name":"Home","item":"https:\/\/videstehnika.lv\/et\/"},{"@type":"ListItem","position":2,"name":"Kataloog","item":"https:\/\/videstehnika.lv\/et\/kataloog\/"},{"@type":"ListItem","position":3,"name":"Ekstrudeeritud vaht XPS Carbon PROF 300"}]},{"@type":"WebSite","@id":"https:\/\/videstehnika.lv\/et\/#website","url":"https:\/\/videstehnika.lv\/et\/","name":"Vides Tehnika","description":"","potentialAction":[{"@type":"SearchAction","target":{"@type":"EntryPoint","urlTemplate":"https:\/\/videstehnika.lv\/et\/?s={search_term_string}"},"query-input":{"@type":"PropertyValueSpecification","valueRequired":true,"valueName":"search_term_string"}}],"inLanguage":"et"}]}},"_links":{"self":[{"href":"https:\/\/videstehnika.lv\/et\/wp-json\/wp\/v2\/product\/30273","targetHints":{"allow":["GET"]}}],"collection":[{"href":"https:\/\/videstehnika.lv\/et\/wp-json\/wp\/v2\/product"}],"about":[{"href":"https:\/\/videstehnika.lv\/et\/wp-json\/wp\/v2\/types\/product"}],"wp:featuredmedia":[{"embeddable":true,"href":"https:\/\/videstehnika.lv\/et\/wp-json\/wp\/v2\/media\/28545"}],"wp:attachment":[{"href":"https:\/\/videstehnika.lv\/et\/wp-json\/wp\/v2\/media?parent=30273"}],"wp:term":[{"taxonomy":"product_cat","embeddable":true,"href":"https:\/\/videstehnika.lv\/et\/wp-json\/wp\/v2\/product_cat?post=30273"},{"taxonomy":"product_tag","embeddable":true,"href":"https:\/\/videstehnika.lv\/et\/wp-json\/wp\/v2\/product_tag?post=30273"}],"curies":[{"name":"wp","href":"https:\/\/api.w.org\/{rel}","templated":true}]}}