{"id":30303,"date":"2020-10-14T11:16:43","date_gmt":"2020-10-14T08:16:43","guid":{"rendered":"https:\/\/videstehnika.lv\/catalog\/maaratlemata\/rockwool-granrock-super-berama-akmens-vate-20kg\/"},"modified":"2023-11-19T12:51:30","modified_gmt":"2023-11-19T10:51:30","slug":"rockwool-granrock-super-berama-akmens-vate-20kg","status":"publish","type":"product","link":"https:\/\/videstehnika.lv\/et\/katalogs\/berama-villa-ehituseks-soojendamiseks\/rockwool-granrock-super-berama-akmens-vate-20kg\/","title":{"rendered":"ROCKWOOL Granrock Super lahtine kivivill, 20kg"},"content":{"rendered":"<h2>Lahtine kivivill &#8220;GRANROCK SUPER&#8221;<\/h2>\n<p>Puhutud (lahtine) kivivill &#8220;GRANROCK SUPER&#8221; on mittes\u00fcttiv. See puistevill paigaldatakse ehitusplatsil mehaaniliselt. Ventileeritavate horisontaalkatete, varikatuste ja mittekasutatavate p\u00f6\u00f6ningute konstruktsioonide soojendamisel ulatub soojusisolatsiooni tihedus 30 kg\/m\u00b3 v\u00f5i 45 kg\/m\u00b3, kald- ja vertikaalsetes karkasskonstruktsioonides ning kolmekihilistes seintes aga soojusisolatsiooni tihedus. ulatub 60 kg\/m\u00b3.<\/p>\n<h2>&#8220;GRANROCK SUPER&#8221; omadused<\/h2>\n<ul>\n<li>T\u00e4idab suurep\u00e4raselt raskesti ligip\u00e4\u00e4setavad horisontaalsed ruumid kasutusk\u00f5lbmatutel p\u00f6\u00f6ningutel v\u00f5i viilkatustel;<\/li>\n<li>Puistevilla saab kasutada lae v\u00f5i isegi v\u00e4lisseina soojustamiseks;<\/li>\n<li>Beramo kivivilla saab puhuda kolme erineva tihedusega, mist\u00f5ttu saab soojustada mitte ainult horisontaalseid, vaid ka vertikaalseid konstruktsioone.<\/li>\n<li>Vajalik villa tihedus kasutusk\u00f5lbmatute p\u00f6\u00f6ninguruumide soojustamiseks on 30 ja 45 kg\/m3, kuid viilkatustel, t\u00f6\u00f6korras p\u00f6\u00f6ningutel, kolmekihilistel m\u00fc\u00fcritistel ja karkasseintel on tihedus 60 kg\/m3;<\/li>\n<li>Puistekivivill GRRANROCK SUPER on mittes\u00fcttiv.<\/li>\n<\/ul>\n<h3>&#8220;GRANROCK SUPER&#8221; rakendus<\/h3>\n<ul>\n<li>Kasutusk\u00f5lbmatutel p\u00f6\u00f6ningutel;<\/li>\n<li>Viilkatustel;<\/li>\n<li>Lagede ja v\u00e4lisseinte soojustamiseks;<\/li>\n<li>Horisontaalsete ja vertikaalsete konstruktsioonide soojusisolatsiooniks<\/li>\n<\/ul>\n","protected":false},"excerpt":{"rendered":"<p>Cena nor\u0101d\u012bta par maisu<\/p>\n","protected":false},"featured_media":28199,"template":"","meta":{"_acf_changed":false},"product_cat":[5222,4256],"product_tag":[],"class_list":{"0":"post-30303","1":"product","2":"type-product","3":"status-publish","4":"has-post-thumbnail","6":"product_cat-siltumizolacijas-materiali-et","7":"product_cat-berama-villa-ehituseks-soojendamiseks","9":"first","10":"instock","11":"taxable","12":"shipping-taxable","13":"purchasable","14":"product-type-variable"},"acf":[],"yoast_head":"<!-- This site is optimized with the Yoast SEO plugin v24.2 - https:\/\/yoast.com\/wordpress\/plugins\/seo\/ -->\n<title>ROCKWOOL Granrock Super lahtine kivivill, 20kg &#8226; Vides Tehnika<\/title>\n<meta name=\"description\" content=\"Beram\u0101 akmens vate GRANROCK SUPER piem\u0113rota horizont\u0101lo, vertik\u0101lo konstrukciju, v\u0113din\u0101mo horizont\u0101lo p\u0101rsegumu un nojumju siltumizol\u0101cijai.\" \/>\n<meta name=\"robots\" content=\"index, follow, max-snippet:-1, max-image-preview:large, max-video-preview:-1\" \/>\n<link rel=\"canonical\" href=\"https:\/\/videstehnika.lv\/et\/katalogs\/berama-villa-ehituseks-soojendamiseks\/rockwool-granrock-super-berama-akmens-vate-20kg\/\" \/>\n<meta property=\"og:locale\" content=\"et_EE\" \/>\n<meta property=\"og:type\" content=\"article\" \/>\n<meta property=\"og:title\" content=\"ROCKWOOL Granrock Super lahtine kivivill, 20kg &#8226; Vides Tehnika\" \/>\n<meta property=\"og:description\" content=\"Beram\u0101 akmens vate GRANROCK SUPER piem\u0113rota horizont\u0101lo, vertik\u0101lo konstrukciju, v\u0113din\u0101mo horizont\u0101lo p\u0101rsegumu un nojumju siltumizol\u0101cijai.\" \/>\n<meta property=\"og:url\" content=\"https:\/\/videstehnika.lv\/et\/katalogs\/berama-villa-ehituseks-soojendamiseks\/rockwool-granrock-super-berama-akmens-vate-20kg\/\" \/>\n<meta property=\"og:site_name\" content=\"Vides Tehnika\" \/>\n<meta property=\"article:modified_time\" content=\"2023-11-19T10:51:30+00:00\" \/>\n<meta property=\"og:image\" content=\"https:\/\/videstehnika.lv\/wp-content\/uploads\/2020\/10\/Rockwool-granrock-super-vides-tehnika.jpg\" \/>\n\t<meta property=\"og:image:width\" content=\"900\" \/>\n\t<meta property=\"og:image:height\" content=\"900\" \/>\n\t<meta property=\"og:image:type\" content=\"image\/jpeg\" \/>\n<meta name=\"twitter:card\" content=\"summary_large_image\" \/>\n<meta name=\"twitter:label1\" content=\"Est. reading time\" \/>\n\t<meta name=\"twitter:data1\" content=\"1 minut\" \/>\n<script type=\"application\/ld+json\" class=\"yoast-schema-graph\">{\"@context\":\"https:\/\/schema.org\",\"@graph\":[{\"@type\":\"WebPage\",\"@id\":\"https:\/\/videstehnika.lv\/et\/katalogs\/berama-villa-ehituseks-soojendamiseks\/rockwool-granrock-super-berama-akmens-vate-20kg\/\",\"url\":\"https:\/\/videstehnika.lv\/et\/katalogs\/berama-villa-ehituseks-soojendamiseks\/rockwool-granrock-super-berama-akmens-vate-20kg\/\",\"name\":\"ROCKWOOL Granrock Super lahtine kivivill, 20kg &#8226; Vides Tehnika\",\"isPartOf\":{\"@id\":\"https:\/\/videstehnika.lv\/et\/#website\"},\"primaryImageOfPage\":{\"@id\":\"https:\/\/videstehnika.lv\/et\/katalogs\/berama-villa-ehituseks-soojendamiseks\/rockwool-granrock-super-berama-akmens-vate-20kg\/#primaryimage\"},\"image\":{\"@id\":\"https:\/\/videstehnika.lv\/et\/katalogs\/berama-villa-ehituseks-soojendamiseks\/rockwool-granrock-super-berama-akmens-vate-20kg\/#primaryimage\"},\"thumbnailUrl\":\"https:\/\/videstehnika.lv\/wp-content\/uploads\/2020\/10\/Rockwool-granrock-super-vides-tehnika.jpg\",\"datePublished\":\"2020-10-14T08:16:43+00:00\",\"dateModified\":\"2023-11-19T10:51:30+00:00\",\"description\":\"Beram\u0101 akmens vate GRANROCK SUPER piem\u0113rota horizont\u0101lo, vertik\u0101lo konstrukciju, v\u0113din\u0101mo horizont\u0101lo p\u0101rsegumu un nojumju siltumizol\u0101cijai.\",\"breadcrumb\":{\"@id\":\"https:\/\/videstehnika.lv\/et\/katalogs\/berama-villa-ehituseks-soojendamiseks\/rockwool-granrock-super-berama-akmens-vate-20kg\/#breadcrumb\"},\"inLanguage\":\"et\",\"potentialAction\":[{\"@type\":\"ReadAction\",\"target\":[\"https:\/\/videstehnika.lv\/et\/katalogs\/berama-villa-ehituseks-soojendamiseks\/rockwool-granrock-super-berama-akmens-vate-20kg\/\"]}]},{\"@type\":\"ImageObject\",\"inLanguage\":\"et\",\"@id\":\"https:\/\/videstehnika.lv\/et\/katalogs\/berama-villa-ehituseks-soojendamiseks\/rockwool-granrock-super-berama-akmens-vate-20kg\/#primaryimage\",\"url\":\"https:\/\/videstehnika.lv\/wp-content\/uploads\/2020\/10\/Rockwool-granrock-super-vides-tehnika.jpg\",\"contentUrl\":\"https:\/\/videstehnika.lv\/wp-content\/uploads\/2020\/10\/Rockwool-granrock-super-vides-tehnika.jpg\",\"width\":900,\"height\":900},{\"@type\":\"BreadcrumbList\",\"@id\":\"https:\/\/videstehnika.lv\/et\/katalogs\/berama-villa-ehituseks-soojendamiseks\/rockwool-granrock-super-berama-akmens-vate-20kg\/#breadcrumb\",\"itemListElement\":[{\"@type\":\"ListItem\",\"position\":1,\"name\":\"Home\",\"item\":\"https:\/\/videstehnika.lv\/et\/\"},{\"@type\":\"ListItem\",\"position\":2,\"name\":\"Kataloog\",\"item\":\"https:\/\/videstehnika.lv\/et\/kataloog\/\"},{\"@type\":\"ListItem\",\"position\":3,\"name\":\"ROCKWOOL Granrock Super lahtine kivivill, 20kg\"}]},{\"@type\":\"WebSite\",\"@id\":\"https:\/\/videstehnika.lv\/et\/#website\",\"url\":\"https:\/\/videstehnika.lv\/et\/\",\"name\":\"Vides Tehnika\",\"description\":\"\",\"potentialAction\":[{\"@type\":\"SearchAction\",\"target\":{\"@type\":\"EntryPoint\",\"urlTemplate\":\"https:\/\/videstehnika.lv\/et\/?s={search_term_string}\"},\"query-input\":{\"@type\":\"PropertyValueSpecification\",\"valueRequired\":true,\"valueName\":\"search_term_string\"}}],\"inLanguage\":\"et\"}]}<\/script>\n<!-- \/ Yoast SEO plugin. -->","yoast_head_json":{"title":"ROCKWOOL Granrock Super lahtine kivivill, 20kg &#8226; Vides Tehnika","description":"Beram\u0101 akmens vate GRANROCK SUPER piem\u0113rota horizont\u0101lo, vertik\u0101lo konstrukciju, v\u0113din\u0101mo horizont\u0101lo p\u0101rsegumu un nojumju siltumizol\u0101cijai.","robots":{"index":"index","follow":"follow","max-snippet":"max-snippet:-1","max-image-preview":"max-image-preview:large","max-video-preview":"max-video-preview:-1"},"canonical":"https:\/\/videstehnika.lv\/et\/katalogs\/berama-villa-ehituseks-soojendamiseks\/rockwool-granrock-super-berama-akmens-vate-20kg\/","og_locale":"et_EE","og_type":"article","og_title":"ROCKWOOL Granrock Super lahtine kivivill, 20kg &#8226; Vides Tehnika","og_description":"Beram\u0101 akmens vate GRANROCK SUPER piem\u0113rota horizont\u0101lo, vertik\u0101lo konstrukciju, v\u0113din\u0101mo horizont\u0101lo p\u0101rsegumu un nojumju siltumizol\u0101cijai.","og_url":"https:\/\/videstehnika.lv\/et\/katalogs\/berama-villa-ehituseks-soojendamiseks\/rockwool-granrock-super-berama-akmens-vate-20kg\/","og_site_name":"Vides Tehnika","article_modified_time":"2023-11-19T10:51:30+00:00","og_image":[{"width":900,"height":900,"url":"https:\/\/videstehnika.lv\/wp-content\/uploads\/2020\/10\/Rockwool-granrock-super-vides-tehnika.jpg","type":"image\/jpeg"}],"twitter_card":"summary_large_image","twitter_misc":{"Est. reading time":"1 minut"},"schema":{"@context":"https:\/\/schema.org","@graph":[{"@type":"WebPage","@id":"https:\/\/videstehnika.lv\/et\/katalogs\/berama-villa-ehituseks-soojendamiseks\/rockwool-granrock-super-berama-akmens-vate-20kg\/","url":"https:\/\/videstehnika.lv\/et\/katalogs\/berama-villa-ehituseks-soojendamiseks\/rockwool-granrock-super-berama-akmens-vate-20kg\/","name":"ROCKWOOL Granrock Super lahtine kivivill, 20kg &#8226; Vides Tehnika","isPartOf":{"@id":"https:\/\/videstehnika.lv\/et\/#website"},"primaryImageOfPage":{"@id":"https:\/\/videstehnika.lv\/et\/katalogs\/berama-villa-ehituseks-soojendamiseks\/rockwool-granrock-super-berama-akmens-vate-20kg\/#primaryimage"},"image":{"@id":"https:\/\/videstehnika.lv\/et\/katalogs\/berama-villa-ehituseks-soojendamiseks\/rockwool-granrock-super-berama-akmens-vate-20kg\/#primaryimage"},"thumbnailUrl":"https:\/\/videstehnika.lv\/wp-content\/uploads\/2020\/10\/Rockwool-granrock-super-vides-tehnika.jpg","datePublished":"2020-10-14T08:16:43+00:00","dateModified":"2023-11-19T10:51:30+00:00","description":"Beram\u0101 akmens vate GRANROCK SUPER piem\u0113rota horizont\u0101lo, vertik\u0101lo konstrukciju, v\u0113din\u0101mo horizont\u0101lo p\u0101rsegumu un nojumju siltumizol\u0101cijai.","breadcrumb":{"@id":"https:\/\/videstehnika.lv\/et\/katalogs\/berama-villa-ehituseks-soojendamiseks\/rockwool-granrock-super-berama-akmens-vate-20kg\/#breadcrumb"},"inLanguage":"et","potentialAction":[{"@type":"ReadAction","target":["https:\/\/videstehnika.lv\/et\/katalogs\/berama-villa-ehituseks-soojendamiseks\/rockwool-granrock-super-berama-akmens-vate-20kg\/"]}]},{"@type":"ImageObject","inLanguage":"et","@id":"https:\/\/videstehnika.lv\/et\/katalogs\/berama-villa-ehituseks-soojendamiseks\/rockwool-granrock-super-berama-akmens-vate-20kg\/#primaryimage","url":"https:\/\/videstehnika.lv\/wp-content\/uploads\/2020\/10\/Rockwool-granrock-super-vides-tehnika.jpg","contentUrl":"https:\/\/videstehnika.lv\/wp-content\/uploads\/2020\/10\/Rockwool-granrock-super-vides-tehnika.jpg","width":900,"height":900},{"@type":"BreadcrumbList","@id":"https:\/\/videstehnika.lv\/et\/katalogs\/berama-villa-ehituseks-soojendamiseks\/rockwool-granrock-super-berama-akmens-vate-20kg\/#breadcrumb","itemListElement":[{"@type":"ListItem","position":1,"name":"Home","item":"https:\/\/videstehnika.lv\/et\/"},{"@type":"ListItem","position":2,"name":"Kataloog","item":"https:\/\/videstehnika.lv\/et\/kataloog\/"},{"@type":"ListItem","position":3,"name":"ROCKWOOL Granrock Super lahtine kivivill, 20kg"}]},{"@type":"WebSite","@id":"https:\/\/videstehnika.lv\/et\/#website","url":"https:\/\/videstehnika.lv\/et\/","name":"Vides Tehnika","description":"","potentialAction":[{"@type":"SearchAction","target":{"@type":"EntryPoint","urlTemplate":"https:\/\/videstehnika.lv\/et\/?s={search_term_string}"},"query-input":{"@type":"PropertyValueSpecification","valueRequired":true,"valueName":"search_term_string"}}],"inLanguage":"et"}]}},"_links":{"self":[{"href":"https:\/\/videstehnika.lv\/et\/wp-json\/wp\/v2\/product\/30303","targetHints":{"allow":["GET"]}}],"collection":[{"href":"https:\/\/videstehnika.lv\/et\/wp-json\/wp\/v2\/product"}],"about":[{"href":"https:\/\/videstehnika.lv\/et\/wp-json\/wp\/v2\/types\/product"}],"wp:featuredmedia":[{"embeddable":true,"href":"https:\/\/videstehnika.lv\/et\/wp-json\/wp\/v2\/media\/28199"}],"wp:attachment":[{"href":"https:\/\/videstehnika.lv\/et\/wp-json\/wp\/v2\/media?parent=30303"}],"wp:term":[{"taxonomy":"product_cat","embeddable":true,"href":"https:\/\/videstehnika.lv\/et\/wp-json\/wp\/v2\/product_cat?post=30303"},{"taxonomy":"product_tag","embeddable":true,"href":"https:\/\/videstehnika.lv\/et\/wp-json\/wp\/v2\/product_tag?post=30303"}],"curies":[{"name":"wp","href":"https:\/\/api.w.org\/{rel}","templated":true}]}}