{"id":30309,"date":"2020-10-14T11:14:28","date_gmt":"2020-10-14T08:14:28","guid":{"rendered":"https:\/\/videstehnika.lv\/catalog\/maaratlemata\/knauf-supafil-timber-frame-166kg\/"},"modified":"2023-11-19T13:16:50","modified_gmt":"2023-11-19T11:16:50","slug":"knauf-supafil-timber-frame-166kg","status":"publish","type":"product","link":"https:\/\/videstehnika.lv\/et\/katalogs\/berama-villa-ehituseks-soojendamiseks\/knauf-supafil-timber-frame-166kg\/","title":{"rendered":"Knauf Supafil Timber Frame, 16,6kg, puiste mineraalvill"},"content":{"rendered":"<h2>Puiste mineraalvill &#8220;Knauf Supafil Timber Frame&#8221;<\/h2>\n<p>&#8220;Knauf Supafil Timber Frame&#8221; on h\u00fcdrofoobne, \u00f6koloogiline mineraalvill ilma s\u00fcnteetiliste vaikude ja sideaineteta. Sobib puitkarkassseinte, vaheseinte, katete ja katuste soojustamiseks, kasutades spetsiaalset paigaldustehnikat.<\/p>\n<h2>Lahtise mineraalvilla eelised<\/h2>\n<ul>\n<li>Suurep\u00e4rased soojusisolatsiooni omadused;<\/li>\n<li>head heli summutavad omadused;<\/li>\n<li>V\u00e4ga k\u00f5rge tulep\u00fcsivus \u2013 suurendab konstruktsiooni passiivset tulekaitset;<\/li>\n<li>K\u00f5rge auru l\u00e4bilaskvus;<\/li>\n<li>V\u00e4ike koormus konstruktsioonile isolatsiooni omamassi t\u00f5ttu;<\/li>\n<li>Mitteimav materjal;<\/li>\n<li>Lihtne paigaldada raskesti ligip\u00e4\u00e4setavatesse kohtadesse;<\/li>\n<li>Lihtne, kiire ja mugav paigaldamine;<\/li>\n<li>\u00dchtlane isolatsioonikiht raskesti ligip\u00e4\u00e4setavates kohtades;<\/li>\n<li>Ei mingeid j\u00e4\u00e4ke;<\/li>\n<li>Sideaineteta aluskiud;<\/li>\n<li>100% \u00f6koloogiline, looduslik materjal.<\/li>\n<\/ul>\n","protected":false},"excerpt":{"rendered":"<p>Cena nor\u0101d\u012bta par maisu<\/p>\n","protected":false},"featured_media":28196,"template":"","meta":{"_acf_changed":false},"product_cat":[5222,4256],"product_tag":[],"class_list":{"0":"post-30309","1":"product","2":"type-product","3":"status-publish","4":"has-post-thumbnail","6":"product_cat-siltumizolacijas-materiali-et","7":"product_cat-berama-villa-ehituseks-soojendamiseks","9":"first","10":"onbackorder","11":"taxable","12":"shipping-taxable","13":"purchasable","14":"product-type-simple"},"acf":[],"yoast_head":"<!-- This site is optimized with the Yoast SEO plugin v24.2 - https:\/\/yoast.com\/wordpress\/plugins\/seo\/ -->\n<title>Knauf Supafil Timber Frame, 16,6kg, puiste mineraalvill &#8226; Vides Tehnika<\/title>\n<meta name=\"description\" content=\"Supafil Timber Frame ir ekolo\u0123iska miner\u0101lvate, kas paredz\u0113ta koka karkasa sienu, starpsienu, p\u0101rsegumu un jumta siltumizol\u0101cijai.\" \/>\n<meta name=\"robots\" content=\"index, follow, max-snippet:-1, max-image-preview:large, max-video-preview:-1\" \/>\n<link rel=\"canonical\" href=\"https:\/\/videstehnika.lv\/et\/katalogs\/berama-villa-ehituseks-soojendamiseks\/knauf-supafil-timber-frame-166kg\/\" \/>\n<meta property=\"og:locale\" content=\"et_EE\" \/>\n<meta property=\"og:type\" content=\"article\" \/>\n<meta property=\"og:title\" content=\"Knauf Supafil Timber Frame, 16,6kg, puiste mineraalvill &#8226; Vides Tehnika\" \/>\n<meta property=\"og:description\" content=\"Supafil Timber Frame ir ekolo\u0123iska miner\u0101lvate, kas paredz\u0113ta koka karkasa sienu, starpsienu, p\u0101rsegumu un jumta siltumizol\u0101cijai.\" \/>\n<meta property=\"og:url\" content=\"https:\/\/videstehnika.lv\/et\/katalogs\/berama-villa-ehituseks-soojendamiseks\/knauf-supafil-timber-frame-166kg\/\" \/>\n<meta property=\"og:site_name\" content=\"Vides Tehnika\" \/>\n<meta property=\"article:modified_time\" content=\"2023-11-19T11:16:50+00:00\" \/>\n<meta property=\"og:image\" content=\"https:\/\/videstehnika.lv\/wp-content\/uploads\/2020\/10\/Knauf-insulation-supafil-timber-frame-vides-tehnika.jpg\" \/>\n\t<meta property=\"og:image:width\" content=\"900\" \/>\n\t<meta property=\"og:image:height\" content=\"900\" \/>\n\t<meta property=\"og:image:type\" content=\"image\/jpeg\" \/>\n<meta name=\"twitter:card\" content=\"summary_large_image\" \/>\n<meta name=\"twitter:label1\" content=\"Est. reading time\" \/>\n\t<meta name=\"twitter:data1\" content=\"1 minut\" \/>\n<script type=\"application\/ld+json\" class=\"yoast-schema-graph\">{\"@context\":\"https:\/\/schema.org\",\"@graph\":[{\"@type\":\"WebPage\",\"@id\":\"https:\/\/videstehnika.lv\/et\/katalogs\/berama-villa-ehituseks-soojendamiseks\/knauf-supafil-timber-frame-166kg\/\",\"url\":\"https:\/\/videstehnika.lv\/et\/katalogs\/berama-villa-ehituseks-soojendamiseks\/knauf-supafil-timber-frame-166kg\/\",\"name\":\"Knauf Supafil Timber Frame, 16,6kg, puiste mineraalvill &#8226; Vides Tehnika\",\"isPartOf\":{\"@id\":\"https:\/\/videstehnika.lv\/et\/#website\"},\"primaryImageOfPage\":{\"@id\":\"https:\/\/videstehnika.lv\/et\/katalogs\/berama-villa-ehituseks-soojendamiseks\/knauf-supafil-timber-frame-166kg\/#primaryimage\"},\"image\":{\"@id\":\"https:\/\/videstehnika.lv\/et\/katalogs\/berama-villa-ehituseks-soojendamiseks\/knauf-supafil-timber-frame-166kg\/#primaryimage\"},\"thumbnailUrl\":\"https:\/\/videstehnika.lv\/wp-content\/uploads\/2020\/10\/Knauf-insulation-supafil-timber-frame-vides-tehnika.jpg\",\"datePublished\":\"2020-10-14T08:14:28+00:00\",\"dateModified\":\"2023-11-19T11:16:50+00:00\",\"description\":\"Supafil Timber Frame ir ekolo\u0123iska miner\u0101lvate, kas paredz\u0113ta koka karkasa sienu, starpsienu, p\u0101rsegumu un jumta siltumizol\u0101cijai.\",\"breadcrumb\":{\"@id\":\"https:\/\/videstehnika.lv\/et\/katalogs\/berama-villa-ehituseks-soojendamiseks\/knauf-supafil-timber-frame-166kg\/#breadcrumb\"},\"inLanguage\":\"et\",\"potentialAction\":[{\"@type\":\"ReadAction\",\"target\":[\"https:\/\/videstehnika.lv\/et\/katalogs\/berama-villa-ehituseks-soojendamiseks\/knauf-supafil-timber-frame-166kg\/\"]}]},{\"@type\":\"ImageObject\",\"inLanguage\":\"et\",\"@id\":\"https:\/\/videstehnika.lv\/et\/katalogs\/berama-villa-ehituseks-soojendamiseks\/knauf-supafil-timber-frame-166kg\/#primaryimage\",\"url\":\"https:\/\/videstehnika.lv\/wp-content\/uploads\/2020\/10\/Knauf-insulation-supafil-timber-frame-vides-tehnika.jpg\",\"contentUrl\":\"https:\/\/videstehnika.lv\/wp-content\/uploads\/2020\/10\/Knauf-insulation-supafil-timber-frame-vides-tehnika.jpg\",\"width\":900,\"height\":900},{\"@type\":\"BreadcrumbList\",\"@id\":\"https:\/\/videstehnika.lv\/et\/katalogs\/berama-villa-ehituseks-soojendamiseks\/knauf-supafil-timber-frame-166kg\/#breadcrumb\",\"itemListElement\":[{\"@type\":\"ListItem\",\"position\":1,\"name\":\"Home\",\"item\":\"https:\/\/videstehnika.lv\/et\/\"},{\"@type\":\"ListItem\",\"position\":2,\"name\":\"Kataloog\",\"item\":\"https:\/\/videstehnika.lv\/et\/kataloog\/\"},{\"@type\":\"ListItem\",\"position\":3,\"name\":\"Knauf Supafil Timber Frame, 16,6kg, puiste mineraalvill\"}]},{\"@type\":\"WebSite\",\"@id\":\"https:\/\/videstehnika.lv\/et\/#website\",\"url\":\"https:\/\/videstehnika.lv\/et\/\",\"name\":\"Vides Tehnika\",\"description\":\"\",\"potentialAction\":[{\"@type\":\"SearchAction\",\"target\":{\"@type\":\"EntryPoint\",\"urlTemplate\":\"https:\/\/videstehnika.lv\/et\/?s={search_term_string}\"},\"query-input\":{\"@type\":\"PropertyValueSpecification\",\"valueRequired\":true,\"valueName\":\"search_term_string\"}}],\"inLanguage\":\"et\"}]}<\/script>\n<!-- \/ Yoast SEO plugin. -->","yoast_head_json":{"title":"Knauf Supafil Timber Frame, 16,6kg, puiste mineraalvill &#8226; Vides Tehnika","description":"Supafil Timber Frame ir ekolo\u0123iska miner\u0101lvate, kas paredz\u0113ta koka karkasa sienu, starpsienu, p\u0101rsegumu un jumta siltumizol\u0101cijai.","robots":{"index":"index","follow":"follow","max-snippet":"max-snippet:-1","max-image-preview":"max-image-preview:large","max-video-preview":"max-video-preview:-1"},"canonical":"https:\/\/videstehnika.lv\/et\/katalogs\/berama-villa-ehituseks-soojendamiseks\/knauf-supafil-timber-frame-166kg\/","og_locale":"et_EE","og_type":"article","og_title":"Knauf Supafil Timber Frame, 16,6kg, puiste mineraalvill &#8226; Vides Tehnika","og_description":"Supafil Timber Frame ir ekolo\u0123iska miner\u0101lvate, kas paredz\u0113ta koka karkasa sienu, starpsienu, p\u0101rsegumu un jumta siltumizol\u0101cijai.","og_url":"https:\/\/videstehnika.lv\/et\/katalogs\/berama-villa-ehituseks-soojendamiseks\/knauf-supafil-timber-frame-166kg\/","og_site_name":"Vides Tehnika","article_modified_time":"2023-11-19T11:16:50+00:00","og_image":[{"width":900,"height":900,"url":"https:\/\/videstehnika.lv\/wp-content\/uploads\/2020\/10\/Knauf-insulation-supafil-timber-frame-vides-tehnika.jpg","type":"image\/jpeg"}],"twitter_card":"summary_large_image","twitter_misc":{"Est. reading time":"1 minut"},"schema":{"@context":"https:\/\/schema.org","@graph":[{"@type":"WebPage","@id":"https:\/\/videstehnika.lv\/et\/katalogs\/berama-villa-ehituseks-soojendamiseks\/knauf-supafil-timber-frame-166kg\/","url":"https:\/\/videstehnika.lv\/et\/katalogs\/berama-villa-ehituseks-soojendamiseks\/knauf-supafil-timber-frame-166kg\/","name":"Knauf Supafil Timber Frame, 16,6kg, puiste mineraalvill &#8226; Vides Tehnika","isPartOf":{"@id":"https:\/\/videstehnika.lv\/et\/#website"},"primaryImageOfPage":{"@id":"https:\/\/videstehnika.lv\/et\/katalogs\/berama-villa-ehituseks-soojendamiseks\/knauf-supafil-timber-frame-166kg\/#primaryimage"},"image":{"@id":"https:\/\/videstehnika.lv\/et\/katalogs\/berama-villa-ehituseks-soojendamiseks\/knauf-supafil-timber-frame-166kg\/#primaryimage"},"thumbnailUrl":"https:\/\/videstehnika.lv\/wp-content\/uploads\/2020\/10\/Knauf-insulation-supafil-timber-frame-vides-tehnika.jpg","datePublished":"2020-10-14T08:14:28+00:00","dateModified":"2023-11-19T11:16:50+00:00","description":"Supafil Timber Frame ir ekolo\u0123iska miner\u0101lvate, kas paredz\u0113ta koka karkasa sienu, starpsienu, p\u0101rsegumu un jumta siltumizol\u0101cijai.","breadcrumb":{"@id":"https:\/\/videstehnika.lv\/et\/katalogs\/berama-villa-ehituseks-soojendamiseks\/knauf-supafil-timber-frame-166kg\/#breadcrumb"},"inLanguage":"et","potentialAction":[{"@type":"ReadAction","target":["https:\/\/videstehnika.lv\/et\/katalogs\/berama-villa-ehituseks-soojendamiseks\/knauf-supafil-timber-frame-166kg\/"]}]},{"@type":"ImageObject","inLanguage":"et","@id":"https:\/\/videstehnika.lv\/et\/katalogs\/berama-villa-ehituseks-soojendamiseks\/knauf-supafil-timber-frame-166kg\/#primaryimage","url":"https:\/\/videstehnika.lv\/wp-content\/uploads\/2020\/10\/Knauf-insulation-supafil-timber-frame-vides-tehnika.jpg","contentUrl":"https:\/\/videstehnika.lv\/wp-content\/uploads\/2020\/10\/Knauf-insulation-supafil-timber-frame-vides-tehnika.jpg","width":900,"height":900},{"@type":"BreadcrumbList","@id":"https:\/\/videstehnika.lv\/et\/katalogs\/berama-villa-ehituseks-soojendamiseks\/knauf-supafil-timber-frame-166kg\/#breadcrumb","itemListElement":[{"@type":"ListItem","position":1,"name":"Home","item":"https:\/\/videstehnika.lv\/et\/"},{"@type":"ListItem","position":2,"name":"Kataloog","item":"https:\/\/videstehnika.lv\/et\/kataloog\/"},{"@type":"ListItem","position":3,"name":"Knauf Supafil Timber Frame, 16,6kg, puiste mineraalvill"}]},{"@type":"WebSite","@id":"https:\/\/videstehnika.lv\/et\/#website","url":"https:\/\/videstehnika.lv\/et\/","name":"Vides Tehnika","description":"","potentialAction":[{"@type":"SearchAction","target":{"@type":"EntryPoint","urlTemplate":"https:\/\/videstehnika.lv\/et\/?s={search_term_string}"},"query-input":{"@type":"PropertyValueSpecification","valueRequired":true,"valueName":"search_term_string"}}],"inLanguage":"et"}]}},"_links":{"self":[{"href":"https:\/\/videstehnika.lv\/et\/wp-json\/wp\/v2\/product\/30309","targetHints":{"allow":["GET"]}}],"collection":[{"href":"https:\/\/videstehnika.lv\/et\/wp-json\/wp\/v2\/product"}],"about":[{"href":"https:\/\/videstehnika.lv\/et\/wp-json\/wp\/v2\/types\/product"}],"wp:featuredmedia":[{"embeddable":true,"href":"https:\/\/videstehnika.lv\/et\/wp-json\/wp\/v2\/media\/28196"}],"wp:attachment":[{"href":"https:\/\/videstehnika.lv\/et\/wp-json\/wp\/v2\/media?parent=30309"}],"wp:term":[{"taxonomy":"product_cat","embeddable":true,"href":"https:\/\/videstehnika.lv\/et\/wp-json\/wp\/v2\/product_cat?post=30309"},{"taxonomy":"product_tag","embeddable":true,"href":"https:\/\/videstehnika.lv\/et\/wp-json\/wp\/v2\/product_tag?post=30309"}],"curies":[{"name":"wp","href":"https:\/\/api.w.org\/{rel}","templated":true}]}}