{"id":30343,"date":"2020-07-15T12:55:16","date_gmt":"2020-07-15T09:55:16","guid":{"rendered":"https:\/\/videstehnika.lv\/catalog\/maaratlemata\/mineralvate-knauf-insulation-tp-115\/"},"modified":"2023-11-19T13:25:34","modified_gmt":"2023-11-19T11:25:34","slug":"mineralvate-knauf-insulation-tp-115","status":"publish","type":"product","link":"https:\/\/videstehnika.lv\/et\/katalogs\/looduslik-mineraalvill-knauf-isolatsioon\/mineralvate-knauf-insulation-tp-115\/","title":{"rendered":"Knauf TP115 mineraalvill"},"content":{"rendered":"<h2>Mineraalvill Knauf Insulation &#8220;TP115&#8221;<\/h2>\n<p>Mineraalvill Knauf Insulation &#8220;TP115&#8221; on valmistatud ECOSE\u00ae tehnoloogiaga. Uue p\u00f5lvkonna mineraalvill, mis on valmistatud looduslikust ja\/v\u00f5i taaskasutatud toorainest, rakendades biotehnoloogiat ja \u00fchendades looduslikku p\u00e4ritolu kiude. Vatt ei sisalda formaldeh\u00fc\u00fcdi, fenoole ja akr\u00fc\u00fclkiude. Sellele ei ole lisatud kunstlikke v\u00e4rvaineid ega pleegitusaineid. T\u00e4nu uuenduslikule sideainetehnoloogiale on mineraalvill loomulik pruun v\u00e4rvus \u2013 ilma igasuguste keemiliste v\u00e4rvaineteta.<\/p>\n<h2>Knauf Insulation eeliseid<\/h2>\n<ul>\n<li>V\u00e4ga head heli neeldumisomadused;<\/li>\n<li>Hoiab sise\u00f5hu kvaliteedi puhta ja v\u00e4rske;<\/li>\n<li>100% mittes\u00fcttiv materjal;<\/li>\n<li>Eelmiste materjalidega pange suhteliselt v\u00e4hem;<\/li>\n<li>Ilma l\u00f5hna ja suitsuta;<\/li>\n<li>\u00dcllatavalt meeldiv puudutusele, pehme soojusisolatsioonipind nagu villane;<\/li>\n<li>Lihtne l\u00f5igata;<\/li>\n<li>Materjali suurem paindlikkus.<\/li>\n<\/ul>\n<h3>Knauf Insulation &#8220;TP115&#8221; rakendus<\/h3>\n<ul>\n<li>Sisemiste vaheseinte jaoks;<\/li>\n<li>Erinevate k\u00fcttere\u017eiimidega ruumidele.<\/li>\n<\/ul>\n","protected":false},"excerpt":{"rendered":"<p>Cena nor\u0101d\u012bta par paku<\/p>\n","protected":false},"featured_media":31457,"template":"","meta":{"_acf_changed":false},"product_cat":[5222,4262],"product_tag":[],"class_list":{"0":"post-30343","1":"product","2":"type-product","3":"status-publish","4":"has-post-thumbnail","6":"product_cat-siltumizolacijas-materiali-et","7":"product_cat-looduslik-mineraalvill-knauf-isolatsioon","9":"first","10":"instock","11":"taxable","12":"shipping-taxable","13":"purchasable","14":"product-type-variable"},"acf":[],"yoast_head":"<!-- This site is optimized with the Yoast SEO plugin v24.2 - https:\/\/yoast.com\/wordpress\/plugins\/seo\/ -->\n<title>Miner\u0101lvate Knauf Insulation &quot;TP115&quot; &#8226; Vides Tehnika<\/title>\n<meta name=\"description\" content=\"Miner\u0101lvate Knauf Insulation &quot;TP115&quot; ir jaun\u0101s paaudzes izol\u0101cijas materi\u0101ls, kas izgatavota no dabiskiem izejmateri\u0101liem.\" \/>\n<meta name=\"robots\" content=\"index, follow, max-snippet:-1, max-image-preview:large, max-video-preview:-1\" \/>\n<link rel=\"canonical\" href=\"https:\/\/videstehnika.lv\/et\/katalogs\/looduslik-mineraalvill-knauf-isolatsioon\/mineralvate-knauf-insulation-tp-115\/\" \/>\n<meta property=\"og:locale\" content=\"et_EE\" \/>\n<meta property=\"og:type\" content=\"article\" \/>\n<meta property=\"og:title\" content=\"Miner\u0101lvate Knauf Insulation &quot;TP115&quot; &#8226; Vides Tehnika\" \/>\n<meta property=\"og:description\" content=\"Miner\u0101lvate Knauf Insulation &quot;TP115&quot; ir jaun\u0101s paaudzes izol\u0101cijas materi\u0101ls, kas izgatavota no dabiskiem izejmateri\u0101liem.\" \/>\n<meta property=\"og:url\" content=\"https:\/\/videstehnika.lv\/et\/katalogs\/looduslik-mineraalvill-knauf-isolatsioon\/mineralvate-knauf-insulation-tp-115\/\" \/>\n<meta property=\"og:site_name\" content=\"Vides Tehnika\" \/>\n<meta property=\"article:modified_time\" content=\"2023-11-19T11:25:34+00:00\" \/>\n<meta property=\"og:image\" content=\"https:\/\/videstehnika.lv\/wp-content\/uploads\/2020\/07\/vides-tehnika-knauf-insulation-mineralvate.jpg\" \/>\n\t<meta property=\"og:image:width\" content=\"900\" \/>\n\t<meta property=\"og:image:height\" content=\"900\" \/>\n\t<meta property=\"og:image:type\" content=\"image\/jpeg\" \/>\n<meta name=\"twitter:card\" content=\"summary_large_image\" \/>\n<meta name=\"twitter:label1\" content=\"Est. reading time\" \/>\n\t<meta name=\"twitter:data1\" content=\"1 minut\" \/>\n<script type=\"application\/ld+json\" class=\"yoast-schema-graph\">{\"@context\":\"https:\/\/schema.org\",\"@graph\":[{\"@type\":\"WebPage\",\"@id\":\"https:\/\/videstehnika.lv\/et\/katalogs\/looduslik-mineraalvill-knauf-isolatsioon\/mineralvate-knauf-insulation-tp-115\/\",\"url\":\"https:\/\/videstehnika.lv\/et\/katalogs\/looduslik-mineraalvill-knauf-isolatsioon\/mineralvate-knauf-insulation-tp-115\/\",\"name\":\"Miner\u0101lvate Knauf Insulation \\\"TP115\\\" &#8226; Vides Tehnika\",\"isPartOf\":{\"@id\":\"https:\/\/videstehnika.lv\/et\/#website\"},\"primaryImageOfPage\":{\"@id\":\"https:\/\/videstehnika.lv\/et\/katalogs\/looduslik-mineraalvill-knauf-isolatsioon\/mineralvate-knauf-insulation-tp-115\/#primaryimage\"},\"image\":{\"@id\":\"https:\/\/videstehnika.lv\/et\/katalogs\/looduslik-mineraalvill-knauf-isolatsioon\/mineralvate-knauf-insulation-tp-115\/#primaryimage\"},\"thumbnailUrl\":\"https:\/\/videstehnika.lv\/wp-content\/uploads\/2020\/07\/TP115-Akustic-board-scaled.jpg\",\"datePublished\":\"2020-07-15T09:55:16+00:00\",\"dateModified\":\"2023-11-19T11:25:34+00:00\",\"description\":\"Miner\u0101lvate Knauf Insulation \\\"TP115\\\" ir jaun\u0101s paaudzes izol\u0101cijas materi\u0101ls, kas izgatavota no dabiskiem izejmateri\u0101liem.\",\"breadcrumb\":{\"@id\":\"https:\/\/videstehnika.lv\/et\/katalogs\/looduslik-mineraalvill-knauf-isolatsioon\/mineralvate-knauf-insulation-tp-115\/#breadcrumb\"},\"inLanguage\":\"et\",\"potentialAction\":[{\"@type\":\"ReadAction\",\"target\":[\"https:\/\/videstehnika.lv\/et\/katalogs\/looduslik-mineraalvill-knauf-isolatsioon\/mineralvate-knauf-insulation-tp-115\/\"]}]},{\"@type\":\"ImageObject\",\"inLanguage\":\"et\",\"@id\":\"https:\/\/videstehnika.lv\/et\/katalogs\/looduslik-mineraalvill-knauf-isolatsioon\/mineralvate-knauf-insulation-tp-115\/#primaryimage\",\"url\":\"https:\/\/videstehnika.lv\/wp-content\/uploads\/2020\/07\/TP115-Akustic-board-scaled.jpg\",\"contentUrl\":\"https:\/\/videstehnika.lv\/wp-content\/uploads\/2020\/07\/TP115-Akustic-board-scaled.jpg\",\"width\":2384,\"height\":2560},{\"@type\":\"BreadcrumbList\",\"@id\":\"https:\/\/videstehnika.lv\/et\/katalogs\/looduslik-mineraalvill-knauf-isolatsioon\/mineralvate-knauf-insulation-tp-115\/#breadcrumb\",\"itemListElement\":[{\"@type\":\"ListItem\",\"position\":1,\"name\":\"Home\",\"item\":\"https:\/\/videstehnika.lv\/et\/\"},{\"@type\":\"ListItem\",\"position\":2,\"name\":\"Kataloog\",\"item\":\"https:\/\/videstehnika.lv\/et\/kataloog\/\"},{\"@type\":\"ListItem\",\"position\":3,\"name\":\"Knauf TP115 mineraalvill\"}]},{\"@type\":\"WebSite\",\"@id\":\"https:\/\/videstehnika.lv\/et\/#website\",\"url\":\"https:\/\/videstehnika.lv\/et\/\",\"name\":\"Vides Tehnika\",\"description\":\"\",\"potentialAction\":[{\"@type\":\"SearchAction\",\"target\":{\"@type\":\"EntryPoint\",\"urlTemplate\":\"https:\/\/videstehnika.lv\/et\/?s={search_term_string}\"},\"query-input\":{\"@type\":\"PropertyValueSpecification\",\"valueRequired\":true,\"valueName\":\"search_term_string\"}}],\"inLanguage\":\"et\"}]}<\/script>\n<!-- \/ Yoast SEO plugin. -->","yoast_head_json":{"title":"Miner\u0101lvate Knauf Insulation \"TP115\" &#8226; Vides Tehnika","description":"Miner\u0101lvate Knauf Insulation \"TP115\" ir jaun\u0101s paaudzes izol\u0101cijas materi\u0101ls, kas izgatavota no dabiskiem izejmateri\u0101liem.","robots":{"index":"index","follow":"follow","max-snippet":"max-snippet:-1","max-image-preview":"max-image-preview:large","max-video-preview":"max-video-preview:-1"},"canonical":"https:\/\/videstehnika.lv\/et\/katalogs\/looduslik-mineraalvill-knauf-isolatsioon\/mineralvate-knauf-insulation-tp-115\/","og_locale":"et_EE","og_type":"article","og_title":"Miner\u0101lvate Knauf Insulation \"TP115\" &#8226; Vides Tehnika","og_description":"Miner\u0101lvate Knauf Insulation \"TP115\" ir jaun\u0101s paaudzes izol\u0101cijas materi\u0101ls, kas izgatavota no dabiskiem izejmateri\u0101liem.","og_url":"https:\/\/videstehnika.lv\/et\/katalogs\/looduslik-mineraalvill-knauf-isolatsioon\/mineralvate-knauf-insulation-tp-115\/","og_site_name":"Vides Tehnika","article_modified_time":"2023-11-19T11:25:34+00:00","og_image":[{"width":900,"height":900,"url":"https:\/\/videstehnika.lv\/wp-content\/uploads\/2020\/07\/vides-tehnika-knauf-insulation-mineralvate.jpg","type":"image\/jpeg"}],"twitter_card":"summary_large_image","twitter_misc":{"Est. reading time":"1 minut"},"schema":{"@context":"https:\/\/schema.org","@graph":[{"@type":"WebPage","@id":"https:\/\/videstehnika.lv\/et\/katalogs\/looduslik-mineraalvill-knauf-isolatsioon\/mineralvate-knauf-insulation-tp-115\/","url":"https:\/\/videstehnika.lv\/et\/katalogs\/looduslik-mineraalvill-knauf-isolatsioon\/mineralvate-knauf-insulation-tp-115\/","name":"Miner\u0101lvate Knauf Insulation \"TP115\" &#8226; Vides Tehnika","isPartOf":{"@id":"https:\/\/videstehnika.lv\/et\/#website"},"primaryImageOfPage":{"@id":"https:\/\/videstehnika.lv\/et\/katalogs\/looduslik-mineraalvill-knauf-isolatsioon\/mineralvate-knauf-insulation-tp-115\/#primaryimage"},"image":{"@id":"https:\/\/videstehnika.lv\/et\/katalogs\/looduslik-mineraalvill-knauf-isolatsioon\/mineralvate-knauf-insulation-tp-115\/#primaryimage"},"thumbnailUrl":"https:\/\/videstehnika.lv\/wp-content\/uploads\/2020\/07\/TP115-Akustic-board-scaled.jpg","datePublished":"2020-07-15T09:55:16+00:00","dateModified":"2023-11-19T11:25:34+00:00","description":"Miner\u0101lvate Knauf Insulation \"TP115\" ir jaun\u0101s paaudzes izol\u0101cijas materi\u0101ls, kas izgatavota no dabiskiem izejmateri\u0101liem.","breadcrumb":{"@id":"https:\/\/videstehnika.lv\/et\/katalogs\/looduslik-mineraalvill-knauf-isolatsioon\/mineralvate-knauf-insulation-tp-115\/#breadcrumb"},"inLanguage":"et","potentialAction":[{"@type":"ReadAction","target":["https:\/\/videstehnika.lv\/et\/katalogs\/looduslik-mineraalvill-knauf-isolatsioon\/mineralvate-knauf-insulation-tp-115\/"]}]},{"@type":"ImageObject","inLanguage":"et","@id":"https:\/\/videstehnika.lv\/et\/katalogs\/looduslik-mineraalvill-knauf-isolatsioon\/mineralvate-knauf-insulation-tp-115\/#primaryimage","url":"https:\/\/videstehnika.lv\/wp-content\/uploads\/2020\/07\/TP115-Akustic-board-scaled.jpg","contentUrl":"https:\/\/videstehnika.lv\/wp-content\/uploads\/2020\/07\/TP115-Akustic-board-scaled.jpg","width":2384,"height":2560},{"@type":"BreadcrumbList","@id":"https:\/\/videstehnika.lv\/et\/katalogs\/looduslik-mineraalvill-knauf-isolatsioon\/mineralvate-knauf-insulation-tp-115\/#breadcrumb","itemListElement":[{"@type":"ListItem","position":1,"name":"Home","item":"https:\/\/videstehnika.lv\/et\/"},{"@type":"ListItem","position":2,"name":"Kataloog","item":"https:\/\/videstehnika.lv\/et\/kataloog\/"},{"@type":"ListItem","position":3,"name":"Knauf TP115 mineraalvill"}]},{"@type":"WebSite","@id":"https:\/\/videstehnika.lv\/et\/#website","url":"https:\/\/videstehnika.lv\/et\/","name":"Vides Tehnika","description":"","potentialAction":[{"@type":"SearchAction","target":{"@type":"EntryPoint","urlTemplate":"https:\/\/videstehnika.lv\/et\/?s={search_term_string}"},"query-input":{"@type":"PropertyValueSpecification","valueRequired":true,"valueName":"search_term_string"}}],"inLanguage":"et"}]}},"_links":{"self":[{"href":"https:\/\/videstehnika.lv\/et\/wp-json\/wp\/v2\/product\/30343","targetHints":{"allow":["GET"]}}],"collection":[{"href":"https:\/\/videstehnika.lv\/et\/wp-json\/wp\/v2\/product"}],"about":[{"href":"https:\/\/videstehnika.lv\/et\/wp-json\/wp\/v2\/types\/product"}],"wp:featuredmedia":[{"embeddable":true,"href":"https:\/\/videstehnika.lv\/et\/wp-json\/wp\/v2\/media\/31457"}],"wp:attachment":[{"href":"https:\/\/videstehnika.lv\/et\/wp-json\/wp\/v2\/media?parent=30343"}],"wp:term":[{"taxonomy":"product_cat","embeddable":true,"href":"https:\/\/videstehnika.lv\/et\/wp-json\/wp\/v2\/product_cat?post=30343"},{"taxonomy":"product_tag","embeddable":true,"href":"https:\/\/videstehnika.lv\/et\/wp-json\/wp\/v2\/product_tag?post=30343"}],"curies":[{"name":"wp","href":"https:\/\/api.w.org\/{rel}","templated":true}]}}