{"id":30355,"date":"2020-07-14T12:18:06","date_gmt":"2020-07-14T09:18:06","guid":{"rendered":"https:\/\/videstehnika.lv\/catalog\/maaratlemata\/steico-joist-kokskiedras-sijas\/"},"modified":"2023-11-19T13:31:09","modified_gmt":"2023-11-19T11:31:09","slug":"steico-joist-kokskiedras-sijas","status":"publish","type":"product","link":"https:\/\/videstehnika.lv\/et\/katalogs\/puiduhake-okosoojenduseks\/steico-joist-kokskiedras-sijas\/","title":{"rendered":"STEICO JOIST kiudtalad"},"content":{"rendered":"<h2>STEICO JOIST kiudtalad<\/h2>\n<p>STEICO JOIST fiibertalad on m\u00f5eldud soojusisolatsiooni puitkiudplaatide kinnitamiseks katusekonstruktsioonidele v\u00f5i p\u00f5randakonstruktsioonidesse kinnitamiseks<\/p>\n<h2><strong>STEICO JOIST kiudtalade eelised<\/strong><\/h2>\n<ul>\n<li>Lihtne ja lihtne kasutada, lihtne ja odav paigaldus;<\/li>\n<li>K\u00f5rge tugevus, pikaealisus;<\/li>\n<li>Suurep\u00e4rane kvaliteet, sest see on valmistatud \u00fchest puidust;<\/li>\n<li>Kerge materjal, mis ei lisa konstruktsioonile lisaraskust;<\/li>\n<li>\u00d6koloogiliselt puhas, keskkonna- ja inims\u00f5bralik materjal;<\/li>\n<li>Allergiavastane materjal, ei \u00e4rrita nahka;<\/li>\n<li>Sobib taaskasutamiseks;<\/li>\n<li>Sertifitseeritud materjal, mis on toodetud vastavalt Euroopa kvaliteedin\u00f5uetele<\/li>\n<\/ul>\n","protected":false},"excerpt":{"rendered":"<ul>\n<li>SJ 45 (45x45x200mm) Uz pas\u016bt\u012bjuma<\/li>\n<li>SJ 45 (45x45x240mm) Uz pas\u016bt\u012bjuma<\/li>\n<li>SJ 45 (45x45x300mm) Uz pas\u016bt\u012bjuma<\/li>\n<li>SJ 45 (45x45x360mm) Uz pas\u016bt\u012bjuma<\/li>\n<li>SJ 60 (60x45x200mm) Uz pas\u016bt\u012bjuma<\/li>\n<li>SJ 60 (60x45x240mm) Uz pas\u016bt\u012bjuma<\/li>\n<li>SJ 60 (60x45x300mm) Uz pas\u016bt\u012bjuma<\/li>\n<li>SJ 60 (60x45x360mm) Uz pas\u016bt\u012bjuma<\/li>\n<li>SJ 60 (60x45x400mm) Uz pas\u016bt\u012bjuma<\/li>\n<li>SJ 90 (90x45x200mm) Uz pas\u016bt\u012bjuma<\/li>\n<li>SJ 90 (90x45x240mm) Uz pas\u016bt\u012bjuma<\/li>\n<li>SJ 90 (90x45x300mm) Uz pas\u016bt\u012bjuma<\/li>\n<li>SJ 90 (90x45x360mm) Uz pas\u016bt\u012bjuma<\/li>\n<li>SJ 90 (90x45x400mm) Uz pas\u016bt\u012bjuma<\/li>\n<\/ul>\n","protected":false},"featured_media":27827,"template":"","meta":{"_acf_changed":false},"product_cat":[4259],"product_tag":[],"class_list":{"0":"post-30355","1":"product","2":"type-product","3":"status-publish","4":"has-post-thumbnail","6":"product_cat-puiduhake-okosoojenduseks","8":"first","9":"onbackorder","10":"taxable","11":"shipping-taxable","12":"product-type-variable"},"acf":[],"yoast_head":"<!-- This site is optimized with the Yoast SEO plugin v24.2 - https:\/\/yoast.com\/wordpress\/plugins\/seo\/ -->\n<title>STEICO JOIST kok\u0161\u0137iedras sijas siltin\u0101juma stiprin\u0101\u0161anai &#8226; Vides Tehnika<\/title>\n<meta name=\"description\" content=\"STEICO JOIST kok\u0161\u0137iedras sijas paredz\u0113tas siltumizol\u0101cijas kok\u0161\u0137iedras pl\u0101k\u0161\u0146u stiprin\u0101\u0161anai pie jumta konstrukcij\u0101m.\" \/>\n<meta name=\"robots\" content=\"index, follow, max-snippet:-1, max-image-preview:large, max-video-preview:-1\" \/>\n<link rel=\"canonical\" href=\"https:\/\/videstehnika.lv\/et\/katalogs\/puiduhake-okosoojenduseks\/steico-joist-kokskiedras-sijas\/\" \/>\n<meta property=\"og:locale\" content=\"et_EE\" \/>\n<meta property=\"og:type\" content=\"article\" \/>\n<meta property=\"og:title\" content=\"STEICO JOIST kok\u0161\u0137iedras sijas siltin\u0101juma stiprin\u0101\u0161anai &#8226; Vides Tehnika\" \/>\n<meta property=\"og:description\" content=\"STEICO JOIST kok\u0161\u0137iedras sijas paredz\u0113tas siltumizol\u0101cijas kok\u0161\u0137iedras pl\u0101k\u0161\u0146u stiprin\u0101\u0161anai pie jumta konstrukcij\u0101m.\" \/>\n<meta property=\"og:url\" content=\"https:\/\/videstehnika.lv\/et\/katalogs\/puiduhake-okosoojenduseks\/steico-joist-kokskiedras-sijas\/\" \/>\n<meta property=\"og:site_name\" content=\"Vides Tehnika\" \/>\n<meta property=\"article:modified_time\" content=\"2023-11-19T11:31:09+00:00\" \/>\n<meta property=\"og:image\" content=\"https:\/\/videstehnika.lv\/wp-content\/uploads\/2020\/07\/vides-tehnika-steico-joist-kokskiedras-sijas.jpg\" \/>\n\t<meta property=\"og:image:width\" content=\"900\" \/>\n\t<meta property=\"og:image:height\" content=\"900\" \/>\n\t<meta property=\"og:image:type\" content=\"image\/jpeg\" \/>\n<meta name=\"twitter:card\" content=\"summary_large_image\" \/>\n<meta name=\"twitter:label1\" content=\"Est. reading time\" \/>\n\t<meta name=\"twitter:data1\" content=\"1 minut\" \/>\n<script type=\"application\/ld+json\" class=\"yoast-schema-graph\">{\"@context\":\"https:\/\/schema.org\",\"@graph\":[{\"@type\":\"WebPage\",\"@id\":\"https:\/\/videstehnika.lv\/et\/katalogs\/puiduhake-okosoojenduseks\/steico-joist-kokskiedras-sijas\/\",\"url\":\"https:\/\/videstehnika.lv\/et\/katalogs\/puiduhake-okosoojenduseks\/steico-joist-kokskiedras-sijas\/\",\"name\":\"STEICO JOIST kok\u0161\u0137iedras sijas siltin\u0101juma stiprin\u0101\u0161anai &#8226; Vides Tehnika\",\"isPartOf\":{\"@id\":\"https:\/\/videstehnika.lv\/et\/#website\"},\"primaryImageOfPage\":{\"@id\":\"https:\/\/videstehnika.lv\/et\/katalogs\/puiduhake-okosoojenduseks\/steico-joist-kokskiedras-sijas\/#primaryimage\"},\"image\":{\"@id\":\"https:\/\/videstehnika.lv\/et\/katalogs\/puiduhake-okosoojenduseks\/steico-joist-kokskiedras-sijas\/#primaryimage\"},\"thumbnailUrl\":\"https:\/\/videstehnika.lv\/wp-content\/uploads\/2020\/07\/vides-tehnika-steico-joist-kokskiedras-sijas.jpg\",\"datePublished\":\"2020-07-14T09:18:06+00:00\",\"dateModified\":\"2023-11-19T11:31:09+00:00\",\"description\":\"STEICO JOIST kok\u0161\u0137iedras sijas paredz\u0113tas siltumizol\u0101cijas kok\u0161\u0137iedras pl\u0101k\u0161\u0146u stiprin\u0101\u0161anai pie jumta konstrukcij\u0101m.\",\"breadcrumb\":{\"@id\":\"https:\/\/videstehnika.lv\/et\/katalogs\/puiduhake-okosoojenduseks\/steico-joist-kokskiedras-sijas\/#breadcrumb\"},\"inLanguage\":\"et\",\"potentialAction\":[{\"@type\":\"ReadAction\",\"target\":[\"https:\/\/videstehnika.lv\/et\/katalogs\/puiduhake-okosoojenduseks\/steico-joist-kokskiedras-sijas\/\"]}]},{\"@type\":\"ImageObject\",\"inLanguage\":\"et\",\"@id\":\"https:\/\/videstehnika.lv\/et\/katalogs\/puiduhake-okosoojenduseks\/steico-joist-kokskiedras-sijas\/#primaryimage\",\"url\":\"https:\/\/videstehnika.lv\/wp-content\/uploads\/2020\/07\/vides-tehnika-steico-joist-kokskiedras-sijas.jpg\",\"contentUrl\":\"https:\/\/videstehnika.lv\/wp-content\/uploads\/2020\/07\/vides-tehnika-steico-joist-kokskiedras-sijas.jpg\",\"width\":900,\"height\":900},{\"@type\":\"BreadcrumbList\",\"@id\":\"https:\/\/videstehnika.lv\/et\/katalogs\/puiduhake-okosoojenduseks\/steico-joist-kokskiedras-sijas\/#breadcrumb\",\"itemListElement\":[{\"@type\":\"ListItem\",\"position\":1,\"name\":\"Home\",\"item\":\"https:\/\/videstehnika.lv\/et\/\"},{\"@type\":\"ListItem\",\"position\":2,\"name\":\"Kataloog\",\"item\":\"https:\/\/videstehnika.lv\/et\/kataloog\/\"},{\"@type\":\"ListItem\",\"position\":3,\"name\":\"STEICO JOIST kiudtalad\"}]},{\"@type\":\"WebSite\",\"@id\":\"https:\/\/videstehnika.lv\/et\/#website\",\"url\":\"https:\/\/videstehnika.lv\/et\/\",\"name\":\"Vides Tehnika\",\"description\":\"\",\"potentialAction\":[{\"@type\":\"SearchAction\",\"target\":{\"@type\":\"EntryPoint\",\"urlTemplate\":\"https:\/\/videstehnika.lv\/et\/?s={search_term_string}\"},\"query-input\":{\"@type\":\"PropertyValueSpecification\",\"valueRequired\":true,\"valueName\":\"search_term_string\"}}],\"inLanguage\":\"et\"}]}<\/script>\n<!-- \/ Yoast SEO plugin. -->","yoast_head_json":{"title":"STEICO JOIST kok\u0161\u0137iedras sijas siltin\u0101juma stiprin\u0101\u0161anai &#8226; Vides Tehnika","description":"STEICO JOIST kok\u0161\u0137iedras sijas paredz\u0113tas siltumizol\u0101cijas kok\u0161\u0137iedras pl\u0101k\u0161\u0146u stiprin\u0101\u0161anai pie jumta konstrukcij\u0101m.","robots":{"index":"index","follow":"follow","max-snippet":"max-snippet:-1","max-image-preview":"max-image-preview:large","max-video-preview":"max-video-preview:-1"},"canonical":"https:\/\/videstehnika.lv\/et\/katalogs\/puiduhake-okosoojenduseks\/steico-joist-kokskiedras-sijas\/","og_locale":"et_EE","og_type":"article","og_title":"STEICO JOIST kok\u0161\u0137iedras sijas siltin\u0101juma stiprin\u0101\u0161anai &#8226; Vides Tehnika","og_description":"STEICO JOIST kok\u0161\u0137iedras sijas paredz\u0113tas siltumizol\u0101cijas kok\u0161\u0137iedras pl\u0101k\u0161\u0146u stiprin\u0101\u0161anai pie jumta konstrukcij\u0101m.","og_url":"https:\/\/videstehnika.lv\/et\/katalogs\/puiduhake-okosoojenduseks\/steico-joist-kokskiedras-sijas\/","og_site_name":"Vides Tehnika","article_modified_time":"2023-11-19T11:31:09+00:00","og_image":[{"width":900,"height":900,"url":"https:\/\/videstehnika.lv\/wp-content\/uploads\/2020\/07\/vides-tehnika-steico-joist-kokskiedras-sijas.jpg","type":"image\/jpeg"}],"twitter_card":"summary_large_image","twitter_misc":{"Est. reading time":"1 minut"},"schema":{"@context":"https:\/\/schema.org","@graph":[{"@type":"WebPage","@id":"https:\/\/videstehnika.lv\/et\/katalogs\/puiduhake-okosoojenduseks\/steico-joist-kokskiedras-sijas\/","url":"https:\/\/videstehnika.lv\/et\/katalogs\/puiduhake-okosoojenduseks\/steico-joist-kokskiedras-sijas\/","name":"STEICO JOIST kok\u0161\u0137iedras sijas siltin\u0101juma stiprin\u0101\u0161anai &#8226; Vides Tehnika","isPartOf":{"@id":"https:\/\/videstehnika.lv\/et\/#website"},"primaryImageOfPage":{"@id":"https:\/\/videstehnika.lv\/et\/katalogs\/puiduhake-okosoojenduseks\/steico-joist-kokskiedras-sijas\/#primaryimage"},"image":{"@id":"https:\/\/videstehnika.lv\/et\/katalogs\/puiduhake-okosoojenduseks\/steico-joist-kokskiedras-sijas\/#primaryimage"},"thumbnailUrl":"https:\/\/videstehnika.lv\/wp-content\/uploads\/2020\/07\/vides-tehnika-steico-joist-kokskiedras-sijas.jpg","datePublished":"2020-07-14T09:18:06+00:00","dateModified":"2023-11-19T11:31:09+00:00","description":"STEICO JOIST kok\u0161\u0137iedras sijas paredz\u0113tas siltumizol\u0101cijas kok\u0161\u0137iedras pl\u0101k\u0161\u0146u stiprin\u0101\u0161anai pie jumta konstrukcij\u0101m.","breadcrumb":{"@id":"https:\/\/videstehnika.lv\/et\/katalogs\/puiduhake-okosoojenduseks\/steico-joist-kokskiedras-sijas\/#breadcrumb"},"inLanguage":"et","potentialAction":[{"@type":"ReadAction","target":["https:\/\/videstehnika.lv\/et\/katalogs\/puiduhake-okosoojenduseks\/steico-joist-kokskiedras-sijas\/"]}]},{"@type":"ImageObject","inLanguage":"et","@id":"https:\/\/videstehnika.lv\/et\/katalogs\/puiduhake-okosoojenduseks\/steico-joist-kokskiedras-sijas\/#primaryimage","url":"https:\/\/videstehnika.lv\/wp-content\/uploads\/2020\/07\/vides-tehnika-steico-joist-kokskiedras-sijas.jpg","contentUrl":"https:\/\/videstehnika.lv\/wp-content\/uploads\/2020\/07\/vides-tehnika-steico-joist-kokskiedras-sijas.jpg","width":900,"height":900},{"@type":"BreadcrumbList","@id":"https:\/\/videstehnika.lv\/et\/katalogs\/puiduhake-okosoojenduseks\/steico-joist-kokskiedras-sijas\/#breadcrumb","itemListElement":[{"@type":"ListItem","position":1,"name":"Home","item":"https:\/\/videstehnika.lv\/et\/"},{"@type":"ListItem","position":2,"name":"Kataloog","item":"https:\/\/videstehnika.lv\/et\/kataloog\/"},{"@type":"ListItem","position":3,"name":"STEICO JOIST kiudtalad"}]},{"@type":"WebSite","@id":"https:\/\/videstehnika.lv\/et\/#website","url":"https:\/\/videstehnika.lv\/et\/","name":"Vides Tehnika","description":"","potentialAction":[{"@type":"SearchAction","target":{"@type":"EntryPoint","urlTemplate":"https:\/\/videstehnika.lv\/et\/?s={search_term_string}"},"query-input":{"@type":"PropertyValueSpecification","valueRequired":true,"valueName":"search_term_string"}}],"inLanguage":"et"}]}},"_links":{"self":[{"href":"https:\/\/videstehnika.lv\/et\/wp-json\/wp\/v2\/product\/30355","targetHints":{"allow":["GET"]}}],"collection":[{"href":"https:\/\/videstehnika.lv\/et\/wp-json\/wp\/v2\/product"}],"about":[{"href":"https:\/\/videstehnika.lv\/et\/wp-json\/wp\/v2\/types\/product"}],"wp:featuredmedia":[{"embeddable":true,"href":"https:\/\/videstehnika.lv\/et\/wp-json\/wp\/v2\/media\/27827"}],"wp:attachment":[{"href":"https:\/\/videstehnika.lv\/et\/wp-json\/wp\/v2\/media?parent=30355"}],"wp:term":[{"taxonomy":"product_cat","embeddable":true,"href":"https:\/\/videstehnika.lv\/et\/wp-json\/wp\/v2\/product_cat?post=30355"},{"taxonomy":"product_tag","embeddable":true,"href":"https:\/\/videstehnika.lv\/et\/wp-json\/wp\/v2\/product_tag?post=30355"}],"curies":[{"name":"wp","href":"https:\/\/api.w.org\/{rel}","templated":true}]}}