{"id":30385,"date":"2020-07-09T16:46:10","date_gmt":"2020-07-09T13:46:10","guid":{"rendered":"https:\/\/videstehnika.lv\/catalog\/maaratlemata\/kokskiedras-pretveja-plaksne-spundeta\/"},"modified":"2023-11-19T13:32:53","modified_gmt":"2023-11-19T11:32:53","slug":"kokskiedras-pretveja-plaksne-spundeta","status":"publish","type":"product","link":"https:\/\/videstehnika.lv\/et\/katalogs\/puiduhake-okosoojenduseks\/kokskiedras-pretveja-plaksne-spundeta\/","title":{"rendered":"Puitkiust tuulevastane plaat, needitud"},"content":{"rendered":"<h2>Puitkiust tuulevastane plaat, needitud<\/h2>\n<p>Puitkiust tuulevastased plaadid on t\u00f5hus tuultpidav soojusisolatsioonimaterjal, mis sobib hoonete v\u00e4lisseinte, lagede ja katusekatete t\u00e4ielikuks v\u00f5i osaliseks soojustamiseks. Tuulevastased plaadid on valmistatud loodusliku vaiguga immutatud okaspuulaastudest ja parafiinikihist, mis tagab plaatide pikaealisuse ja niiskuskindluse.<\/p>\n<p>Puitkiust tuulevastased plaadid sobivad kasutamiseks nii k\u00fclmas kui m\u00e4rjas kliimas, seega kaitsevad need suurep\u00e4raselt k\u00fclma ja niiskuse eest L\u00e4ti m\u00e4rgadel s\u00fcgistel ja k\u00fclmadel talvedel.<\/p>\n<h2>Tuulesuunajate eelised<\/h2>\n<ul>\n<li>Hoiab tuult tagasi;<\/li>\n<li>Moodustab soojusisolatsioonikihi;<\/li>\n<li>Suurendab pinna tugevust, paksust ja j\u00e4ikust;<\/li>\n<li>Tuulevastased plaadid aitavad kaitsta konstruktsioone ebasoodsate ilmastikutingimuste ja kliimam\u00f5jude eest, hoiavad tagasi tuult, tagades samal ajal hoone hingamise;<\/li>\n<li>Sobiv materjal puiste- ja kiudt\u00fc\u00fcpi soojusisolatsioonimaterjalide tugevdamiseks, mis samal ajal toimivad konstruktsioonide toena ja;<\/li>\n<li>Suurendab soojusisolatsioonimaterjalide efektiivsust;<\/li>\n<li>Lihtne ja mugav kokkupanek, mis ei n\u00f5ua spetsiifiliste oskuste ega tehnikate kasutamist;<\/li>\n<li>Plaadid on kahjustustele vastupidavad, h\u00f5lbustades oluliselt nende paigaldamist ega vaja nende eluea jooksul t\u00e4iendavat hooldust;<\/li>\n<li>\u00d6koloogiline materjal, ei sisalda kahjulikke ega allergilisi lisandeid;<\/li>\n<li>Sobib t\u00e4itmiseks, v\u00e4rvimiseks ja muuks edasiseks t\u00f6\u00f6tlemiseks.<\/li>\n<\/ul>\n<h3>Tuulevastaste plaatide pealekandmine<\/h3>\n<ul>\n<li>Hoonete v\u00e4lisseinte jaoks;<\/li>\n<li>lae jaoks;<\/li>\n<li>Katusekatteks.<\/li>\n<\/ul>\n","protected":false},"excerpt":{"rendered":"<p>Cena nor\u0101d\u012bta par pl\u0101ksni<\/p>\n<p><strong>Izm\u0113rs: 24x580x2500mm (1,45m2)<\/strong><\/p>\n","protected":false},"featured_media":28009,"template":"","meta":{"_acf_changed":false},"product_cat":[5222,4259],"product_tag":[],"class_list":{"0":"post-30385","1":"product","2":"type-product","3":"status-publish","4":"has-post-thumbnail","6":"product_cat-siltumizolacijas-materiali-et","7":"product_cat-puiduhake-okosoojenduseks","9":"first","10":"onbackorder","11":"taxable","12":"shipping-taxable","13":"product-type-simple"},"acf":[],"yoast_head":"<!-- This site is optimized with the Yoast SEO plugin v24.2 - https:\/\/yoast.com\/wordpress\/plugins\/seo\/ -->\n<title>Kok\u0161\u0137iedras pretv\u0113ja pl\u0101ksne spund\u0113ta ISOPLAAT&#8226; Vides Tehnika<\/title>\n<meta name=\"description\" content=\"Kok\u0161\u0137iedras pretv\u0113ja pl\u0101ksne spund\u0113ta ISOPLAAT ir v\u0113ja aizturo\u0161s siltumizol\u0101cijas materi\u0101ls, kas piem\u0113rots da\u017e\u0101du konstrukciju siltin\u0101\u0161anai.\" \/>\n<meta name=\"robots\" content=\"index, follow, max-snippet:-1, max-image-preview:large, max-video-preview:-1\" \/>\n<link rel=\"canonical\" href=\"https:\/\/videstehnika.lv\/et\/katalogs\/puiduhake-okosoojenduseks\/kokskiedras-pretveja-plaksne-spundeta\/\" \/>\n<meta property=\"og:locale\" content=\"et_EE\" \/>\n<meta property=\"og:type\" content=\"article\" \/>\n<meta property=\"og:title\" content=\"Kok\u0161\u0137iedras pretv\u0113ja pl\u0101ksne spund\u0113ta ISOPLAAT&#8226; Vides Tehnika\" \/>\n<meta property=\"og:description\" content=\"Kok\u0161\u0137iedras pretv\u0113ja pl\u0101ksne spund\u0113ta ISOPLAAT ir v\u0113ja aizturo\u0161s siltumizol\u0101cijas materi\u0101ls, kas piem\u0113rots da\u017e\u0101du konstrukciju siltin\u0101\u0161anai.\" \/>\n<meta property=\"og:url\" content=\"https:\/\/videstehnika.lv\/et\/katalogs\/puiduhake-okosoojenduseks\/kokskiedras-pretveja-plaksne-spundeta\/\" \/>\n<meta property=\"og:site_name\" content=\"Vides Tehnika\" \/>\n<meta property=\"article:modified_time\" content=\"2023-11-19T11:32:53+00:00\" \/>\n<meta property=\"og:image\" content=\"https:\/\/videstehnika.lv\/wp-content\/uploads\/2020\/07\/vides-tehnika-pretveja-plaksne-spundeta.jpg\" \/>\n\t<meta property=\"og:image:width\" content=\"900\" \/>\n\t<meta property=\"og:image:height\" content=\"900\" \/>\n\t<meta property=\"og:image:type\" content=\"image\/jpeg\" \/>\n<meta name=\"twitter:card\" content=\"summary_large_image\" \/>\n<meta name=\"twitter:label1\" content=\"Est. reading time\" \/>\n\t<meta name=\"twitter:data1\" content=\"1 minut\" \/>\n<script type=\"application\/ld+json\" class=\"yoast-schema-graph\">{\"@context\":\"https:\/\/schema.org\",\"@graph\":[{\"@type\":\"WebPage\",\"@id\":\"https:\/\/videstehnika.lv\/et\/katalogs\/puiduhake-okosoojenduseks\/kokskiedras-pretveja-plaksne-spundeta\/\",\"url\":\"https:\/\/videstehnika.lv\/et\/katalogs\/puiduhake-okosoojenduseks\/kokskiedras-pretveja-plaksne-spundeta\/\",\"name\":\"Kok\u0161\u0137iedras pretv\u0113ja pl\u0101ksne spund\u0113ta ISOPLAAT&#8226; Vides Tehnika\",\"isPartOf\":{\"@id\":\"https:\/\/videstehnika.lv\/et\/#website\"},\"primaryImageOfPage\":{\"@id\":\"https:\/\/videstehnika.lv\/et\/katalogs\/puiduhake-okosoojenduseks\/kokskiedras-pretveja-plaksne-spundeta\/#primaryimage\"},\"image\":{\"@id\":\"https:\/\/videstehnika.lv\/et\/katalogs\/puiduhake-okosoojenduseks\/kokskiedras-pretveja-plaksne-spundeta\/#primaryimage\"},\"thumbnailUrl\":\"https:\/\/videstehnika.lv\/wp-content\/uploads\/2020\/07\/vides-tehnika-pretveja-plaksne-spundeta.jpg\",\"datePublished\":\"2020-07-09T13:46:10+00:00\",\"dateModified\":\"2023-11-19T11:32:53+00:00\",\"description\":\"Kok\u0161\u0137iedras pretv\u0113ja pl\u0101ksne spund\u0113ta ISOPLAAT ir v\u0113ja aizturo\u0161s siltumizol\u0101cijas materi\u0101ls, kas piem\u0113rots da\u017e\u0101du konstrukciju siltin\u0101\u0161anai.\",\"breadcrumb\":{\"@id\":\"https:\/\/videstehnika.lv\/et\/katalogs\/puiduhake-okosoojenduseks\/kokskiedras-pretveja-plaksne-spundeta\/#breadcrumb\"},\"inLanguage\":\"et\",\"potentialAction\":[{\"@type\":\"ReadAction\",\"target\":[\"https:\/\/videstehnika.lv\/et\/katalogs\/puiduhake-okosoojenduseks\/kokskiedras-pretveja-plaksne-spundeta\/\"]}]},{\"@type\":\"ImageObject\",\"inLanguage\":\"et\",\"@id\":\"https:\/\/videstehnika.lv\/et\/katalogs\/puiduhake-okosoojenduseks\/kokskiedras-pretveja-plaksne-spundeta\/#primaryimage\",\"url\":\"https:\/\/videstehnika.lv\/wp-content\/uploads\/2020\/07\/vides-tehnika-pretveja-plaksne-spundeta.jpg\",\"contentUrl\":\"https:\/\/videstehnika.lv\/wp-content\/uploads\/2020\/07\/vides-tehnika-pretveja-plaksne-spundeta.jpg\",\"width\":900,\"height\":900},{\"@type\":\"BreadcrumbList\",\"@id\":\"https:\/\/videstehnika.lv\/et\/katalogs\/puiduhake-okosoojenduseks\/kokskiedras-pretveja-plaksne-spundeta\/#breadcrumb\",\"itemListElement\":[{\"@type\":\"ListItem\",\"position\":1,\"name\":\"Home\",\"item\":\"https:\/\/videstehnika.lv\/et\/\"},{\"@type\":\"ListItem\",\"position\":2,\"name\":\"Kataloog\",\"item\":\"https:\/\/videstehnika.lv\/et\/kataloog\/\"},{\"@type\":\"ListItem\",\"position\":3,\"name\":\"Puitkiust tuulevastane plaat, needitud\"}]},{\"@type\":\"WebSite\",\"@id\":\"https:\/\/videstehnika.lv\/et\/#website\",\"url\":\"https:\/\/videstehnika.lv\/et\/\",\"name\":\"Vides Tehnika\",\"description\":\"\",\"potentialAction\":[{\"@type\":\"SearchAction\",\"target\":{\"@type\":\"EntryPoint\",\"urlTemplate\":\"https:\/\/videstehnika.lv\/et\/?s={search_term_string}\"},\"query-input\":{\"@type\":\"PropertyValueSpecification\",\"valueRequired\":true,\"valueName\":\"search_term_string\"}}],\"inLanguage\":\"et\"}]}<\/script>\n<!-- \/ Yoast SEO plugin. -->","yoast_head_json":{"title":"Kok\u0161\u0137iedras pretv\u0113ja pl\u0101ksne spund\u0113ta ISOPLAAT&#8226; Vides Tehnika","description":"Kok\u0161\u0137iedras pretv\u0113ja pl\u0101ksne spund\u0113ta ISOPLAAT ir v\u0113ja aizturo\u0161s siltumizol\u0101cijas materi\u0101ls, kas piem\u0113rots da\u017e\u0101du konstrukciju siltin\u0101\u0161anai.","robots":{"index":"index","follow":"follow","max-snippet":"max-snippet:-1","max-image-preview":"max-image-preview:large","max-video-preview":"max-video-preview:-1"},"canonical":"https:\/\/videstehnika.lv\/et\/katalogs\/puiduhake-okosoojenduseks\/kokskiedras-pretveja-plaksne-spundeta\/","og_locale":"et_EE","og_type":"article","og_title":"Kok\u0161\u0137iedras pretv\u0113ja pl\u0101ksne spund\u0113ta ISOPLAAT&#8226; Vides Tehnika","og_description":"Kok\u0161\u0137iedras pretv\u0113ja pl\u0101ksne spund\u0113ta ISOPLAAT ir v\u0113ja aizturo\u0161s siltumizol\u0101cijas materi\u0101ls, kas piem\u0113rots da\u017e\u0101du konstrukciju siltin\u0101\u0161anai.","og_url":"https:\/\/videstehnika.lv\/et\/katalogs\/puiduhake-okosoojenduseks\/kokskiedras-pretveja-plaksne-spundeta\/","og_site_name":"Vides Tehnika","article_modified_time":"2023-11-19T11:32:53+00:00","og_image":[{"width":900,"height":900,"url":"https:\/\/videstehnika.lv\/wp-content\/uploads\/2020\/07\/vides-tehnika-pretveja-plaksne-spundeta.jpg","type":"image\/jpeg"}],"twitter_card":"summary_large_image","twitter_misc":{"Est. reading time":"1 minut"},"schema":{"@context":"https:\/\/schema.org","@graph":[{"@type":"WebPage","@id":"https:\/\/videstehnika.lv\/et\/katalogs\/puiduhake-okosoojenduseks\/kokskiedras-pretveja-plaksne-spundeta\/","url":"https:\/\/videstehnika.lv\/et\/katalogs\/puiduhake-okosoojenduseks\/kokskiedras-pretveja-plaksne-spundeta\/","name":"Kok\u0161\u0137iedras pretv\u0113ja pl\u0101ksne spund\u0113ta ISOPLAAT&#8226; Vides Tehnika","isPartOf":{"@id":"https:\/\/videstehnika.lv\/et\/#website"},"primaryImageOfPage":{"@id":"https:\/\/videstehnika.lv\/et\/katalogs\/puiduhake-okosoojenduseks\/kokskiedras-pretveja-plaksne-spundeta\/#primaryimage"},"image":{"@id":"https:\/\/videstehnika.lv\/et\/katalogs\/puiduhake-okosoojenduseks\/kokskiedras-pretveja-plaksne-spundeta\/#primaryimage"},"thumbnailUrl":"https:\/\/videstehnika.lv\/wp-content\/uploads\/2020\/07\/vides-tehnika-pretveja-plaksne-spundeta.jpg","datePublished":"2020-07-09T13:46:10+00:00","dateModified":"2023-11-19T11:32:53+00:00","description":"Kok\u0161\u0137iedras pretv\u0113ja pl\u0101ksne spund\u0113ta ISOPLAAT ir v\u0113ja aizturo\u0161s siltumizol\u0101cijas materi\u0101ls, kas piem\u0113rots da\u017e\u0101du konstrukciju siltin\u0101\u0161anai.","breadcrumb":{"@id":"https:\/\/videstehnika.lv\/et\/katalogs\/puiduhake-okosoojenduseks\/kokskiedras-pretveja-plaksne-spundeta\/#breadcrumb"},"inLanguage":"et","potentialAction":[{"@type":"ReadAction","target":["https:\/\/videstehnika.lv\/et\/katalogs\/puiduhake-okosoojenduseks\/kokskiedras-pretveja-plaksne-spundeta\/"]}]},{"@type":"ImageObject","inLanguage":"et","@id":"https:\/\/videstehnika.lv\/et\/katalogs\/puiduhake-okosoojenduseks\/kokskiedras-pretveja-plaksne-spundeta\/#primaryimage","url":"https:\/\/videstehnika.lv\/wp-content\/uploads\/2020\/07\/vides-tehnika-pretveja-plaksne-spundeta.jpg","contentUrl":"https:\/\/videstehnika.lv\/wp-content\/uploads\/2020\/07\/vides-tehnika-pretveja-plaksne-spundeta.jpg","width":900,"height":900},{"@type":"BreadcrumbList","@id":"https:\/\/videstehnika.lv\/et\/katalogs\/puiduhake-okosoojenduseks\/kokskiedras-pretveja-plaksne-spundeta\/#breadcrumb","itemListElement":[{"@type":"ListItem","position":1,"name":"Home","item":"https:\/\/videstehnika.lv\/et\/"},{"@type":"ListItem","position":2,"name":"Kataloog","item":"https:\/\/videstehnika.lv\/et\/kataloog\/"},{"@type":"ListItem","position":3,"name":"Puitkiust tuulevastane plaat, needitud"}]},{"@type":"WebSite","@id":"https:\/\/videstehnika.lv\/et\/#website","url":"https:\/\/videstehnika.lv\/et\/","name":"Vides Tehnika","description":"","potentialAction":[{"@type":"SearchAction","target":{"@type":"EntryPoint","urlTemplate":"https:\/\/videstehnika.lv\/et\/?s={search_term_string}"},"query-input":{"@type":"PropertyValueSpecification","valueRequired":true,"valueName":"search_term_string"}}],"inLanguage":"et"}]}},"_links":{"self":[{"href":"https:\/\/videstehnika.lv\/et\/wp-json\/wp\/v2\/product\/30385","targetHints":{"allow":["GET"]}}],"collection":[{"href":"https:\/\/videstehnika.lv\/et\/wp-json\/wp\/v2\/product"}],"about":[{"href":"https:\/\/videstehnika.lv\/et\/wp-json\/wp\/v2\/types\/product"}],"wp:featuredmedia":[{"embeddable":true,"href":"https:\/\/videstehnika.lv\/et\/wp-json\/wp\/v2\/media\/28009"}],"wp:attachment":[{"href":"https:\/\/videstehnika.lv\/et\/wp-json\/wp\/v2\/media?parent=30385"}],"wp:term":[{"taxonomy":"product_cat","embeddable":true,"href":"https:\/\/videstehnika.lv\/et\/wp-json\/wp\/v2\/product_cat?post=30385"},{"taxonomy":"product_tag","embeddable":true,"href":"https:\/\/videstehnika.lv\/et\/wp-json\/wp\/v2\/product_tag?post=30385"}],"curies":[{"name":"wp","href":"https:\/\/api.w.org\/{rel}","templated":true}]}}