{"id":30389,"date":"2020-07-09T15:52:40","date_gmt":"2020-07-09T12:52:40","guid":{"rendered":"https:\/\/videstehnika.lv\/catalog\/maaratlemata\/kokskiedras-plaksnes-steico-underfloor\/"},"modified":"2023-11-19T13:55:17","modified_gmt":"2023-11-19T11:55:17","slug":"kokskiedras-plaksnes-steico-underfloor","status":"publish","type":"product","link":"https:\/\/videstehnika.lv\/et\/katalogs\/puiduhake-okosoojenduseks\/kokskiedras-plaksnes-steico-underfloor\/","title":{"rendered":"STEICO Underfloor puitkiudplaadid"},"content":{"rendered":"<h2>Puitkiudplaadid &#8220;STEICO Underfloor&#8221;<\/h2>\n<p>Puitkiudplaadid &#8220;STEICO Underfloor&#8221; on m\u00f5eldud laminaadi v\u00f5i parketi alla ladumiseks, tagades t\u00e4iusliku m\u00fcrasummutuse. STEICO Underflooriga v\u00f5ite olla kindel, et te ei sega oma naabreid ega h\u00e4iri teid naabrid.<\/p>\n<h2><strong>STEICO Underfloor eeliseid<\/strong><\/h2>\n<ul>\n<li>Lihtne ja lihtne kasutada, odav paigaldus;<\/li>\n<li>Ideaalne heliisolatsioon;<\/li>\n<li>Parandab ruumi akustikat;<\/li>\n<li>Soodustab p\u00f5randate soojusisolatsiooni;<\/li>\n<li>Suurep\u00e4rased difusiooniv\u00f5imed;<\/li>\n<li>\u00d6koloogiliselt puhas, keskkonna- ja inims\u00f5bralik materjal;<\/li>\n<li>Allergiavastane materjal, ei \u00e4rrita nahka;<\/li>\n<li>Sobib taaskasutamiseks;<\/li>\n<li>Sertifitseeritud materjal, mis on toodetud vastavalt Euroopa kvaliteedin\u00f5uetele.<\/li>\n<\/ul>\n<h3><strong>STEICO Underfloor rakendus<\/strong><\/h3>\n<ul>\n<li>Sobib kasutamiseks p\u00f5randatel, p\u00f5randakatte alla ladumisel.<\/li>\n<\/ul>\n","protected":false},"excerpt":{"rendered":"<p>Cena nor\u0101d\u012bta par paku<\/p>\n","protected":false},"featured_media":27798,"template":"","meta":{"_acf_changed":false},"product_cat":[5222,4259],"product_tag":[],"class_list":{"0":"post-30389","1":"product","2":"type-product","3":"status-publish","4":"has-post-thumbnail","6":"product_cat-siltumizolacijas-materiali-et","7":"product_cat-puiduhake-okosoojenduseks","9":"first","10":"instock","11":"taxable","12":"shipping-taxable","13":"purchasable","14":"product-type-variable"},"acf":[],"yoast_head":"<!-- This site is optimized with the Yoast SEO plugin v24.2 - https:\/\/yoast.com\/wordpress\/plugins\/seo\/ -->\n<title>Kok\u0161\u0137iedras pl\u0101ksnes &quot;STEICO Underfloor&quot; &#8226; Vides Tehnika<\/title>\n<meta name=\"description\" content=\"Kok\u0161\u0137iedras pl\u0101ksnes &quot;STEICO Underfloor&quot; paredz\u0113tas iekl\u0101\u0161anai zem lamin\u0101ta vai parketa, garant\u0113jot perfektu trok\u0161\u0146u sl\u0101p\u0113\u0161anu.\" \/>\n<meta name=\"robots\" content=\"index, follow, max-snippet:-1, max-image-preview:large, max-video-preview:-1\" \/>\n<link rel=\"canonical\" href=\"https:\/\/videstehnika.lv\/et\/katalogs\/puiduhake-okosoojenduseks\/kokskiedras-plaksnes-steico-underfloor\/\" \/>\n<meta property=\"og:locale\" content=\"et_EE\" \/>\n<meta property=\"og:type\" content=\"article\" \/>\n<meta property=\"og:title\" content=\"Kok\u0161\u0137iedras pl\u0101ksnes &quot;STEICO Underfloor&quot; &#8226; Vides Tehnika\" \/>\n<meta property=\"og:description\" content=\"Kok\u0161\u0137iedras pl\u0101ksnes &quot;STEICO Underfloor&quot; paredz\u0113tas iekl\u0101\u0161anai zem lamin\u0101ta vai parketa, garant\u0113jot perfektu trok\u0161\u0146u sl\u0101p\u0113\u0161anu.\" \/>\n<meta property=\"og:url\" content=\"https:\/\/videstehnika.lv\/et\/katalogs\/puiduhake-okosoojenduseks\/kokskiedras-plaksnes-steico-underfloor\/\" \/>\n<meta property=\"og:site_name\" content=\"Vides Tehnika\" \/>\n<meta property=\"article:modified_time\" content=\"2023-11-19T11:55:17+00:00\" \/>\n<meta property=\"og:image\" content=\"https:\/\/videstehnika.lv\/wp-content\/uploads\/2020\/07\/vides-tehnika-kokskiedras-plaksnes-steico-underfloor.jpg\" \/>\n\t<meta property=\"og:image:width\" content=\"900\" \/>\n\t<meta property=\"og:image:height\" content=\"900\" \/>\n\t<meta property=\"og:image:type\" content=\"image\/jpeg\" \/>\n<meta name=\"twitter:card\" content=\"summary_large_image\" \/>\n<meta name=\"twitter:label1\" content=\"Est. reading time\" \/>\n\t<meta name=\"twitter:data1\" content=\"1 minut\" \/>\n<script type=\"application\/ld+json\" class=\"yoast-schema-graph\">{\"@context\":\"https:\/\/schema.org\",\"@graph\":[{\"@type\":\"WebPage\",\"@id\":\"https:\/\/videstehnika.lv\/et\/katalogs\/puiduhake-okosoojenduseks\/kokskiedras-plaksnes-steico-underfloor\/\",\"url\":\"https:\/\/videstehnika.lv\/et\/katalogs\/puiduhake-okosoojenduseks\/kokskiedras-plaksnes-steico-underfloor\/\",\"name\":\"Kok\u0161\u0137iedras pl\u0101ksnes \\\"STEICO Underfloor\\\" &#8226; Vides Tehnika\",\"isPartOf\":{\"@id\":\"https:\/\/videstehnika.lv\/et\/#website\"},\"primaryImageOfPage\":{\"@id\":\"https:\/\/videstehnika.lv\/et\/katalogs\/puiduhake-okosoojenduseks\/kokskiedras-plaksnes-steico-underfloor\/#primaryimage\"},\"image\":{\"@id\":\"https:\/\/videstehnika.lv\/et\/katalogs\/puiduhake-okosoojenduseks\/kokskiedras-plaksnes-steico-underfloor\/#primaryimage\"},\"thumbnailUrl\":\"https:\/\/videstehnika.lv\/wp-content\/uploads\/2020\/07\/vides-tehnika-kokskiedras-plaksnes-steico-underfloor.jpg\",\"datePublished\":\"2020-07-09T12:52:40+00:00\",\"dateModified\":\"2023-11-19T11:55:17+00:00\",\"description\":\"Kok\u0161\u0137iedras pl\u0101ksnes \\\"STEICO Underfloor\\\" paredz\u0113tas iekl\u0101\u0161anai zem lamin\u0101ta vai parketa, garant\u0113jot perfektu trok\u0161\u0146u sl\u0101p\u0113\u0161anu.\",\"breadcrumb\":{\"@id\":\"https:\/\/videstehnika.lv\/et\/katalogs\/puiduhake-okosoojenduseks\/kokskiedras-plaksnes-steico-underfloor\/#breadcrumb\"},\"inLanguage\":\"et\",\"potentialAction\":[{\"@type\":\"ReadAction\",\"target\":[\"https:\/\/videstehnika.lv\/et\/katalogs\/puiduhake-okosoojenduseks\/kokskiedras-plaksnes-steico-underfloor\/\"]}]},{\"@type\":\"ImageObject\",\"inLanguage\":\"et\",\"@id\":\"https:\/\/videstehnika.lv\/et\/katalogs\/puiduhake-okosoojenduseks\/kokskiedras-plaksnes-steico-underfloor\/#primaryimage\",\"url\":\"https:\/\/videstehnika.lv\/wp-content\/uploads\/2020\/07\/vides-tehnika-kokskiedras-plaksnes-steico-underfloor.jpg\",\"contentUrl\":\"https:\/\/videstehnika.lv\/wp-content\/uploads\/2020\/07\/vides-tehnika-kokskiedras-plaksnes-steico-underfloor.jpg\",\"width\":900,\"height\":900},{\"@type\":\"BreadcrumbList\",\"@id\":\"https:\/\/videstehnika.lv\/et\/katalogs\/puiduhake-okosoojenduseks\/kokskiedras-plaksnes-steico-underfloor\/#breadcrumb\",\"itemListElement\":[{\"@type\":\"ListItem\",\"position\":1,\"name\":\"Home\",\"item\":\"https:\/\/videstehnika.lv\/et\/\"},{\"@type\":\"ListItem\",\"position\":2,\"name\":\"Kataloog\",\"item\":\"https:\/\/videstehnika.lv\/et\/kataloog\/\"},{\"@type\":\"ListItem\",\"position\":3,\"name\":\"STEICO Underfloor puitkiudplaadid\"}]},{\"@type\":\"WebSite\",\"@id\":\"https:\/\/videstehnika.lv\/et\/#website\",\"url\":\"https:\/\/videstehnika.lv\/et\/\",\"name\":\"Vides Tehnika\",\"description\":\"\",\"potentialAction\":[{\"@type\":\"SearchAction\",\"target\":{\"@type\":\"EntryPoint\",\"urlTemplate\":\"https:\/\/videstehnika.lv\/et\/?s={search_term_string}\"},\"query-input\":{\"@type\":\"PropertyValueSpecification\",\"valueRequired\":true,\"valueName\":\"search_term_string\"}}],\"inLanguage\":\"et\"}]}<\/script>\n<!-- \/ Yoast SEO plugin. -->","yoast_head_json":{"title":"Kok\u0161\u0137iedras pl\u0101ksnes \"STEICO Underfloor\" &#8226; Vides Tehnika","description":"Kok\u0161\u0137iedras pl\u0101ksnes \"STEICO Underfloor\" paredz\u0113tas iekl\u0101\u0161anai zem lamin\u0101ta vai parketa, garant\u0113jot perfektu trok\u0161\u0146u sl\u0101p\u0113\u0161anu.","robots":{"index":"index","follow":"follow","max-snippet":"max-snippet:-1","max-image-preview":"max-image-preview:large","max-video-preview":"max-video-preview:-1"},"canonical":"https:\/\/videstehnika.lv\/et\/katalogs\/puiduhake-okosoojenduseks\/kokskiedras-plaksnes-steico-underfloor\/","og_locale":"et_EE","og_type":"article","og_title":"Kok\u0161\u0137iedras pl\u0101ksnes \"STEICO Underfloor\" &#8226; Vides Tehnika","og_description":"Kok\u0161\u0137iedras pl\u0101ksnes \"STEICO Underfloor\" paredz\u0113tas iekl\u0101\u0161anai zem lamin\u0101ta vai parketa, garant\u0113jot perfektu trok\u0161\u0146u sl\u0101p\u0113\u0161anu.","og_url":"https:\/\/videstehnika.lv\/et\/katalogs\/puiduhake-okosoojenduseks\/kokskiedras-plaksnes-steico-underfloor\/","og_site_name":"Vides Tehnika","article_modified_time":"2023-11-19T11:55:17+00:00","og_image":[{"width":900,"height":900,"url":"https:\/\/videstehnika.lv\/wp-content\/uploads\/2020\/07\/vides-tehnika-kokskiedras-plaksnes-steico-underfloor.jpg","type":"image\/jpeg"}],"twitter_card":"summary_large_image","twitter_misc":{"Est. reading time":"1 minut"},"schema":{"@context":"https:\/\/schema.org","@graph":[{"@type":"WebPage","@id":"https:\/\/videstehnika.lv\/et\/katalogs\/puiduhake-okosoojenduseks\/kokskiedras-plaksnes-steico-underfloor\/","url":"https:\/\/videstehnika.lv\/et\/katalogs\/puiduhake-okosoojenduseks\/kokskiedras-plaksnes-steico-underfloor\/","name":"Kok\u0161\u0137iedras pl\u0101ksnes \"STEICO Underfloor\" &#8226; Vides Tehnika","isPartOf":{"@id":"https:\/\/videstehnika.lv\/et\/#website"},"primaryImageOfPage":{"@id":"https:\/\/videstehnika.lv\/et\/katalogs\/puiduhake-okosoojenduseks\/kokskiedras-plaksnes-steico-underfloor\/#primaryimage"},"image":{"@id":"https:\/\/videstehnika.lv\/et\/katalogs\/puiduhake-okosoojenduseks\/kokskiedras-plaksnes-steico-underfloor\/#primaryimage"},"thumbnailUrl":"https:\/\/videstehnika.lv\/wp-content\/uploads\/2020\/07\/vides-tehnika-kokskiedras-plaksnes-steico-underfloor.jpg","datePublished":"2020-07-09T12:52:40+00:00","dateModified":"2023-11-19T11:55:17+00:00","description":"Kok\u0161\u0137iedras pl\u0101ksnes \"STEICO Underfloor\" paredz\u0113tas iekl\u0101\u0161anai zem lamin\u0101ta vai parketa, garant\u0113jot perfektu trok\u0161\u0146u sl\u0101p\u0113\u0161anu.","breadcrumb":{"@id":"https:\/\/videstehnika.lv\/et\/katalogs\/puiduhake-okosoojenduseks\/kokskiedras-plaksnes-steico-underfloor\/#breadcrumb"},"inLanguage":"et","potentialAction":[{"@type":"ReadAction","target":["https:\/\/videstehnika.lv\/et\/katalogs\/puiduhake-okosoojenduseks\/kokskiedras-plaksnes-steico-underfloor\/"]}]},{"@type":"ImageObject","inLanguage":"et","@id":"https:\/\/videstehnika.lv\/et\/katalogs\/puiduhake-okosoojenduseks\/kokskiedras-plaksnes-steico-underfloor\/#primaryimage","url":"https:\/\/videstehnika.lv\/wp-content\/uploads\/2020\/07\/vides-tehnika-kokskiedras-plaksnes-steico-underfloor.jpg","contentUrl":"https:\/\/videstehnika.lv\/wp-content\/uploads\/2020\/07\/vides-tehnika-kokskiedras-plaksnes-steico-underfloor.jpg","width":900,"height":900},{"@type":"BreadcrumbList","@id":"https:\/\/videstehnika.lv\/et\/katalogs\/puiduhake-okosoojenduseks\/kokskiedras-plaksnes-steico-underfloor\/#breadcrumb","itemListElement":[{"@type":"ListItem","position":1,"name":"Home","item":"https:\/\/videstehnika.lv\/et\/"},{"@type":"ListItem","position":2,"name":"Kataloog","item":"https:\/\/videstehnika.lv\/et\/kataloog\/"},{"@type":"ListItem","position":3,"name":"STEICO Underfloor puitkiudplaadid"}]},{"@type":"WebSite","@id":"https:\/\/videstehnika.lv\/et\/#website","url":"https:\/\/videstehnika.lv\/et\/","name":"Vides Tehnika","description":"","potentialAction":[{"@type":"SearchAction","target":{"@type":"EntryPoint","urlTemplate":"https:\/\/videstehnika.lv\/et\/?s={search_term_string}"},"query-input":{"@type":"PropertyValueSpecification","valueRequired":true,"valueName":"search_term_string"}}],"inLanguage":"et"}]}},"_links":{"self":[{"href":"https:\/\/videstehnika.lv\/et\/wp-json\/wp\/v2\/product\/30389","targetHints":{"allow":["GET"]}}],"collection":[{"href":"https:\/\/videstehnika.lv\/et\/wp-json\/wp\/v2\/product"}],"about":[{"href":"https:\/\/videstehnika.lv\/et\/wp-json\/wp\/v2\/types\/product"}],"wp:featuredmedia":[{"embeddable":true,"href":"https:\/\/videstehnika.lv\/et\/wp-json\/wp\/v2\/media\/27798"}],"wp:attachment":[{"href":"https:\/\/videstehnika.lv\/et\/wp-json\/wp\/v2\/media?parent=30389"}],"wp:term":[{"taxonomy":"product_cat","embeddable":true,"href":"https:\/\/videstehnika.lv\/et\/wp-json\/wp\/v2\/product_cat?post=30389"},{"taxonomy":"product_tag","embeddable":true,"href":"https:\/\/videstehnika.lv\/et\/wp-json\/wp\/v2\/product_tag?post=30389"}],"curies":[{"name":"wp","href":"https:\/\/api.w.org\/{rel}","templated":true}]}}