{"id":30399,"date":"2020-07-08T16:03:41","date_gmt":"2020-07-08T13:03:41","guid":{"rendered":"https:\/\/videstehnika.lv\/catalog\/maaratlemata\/steico-floor-kokskiedras-plaksnes\/"},"modified":"2023-11-19T13:38:35","modified_gmt":"2023-11-19T11:38:35","slug":"steico-floor-kokskiedras-plaksnes","status":"publish","type":"product","link":"https:\/\/videstehnika.lv\/et\/katalogs\/puiduhake-okosoojenduseks\/steico-floor-kokskiedras-plaksnes\/","title":{"rendered":"STEICO Floor puitkiudplaadid"},"content":{"rendered":"<h2>Puitkiudplaadid &#8220;STEICO Floor&#8221;<\/h2>\n<p>Liistuga puitkiudplaadid &#8220;STEICO Floor&#8221; on m\u00f5eldud p\u00f5randakatte soojusisolatsiooni soodustamiseks ja heli\/m\u00fcra summutamiseks, k\u00f5rvaldades p\u00f5randakattes akustilised t\u00fchimikud.<\/p>\n<h2>STEICO Floor eeliseid<\/h2>\n<ul>\n<li>Lihtne ja lihtne kasutada, odav paigaldus;<\/li>\n<li>Ideaalne heliisolatsioon;<\/li>\n<li>Parandab ruumi akustikat;<\/li>\n<li>Soodustab p\u00f5randate soojusisolatsiooni;<\/li>\n<li>Suurep\u00e4rased difusiooniv\u00f5imed;<\/li>\n<li>\u00d6koloogiliselt puhas, keskkonna- ja inims\u00f5bralik materjal;<\/li>\n<li>Allergiavastane materjal, ei \u00e4rrita nahka;<\/li>\n<li>Sobib taaskasutamiseks;<\/li>\n<li>Sertifitseeritud materjal, mis on toodetud vastavalt Euroopa kvaliteedin\u00f5uetele.<\/li>\n<\/ul>\n<h3>STEICO Floor rakendus<\/h3>\n<ul>\n<li>P\u00f5randate jaoks k\u00f5va p\u00f5randakatte alla panemine.<\/li>\n<\/ul>\n","protected":false},"excerpt":{"rendered":"<p>Cena nor\u0101d\u012bta par pl\u0101ksni<\/p>\n<p><strong>Izm\u0113ri: 40x1200x380mm\u00a0<\/strong><\/p>\n","protected":false},"featured_media":27784,"template":"","meta":{"_acf_changed":false},"product_cat":[5222,4259],"product_tag":[],"class_list":{"0":"post-30399","1":"product","2":"type-product","3":"status-publish","4":"has-post-thumbnail","6":"product_cat-siltumizolacijas-materiali-et","7":"product_cat-puiduhake-okosoojenduseks","9":"first","10":"onbackorder","11":"taxable","12":"shipping-taxable","13":"purchasable","14":"product-type-simple"},"acf":[],"yoast_head":"<!-- This site is optimized with the Yoast SEO plugin v24.2 - https:\/\/yoast.com\/wordpress\/plugins\/seo\/ -->\n<title>STEICO Floor puitkiudplaadid &#8226; Vides Tehnika<\/title>\n<meta name=\"description\" content=\"STEICO Floor kok\u0161\u0137iedras pl\u0101ksnes ar spundi paredz\u0113tas gr\u012bdas seguma siltumizol\u0101cijas veicin\u0101\u0161anai un ska\u0146as\/trok\u0161\u0146a sl\u0101p\u0113\u0161anai.\" \/>\n<meta name=\"robots\" content=\"index, follow, max-snippet:-1, max-image-preview:large, max-video-preview:-1\" \/>\n<link rel=\"canonical\" href=\"https:\/\/videstehnika.lv\/et\/katalogs\/puiduhake-okosoojenduseks\/steico-floor-kokskiedras-plaksnes\/\" \/>\n<meta property=\"og:locale\" content=\"et_EE\" \/>\n<meta property=\"og:type\" content=\"article\" \/>\n<meta property=\"og:title\" content=\"STEICO Floor puitkiudplaadid &#8226; Vides Tehnika\" \/>\n<meta property=\"og:description\" content=\"STEICO Floor kok\u0161\u0137iedras pl\u0101ksnes ar spundi paredz\u0113tas gr\u012bdas seguma siltumizol\u0101cijas veicin\u0101\u0161anai un ska\u0146as\/trok\u0161\u0146a sl\u0101p\u0113\u0161anai.\" \/>\n<meta property=\"og:url\" content=\"https:\/\/videstehnika.lv\/et\/katalogs\/puiduhake-okosoojenduseks\/steico-floor-kokskiedras-plaksnes\/\" \/>\n<meta property=\"og:site_name\" content=\"Vides Tehnika\" \/>\n<meta property=\"article:modified_time\" content=\"2023-11-19T11:38:35+00:00\" \/>\n<meta property=\"og:image\" content=\"https:\/\/videstehnika.lv\/wp-content\/uploads\/2020\/07\/vides-tehnika-kokskiedras-plaksnes-steico-floor.jpg\" \/>\n\t<meta property=\"og:image:width\" content=\"900\" \/>\n\t<meta property=\"og:image:height\" content=\"900\" \/>\n\t<meta property=\"og:image:type\" content=\"image\/jpeg\" \/>\n<meta name=\"twitter:card\" content=\"summary_large_image\" \/>\n<meta name=\"twitter:label1\" content=\"Est. reading time\" \/>\n\t<meta name=\"twitter:data1\" content=\"1 minut\" \/>\n<script type=\"application\/ld+json\" class=\"yoast-schema-graph\">{\"@context\":\"https:\/\/schema.org\",\"@graph\":[{\"@type\":\"WebPage\",\"@id\":\"https:\/\/videstehnika.lv\/et\/katalogs\/puiduhake-okosoojenduseks\/steico-floor-kokskiedras-plaksnes\/\",\"url\":\"https:\/\/videstehnika.lv\/et\/katalogs\/puiduhake-okosoojenduseks\/steico-floor-kokskiedras-plaksnes\/\",\"name\":\"STEICO Floor puitkiudplaadid &#8226; Vides Tehnika\",\"isPartOf\":{\"@id\":\"https:\/\/videstehnika.lv\/et\/#website\"},\"primaryImageOfPage\":{\"@id\":\"https:\/\/videstehnika.lv\/et\/katalogs\/puiduhake-okosoojenduseks\/steico-floor-kokskiedras-plaksnes\/#primaryimage\"},\"image\":{\"@id\":\"https:\/\/videstehnika.lv\/et\/katalogs\/puiduhake-okosoojenduseks\/steico-floor-kokskiedras-plaksnes\/#primaryimage\"},\"thumbnailUrl\":\"https:\/\/videstehnika.lv\/wp-content\/uploads\/2020\/07\/vides-tehnika-kokskiedras-plaksnes-steico-floor.jpg\",\"datePublished\":\"2020-07-08T13:03:41+00:00\",\"dateModified\":\"2023-11-19T11:38:35+00:00\",\"description\":\"STEICO Floor kok\u0161\u0137iedras pl\u0101ksnes ar spundi paredz\u0113tas gr\u012bdas seguma siltumizol\u0101cijas veicin\u0101\u0161anai un ska\u0146as\/trok\u0161\u0146a sl\u0101p\u0113\u0161anai.\",\"breadcrumb\":{\"@id\":\"https:\/\/videstehnika.lv\/et\/katalogs\/puiduhake-okosoojenduseks\/steico-floor-kokskiedras-plaksnes\/#breadcrumb\"},\"inLanguage\":\"et\",\"potentialAction\":[{\"@type\":\"ReadAction\",\"target\":[\"https:\/\/videstehnika.lv\/et\/katalogs\/puiduhake-okosoojenduseks\/steico-floor-kokskiedras-plaksnes\/\"]}]},{\"@type\":\"ImageObject\",\"inLanguage\":\"et\",\"@id\":\"https:\/\/videstehnika.lv\/et\/katalogs\/puiduhake-okosoojenduseks\/steico-floor-kokskiedras-plaksnes\/#primaryimage\",\"url\":\"https:\/\/videstehnika.lv\/wp-content\/uploads\/2020\/07\/vides-tehnika-kokskiedras-plaksnes-steico-floor.jpg\",\"contentUrl\":\"https:\/\/videstehnika.lv\/wp-content\/uploads\/2020\/07\/vides-tehnika-kokskiedras-plaksnes-steico-floor.jpg\",\"width\":900,\"height\":900},{\"@type\":\"BreadcrumbList\",\"@id\":\"https:\/\/videstehnika.lv\/et\/katalogs\/puiduhake-okosoojenduseks\/steico-floor-kokskiedras-plaksnes\/#breadcrumb\",\"itemListElement\":[{\"@type\":\"ListItem\",\"position\":1,\"name\":\"Home\",\"item\":\"https:\/\/videstehnika.lv\/et\/\"},{\"@type\":\"ListItem\",\"position\":2,\"name\":\"Kataloog\",\"item\":\"https:\/\/videstehnika.lv\/et\/kataloog\/\"},{\"@type\":\"ListItem\",\"position\":3,\"name\":\"STEICO Floor puitkiudplaadid\"}]},{\"@type\":\"WebSite\",\"@id\":\"https:\/\/videstehnika.lv\/et\/#website\",\"url\":\"https:\/\/videstehnika.lv\/et\/\",\"name\":\"Vides Tehnika\",\"description\":\"\",\"potentialAction\":[{\"@type\":\"SearchAction\",\"target\":{\"@type\":\"EntryPoint\",\"urlTemplate\":\"https:\/\/videstehnika.lv\/et\/?s={search_term_string}\"},\"query-input\":{\"@type\":\"PropertyValueSpecification\",\"valueRequired\":true,\"valueName\":\"search_term_string\"}}],\"inLanguage\":\"et\"}]}<\/script>\n<!-- \/ Yoast SEO plugin. -->","yoast_head_json":{"title":"STEICO Floor puitkiudplaadid &#8226; Vides Tehnika","description":"STEICO Floor kok\u0161\u0137iedras pl\u0101ksnes ar spundi paredz\u0113tas gr\u012bdas seguma siltumizol\u0101cijas veicin\u0101\u0161anai un ska\u0146as\/trok\u0161\u0146a sl\u0101p\u0113\u0161anai.","robots":{"index":"index","follow":"follow","max-snippet":"max-snippet:-1","max-image-preview":"max-image-preview:large","max-video-preview":"max-video-preview:-1"},"canonical":"https:\/\/videstehnika.lv\/et\/katalogs\/puiduhake-okosoojenduseks\/steico-floor-kokskiedras-plaksnes\/","og_locale":"et_EE","og_type":"article","og_title":"STEICO Floor puitkiudplaadid &#8226; Vides Tehnika","og_description":"STEICO Floor kok\u0161\u0137iedras pl\u0101ksnes ar spundi paredz\u0113tas gr\u012bdas seguma siltumizol\u0101cijas veicin\u0101\u0161anai un ska\u0146as\/trok\u0161\u0146a sl\u0101p\u0113\u0161anai.","og_url":"https:\/\/videstehnika.lv\/et\/katalogs\/puiduhake-okosoojenduseks\/steico-floor-kokskiedras-plaksnes\/","og_site_name":"Vides Tehnika","article_modified_time":"2023-11-19T11:38:35+00:00","og_image":[{"width":900,"height":900,"url":"https:\/\/videstehnika.lv\/wp-content\/uploads\/2020\/07\/vides-tehnika-kokskiedras-plaksnes-steico-floor.jpg","type":"image\/jpeg"}],"twitter_card":"summary_large_image","twitter_misc":{"Est. reading time":"1 minut"},"schema":{"@context":"https:\/\/schema.org","@graph":[{"@type":"WebPage","@id":"https:\/\/videstehnika.lv\/et\/katalogs\/puiduhake-okosoojenduseks\/steico-floor-kokskiedras-plaksnes\/","url":"https:\/\/videstehnika.lv\/et\/katalogs\/puiduhake-okosoojenduseks\/steico-floor-kokskiedras-plaksnes\/","name":"STEICO Floor puitkiudplaadid &#8226; Vides Tehnika","isPartOf":{"@id":"https:\/\/videstehnika.lv\/et\/#website"},"primaryImageOfPage":{"@id":"https:\/\/videstehnika.lv\/et\/katalogs\/puiduhake-okosoojenduseks\/steico-floor-kokskiedras-plaksnes\/#primaryimage"},"image":{"@id":"https:\/\/videstehnika.lv\/et\/katalogs\/puiduhake-okosoojenduseks\/steico-floor-kokskiedras-plaksnes\/#primaryimage"},"thumbnailUrl":"https:\/\/videstehnika.lv\/wp-content\/uploads\/2020\/07\/vides-tehnika-kokskiedras-plaksnes-steico-floor.jpg","datePublished":"2020-07-08T13:03:41+00:00","dateModified":"2023-11-19T11:38:35+00:00","description":"STEICO Floor kok\u0161\u0137iedras pl\u0101ksnes ar spundi paredz\u0113tas gr\u012bdas seguma siltumizol\u0101cijas veicin\u0101\u0161anai un ska\u0146as\/trok\u0161\u0146a sl\u0101p\u0113\u0161anai.","breadcrumb":{"@id":"https:\/\/videstehnika.lv\/et\/katalogs\/puiduhake-okosoojenduseks\/steico-floor-kokskiedras-plaksnes\/#breadcrumb"},"inLanguage":"et","potentialAction":[{"@type":"ReadAction","target":["https:\/\/videstehnika.lv\/et\/katalogs\/puiduhake-okosoojenduseks\/steico-floor-kokskiedras-plaksnes\/"]}]},{"@type":"ImageObject","inLanguage":"et","@id":"https:\/\/videstehnika.lv\/et\/katalogs\/puiduhake-okosoojenduseks\/steico-floor-kokskiedras-plaksnes\/#primaryimage","url":"https:\/\/videstehnika.lv\/wp-content\/uploads\/2020\/07\/vides-tehnika-kokskiedras-plaksnes-steico-floor.jpg","contentUrl":"https:\/\/videstehnika.lv\/wp-content\/uploads\/2020\/07\/vides-tehnika-kokskiedras-plaksnes-steico-floor.jpg","width":900,"height":900},{"@type":"BreadcrumbList","@id":"https:\/\/videstehnika.lv\/et\/katalogs\/puiduhake-okosoojenduseks\/steico-floor-kokskiedras-plaksnes\/#breadcrumb","itemListElement":[{"@type":"ListItem","position":1,"name":"Home","item":"https:\/\/videstehnika.lv\/et\/"},{"@type":"ListItem","position":2,"name":"Kataloog","item":"https:\/\/videstehnika.lv\/et\/kataloog\/"},{"@type":"ListItem","position":3,"name":"STEICO Floor puitkiudplaadid"}]},{"@type":"WebSite","@id":"https:\/\/videstehnika.lv\/et\/#website","url":"https:\/\/videstehnika.lv\/et\/","name":"Vides Tehnika","description":"","potentialAction":[{"@type":"SearchAction","target":{"@type":"EntryPoint","urlTemplate":"https:\/\/videstehnika.lv\/et\/?s={search_term_string}"},"query-input":{"@type":"PropertyValueSpecification","valueRequired":true,"valueName":"search_term_string"}}],"inLanguage":"et"}]}},"_links":{"self":[{"href":"https:\/\/videstehnika.lv\/et\/wp-json\/wp\/v2\/product\/30399","targetHints":{"allow":["GET"]}}],"collection":[{"href":"https:\/\/videstehnika.lv\/et\/wp-json\/wp\/v2\/product"}],"about":[{"href":"https:\/\/videstehnika.lv\/et\/wp-json\/wp\/v2\/types\/product"}],"wp:featuredmedia":[{"embeddable":true,"href":"https:\/\/videstehnika.lv\/et\/wp-json\/wp\/v2\/media\/27784"}],"wp:attachment":[{"href":"https:\/\/videstehnika.lv\/et\/wp-json\/wp\/v2\/media?parent=30399"}],"wp:term":[{"taxonomy":"product_cat","embeddable":true,"href":"https:\/\/videstehnika.lv\/et\/wp-json\/wp\/v2\/product_cat?post=30399"},{"taxonomy":"product_tag","embeddable":true,"href":"https:\/\/videstehnika.lv\/et\/wp-json\/wp\/v2\/product_tag?post=30399"}],"curies":[{"name":"wp","href":"https:\/\/api.w.org\/{rel}","templated":true}]}}