{"id":30427,"date":"2020-07-08T11:07:05","date_gmt":"2020-07-08T08:07:05","guid":{"rendered":"https:\/\/videstehnika.lv\/catalog\/maaratlemata\/ekstrudetais-putuplasts-finnfoam-f-300-xx\/"},"modified":"2023-11-19T13:51:06","modified_gmt":"2023-11-19T11:51:06","slug":"ekstrudetais-putuplasts-finnfoam-f-300-xx","status":"publish","type":"product","link":"https:\/\/videstehnika.lv\/et\/katalogs\/vaht-soojusisolatsiooniks\/ekstrudetais-putuplasts-finnfoam-f-300-xx\/","title":{"rendered":"Ekstrudeeritud vaht Finnfoam FL-300 poole naelaga"},"content":{"rendered":"<h2>Ekstrudeeritud vaht Finnfoam FL-300 poole naelaga<\/h2>\n<p>Pressitud vahtplaate Finnfoam XX kasutatakse soklite, vahek\u00e4ikude, soojasildade soojustamiseks, seinte ja muude konstruktsioonide soojustamiseks, samuti konstruktsioonide jaoks, mis n\u00f5uavad head nakkumist liimitava pinna v\u00f5i krohviga. Finnfoam lehtedel on soonega pind, mis tagab hea nakkumise armeerimis- ja dekoratiivkrohvikihiga.<\/p>\n<h2><strong>Finnfoam eeliseid<\/strong><\/h2>\n<ul>\n<li>Kerge ja h\u00f5lpsasti kokkupandav, saagitav;<\/li>\n<li>Suurep\u00e4rased adhesiooniomadused kuumutatud pinnaga;<\/li>\n<li>Veekindel.<\/li>\n<\/ul>\n<h3><strong>Finnfoam rakendus<\/strong><\/h3>\n<ul>\n<li>veerud;<\/li>\n<li>soklid;<\/li>\n<li>Soojussildade isoleerimine.<\/li>\n<\/ul>\n","protected":false},"excerpt":{"rendered":"<p>Ekstrudeeritud vaht Finnfoam FL-300 poole naelaga Pressitud vahtplaate Finnfoam XX kasutatakse soklite, vahek\u00e4ikude, soojasildade soojustamiseks, seinte ja muude konstruktsioonide soojustamiseks,<\/p>\n","protected":false},"featured_media":27757,"template":"","meta":{"_acf_changed":false},"product_cat":[5222,4263],"product_tag":[],"class_list":{"0":"post-30427","1":"product","2":"type-product","3":"status-publish","4":"has-post-thumbnail","6":"product_cat-siltumizolacijas-materiali-et","7":"product_cat-vaht-soojusisolatsiooniks","9":"first","10":"instock","11":"taxable","12":"shipping-taxable","13":"purchasable","14":"product-type-variable"},"acf":[],"yoast_head":"<!-- This site is optimized with the Yoast SEO plugin v24.2 - https:\/\/yoast.com\/wordpress\/plugins\/seo\/ -->\n<title>Ekstrudeeritud vaht Finnfoam FL-300 poole naelaga &#8226; Vides Tehnika<\/title>\n<meta name=\"description\" content=\"Ekstrud\u0113t\u0101 putuplasta pl\u0101ksnes Finnfoam XX tiek izmantotas cokolu, ai\u013cu, termisko tiltu izol\u0113\u0161anai, sienu un citu konstrukciju izol\u0113\u0161anai.\" \/>\n<meta name=\"robots\" content=\"index, follow, max-snippet:-1, max-image-preview:large, max-video-preview:-1\" \/>\n<link rel=\"canonical\" href=\"https:\/\/videstehnika.lv\/et\/katalogs\/vaht-soojusisolatsiooniks\/ekstrudetais-putuplasts-finnfoam-f-300-xx\/\" \/>\n<meta property=\"og:locale\" content=\"et_EE\" \/>\n<meta property=\"og:type\" content=\"article\" \/>\n<meta property=\"og:title\" content=\"Ekstrudeeritud vaht Finnfoam FL-300 poole naelaga &#8226; Vides Tehnika\" \/>\n<meta property=\"og:description\" content=\"Ekstrud\u0113t\u0101 putuplasta pl\u0101ksnes Finnfoam XX tiek izmantotas cokolu, ai\u013cu, termisko tiltu izol\u0113\u0161anai, sienu un citu konstrukciju izol\u0113\u0161anai.\" \/>\n<meta property=\"og:url\" content=\"https:\/\/videstehnika.lv\/et\/katalogs\/vaht-soojusisolatsiooniks\/ekstrudetais-putuplasts-finnfoam-f-300-xx\/\" \/>\n<meta property=\"og:site_name\" content=\"Vides Tehnika\" \/>\n<meta property=\"article:modified_time\" content=\"2023-11-19T11:51:06+00:00\" \/>\n<meta property=\"og:image\" content=\"https:\/\/videstehnika.lv\/wp-content\/uploads\/2020\/07\/vides-tehnika-ekstrudetais-putuplasts-finnfoam-xx-1-e1676023546975.jpg\" \/>\n\t<meta property=\"og:image:width\" content=\"650\" \/>\n\t<meta property=\"og:image:height\" content=\"650\" \/>\n\t<meta property=\"og:image:type\" content=\"image\/jpeg\" \/>\n<meta name=\"twitter:card\" content=\"summary_large_image\" \/>\n<meta name=\"twitter:label1\" content=\"Est. reading time\" \/>\n\t<meta name=\"twitter:data1\" content=\"1 minut\" \/>\n<script type=\"application\/ld+json\" class=\"yoast-schema-graph\">{\"@context\":\"https:\/\/schema.org\",\"@graph\":[{\"@type\":\"WebPage\",\"@id\":\"https:\/\/videstehnika.lv\/et\/katalogs\/vaht-soojusisolatsiooniks\/ekstrudetais-putuplasts-finnfoam-f-300-xx\/\",\"url\":\"https:\/\/videstehnika.lv\/et\/katalogs\/vaht-soojusisolatsiooniks\/ekstrudetais-putuplasts-finnfoam-f-300-xx\/\",\"name\":\"Ekstrudeeritud vaht Finnfoam FL-300 poole naelaga &#8226; Vides Tehnika\",\"isPartOf\":{\"@id\":\"https:\/\/videstehnika.lv\/et\/#website\"},\"primaryImageOfPage\":{\"@id\":\"https:\/\/videstehnika.lv\/et\/katalogs\/vaht-soojusisolatsiooniks\/ekstrudetais-putuplasts-finnfoam-f-300-xx\/#primaryimage\"},\"image\":{\"@id\":\"https:\/\/videstehnika.lv\/et\/katalogs\/vaht-soojusisolatsiooniks\/ekstrudetais-putuplasts-finnfoam-f-300-xx\/#primaryimage\"},\"thumbnailUrl\":\"https:\/\/videstehnika.lv\/wp-content\/uploads\/2020\/07\/vides-tehnika-ekstrudetais-putuplasts-finnfoam-xx-1-e1676023546975.jpg\",\"datePublished\":\"2020-07-08T08:07:05+00:00\",\"dateModified\":\"2023-11-19T11:51:06+00:00\",\"description\":\"Ekstrud\u0113t\u0101 putuplasta pl\u0101ksnes Finnfoam XX tiek izmantotas cokolu, ai\u013cu, termisko tiltu izol\u0113\u0161anai, sienu un citu konstrukciju izol\u0113\u0161anai.\",\"breadcrumb\":{\"@id\":\"https:\/\/videstehnika.lv\/et\/katalogs\/vaht-soojusisolatsiooniks\/ekstrudetais-putuplasts-finnfoam-f-300-xx\/#breadcrumb\"},\"inLanguage\":\"et\",\"potentialAction\":[{\"@type\":\"ReadAction\",\"target\":[\"https:\/\/videstehnika.lv\/et\/katalogs\/vaht-soojusisolatsiooniks\/ekstrudetais-putuplasts-finnfoam-f-300-xx\/\"]}]},{\"@type\":\"ImageObject\",\"inLanguage\":\"et\",\"@id\":\"https:\/\/videstehnika.lv\/et\/katalogs\/vaht-soojusisolatsiooniks\/ekstrudetais-putuplasts-finnfoam-f-300-xx\/#primaryimage\",\"url\":\"https:\/\/videstehnika.lv\/wp-content\/uploads\/2020\/07\/vides-tehnika-ekstrudetais-putuplasts-finnfoam-xx-1-e1676023546975.jpg\",\"contentUrl\":\"https:\/\/videstehnika.lv\/wp-content\/uploads\/2020\/07\/vides-tehnika-ekstrudetais-putuplasts-finnfoam-xx-1-e1676023546975.jpg\",\"width\":650,\"height\":650},{\"@type\":\"BreadcrumbList\",\"@id\":\"https:\/\/videstehnika.lv\/et\/katalogs\/vaht-soojusisolatsiooniks\/ekstrudetais-putuplasts-finnfoam-f-300-xx\/#breadcrumb\",\"itemListElement\":[{\"@type\":\"ListItem\",\"position\":1,\"name\":\"Home\",\"item\":\"https:\/\/videstehnika.lv\/et\/\"},{\"@type\":\"ListItem\",\"position\":2,\"name\":\"Kataloog\",\"item\":\"https:\/\/videstehnika.lv\/et\/kataloog\/\"},{\"@type\":\"ListItem\",\"position\":3,\"name\":\"Ekstrudeeritud vaht Finnfoam FL-300 poole naelaga\"}]},{\"@type\":\"WebSite\",\"@id\":\"https:\/\/videstehnika.lv\/et\/#website\",\"url\":\"https:\/\/videstehnika.lv\/et\/\",\"name\":\"Vides Tehnika\",\"description\":\"\",\"potentialAction\":[{\"@type\":\"SearchAction\",\"target\":{\"@type\":\"EntryPoint\",\"urlTemplate\":\"https:\/\/videstehnika.lv\/et\/?s={search_term_string}\"},\"query-input\":{\"@type\":\"PropertyValueSpecification\",\"valueRequired\":true,\"valueName\":\"search_term_string\"}}],\"inLanguage\":\"et\"}]}<\/script>\n<!-- \/ Yoast SEO plugin. -->","yoast_head_json":{"title":"Ekstrudeeritud vaht Finnfoam FL-300 poole naelaga &#8226; Vides Tehnika","description":"Ekstrud\u0113t\u0101 putuplasta pl\u0101ksnes Finnfoam XX tiek izmantotas cokolu, ai\u013cu, termisko tiltu izol\u0113\u0161anai, sienu un citu konstrukciju izol\u0113\u0161anai.","robots":{"index":"index","follow":"follow","max-snippet":"max-snippet:-1","max-image-preview":"max-image-preview:large","max-video-preview":"max-video-preview:-1"},"canonical":"https:\/\/videstehnika.lv\/et\/katalogs\/vaht-soojusisolatsiooniks\/ekstrudetais-putuplasts-finnfoam-f-300-xx\/","og_locale":"et_EE","og_type":"article","og_title":"Ekstrudeeritud vaht Finnfoam FL-300 poole naelaga &#8226; Vides Tehnika","og_description":"Ekstrud\u0113t\u0101 putuplasta pl\u0101ksnes Finnfoam XX tiek izmantotas cokolu, ai\u013cu, termisko tiltu izol\u0113\u0161anai, sienu un citu konstrukciju izol\u0113\u0161anai.","og_url":"https:\/\/videstehnika.lv\/et\/katalogs\/vaht-soojusisolatsiooniks\/ekstrudetais-putuplasts-finnfoam-f-300-xx\/","og_site_name":"Vides Tehnika","article_modified_time":"2023-11-19T11:51:06+00:00","og_image":[{"width":650,"height":650,"url":"https:\/\/videstehnika.lv\/wp-content\/uploads\/2020\/07\/vides-tehnika-ekstrudetais-putuplasts-finnfoam-xx-1-e1676023546975.jpg","type":"image\/jpeg"}],"twitter_card":"summary_large_image","twitter_misc":{"Est. reading time":"1 minut"},"schema":{"@context":"https:\/\/schema.org","@graph":[{"@type":"WebPage","@id":"https:\/\/videstehnika.lv\/et\/katalogs\/vaht-soojusisolatsiooniks\/ekstrudetais-putuplasts-finnfoam-f-300-xx\/","url":"https:\/\/videstehnika.lv\/et\/katalogs\/vaht-soojusisolatsiooniks\/ekstrudetais-putuplasts-finnfoam-f-300-xx\/","name":"Ekstrudeeritud vaht Finnfoam FL-300 poole naelaga &#8226; Vides Tehnika","isPartOf":{"@id":"https:\/\/videstehnika.lv\/et\/#website"},"primaryImageOfPage":{"@id":"https:\/\/videstehnika.lv\/et\/katalogs\/vaht-soojusisolatsiooniks\/ekstrudetais-putuplasts-finnfoam-f-300-xx\/#primaryimage"},"image":{"@id":"https:\/\/videstehnika.lv\/et\/katalogs\/vaht-soojusisolatsiooniks\/ekstrudetais-putuplasts-finnfoam-f-300-xx\/#primaryimage"},"thumbnailUrl":"https:\/\/videstehnika.lv\/wp-content\/uploads\/2020\/07\/vides-tehnika-ekstrudetais-putuplasts-finnfoam-xx-1-e1676023546975.jpg","datePublished":"2020-07-08T08:07:05+00:00","dateModified":"2023-11-19T11:51:06+00:00","description":"Ekstrud\u0113t\u0101 putuplasta pl\u0101ksnes Finnfoam XX tiek izmantotas cokolu, ai\u013cu, termisko tiltu izol\u0113\u0161anai, sienu un citu konstrukciju izol\u0113\u0161anai.","breadcrumb":{"@id":"https:\/\/videstehnika.lv\/et\/katalogs\/vaht-soojusisolatsiooniks\/ekstrudetais-putuplasts-finnfoam-f-300-xx\/#breadcrumb"},"inLanguage":"et","potentialAction":[{"@type":"ReadAction","target":["https:\/\/videstehnika.lv\/et\/katalogs\/vaht-soojusisolatsiooniks\/ekstrudetais-putuplasts-finnfoam-f-300-xx\/"]}]},{"@type":"ImageObject","inLanguage":"et","@id":"https:\/\/videstehnika.lv\/et\/katalogs\/vaht-soojusisolatsiooniks\/ekstrudetais-putuplasts-finnfoam-f-300-xx\/#primaryimage","url":"https:\/\/videstehnika.lv\/wp-content\/uploads\/2020\/07\/vides-tehnika-ekstrudetais-putuplasts-finnfoam-xx-1-e1676023546975.jpg","contentUrl":"https:\/\/videstehnika.lv\/wp-content\/uploads\/2020\/07\/vides-tehnika-ekstrudetais-putuplasts-finnfoam-xx-1-e1676023546975.jpg","width":650,"height":650},{"@type":"BreadcrumbList","@id":"https:\/\/videstehnika.lv\/et\/katalogs\/vaht-soojusisolatsiooniks\/ekstrudetais-putuplasts-finnfoam-f-300-xx\/#breadcrumb","itemListElement":[{"@type":"ListItem","position":1,"name":"Home","item":"https:\/\/videstehnika.lv\/et\/"},{"@type":"ListItem","position":2,"name":"Kataloog","item":"https:\/\/videstehnika.lv\/et\/kataloog\/"},{"@type":"ListItem","position":3,"name":"Ekstrudeeritud vaht Finnfoam FL-300 poole naelaga"}]},{"@type":"WebSite","@id":"https:\/\/videstehnika.lv\/et\/#website","url":"https:\/\/videstehnika.lv\/et\/","name":"Vides Tehnika","description":"","potentialAction":[{"@type":"SearchAction","target":{"@type":"EntryPoint","urlTemplate":"https:\/\/videstehnika.lv\/et\/?s={search_term_string}"},"query-input":{"@type":"PropertyValueSpecification","valueRequired":true,"valueName":"search_term_string"}}],"inLanguage":"et"}]}},"_links":{"self":[{"href":"https:\/\/videstehnika.lv\/et\/wp-json\/wp\/v2\/product\/30427","targetHints":{"allow":["GET"]}}],"collection":[{"href":"https:\/\/videstehnika.lv\/et\/wp-json\/wp\/v2\/product"}],"about":[{"href":"https:\/\/videstehnika.lv\/et\/wp-json\/wp\/v2\/types\/product"}],"wp:featuredmedia":[{"embeddable":true,"href":"https:\/\/videstehnika.lv\/et\/wp-json\/wp\/v2\/media\/27757"}],"wp:attachment":[{"href":"https:\/\/videstehnika.lv\/et\/wp-json\/wp\/v2\/media?parent=30427"}],"wp:term":[{"taxonomy":"product_cat","embeddable":true,"href":"https:\/\/videstehnika.lv\/et\/wp-json\/wp\/v2\/product_cat?post=30427"},{"taxonomy":"product_tag","embeddable":true,"href":"https:\/\/videstehnika.lv\/et\/wp-json\/wp\/v2\/product_tag?post=30427"}],"curies":[{"name":"wp","href":"https:\/\/api.w.org\/{rel}","templated":true}]}}