{"id":30433,"date":"2020-07-07T14:38:28","date_gmt":"2020-07-07T11:38:28","guid":{"rendered":"https:\/\/videstehnika.lv\/catalog\/maaratlemata\/kokskiedras-vate-plaksnes-hunton\/"},"modified":"2023-11-19T13:53:28","modified_gmt":"2023-11-19T11:53:28","slug":"kokskiedras-vate-plaksnes-hunton","status":"publish","type":"product","link":"https:\/\/videstehnika.lv\/et\/katalogs\/puit-puuvill-okoloogiline-soojusisolatsioonimaterjal\/kokskiedras-vate-plaksnes-hunton\/","title":{"rendered":"HUNTON puitkiudplaadid"},"content":{"rendered":"<h2>HUNTON puitkiudplaadid<\/h2>\n<p><strong>Hunton Nativo on suurep\u00e4raste soojusisolatsiooniomadustega naturaalsest puidukiust<\/strong> Norras toodetud soojusisolatsioonimaterjal seinte ja katuse soojustamiseks.<\/p>\n<p>Miks valida Hunton Nativo puitkiust soojusisolatsiooniplaadid:<\/p>\n<ul>\n<li>Looduslik soojusisolatsioonimaterjal;<\/li>\n<li>Suurep\u00e4rased soojusisolatsiooni omadused;<\/li>\n<li>V\u00e4hendab kondensaadi teket;<\/li>\n<li>Suurep\u00e4rase m\u00f5\u00f5tmete stabiilsusega soojusisolatsioon;<\/li>\n<li>Soojusisolatsioon, mida on lihtne ringlussev\u00f5tuks kasutada;<\/li>\n<li>Puitkiust soojusisolatsioon ei \u00e4rrita nahka ega ole allergiline.<\/li>\n<\/ul>\n<p><strong>Hunton Nativo puitkiudisolatsioon<\/strong> s\u00f6estub tulekahju korral t\u00e4pselt nagu puit. Isolatsioonimaterjali t\u00f6\u00f6deldakse ka loodusliku tuleaeglustiga, mida leidub ka tulekustutites. Aine koosneb l\u00e4mmastikust ja fosforist (ammooniumfosfaat), mis t\u00f5hustab s\u00f6estumise protsessi veelgi, neelates tulekahju korral isolatsiooni \u00fcmbert hapnikku.<\/p>\n<p>&nbsp;<\/p>\n","protected":false},"excerpt":{"rendered":"<p>Cena nor\u0101d\u012bta par paku<\/p>\n","protected":false},"featured_media":29106,"template":"","meta":{"_acf_changed":false},"product_cat":[5222,4260],"product_tag":[],"class_list":{"0":"post-30433","1":"product","2":"type-product","3":"status-publish","4":"has-post-thumbnail","6":"product_cat-siltumizolacijas-materiali-et","7":"product_cat-puit-puuvill-okoloogiline-soojusisolatsioonimaterjal","9":"first","10":"instock","11":"featured","12":"taxable","13":"shipping-taxable","14":"purchasable","15":"product-type-variable"},"acf":[],"yoast_head":"<!-- This site is optimized with the Yoast SEO plugin v24.2 - https:\/\/yoast.com\/wordpress\/plugins\/seo\/ -->\n<title>Kok\u0161\u0137iedras vate pl\u0101ksn\u0113s HUNTON &#8226; Vides Tehnika<\/title>\n<meta name=\"description\" content=\"Kok\u0161\u0137iedras vate pl\u0101ksn\u0113s HUNTON ir ekolo\u0123isks siltumizol\u0101cijas materi\u0101ls, kas paredz\u0113ts spraugu un salaiduma vietu aizpild\u012b\u0161anai.\" \/>\n<meta name=\"robots\" content=\"index, follow, max-snippet:-1, max-image-preview:large, max-video-preview:-1\" \/>\n<link rel=\"canonical\" href=\"https:\/\/videstehnika.lv\/et\/katalogs\/puit-puuvill-okoloogiline-soojusisolatsioonimaterjal\/kokskiedras-vate-plaksnes-hunton\/\" \/>\n<meta property=\"og:locale\" content=\"et_EE\" \/>\n<meta property=\"og:type\" content=\"article\" \/>\n<meta property=\"og:title\" content=\"Kok\u0161\u0137iedras vate pl\u0101ksn\u0113s HUNTON &#8226; Vides Tehnika\" \/>\n<meta property=\"og:description\" content=\"Kok\u0161\u0137iedras vate pl\u0101ksn\u0113s HUNTON ir ekolo\u0123isks siltumizol\u0101cijas materi\u0101ls, kas paredz\u0113ts spraugu un salaiduma vietu aizpild\u012b\u0161anai.\" \/>\n<meta property=\"og:url\" content=\"https:\/\/videstehnika.lv\/et\/katalogs\/puit-puuvill-okoloogiline-soojusisolatsioonimaterjal\/kokskiedras-vate-plaksnes-hunton\/\" \/>\n<meta property=\"og:site_name\" content=\"Vides Tehnika\" \/>\n<meta property=\"article:modified_time\" content=\"2023-11-19T11:53:28+00:00\" \/>\n<meta property=\"og:image\" content=\"https:\/\/videstehnika.lv\/wp-content\/uploads\/2020\/07\/hunton-nativo-2-300x258-1.jpg\" \/>\n\t<meta property=\"og:image:width\" content=\"300\" \/>\n\t<meta property=\"og:image:height\" content=\"258\" \/>\n\t<meta property=\"og:image:type\" content=\"image\/jpeg\" \/>\n<meta name=\"twitter:card\" content=\"summary_large_image\" \/>\n<meta name=\"twitter:label1\" content=\"Est. reading time\" \/>\n\t<meta name=\"twitter:data1\" content=\"1 minut\" \/>\n<script type=\"application\/ld+json\" class=\"yoast-schema-graph\">{\"@context\":\"https:\/\/schema.org\",\"@graph\":[{\"@type\":\"WebPage\",\"@id\":\"https:\/\/videstehnika.lv\/et\/katalogs\/puit-puuvill-okoloogiline-soojusisolatsioonimaterjal\/kokskiedras-vate-plaksnes-hunton\/\",\"url\":\"https:\/\/videstehnika.lv\/et\/katalogs\/puit-puuvill-okoloogiline-soojusisolatsioonimaterjal\/kokskiedras-vate-plaksnes-hunton\/\",\"name\":\"Kok\u0161\u0137iedras vate pl\u0101ksn\u0113s HUNTON &#8226; Vides Tehnika\",\"isPartOf\":{\"@id\":\"https:\/\/videstehnika.lv\/et\/#website\"},\"primaryImageOfPage\":{\"@id\":\"https:\/\/videstehnika.lv\/et\/katalogs\/puit-puuvill-okoloogiline-soojusisolatsioonimaterjal\/kokskiedras-vate-plaksnes-hunton\/#primaryimage\"},\"image\":{\"@id\":\"https:\/\/videstehnika.lv\/et\/katalogs\/puit-puuvill-okoloogiline-soojusisolatsioonimaterjal\/kokskiedras-vate-plaksnes-hunton\/#primaryimage\"},\"thumbnailUrl\":\"https:\/\/videstehnika.lv\/wp-content\/uploads\/2020\/07\/hunton-nativo-2-300x258-1.jpg\",\"datePublished\":\"2020-07-07T11:38:28+00:00\",\"dateModified\":\"2023-11-19T11:53:28+00:00\",\"description\":\"Kok\u0161\u0137iedras vate pl\u0101ksn\u0113s HUNTON ir ekolo\u0123isks siltumizol\u0101cijas materi\u0101ls, kas paredz\u0113ts spraugu un salaiduma vietu aizpild\u012b\u0161anai.\",\"breadcrumb\":{\"@id\":\"https:\/\/videstehnika.lv\/et\/katalogs\/puit-puuvill-okoloogiline-soojusisolatsioonimaterjal\/kokskiedras-vate-plaksnes-hunton\/#breadcrumb\"},\"inLanguage\":\"et\",\"potentialAction\":[{\"@type\":\"ReadAction\",\"target\":[\"https:\/\/videstehnika.lv\/et\/katalogs\/puit-puuvill-okoloogiline-soojusisolatsioonimaterjal\/kokskiedras-vate-plaksnes-hunton\/\"]}]},{\"@type\":\"ImageObject\",\"inLanguage\":\"et\",\"@id\":\"https:\/\/videstehnika.lv\/et\/katalogs\/puit-puuvill-okoloogiline-soojusisolatsioonimaterjal\/kokskiedras-vate-plaksnes-hunton\/#primaryimage\",\"url\":\"https:\/\/videstehnika.lv\/wp-content\/uploads\/2020\/07\/hunton-nativo-2-300x258-1.jpg\",\"contentUrl\":\"https:\/\/videstehnika.lv\/wp-content\/uploads\/2020\/07\/hunton-nativo-2-300x258-1.jpg\",\"width\":300,\"height\":258},{\"@type\":\"BreadcrumbList\",\"@id\":\"https:\/\/videstehnika.lv\/et\/katalogs\/puit-puuvill-okoloogiline-soojusisolatsioonimaterjal\/kokskiedras-vate-plaksnes-hunton\/#breadcrumb\",\"itemListElement\":[{\"@type\":\"ListItem\",\"position\":1,\"name\":\"Home\",\"item\":\"https:\/\/videstehnika.lv\/et\/\"},{\"@type\":\"ListItem\",\"position\":2,\"name\":\"Kataloog\",\"item\":\"https:\/\/videstehnika.lv\/et\/kataloog\/\"},{\"@type\":\"ListItem\",\"position\":3,\"name\":\"HUNTON puitkiudplaadid\"}]},{\"@type\":\"WebSite\",\"@id\":\"https:\/\/videstehnika.lv\/et\/#website\",\"url\":\"https:\/\/videstehnika.lv\/et\/\",\"name\":\"Vides Tehnika\",\"description\":\"\",\"potentialAction\":[{\"@type\":\"SearchAction\",\"target\":{\"@type\":\"EntryPoint\",\"urlTemplate\":\"https:\/\/videstehnika.lv\/et\/?s={search_term_string}\"},\"query-input\":{\"@type\":\"PropertyValueSpecification\",\"valueRequired\":true,\"valueName\":\"search_term_string\"}}],\"inLanguage\":\"et\"}]}<\/script>\n<!-- \/ Yoast SEO plugin. -->","yoast_head_json":{"title":"Kok\u0161\u0137iedras vate pl\u0101ksn\u0113s HUNTON &#8226; Vides Tehnika","description":"Kok\u0161\u0137iedras vate pl\u0101ksn\u0113s HUNTON ir ekolo\u0123isks siltumizol\u0101cijas materi\u0101ls, kas paredz\u0113ts spraugu un salaiduma vietu aizpild\u012b\u0161anai.","robots":{"index":"index","follow":"follow","max-snippet":"max-snippet:-1","max-image-preview":"max-image-preview:large","max-video-preview":"max-video-preview:-1"},"canonical":"https:\/\/videstehnika.lv\/et\/katalogs\/puit-puuvill-okoloogiline-soojusisolatsioonimaterjal\/kokskiedras-vate-plaksnes-hunton\/","og_locale":"et_EE","og_type":"article","og_title":"Kok\u0161\u0137iedras vate pl\u0101ksn\u0113s HUNTON &#8226; Vides Tehnika","og_description":"Kok\u0161\u0137iedras vate pl\u0101ksn\u0113s HUNTON ir ekolo\u0123isks siltumizol\u0101cijas materi\u0101ls, kas paredz\u0113ts spraugu un salaiduma vietu aizpild\u012b\u0161anai.","og_url":"https:\/\/videstehnika.lv\/et\/katalogs\/puit-puuvill-okoloogiline-soojusisolatsioonimaterjal\/kokskiedras-vate-plaksnes-hunton\/","og_site_name":"Vides Tehnika","article_modified_time":"2023-11-19T11:53:28+00:00","og_image":[{"width":300,"height":258,"url":"https:\/\/videstehnika.lv\/wp-content\/uploads\/2020\/07\/hunton-nativo-2-300x258-1.jpg","type":"image\/jpeg"}],"twitter_card":"summary_large_image","twitter_misc":{"Est. reading time":"1 minut"},"schema":{"@context":"https:\/\/schema.org","@graph":[{"@type":"WebPage","@id":"https:\/\/videstehnika.lv\/et\/katalogs\/puit-puuvill-okoloogiline-soojusisolatsioonimaterjal\/kokskiedras-vate-plaksnes-hunton\/","url":"https:\/\/videstehnika.lv\/et\/katalogs\/puit-puuvill-okoloogiline-soojusisolatsioonimaterjal\/kokskiedras-vate-plaksnes-hunton\/","name":"Kok\u0161\u0137iedras vate pl\u0101ksn\u0113s HUNTON &#8226; Vides Tehnika","isPartOf":{"@id":"https:\/\/videstehnika.lv\/et\/#website"},"primaryImageOfPage":{"@id":"https:\/\/videstehnika.lv\/et\/katalogs\/puit-puuvill-okoloogiline-soojusisolatsioonimaterjal\/kokskiedras-vate-plaksnes-hunton\/#primaryimage"},"image":{"@id":"https:\/\/videstehnika.lv\/et\/katalogs\/puit-puuvill-okoloogiline-soojusisolatsioonimaterjal\/kokskiedras-vate-plaksnes-hunton\/#primaryimage"},"thumbnailUrl":"https:\/\/videstehnika.lv\/wp-content\/uploads\/2020\/07\/hunton-nativo-2-300x258-1.jpg","datePublished":"2020-07-07T11:38:28+00:00","dateModified":"2023-11-19T11:53:28+00:00","description":"Kok\u0161\u0137iedras vate pl\u0101ksn\u0113s HUNTON ir ekolo\u0123isks siltumizol\u0101cijas materi\u0101ls, kas paredz\u0113ts spraugu un salaiduma vietu aizpild\u012b\u0161anai.","breadcrumb":{"@id":"https:\/\/videstehnika.lv\/et\/katalogs\/puit-puuvill-okoloogiline-soojusisolatsioonimaterjal\/kokskiedras-vate-plaksnes-hunton\/#breadcrumb"},"inLanguage":"et","potentialAction":[{"@type":"ReadAction","target":["https:\/\/videstehnika.lv\/et\/katalogs\/puit-puuvill-okoloogiline-soojusisolatsioonimaterjal\/kokskiedras-vate-plaksnes-hunton\/"]}]},{"@type":"ImageObject","inLanguage":"et","@id":"https:\/\/videstehnika.lv\/et\/katalogs\/puit-puuvill-okoloogiline-soojusisolatsioonimaterjal\/kokskiedras-vate-plaksnes-hunton\/#primaryimage","url":"https:\/\/videstehnika.lv\/wp-content\/uploads\/2020\/07\/hunton-nativo-2-300x258-1.jpg","contentUrl":"https:\/\/videstehnika.lv\/wp-content\/uploads\/2020\/07\/hunton-nativo-2-300x258-1.jpg","width":300,"height":258},{"@type":"BreadcrumbList","@id":"https:\/\/videstehnika.lv\/et\/katalogs\/puit-puuvill-okoloogiline-soojusisolatsioonimaterjal\/kokskiedras-vate-plaksnes-hunton\/#breadcrumb","itemListElement":[{"@type":"ListItem","position":1,"name":"Home","item":"https:\/\/videstehnika.lv\/et\/"},{"@type":"ListItem","position":2,"name":"Kataloog","item":"https:\/\/videstehnika.lv\/et\/kataloog\/"},{"@type":"ListItem","position":3,"name":"HUNTON puitkiudplaadid"}]},{"@type":"WebSite","@id":"https:\/\/videstehnika.lv\/et\/#website","url":"https:\/\/videstehnika.lv\/et\/","name":"Vides Tehnika","description":"","potentialAction":[{"@type":"SearchAction","target":{"@type":"EntryPoint","urlTemplate":"https:\/\/videstehnika.lv\/et\/?s={search_term_string}"},"query-input":{"@type":"PropertyValueSpecification","valueRequired":true,"valueName":"search_term_string"}}],"inLanguage":"et"}]}},"_links":{"self":[{"href":"https:\/\/videstehnika.lv\/et\/wp-json\/wp\/v2\/product\/30433","targetHints":{"allow":["GET"]}}],"collection":[{"href":"https:\/\/videstehnika.lv\/et\/wp-json\/wp\/v2\/product"}],"about":[{"href":"https:\/\/videstehnika.lv\/et\/wp-json\/wp\/v2\/types\/product"}],"wp:featuredmedia":[{"embeddable":true,"href":"https:\/\/videstehnika.lv\/et\/wp-json\/wp\/v2\/media\/29106"}],"wp:attachment":[{"href":"https:\/\/videstehnika.lv\/et\/wp-json\/wp\/v2\/media?parent=30433"}],"wp:term":[{"taxonomy":"product_cat","embeddable":true,"href":"https:\/\/videstehnika.lv\/et\/wp-json\/wp\/v2\/product_cat?post=30433"},{"taxonomy":"product_tag","embeddable":true,"href":"https:\/\/videstehnika.lv\/et\/wp-json\/wp\/v2\/product_tag?post=30433"}],"curies":[{"name":"wp","href":"https:\/\/api.w.org\/{rel}","templated":true}]}}