{"id":30451,"date":"2020-07-07T11:04:22","date_gmt":"2020-07-07T08:04:22","guid":{"rendered":"https:\/\/videstehnika.lv\/catalog\/maaratlemata\/linu-lenta\/"},"modified":"2023-11-19T11:49:31","modified_gmt":"2023-11-19T09:49:31","slug":"linu-lenta","status":"publish","type":"product","link":"https:\/\/videstehnika.lv\/et\/katalogs\/lina-vaik-soojusisolatsioon-majale\/linu-lenta\/","title":{"rendered":"Linane teip"},"content":{"rendered":"<h2>Linane teip<\/h2>\n<p>Linane voilok on valmistatud naturaalsest linakiust ja toimib nii soojus- kui heliisolatsioonimaterjalina. See on lihtsalt kasutatav ja ohutu materjal, millel on head \u00f5hu- ja gaasi difusiooniomadused ning s\u00e4ilitatakse \u00fchtlane niiskustase. K\u00f5ige sagedamini kasutatakse linaseid voilokke palkhoonete jaoks, mis on p\u00f5imitud palkide vahele ja s\u00f5itmiseks.<\/p>\n<h2>Linase teibi pealekandmine<\/h2>\n<ul>\n<li>Seinte, lae, katuse ja p\u00f5randa isolatsiooniks;<\/li>\n<li>Akende ja ukseavade isoleerimiseks;<\/li>\n<li>Helikindlad vaheseinad;<\/li>\n<li>Helikindlad vaheseinad;<\/li>\n<li>Uste isoleerimiseks;<\/li>\n<li>Parketi ja laminaadi alla p\u00f5randatele.<\/li>\n<\/ul>\n","protected":false},"excerpt":{"rendered":"<p>Cena nor\u0101d\u012bta par rulli<\/p>\n","protected":false},"featured_media":27743,"template":"","meta":{"_acf_changed":false},"product_cat":[5222,4261],"product_tag":[],"class_list":{"0":"post-30451","1":"product","2":"type-product","3":"status-publish","4":"has-post-thumbnail","6":"product_cat-siltumizolacijas-materiali-et","7":"product_cat-lina-vaik-soojusisolatsioon-majale","9":"first","10":"instock","11":"featured","12":"taxable","13":"shipping-taxable","14":"purchasable","15":"product-type-variable"},"acf":[],"yoast_head":"<!-- This site is optimized with the Yoast SEO plugin v24.2 - https:\/\/yoast.com\/wordpress\/plugins\/seo\/ -->\n<title>Lina \u0161\u0137iedras siltumizol\u0101cijas materi\u0101ls &#8226; Vides Tehnika<\/title>\n<meta name=\"description\" content=\"Linu voiloks ir izgatavots no dabi\u0304gas linu s\u030ck\u0327iedras un tas kalpos gan ka\u0304 siltumizola\u0304cijas, gan skan\u0327as izola\u0304cijas materia\u0304ls.\" \/>\n<meta name=\"robots\" content=\"index, follow, max-snippet:-1, max-image-preview:large, max-video-preview:-1\" \/>\n<link rel=\"canonical\" href=\"https:\/\/videstehnika.lv\/et\/katalogs\/lina-vaik-soojusisolatsioon-majale\/linu-lenta\/\" \/>\n<meta property=\"og:locale\" content=\"et_EE\" \/>\n<meta property=\"og:type\" content=\"article\" \/>\n<meta property=\"og:title\" content=\"Lina \u0161\u0137iedras siltumizol\u0101cijas materi\u0101ls &#8226; Vides Tehnika\" \/>\n<meta property=\"og:description\" content=\"Linu voiloks ir izgatavots no dabi\u0304gas linu s\u030ck\u0327iedras un tas kalpos gan ka\u0304 siltumizola\u0304cijas, gan skan\u0327as izola\u0304cijas materia\u0304ls.\" \/>\n<meta property=\"og:url\" content=\"https:\/\/videstehnika.lv\/et\/katalogs\/lina-vaik-soojusisolatsioon-majale\/linu-lenta\/\" \/>\n<meta property=\"og:site_name\" content=\"Vides Tehnika\" \/>\n<meta property=\"article:modified_time\" content=\"2023-11-19T09:49:31+00:00\" \/>\n<meta property=\"og:image\" content=\"https:\/\/videstehnika.lv\/wp-content\/uploads\/2020\/07\/vides-tehnika-linu-lenta-1.jpg\" \/>\n\t<meta property=\"og:image:width\" content=\"900\" \/>\n\t<meta property=\"og:image:height\" content=\"900\" \/>\n\t<meta property=\"og:image:type\" content=\"image\/jpeg\" \/>\n<meta name=\"twitter:card\" content=\"summary_large_image\" \/>\n<meta name=\"twitter:label1\" content=\"Est. reading time\" \/>\n\t<meta name=\"twitter:data1\" content=\"1 minut\" \/>\n<script type=\"application\/ld+json\" class=\"yoast-schema-graph\">{\"@context\":\"https:\/\/schema.org\",\"@graph\":[{\"@type\":\"WebPage\",\"@id\":\"https:\/\/videstehnika.lv\/et\/katalogs\/lina-vaik-soojusisolatsioon-majale\/linu-lenta\/\",\"url\":\"https:\/\/videstehnika.lv\/et\/katalogs\/lina-vaik-soojusisolatsioon-majale\/linu-lenta\/\",\"name\":\"Lina \u0161\u0137iedras siltumizol\u0101cijas materi\u0101ls &#8226; Vides Tehnika\",\"isPartOf\":{\"@id\":\"https:\/\/videstehnika.lv\/et\/#website\"},\"primaryImageOfPage\":{\"@id\":\"https:\/\/videstehnika.lv\/et\/katalogs\/lina-vaik-soojusisolatsioon-majale\/linu-lenta\/#primaryimage\"},\"image\":{\"@id\":\"https:\/\/videstehnika.lv\/et\/katalogs\/lina-vaik-soojusisolatsioon-majale\/linu-lenta\/#primaryimage\"},\"thumbnailUrl\":\"https:\/\/videstehnika.lv\/wp-content\/uploads\/2020\/07\/vides-tehnika-linu-lenta-1.jpg\",\"datePublished\":\"2020-07-07T08:04:22+00:00\",\"dateModified\":\"2023-11-19T09:49:31+00:00\",\"description\":\"Linu voiloks ir izgatavots no dabi\u0304gas linu s\u030ck\u0327iedras un tas kalpos gan ka\u0304 siltumizola\u0304cijas, gan skan\u0327as izola\u0304cijas materia\u0304ls.\",\"breadcrumb\":{\"@id\":\"https:\/\/videstehnika.lv\/et\/katalogs\/lina-vaik-soojusisolatsioon-majale\/linu-lenta\/#breadcrumb\"},\"inLanguage\":\"et\",\"potentialAction\":[{\"@type\":\"ReadAction\",\"target\":[\"https:\/\/videstehnika.lv\/et\/katalogs\/lina-vaik-soojusisolatsioon-majale\/linu-lenta\/\"]}]},{\"@type\":\"ImageObject\",\"inLanguage\":\"et\",\"@id\":\"https:\/\/videstehnika.lv\/et\/katalogs\/lina-vaik-soojusisolatsioon-majale\/linu-lenta\/#primaryimage\",\"url\":\"https:\/\/videstehnika.lv\/wp-content\/uploads\/2020\/07\/vides-tehnika-linu-lenta-1.jpg\",\"contentUrl\":\"https:\/\/videstehnika.lv\/wp-content\/uploads\/2020\/07\/vides-tehnika-linu-lenta-1.jpg\",\"width\":900,\"height\":900},{\"@type\":\"BreadcrumbList\",\"@id\":\"https:\/\/videstehnika.lv\/et\/katalogs\/lina-vaik-soojusisolatsioon-majale\/linu-lenta\/#breadcrumb\",\"itemListElement\":[{\"@type\":\"ListItem\",\"position\":1,\"name\":\"Home\",\"item\":\"https:\/\/videstehnika.lv\/et\/\"},{\"@type\":\"ListItem\",\"position\":2,\"name\":\"Kataloog\",\"item\":\"https:\/\/videstehnika.lv\/et\/kataloog\/\"},{\"@type\":\"ListItem\",\"position\":3,\"name\":\"Linane teip\"}]},{\"@type\":\"WebSite\",\"@id\":\"https:\/\/videstehnika.lv\/et\/#website\",\"url\":\"https:\/\/videstehnika.lv\/et\/\",\"name\":\"Vides Tehnika\",\"description\":\"\",\"potentialAction\":[{\"@type\":\"SearchAction\",\"target\":{\"@type\":\"EntryPoint\",\"urlTemplate\":\"https:\/\/videstehnika.lv\/et\/?s={search_term_string}\"},\"query-input\":{\"@type\":\"PropertyValueSpecification\",\"valueRequired\":true,\"valueName\":\"search_term_string\"}}],\"inLanguage\":\"et\"}]}<\/script>\n<!-- \/ Yoast SEO plugin. -->","yoast_head_json":{"title":"Lina \u0161\u0137iedras siltumizol\u0101cijas materi\u0101ls &#8226; Vides Tehnika","description":"Linu voiloks ir izgatavots no dabi\u0304gas linu s\u030ck\u0327iedras un tas kalpos gan ka\u0304 siltumizola\u0304cijas, gan skan\u0327as izola\u0304cijas materia\u0304ls.","robots":{"index":"index","follow":"follow","max-snippet":"max-snippet:-1","max-image-preview":"max-image-preview:large","max-video-preview":"max-video-preview:-1"},"canonical":"https:\/\/videstehnika.lv\/et\/katalogs\/lina-vaik-soojusisolatsioon-majale\/linu-lenta\/","og_locale":"et_EE","og_type":"article","og_title":"Lina \u0161\u0137iedras siltumizol\u0101cijas materi\u0101ls &#8226; Vides Tehnika","og_description":"Linu voiloks ir izgatavots no dabi\u0304gas linu s\u030ck\u0327iedras un tas kalpos gan ka\u0304 siltumizola\u0304cijas, gan skan\u0327as izola\u0304cijas materia\u0304ls.","og_url":"https:\/\/videstehnika.lv\/et\/katalogs\/lina-vaik-soojusisolatsioon-majale\/linu-lenta\/","og_site_name":"Vides Tehnika","article_modified_time":"2023-11-19T09:49:31+00:00","og_image":[{"width":900,"height":900,"url":"https:\/\/videstehnika.lv\/wp-content\/uploads\/2020\/07\/vides-tehnika-linu-lenta-1.jpg","type":"image\/jpeg"}],"twitter_card":"summary_large_image","twitter_misc":{"Est. reading time":"1 minut"},"schema":{"@context":"https:\/\/schema.org","@graph":[{"@type":"WebPage","@id":"https:\/\/videstehnika.lv\/et\/katalogs\/lina-vaik-soojusisolatsioon-majale\/linu-lenta\/","url":"https:\/\/videstehnika.lv\/et\/katalogs\/lina-vaik-soojusisolatsioon-majale\/linu-lenta\/","name":"Lina \u0161\u0137iedras siltumizol\u0101cijas materi\u0101ls &#8226; Vides Tehnika","isPartOf":{"@id":"https:\/\/videstehnika.lv\/et\/#website"},"primaryImageOfPage":{"@id":"https:\/\/videstehnika.lv\/et\/katalogs\/lina-vaik-soojusisolatsioon-majale\/linu-lenta\/#primaryimage"},"image":{"@id":"https:\/\/videstehnika.lv\/et\/katalogs\/lina-vaik-soojusisolatsioon-majale\/linu-lenta\/#primaryimage"},"thumbnailUrl":"https:\/\/videstehnika.lv\/wp-content\/uploads\/2020\/07\/vides-tehnika-linu-lenta-1.jpg","datePublished":"2020-07-07T08:04:22+00:00","dateModified":"2023-11-19T09:49:31+00:00","description":"Linu voiloks ir izgatavots no dabi\u0304gas linu s\u030ck\u0327iedras un tas kalpos gan ka\u0304 siltumizola\u0304cijas, gan skan\u0327as izola\u0304cijas materia\u0304ls.","breadcrumb":{"@id":"https:\/\/videstehnika.lv\/et\/katalogs\/lina-vaik-soojusisolatsioon-majale\/linu-lenta\/#breadcrumb"},"inLanguage":"et","potentialAction":[{"@type":"ReadAction","target":["https:\/\/videstehnika.lv\/et\/katalogs\/lina-vaik-soojusisolatsioon-majale\/linu-lenta\/"]}]},{"@type":"ImageObject","inLanguage":"et","@id":"https:\/\/videstehnika.lv\/et\/katalogs\/lina-vaik-soojusisolatsioon-majale\/linu-lenta\/#primaryimage","url":"https:\/\/videstehnika.lv\/wp-content\/uploads\/2020\/07\/vides-tehnika-linu-lenta-1.jpg","contentUrl":"https:\/\/videstehnika.lv\/wp-content\/uploads\/2020\/07\/vides-tehnika-linu-lenta-1.jpg","width":900,"height":900},{"@type":"BreadcrumbList","@id":"https:\/\/videstehnika.lv\/et\/katalogs\/lina-vaik-soojusisolatsioon-majale\/linu-lenta\/#breadcrumb","itemListElement":[{"@type":"ListItem","position":1,"name":"Home","item":"https:\/\/videstehnika.lv\/et\/"},{"@type":"ListItem","position":2,"name":"Kataloog","item":"https:\/\/videstehnika.lv\/et\/kataloog\/"},{"@type":"ListItem","position":3,"name":"Linane teip"}]},{"@type":"WebSite","@id":"https:\/\/videstehnika.lv\/et\/#website","url":"https:\/\/videstehnika.lv\/et\/","name":"Vides Tehnika","description":"","potentialAction":[{"@type":"SearchAction","target":{"@type":"EntryPoint","urlTemplate":"https:\/\/videstehnika.lv\/et\/?s={search_term_string}"},"query-input":{"@type":"PropertyValueSpecification","valueRequired":true,"valueName":"search_term_string"}}],"inLanguage":"et"}]}},"_links":{"self":[{"href":"https:\/\/videstehnika.lv\/et\/wp-json\/wp\/v2\/product\/30451","targetHints":{"allow":["GET"]}}],"collection":[{"href":"https:\/\/videstehnika.lv\/et\/wp-json\/wp\/v2\/product"}],"about":[{"href":"https:\/\/videstehnika.lv\/et\/wp-json\/wp\/v2\/types\/product"}],"wp:featuredmedia":[{"embeddable":true,"href":"https:\/\/videstehnika.lv\/et\/wp-json\/wp\/v2\/media\/27743"}],"wp:attachment":[{"href":"https:\/\/videstehnika.lv\/et\/wp-json\/wp\/v2\/media?parent=30451"}],"wp:term":[{"taxonomy":"product_cat","embeddable":true,"href":"https:\/\/videstehnika.lv\/et\/wp-json\/wp\/v2\/product_cat?post=30451"},{"taxonomy":"product_tag","embeddable":true,"href":"https:\/\/videstehnika.lv\/et\/wp-json\/wp\/v2\/product_tag?post=30451"}],"curies":[{"name":"wp","href":"https:\/\/api.w.org\/{rel}","templated":true}]}}