{"id":30471,"date":"2020-07-03T17:45:19","date_gmt":"2020-07-03T14:45:19","guid":{"rendered":"https:\/\/videstehnika.lv\/catalog\/maaratlemata\/paroc-blt9-berama-akmens-vate-15kg\/"},"modified":"2023-11-19T14:03:11","modified_gmt":"2023-11-19T12:03:11","slug":"paroc-blt9-berama-akmens-vate-15kg","status":"publish","type":"product","link":"https:\/\/videstehnika.lv\/et\/katalogs\/berama-villa-ehituseks-soojendamiseks\/paroc-blt9-berama-akmens-vate-15kg\/","title":{"rendered":"PAROC BLT9 Lahtine kivivill 15kg"},"content":{"rendered":"<h2>Lahtine kivivill &#8220;PAROC&#8221;<\/h2>\n<p>&#8220;PAROC BLT9&#8221; on mittes\u00fcttiv puistekivivillast soojusisolatsioon p\u00f6\u00f6ningukatetele, uutele ja olemasolevatele hoonetele. PAROC kivivillatooted on v\u00f5imelised taluma k\u00f5rgeid temperatuure. Sideaine hakkab aurustuma, kui temperatuur \u00fcletab umbes 200\u00b0C. Soojusisolatsiooni omadused j\u00e4\u00e4vad muutumatuks, kuid survetugevus v\u00e4heneb. Kivivillatoodete pehmenemistemperatuur on \u00fcle 1000\u00b0C.<\/p>\n<h2>Puistevilla pealekandmine<\/h2>\n<ul>\n<li>P\u00f6\u00f6ningukatted;<\/li>\n<li>Uute ja olemasolevate hoonete jaoks.<\/li>\n<\/ul>\n<p>Puistekivivillaga &#8220;PAROC BLT9&#8221; on soojusisolatsiooni teostamine raskesti ligip\u00e4\u00e4setavates kohtades lihtne. See lahtine kivivill moodustab pideva soojusisolatsioonikihi. Kivivillast soojusisolatsioon on kuiv, ei setti ega t\u00f5mbu kokku. Paigaldamine on soovitatav teha mehaaniliselt puhumisseadme abil.<\/p>\n","protected":false},"excerpt":{"rendered":"<p>Cena nor\u0101d\u012bta par maisu<\/p>\n","protected":false},"featured_media":27731,"template":"","meta":{"_acf_changed":false},"product_cat":[5222,4256],"product_tag":[],"class_list":{"0":"post-30471","1":"product","2":"type-product","3":"status-publish","4":"has-post-thumbnail","6":"product_cat-siltumizolacijas-materiali-et","7":"product_cat-berama-villa-ehituseks-soojendamiseks","9":"first","10":"instock","11":"taxable","12":"shipping-taxable","13":"purchasable","14":"product-type-simple"},"acf":[],"yoast_head":"<!-- This site is optimized with the Yoast SEO plugin v24.2 - https:\/\/yoast.com\/wordpress\/plugins\/seo\/ -->\n<title>PAROC BLT9 Lahtine kivivill 15kg &#8226; Vides Tehnika<\/title>\n<meta name=\"description\" content=\"Beram\u0101 akmens vate &quot;PAROC BLT9&quot; ir nedego\u0161a un piem\u0113rota b\u0113ni\u0146u p\u0101rsegumu siltin\u0101\u0161anai - jaun\u0101s un eso\u0161\u0101s \u0113k\u0101s.\" \/>\n<meta name=\"robots\" content=\"index, follow, max-snippet:-1, max-image-preview:large, max-video-preview:-1\" \/>\n<link rel=\"canonical\" href=\"https:\/\/videstehnika.lv\/et\/katalogs\/berama-villa-ehituseks-soojendamiseks\/paroc-blt9-berama-akmens-vate-15kg\/\" \/>\n<meta property=\"og:locale\" content=\"et_EE\" \/>\n<meta property=\"og:type\" content=\"article\" \/>\n<meta property=\"og:title\" content=\"PAROC BLT9 Lahtine kivivill 15kg &#8226; Vides Tehnika\" \/>\n<meta property=\"og:description\" content=\"Beram\u0101 akmens vate &quot;PAROC BLT9&quot; ir nedego\u0161a un piem\u0113rota b\u0113ni\u0146u p\u0101rsegumu siltin\u0101\u0161anai - jaun\u0101s un eso\u0161\u0101s \u0113k\u0101s.\" \/>\n<meta property=\"og:url\" content=\"https:\/\/videstehnika.lv\/et\/katalogs\/berama-villa-ehituseks-soojendamiseks\/paroc-blt9-berama-akmens-vate-15kg\/\" \/>\n<meta property=\"og:site_name\" content=\"Vides Tehnika\" \/>\n<meta property=\"article:modified_time\" content=\"2023-11-19T12:03:11+00:00\" \/>\n<meta property=\"og:image\" content=\"https:\/\/videstehnika.lv\/wp-content\/uploads\/2020\/07\/vides-tehnika-paroc-blt-9.jpg\" \/>\n\t<meta property=\"og:image:width\" content=\"900\" \/>\n\t<meta property=\"og:image:height\" content=\"900\" \/>\n\t<meta property=\"og:image:type\" content=\"image\/jpeg\" \/>\n<meta name=\"twitter:card\" content=\"summary_large_image\" \/>\n<meta name=\"twitter:label1\" content=\"Est. reading time\" \/>\n\t<meta name=\"twitter:data1\" content=\"1 minut\" \/>\n<script type=\"application\/ld+json\" class=\"yoast-schema-graph\">{\"@context\":\"https:\/\/schema.org\",\"@graph\":[{\"@type\":\"WebPage\",\"@id\":\"https:\/\/videstehnika.lv\/et\/katalogs\/berama-villa-ehituseks-soojendamiseks\/paroc-blt9-berama-akmens-vate-15kg\/\",\"url\":\"https:\/\/videstehnika.lv\/et\/katalogs\/berama-villa-ehituseks-soojendamiseks\/paroc-blt9-berama-akmens-vate-15kg\/\",\"name\":\"PAROC BLT9 Lahtine kivivill 15kg &#8226; Vides Tehnika\",\"isPartOf\":{\"@id\":\"https:\/\/videstehnika.lv\/et\/#website\"},\"primaryImageOfPage\":{\"@id\":\"https:\/\/videstehnika.lv\/et\/katalogs\/berama-villa-ehituseks-soojendamiseks\/paroc-blt9-berama-akmens-vate-15kg\/#primaryimage\"},\"image\":{\"@id\":\"https:\/\/videstehnika.lv\/et\/katalogs\/berama-villa-ehituseks-soojendamiseks\/paroc-blt9-berama-akmens-vate-15kg\/#primaryimage\"},\"thumbnailUrl\":\"https:\/\/videstehnika.lv\/wp-content\/uploads\/2020\/07\/vides-tehnika-paroc-blt-9.jpg\",\"datePublished\":\"2020-07-03T14:45:19+00:00\",\"dateModified\":\"2023-11-19T12:03:11+00:00\",\"description\":\"Beram\u0101 akmens vate \\\"PAROC BLT9\\\" ir nedego\u0161a un piem\u0113rota b\u0113ni\u0146u p\u0101rsegumu siltin\u0101\u0161anai - jaun\u0101s un eso\u0161\u0101s \u0113k\u0101s.\",\"breadcrumb\":{\"@id\":\"https:\/\/videstehnika.lv\/et\/katalogs\/berama-villa-ehituseks-soojendamiseks\/paroc-blt9-berama-akmens-vate-15kg\/#breadcrumb\"},\"inLanguage\":\"et\",\"potentialAction\":[{\"@type\":\"ReadAction\",\"target\":[\"https:\/\/videstehnika.lv\/et\/katalogs\/berama-villa-ehituseks-soojendamiseks\/paroc-blt9-berama-akmens-vate-15kg\/\"]}]},{\"@type\":\"ImageObject\",\"inLanguage\":\"et\",\"@id\":\"https:\/\/videstehnika.lv\/et\/katalogs\/berama-villa-ehituseks-soojendamiseks\/paroc-blt9-berama-akmens-vate-15kg\/#primaryimage\",\"url\":\"https:\/\/videstehnika.lv\/wp-content\/uploads\/2020\/07\/vides-tehnika-paroc-blt-9.jpg\",\"contentUrl\":\"https:\/\/videstehnika.lv\/wp-content\/uploads\/2020\/07\/vides-tehnika-paroc-blt-9.jpg\",\"width\":900,\"height\":900},{\"@type\":\"BreadcrumbList\",\"@id\":\"https:\/\/videstehnika.lv\/et\/katalogs\/berama-villa-ehituseks-soojendamiseks\/paroc-blt9-berama-akmens-vate-15kg\/#breadcrumb\",\"itemListElement\":[{\"@type\":\"ListItem\",\"position\":1,\"name\":\"Home\",\"item\":\"https:\/\/videstehnika.lv\/et\/\"},{\"@type\":\"ListItem\",\"position\":2,\"name\":\"Kataloog\",\"item\":\"https:\/\/videstehnika.lv\/et\/kataloog\/\"},{\"@type\":\"ListItem\",\"position\":3,\"name\":\"PAROC BLT9 Lahtine kivivill 15kg\"}]},{\"@type\":\"WebSite\",\"@id\":\"https:\/\/videstehnika.lv\/et\/#website\",\"url\":\"https:\/\/videstehnika.lv\/et\/\",\"name\":\"Vides Tehnika\",\"description\":\"\",\"potentialAction\":[{\"@type\":\"SearchAction\",\"target\":{\"@type\":\"EntryPoint\",\"urlTemplate\":\"https:\/\/videstehnika.lv\/et\/?s={search_term_string}\"},\"query-input\":{\"@type\":\"PropertyValueSpecification\",\"valueRequired\":true,\"valueName\":\"search_term_string\"}}],\"inLanguage\":\"et\"}]}<\/script>\n<!-- \/ Yoast SEO plugin. -->","yoast_head_json":{"title":"PAROC BLT9 Lahtine kivivill 15kg &#8226; Vides Tehnika","description":"Beram\u0101 akmens vate \"PAROC BLT9\" ir nedego\u0161a un piem\u0113rota b\u0113ni\u0146u p\u0101rsegumu siltin\u0101\u0161anai - jaun\u0101s un eso\u0161\u0101s \u0113k\u0101s.","robots":{"index":"index","follow":"follow","max-snippet":"max-snippet:-1","max-image-preview":"max-image-preview:large","max-video-preview":"max-video-preview:-1"},"canonical":"https:\/\/videstehnika.lv\/et\/katalogs\/berama-villa-ehituseks-soojendamiseks\/paroc-blt9-berama-akmens-vate-15kg\/","og_locale":"et_EE","og_type":"article","og_title":"PAROC BLT9 Lahtine kivivill 15kg &#8226; Vides Tehnika","og_description":"Beram\u0101 akmens vate \"PAROC BLT9\" ir nedego\u0161a un piem\u0113rota b\u0113ni\u0146u p\u0101rsegumu siltin\u0101\u0161anai - jaun\u0101s un eso\u0161\u0101s \u0113k\u0101s.","og_url":"https:\/\/videstehnika.lv\/et\/katalogs\/berama-villa-ehituseks-soojendamiseks\/paroc-blt9-berama-akmens-vate-15kg\/","og_site_name":"Vides Tehnika","article_modified_time":"2023-11-19T12:03:11+00:00","og_image":[{"width":900,"height":900,"url":"https:\/\/videstehnika.lv\/wp-content\/uploads\/2020\/07\/vides-tehnika-paroc-blt-9.jpg","type":"image\/jpeg"}],"twitter_card":"summary_large_image","twitter_misc":{"Est. reading time":"1 minut"},"schema":{"@context":"https:\/\/schema.org","@graph":[{"@type":"WebPage","@id":"https:\/\/videstehnika.lv\/et\/katalogs\/berama-villa-ehituseks-soojendamiseks\/paroc-blt9-berama-akmens-vate-15kg\/","url":"https:\/\/videstehnika.lv\/et\/katalogs\/berama-villa-ehituseks-soojendamiseks\/paroc-blt9-berama-akmens-vate-15kg\/","name":"PAROC BLT9 Lahtine kivivill 15kg &#8226; Vides Tehnika","isPartOf":{"@id":"https:\/\/videstehnika.lv\/et\/#website"},"primaryImageOfPage":{"@id":"https:\/\/videstehnika.lv\/et\/katalogs\/berama-villa-ehituseks-soojendamiseks\/paroc-blt9-berama-akmens-vate-15kg\/#primaryimage"},"image":{"@id":"https:\/\/videstehnika.lv\/et\/katalogs\/berama-villa-ehituseks-soojendamiseks\/paroc-blt9-berama-akmens-vate-15kg\/#primaryimage"},"thumbnailUrl":"https:\/\/videstehnika.lv\/wp-content\/uploads\/2020\/07\/vides-tehnika-paroc-blt-9.jpg","datePublished":"2020-07-03T14:45:19+00:00","dateModified":"2023-11-19T12:03:11+00:00","description":"Beram\u0101 akmens vate \"PAROC BLT9\" ir nedego\u0161a un piem\u0113rota b\u0113ni\u0146u p\u0101rsegumu siltin\u0101\u0161anai - jaun\u0101s un eso\u0161\u0101s \u0113k\u0101s.","breadcrumb":{"@id":"https:\/\/videstehnika.lv\/et\/katalogs\/berama-villa-ehituseks-soojendamiseks\/paroc-blt9-berama-akmens-vate-15kg\/#breadcrumb"},"inLanguage":"et","potentialAction":[{"@type":"ReadAction","target":["https:\/\/videstehnika.lv\/et\/katalogs\/berama-villa-ehituseks-soojendamiseks\/paroc-blt9-berama-akmens-vate-15kg\/"]}]},{"@type":"ImageObject","inLanguage":"et","@id":"https:\/\/videstehnika.lv\/et\/katalogs\/berama-villa-ehituseks-soojendamiseks\/paroc-blt9-berama-akmens-vate-15kg\/#primaryimage","url":"https:\/\/videstehnika.lv\/wp-content\/uploads\/2020\/07\/vides-tehnika-paroc-blt-9.jpg","contentUrl":"https:\/\/videstehnika.lv\/wp-content\/uploads\/2020\/07\/vides-tehnika-paroc-blt-9.jpg","width":900,"height":900},{"@type":"BreadcrumbList","@id":"https:\/\/videstehnika.lv\/et\/katalogs\/berama-villa-ehituseks-soojendamiseks\/paroc-blt9-berama-akmens-vate-15kg\/#breadcrumb","itemListElement":[{"@type":"ListItem","position":1,"name":"Home","item":"https:\/\/videstehnika.lv\/et\/"},{"@type":"ListItem","position":2,"name":"Kataloog","item":"https:\/\/videstehnika.lv\/et\/kataloog\/"},{"@type":"ListItem","position":3,"name":"PAROC BLT9 Lahtine kivivill 15kg"}]},{"@type":"WebSite","@id":"https:\/\/videstehnika.lv\/et\/#website","url":"https:\/\/videstehnika.lv\/et\/","name":"Vides Tehnika","description":"","potentialAction":[{"@type":"SearchAction","target":{"@type":"EntryPoint","urlTemplate":"https:\/\/videstehnika.lv\/et\/?s={search_term_string}"},"query-input":{"@type":"PropertyValueSpecification","valueRequired":true,"valueName":"search_term_string"}}],"inLanguage":"et"}]}},"_links":{"self":[{"href":"https:\/\/videstehnika.lv\/et\/wp-json\/wp\/v2\/product\/30471","targetHints":{"allow":["GET"]}}],"collection":[{"href":"https:\/\/videstehnika.lv\/et\/wp-json\/wp\/v2\/product"}],"about":[{"href":"https:\/\/videstehnika.lv\/et\/wp-json\/wp\/v2\/types\/product"}],"wp:featuredmedia":[{"embeddable":true,"href":"https:\/\/videstehnika.lv\/et\/wp-json\/wp\/v2\/media\/27731"}],"wp:attachment":[{"href":"https:\/\/videstehnika.lv\/et\/wp-json\/wp\/v2\/media?parent=30471"}],"wp:term":[{"taxonomy":"product_cat","embeddable":true,"href":"https:\/\/videstehnika.lv\/et\/wp-json\/wp\/v2\/product_cat?post=30471"},{"taxonomy":"product_tag","embeddable":true,"href":"https:\/\/videstehnika.lv\/et\/wp-json\/wp\/v2\/product_tag?post=30471"}],"curies":[{"name":"wp","href":"https:\/\/api.w.org\/{rel}","templated":true}]}}