{"id":30483,"date":"2020-07-03T15:31:36","date_gmt":"2020-07-03T12:31:36","guid":{"rendered":"https:\/\/videstehnika.lv\/catalog\/maaratlemata\/knauf-supafil-cavity-wall-16-6kg-26-pal\/"},"modified":"2023-11-19T14:07:12","modified_gmt":"2023-11-19T12:07:12","slug":"knauf-supafil-cavity-wall-16-6kg-26-pal","status":"publish","type":"product","link":"https:\/\/videstehnika.lv\/et\/katalogs\/berama-villa-ehituseks-soojendamiseks\/knauf-supafil-cavity-wall-16-6kg-26-pal\/","title":{"rendered":"Knauf Supafil Cavity Wall 16.6kg, mineraalvill"},"content":{"rendered":"<h2>Puiste mineraalvill &#8220;Knauf Supafil Cavity Wall&#8221;<\/h2>\n<p>&#8220;Supafil Cavity Wall&#8221; on looduslik, h\u00fcdrofoobne ja \u00f6koloogiline mineraalvill ilma s\u00fcnteetiliste vaikude ja sideaineteta. See on m\u00f5eldud soojusisolatsiooniks \u00f5\u00f5nsate v\u00e4lisseinte t\u00e4itmiseks, kuid sobib ka ventileeritavate fassaadide ja vaheseinte soojustamiseks. V\u00f5ib kasutada ka karkasskonstruktsioonides.<\/p>\n<p>&#8220;Supafil Cavity Wall&#8221; on stabiilne ega vaju p\u00e4rast paigaldamist aja jooksul kokku. See mineraalvill t\u00e4idab suurep\u00e4raseid ruumide soojustusfunktsioone ning on m\u00f5eldud renoveerimiseks ja uutele energias\u00e4\u00e4stlikele hoonetele.<\/p>\n<h2>Lahtise mineraalvilla eelised<\/h2>\n<ul>\n<li>Suurep\u00e4rased soojusisolatsiooni omadused;<\/li>\n<li>Tera heli summutavad omadused;<\/li>\n<li>Th\u00e1o taime tulekindlus \u2013 suurendab konstruktsiooni kaitset passiivse tule eest;<\/li>\n<li>K\u00f5rge auru l\u00e4bilaskvus;<\/li>\n<li>Madal konstruktsioonikoormus isolatsiooni omakaaluga;<\/li>\n<li>Mitteimav materjal;<\/li>\n<li>Lihtne t\u00f6\u00f6tada raskesti ligip\u00e4\u00e4setavates kohtades;<\/li>\n<li>Lihtne, kiire ja lihtne paigaldamine;<\/li>\n<li>\u00dchtlane isolatsioonikiht raskesti ligip\u00e4\u00e4setavates kohtades;<\/li>\n<li>Ei mingeid j\u00e4\u00e4ke;<\/li>\n<li>Aluskiud ilma sideaineteta;<\/li>\n<li>100% \u00f6koloogiline, looduslik materjal.<\/li>\n<\/ul>\n","protected":false},"excerpt":{"rendered":"<p>Cena nor\u0101d\u012bta par maisu<\/p>\n","protected":false},"featured_media":27726,"template":"","meta":{"_acf_changed":false},"product_cat":[5222,4256],"product_tag":[],"class_list":{"0":"post-30483","1":"product","2":"type-product","3":"status-publish","4":"has-post-thumbnail","6":"product_cat-siltumizolacijas-materiali-et","7":"product_cat-berama-villa-ehituseks-soojendamiseks","9":"first","10":"onbackorder","11":"taxable","12":"shipping-taxable","13":"purchasable","14":"product-type-simple"},"acf":[],"yoast_head":"<!-- This site is optimized with the Yoast SEO plugin v24.2 - https:\/\/yoast.com\/wordpress\/plugins\/seo\/ -->\n<title>Beram\u0101 miner\u0101lvate Knauf Supafil Cavity Wall 16.6kg, mineraalvill &#8226; Vides Tehnika<\/title>\n<meta name=\"description\" content=\"Beram\u0101 miner\u0101lvate Supafil Cavity Wall - ekolo\u0123iska un paredz\u0113ta k\u0101 dobo \u0101rsienu aizpild\u012b\u0161anai, ventil\u0113jamo fas\u0101\u017eu un starpsienu siltin\u0101\u0161anai.\" \/>\n<meta name=\"robots\" content=\"index, follow, max-snippet:-1, max-image-preview:large, max-video-preview:-1\" \/>\n<link rel=\"canonical\" href=\"https:\/\/videstehnika.lv\/et\/katalogs\/berama-villa-ehituseks-soojendamiseks\/knauf-supafil-cavity-wall-16-6kg-26-pal\/\" \/>\n<meta property=\"og:locale\" content=\"et_EE\" \/>\n<meta property=\"og:type\" content=\"article\" \/>\n<meta property=\"og:title\" content=\"Beram\u0101 miner\u0101lvate Knauf Supafil Cavity Wall 16.6kg, mineraalvill &#8226; Vides Tehnika\" \/>\n<meta property=\"og:description\" content=\"Beram\u0101 miner\u0101lvate Supafil Cavity Wall - ekolo\u0123iska un paredz\u0113ta k\u0101 dobo \u0101rsienu aizpild\u012b\u0161anai, ventil\u0113jamo fas\u0101\u017eu un starpsienu siltin\u0101\u0161anai.\" \/>\n<meta property=\"og:url\" content=\"https:\/\/videstehnika.lv\/et\/katalogs\/berama-villa-ehituseks-soojendamiseks\/knauf-supafil-cavity-wall-16-6kg-26-pal\/\" \/>\n<meta property=\"og:site_name\" content=\"Vides Tehnika\" \/>\n<meta property=\"article:modified_time\" content=\"2023-11-19T12:07:12+00:00\" \/>\n<meta property=\"og:image\" content=\"https:\/\/videstehnika.lv\/wp-content\/uploads\/2020\/07\/vides-tehnika-knauf-supafil-cavity-wall.jpg\" \/>\n\t<meta property=\"og:image:width\" content=\"900\" \/>\n\t<meta property=\"og:image:height\" content=\"900\" \/>\n\t<meta property=\"og:image:type\" content=\"image\/jpeg\" \/>\n<meta name=\"twitter:card\" content=\"summary_large_image\" \/>\n<meta name=\"twitter:label1\" content=\"Est. reading time\" \/>\n\t<meta name=\"twitter:data1\" content=\"1 minut\" \/>\n<script type=\"application\/ld+json\" class=\"yoast-schema-graph\">{\"@context\":\"https:\/\/schema.org\",\"@graph\":[{\"@type\":\"WebPage\",\"@id\":\"https:\/\/videstehnika.lv\/et\/katalogs\/berama-villa-ehituseks-soojendamiseks\/knauf-supafil-cavity-wall-16-6kg-26-pal\/\",\"url\":\"https:\/\/videstehnika.lv\/et\/katalogs\/berama-villa-ehituseks-soojendamiseks\/knauf-supafil-cavity-wall-16-6kg-26-pal\/\",\"name\":\"Beram\u0101 miner\u0101lvate Knauf Supafil Cavity Wall 16.6kg, mineraalvill &#8226; Vides Tehnika\",\"isPartOf\":{\"@id\":\"https:\/\/videstehnika.lv\/et\/#website\"},\"primaryImageOfPage\":{\"@id\":\"https:\/\/videstehnika.lv\/et\/katalogs\/berama-villa-ehituseks-soojendamiseks\/knauf-supafil-cavity-wall-16-6kg-26-pal\/#primaryimage\"},\"image\":{\"@id\":\"https:\/\/videstehnika.lv\/et\/katalogs\/berama-villa-ehituseks-soojendamiseks\/knauf-supafil-cavity-wall-16-6kg-26-pal\/#primaryimage\"},\"thumbnailUrl\":\"https:\/\/videstehnika.lv\/wp-content\/uploads\/2020\/07\/vides-tehnika-knauf-supafil-cavity-wall.jpg\",\"datePublished\":\"2020-07-03T12:31:36+00:00\",\"dateModified\":\"2023-11-19T12:07:12+00:00\",\"description\":\"Beram\u0101 miner\u0101lvate Supafil Cavity Wall - ekolo\u0123iska un paredz\u0113ta k\u0101 dobo \u0101rsienu aizpild\u012b\u0161anai, ventil\u0113jamo fas\u0101\u017eu un starpsienu siltin\u0101\u0161anai.\",\"breadcrumb\":{\"@id\":\"https:\/\/videstehnika.lv\/et\/katalogs\/berama-villa-ehituseks-soojendamiseks\/knauf-supafil-cavity-wall-16-6kg-26-pal\/#breadcrumb\"},\"inLanguage\":\"et\",\"potentialAction\":[{\"@type\":\"ReadAction\",\"target\":[\"https:\/\/videstehnika.lv\/et\/katalogs\/berama-villa-ehituseks-soojendamiseks\/knauf-supafil-cavity-wall-16-6kg-26-pal\/\"]}]},{\"@type\":\"ImageObject\",\"inLanguage\":\"et\",\"@id\":\"https:\/\/videstehnika.lv\/et\/katalogs\/berama-villa-ehituseks-soojendamiseks\/knauf-supafil-cavity-wall-16-6kg-26-pal\/#primaryimage\",\"url\":\"https:\/\/videstehnika.lv\/wp-content\/uploads\/2020\/07\/vides-tehnika-knauf-supafil-cavity-wall.jpg\",\"contentUrl\":\"https:\/\/videstehnika.lv\/wp-content\/uploads\/2020\/07\/vides-tehnika-knauf-supafil-cavity-wall.jpg\",\"width\":900,\"height\":900},{\"@type\":\"BreadcrumbList\",\"@id\":\"https:\/\/videstehnika.lv\/et\/katalogs\/berama-villa-ehituseks-soojendamiseks\/knauf-supafil-cavity-wall-16-6kg-26-pal\/#breadcrumb\",\"itemListElement\":[{\"@type\":\"ListItem\",\"position\":1,\"name\":\"Home\",\"item\":\"https:\/\/videstehnika.lv\/et\/\"},{\"@type\":\"ListItem\",\"position\":2,\"name\":\"Kataloog\",\"item\":\"https:\/\/videstehnika.lv\/et\/kataloog\/\"},{\"@type\":\"ListItem\",\"position\":3,\"name\":\"Knauf Supafil Cavity Wall 16.6kg, mineraalvill\"}]},{\"@type\":\"WebSite\",\"@id\":\"https:\/\/videstehnika.lv\/et\/#website\",\"url\":\"https:\/\/videstehnika.lv\/et\/\",\"name\":\"Vides Tehnika\",\"description\":\"\",\"potentialAction\":[{\"@type\":\"SearchAction\",\"target\":{\"@type\":\"EntryPoint\",\"urlTemplate\":\"https:\/\/videstehnika.lv\/et\/?s={search_term_string}\"},\"query-input\":{\"@type\":\"PropertyValueSpecification\",\"valueRequired\":true,\"valueName\":\"search_term_string\"}}],\"inLanguage\":\"et\"}]}<\/script>\n<!-- \/ Yoast SEO plugin. -->","yoast_head_json":{"title":"Beram\u0101 miner\u0101lvate Knauf Supafil Cavity Wall 16.6kg, mineraalvill &#8226; Vides Tehnika","description":"Beram\u0101 miner\u0101lvate Supafil Cavity Wall - ekolo\u0123iska un paredz\u0113ta k\u0101 dobo \u0101rsienu aizpild\u012b\u0161anai, ventil\u0113jamo fas\u0101\u017eu un starpsienu siltin\u0101\u0161anai.","robots":{"index":"index","follow":"follow","max-snippet":"max-snippet:-1","max-image-preview":"max-image-preview:large","max-video-preview":"max-video-preview:-1"},"canonical":"https:\/\/videstehnika.lv\/et\/katalogs\/berama-villa-ehituseks-soojendamiseks\/knauf-supafil-cavity-wall-16-6kg-26-pal\/","og_locale":"et_EE","og_type":"article","og_title":"Beram\u0101 miner\u0101lvate Knauf Supafil Cavity Wall 16.6kg, mineraalvill &#8226; Vides Tehnika","og_description":"Beram\u0101 miner\u0101lvate Supafil Cavity Wall - ekolo\u0123iska un paredz\u0113ta k\u0101 dobo \u0101rsienu aizpild\u012b\u0161anai, ventil\u0113jamo fas\u0101\u017eu un starpsienu siltin\u0101\u0161anai.","og_url":"https:\/\/videstehnika.lv\/et\/katalogs\/berama-villa-ehituseks-soojendamiseks\/knauf-supafil-cavity-wall-16-6kg-26-pal\/","og_site_name":"Vides Tehnika","article_modified_time":"2023-11-19T12:07:12+00:00","og_image":[{"width":900,"height":900,"url":"https:\/\/videstehnika.lv\/wp-content\/uploads\/2020\/07\/vides-tehnika-knauf-supafil-cavity-wall.jpg","type":"image\/jpeg"}],"twitter_card":"summary_large_image","twitter_misc":{"Est. reading time":"1 minut"},"schema":{"@context":"https:\/\/schema.org","@graph":[{"@type":"WebPage","@id":"https:\/\/videstehnika.lv\/et\/katalogs\/berama-villa-ehituseks-soojendamiseks\/knauf-supafil-cavity-wall-16-6kg-26-pal\/","url":"https:\/\/videstehnika.lv\/et\/katalogs\/berama-villa-ehituseks-soojendamiseks\/knauf-supafil-cavity-wall-16-6kg-26-pal\/","name":"Beram\u0101 miner\u0101lvate Knauf Supafil Cavity Wall 16.6kg, mineraalvill &#8226; Vides Tehnika","isPartOf":{"@id":"https:\/\/videstehnika.lv\/et\/#website"},"primaryImageOfPage":{"@id":"https:\/\/videstehnika.lv\/et\/katalogs\/berama-villa-ehituseks-soojendamiseks\/knauf-supafil-cavity-wall-16-6kg-26-pal\/#primaryimage"},"image":{"@id":"https:\/\/videstehnika.lv\/et\/katalogs\/berama-villa-ehituseks-soojendamiseks\/knauf-supafil-cavity-wall-16-6kg-26-pal\/#primaryimage"},"thumbnailUrl":"https:\/\/videstehnika.lv\/wp-content\/uploads\/2020\/07\/vides-tehnika-knauf-supafil-cavity-wall.jpg","datePublished":"2020-07-03T12:31:36+00:00","dateModified":"2023-11-19T12:07:12+00:00","description":"Beram\u0101 miner\u0101lvate Supafil Cavity Wall - ekolo\u0123iska un paredz\u0113ta k\u0101 dobo \u0101rsienu aizpild\u012b\u0161anai, ventil\u0113jamo fas\u0101\u017eu un starpsienu siltin\u0101\u0161anai.","breadcrumb":{"@id":"https:\/\/videstehnika.lv\/et\/katalogs\/berama-villa-ehituseks-soojendamiseks\/knauf-supafil-cavity-wall-16-6kg-26-pal\/#breadcrumb"},"inLanguage":"et","potentialAction":[{"@type":"ReadAction","target":["https:\/\/videstehnika.lv\/et\/katalogs\/berama-villa-ehituseks-soojendamiseks\/knauf-supafil-cavity-wall-16-6kg-26-pal\/"]}]},{"@type":"ImageObject","inLanguage":"et","@id":"https:\/\/videstehnika.lv\/et\/katalogs\/berama-villa-ehituseks-soojendamiseks\/knauf-supafil-cavity-wall-16-6kg-26-pal\/#primaryimage","url":"https:\/\/videstehnika.lv\/wp-content\/uploads\/2020\/07\/vides-tehnika-knauf-supafil-cavity-wall.jpg","contentUrl":"https:\/\/videstehnika.lv\/wp-content\/uploads\/2020\/07\/vides-tehnika-knauf-supafil-cavity-wall.jpg","width":900,"height":900},{"@type":"BreadcrumbList","@id":"https:\/\/videstehnika.lv\/et\/katalogs\/berama-villa-ehituseks-soojendamiseks\/knauf-supafil-cavity-wall-16-6kg-26-pal\/#breadcrumb","itemListElement":[{"@type":"ListItem","position":1,"name":"Home","item":"https:\/\/videstehnika.lv\/et\/"},{"@type":"ListItem","position":2,"name":"Kataloog","item":"https:\/\/videstehnika.lv\/et\/kataloog\/"},{"@type":"ListItem","position":3,"name":"Knauf Supafil Cavity Wall 16.6kg, mineraalvill"}]},{"@type":"WebSite","@id":"https:\/\/videstehnika.lv\/et\/#website","url":"https:\/\/videstehnika.lv\/et\/","name":"Vides Tehnika","description":"","potentialAction":[{"@type":"SearchAction","target":{"@type":"EntryPoint","urlTemplate":"https:\/\/videstehnika.lv\/et\/?s={search_term_string}"},"query-input":{"@type":"PropertyValueSpecification","valueRequired":true,"valueName":"search_term_string"}}],"inLanguage":"et"}]}},"_links":{"self":[{"href":"https:\/\/videstehnika.lv\/et\/wp-json\/wp\/v2\/product\/30483","targetHints":{"allow":["GET"]}}],"collection":[{"href":"https:\/\/videstehnika.lv\/et\/wp-json\/wp\/v2\/product"}],"about":[{"href":"https:\/\/videstehnika.lv\/et\/wp-json\/wp\/v2\/types\/product"}],"wp:featuredmedia":[{"embeddable":true,"href":"https:\/\/videstehnika.lv\/et\/wp-json\/wp\/v2\/media\/27726"}],"wp:attachment":[{"href":"https:\/\/videstehnika.lv\/et\/wp-json\/wp\/v2\/media?parent=30483"}],"wp:term":[{"taxonomy":"product_cat","embeddable":true,"href":"https:\/\/videstehnika.lv\/et\/wp-json\/wp\/v2\/product_cat?post=30483"},{"taxonomy":"product_tag","embeddable":true,"href":"https:\/\/videstehnika.lv\/et\/wp-json\/wp\/v2\/product_tag?post=30483"}],"curies":[{"name":"wp","href":"https:\/\/api.w.org\/{rel}","templated":true}]}}