{"id":31610,"date":"2024-01-23T12:36:53","date_gmt":"2024-01-23T10:36:53","guid":{"rendered":"https:\/\/videstehnika.lv\/?post_type=product&#038;p=31610"},"modified":"2025-07-03T10:58:00","modified_gmt":"2025-07-03T07:58:00","slug":"strfix-eps-xps-lime","status":"publish","type":"product","link":"https:\/\/videstehnika.lv\/katalogs\/limes-limlentas\/strfix-eps-xps-lime\/","title":{"rendered":"Gluebit &#8211; aukstas iekl\u0101\u0161anas l\u012bme"},"content":{"rendered":"<p>Emulbit Gluebit ir augstas kvalitates bitumena un lateksa kau\u010duka savienojums uz \u0161\u0137\u012bdin\u0101t\u0101ja b\u0101zes ar piedev\u0101m.<br \/>\nProdukts ir paredz\u0113ts rubero\u012bda l\u012bm\u0113\u0161anai uz betona un apmetuma pamatn\u0113m vai rubero\u012bda l\u012bm\u0113\u0161anai k\u0101rt\u0101s ar m\u0113r\u0137i izveidot daudzsl\u0101\u0146u hidroizol\u0101ciju.<br \/>\nProduktam ir augsta sve\u0137u koncentr\u0101cija, kas nodro\u0161ina augstu adh\u0113zijas pak\u0101pi, l\u012bdz pat 212 N. Gatavs lieto\u0161anai tikai p\u0113c samais\u012b\u0161anas.<br \/>\nP\u0113c uzkl\u0101\u0161anas tie\u0161i uz apstr\u0101d\u0101jamas pamatvirsmas produkts k\u013c\u016bst piln\u012bgi notur\u012bgs pret mazg\u0101\u0161anu ar \u016bdeni.<br \/>\nProduktam piem\u012bt lieliska iespie\u0161an\u0101s sp\u0113ja hermetiz\u0113jam\u0101s virsm\u0101s. To raksturo ar\u012b laba adh\u0113zija pie pamatvirsmas kas ietver betonu, azbestcementa loksnes un t\u0113raudu un citas virsmas.<br \/>\nP\u0113c saciet\u0113\u0161anas produkts veido viendab\u012bgu, iztur\u012bgu un elast\u012bgu p\u0101rkl\u0101jumu.<\/p>\n<p>Pielietojums<\/p>\n<p>Rubero\u012bda l\u012bm\u0113\u0161ana uz betona un apmetuma.<\/p>\n<p>Rubero\u012bda l\u012bm\u0113\u0161ana k\u0101rt\u0101s daudzsl\u0101\u0146u hidroizol\u0101cijas sist\u0113m\u0101s.<\/p>\n<p>Hidroizol\u0101cija sl\u012bpajiem jumtiem, plakaniem jumtiem, cementa segumu izl\u012bdzino\u0161\u0101m k\u0101rt\u0101m, teras\u0113m, k\u0101 ar\u012b produkts ir piem\u0113rots darbam ar maza laukuma pamatn\u0113m.<\/p>\n<p>Pretkorozijas p\u0101rkl\u0101jumu izveide.<\/p>\n<p>Produkts paredz\u0113ts \u0101ra darbiem.<\/p>\n<p>Uzkl\u0101\u0161anas temperat\u016bra no +5 l\u012bdz +30<\/p>\n","protected":false},"excerpt":{"rendered":"<p>Emulbit Gluebit ir augstas kvalitates bitumena un lateksa kau\u010duka savienojums uz \u0161\u0137\u012bdin\u0101t\u0101ja b\u0101zes ar piedev\u0101m. Produkts ir paredz\u0113ts rubero\u012bda l\u012bm\u0113\u0161anai<\/p>\n","protected":false},"featured_media":31647,"template":"","meta":{"_acf_changed":false},"product_cat":[92,68],"product_tag":[],"class_list":{"0":"post-31610","1":"product","2":"type-product","3":"status-publish","4":"has-post-thumbnail","6":"product_cat-limes-gruntis","7":"product_cat-limes-limlentas","9":"first","10":"instock","11":"featured","12":"taxable","13":"shipping-taxable","14":"purchasable","15":"product-type-variable"},"acf":[],"yoast_head":"<!-- This site is optimized with the Yoast SEO plugin v24.2 - https:\/\/yoast.com\/wordpress\/plugins\/seo\/ -->\n<title>Alfa DS 100 tvaika izol\u0101cijas materi\u0101lu l\u012bme &#8226; Vides Tehnika<\/title>\n<meta name=\"description\" content=\"Alfa DS 100 l\u012bme paredz\u0113ta visa veida tvaika izol\u0101cijas materi\u0101lu piel\u012bm\u0113\u0161anai pie norobe\u017eojo\u0161\u0101m konstrukcij\u0101m.\" \/>\n<meta name=\"robots\" content=\"index, follow, max-snippet:-1, max-image-preview:large, max-video-preview:-1\" \/>\n<link rel=\"canonical\" href=\"https:\/\/videstehnika.lv\/et\/katalogs\/limes-limlentas\/strfix-eps-xps-lime\/\" \/>\n<meta property=\"og:locale\" content=\"et_EE\" \/>\n<meta property=\"og:type\" content=\"article\" \/>\n<meta property=\"og:title\" content=\"Alfa DS 100 tvaika izol\u0101cijas materi\u0101lu l\u012bme &#8226; Vides Tehnika\" \/>\n<meta property=\"og:description\" content=\"Alfa DS 100 l\u012bme paredz\u0113ta visa veida tvaika izol\u0101cijas materi\u0101lu piel\u012bm\u0113\u0161anai pie norobe\u017eojo\u0161\u0101m konstrukcij\u0101m.\" \/>\n<meta property=\"og:url\" content=\"https:\/\/videstehnika.lv\/katalogs\/limes-limlentas\/strfix-eps-xps-lime\/\" \/>\n<meta property=\"og:site_name\" content=\"Vides Tehnika\" \/>\n<meta property=\"article:modified_time\" content=\"2025-07-03T07:58:00+00:00\" \/>\n<meta property=\"og:image\" content=\"https:\/\/videstehnika.lv\/wp-content\/uploads\/2024\/01\/emulbit-gluebit-10kg-1.jpg\" \/>\n\t<meta property=\"og:image:width\" content=\"2156\" \/>\n\t<meta property=\"og:image:height\" content=\"2157\" \/>\n\t<meta property=\"og:image:type\" content=\"image\/jpeg\" \/>\n<meta name=\"twitter:card\" content=\"summary_large_image\" \/>\n<meta name=\"twitter:label1\" content=\"Est. reading time\" \/>\n\t<meta name=\"twitter:data1\" content=\"1 minut\" \/>\n<script type=\"application\/ld+json\" class=\"yoast-schema-graph\">{\"@context\":\"https:\/\/schema.org\",\"@graph\":[{\"@type\":\"WebPage\",\"@id\":\"https:\/\/videstehnika.lv\/katalogs\/limes-limlentas\/strfix-eps-xps-lime\/\",\"url\":\"https:\/\/videstehnika.lv\/katalogs\/limes-limlentas\/strfix-eps-xps-lime\/\",\"name\":\"Alfa DS 100 tvaika izol\u0101cijas materi\u0101lu l\u012bme &#8226; Vides Tehnika\",\"isPartOf\":{\"@id\":\"https:\/\/videstehnika.lv\/et\/#website\"},\"primaryImageOfPage\":{\"@id\":\"https:\/\/videstehnika.lv\/katalogs\/limes-limlentas\/strfix-eps-xps-lime\/#primaryimage\"},\"image\":{\"@id\":\"https:\/\/videstehnika.lv\/katalogs\/limes-limlentas\/strfix-eps-xps-lime\/#primaryimage\"},\"thumbnailUrl\":\"https:\/\/videstehnika.lv\/wp-content\/uploads\/2024\/01\/emulbit-gluebit-10kg-1.jpg\",\"datePublished\":\"2024-01-23T10:36:53+00:00\",\"dateModified\":\"2025-07-03T07:58:00+00:00\",\"description\":\"Alfa DS 100 l\u012bme paredz\u0113ta visa veida tvaika izol\u0101cijas materi\u0101lu piel\u012bm\u0113\u0161anai pie norobe\u017eojo\u0161\u0101m konstrukcij\u0101m.\",\"breadcrumb\":{\"@id\":\"https:\/\/videstehnika.lv\/katalogs\/limes-limlentas\/strfix-eps-xps-lime\/#breadcrumb\"},\"inLanguage\":\"et\",\"potentialAction\":[{\"@type\":\"ReadAction\",\"target\":[\"https:\/\/videstehnika.lv\/katalogs\/limes-limlentas\/strfix-eps-xps-lime\/\"]}]},{\"@type\":\"ImageObject\",\"inLanguage\":\"et\",\"@id\":\"https:\/\/videstehnika.lv\/katalogs\/limes-limlentas\/strfix-eps-xps-lime\/#primaryimage\",\"url\":\"https:\/\/videstehnika.lv\/wp-content\/uploads\/2024\/01\/emulbit-gluebit-10kg-1.jpg\",\"contentUrl\":\"https:\/\/videstehnika.lv\/wp-content\/uploads\/2024\/01\/emulbit-gluebit-10kg-1.jpg\",\"width\":2156,\"height\":2157},{\"@type\":\"BreadcrumbList\",\"@id\":\"https:\/\/videstehnika.lv\/katalogs\/limes-limlentas\/strfix-eps-xps-lime\/#breadcrumb\",\"itemListElement\":[{\"@type\":\"ListItem\",\"position\":1,\"name\":\"Home\",\"item\":\"https:\/\/videstehnika.lv\/et\/\"},{\"@type\":\"ListItem\",\"position\":2,\"name\":\"Kataloog\",\"item\":\"https:\/\/videstehnika.lv\/et\/kataloog\/\"},{\"@type\":\"ListItem\",\"position\":3,\"name\":\"Gluebit &#8211; aukstas iekl\u0101\u0161anas l\u012bme\"}]},{\"@type\":\"WebSite\",\"@id\":\"https:\/\/videstehnika.lv\/et\/#website\",\"url\":\"https:\/\/videstehnika.lv\/et\/\",\"name\":\"Vides Tehnika\",\"description\":\"\",\"potentialAction\":[{\"@type\":\"SearchAction\",\"target\":{\"@type\":\"EntryPoint\",\"urlTemplate\":\"https:\/\/videstehnika.lv\/et\/?s={search_term_string}\"},\"query-input\":{\"@type\":\"PropertyValueSpecification\",\"valueRequired\":true,\"valueName\":\"search_term_string\"}}],\"inLanguage\":\"et\"}]}<\/script>\n<!-- \/ Yoast SEO plugin. -->","yoast_head_json":{"title":"Alfa DS 100 tvaika izol\u0101cijas materi\u0101lu l\u012bme &#8226; Vides Tehnika","description":"Alfa DS 100 l\u012bme paredz\u0113ta visa veida tvaika izol\u0101cijas materi\u0101lu piel\u012bm\u0113\u0161anai pie norobe\u017eojo\u0161\u0101m konstrukcij\u0101m.","robots":{"index":"index","follow":"follow","max-snippet":"max-snippet:-1","max-image-preview":"max-image-preview:large","max-video-preview":"max-video-preview:-1"},"canonical":"https:\/\/videstehnika.lv\/et\/katalogs\/limes-limlentas\/strfix-eps-xps-lime\/","og_locale":"et_EE","og_type":"article","og_title":"Alfa DS 100 tvaika izol\u0101cijas materi\u0101lu l\u012bme &#8226; Vides Tehnika","og_description":"Alfa DS 100 l\u012bme paredz\u0113ta visa veida tvaika izol\u0101cijas materi\u0101lu piel\u012bm\u0113\u0161anai pie norobe\u017eojo\u0161\u0101m konstrukcij\u0101m.","og_url":"https:\/\/videstehnika.lv\/katalogs\/limes-limlentas\/strfix-eps-xps-lime\/","og_site_name":"Vides Tehnika","article_modified_time":"2025-07-03T07:58:00+00:00","og_image":[{"width":2156,"height":2157,"url":"https:\/\/videstehnika.lv\/wp-content\/uploads\/2024\/01\/emulbit-gluebit-10kg-1.jpg","type":"image\/jpeg"}],"twitter_card":"summary_large_image","twitter_misc":{"Est. reading time":"1 minut"},"schema":{"@context":"https:\/\/schema.org","@graph":[{"@type":"WebPage","@id":"https:\/\/videstehnika.lv\/katalogs\/limes-limlentas\/strfix-eps-xps-lime\/","url":"https:\/\/videstehnika.lv\/katalogs\/limes-limlentas\/strfix-eps-xps-lime\/","name":"Alfa DS 100 tvaika izol\u0101cijas materi\u0101lu l\u012bme &#8226; Vides Tehnika","isPartOf":{"@id":"https:\/\/videstehnika.lv\/et\/#website"},"primaryImageOfPage":{"@id":"https:\/\/videstehnika.lv\/katalogs\/limes-limlentas\/strfix-eps-xps-lime\/#primaryimage"},"image":{"@id":"https:\/\/videstehnika.lv\/katalogs\/limes-limlentas\/strfix-eps-xps-lime\/#primaryimage"},"thumbnailUrl":"https:\/\/videstehnika.lv\/wp-content\/uploads\/2024\/01\/emulbit-gluebit-10kg-1.jpg","datePublished":"2024-01-23T10:36:53+00:00","dateModified":"2025-07-03T07:58:00+00:00","description":"Alfa DS 100 l\u012bme paredz\u0113ta visa veida tvaika izol\u0101cijas materi\u0101lu piel\u012bm\u0113\u0161anai pie norobe\u017eojo\u0161\u0101m konstrukcij\u0101m.","breadcrumb":{"@id":"https:\/\/videstehnika.lv\/katalogs\/limes-limlentas\/strfix-eps-xps-lime\/#breadcrumb"},"inLanguage":"et","potentialAction":[{"@type":"ReadAction","target":["https:\/\/videstehnika.lv\/katalogs\/limes-limlentas\/strfix-eps-xps-lime\/"]}]},{"@type":"ImageObject","inLanguage":"et","@id":"https:\/\/videstehnika.lv\/katalogs\/limes-limlentas\/strfix-eps-xps-lime\/#primaryimage","url":"https:\/\/videstehnika.lv\/wp-content\/uploads\/2024\/01\/emulbit-gluebit-10kg-1.jpg","contentUrl":"https:\/\/videstehnika.lv\/wp-content\/uploads\/2024\/01\/emulbit-gluebit-10kg-1.jpg","width":2156,"height":2157},{"@type":"BreadcrumbList","@id":"https:\/\/videstehnika.lv\/katalogs\/limes-limlentas\/strfix-eps-xps-lime\/#breadcrumb","itemListElement":[{"@type":"ListItem","position":1,"name":"Home","item":"https:\/\/videstehnika.lv\/et\/"},{"@type":"ListItem","position":2,"name":"Kataloog","item":"https:\/\/videstehnika.lv\/et\/kataloog\/"},{"@type":"ListItem","position":3,"name":"Gluebit &#8211; aukstas iekl\u0101\u0161anas l\u012bme"}]},{"@type":"WebSite","@id":"https:\/\/videstehnika.lv\/et\/#website","url":"https:\/\/videstehnika.lv\/et\/","name":"Vides Tehnika","description":"","potentialAction":[{"@type":"SearchAction","target":{"@type":"EntryPoint","urlTemplate":"https:\/\/videstehnika.lv\/et\/?s={search_term_string}"},"query-input":{"@type":"PropertyValueSpecification","valueRequired":true,"valueName":"search_term_string"}}],"inLanguage":"et"}]}},"_links":{"self":[{"href":"https:\/\/videstehnika.lv\/et\/wp-json\/wp\/v2\/product\/31610","targetHints":{"allow":["GET"]}}],"collection":[{"href":"https:\/\/videstehnika.lv\/et\/wp-json\/wp\/v2\/product"}],"about":[{"href":"https:\/\/videstehnika.lv\/et\/wp-json\/wp\/v2\/types\/product"}],"wp:featuredmedia":[{"embeddable":true,"href":"https:\/\/videstehnika.lv\/et\/wp-json\/wp\/v2\/media\/31647"}],"wp:attachment":[{"href":"https:\/\/videstehnika.lv\/et\/wp-json\/wp\/v2\/media?parent=31610"}],"wp:term":[{"taxonomy":"product_cat","embeddable":true,"href":"https:\/\/videstehnika.lv\/et\/wp-json\/wp\/v2\/product_cat?post=31610"},{"taxonomy":"product_tag","embeddable":true,"href":"https:\/\/videstehnika.lv\/et\/wp-json\/wp\/v2\/product_tag?post=31610"}],"curies":[{"name":"wp","href":"https:\/\/api.w.org\/{rel}","templated":true}]}}