{"id":32217,"date":"2024-03-01T13:33:01","date_gmt":"2024-03-01T11:33:01","guid":{"rendered":"https:\/\/videstehnika.lv\/?post_type=product&#038;p=32217"},"modified":"2025-12-10T17:52:28","modified_gmt":"2025-12-10T15:52:28","slug":"mitrumizturiga-skaidu-platne-vmg-lignum-tg4","status":"publish","type":"product","link":"https:\/\/videstehnika.lv\/katalogs\/buvmateriali-buvei-remontam-un-ieksdarbiem\/mitrumizturiga-skaidu-platne-vmg-lignum-tg4\/","title":{"rendered":"Mitrumiztur\u012bga skaidu pl\u0101tne VMG Lignum P5 TG4"},"content":{"rendered":"<h3>Mitrumiztur\u012bga spund\u0113t\u0101 skaidu pl\u0101tne VMG LIGNUM BOARD P5 TG4<\/h3>\n<p>VMG LIGNUM BOARD P5 TG4 ir mitrumiztur\u012bga, paaugstin\u0101tas stipr\u012bbas konstrukciju skaidu pl\u0101ksne ar spundi (TG4), kas paredz\u0113ta lieto\u0161anai \u012bpa\u0161i mitr\u0101s vai main\u012bga mitruma vid\u0113s,<br \/>\nkur nepiecie\u0161ama gan meh\u0101nisk\u0101 iztur\u012bba, gan formstab\u012bba.<br \/>\nPl\u0101tnes ra\u017eotas no augstas kvalit\u0101tes koksnes \u0161\u0137iedr\u0101m ar modernu ra\u017eo\u0161anas procesu, kas nodro\u0161ina prec\u012bzas dimensijas, gludu virsmu un iztur\u012bbu mitruma iedarb\u012bbas apst\u0101k\u013cos.<\/p>\n<h5>Galven\u0101s \u012bpa\u0161\u012bbas un priek\u0161roc\u012bbas:<\/h5>\n<p>-TG4 spund\u0113t\u0101 mala nodro\u0161ina cie\u0161u un stabilu savienojumu starp pl\u0101tn\u0113m, samazinot deform\u0101cijas un ska\u0146as p\u0101rnesi.<\/p>\n<p>-Mitrumiztur\u012bba (P5 klase) &#8211; piem\u0113rota lieto\u0161anai mitr\u0101s telp\u0101s, saglab\u0101 iztur\u012bbu un formu ar\u012b paaugstin\u0101t\u0101 mitrum\u0101.<\/p>\n<p>-Paaugstin\u0101ta meh\u0101nisk\u0101 iztur\u012bba &#8211; vienm\u0113r\u012bga iztur\u012bba gan garen-, gan \u0161\u0137\u0113rsvirzien\u0101.<\/p>\n<p>-Lieliska siltuma un ska\u0146as izol\u0101cija &#8211; piem\u0113rota energoefekt\u012bviem projektiem.<\/p>\n<p>-Gluda un apstr\u0101d\u0101jama virsma &#8211; viegli grie\u017eama, \u0161paktel\u0113jama, kr\u0101sojama.<\/p>\n<p>-Stabila izm\u0113ru uzved\u012bba &#8211; minim\u0101la izple\u0161an\u0101s vai deform\u0101cija mitruma ietekm\u0113.<\/p>\n<p>-Zema formaldeh\u012bda emisija (E1 klase) &#8211; dro\u0161a lieto\u0161anai iek\u0161telp\u0101s.<\/p>\n<p>-Videi draudz\u012bga ra\u017eo\u0161ana &#8211; izmanto 100% biomases ener\u0123iju un nodro\u0161ina p\u0101rstr\u0101di.<\/p>\n<h5>Pielietojums:<\/h5>\n<p>VMG LIGNUM P5 TG4 mitrumiztur\u012bg\u0101s spund\u0113t\u0101s skaidu pl\u0101ksnes paredz\u0113tas b\u016bvniec\u012bbai un konstrukcij\u0101m mitr\u0101s vai da\u013c\u0113ji mitr\u0101s vid\u0113s.<\/p>\n<p>To pielietojuma piem\u0113ri:<br \/>\n-Vannas istab\u0101s, du\u0161\u0101s un sanit\u0101rajos mezglos &#8211; k\u0101 pamatne zem fl\u012bz\u0113m vai apdares materi\u0101liem.<br \/>\n-Virtuv\u0113s un saimniec\u012bbas telp\u0101s &#8211; viet\u0101s ar regul\u0101ru mitruma sv\u0101rst\u012bbu.<br \/>\n-Gr\u012bd\u0101m, starpsien\u0101m un sien\u0101m &#8211; mitr\u0101s vai da\u013c\u0113ji mitr\u0101s telp\u0101s.<br \/>\n-Publiskaj\u0101s \u0113k\u0101s un komerctelp\u0101s &#8211; tualet\u0113s, du\u0161\u0101s, mazg\u0101tav\u0101s un cit\u0101s mitr\u012bbai pak\u013caut\u0101s viet\u0101s.<\/p>\n<p>TG4 spund\u0113\u0161anas tehnolo\u0123ija \u013cauj izb\u016bv\u0113t vienm\u0113r\u012bgas un stingras gr\u012bdas un sienas konstrukcijas, kas samazina deform\u0101cijas un nodro\u0161ina ilglaic\u012bgu kalpo\u0161anu.<\/p>\n<h5>Tehnisk\u0101 inform\u0101cija:<\/h5>\n<p>-Izm\u0113rs: 600 \u00d7 2400 mm<br \/>\n-Biezums: 12 mm, 18 mm, 22 mm<br \/>\n-Pl\u0101tnes tips: P5 &#8211; mitrumiztur\u012bga konstrukciju skaidu pl\u0101tne ar spundi (TG4)<\/p>\n<p>-Emisijas klase: E1 (zema formaldeh\u012bda emisija)<br \/>\n-Standarts: EN 13986:2004+A1:2015 \/ EN 312 P5<br \/>\n-Reakcija uz uguni: D-s2,d0<br \/>\n-Ra\u017eot\u0101js: VMG Lignum<\/p>\n<h5>K\u0101p\u0113c izv\u0113l\u0113ties VMG LIGNUM P5 TG4 pl\u0101ksnes ?<\/h5>\n<p>\u0160\u012bs mitrumiztur\u012bg\u0101s spund\u0113t\u0101s kokskaidu pl\u0101ksnes gr\u012bd\u0101m un sien\u0101m ir izcila izv\u0113le, ja nepiecie\u0161ama kombin\u0101cija &#8211; mitrumiztur\u012bba, stingrs TG4 savienojums un meh\u0101nisk\u0101<br \/>\nnotur\u012bba.<br \/>\nPateicoties spund\u0113tajai malai, konstrukcija k\u013c\u016bst stabila, savienojumi cie\u0161i, deform\u0101cijas minim\u0101las, kas \u012bpa\u0161i svar\u012bgi gr\u012bd\u0101m un konstrukcij\u0101m mitr\u0101s telp\u0101s.<br \/>\nVMG LIGNUM P5 TG4 skaidu pl\u0101tnes apvieno augstu kvalit\u0101ti, uzticam\u012bbu un ilglaic\u012bgu notur\u012bbu mitruma apst\u0101k\u013cos &#8211; ide\u0101ls materi\u0101ls profesion\u0101lai b\u016bvniec\u012bbai, kur nepiecie\u0161ama<br \/>\npaaugstin\u0101ta meh\u0101nisk\u0101 un mitruma iztur\u012bba.<\/p>\n","protected":false},"excerpt":{"rendered":"<p>Mitrumiztur\u012bga spund\u0113t\u0101 skaidu pl\u0101tne VMG LIGNUM BOARD P5 TG4 VMG LIGNUM BOARD P5 TG4 ir mitrumiztur\u012bga, paaugstin\u0101tas stipr\u012bbas konstrukciju skaidu<\/p>\n","protected":false},"featured_media":33299,"template":"","meta":{"_acf_changed":false},"product_cat":[5199,70],"product_tag":[],"class_list":{"0":"post-32217","1":"product","2":"type-product","3":"status-publish","4":"has-post-thumbnail","6":"product_cat-mitrumizturigas-skaidu-plaksnes","7":"product_cat-buvmateriali-buvei-remontam-un-ieksdarbiem","9":"first","10":"instock","11":"taxable","12":"shipping-taxable","13":"purchasable","14":"product-type-variable"},"acf":[],"yoast_head":"<!-- This site is optimized with the Yoast SEO plugin v24.2 - https:\/\/yoast.com\/wordpress\/plugins\/seo\/ -->\n<title>Mitrumiztur\u012bga skaidu pl\u0101tne VMG Lignum P5 TG4 &#8226; Vides Tehnika<\/title>\n<meta name=\"description\" content=\"Durelis TG4 ir mitrumiztur\u012bga, tr\u012bssl\u0101\u0146u skaidu pl\u0101tne ar daudzfunkcion\u0101lu strukt\u016bru. Izmantotas b\u016bvniec\u012bb\u0101 paaugstin\u0101ta mitruma apst\u0101k\u013cos.\" \/>\n<meta name=\"robots\" content=\"index, follow, max-snippet:-1, max-image-preview:large, max-video-preview:-1\" \/>\n<link rel=\"canonical\" href=\"https:\/\/videstehnika.lv\/et\/katalogs\/buvmateriali-buvei-remontam-un-ieksdarbiem\/mitrumizturiga-skaidu-platne-vmg-lignum-tg4\/\" \/>\n<meta property=\"og:locale\" content=\"et_EE\" \/>\n<meta property=\"og:type\" content=\"article\" \/>\n<meta property=\"og:title\" content=\"Mitrumiztur\u012bga skaidu pl\u0101tne VMG Lignum P5 TG4 &#8226; Vides Tehnika\" \/>\n<meta property=\"og:description\" content=\"Durelis TG4 ir mitrumiztur\u012bga, tr\u012bssl\u0101\u0146u skaidu pl\u0101tne ar daudzfunkcion\u0101lu strukt\u016bru. Izmantotas b\u016bvniec\u012bb\u0101 paaugstin\u0101ta mitruma apst\u0101k\u013cos.\" \/>\n<meta property=\"og:url\" content=\"https:\/\/videstehnika.lv\/katalogs\/buvmateriali-buvei-remontam-un-ieksdarbiem\/mitrumizturiga-skaidu-platne-vmg-lignum-tg4\/\" \/>\n<meta property=\"og:site_name\" content=\"Vides Tehnika\" \/>\n<meta property=\"article:modified_time\" content=\"2025-12-10T15:52:28+00:00\" \/>\n<meta property=\"og:image\" content=\"https:\/\/videstehnika.lv\/wp-content\/uploads\/2024\/03\/vmg-lignum-p5-tg-1.jpg\" \/>\n\t<meta property=\"og:image:width\" content=\"1707\" \/>\n\t<meta property=\"og:image:height\" content=\"1707\" \/>\n\t<meta property=\"og:image:type\" content=\"image\/jpeg\" \/>\n<meta name=\"twitter:card\" content=\"summary_large_image\" \/>\n<meta name=\"twitter:label1\" content=\"Est. reading time\" \/>\n\t<meta name=\"twitter:data1\" content=\"2 minutit\" \/>\n<script type=\"application\/ld+json\" class=\"yoast-schema-graph\">{\"@context\":\"https:\/\/schema.org\",\"@graph\":[{\"@type\":\"WebPage\",\"@id\":\"https:\/\/videstehnika.lv\/katalogs\/buvmateriali-buvei-remontam-un-ieksdarbiem\/mitrumizturiga-skaidu-platne-vmg-lignum-tg4\/\",\"url\":\"https:\/\/videstehnika.lv\/katalogs\/buvmateriali-buvei-remontam-un-ieksdarbiem\/mitrumizturiga-skaidu-platne-vmg-lignum-tg4\/\",\"name\":\"Mitrumiztur\u012bga skaidu pl\u0101tne VMG Lignum P5 TG4 &#8226; Vides Tehnika\",\"isPartOf\":{\"@id\":\"https:\/\/videstehnika.lv\/et\/#website\"},\"primaryImageOfPage\":{\"@id\":\"https:\/\/videstehnika.lv\/katalogs\/buvmateriali-buvei-remontam-un-ieksdarbiem\/mitrumizturiga-skaidu-platne-vmg-lignum-tg4\/#primaryimage\"},\"image\":{\"@id\":\"https:\/\/videstehnika.lv\/katalogs\/buvmateriali-buvei-remontam-un-ieksdarbiem\/mitrumizturiga-skaidu-platne-vmg-lignum-tg4\/#primaryimage\"},\"thumbnailUrl\":\"https:\/\/videstehnika.lv\/wp-content\/uploads\/2024\/03\/vmg-lignum-p5-tg-1.jpg\",\"datePublished\":\"2024-03-01T11:33:01+00:00\",\"dateModified\":\"2025-12-10T15:52:28+00:00\",\"description\":\"Durelis TG4 ir mitrumiztur\u012bga, tr\u012bssl\u0101\u0146u skaidu pl\u0101tne ar daudzfunkcion\u0101lu strukt\u016bru. Izmantotas b\u016bvniec\u012bb\u0101 paaugstin\u0101ta mitruma apst\u0101k\u013cos.\",\"breadcrumb\":{\"@id\":\"https:\/\/videstehnika.lv\/katalogs\/buvmateriali-buvei-remontam-un-ieksdarbiem\/mitrumizturiga-skaidu-platne-vmg-lignum-tg4\/#breadcrumb\"},\"inLanguage\":\"et\",\"potentialAction\":[{\"@type\":\"ReadAction\",\"target\":[\"https:\/\/videstehnika.lv\/katalogs\/buvmateriali-buvei-remontam-un-ieksdarbiem\/mitrumizturiga-skaidu-platne-vmg-lignum-tg4\/\"]}]},{\"@type\":\"ImageObject\",\"inLanguage\":\"et\",\"@id\":\"https:\/\/videstehnika.lv\/katalogs\/buvmateriali-buvei-remontam-un-ieksdarbiem\/mitrumizturiga-skaidu-platne-vmg-lignum-tg4\/#primaryimage\",\"url\":\"https:\/\/videstehnika.lv\/wp-content\/uploads\/2024\/03\/vmg-lignum-p5-tg-1.jpg\",\"contentUrl\":\"https:\/\/videstehnika.lv\/wp-content\/uploads\/2024\/03\/vmg-lignum-p5-tg-1.jpg\",\"width\":1707,\"height\":1707},{\"@type\":\"BreadcrumbList\",\"@id\":\"https:\/\/videstehnika.lv\/katalogs\/buvmateriali-buvei-remontam-un-ieksdarbiem\/mitrumizturiga-skaidu-platne-vmg-lignum-tg4\/#breadcrumb\",\"itemListElement\":[{\"@type\":\"ListItem\",\"position\":1,\"name\":\"Home\",\"item\":\"https:\/\/videstehnika.lv\/et\/\"},{\"@type\":\"ListItem\",\"position\":2,\"name\":\"Kataloog\",\"item\":\"https:\/\/videstehnika.lv\/et\/kataloog\/\"},{\"@type\":\"ListItem\",\"position\":3,\"name\":\"Mitrumiztur\u012bga skaidu pl\u0101tne VMG Lignum P5 TG4\"}]},{\"@type\":\"WebSite\",\"@id\":\"https:\/\/videstehnika.lv\/et\/#website\",\"url\":\"https:\/\/videstehnika.lv\/et\/\",\"name\":\"Vides Tehnika\",\"description\":\"\",\"potentialAction\":[{\"@type\":\"SearchAction\",\"target\":{\"@type\":\"EntryPoint\",\"urlTemplate\":\"https:\/\/videstehnika.lv\/et\/?s={search_term_string}\"},\"query-input\":{\"@type\":\"PropertyValueSpecification\",\"valueRequired\":true,\"valueName\":\"search_term_string\"}}],\"inLanguage\":\"et\"}]}<\/script>\n<!-- \/ Yoast SEO plugin. -->","yoast_head_json":{"title":"Mitrumiztur\u012bga skaidu pl\u0101tne VMG Lignum P5 TG4 &#8226; Vides Tehnika","description":"Durelis TG4 ir mitrumiztur\u012bga, tr\u012bssl\u0101\u0146u skaidu pl\u0101tne ar daudzfunkcion\u0101lu strukt\u016bru. Izmantotas b\u016bvniec\u012bb\u0101 paaugstin\u0101ta mitruma apst\u0101k\u013cos.","robots":{"index":"index","follow":"follow","max-snippet":"max-snippet:-1","max-image-preview":"max-image-preview:large","max-video-preview":"max-video-preview:-1"},"canonical":"https:\/\/videstehnika.lv\/et\/katalogs\/buvmateriali-buvei-remontam-un-ieksdarbiem\/mitrumizturiga-skaidu-platne-vmg-lignum-tg4\/","og_locale":"et_EE","og_type":"article","og_title":"Mitrumiztur\u012bga skaidu pl\u0101tne VMG Lignum P5 TG4 &#8226; Vides Tehnika","og_description":"Durelis TG4 ir mitrumiztur\u012bga, tr\u012bssl\u0101\u0146u skaidu pl\u0101tne ar daudzfunkcion\u0101lu strukt\u016bru. Izmantotas b\u016bvniec\u012bb\u0101 paaugstin\u0101ta mitruma apst\u0101k\u013cos.","og_url":"https:\/\/videstehnika.lv\/katalogs\/buvmateriali-buvei-remontam-un-ieksdarbiem\/mitrumizturiga-skaidu-platne-vmg-lignum-tg4\/","og_site_name":"Vides Tehnika","article_modified_time":"2025-12-10T15:52:28+00:00","og_image":[{"width":1707,"height":1707,"url":"https:\/\/videstehnika.lv\/wp-content\/uploads\/2024\/03\/vmg-lignum-p5-tg-1.jpg","type":"image\/jpeg"}],"twitter_card":"summary_large_image","twitter_misc":{"Est. reading time":"2 minutit"},"schema":{"@context":"https:\/\/schema.org","@graph":[{"@type":"WebPage","@id":"https:\/\/videstehnika.lv\/katalogs\/buvmateriali-buvei-remontam-un-ieksdarbiem\/mitrumizturiga-skaidu-platne-vmg-lignum-tg4\/","url":"https:\/\/videstehnika.lv\/katalogs\/buvmateriali-buvei-remontam-un-ieksdarbiem\/mitrumizturiga-skaidu-platne-vmg-lignum-tg4\/","name":"Mitrumiztur\u012bga skaidu pl\u0101tne VMG Lignum P5 TG4 &#8226; Vides Tehnika","isPartOf":{"@id":"https:\/\/videstehnika.lv\/et\/#website"},"primaryImageOfPage":{"@id":"https:\/\/videstehnika.lv\/katalogs\/buvmateriali-buvei-remontam-un-ieksdarbiem\/mitrumizturiga-skaidu-platne-vmg-lignum-tg4\/#primaryimage"},"image":{"@id":"https:\/\/videstehnika.lv\/katalogs\/buvmateriali-buvei-remontam-un-ieksdarbiem\/mitrumizturiga-skaidu-platne-vmg-lignum-tg4\/#primaryimage"},"thumbnailUrl":"https:\/\/videstehnika.lv\/wp-content\/uploads\/2024\/03\/vmg-lignum-p5-tg-1.jpg","datePublished":"2024-03-01T11:33:01+00:00","dateModified":"2025-12-10T15:52:28+00:00","description":"Durelis TG4 ir mitrumiztur\u012bga, tr\u012bssl\u0101\u0146u skaidu pl\u0101tne ar daudzfunkcion\u0101lu strukt\u016bru. Izmantotas b\u016bvniec\u012bb\u0101 paaugstin\u0101ta mitruma apst\u0101k\u013cos.","breadcrumb":{"@id":"https:\/\/videstehnika.lv\/katalogs\/buvmateriali-buvei-remontam-un-ieksdarbiem\/mitrumizturiga-skaidu-platne-vmg-lignum-tg4\/#breadcrumb"},"inLanguage":"et","potentialAction":[{"@type":"ReadAction","target":["https:\/\/videstehnika.lv\/katalogs\/buvmateriali-buvei-remontam-un-ieksdarbiem\/mitrumizturiga-skaidu-platne-vmg-lignum-tg4\/"]}]},{"@type":"ImageObject","inLanguage":"et","@id":"https:\/\/videstehnika.lv\/katalogs\/buvmateriali-buvei-remontam-un-ieksdarbiem\/mitrumizturiga-skaidu-platne-vmg-lignum-tg4\/#primaryimage","url":"https:\/\/videstehnika.lv\/wp-content\/uploads\/2024\/03\/vmg-lignum-p5-tg-1.jpg","contentUrl":"https:\/\/videstehnika.lv\/wp-content\/uploads\/2024\/03\/vmg-lignum-p5-tg-1.jpg","width":1707,"height":1707},{"@type":"BreadcrumbList","@id":"https:\/\/videstehnika.lv\/katalogs\/buvmateriali-buvei-remontam-un-ieksdarbiem\/mitrumizturiga-skaidu-platne-vmg-lignum-tg4\/#breadcrumb","itemListElement":[{"@type":"ListItem","position":1,"name":"Home","item":"https:\/\/videstehnika.lv\/et\/"},{"@type":"ListItem","position":2,"name":"Kataloog","item":"https:\/\/videstehnika.lv\/et\/kataloog\/"},{"@type":"ListItem","position":3,"name":"Mitrumiztur\u012bga skaidu pl\u0101tne VMG Lignum P5 TG4"}]},{"@type":"WebSite","@id":"https:\/\/videstehnika.lv\/et\/#website","url":"https:\/\/videstehnika.lv\/et\/","name":"Vides Tehnika","description":"","potentialAction":[{"@type":"SearchAction","target":{"@type":"EntryPoint","urlTemplate":"https:\/\/videstehnika.lv\/et\/?s={search_term_string}"},"query-input":{"@type":"PropertyValueSpecification","valueRequired":true,"valueName":"search_term_string"}}],"inLanguage":"et"}]}},"_links":{"self":[{"href":"https:\/\/videstehnika.lv\/et\/wp-json\/wp\/v2\/product\/32217","targetHints":{"allow":["GET"]}}],"collection":[{"href":"https:\/\/videstehnika.lv\/et\/wp-json\/wp\/v2\/product"}],"about":[{"href":"https:\/\/videstehnika.lv\/et\/wp-json\/wp\/v2\/types\/product"}],"wp:featuredmedia":[{"embeddable":true,"href":"https:\/\/videstehnika.lv\/et\/wp-json\/wp\/v2\/media\/33299"}],"wp:attachment":[{"href":"https:\/\/videstehnika.lv\/et\/wp-json\/wp\/v2\/media?parent=32217"}],"wp:term":[{"taxonomy":"product_cat","embeddable":true,"href":"https:\/\/videstehnika.lv\/et\/wp-json\/wp\/v2\/product_cat?post=32217"},{"taxonomy":"product_tag","embeddable":true,"href":"https:\/\/videstehnika.lv\/et\/wp-json\/wp\/v2\/product_tag?post=32217"}],"curies":[{"name":"wp","href":"https:\/\/api.w.org\/{rel}","templated":true}]}}