{"id":33420,"date":"2024-04-12T14:20:45","date_gmt":"2024-04-12T11:20:45","guid":{"rendered":"https:\/\/videstehnika.lv\/?post_type=product&#038;p=33420"},"modified":"2025-11-21T15:13:54","modified_gmt":"2025-11-21T13:13:54","slug":"multinorm-ziemas-jaka","status":"publish","type":"product","link":"https:\/\/videstehnika.lv\/katalogs\/majai-un-darzam\/multinorm-ziemas-jaka\/","title":{"rendered":"MULTINORM ziemas jaka"},"content":{"rendered":"<p>Multinorm ziemas jaka, kas izstr\u0101d\u0101ta t\u0101, lai b\u016btu redzama no vis\u0101m pus\u0113m \u2013 pat noliecoties.<\/p>\n<p>Augstas funkcionalit\u0101tes v\u0113ja un \u016bdensnecaurlaid\u012bgs materi\u0101ls nodro\u0161ina augstu komfortu un optim\u0101lu funkcionalit\u0101ti.<\/p>\n<p>Viegli pieejamas kabatas vis\u0101m j\u016bsu vajadz\u012bb\u0101m apvienojum\u0101 ar labu piegulumu, \u0113rtu materi\u0101lu, funkcionalit\u0101ti un uzlabotu dro\u0161\u012bbu padara \u0161o jaku lieliski piem\u0113rotu ekstrem\u0101liem un sare\u017e\u0123\u012btiem darba apst\u0101k\u013ciem.<\/p>\n<p>Sertific\u0113ta saska\u0146\u0101 ar EN 343, EN 342, EN 1149-5, EN ISO 11611, EN 13034, EN ISO 20471, EN ISO 11612, IEC 61482-2. ATPV: 34,0 kal\/cm\u00b2.<\/p>\n","protected":false},"excerpt":{"rendered":"<p>Multinorm ziemas jaka, kas izstr\u0101d\u0101ta t\u0101, lai b\u016btu redzama no vis\u0101m pus\u0113m \u2013 pat noliecoties. Augstas funkcionalit\u0101tes v\u0113ja un \u016bdensnecaurlaid\u012bgs<\/p>\n","protected":false},"featured_media":33436,"template":"","meta":{"_acf_changed":false},"product_cat":[5548,5549,5211,2977],"product_tag":[],"class_list":{"0":"post-33420","1":"product","2":"type-product","3":"status-publish","4":"has-post-thumbnail","6":"product_cat-akcija","7":"product_cat-akcijas","8":"product_cat-darba-apgerbi","9":"product_cat-majai-un-darzam","11":"first","12":"instock","13":"sale","14":"featured","15":"taxable","16":"shipping-taxable","17":"purchasable","18":"product-type-variable"},"acf":[],"yoast_head":"<!-- This site is optimized with the Yoast SEO plugin v24.2 - https:\/\/yoast.com\/wordpress\/plugins\/seo\/ -->\n<title>Stabi<\/title>\n<meta name=\"description\" content=\"Stabi -pieejamas kr\u0101sas - RAL6005 , RAL7016 , RAL8017 , RAL9005da\u017e\u0101di augstumi - H-2000 , H-2200 , H-2500staba izm\u0113rs - 40 x\u00a0 60\u00a0 x 1.2 mm\" \/>\n<meta name=\"robots\" content=\"index, follow, max-snippet:-1, max-image-preview:large, max-video-preview:-1\" \/>\n<link rel=\"canonical\" href=\"https:\/\/videstehnika.lv\/et\/katalogs\/majai-un-darzam\/multinorm-ziemas-jaka\/\" \/>\n<meta property=\"og:locale\" content=\"et_EE\" \/>\n<meta property=\"og:type\" content=\"article\" \/>\n<meta property=\"og:title\" content=\"Stabi\" \/>\n<meta property=\"og:description\" content=\"Stabi -pieejamas kr\u0101sas - RAL6005 , RAL7016 , RAL8017 , RAL9005da\u017e\u0101di augstumi - H-2000 , H-2200 , H-2500staba izm\u0113rs - 40 x\u00a0 60\u00a0 x 1.2 mm\" \/>\n<meta property=\"og:url\" content=\"https:\/\/videstehnika.lv\/katalogs\/majai-un-darzam\/multinorm-ziemas-jaka\/\" \/>\n<meta property=\"og:site_name\" content=\"Vides Tehnika\" \/>\n<meta property=\"article:modified_time\" content=\"2025-11-21T13:13:54+00:00\" \/>\n<meta property=\"og:image\" content=\"https:\/\/videstehnika.lv\/wp-content\/uploads\/2024\/04\/Noformejums-bez-nosaukuma-1.jpg\" \/>\n\t<meta property=\"og:image:width\" content=\"1000\" \/>\n\t<meta property=\"og:image:height\" content=\"1000\" \/>\n\t<meta property=\"og:image:type\" content=\"image\/jpeg\" \/>\n<meta name=\"twitter:card\" content=\"summary_large_image\" \/>\n<meta name=\"twitter:label1\" content=\"Est. reading time\" \/>\n\t<meta name=\"twitter:data1\" content=\"1 minut\" \/>\n<script type=\"application\/ld+json\" class=\"yoast-schema-graph\">{\"@context\":\"https:\/\/schema.org\",\"@graph\":[{\"@type\":\"WebPage\",\"@id\":\"https:\/\/videstehnika.lv\/katalogs\/majai-un-darzam\/multinorm-ziemas-jaka\/\",\"url\":\"https:\/\/videstehnika.lv\/katalogs\/majai-un-darzam\/multinorm-ziemas-jaka\/\",\"name\":\"Stabi\",\"isPartOf\":{\"@id\":\"https:\/\/videstehnika.lv\/et\/#website\"},\"primaryImageOfPage\":{\"@id\":\"https:\/\/videstehnika.lv\/katalogs\/majai-un-darzam\/multinorm-ziemas-jaka\/#primaryimage\"},\"image\":{\"@id\":\"https:\/\/videstehnika.lv\/katalogs\/majai-un-darzam\/multinorm-ziemas-jaka\/#primaryimage\"},\"thumbnailUrl\":\"https:\/\/videstehnika.lv\/wp-content\/uploads\/2024\/04\/Noformejums-bez-nosaukuma-1.jpg\",\"datePublished\":\"2024-04-12T11:20:45+00:00\",\"dateModified\":\"2025-11-21T13:13:54+00:00\",\"description\":\"Stabi -pieejamas kr\u0101sas - RAL6005 , RAL7016 , RAL8017 , RAL9005da\u017e\u0101di augstumi - H-2000 , H-2200 , H-2500staba izm\u0113rs - 40 x\u00a0 60\u00a0 x 1.2 mm\",\"breadcrumb\":{\"@id\":\"https:\/\/videstehnika.lv\/katalogs\/majai-un-darzam\/multinorm-ziemas-jaka\/#breadcrumb\"},\"inLanguage\":\"et\",\"potentialAction\":[{\"@type\":\"ReadAction\",\"target\":[\"https:\/\/videstehnika.lv\/katalogs\/majai-un-darzam\/multinorm-ziemas-jaka\/\"]}]},{\"@type\":\"ImageObject\",\"inLanguage\":\"et\",\"@id\":\"https:\/\/videstehnika.lv\/katalogs\/majai-un-darzam\/multinorm-ziemas-jaka\/#primaryimage\",\"url\":\"https:\/\/videstehnika.lv\/wp-content\/uploads\/2024\/04\/Noformejums-bez-nosaukuma-1.jpg\",\"contentUrl\":\"https:\/\/videstehnika.lv\/wp-content\/uploads\/2024\/04\/Noformejums-bez-nosaukuma-1.jpg\",\"width\":1000,\"height\":1000},{\"@type\":\"BreadcrumbList\",\"@id\":\"https:\/\/videstehnika.lv\/katalogs\/majai-un-darzam\/multinorm-ziemas-jaka\/#breadcrumb\",\"itemListElement\":[{\"@type\":\"ListItem\",\"position\":1,\"name\":\"Home\",\"item\":\"https:\/\/videstehnika.lv\/et\/\"},{\"@type\":\"ListItem\",\"position\":2,\"name\":\"Kataloog\",\"item\":\"https:\/\/videstehnika.lv\/et\/kataloog\/\"},{\"@type\":\"ListItem\",\"position\":3,\"name\":\"MULTINORM ziemas jaka\"}]},{\"@type\":\"WebSite\",\"@id\":\"https:\/\/videstehnika.lv\/et\/#website\",\"url\":\"https:\/\/videstehnika.lv\/et\/\",\"name\":\"Vides Tehnika\",\"description\":\"\",\"potentialAction\":[{\"@type\":\"SearchAction\",\"target\":{\"@type\":\"EntryPoint\",\"urlTemplate\":\"https:\/\/videstehnika.lv\/et\/?s={search_term_string}\"},\"query-input\":{\"@type\":\"PropertyValueSpecification\",\"valueRequired\":true,\"valueName\":\"search_term_string\"}}],\"inLanguage\":\"et\"}]}<\/script>\n<!-- \/ Yoast SEO plugin. -->","yoast_head_json":{"title":"Stabi","description":"Stabi -pieejamas kr\u0101sas - RAL6005 , RAL7016 , RAL8017 , RAL9005da\u017e\u0101di augstumi - H-2000 , H-2200 , H-2500staba izm\u0113rs - 40 x\u00a0 60\u00a0 x 1.2 mm","robots":{"index":"index","follow":"follow","max-snippet":"max-snippet:-1","max-image-preview":"max-image-preview:large","max-video-preview":"max-video-preview:-1"},"canonical":"https:\/\/videstehnika.lv\/et\/katalogs\/majai-un-darzam\/multinorm-ziemas-jaka\/","og_locale":"et_EE","og_type":"article","og_title":"Stabi","og_description":"Stabi -pieejamas kr\u0101sas - RAL6005 , RAL7016 , RAL8017 , RAL9005da\u017e\u0101di augstumi - H-2000 , H-2200 , H-2500staba izm\u0113rs - 40 x\u00a0 60\u00a0 x 1.2 mm","og_url":"https:\/\/videstehnika.lv\/katalogs\/majai-un-darzam\/multinorm-ziemas-jaka\/","og_site_name":"Vides Tehnika","article_modified_time":"2025-11-21T13:13:54+00:00","og_image":[{"width":1000,"height":1000,"url":"https:\/\/videstehnika.lv\/wp-content\/uploads\/2024\/04\/Noformejums-bez-nosaukuma-1.jpg","type":"image\/jpeg"}],"twitter_card":"summary_large_image","twitter_misc":{"Est. reading time":"1 minut"},"schema":{"@context":"https:\/\/schema.org","@graph":[{"@type":"WebPage","@id":"https:\/\/videstehnika.lv\/katalogs\/majai-un-darzam\/multinorm-ziemas-jaka\/","url":"https:\/\/videstehnika.lv\/katalogs\/majai-un-darzam\/multinorm-ziemas-jaka\/","name":"Stabi","isPartOf":{"@id":"https:\/\/videstehnika.lv\/et\/#website"},"primaryImageOfPage":{"@id":"https:\/\/videstehnika.lv\/katalogs\/majai-un-darzam\/multinorm-ziemas-jaka\/#primaryimage"},"image":{"@id":"https:\/\/videstehnika.lv\/katalogs\/majai-un-darzam\/multinorm-ziemas-jaka\/#primaryimage"},"thumbnailUrl":"https:\/\/videstehnika.lv\/wp-content\/uploads\/2024\/04\/Noformejums-bez-nosaukuma-1.jpg","datePublished":"2024-04-12T11:20:45+00:00","dateModified":"2025-11-21T13:13:54+00:00","description":"Stabi -pieejamas kr\u0101sas - RAL6005 , RAL7016 , RAL8017 , RAL9005da\u017e\u0101di augstumi - H-2000 , H-2200 , H-2500staba izm\u0113rs - 40 x\u00a0 60\u00a0 x 1.2 mm","breadcrumb":{"@id":"https:\/\/videstehnika.lv\/katalogs\/majai-un-darzam\/multinorm-ziemas-jaka\/#breadcrumb"},"inLanguage":"et","potentialAction":[{"@type":"ReadAction","target":["https:\/\/videstehnika.lv\/katalogs\/majai-un-darzam\/multinorm-ziemas-jaka\/"]}]},{"@type":"ImageObject","inLanguage":"et","@id":"https:\/\/videstehnika.lv\/katalogs\/majai-un-darzam\/multinorm-ziemas-jaka\/#primaryimage","url":"https:\/\/videstehnika.lv\/wp-content\/uploads\/2024\/04\/Noformejums-bez-nosaukuma-1.jpg","contentUrl":"https:\/\/videstehnika.lv\/wp-content\/uploads\/2024\/04\/Noformejums-bez-nosaukuma-1.jpg","width":1000,"height":1000},{"@type":"BreadcrumbList","@id":"https:\/\/videstehnika.lv\/katalogs\/majai-un-darzam\/multinorm-ziemas-jaka\/#breadcrumb","itemListElement":[{"@type":"ListItem","position":1,"name":"Home","item":"https:\/\/videstehnika.lv\/et\/"},{"@type":"ListItem","position":2,"name":"Kataloog","item":"https:\/\/videstehnika.lv\/et\/kataloog\/"},{"@type":"ListItem","position":3,"name":"MULTINORM ziemas jaka"}]},{"@type":"WebSite","@id":"https:\/\/videstehnika.lv\/et\/#website","url":"https:\/\/videstehnika.lv\/et\/","name":"Vides Tehnika","description":"","potentialAction":[{"@type":"SearchAction","target":{"@type":"EntryPoint","urlTemplate":"https:\/\/videstehnika.lv\/et\/?s={search_term_string}"},"query-input":{"@type":"PropertyValueSpecification","valueRequired":true,"valueName":"search_term_string"}}],"inLanguage":"et"}]}},"_links":{"self":[{"href":"https:\/\/videstehnika.lv\/et\/wp-json\/wp\/v2\/product\/33420","targetHints":{"allow":["GET"]}}],"collection":[{"href":"https:\/\/videstehnika.lv\/et\/wp-json\/wp\/v2\/product"}],"about":[{"href":"https:\/\/videstehnika.lv\/et\/wp-json\/wp\/v2\/types\/product"}],"wp:featuredmedia":[{"embeddable":true,"href":"https:\/\/videstehnika.lv\/et\/wp-json\/wp\/v2\/media\/33436"}],"wp:attachment":[{"href":"https:\/\/videstehnika.lv\/et\/wp-json\/wp\/v2\/media?parent=33420"}],"wp:term":[{"taxonomy":"product_cat","embeddable":true,"href":"https:\/\/videstehnika.lv\/et\/wp-json\/wp\/v2\/product_cat?post=33420"},{"taxonomy":"product_tag","embeddable":true,"href":"https:\/\/videstehnika.lv\/et\/wp-json\/wp\/v2\/product_tag?post=33420"}],"curies":[{"name":"wp","href":"https:\/\/api.w.org\/{rel}","templated":true}]}}