{"id":3627,"date":"2020-07-08T12:08:01","date_gmt":"2020-07-08T09:08:01","guid":{"rendered":"https:\/\/videstehnika.lv\/?post_type=product&#038;p=3627"},"modified":"2025-09-11T10:05:59","modified_gmt":"2025-09-11T07:05:59","slug":"grand-full-gaisa-spraugu-siltumizolacijas-granulas","status":"publish","type":"product","link":"https:\/\/videstehnika.lv\/katalogs\/siltumizolacijas-materiali\/grand-full-gaisa-spraugu-siltumizolacijas-granulas\/","title":{"rendered":"Grand Full gaisa spraugu siltumizol\u0101cijas granulas"},"content":{"rendered":"<h2>Grand Full gaisa spraugu siltumizol\u0101cijas granulas<\/h2>\n<p>Grand Full granulas (0,35m3\/maiss) ir efekt\u012bvs siltumizol\u0101cijas materi\u0101ls, kas ir \u012bpa\u0161i piem\u0113rots vecu \u0113ku \u0101rsienu nosiltin\u0101\u0161anai, aizpildot gaisa spraugas un tuk\u0161os dobumus starp \u0101rsienu m\u016briem. \u0160\u012bs polistirola granulas izce\u013cas ar smalko tekst\u016bru un vieglumu. Grand Full granulas iesp\u0113jams \u0101tri un prec\u012bzi iestr\u0101d\u0101t pat vis\u0161aur\u0101kaj\u0101s spraug\u0101s un plais\u0101s, efekt\u012bvi nosiltinot pat visgr\u016bt\u0101k aizsniedzamas konstrukcijas, nodro\u0161inot bl\u012bvu iestr\u0101di un teicamu siltumizol\u0101ciju.<\/p>\n<h2><strong>Grand Full priek\u0161roc\u012bbas<\/strong><\/h2>\n<ul>\n<li>Teicamas siltumizol\u0101cijas sp\u0113jas;<\/li>\n<li>Nenovecojo\u0161s, ner\u016bs\u0113jo\u0161s materi\u0101ls;<\/li>\n<li>Materi\u0101ls nenos\u0113\u017eas un laika gait\u0101 nesabl\u012bv\u0113jas;<\/li>\n<li>S\u012bk\u0101s materi\u0101la da\u013ci\u0146as aizpilda visas \u0113kas plaisas un spraugas, piem\u0113rots gr\u016bti aizsniedzamu konstrukciju siltin\u0101\u0161anai;<\/li>\n<li>Vienk\u0101r\u0161a un \u0101tra iestr\u0101de \u2013 bez putek\u013ciem, net\u012brumiem, nemainot \u0113kas fas\u0101des izskatu;<\/li>\n<li>Ekonomisks pielieto\u0161an\u0101 \u2013 nerodas p\u0101rpalikumi.<\/li>\n<\/ul>\n","protected":false},"excerpt":{"rendered":"<p>Cena nor\u0101d\u012bta par maisu<\/p>\n","protected":false},"featured_media":3628,"template":"","meta":{"_acf_changed":false},"product_cat":[5470,66,76],"product_tag":[],"class_list":{"0":"post-3627","1":"product","2":"type-product","3":"status-publish","4":"has-post-thumbnail","6":"product_cat-eps-granulas","7":"product_cat-siltumizolacijas-materiali","8":"product_cat-berama-vate-konstrukciju-siltinasanai","10":"first","11":"instock","12":"taxable","13":"shipping-taxable","14":"purchasable","15":"product-type-simple"},"acf":[],"yoast_head":"<!-- This site is optimized with the Yoast SEO plugin v24.2 - https:\/\/yoast.com\/wordpress\/plugins\/seo\/ -->\n<title>Grand Full gaisa spraugu siltumizol\u0101cijas granulas &#8226; Vides Tehnika<\/title>\n<meta name=\"description\" content=\"Grand Full gaisa spraugu siltumizol\u0101cijas granulas \u012bpa\u0161i piem\u0113rotas vecu \u0113ku \u0101rsienu nosiltin\u0101\u0161anai, aizpildot gaisa spraugas.\" \/>\n<meta name=\"robots\" content=\"index, follow, max-snippet:-1, max-image-preview:large, max-video-preview:-1\" \/>\n<link rel=\"canonical\" href=\"https:\/\/videstehnika.lv\/et\/katalogs\/siltumizolacijas-materiali\/grand-full-gaisa-spraugu-siltumizolacijas-granulas\/\" \/>\n<meta property=\"og:locale\" content=\"et_EE\" \/>\n<meta property=\"og:type\" content=\"article\" \/>\n<meta property=\"og:title\" content=\"Grand Full gaisa spraugu siltumizol\u0101cijas granulas &#8226; Vides Tehnika\" \/>\n<meta property=\"og:description\" content=\"Grand Full gaisa spraugu siltumizol\u0101cijas granulas \u012bpa\u0161i piem\u0113rotas vecu \u0113ku \u0101rsienu nosiltin\u0101\u0161anai, aizpildot gaisa spraugas.\" \/>\n<meta property=\"og:url\" content=\"https:\/\/videstehnika.lv\/katalogs\/siltumizolacijas-materiali\/grand-full-gaisa-spraugu-siltumizolacijas-granulas\/\" \/>\n<meta property=\"og:site_name\" content=\"Vides Tehnika\" \/>\n<meta property=\"article:modified_time\" content=\"2025-09-11T07:05:59+00:00\" \/>\n<meta property=\"og:image\" content=\"https:\/\/videstehnika.lv\/wp-content\/uploads\/2020\/07\/vides-tehnika-grand-full-granulas.jpg\" \/>\n\t<meta property=\"og:image:width\" content=\"900\" \/>\n\t<meta property=\"og:image:height\" content=\"900\" \/>\n\t<meta property=\"og:image:type\" content=\"image\/jpeg\" \/>\n<meta name=\"twitter:card\" content=\"summary_large_image\" \/>\n<meta name=\"twitter:label1\" content=\"Est. reading time\" \/>\n\t<meta name=\"twitter:data1\" content=\"1 minut\" \/>\n<script type=\"application\/ld+json\" class=\"yoast-schema-graph\">{\"@context\":\"https:\/\/schema.org\",\"@graph\":[{\"@type\":\"WebPage\",\"@id\":\"https:\/\/videstehnika.lv\/katalogs\/siltumizolacijas-materiali\/grand-full-gaisa-spraugu-siltumizolacijas-granulas\/\",\"url\":\"https:\/\/videstehnika.lv\/katalogs\/siltumizolacijas-materiali\/grand-full-gaisa-spraugu-siltumizolacijas-granulas\/\",\"name\":\"Grand Full gaisa spraugu siltumizol\u0101cijas granulas &#8226; Vides Tehnika\",\"isPartOf\":{\"@id\":\"https:\/\/videstehnika.lv\/et\/#website\"},\"primaryImageOfPage\":{\"@id\":\"https:\/\/videstehnika.lv\/katalogs\/siltumizolacijas-materiali\/grand-full-gaisa-spraugu-siltumizolacijas-granulas\/#primaryimage\"},\"image\":{\"@id\":\"https:\/\/videstehnika.lv\/katalogs\/siltumizolacijas-materiali\/grand-full-gaisa-spraugu-siltumizolacijas-granulas\/#primaryimage\"},\"thumbnailUrl\":\"https:\/\/videstehnika.lv\/wp-content\/uploads\/2020\/07\/vides-tehnika-grand-full-granulas.jpg\",\"datePublished\":\"2020-07-08T09:08:01+00:00\",\"dateModified\":\"2025-09-11T07:05:59+00:00\",\"description\":\"Grand Full gaisa spraugu siltumizol\u0101cijas granulas \u012bpa\u0161i piem\u0113rotas vecu \u0113ku \u0101rsienu nosiltin\u0101\u0161anai, aizpildot gaisa spraugas.\",\"breadcrumb\":{\"@id\":\"https:\/\/videstehnika.lv\/katalogs\/siltumizolacijas-materiali\/grand-full-gaisa-spraugu-siltumizolacijas-granulas\/#breadcrumb\"},\"inLanguage\":\"et\",\"potentialAction\":[{\"@type\":\"ReadAction\",\"target\":[\"https:\/\/videstehnika.lv\/katalogs\/siltumizolacijas-materiali\/grand-full-gaisa-spraugu-siltumizolacijas-granulas\/\"]}]},{\"@type\":\"ImageObject\",\"inLanguage\":\"et\",\"@id\":\"https:\/\/videstehnika.lv\/katalogs\/siltumizolacijas-materiali\/grand-full-gaisa-spraugu-siltumizolacijas-granulas\/#primaryimage\",\"url\":\"https:\/\/videstehnika.lv\/wp-content\/uploads\/2020\/07\/vides-tehnika-grand-full-granulas.jpg\",\"contentUrl\":\"https:\/\/videstehnika.lv\/wp-content\/uploads\/2020\/07\/vides-tehnika-grand-full-granulas.jpg\",\"width\":900,\"height\":900,\"caption\":\"Grand Full ir efekt\u012bvs siltumizol\u0101cijas materi\u0101ls, kas ir \u012bpa\u0161i piem\u0113rots vecu \u0113ku \u0101rsienu nosiltin\u0101\u0161anai, aizpildot gaisa spraugas un tuk\u0161os dobumus starp \u0101rsienu m\u016briem\"},{\"@type\":\"BreadcrumbList\",\"@id\":\"https:\/\/videstehnika.lv\/katalogs\/siltumizolacijas-materiali\/grand-full-gaisa-spraugu-siltumizolacijas-granulas\/#breadcrumb\",\"itemListElement\":[{\"@type\":\"ListItem\",\"position\":1,\"name\":\"Home\",\"item\":\"https:\/\/videstehnika.lv\/et\/\"},{\"@type\":\"ListItem\",\"position\":2,\"name\":\"Kataloog\",\"item\":\"https:\/\/videstehnika.lv\/et\/kataloog\/\"},{\"@type\":\"ListItem\",\"position\":3,\"name\":\"Grand Full gaisa spraugu siltumizol\u0101cijas granulas\"}]},{\"@type\":\"WebSite\",\"@id\":\"https:\/\/videstehnika.lv\/et\/#website\",\"url\":\"https:\/\/videstehnika.lv\/et\/\",\"name\":\"Vides Tehnika\",\"description\":\"\",\"potentialAction\":[{\"@type\":\"SearchAction\",\"target\":{\"@type\":\"EntryPoint\",\"urlTemplate\":\"https:\/\/videstehnika.lv\/et\/?s={search_term_string}\"},\"query-input\":{\"@type\":\"PropertyValueSpecification\",\"valueRequired\":true,\"valueName\":\"search_term_string\"}}],\"inLanguage\":\"et\"}]}<\/script>\n<!-- \/ Yoast SEO plugin. -->","yoast_head_json":{"title":"Grand Full gaisa spraugu siltumizol\u0101cijas granulas &#8226; Vides Tehnika","description":"Grand Full gaisa spraugu siltumizol\u0101cijas granulas \u012bpa\u0161i piem\u0113rotas vecu \u0113ku \u0101rsienu nosiltin\u0101\u0161anai, aizpildot gaisa spraugas.","robots":{"index":"index","follow":"follow","max-snippet":"max-snippet:-1","max-image-preview":"max-image-preview:large","max-video-preview":"max-video-preview:-1"},"canonical":"https:\/\/videstehnika.lv\/et\/katalogs\/siltumizolacijas-materiali\/grand-full-gaisa-spraugu-siltumizolacijas-granulas\/","og_locale":"et_EE","og_type":"article","og_title":"Grand Full gaisa spraugu siltumizol\u0101cijas granulas &#8226; Vides Tehnika","og_description":"Grand Full gaisa spraugu siltumizol\u0101cijas granulas \u012bpa\u0161i piem\u0113rotas vecu \u0113ku \u0101rsienu nosiltin\u0101\u0161anai, aizpildot gaisa spraugas.","og_url":"https:\/\/videstehnika.lv\/katalogs\/siltumizolacijas-materiali\/grand-full-gaisa-spraugu-siltumizolacijas-granulas\/","og_site_name":"Vides Tehnika","article_modified_time":"2025-09-11T07:05:59+00:00","og_image":[{"width":900,"height":900,"url":"https:\/\/videstehnika.lv\/wp-content\/uploads\/2020\/07\/vides-tehnika-grand-full-granulas.jpg","type":"image\/jpeg"}],"twitter_card":"summary_large_image","twitter_misc":{"Est. reading time":"1 minut"},"schema":{"@context":"https:\/\/schema.org","@graph":[{"@type":"WebPage","@id":"https:\/\/videstehnika.lv\/katalogs\/siltumizolacijas-materiali\/grand-full-gaisa-spraugu-siltumizolacijas-granulas\/","url":"https:\/\/videstehnika.lv\/katalogs\/siltumizolacijas-materiali\/grand-full-gaisa-spraugu-siltumizolacijas-granulas\/","name":"Grand Full gaisa spraugu siltumizol\u0101cijas granulas &#8226; Vides Tehnika","isPartOf":{"@id":"https:\/\/videstehnika.lv\/et\/#website"},"primaryImageOfPage":{"@id":"https:\/\/videstehnika.lv\/katalogs\/siltumizolacijas-materiali\/grand-full-gaisa-spraugu-siltumizolacijas-granulas\/#primaryimage"},"image":{"@id":"https:\/\/videstehnika.lv\/katalogs\/siltumizolacijas-materiali\/grand-full-gaisa-spraugu-siltumizolacijas-granulas\/#primaryimage"},"thumbnailUrl":"https:\/\/videstehnika.lv\/wp-content\/uploads\/2020\/07\/vides-tehnika-grand-full-granulas.jpg","datePublished":"2020-07-08T09:08:01+00:00","dateModified":"2025-09-11T07:05:59+00:00","description":"Grand Full gaisa spraugu siltumizol\u0101cijas granulas \u012bpa\u0161i piem\u0113rotas vecu \u0113ku \u0101rsienu nosiltin\u0101\u0161anai, aizpildot gaisa spraugas.","breadcrumb":{"@id":"https:\/\/videstehnika.lv\/katalogs\/siltumizolacijas-materiali\/grand-full-gaisa-spraugu-siltumizolacijas-granulas\/#breadcrumb"},"inLanguage":"et","potentialAction":[{"@type":"ReadAction","target":["https:\/\/videstehnika.lv\/katalogs\/siltumizolacijas-materiali\/grand-full-gaisa-spraugu-siltumizolacijas-granulas\/"]}]},{"@type":"ImageObject","inLanguage":"et","@id":"https:\/\/videstehnika.lv\/katalogs\/siltumizolacijas-materiali\/grand-full-gaisa-spraugu-siltumizolacijas-granulas\/#primaryimage","url":"https:\/\/videstehnika.lv\/wp-content\/uploads\/2020\/07\/vides-tehnika-grand-full-granulas.jpg","contentUrl":"https:\/\/videstehnika.lv\/wp-content\/uploads\/2020\/07\/vides-tehnika-grand-full-granulas.jpg","width":900,"height":900,"caption":"Grand Full ir efekt\u012bvs siltumizol\u0101cijas materi\u0101ls, kas ir \u012bpa\u0161i piem\u0113rots vecu \u0113ku \u0101rsienu nosiltin\u0101\u0161anai, aizpildot gaisa spraugas un tuk\u0161os dobumus starp \u0101rsienu m\u016briem"},{"@type":"BreadcrumbList","@id":"https:\/\/videstehnika.lv\/katalogs\/siltumizolacijas-materiali\/grand-full-gaisa-spraugu-siltumizolacijas-granulas\/#breadcrumb","itemListElement":[{"@type":"ListItem","position":1,"name":"Home","item":"https:\/\/videstehnika.lv\/et\/"},{"@type":"ListItem","position":2,"name":"Kataloog","item":"https:\/\/videstehnika.lv\/et\/kataloog\/"},{"@type":"ListItem","position":3,"name":"Grand Full gaisa spraugu siltumizol\u0101cijas granulas"}]},{"@type":"WebSite","@id":"https:\/\/videstehnika.lv\/et\/#website","url":"https:\/\/videstehnika.lv\/et\/","name":"Vides Tehnika","description":"","potentialAction":[{"@type":"SearchAction","target":{"@type":"EntryPoint","urlTemplate":"https:\/\/videstehnika.lv\/et\/?s={search_term_string}"},"query-input":{"@type":"PropertyValueSpecification","valueRequired":true,"valueName":"search_term_string"}}],"inLanguage":"et"}]}},"_links":{"self":[{"href":"https:\/\/videstehnika.lv\/et\/wp-json\/wp\/v2\/product\/3627","targetHints":{"allow":["GET"]}}],"collection":[{"href":"https:\/\/videstehnika.lv\/et\/wp-json\/wp\/v2\/product"}],"about":[{"href":"https:\/\/videstehnika.lv\/et\/wp-json\/wp\/v2\/types\/product"}],"wp:featuredmedia":[{"embeddable":true,"href":"https:\/\/videstehnika.lv\/et\/wp-json\/wp\/v2\/media\/3628"}],"wp:attachment":[{"href":"https:\/\/videstehnika.lv\/et\/wp-json\/wp\/v2\/media?parent=3627"}],"wp:term":[{"taxonomy":"product_cat","embeddable":true,"href":"https:\/\/videstehnika.lv\/et\/wp-json\/wp\/v2\/product_cat?post=3627"},{"taxonomy":"product_tag","embeddable":true,"href":"https:\/\/videstehnika.lv\/et\/wp-json\/wp\/v2\/product_tag?post=3627"}],"curies":[{"name":"wp","href":"https:\/\/api.w.org\/{rel}","templated":true}]}}