{"id":37370,"date":"2024-07-25T10:07:35","date_gmt":"2024-07-25T07:07:35","guid":{"rendered":"https:\/\/videstehnika.lv\/?post_type=product&#038;p=37370"},"modified":"2024-08-06T13:17:08","modified_gmt":"2024-08-06T10:17:08","slug":"paroc-linio-10","status":"publish","type":"product","link":"https:\/\/videstehnika.lv\/katalogs\/siltumizolacijas-materiali\/paroc-linio-10\/","title":{"rendered":"PAROC Linio 10 nedego\u0161as akmens vates pl\u0101ksnes fas\u0101dei"},"content":{"rendered":"<p>Fas\u0101des pl\u0101ksne apme\u0161anai PAROC Linio 10 ir nedego\u0161a akmens vates siltumizol\u0101cija gan pl\u0101naj\u0101m, gan biezaj\u0101m apmetuma sist\u0113m\u0101m eso\u0161\u0101m \u0113k\u0101m un jaun\u0101 b\u016bvniec\u012bb\u0101.<br \/>\nPl\u0101ksnei ir izcilas siltumizol\u0113jo\u0161as \u012bpa\u0161\u012bbas un augsta s\u0101rmaini \u0137\u012bmiskas vides notur\u012bba, t\u0101 neuzs\u016bc mitrumu, nemaina formu un nerea\u0123\u0113 uz temperat\u016bras izmai\u0146\u0101m.<br \/>\nAr \u0161o pl\u0101ksni var viegli izveidot gludu fas\u0101des virsmu gan l\u012bdzenu, gan nel\u012bdzenu sienu gad\u012bjumos. Tan\u012b pa\u0161\u0101 laik\u0101 uzlabojas sienu ska\u0146as izol\u0101cija un \u0101r\u0113jo sienu ugunsiztur\u012bba.<\/p>\n<p>PAROC akmens vates izstr\u0101d\u0101jumi ir sp\u0113j\u012bgi iztur\u0113t augstu temperat\u016bru iedarb\u012bbu. Saistviela s\u0101k iztvaikot, kad temperat\u016bra p\u0101rsniedz aptuveni 200\u00b0C.<br \/>\nSiltumizol\u0101cijas \u012bpa\u0161\u012bbas paliek nemain\u012bgas , bet spiedes stipr\u012bba samazin\u0101s. M\u012bkstin\u0101\u0161an\u0101s temperat\u016bra akmens vates izstr\u0101d\u0101jumiem ir vair\u0101k k\u0101 1000\u00b0C.<\/p>\n<p>Ugunsdro\u0161ibas klase A1<br \/>\nSiltumvad\u012btsp\u0113ja \u03bbd (w\/mk) 0.036w\/mk<\/p>\n<p>&nbsp;<\/p>\n","protected":false},"excerpt":{"rendered":"<p>Fas\u0101des pl\u0101ksne apme\u0161anai PAROC Linio 10 ir nedego\u0161a akmens vates siltumizol\u0101cija gan pl\u0101naj\u0101m, gan biezaj\u0101m apmetuma sist\u0113m\u0101m eso\u0161\u0101m \u0113k\u0101m un<\/p>\n","protected":false},"featured_media":37373,"template":"","meta":{"_acf_changed":false},"product_cat":[66,79],"product_tag":[],"class_list":{"0":"post-37370","1":"product","2":"type-product","3":"status-publish","4":"has-post-thumbnail","6":"product_cat-siltumizolacijas-materiali","7":"product_cat-akmens-vate-plaksnes-fasadei-rockwool","9":"first","10":"instock","11":"taxable","12":"shipping-taxable","13":"purchasable","14":"product-type-variable"},"acf":[],"yoast_head":"<!-- This site is optimized with the Yoast SEO plugin v24.2 - https:\/\/yoast.com\/wordpress\/plugins\/seo\/ -->\n<title>PAROC Linio 10 nedego\u0161as akmens vates pl\u0101ksnes fas\u0101dei &#8226; Vides Tehnika<\/title>\n<meta name=\"description\" content=\"Fas\u0101des pl\u0101ksne apme\u0161anai PAROC Linio 10 ir nedego\u0161a akmens vates siltumizol\u0101cija gan pl\u0101naj\u0101m, gan biezaj\u0101m apmetuma sist\u0113m\u0101m eso\u0161\u0101m \u0113k\u0101m un jaun\u0101 b\u016bvniec\u012bb\u0101.\" \/>\n<meta name=\"robots\" content=\"index, follow, max-snippet:-1, max-image-preview:large, max-video-preview:-1\" \/>\n<link rel=\"canonical\" href=\"https:\/\/videstehnika.lv\/et\/katalogs\/siltumizolacijas-materiali\/paroc-linio-10\/\" \/>\n<meta property=\"og:locale\" content=\"et_EE\" \/>\n<meta property=\"og:type\" content=\"article\" \/>\n<meta property=\"og:title\" content=\"PAROC Linio 10 nedego\u0161as akmens vates pl\u0101ksnes fas\u0101dei &#8226; Vides Tehnika\" \/>\n<meta property=\"og:description\" content=\"Fas\u0101des pl\u0101ksne apme\u0161anai PAROC Linio 10 ir nedego\u0161a akmens vates siltumizol\u0101cija gan pl\u0101naj\u0101m, gan biezaj\u0101m apmetuma sist\u0113m\u0101m eso\u0161\u0101m \u0113k\u0101m un jaun\u0101 b\u016bvniec\u012bb\u0101.\" \/>\n<meta property=\"og:url\" content=\"https:\/\/videstehnika.lv\/katalogs\/siltumizolacijas-materiali\/paroc-linio-10\/\" \/>\n<meta property=\"og:site_name\" content=\"Vides Tehnika\" \/>\n<meta property=\"article:modified_time\" content=\"2024-08-06T10:17:08+00:00\" \/>\n<meta property=\"og:image\" content=\"https:\/\/videstehnika.lv\/wp-content\/uploads\/2024\/07\/PAROC-Linio-10-18399649.jpg\" \/>\n\t<meta property=\"og:image:width\" content=\"560\" \/>\n\t<meta property=\"og:image:height\" content=\"560\" \/>\n\t<meta property=\"og:image:type\" content=\"image\/jpeg\" \/>\n<meta name=\"twitter:card\" content=\"summary_large_image\" \/>\n<meta name=\"twitter:label1\" content=\"Est. reading time\" \/>\n\t<meta name=\"twitter:data1\" content=\"1 minut\" \/>\n<script type=\"application\/ld+json\" class=\"yoast-schema-graph\">{\"@context\":\"https:\/\/schema.org\",\"@graph\":[{\"@type\":\"WebPage\",\"@id\":\"https:\/\/videstehnika.lv\/katalogs\/siltumizolacijas-materiali\/paroc-linio-10\/\",\"url\":\"https:\/\/videstehnika.lv\/katalogs\/siltumizolacijas-materiali\/paroc-linio-10\/\",\"name\":\"PAROC Linio 10 nedego\u0161as akmens vates pl\u0101ksnes fas\u0101dei &#8226; Vides Tehnika\",\"isPartOf\":{\"@id\":\"https:\/\/videstehnika.lv\/et\/#website\"},\"primaryImageOfPage\":{\"@id\":\"https:\/\/videstehnika.lv\/katalogs\/siltumizolacijas-materiali\/paroc-linio-10\/#primaryimage\"},\"image\":{\"@id\":\"https:\/\/videstehnika.lv\/katalogs\/siltumizolacijas-materiali\/paroc-linio-10\/#primaryimage\"},\"thumbnailUrl\":\"https:\/\/videstehnika.lv\/wp-content\/uploads\/2024\/07\/PAROC-Linio-10-18399649.jpg\",\"datePublished\":\"2024-07-25T07:07:35+00:00\",\"dateModified\":\"2024-08-06T10:17:08+00:00\",\"description\":\"Fas\u0101des pl\u0101ksne apme\u0161anai PAROC Linio 10 ir nedego\u0161a akmens vates siltumizol\u0101cija gan pl\u0101naj\u0101m, gan biezaj\u0101m apmetuma sist\u0113m\u0101m eso\u0161\u0101m \u0113k\u0101m un jaun\u0101 b\u016bvniec\u012bb\u0101.\",\"breadcrumb\":{\"@id\":\"https:\/\/videstehnika.lv\/katalogs\/siltumizolacijas-materiali\/paroc-linio-10\/#breadcrumb\"},\"inLanguage\":\"et\",\"potentialAction\":[{\"@type\":\"ReadAction\",\"target\":[\"https:\/\/videstehnika.lv\/katalogs\/siltumizolacijas-materiali\/paroc-linio-10\/\"]}]},{\"@type\":\"ImageObject\",\"inLanguage\":\"et\",\"@id\":\"https:\/\/videstehnika.lv\/katalogs\/siltumizolacijas-materiali\/paroc-linio-10\/#primaryimage\",\"url\":\"https:\/\/videstehnika.lv\/wp-content\/uploads\/2024\/07\/PAROC-Linio-10-18399649.jpg\",\"contentUrl\":\"https:\/\/videstehnika.lv\/wp-content\/uploads\/2024\/07\/PAROC-Linio-10-18399649.jpg\",\"width\":560,\"height\":560},{\"@type\":\"BreadcrumbList\",\"@id\":\"https:\/\/videstehnika.lv\/katalogs\/siltumizolacijas-materiali\/paroc-linio-10\/#breadcrumb\",\"itemListElement\":[{\"@type\":\"ListItem\",\"position\":1,\"name\":\"Home\",\"item\":\"https:\/\/videstehnika.lv\/et\/\"},{\"@type\":\"ListItem\",\"position\":2,\"name\":\"Kataloog\",\"item\":\"https:\/\/videstehnika.lv\/et\/kataloog\/\"},{\"@type\":\"ListItem\",\"position\":3,\"name\":\"PAROC Linio 10 nedego\u0161as akmens vates pl\u0101ksnes fas\u0101dei\"}]},{\"@type\":\"WebSite\",\"@id\":\"https:\/\/videstehnika.lv\/et\/#website\",\"url\":\"https:\/\/videstehnika.lv\/et\/\",\"name\":\"Vides Tehnika\",\"description\":\"\",\"potentialAction\":[{\"@type\":\"SearchAction\",\"target\":{\"@type\":\"EntryPoint\",\"urlTemplate\":\"https:\/\/videstehnika.lv\/et\/?s={search_term_string}\"},\"query-input\":{\"@type\":\"PropertyValueSpecification\",\"valueRequired\":true,\"valueName\":\"search_term_string\"}}],\"inLanguage\":\"et\"}]}<\/script>\n<!-- \/ Yoast SEO plugin. -->","yoast_head_json":{"title":"PAROC Linio 10 nedego\u0161as akmens vates pl\u0101ksnes fas\u0101dei &#8226; Vides Tehnika","description":"Fas\u0101des pl\u0101ksne apme\u0161anai PAROC Linio 10 ir nedego\u0161a akmens vates siltumizol\u0101cija gan pl\u0101naj\u0101m, gan biezaj\u0101m apmetuma sist\u0113m\u0101m eso\u0161\u0101m \u0113k\u0101m un jaun\u0101 b\u016bvniec\u012bb\u0101.","robots":{"index":"index","follow":"follow","max-snippet":"max-snippet:-1","max-image-preview":"max-image-preview:large","max-video-preview":"max-video-preview:-1"},"canonical":"https:\/\/videstehnika.lv\/et\/katalogs\/siltumizolacijas-materiali\/paroc-linio-10\/","og_locale":"et_EE","og_type":"article","og_title":"PAROC Linio 10 nedego\u0161as akmens vates pl\u0101ksnes fas\u0101dei &#8226; Vides Tehnika","og_description":"Fas\u0101des pl\u0101ksne apme\u0161anai PAROC Linio 10 ir nedego\u0161a akmens vates siltumizol\u0101cija gan pl\u0101naj\u0101m, gan biezaj\u0101m apmetuma sist\u0113m\u0101m eso\u0161\u0101m \u0113k\u0101m un jaun\u0101 b\u016bvniec\u012bb\u0101.","og_url":"https:\/\/videstehnika.lv\/katalogs\/siltumizolacijas-materiali\/paroc-linio-10\/","og_site_name":"Vides Tehnika","article_modified_time":"2024-08-06T10:17:08+00:00","og_image":[{"width":560,"height":560,"url":"https:\/\/videstehnika.lv\/wp-content\/uploads\/2024\/07\/PAROC-Linio-10-18399649.jpg","type":"image\/jpeg"}],"twitter_card":"summary_large_image","twitter_misc":{"Est. reading time":"1 minut"},"schema":{"@context":"https:\/\/schema.org","@graph":[{"@type":"WebPage","@id":"https:\/\/videstehnika.lv\/katalogs\/siltumizolacijas-materiali\/paroc-linio-10\/","url":"https:\/\/videstehnika.lv\/katalogs\/siltumizolacijas-materiali\/paroc-linio-10\/","name":"PAROC Linio 10 nedego\u0161as akmens vates pl\u0101ksnes fas\u0101dei &#8226; Vides Tehnika","isPartOf":{"@id":"https:\/\/videstehnika.lv\/et\/#website"},"primaryImageOfPage":{"@id":"https:\/\/videstehnika.lv\/katalogs\/siltumizolacijas-materiali\/paroc-linio-10\/#primaryimage"},"image":{"@id":"https:\/\/videstehnika.lv\/katalogs\/siltumizolacijas-materiali\/paroc-linio-10\/#primaryimage"},"thumbnailUrl":"https:\/\/videstehnika.lv\/wp-content\/uploads\/2024\/07\/PAROC-Linio-10-18399649.jpg","datePublished":"2024-07-25T07:07:35+00:00","dateModified":"2024-08-06T10:17:08+00:00","description":"Fas\u0101des pl\u0101ksne apme\u0161anai PAROC Linio 10 ir nedego\u0161a akmens vates siltumizol\u0101cija gan pl\u0101naj\u0101m, gan biezaj\u0101m apmetuma sist\u0113m\u0101m eso\u0161\u0101m \u0113k\u0101m un jaun\u0101 b\u016bvniec\u012bb\u0101.","breadcrumb":{"@id":"https:\/\/videstehnika.lv\/katalogs\/siltumizolacijas-materiali\/paroc-linio-10\/#breadcrumb"},"inLanguage":"et","potentialAction":[{"@type":"ReadAction","target":["https:\/\/videstehnika.lv\/katalogs\/siltumizolacijas-materiali\/paroc-linio-10\/"]}]},{"@type":"ImageObject","inLanguage":"et","@id":"https:\/\/videstehnika.lv\/katalogs\/siltumizolacijas-materiali\/paroc-linio-10\/#primaryimage","url":"https:\/\/videstehnika.lv\/wp-content\/uploads\/2024\/07\/PAROC-Linio-10-18399649.jpg","contentUrl":"https:\/\/videstehnika.lv\/wp-content\/uploads\/2024\/07\/PAROC-Linio-10-18399649.jpg","width":560,"height":560},{"@type":"BreadcrumbList","@id":"https:\/\/videstehnika.lv\/katalogs\/siltumizolacijas-materiali\/paroc-linio-10\/#breadcrumb","itemListElement":[{"@type":"ListItem","position":1,"name":"Home","item":"https:\/\/videstehnika.lv\/et\/"},{"@type":"ListItem","position":2,"name":"Kataloog","item":"https:\/\/videstehnika.lv\/et\/kataloog\/"},{"@type":"ListItem","position":3,"name":"PAROC Linio 10 nedego\u0161as akmens vates pl\u0101ksnes fas\u0101dei"}]},{"@type":"WebSite","@id":"https:\/\/videstehnika.lv\/et\/#website","url":"https:\/\/videstehnika.lv\/et\/","name":"Vides Tehnika","description":"","potentialAction":[{"@type":"SearchAction","target":{"@type":"EntryPoint","urlTemplate":"https:\/\/videstehnika.lv\/et\/?s={search_term_string}"},"query-input":{"@type":"PropertyValueSpecification","valueRequired":true,"valueName":"search_term_string"}}],"inLanguage":"et"}]}},"_links":{"self":[{"href":"https:\/\/videstehnika.lv\/et\/wp-json\/wp\/v2\/product\/37370","targetHints":{"allow":["GET"]}}],"collection":[{"href":"https:\/\/videstehnika.lv\/et\/wp-json\/wp\/v2\/product"}],"about":[{"href":"https:\/\/videstehnika.lv\/et\/wp-json\/wp\/v2\/types\/product"}],"wp:featuredmedia":[{"embeddable":true,"href":"https:\/\/videstehnika.lv\/et\/wp-json\/wp\/v2\/media\/37373"}],"wp:attachment":[{"href":"https:\/\/videstehnika.lv\/et\/wp-json\/wp\/v2\/media?parent=37370"}],"wp:term":[{"taxonomy":"product_cat","embeddable":true,"href":"https:\/\/videstehnika.lv\/et\/wp-json\/wp\/v2\/product_cat?post=37370"},{"taxonomy":"product_tag","embeddable":true,"href":"https:\/\/videstehnika.lv\/et\/wp-json\/wp\/v2\/product_tag?post=37370"}],"curies":[{"name":"wp","href":"https:\/\/api.w.org\/{rel}","templated":true}]}}