{"id":37502,"date":"2024-07-25T13:47:07","date_gmt":"2024-07-25T10:47:07","guid":{"rendered":"https:\/\/videstehnika.lv\/?post_type=product&#038;p=37502"},"modified":"2024-07-26T13:08:57","modified_gmt":"2024-07-26T10:08:57","slug":"popoki-lay-balts-aluminija-saulosanas-kresls-ar-gaisu-peleku-tekstilu","status":"publish","type":"product","link":"https:\/\/videstehnika.lv\/katalogs\/darza-mebeles\/popoki-lay-balts-aluminija-saulosanas-kresls-ar-gaisu-peleku-tekstilu\/","title":{"rendered":"POPOKI LAY balts alum\u012bnija sau\u013co\u0161an\u0101\u0161 kr\u0113sls ar gai\u0161u pel\u0113ku tekstilu"},"content":{"rendered":"<h2>POPOKI LAY alum\u012bnija sau\u013co\u0161an\u0101\u0161 kr\u0113sls, zvilnis<\/h2>\n<p>Elegants alum\u012bnija zvilnis ar tekstila s\u0113dekli un galvas balstu.<br \/>\nKr\u0101sa &#8211; balts alum\u012bnija r\u0101mis ar gai\u0161i pel\u0113ku tekstilu<br \/>\nRegul\u0113jama atzveltne 5 poz\u012bcij\u0101s<br \/>\nAugstums 34 cm<br \/>\nPlatums 60 cm<br \/>\nGarums 201 cm<br \/>\nSvars 6,7kg<\/p>\n","protected":false},"excerpt":{"rendered":"<p>POPOKI LAY alum\u012bnija sau\u013co\u0161an\u0101\u0161 kr\u0113sls, zvilnis Elegants alum\u012bnija zvilnis ar tekstila s\u0113dekli un galvas balstu. Kr\u0101sa &#8211; balts alum\u012bnija r\u0101mis<\/p>\n","protected":false},"featured_media":37816,"template":"","meta":{"_acf_changed":false},"product_cat":[5294,5297],"product_tag":[],"class_list":{"0":"post-37502","1":"product","2":"type-product","3":"status-publish","4":"has-post-thumbnail","6":"product_cat-darza-mebeles","7":"product_cat-saulosanas-kresli-un-zvilni","9":"first","10":"instock","11":"taxable","12":"shipping-taxable","13":"purchasable","14":"product-type-simple"},"acf":[],"yoast_head":"<!-- This site is optimized with the Yoast SEO plugin v24.2 - https:\/\/yoast.com\/wordpress\/plugins\/seo\/ -->\n<title>POPOKI LAY balts alum\u012bnija sau\u013co\u0161an\u0101\u0161 kr\u0113sls ar gai\u0161u pel\u0113ku tekstilu &#8226; Vides Tehnika<\/title>\n<meta name=\"robots\" content=\"index, follow, max-snippet:-1, max-image-preview:large, max-video-preview:-1\" \/>\n<link rel=\"canonical\" href=\"https:\/\/videstehnika.lv\/et\/katalogs\/darza-mebeles\/popoki-lay-balts-aluminija-saulosanas-kresls-ar-gaisu-peleku-tekstilu\/\" \/>\n<meta property=\"og:locale\" content=\"et_EE\" \/>\n<meta property=\"og:type\" content=\"article\" \/>\n<meta property=\"og:title\" content=\"POPOKI LAY balts alum\u012bnija sau\u013co\u0161an\u0101\u0161 kr\u0113sls ar gai\u0161u pel\u0113ku tekstilu &#8226; Vides Tehnika\" \/>\n<meta property=\"og:description\" content=\"POPOKI LAY alum\u012bnija sau\u013co\u0161an\u0101\u0161 kr\u0113sls, zvilnis Elegants alum\u012bnija zvilnis ar tekstila s\u0113dekli un galvas balstu. Kr\u0101sa &#8211; balts alum\u012bnija r\u0101mis\" \/>\n<meta property=\"og:url\" content=\"https:\/\/videstehnika.lv\/katalogs\/darza-mebeles\/popoki-lay-balts-aluminija-saulosanas-kresls-ar-gaisu-peleku-tekstilu\/\" \/>\n<meta property=\"og:site_name\" content=\"Vides Tehnika\" \/>\n<meta property=\"article:modified_time\" content=\"2024-07-26T10:08:57+00:00\" \/>\n<meta property=\"og:image\" content=\"https:\/\/videstehnika.lv\/wp-content\/uploads\/2024\/07\/import-30200380-2.jpg\" \/>\n\t<meta property=\"og:image:width\" content=\"2388\" \/>\n\t<meta property=\"og:image:height\" content=\"1812\" \/>\n\t<meta property=\"og:image:type\" content=\"image\/jpeg\" \/>\n<meta name=\"twitter:card\" content=\"summary_large_image\" \/>\n<meta name=\"twitter:label1\" content=\"Est. reading time\" \/>\n\t<meta name=\"twitter:data1\" content=\"1 minut\" \/>\n<script type=\"application\/ld+json\" class=\"yoast-schema-graph\">{\"@context\":\"https:\/\/schema.org\",\"@graph\":[{\"@type\":\"WebPage\",\"@id\":\"https:\/\/videstehnika.lv\/katalogs\/darza-mebeles\/popoki-lay-balts-aluminija-saulosanas-kresls-ar-gaisu-peleku-tekstilu\/\",\"url\":\"https:\/\/videstehnika.lv\/katalogs\/darza-mebeles\/popoki-lay-balts-aluminija-saulosanas-kresls-ar-gaisu-peleku-tekstilu\/\",\"name\":\"POPOKI LAY balts alum\u012bnija sau\u013co\u0161an\u0101\u0161 kr\u0113sls ar gai\u0161u pel\u0113ku tekstilu &#8226; Vides Tehnika\",\"isPartOf\":{\"@id\":\"https:\/\/videstehnika.lv\/et\/#website\"},\"primaryImageOfPage\":{\"@id\":\"https:\/\/videstehnika.lv\/katalogs\/darza-mebeles\/popoki-lay-balts-aluminija-saulosanas-kresls-ar-gaisu-peleku-tekstilu\/#primaryimage\"},\"image\":{\"@id\":\"https:\/\/videstehnika.lv\/katalogs\/darza-mebeles\/popoki-lay-balts-aluminija-saulosanas-kresls-ar-gaisu-peleku-tekstilu\/#primaryimage\"},\"thumbnailUrl\":\"https:\/\/videstehnika.lv\/wp-content\/uploads\/2024\/07\/import-30200380-2.jpg\",\"datePublished\":\"2024-07-25T10:47:07+00:00\",\"dateModified\":\"2024-07-26T10:08:57+00:00\",\"breadcrumb\":{\"@id\":\"https:\/\/videstehnika.lv\/katalogs\/darza-mebeles\/popoki-lay-balts-aluminija-saulosanas-kresls-ar-gaisu-peleku-tekstilu\/#breadcrumb\"},\"inLanguage\":\"et\",\"potentialAction\":[{\"@type\":\"ReadAction\",\"target\":[\"https:\/\/videstehnika.lv\/katalogs\/darza-mebeles\/popoki-lay-balts-aluminija-saulosanas-kresls-ar-gaisu-peleku-tekstilu\/\"]}]},{\"@type\":\"ImageObject\",\"inLanguage\":\"et\",\"@id\":\"https:\/\/videstehnika.lv\/katalogs\/darza-mebeles\/popoki-lay-balts-aluminija-saulosanas-kresls-ar-gaisu-peleku-tekstilu\/#primaryimage\",\"url\":\"https:\/\/videstehnika.lv\/wp-content\/uploads\/2024\/07\/import-30200380-2.jpg\",\"contentUrl\":\"https:\/\/videstehnika.lv\/wp-content\/uploads\/2024\/07\/import-30200380-2.jpg\",\"width\":2388,\"height\":1812},{\"@type\":\"BreadcrumbList\",\"@id\":\"https:\/\/videstehnika.lv\/katalogs\/darza-mebeles\/popoki-lay-balts-aluminija-saulosanas-kresls-ar-gaisu-peleku-tekstilu\/#breadcrumb\",\"itemListElement\":[{\"@type\":\"ListItem\",\"position\":1,\"name\":\"Home\",\"item\":\"https:\/\/videstehnika.lv\/et\/\"},{\"@type\":\"ListItem\",\"position\":2,\"name\":\"Kataloog\",\"item\":\"https:\/\/videstehnika.lv\/et\/kataloog\/\"},{\"@type\":\"ListItem\",\"position\":3,\"name\":\"POPOKI LAY balts alum\u012bnija sau\u013co\u0161an\u0101\u0161 kr\u0113sls ar gai\u0161u pel\u0113ku tekstilu\"}]},{\"@type\":\"WebSite\",\"@id\":\"https:\/\/videstehnika.lv\/et\/#website\",\"url\":\"https:\/\/videstehnika.lv\/et\/\",\"name\":\"Vides Tehnika\",\"description\":\"\",\"potentialAction\":[{\"@type\":\"SearchAction\",\"target\":{\"@type\":\"EntryPoint\",\"urlTemplate\":\"https:\/\/videstehnika.lv\/et\/?s={search_term_string}\"},\"query-input\":{\"@type\":\"PropertyValueSpecification\",\"valueRequired\":true,\"valueName\":\"search_term_string\"}}],\"inLanguage\":\"et\"}]}<\/script>\n<!-- \/ Yoast SEO plugin. -->","yoast_head_json":{"title":"POPOKI LAY balts alum\u012bnija sau\u013co\u0161an\u0101\u0161 kr\u0113sls ar gai\u0161u pel\u0113ku tekstilu &#8226; Vides Tehnika","robots":{"index":"index","follow":"follow","max-snippet":"max-snippet:-1","max-image-preview":"max-image-preview:large","max-video-preview":"max-video-preview:-1"},"canonical":"https:\/\/videstehnika.lv\/et\/katalogs\/darza-mebeles\/popoki-lay-balts-aluminija-saulosanas-kresls-ar-gaisu-peleku-tekstilu\/","og_locale":"et_EE","og_type":"article","og_title":"POPOKI LAY balts alum\u012bnija sau\u013co\u0161an\u0101\u0161 kr\u0113sls ar gai\u0161u pel\u0113ku tekstilu &#8226; Vides Tehnika","og_description":"POPOKI LAY alum\u012bnija sau\u013co\u0161an\u0101\u0161 kr\u0113sls, zvilnis Elegants alum\u012bnija zvilnis ar tekstila s\u0113dekli un galvas balstu. Kr\u0101sa &#8211; balts alum\u012bnija r\u0101mis","og_url":"https:\/\/videstehnika.lv\/katalogs\/darza-mebeles\/popoki-lay-balts-aluminija-saulosanas-kresls-ar-gaisu-peleku-tekstilu\/","og_site_name":"Vides Tehnika","article_modified_time":"2024-07-26T10:08:57+00:00","og_image":[{"width":2388,"height":1812,"url":"https:\/\/videstehnika.lv\/wp-content\/uploads\/2024\/07\/import-30200380-2.jpg","type":"image\/jpeg"}],"twitter_card":"summary_large_image","twitter_misc":{"Est. reading time":"1 minut"},"schema":{"@context":"https:\/\/schema.org","@graph":[{"@type":"WebPage","@id":"https:\/\/videstehnika.lv\/katalogs\/darza-mebeles\/popoki-lay-balts-aluminija-saulosanas-kresls-ar-gaisu-peleku-tekstilu\/","url":"https:\/\/videstehnika.lv\/katalogs\/darza-mebeles\/popoki-lay-balts-aluminija-saulosanas-kresls-ar-gaisu-peleku-tekstilu\/","name":"POPOKI LAY balts alum\u012bnija sau\u013co\u0161an\u0101\u0161 kr\u0113sls ar gai\u0161u pel\u0113ku tekstilu &#8226; Vides Tehnika","isPartOf":{"@id":"https:\/\/videstehnika.lv\/et\/#website"},"primaryImageOfPage":{"@id":"https:\/\/videstehnika.lv\/katalogs\/darza-mebeles\/popoki-lay-balts-aluminija-saulosanas-kresls-ar-gaisu-peleku-tekstilu\/#primaryimage"},"image":{"@id":"https:\/\/videstehnika.lv\/katalogs\/darza-mebeles\/popoki-lay-balts-aluminija-saulosanas-kresls-ar-gaisu-peleku-tekstilu\/#primaryimage"},"thumbnailUrl":"https:\/\/videstehnika.lv\/wp-content\/uploads\/2024\/07\/import-30200380-2.jpg","datePublished":"2024-07-25T10:47:07+00:00","dateModified":"2024-07-26T10:08:57+00:00","breadcrumb":{"@id":"https:\/\/videstehnika.lv\/katalogs\/darza-mebeles\/popoki-lay-balts-aluminija-saulosanas-kresls-ar-gaisu-peleku-tekstilu\/#breadcrumb"},"inLanguage":"et","potentialAction":[{"@type":"ReadAction","target":["https:\/\/videstehnika.lv\/katalogs\/darza-mebeles\/popoki-lay-balts-aluminija-saulosanas-kresls-ar-gaisu-peleku-tekstilu\/"]}]},{"@type":"ImageObject","inLanguage":"et","@id":"https:\/\/videstehnika.lv\/katalogs\/darza-mebeles\/popoki-lay-balts-aluminija-saulosanas-kresls-ar-gaisu-peleku-tekstilu\/#primaryimage","url":"https:\/\/videstehnika.lv\/wp-content\/uploads\/2024\/07\/import-30200380-2.jpg","contentUrl":"https:\/\/videstehnika.lv\/wp-content\/uploads\/2024\/07\/import-30200380-2.jpg","width":2388,"height":1812},{"@type":"BreadcrumbList","@id":"https:\/\/videstehnika.lv\/katalogs\/darza-mebeles\/popoki-lay-balts-aluminija-saulosanas-kresls-ar-gaisu-peleku-tekstilu\/#breadcrumb","itemListElement":[{"@type":"ListItem","position":1,"name":"Home","item":"https:\/\/videstehnika.lv\/et\/"},{"@type":"ListItem","position":2,"name":"Kataloog","item":"https:\/\/videstehnika.lv\/et\/kataloog\/"},{"@type":"ListItem","position":3,"name":"POPOKI LAY balts alum\u012bnija sau\u013co\u0161an\u0101\u0161 kr\u0113sls ar gai\u0161u pel\u0113ku tekstilu"}]},{"@type":"WebSite","@id":"https:\/\/videstehnika.lv\/et\/#website","url":"https:\/\/videstehnika.lv\/et\/","name":"Vides Tehnika","description":"","potentialAction":[{"@type":"SearchAction","target":{"@type":"EntryPoint","urlTemplate":"https:\/\/videstehnika.lv\/et\/?s={search_term_string}"},"query-input":{"@type":"PropertyValueSpecification","valueRequired":true,"valueName":"search_term_string"}}],"inLanguage":"et"}]}},"_links":{"self":[{"href":"https:\/\/videstehnika.lv\/et\/wp-json\/wp\/v2\/product\/37502","targetHints":{"allow":["GET"]}}],"collection":[{"href":"https:\/\/videstehnika.lv\/et\/wp-json\/wp\/v2\/product"}],"about":[{"href":"https:\/\/videstehnika.lv\/et\/wp-json\/wp\/v2\/types\/product"}],"wp:featuredmedia":[{"embeddable":true,"href":"https:\/\/videstehnika.lv\/et\/wp-json\/wp\/v2\/media\/37816"}],"wp:attachment":[{"href":"https:\/\/videstehnika.lv\/et\/wp-json\/wp\/v2\/media?parent=37502"}],"wp:term":[{"taxonomy":"product_cat","embeddable":true,"href":"https:\/\/videstehnika.lv\/et\/wp-json\/wp\/v2\/product_cat?post=37502"},{"taxonomy":"product_tag","embeddable":true,"href":"https:\/\/videstehnika.lv\/et\/wp-json\/wp\/v2\/product_tag?post=37502"}],"curies":[{"name":"wp","href":"https:\/\/api.w.org\/{rel}","templated":true}]}}