{"id":37543,"date":"2024-07-25T15:10:01","date_gmt":"2024-07-25T12:10:01","guid":{"rendered":"https:\/\/videstehnika.lv\/?post_type=product&#038;p=37543"},"modified":"2024-07-25T15:10:01","modified_gmt":"2024-07-25T12:10:01","slug":"stryn-aluminija-darza-galds-125x71x30-cm","status":"publish","type":"product","link":"https:\/\/videstehnika.lv\/katalogs\/darza-mebeles\/stryn-aluminija-darza-galds-125x71x30-cm\/","title":{"rendered":"STRYN alum\u012bnija d\u0101rza galds 125x71x30 cm"},"content":{"rendered":"<h2>STRYN alum\u012bnija d\u0101rza galds 125x71x30 cm<\/h2>\n<p>Materi\u0101ls: alum\u012bnijs<br \/>\nKr\u0101sa: balta<br \/>\nIzm\u0113ri: 125x71x30 cm<br \/>\nSvars: 12,7 kg<\/p>\n","protected":false},"excerpt":{"rendered":"<p>STRYN alum\u012bnija d\u0101rza galds 125x71x30 cm Materi\u0101ls: alum\u012bnijs Kr\u0101sa: balta Izm\u0113ri: 125x71x30 cm Svars: 12,7 kg<\/p>\n","protected":false},"featured_media":37544,"template":"","meta":{"_acf_changed":false},"product_cat":[5294,5296],"product_tag":[],"class_list":{"0":"post-37543","1":"product","2":"type-product","3":"status-publish","4":"has-post-thumbnail","6":"product_cat-darza-mebeles","7":"product_cat-galdi","9":"first","10":"instock","11":"taxable","12":"shipping-taxable","13":"purchasable","14":"product-type-simple"},"acf":[],"yoast_head":"<!-- This site is optimized with the Yoast SEO plugin v24.2 - https:\/\/yoast.com\/wordpress\/plugins\/seo\/ -->\n<title>STRYN alum\u012bnija d\u0101rza galds 125x71x30 cm &#8226; Vides Tehnika<\/title>\n<meta name=\"robots\" content=\"index, follow, max-snippet:-1, max-image-preview:large, max-video-preview:-1\" \/>\n<link rel=\"canonical\" href=\"https:\/\/videstehnika.lv\/et\/katalogs\/darza-mebeles\/stryn-aluminija-darza-galds-125x71x30-cm\/\" \/>\n<meta property=\"og:locale\" content=\"et_EE\" \/>\n<meta property=\"og:type\" content=\"article\" \/>\n<meta property=\"og:title\" content=\"STRYN alum\u012bnija d\u0101rza galds 125x71x30 cm &#8226; Vides Tehnika\" \/>\n<meta property=\"og:description\" content=\"STRYN alum\u012bnija d\u0101rza galds 125x71x30 cm Materi\u0101ls: alum\u012bnijs Kr\u0101sa: balta Izm\u0113ri: 125x71x30 cm Svars: 12,7 kg\" \/>\n<meta property=\"og:url\" content=\"https:\/\/videstehnika.lv\/katalogs\/darza-mebeles\/stryn-aluminija-darza-galds-125x71x30-cm\/\" \/>\n<meta property=\"og:site_name\" content=\"Vides Tehnika\" \/>\n<meta property=\"og:image\" content=\"https:\/\/videstehnika.lv\/wp-content\/uploads\/2024\/07\/Screenshot-2024-07-25-150407.jpg\" \/>\n\t<meta property=\"og:image:width\" content=\"747\" \/>\n\t<meta property=\"og:image:height\" content=\"747\" \/>\n\t<meta property=\"og:image:type\" content=\"image\/jpeg\" \/>\n<meta name=\"twitter:card\" content=\"summary_large_image\" \/>\n<meta name=\"twitter:label1\" content=\"Est. reading time\" \/>\n\t<meta name=\"twitter:data1\" content=\"1 minut\" \/>\n<script type=\"application\/ld+json\" class=\"yoast-schema-graph\">{\"@context\":\"https:\/\/schema.org\",\"@graph\":[{\"@type\":\"WebPage\",\"@id\":\"https:\/\/videstehnika.lv\/katalogs\/darza-mebeles\/stryn-aluminija-darza-galds-125x71x30-cm\/\",\"url\":\"https:\/\/videstehnika.lv\/katalogs\/darza-mebeles\/stryn-aluminija-darza-galds-125x71x30-cm\/\",\"name\":\"STRYN alum\u012bnija d\u0101rza galds 125x71x30 cm &#8226; Vides Tehnika\",\"isPartOf\":{\"@id\":\"https:\/\/videstehnika.lv\/et\/#website\"},\"primaryImageOfPage\":{\"@id\":\"https:\/\/videstehnika.lv\/katalogs\/darza-mebeles\/stryn-aluminija-darza-galds-125x71x30-cm\/#primaryimage\"},\"image\":{\"@id\":\"https:\/\/videstehnika.lv\/katalogs\/darza-mebeles\/stryn-aluminija-darza-galds-125x71x30-cm\/#primaryimage\"},\"thumbnailUrl\":\"https:\/\/videstehnika.lv\/wp-content\/uploads\/2024\/07\/Screenshot-2024-07-25-150407.jpg\",\"datePublished\":\"2024-07-25T12:10:01+00:00\",\"dateModified\":\"2024-07-25T12:10:01+00:00\",\"breadcrumb\":{\"@id\":\"https:\/\/videstehnika.lv\/katalogs\/darza-mebeles\/stryn-aluminija-darza-galds-125x71x30-cm\/#breadcrumb\"},\"inLanguage\":\"et\",\"potentialAction\":[{\"@type\":\"ReadAction\",\"target\":[\"https:\/\/videstehnika.lv\/katalogs\/darza-mebeles\/stryn-aluminija-darza-galds-125x71x30-cm\/\"]}]},{\"@type\":\"ImageObject\",\"inLanguage\":\"et\",\"@id\":\"https:\/\/videstehnika.lv\/katalogs\/darza-mebeles\/stryn-aluminija-darza-galds-125x71x30-cm\/#primaryimage\",\"url\":\"https:\/\/videstehnika.lv\/wp-content\/uploads\/2024\/07\/Screenshot-2024-07-25-150407.jpg\",\"contentUrl\":\"https:\/\/videstehnika.lv\/wp-content\/uploads\/2024\/07\/Screenshot-2024-07-25-150407.jpg\",\"width\":747,\"height\":747},{\"@type\":\"BreadcrumbList\",\"@id\":\"https:\/\/videstehnika.lv\/katalogs\/darza-mebeles\/stryn-aluminija-darza-galds-125x71x30-cm\/#breadcrumb\",\"itemListElement\":[{\"@type\":\"ListItem\",\"position\":1,\"name\":\"Home\",\"item\":\"https:\/\/videstehnika.lv\/et\/\"},{\"@type\":\"ListItem\",\"position\":2,\"name\":\"Kataloog\",\"item\":\"https:\/\/videstehnika.lv\/et\/kataloog\/\"},{\"@type\":\"ListItem\",\"position\":3,\"name\":\"STRYN alum\u012bnija d\u0101rza galds 125x71x30 cm\"}]},{\"@type\":\"WebSite\",\"@id\":\"https:\/\/videstehnika.lv\/et\/#website\",\"url\":\"https:\/\/videstehnika.lv\/et\/\",\"name\":\"Vides Tehnika\",\"description\":\"\",\"potentialAction\":[{\"@type\":\"SearchAction\",\"target\":{\"@type\":\"EntryPoint\",\"urlTemplate\":\"https:\/\/videstehnika.lv\/et\/?s={search_term_string}\"},\"query-input\":{\"@type\":\"PropertyValueSpecification\",\"valueRequired\":true,\"valueName\":\"search_term_string\"}}],\"inLanguage\":\"et\"}]}<\/script>\n<!-- \/ Yoast SEO plugin. -->","yoast_head_json":{"title":"STRYN alum\u012bnija d\u0101rza galds 125x71x30 cm &#8226; Vides Tehnika","robots":{"index":"index","follow":"follow","max-snippet":"max-snippet:-1","max-image-preview":"max-image-preview:large","max-video-preview":"max-video-preview:-1"},"canonical":"https:\/\/videstehnika.lv\/et\/katalogs\/darza-mebeles\/stryn-aluminija-darza-galds-125x71x30-cm\/","og_locale":"et_EE","og_type":"article","og_title":"STRYN alum\u012bnija d\u0101rza galds 125x71x30 cm &#8226; Vides Tehnika","og_description":"STRYN alum\u012bnija d\u0101rza galds 125x71x30 cm Materi\u0101ls: alum\u012bnijs Kr\u0101sa: balta Izm\u0113ri: 125x71x30 cm Svars: 12,7 kg","og_url":"https:\/\/videstehnika.lv\/katalogs\/darza-mebeles\/stryn-aluminija-darza-galds-125x71x30-cm\/","og_site_name":"Vides Tehnika","og_image":[{"width":747,"height":747,"url":"https:\/\/videstehnika.lv\/wp-content\/uploads\/2024\/07\/Screenshot-2024-07-25-150407.jpg","type":"image\/jpeg"}],"twitter_card":"summary_large_image","twitter_misc":{"Est. reading time":"1 minut"},"schema":{"@context":"https:\/\/schema.org","@graph":[{"@type":"WebPage","@id":"https:\/\/videstehnika.lv\/katalogs\/darza-mebeles\/stryn-aluminija-darza-galds-125x71x30-cm\/","url":"https:\/\/videstehnika.lv\/katalogs\/darza-mebeles\/stryn-aluminija-darza-galds-125x71x30-cm\/","name":"STRYN alum\u012bnija d\u0101rza galds 125x71x30 cm &#8226; Vides Tehnika","isPartOf":{"@id":"https:\/\/videstehnika.lv\/et\/#website"},"primaryImageOfPage":{"@id":"https:\/\/videstehnika.lv\/katalogs\/darza-mebeles\/stryn-aluminija-darza-galds-125x71x30-cm\/#primaryimage"},"image":{"@id":"https:\/\/videstehnika.lv\/katalogs\/darza-mebeles\/stryn-aluminija-darza-galds-125x71x30-cm\/#primaryimage"},"thumbnailUrl":"https:\/\/videstehnika.lv\/wp-content\/uploads\/2024\/07\/Screenshot-2024-07-25-150407.jpg","datePublished":"2024-07-25T12:10:01+00:00","dateModified":"2024-07-25T12:10:01+00:00","breadcrumb":{"@id":"https:\/\/videstehnika.lv\/katalogs\/darza-mebeles\/stryn-aluminija-darza-galds-125x71x30-cm\/#breadcrumb"},"inLanguage":"et","potentialAction":[{"@type":"ReadAction","target":["https:\/\/videstehnika.lv\/katalogs\/darza-mebeles\/stryn-aluminija-darza-galds-125x71x30-cm\/"]}]},{"@type":"ImageObject","inLanguage":"et","@id":"https:\/\/videstehnika.lv\/katalogs\/darza-mebeles\/stryn-aluminija-darza-galds-125x71x30-cm\/#primaryimage","url":"https:\/\/videstehnika.lv\/wp-content\/uploads\/2024\/07\/Screenshot-2024-07-25-150407.jpg","contentUrl":"https:\/\/videstehnika.lv\/wp-content\/uploads\/2024\/07\/Screenshot-2024-07-25-150407.jpg","width":747,"height":747},{"@type":"BreadcrumbList","@id":"https:\/\/videstehnika.lv\/katalogs\/darza-mebeles\/stryn-aluminija-darza-galds-125x71x30-cm\/#breadcrumb","itemListElement":[{"@type":"ListItem","position":1,"name":"Home","item":"https:\/\/videstehnika.lv\/et\/"},{"@type":"ListItem","position":2,"name":"Kataloog","item":"https:\/\/videstehnika.lv\/et\/kataloog\/"},{"@type":"ListItem","position":3,"name":"STRYN alum\u012bnija d\u0101rza galds 125x71x30 cm"}]},{"@type":"WebSite","@id":"https:\/\/videstehnika.lv\/et\/#website","url":"https:\/\/videstehnika.lv\/et\/","name":"Vides Tehnika","description":"","potentialAction":[{"@type":"SearchAction","target":{"@type":"EntryPoint","urlTemplate":"https:\/\/videstehnika.lv\/et\/?s={search_term_string}"},"query-input":{"@type":"PropertyValueSpecification","valueRequired":true,"valueName":"search_term_string"}}],"inLanguage":"et"}]}},"_links":{"self":[{"href":"https:\/\/videstehnika.lv\/et\/wp-json\/wp\/v2\/product\/37543","targetHints":{"allow":["GET"]}}],"collection":[{"href":"https:\/\/videstehnika.lv\/et\/wp-json\/wp\/v2\/product"}],"about":[{"href":"https:\/\/videstehnika.lv\/et\/wp-json\/wp\/v2\/types\/product"}],"wp:featuredmedia":[{"embeddable":true,"href":"https:\/\/videstehnika.lv\/et\/wp-json\/wp\/v2\/media\/37544"}],"wp:attachment":[{"href":"https:\/\/videstehnika.lv\/et\/wp-json\/wp\/v2\/media?parent=37543"}],"wp:term":[{"taxonomy":"product_cat","embeddable":true,"href":"https:\/\/videstehnika.lv\/et\/wp-json\/wp\/v2\/product_cat?post=37543"},{"taxonomy":"product_tag","embeddable":true,"href":"https:\/\/videstehnika.lv\/et\/wp-json\/wp\/v2\/product_tag?post=37543"}],"curies":[{"name":"wp","href":"https:\/\/api.w.org\/{rel}","templated":true}]}}