{"id":37688,"date":"2024-07-26T10:44:46","date_gmt":"2024-07-26T07:44:46","guid":{"rendered":"https:\/\/videstehnika.lv\/?post_type=product&#038;p=37688"},"modified":"2024-10-09T17:49:46","modified_gmt":"2024-10-09T14:49:46","slug":"hamaca-plegable-boston-aluminija-salokami-darza-kresli-82x64x128-cm-dazadas-krasas","status":"publish","type":"product","link":"https:\/\/videstehnika.lv\/katalogs\/darza-mebeles\/hamaca-plegable-boston-aluminija-salokami-darza-kresli-82x64x128-cm-dazadas-krasas\/","title":{"rendered":"HAMACA Plegable Boston alum\u012bnija salok\u0101mi d\u0101rza kr\u0113sli 82x64x128 cm, da\u017e\u0101das kr\u0101sas"},"content":{"rendered":"<h2>HAMACA Plegable Boston alum\u012bnija salok\u0101mi d\u0101rza kr\u0113sli 82x64x128 cm, da\u017e\u0101das kr\u0101sas<\/h2>\n<p>Alum\u012bnija r\u0101mis<br \/>\nAugstums 81 cm<br \/>\nPlatums 64 cm<br \/>\nGarums 128 cm<\/p>\n","protected":false},"excerpt":{"rendered":"<p>HAMACA Plegable Boston alum\u012bnija salok\u0101mi d\u0101rza kr\u0113sli 82x64x128 cm, da\u017e\u0101das kr\u0101sas Alum\u012bnija r\u0101mis Augstums 81 cm Platums 64 cm Garums<\/p>\n","protected":false},"featured_media":37689,"template":"","meta":{"_acf_changed":false},"product_cat":[5295,5294],"product_tag":[],"class_list":{"0":"post-37688","1":"product","2":"type-product","3":"status-publish","4":"has-post-thumbnail","6":"product_cat-kresli","7":"product_cat-darza-mebeles","9":"first","10":"instock","11":"taxable","12":"shipping-taxable","13":"purchasable","14":"product-type-variable"},"acf":[],"yoast_head":"<!-- This site is optimized with the Yoast SEO plugin v24.2 - https:\/\/yoast.com\/wordpress\/plugins\/seo\/ -->\n<title>HAMACA Plegable Boston alum\u012bnija salok\u0101mi d\u0101rza kr\u0113sli 82x64x128 cm, da\u017e\u0101das kr\u0101sas &#8226; Vides Tehnika<\/title>\n<meta name=\"robots\" content=\"index, follow, max-snippet:-1, max-image-preview:large, max-video-preview:-1\" \/>\n<link rel=\"canonical\" href=\"https:\/\/videstehnika.lv\/et\/katalogs\/darza-mebeles\/hamaca-plegable-boston-aluminija-salokami-darza-kresli-82x64x128-cm-dazadas-krasas\/\" \/>\n<meta property=\"og:locale\" content=\"et_EE\" \/>\n<meta property=\"og:type\" content=\"article\" \/>\n<meta property=\"og:title\" content=\"HAMACA Plegable Boston alum\u012bnija salok\u0101mi d\u0101rza kr\u0113sli 82x64x128 cm, da\u017e\u0101das kr\u0101sas &#8226; Vides Tehnika\" \/>\n<meta property=\"og:description\" content=\"HAMACA Plegable Boston alum\u012bnija salok\u0101mi d\u0101rza kr\u0113sli 82x64x128 cm, da\u017e\u0101das kr\u0101sas Alum\u012bnija r\u0101mis Augstums 81 cm Platums 64 cm Garums\" \/>\n<meta property=\"og:url\" content=\"https:\/\/videstehnika.lv\/katalogs\/darza-mebeles\/hamaca-plegable-boston-aluminija-salokami-darza-kresli-82x64x128-cm-dazadas-krasas\/\" \/>\n<meta property=\"og:site_name\" content=\"Vides Tehnika\" \/>\n<meta property=\"article:modified_time\" content=\"2024-10-09T14:49:46+00:00\" \/>\n<meta property=\"og:image\" content=\"https:\/\/videstehnika.lv\/wp-content\/uploads\/2024\/07\/silla-popoki-sunset-1.png\" \/>\n\t<meta property=\"og:image:width\" content=\"565\" \/>\n\t<meta property=\"og:image:height\" content=\"565\" \/>\n\t<meta property=\"og:image:type\" content=\"image\/png\" \/>\n<meta name=\"twitter:card\" content=\"summary_large_image\" \/>\n<meta name=\"twitter:label1\" content=\"Est. reading time\" \/>\n\t<meta name=\"twitter:data1\" content=\"1 minut\" \/>\n<script type=\"application\/ld+json\" class=\"yoast-schema-graph\">{\"@context\":\"https:\/\/schema.org\",\"@graph\":[{\"@type\":\"WebPage\",\"@id\":\"https:\/\/videstehnika.lv\/katalogs\/darza-mebeles\/hamaca-plegable-boston-aluminija-salokami-darza-kresli-82x64x128-cm-dazadas-krasas\/\",\"url\":\"https:\/\/videstehnika.lv\/katalogs\/darza-mebeles\/hamaca-plegable-boston-aluminija-salokami-darza-kresli-82x64x128-cm-dazadas-krasas\/\",\"name\":\"HAMACA Plegable Boston alum\u012bnija salok\u0101mi d\u0101rza kr\u0113sli 82x64x128 cm, da\u017e\u0101das kr\u0101sas &#8226; Vides Tehnika\",\"isPartOf\":{\"@id\":\"https:\/\/videstehnika.lv\/et\/#website\"},\"primaryImageOfPage\":{\"@id\":\"https:\/\/videstehnika.lv\/katalogs\/darza-mebeles\/hamaca-plegable-boston-aluminija-salokami-darza-kresli-82x64x128-cm-dazadas-krasas\/#primaryimage\"},\"image\":{\"@id\":\"https:\/\/videstehnika.lv\/katalogs\/darza-mebeles\/hamaca-plegable-boston-aluminija-salokami-darza-kresli-82x64x128-cm-dazadas-krasas\/#primaryimage\"},\"thumbnailUrl\":\"https:\/\/videstehnika.lv\/wp-content\/uploads\/2024\/07\/silla-popoki-sunset-1.png\",\"datePublished\":\"2024-07-26T07:44:46+00:00\",\"dateModified\":\"2024-10-09T14:49:46+00:00\",\"breadcrumb\":{\"@id\":\"https:\/\/videstehnika.lv\/katalogs\/darza-mebeles\/hamaca-plegable-boston-aluminija-salokami-darza-kresli-82x64x128-cm-dazadas-krasas\/#breadcrumb\"},\"inLanguage\":\"et\",\"potentialAction\":[{\"@type\":\"ReadAction\",\"target\":[\"https:\/\/videstehnika.lv\/katalogs\/darza-mebeles\/hamaca-plegable-boston-aluminija-salokami-darza-kresli-82x64x128-cm-dazadas-krasas\/\"]}]},{\"@type\":\"ImageObject\",\"inLanguage\":\"et\",\"@id\":\"https:\/\/videstehnika.lv\/katalogs\/darza-mebeles\/hamaca-plegable-boston-aluminija-salokami-darza-kresli-82x64x128-cm-dazadas-krasas\/#primaryimage\",\"url\":\"https:\/\/videstehnika.lv\/wp-content\/uploads\/2024\/07\/silla-popoki-sunset-1.png\",\"contentUrl\":\"https:\/\/videstehnika.lv\/wp-content\/uploads\/2024\/07\/silla-popoki-sunset-1.png\",\"width\":565,\"height\":565},{\"@type\":\"BreadcrumbList\",\"@id\":\"https:\/\/videstehnika.lv\/katalogs\/darza-mebeles\/hamaca-plegable-boston-aluminija-salokami-darza-kresli-82x64x128-cm-dazadas-krasas\/#breadcrumb\",\"itemListElement\":[{\"@type\":\"ListItem\",\"position\":1,\"name\":\"Home\",\"item\":\"https:\/\/videstehnika.lv\/et\/\"},{\"@type\":\"ListItem\",\"position\":2,\"name\":\"Kataloog\",\"item\":\"https:\/\/videstehnika.lv\/et\/kataloog\/\"},{\"@type\":\"ListItem\",\"position\":3,\"name\":\"HAMACA Plegable Boston alum\u012bnija salok\u0101mi d\u0101rza kr\u0113sli 82x64x128 cm, da\u017e\u0101das kr\u0101sas\"}]},{\"@type\":\"WebSite\",\"@id\":\"https:\/\/videstehnika.lv\/et\/#website\",\"url\":\"https:\/\/videstehnika.lv\/et\/\",\"name\":\"Vides Tehnika\",\"description\":\"\",\"potentialAction\":[{\"@type\":\"SearchAction\",\"target\":{\"@type\":\"EntryPoint\",\"urlTemplate\":\"https:\/\/videstehnika.lv\/et\/?s={search_term_string}\"},\"query-input\":{\"@type\":\"PropertyValueSpecification\",\"valueRequired\":true,\"valueName\":\"search_term_string\"}}],\"inLanguage\":\"et\"}]}<\/script>\n<!-- \/ Yoast SEO plugin. -->","yoast_head_json":{"title":"HAMACA Plegable Boston alum\u012bnija salok\u0101mi d\u0101rza kr\u0113sli 82x64x128 cm, da\u017e\u0101das kr\u0101sas &#8226; Vides Tehnika","robots":{"index":"index","follow":"follow","max-snippet":"max-snippet:-1","max-image-preview":"max-image-preview:large","max-video-preview":"max-video-preview:-1"},"canonical":"https:\/\/videstehnika.lv\/et\/katalogs\/darza-mebeles\/hamaca-plegable-boston-aluminija-salokami-darza-kresli-82x64x128-cm-dazadas-krasas\/","og_locale":"et_EE","og_type":"article","og_title":"HAMACA Plegable Boston alum\u012bnija salok\u0101mi d\u0101rza kr\u0113sli 82x64x128 cm, da\u017e\u0101das kr\u0101sas &#8226; Vides Tehnika","og_description":"HAMACA Plegable Boston alum\u012bnija salok\u0101mi d\u0101rza kr\u0113sli 82x64x128 cm, da\u017e\u0101das kr\u0101sas Alum\u012bnija r\u0101mis Augstums 81 cm Platums 64 cm Garums","og_url":"https:\/\/videstehnika.lv\/katalogs\/darza-mebeles\/hamaca-plegable-boston-aluminija-salokami-darza-kresli-82x64x128-cm-dazadas-krasas\/","og_site_name":"Vides Tehnika","article_modified_time":"2024-10-09T14:49:46+00:00","og_image":[{"width":565,"height":565,"url":"https:\/\/videstehnika.lv\/wp-content\/uploads\/2024\/07\/silla-popoki-sunset-1.png","type":"image\/png"}],"twitter_card":"summary_large_image","twitter_misc":{"Est. reading time":"1 minut"},"schema":{"@context":"https:\/\/schema.org","@graph":[{"@type":"WebPage","@id":"https:\/\/videstehnika.lv\/katalogs\/darza-mebeles\/hamaca-plegable-boston-aluminija-salokami-darza-kresli-82x64x128-cm-dazadas-krasas\/","url":"https:\/\/videstehnika.lv\/katalogs\/darza-mebeles\/hamaca-plegable-boston-aluminija-salokami-darza-kresli-82x64x128-cm-dazadas-krasas\/","name":"HAMACA Plegable Boston alum\u012bnija salok\u0101mi d\u0101rza kr\u0113sli 82x64x128 cm, da\u017e\u0101das kr\u0101sas &#8226; Vides Tehnika","isPartOf":{"@id":"https:\/\/videstehnika.lv\/et\/#website"},"primaryImageOfPage":{"@id":"https:\/\/videstehnika.lv\/katalogs\/darza-mebeles\/hamaca-plegable-boston-aluminija-salokami-darza-kresli-82x64x128-cm-dazadas-krasas\/#primaryimage"},"image":{"@id":"https:\/\/videstehnika.lv\/katalogs\/darza-mebeles\/hamaca-plegable-boston-aluminija-salokami-darza-kresli-82x64x128-cm-dazadas-krasas\/#primaryimage"},"thumbnailUrl":"https:\/\/videstehnika.lv\/wp-content\/uploads\/2024\/07\/silla-popoki-sunset-1.png","datePublished":"2024-07-26T07:44:46+00:00","dateModified":"2024-10-09T14:49:46+00:00","breadcrumb":{"@id":"https:\/\/videstehnika.lv\/katalogs\/darza-mebeles\/hamaca-plegable-boston-aluminija-salokami-darza-kresli-82x64x128-cm-dazadas-krasas\/#breadcrumb"},"inLanguage":"et","potentialAction":[{"@type":"ReadAction","target":["https:\/\/videstehnika.lv\/katalogs\/darza-mebeles\/hamaca-plegable-boston-aluminija-salokami-darza-kresli-82x64x128-cm-dazadas-krasas\/"]}]},{"@type":"ImageObject","inLanguage":"et","@id":"https:\/\/videstehnika.lv\/katalogs\/darza-mebeles\/hamaca-plegable-boston-aluminija-salokami-darza-kresli-82x64x128-cm-dazadas-krasas\/#primaryimage","url":"https:\/\/videstehnika.lv\/wp-content\/uploads\/2024\/07\/silla-popoki-sunset-1.png","contentUrl":"https:\/\/videstehnika.lv\/wp-content\/uploads\/2024\/07\/silla-popoki-sunset-1.png","width":565,"height":565},{"@type":"BreadcrumbList","@id":"https:\/\/videstehnika.lv\/katalogs\/darza-mebeles\/hamaca-plegable-boston-aluminija-salokami-darza-kresli-82x64x128-cm-dazadas-krasas\/#breadcrumb","itemListElement":[{"@type":"ListItem","position":1,"name":"Home","item":"https:\/\/videstehnika.lv\/et\/"},{"@type":"ListItem","position":2,"name":"Kataloog","item":"https:\/\/videstehnika.lv\/et\/kataloog\/"},{"@type":"ListItem","position":3,"name":"HAMACA Plegable Boston alum\u012bnija salok\u0101mi d\u0101rza kr\u0113sli 82x64x128 cm, da\u017e\u0101das kr\u0101sas"}]},{"@type":"WebSite","@id":"https:\/\/videstehnika.lv\/et\/#website","url":"https:\/\/videstehnika.lv\/et\/","name":"Vides Tehnika","description":"","potentialAction":[{"@type":"SearchAction","target":{"@type":"EntryPoint","urlTemplate":"https:\/\/videstehnika.lv\/et\/?s={search_term_string}"},"query-input":{"@type":"PropertyValueSpecification","valueRequired":true,"valueName":"search_term_string"}}],"inLanguage":"et"}]}},"_links":{"self":[{"href":"https:\/\/videstehnika.lv\/et\/wp-json\/wp\/v2\/product\/37688","targetHints":{"allow":["GET"]}}],"collection":[{"href":"https:\/\/videstehnika.lv\/et\/wp-json\/wp\/v2\/product"}],"about":[{"href":"https:\/\/videstehnika.lv\/et\/wp-json\/wp\/v2\/types\/product"}],"wp:featuredmedia":[{"embeddable":true,"href":"https:\/\/videstehnika.lv\/et\/wp-json\/wp\/v2\/media\/37689"}],"wp:attachment":[{"href":"https:\/\/videstehnika.lv\/et\/wp-json\/wp\/v2\/media?parent=37688"}],"wp:term":[{"taxonomy":"product_cat","embeddable":true,"href":"https:\/\/videstehnika.lv\/et\/wp-json\/wp\/v2\/product_cat?post=37688"},{"taxonomy":"product_tag","embeddable":true,"href":"https:\/\/videstehnika.lv\/et\/wp-json\/wp\/v2\/product_tag?post=37688"}],"curies":[{"name":"wp","href":"https:\/\/api.w.org\/{rel}","templated":true}]}}