{"id":37903,"date":"2024-07-26T13:53:43","date_gmt":"2024-07-26T10:53:43","guid":{"rendered":"https:\/\/videstehnika.lv\/?post_type=product&#038;p=37903"},"modified":"2024-07-26T13:57:06","modified_gmt":"2024-07-26T10:57:06","slug":"aluminija-darza-galds-melns-90x220x74-cm-copy","status":"publish","type":"product","link":"https:\/\/videstehnika.lv\/katalogs\/darza-mebeles\/aluminija-darza-galds-melns-90x220x74-cm-copy\/","title":{"rendered":"Alum\u012bnija d\u0101rza galds, melns, 90\u00d7220\u00d774 cm"},"content":{"rendered":"<h2>Alum\u012bnija d\u0101rza galds, melns, 90\u00d7220\u00d774 cm<\/h2>\n<p>Taisnst\u016bra galda modelis.<br \/>\nMelnas kr\u0101sas alum\u012bnija r\u0101mis ar melnu virsmu un r\u016bd\u012btu stiklu.<br \/>\nIzm\u0113ri 90 \u00d7 220 \u00d7 74 cm<br \/>\nSvars 47kg<\/p>\n","protected":false},"excerpt":{"rendered":"<p>Alum\u012bnija d\u0101rza galds, melns, 90\u00d7220\u00d774 cm Taisnst\u016bra galda modelis. Melnas kr\u0101sas alum\u012bnija r\u0101mis ar melnu virsmu un r\u016bd\u012btu stiklu. Izm\u0113ri<\/p>\n","protected":false},"featured_media":37909,"template":"","meta":{"_acf_changed":false},"product_cat":[5294,5296],"product_tag":[],"class_list":{"0":"post-37903","1":"product","2":"type-product","3":"status-publish","4":"has-post-thumbnail","6":"product_cat-darza-mebeles","7":"product_cat-galdi","9":"first","10":"instock","11":"taxable","12":"shipping-taxable","13":"purchasable","14":"product-type-simple"},"acf":[],"yoast_head":"<!-- This site is optimized with the Yoast SEO plugin v24.2 - https:\/\/yoast.com\/wordpress\/plugins\/seo\/ -->\n<title>Alum\u012bnija d\u0101rza galds, melns, 90\u00d7220\u00d774 cm &#8226; Vides Tehnika<\/title>\n<meta name=\"robots\" content=\"index, follow, max-snippet:-1, max-image-preview:large, max-video-preview:-1\" \/>\n<link rel=\"canonical\" href=\"https:\/\/videstehnika.lv\/et\/katalogs\/darza-mebeles\/aluminija-darza-galds-melns-90x220x74-cm-copy\/\" \/>\n<meta property=\"og:locale\" content=\"et_EE\" \/>\n<meta property=\"og:type\" content=\"article\" \/>\n<meta property=\"og:title\" content=\"Alum\u012bnija d\u0101rza galds, melns, 90\u00d7220\u00d774 cm &#8226; Vides Tehnika\" \/>\n<meta property=\"og:description\" content=\"Alum\u012bnija d\u0101rza galds, melns, 90\u00d7220\u00d774 cm Taisnst\u016bra galda modelis. Melnas kr\u0101sas alum\u012bnija r\u0101mis ar melnu virsmu un r\u016bd\u012btu stiklu. Izm\u0113ri\" \/>\n<meta property=\"og:url\" content=\"https:\/\/videstehnika.lv\/katalogs\/darza-mebeles\/aluminija-darza-galds-melns-90x220x74-cm-copy\/\" \/>\n<meta property=\"og:site_name\" content=\"Vides Tehnika\" \/>\n<meta property=\"article:modified_time\" content=\"2024-07-26T10:57:06+00:00\" \/>\n<meta property=\"og:image\" content=\"https:\/\/videstehnika.lv\/wp-content\/uploads\/2024\/07\/Screenshot-2024-07-26-135429.jpg\" \/>\n\t<meta property=\"og:image:width\" content=\"753\" \/>\n\t<meta property=\"og:image:height\" content=\"587\" \/>\n\t<meta property=\"og:image:type\" content=\"image\/jpeg\" \/>\n<meta name=\"twitter:card\" content=\"summary_large_image\" \/>\n<meta name=\"twitter:label1\" content=\"Est. reading time\" \/>\n\t<meta name=\"twitter:data1\" content=\"1 minut\" \/>\n<script type=\"application\/ld+json\" class=\"yoast-schema-graph\">{\"@context\":\"https:\/\/schema.org\",\"@graph\":[{\"@type\":\"WebPage\",\"@id\":\"https:\/\/videstehnika.lv\/katalogs\/darza-mebeles\/aluminija-darza-galds-melns-90x220x74-cm-copy\/\",\"url\":\"https:\/\/videstehnika.lv\/katalogs\/darza-mebeles\/aluminija-darza-galds-melns-90x220x74-cm-copy\/\",\"name\":\"Alum\u012bnija d\u0101rza galds, melns, 90\u00d7220\u00d774 cm &#8226; Vides Tehnika\",\"isPartOf\":{\"@id\":\"https:\/\/videstehnika.lv\/et\/#website\"},\"primaryImageOfPage\":{\"@id\":\"https:\/\/videstehnika.lv\/katalogs\/darza-mebeles\/aluminija-darza-galds-melns-90x220x74-cm-copy\/#primaryimage\"},\"image\":{\"@id\":\"https:\/\/videstehnika.lv\/katalogs\/darza-mebeles\/aluminija-darza-galds-melns-90x220x74-cm-copy\/#primaryimage\"},\"thumbnailUrl\":\"https:\/\/videstehnika.lv\/wp-content\/uploads\/2024\/07\/Screenshot-2024-07-26-135429.jpg\",\"datePublished\":\"2024-07-26T10:53:43+00:00\",\"dateModified\":\"2024-07-26T10:57:06+00:00\",\"breadcrumb\":{\"@id\":\"https:\/\/videstehnika.lv\/katalogs\/darza-mebeles\/aluminija-darza-galds-melns-90x220x74-cm-copy\/#breadcrumb\"},\"inLanguage\":\"et\",\"potentialAction\":[{\"@type\":\"ReadAction\",\"target\":[\"https:\/\/videstehnika.lv\/katalogs\/darza-mebeles\/aluminija-darza-galds-melns-90x220x74-cm-copy\/\"]}]},{\"@type\":\"ImageObject\",\"inLanguage\":\"et\",\"@id\":\"https:\/\/videstehnika.lv\/katalogs\/darza-mebeles\/aluminija-darza-galds-melns-90x220x74-cm-copy\/#primaryimage\",\"url\":\"https:\/\/videstehnika.lv\/wp-content\/uploads\/2024\/07\/Screenshot-2024-07-26-135429.jpg\",\"contentUrl\":\"https:\/\/videstehnika.lv\/wp-content\/uploads\/2024\/07\/Screenshot-2024-07-26-135429.jpg\",\"width\":753,\"height\":587},{\"@type\":\"BreadcrumbList\",\"@id\":\"https:\/\/videstehnika.lv\/katalogs\/darza-mebeles\/aluminija-darza-galds-melns-90x220x74-cm-copy\/#breadcrumb\",\"itemListElement\":[{\"@type\":\"ListItem\",\"position\":1,\"name\":\"Home\",\"item\":\"https:\/\/videstehnika.lv\/et\/\"},{\"@type\":\"ListItem\",\"position\":2,\"name\":\"Kataloog\",\"item\":\"https:\/\/videstehnika.lv\/et\/kataloog\/\"},{\"@type\":\"ListItem\",\"position\":3,\"name\":\"Alum\u012bnija d\u0101rza galds, melns, 90\u00d7220\u00d774 cm\"}]},{\"@type\":\"WebSite\",\"@id\":\"https:\/\/videstehnika.lv\/et\/#website\",\"url\":\"https:\/\/videstehnika.lv\/et\/\",\"name\":\"Vides Tehnika\",\"description\":\"\",\"potentialAction\":[{\"@type\":\"SearchAction\",\"target\":{\"@type\":\"EntryPoint\",\"urlTemplate\":\"https:\/\/videstehnika.lv\/et\/?s={search_term_string}\"},\"query-input\":{\"@type\":\"PropertyValueSpecification\",\"valueRequired\":true,\"valueName\":\"search_term_string\"}}],\"inLanguage\":\"et\"}]}<\/script>\n<!-- \/ Yoast SEO plugin. -->","yoast_head_json":{"title":"Alum\u012bnija d\u0101rza galds, melns, 90\u00d7220\u00d774 cm &#8226; Vides Tehnika","robots":{"index":"index","follow":"follow","max-snippet":"max-snippet:-1","max-image-preview":"max-image-preview:large","max-video-preview":"max-video-preview:-1"},"canonical":"https:\/\/videstehnika.lv\/et\/katalogs\/darza-mebeles\/aluminija-darza-galds-melns-90x220x74-cm-copy\/","og_locale":"et_EE","og_type":"article","og_title":"Alum\u012bnija d\u0101rza galds, melns, 90\u00d7220\u00d774 cm &#8226; Vides Tehnika","og_description":"Alum\u012bnija d\u0101rza galds, melns, 90\u00d7220\u00d774 cm Taisnst\u016bra galda modelis. Melnas kr\u0101sas alum\u012bnija r\u0101mis ar melnu virsmu un r\u016bd\u012btu stiklu. Izm\u0113ri","og_url":"https:\/\/videstehnika.lv\/katalogs\/darza-mebeles\/aluminija-darza-galds-melns-90x220x74-cm-copy\/","og_site_name":"Vides Tehnika","article_modified_time":"2024-07-26T10:57:06+00:00","og_image":[{"width":753,"height":587,"url":"https:\/\/videstehnika.lv\/wp-content\/uploads\/2024\/07\/Screenshot-2024-07-26-135429.jpg","type":"image\/jpeg"}],"twitter_card":"summary_large_image","twitter_misc":{"Est. reading time":"1 minut"},"schema":{"@context":"https:\/\/schema.org","@graph":[{"@type":"WebPage","@id":"https:\/\/videstehnika.lv\/katalogs\/darza-mebeles\/aluminija-darza-galds-melns-90x220x74-cm-copy\/","url":"https:\/\/videstehnika.lv\/katalogs\/darza-mebeles\/aluminija-darza-galds-melns-90x220x74-cm-copy\/","name":"Alum\u012bnija d\u0101rza galds, melns, 90\u00d7220\u00d774 cm &#8226; Vides Tehnika","isPartOf":{"@id":"https:\/\/videstehnika.lv\/et\/#website"},"primaryImageOfPage":{"@id":"https:\/\/videstehnika.lv\/katalogs\/darza-mebeles\/aluminija-darza-galds-melns-90x220x74-cm-copy\/#primaryimage"},"image":{"@id":"https:\/\/videstehnika.lv\/katalogs\/darza-mebeles\/aluminija-darza-galds-melns-90x220x74-cm-copy\/#primaryimage"},"thumbnailUrl":"https:\/\/videstehnika.lv\/wp-content\/uploads\/2024\/07\/Screenshot-2024-07-26-135429.jpg","datePublished":"2024-07-26T10:53:43+00:00","dateModified":"2024-07-26T10:57:06+00:00","breadcrumb":{"@id":"https:\/\/videstehnika.lv\/katalogs\/darza-mebeles\/aluminija-darza-galds-melns-90x220x74-cm-copy\/#breadcrumb"},"inLanguage":"et","potentialAction":[{"@type":"ReadAction","target":["https:\/\/videstehnika.lv\/katalogs\/darza-mebeles\/aluminija-darza-galds-melns-90x220x74-cm-copy\/"]}]},{"@type":"ImageObject","inLanguage":"et","@id":"https:\/\/videstehnika.lv\/katalogs\/darza-mebeles\/aluminija-darza-galds-melns-90x220x74-cm-copy\/#primaryimage","url":"https:\/\/videstehnika.lv\/wp-content\/uploads\/2024\/07\/Screenshot-2024-07-26-135429.jpg","contentUrl":"https:\/\/videstehnika.lv\/wp-content\/uploads\/2024\/07\/Screenshot-2024-07-26-135429.jpg","width":753,"height":587},{"@type":"BreadcrumbList","@id":"https:\/\/videstehnika.lv\/katalogs\/darza-mebeles\/aluminija-darza-galds-melns-90x220x74-cm-copy\/#breadcrumb","itemListElement":[{"@type":"ListItem","position":1,"name":"Home","item":"https:\/\/videstehnika.lv\/et\/"},{"@type":"ListItem","position":2,"name":"Kataloog","item":"https:\/\/videstehnika.lv\/et\/kataloog\/"},{"@type":"ListItem","position":3,"name":"Alum\u012bnija d\u0101rza galds, melns, 90\u00d7220\u00d774 cm"}]},{"@type":"WebSite","@id":"https:\/\/videstehnika.lv\/et\/#website","url":"https:\/\/videstehnika.lv\/et\/","name":"Vides Tehnika","description":"","potentialAction":[{"@type":"SearchAction","target":{"@type":"EntryPoint","urlTemplate":"https:\/\/videstehnika.lv\/et\/?s={search_term_string}"},"query-input":{"@type":"PropertyValueSpecification","valueRequired":true,"valueName":"search_term_string"}}],"inLanguage":"et"}]}},"_links":{"self":[{"href":"https:\/\/videstehnika.lv\/et\/wp-json\/wp\/v2\/product\/37903","targetHints":{"allow":["GET"]}}],"collection":[{"href":"https:\/\/videstehnika.lv\/et\/wp-json\/wp\/v2\/product"}],"about":[{"href":"https:\/\/videstehnika.lv\/et\/wp-json\/wp\/v2\/types\/product"}],"wp:featuredmedia":[{"embeddable":true,"href":"https:\/\/videstehnika.lv\/et\/wp-json\/wp\/v2\/media\/37909"}],"wp:attachment":[{"href":"https:\/\/videstehnika.lv\/et\/wp-json\/wp\/v2\/media?parent=37903"}],"wp:term":[{"taxonomy":"product_cat","embeddable":true,"href":"https:\/\/videstehnika.lv\/et\/wp-json\/wp\/v2\/product_cat?post=37903"},{"taxonomy":"product_tag","embeddable":true,"href":"https:\/\/videstehnika.lv\/et\/wp-json\/wp\/v2\/product_tag?post=37903"}],"curies":[{"name":"wp","href":"https:\/\/api.w.org\/{rel}","templated":true}]}}