{"id":37924,"date":"2024-07-26T14:06:44","date_gmt":"2024-07-26T11:06:44","guid":{"rendered":"https:\/\/videstehnika.lv\/?post_type=product&#038;p=37924"},"modified":"2024-07-26T14:16:36","modified_gmt":"2024-07-26T11:16:36","slug":"izvelkams-aluminija-darza-galds-balts-ar-gaisi-peleku-virsmu-100x200x76-cm","status":"publish","type":"product","link":"https:\/\/videstehnika.lv\/katalogs\/darza-mebeles\/izvelkams-aluminija-darza-galds-balts-ar-gaisi-peleku-virsmu-100x200x76-cm\/","title":{"rendered":"Izvelkams alum\u012bnija darza galds, balts ar gai\u0161i pel\u0113ku virsmu, 100x200x76 cm"},"content":{"rendered":"<h2>Izvelkams alum\u012bnija darza galds, balts ar gai\u0161i pel\u0113ku virsmu, 100x200x76 cm<\/h2>\n<p>Izvelkama taisnst\u016bra galda modelis.<br \/>\nBalta alum\u012bnija konstrukcija un gai\u0161i pel\u0113ka r\u016bd\u012bta stikla darba virsma.<br \/>\nManu\u0101la atv\u0113r\u0161anas sist\u0113ma.<br \/>\nIzm\u0113ri 100 \u00d7 200 \u00d7 76 cm<br \/>\nIzm\u0113ri izvilkt\u0101 veid\u0101 100 \u00d7 300 \u00d7 76 cm<br \/>\nSvars 58kg<\/p>\n","protected":false},"excerpt":{"rendered":"<p>Izvelkams alum\u012bnija darza galds, balts ar gai\u0161i pel\u0113ku virsmu, 100x200x76 cm Izvelkama taisnst\u016bra galda modelis. Balta alum\u012bnija konstrukcija un gai\u0161i<\/p>\n","protected":false},"featured_media":37925,"template":"","meta":{"_acf_changed":false},"product_cat":[5294,5296],"product_tag":[],"class_list":{"0":"post-37924","1":"product","2":"type-product","3":"status-publish","4":"has-post-thumbnail","6":"product_cat-darza-mebeles","7":"product_cat-galdi","9":"first","10":"instock","11":"taxable","12":"shipping-taxable","13":"purchasable","14":"product-type-simple"},"acf":[],"yoast_head":"<!-- This site is optimized with the Yoast SEO plugin v24.2 - https:\/\/yoast.com\/wordpress\/plugins\/seo\/ -->\n<title>Izvelkams alum\u012bnija darza galds, balts ar gai\u0161i pel\u0113ku virsmu, 100x200x76 cm &#8226; Vides Tehnika<\/title>\n<meta name=\"robots\" content=\"index, follow, max-snippet:-1, max-image-preview:large, max-video-preview:-1\" \/>\n<link rel=\"canonical\" href=\"https:\/\/videstehnika.lv\/et\/katalogs\/darza-mebeles\/izvelkams-aluminija-darza-galds-balts-ar-gaisi-peleku-virsmu-100x200x76-cm\/\" \/>\n<meta property=\"og:locale\" content=\"et_EE\" \/>\n<meta property=\"og:type\" content=\"article\" \/>\n<meta property=\"og:title\" content=\"Izvelkams alum\u012bnija darza galds, balts ar gai\u0161i pel\u0113ku virsmu, 100x200x76 cm &#8226; Vides Tehnika\" \/>\n<meta property=\"og:description\" content=\"Izvelkams alum\u012bnija darza galds, balts ar gai\u0161i pel\u0113ku virsmu, 100x200x76 cm Izvelkama taisnst\u016bra galda modelis. Balta alum\u012bnija konstrukcija un gai\u0161i\" \/>\n<meta property=\"og:url\" content=\"https:\/\/videstehnika.lv\/katalogs\/darza-mebeles\/izvelkams-aluminija-darza-galds-balts-ar-gaisi-peleku-virsmu-100x200x76-cm\/\" \/>\n<meta property=\"og:site_name\" content=\"Vides Tehnika\" \/>\n<meta property=\"article:modified_time\" content=\"2024-07-26T11:16:36+00:00\" \/>\n<meta property=\"og:image\" content=\"https:\/\/videstehnika.lv\/wp-content\/uploads\/2024\/07\/Screenshot-2024-07-26-135952.jpg\" \/>\n\t<meta property=\"og:image:width\" content=\"1457\" \/>\n\t<meta property=\"og:image:height\" content=\"737\" \/>\n\t<meta property=\"og:image:type\" content=\"image\/jpeg\" \/>\n<meta name=\"twitter:card\" content=\"summary_large_image\" \/>\n<meta name=\"twitter:label1\" content=\"Est. reading time\" \/>\n\t<meta name=\"twitter:data1\" content=\"1 minut\" \/>\n<script type=\"application\/ld+json\" class=\"yoast-schema-graph\">{\"@context\":\"https:\/\/schema.org\",\"@graph\":[{\"@type\":\"WebPage\",\"@id\":\"https:\/\/videstehnika.lv\/katalogs\/darza-mebeles\/izvelkams-aluminija-darza-galds-balts-ar-gaisi-peleku-virsmu-100x200x76-cm\/\",\"url\":\"https:\/\/videstehnika.lv\/katalogs\/darza-mebeles\/izvelkams-aluminija-darza-galds-balts-ar-gaisi-peleku-virsmu-100x200x76-cm\/\",\"name\":\"Izvelkams alum\u012bnija darza galds, balts ar gai\u0161i pel\u0113ku virsmu, 100x200x76 cm &#8226; Vides Tehnika\",\"isPartOf\":{\"@id\":\"https:\/\/videstehnika.lv\/et\/#website\"},\"primaryImageOfPage\":{\"@id\":\"https:\/\/videstehnika.lv\/katalogs\/darza-mebeles\/izvelkams-aluminija-darza-galds-balts-ar-gaisi-peleku-virsmu-100x200x76-cm\/#primaryimage\"},\"image\":{\"@id\":\"https:\/\/videstehnika.lv\/katalogs\/darza-mebeles\/izvelkams-aluminija-darza-galds-balts-ar-gaisi-peleku-virsmu-100x200x76-cm\/#primaryimage\"},\"thumbnailUrl\":\"https:\/\/videstehnika.lv\/wp-content\/uploads\/2024\/07\/Screenshot-2024-07-26-135952.jpg\",\"datePublished\":\"2024-07-26T11:06:44+00:00\",\"dateModified\":\"2024-07-26T11:16:36+00:00\",\"breadcrumb\":{\"@id\":\"https:\/\/videstehnika.lv\/katalogs\/darza-mebeles\/izvelkams-aluminija-darza-galds-balts-ar-gaisi-peleku-virsmu-100x200x76-cm\/#breadcrumb\"},\"inLanguage\":\"et\",\"potentialAction\":[{\"@type\":\"ReadAction\",\"target\":[\"https:\/\/videstehnika.lv\/katalogs\/darza-mebeles\/izvelkams-aluminija-darza-galds-balts-ar-gaisi-peleku-virsmu-100x200x76-cm\/\"]}]},{\"@type\":\"ImageObject\",\"inLanguage\":\"et\",\"@id\":\"https:\/\/videstehnika.lv\/katalogs\/darza-mebeles\/izvelkams-aluminija-darza-galds-balts-ar-gaisi-peleku-virsmu-100x200x76-cm\/#primaryimage\",\"url\":\"https:\/\/videstehnika.lv\/wp-content\/uploads\/2024\/07\/Screenshot-2024-07-26-135952.jpg\",\"contentUrl\":\"https:\/\/videstehnika.lv\/wp-content\/uploads\/2024\/07\/Screenshot-2024-07-26-135952.jpg\",\"width\":1457,\"height\":737},{\"@type\":\"BreadcrumbList\",\"@id\":\"https:\/\/videstehnika.lv\/katalogs\/darza-mebeles\/izvelkams-aluminija-darza-galds-balts-ar-gaisi-peleku-virsmu-100x200x76-cm\/#breadcrumb\",\"itemListElement\":[{\"@type\":\"ListItem\",\"position\":1,\"name\":\"Home\",\"item\":\"https:\/\/videstehnika.lv\/et\/\"},{\"@type\":\"ListItem\",\"position\":2,\"name\":\"Kataloog\",\"item\":\"https:\/\/videstehnika.lv\/et\/kataloog\/\"},{\"@type\":\"ListItem\",\"position\":3,\"name\":\"Izvelkams alum\u012bnija darza galds, balts ar gai\u0161i pel\u0113ku virsmu, 100x200x76 cm\"}]},{\"@type\":\"WebSite\",\"@id\":\"https:\/\/videstehnika.lv\/et\/#website\",\"url\":\"https:\/\/videstehnika.lv\/et\/\",\"name\":\"Vides Tehnika\",\"description\":\"\",\"potentialAction\":[{\"@type\":\"SearchAction\",\"target\":{\"@type\":\"EntryPoint\",\"urlTemplate\":\"https:\/\/videstehnika.lv\/et\/?s={search_term_string}\"},\"query-input\":{\"@type\":\"PropertyValueSpecification\",\"valueRequired\":true,\"valueName\":\"search_term_string\"}}],\"inLanguage\":\"et\"}]}<\/script>\n<!-- \/ Yoast SEO plugin. -->","yoast_head_json":{"title":"Izvelkams alum\u012bnija darza galds, balts ar gai\u0161i pel\u0113ku virsmu, 100x200x76 cm &#8226; Vides Tehnika","robots":{"index":"index","follow":"follow","max-snippet":"max-snippet:-1","max-image-preview":"max-image-preview:large","max-video-preview":"max-video-preview:-1"},"canonical":"https:\/\/videstehnika.lv\/et\/katalogs\/darza-mebeles\/izvelkams-aluminija-darza-galds-balts-ar-gaisi-peleku-virsmu-100x200x76-cm\/","og_locale":"et_EE","og_type":"article","og_title":"Izvelkams alum\u012bnija darza galds, balts ar gai\u0161i pel\u0113ku virsmu, 100x200x76 cm &#8226; Vides Tehnika","og_description":"Izvelkams alum\u012bnija darza galds, balts ar gai\u0161i pel\u0113ku virsmu, 100x200x76 cm Izvelkama taisnst\u016bra galda modelis. Balta alum\u012bnija konstrukcija un gai\u0161i","og_url":"https:\/\/videstehnika.lv\/katalogs\/darza-mebeles\/izvelkams-aluminija-darza-galds-balts-ar-gaisi-peleku-virsmu-100x200x76-cm\/","og_site_name":"Vides Tehnika","article_modified_time":"2024-07-26T11:16:36+00:00","og_image":[{"width":1457,"height":737,"url":"https:\/\/videstehnika.lv\/wp-content\/uploads\/2024\/07\/Screenshot-2024-07-26-135952.jpg","type":"image\/jpeg"}],"twitter_card":"summary_large_image","twitter_misc":{"Est. reading time":"1 minut"},"schema":{"@context":"https:\/\/schema.org","@graph":[{"@type":"WebPage","@id":"https:\/\/videstehnika.lv\/katalogs\/darza-mebeles\/izvelkams-aluminija-darza-galds-balts-ar-gaisi-peleku-virsmu-100x200x76-cm\/","url":"https:\/\/videstehnika.lv\/katalogs\/darza-mebeles\/izvelkams-aluminija-darza-galds-balts-ar-gaisi-peleku-virsmu-100x200x76-cm\/","name":"Izvelkams alum\u012bnija darza galds, balts ar gai\u0161i pel\u0113ku virsmu, 100x200x76 cm &#8226; Vides Tehnika","isPartOf":{"@id":"https:\/\/videstehnika.lv\/et\/#website"},"primaryImageOfPage":{"@id":"https:\/\/videstehnika.lv\/katalogs\/darza-mebeles\/izvelkams-aluminija-darza-galds-balts-ar-gaisi-peleku-virsmu-100x200x76-cm\/#primaryimage"},"image":{"@id":"https:\/\/videstehnika.lv\/katalogs\/darza-mebeles\/izvelkams-aluminija-darza-galds-balts-ar-gaisi-peleku-virsmu-100x200x76-cm\/#primaryimage"},"thumbnailUrl":"https:\/\/videstehnika.lv\/wp-content\/uploads\/2024\/07\/Screenshot-2024-07-26-135952.jpg","datePublished":"2024-07-26T11:06:44+00:00","dateModified":"2024-07-26T11:16:36+00:00","breadcrumb":{"@id":"https:\/\/videstehnika.lv\/katalogs\/darza-mebeles\/izvelkams-aluminija-darza-galds-balts-ar-gaisi-peleku-virsmu-100x200x76-cm\/#breadcrumb"},"inLanguage":"et","potentialAction":[{"@type":"ReadAction","target":["https:\/\/videstehnika.lv\/katalogs\/darza-mebeles\/izvelkams-aluminija-darza-galds-balts-ar-gaisi-peleku-virsmu-100x200x76-cm\/"]}]},{"@type":"ImageObject","inLanguage":"et","@id":"https:\/\/videstehnika.lv\/katalogs\/darza-mebeles\/izvelkams-aluminija-darza-galds-balts-ar-gaisi-peleku-virsmu-100x200x76-cm\/#primaryimage","url":"https:\/\/videstehnika.lv\/wp-content\/uploads\/2024\/07\/Screenshot-2024-07-26-135952.jpg","contentUrl":"https:\/\/videstehnika.lv\/wp-content\/uploads\/2024\/07\/Screenshot-2024-07-26-135952.jpg","width":1457,"height":737},{"@type":"BreadcrumbList","@id":"https:\/\/videstehnika.lv\/katalogs\/darza-mebeles\/izvelkams-aluminija-darza-galds-balts-ar-gaisi-peleku-virsmu-100x200x76-cm\/#breadcrumb","itemListElement":[{"@type":"ListItem","position":1,"name":"Home","item":"https:\/\/videstehnika.lv\/et\/"},{"@type":"ListItem","position":2,"name":"Kataloog","item":"https:\/\/videstehnika.lv\/et\/kataloog\/"},{"@type":"ListItem","position":3,"name":"Izvelkams alum\u012bnija darza galds, balts ar gai\u0161i pel\u0113ku virsmu, 100x200x76 cm"}]},{"@type":"WebSite","@id":"https:\/\/videstehnika.lv\/et\/#website","url":"https:\/\/videstehnika.lv\/et\/","name":"Vides Tehnika","description":"","potentialAction":[{"@type":"SearchAction","target":{"@type":"EntryPoint","urlTemplate":"https:\/\/videstehnika.lv\/et\/?s={search_term_string}"},"query-input":{"@type":"PropertyValueSpecification","valueRequired":true,"valueName":"search_term_string"}}],"inLanguage":"et"}]}},"_links":{"self":[{"href":"https:\/\/videstehnika.lv\/et\/wp-json\/wp\/v2\/product\/37924","targetHints":{"allow":["GET"]}}],"collection":[{"href":"https:\/\/videstehnika.lv\/et\/wp-json\/wp\/v2\/product"}],"about":[{"href":"https:\/\/videstehnika.lv\/et\/wp-json\/wp\/v2\/types\/product"}],"wp:featuredmedia":[{"embeddable":true,"href":"https:\/\/videstehnika.lv\/et\/wp-json\/wp\/v2\/media\/37925"}],"wp:attachment":[{"href":"https:\/\/videstehnika.lv\/et\/wp-json\/wp\/v2\/media?parent=37924"}],"wp:term":[{"taxonomy":"product_cat","embeddable":true,"href":"https:\/\/videstehnika.lv\/et\/wp-json\/wp\/v2\/product_cat?post=37924"},{"taxonomy":"product_tag","embeddable":true,"href":"https:\/\/videstehnika.lv\/et\/wp-json\/wp\/v2\/product_tag?post=37924"}],"curies":[{"name":"wp","href":"https:\/\/api.w.org\/{rel}","templated":true}]}}