{"id":38125,"date":"2024-08-01T14:08:39","date_gmt":"2024-08-01T11:08:39","guid":{"rendered":"https:\/\/videstehnika.lv\/?post_type=product&#038;p=38125"},"modified":"2025-11-20T14:34:57","modified_gmt":"2025-11-20T12:34:57","slug":"ardex-x78-microtec-elastiga-flizu-lime-gridam","status":"publish","type":"product","link":"https:\/\/videstehnika.lv\/katalogs\/buvmateriali-buvei-remontam-un-ieksdarbiem\/sausie-maisijumi-ara-darbiem-un-ieksdarbiem\/flizu-limes-uz-cementa-bazes\/ardex-x78-microtec-elastiga-flizu-lime-gridam\/","title":{"rendered":"ARDEX X78 MICROTEC elast\u012bga fl\u012b\u017eu l\u012bme gr\u012bd\u0101m"},"content":{"rendered":"<h2>&#8220;ARDEX X78 MICROTEC&#8221; elast\u012bga fl\u012b\u017eu l\u012bme gr\u012bd\u0101m<\/h2>\n<p>Elast\u012bg\u0101 fl\u012b\u017eu l\u012bme gr\u012bd\u0101m ARDEX X78 MICROTEC ar divreiz liel\u0101ku atv\u0113rto l\u012bmes laiku, piln\u012bb\u0101 nokl\u0101j l\u012bm\u0113jam\u0101s fl\u012bzes aizmugur\u0113jo virsmu, nemainot l\u012bmes konsistenci. Pateicoties speci\u0101l\u0101m piedev\u0101m ilgsto\u0161i saglab\u0101 savas \u012bpa\u0161\u012bbas un nenoveco laika apst\u0101k\u013cu ietekm\u0113. Uzkl\u0101\u0161anai pl\u0101n\u0101 k\u0101rt\u0101 (l\u012bdz 5 mm). \u012apa\u0161i piem\u0113rota gr\u012bdas fl\u012bz\u0113\u0161anai ar jebkura form\u0101ta fl\u012bz\u0113m vai dab\u012bg\u0101 akmens pl\u0101ksn\u0113m un XXL izm\u0113ra fl\u012b\u017eu l\u012bm\u0113\u0161anai pie sien\u0101m.<br \/>\nARDEX X78 MICROTEC atbilst C2 E \/ S1 klasifik\u0101cijai saska\u0146\u0101 ar EN 12004\/12002. Tai ir \u013coti zema emisija EC 1 PLUS R saska\u0146\u0101 ar GEV EMICODE.<br \/>\nMICROTEC tehnolo\u0123ija garant\u0113 augst\u0101ko dro\u0161\u012bbu re\u0101los b\u016bvlaukuma apst\u0101k\u013cos. Tiek kompens\u0113ti b\u012bdes spriegumi, paaugstin\u0101ta sa\u0137ere un samazin\u0101ti deform\u0101cijas sp\u0113ki. Sal\u012bdzin\u0101jum\u0101 ar standartu ARDEX X 78 MICROTEC ir divreiz liel\u0101ka s\u0101kuma sa\u0137ere un divreiz ilg\u0101ks fl\u012b\u017eu iekl\u0101\u0161anas laiks. ARDEX X 78 MICROTEC ir ar samazin\u0101tu ka\u013c\u0137a izsv\u012bduma risku, ar \u013coti lielisk\u0101m iestr\u0101des \u012bpa\u0161\u012bb\u0101m un \u013coti ekonomiska. Pievienojot ARDEX E 90 sint\u0113tisko sve\u0137u piedevu, tiek ieg\u016bta augstas deform\u0113jam\u012bbas \u016bdens atgr\u016bdo\u0161a S2 java. Pateicoties ARDEX MICROTEC tehnolo\u0123ijai pat vissmag\u0101kajos b\u016bvlaukuma apst\u0101k\u013cos tiek nodro\u0161in\u0101ts visaugst\u0101kais dro\u0161\u012bbas l\u012bmenis.<\/p>\n<h2>&#8220;ARDEX X78 MICROTEC&#8221; \u012bpa\u0161\u012bbas<\/h2>\n<p>Paaugstin\u0101tas elast\u012bbas fl\u012b\u017eu l\u012bme ar divreiz liel\u0101ku atv\u0113rto l\u012bmes laiku. Pateicoties speci\u0101l\u0101m piedev\u0101m ilgsto\u0161i saglab\u0101 savas \u012bpa\u0161\u012bbas un nenoveco laika apst\u0101k\u013cu ietekm\u0113. \u012apa\u0161i piem\u0113rota gr\u012bdas fl\u012bz\u0113\u0161anai ar jebkura form\u0101ta fl\u012bz\u0113m un XXL form\u0101ta fl\u012b\u017eu l\u012bm\u0113\u0161anai pie sien\u0101m.<br \/>\nE(E) \u2013 divreiz gar\u0101ks l\u012bm\u0113\u0161anas laiku \u2013 60 min\u016btes.<br \/>\nCementa b\u0101zes.<br \/>\nAtbilst C2 E(E)\/ S1 (EN 12 004 \/ EN 12 002)<br \/>\n\u0100rdarbiem un iek\u0161darbiem un viet\u0101m kas b\u016bs zem \u016bdens.<br \/>\nGr\u012bd\u0101m.<br \/>\nSaus\u0101m un mitr\u0101m telp\u0101m, baseiniem, balkoniem, teras\u0113m un k\u0101pn\u0113m.<br \/>\nPiem\u0113rota liela form\u0101ta fl\u012b\u017eu l\u012bm\u0113\u0161anai.<br \/>\nBez ka\u013c\u0137a izsv\u012bdumiem (k\u0101pnes, balkoni).<br \/>\n\u016adens un sala iztur\u012bga.<br \/>\n\u013boti ekonomiska.<br \/>\n\u012apa\u0161as piedevas aizsarg\u0101 no atmosf\u0113ras ietekmes.<\/p>\n<h2>&#8220;ARDEX X78 MICROTEC&#8221; pielietojums<\/h2>\n<p>Elast\u012bg\u0101 fl\u012b\u017eu l\u012bme gr\u012bd\u0101m ARDEX X78 MICROTEC piem\u0113rota keramikas, porcel\u0101na, akmens masas un klinkera fl\u012b\u017eu, stikla un porcel\u0101na moza\u012bkas, pret mitrumu notur\u012bga dab\u012bg\u0101 akmens pl\u0101t\u0146u, betona pl\u0101t\u0146u l\u012bm\u0113\u0161anai uz gr\u012bd\u0101m. Fl\u012b\u017eu l\u012bm\u0113\u0161anai baseinos, balkonos, teras\u0113s un industri\u0101l\u0101s ra\u017eo\u0161anas telp\u0101s ar augstu slodzi.<br \/>\nFl\u012b\u017eu un akmens l\u012bm\u0113\u0161anai pie betona un cementa, magnez\u012bta un anhidr\u012bta, k\u0101 ar\u012b pie asfalta mastikas kloniem, cementa, ka\u013c\u0137a-cementa un \u0123ip\u0161a apmetumiem, \u0123ip\u0161kartona loksn\u0113m, g\u0101zbetona, eso\u0161iem fl\u012b\u017eu segumiem. Var kl\u0101t uz betona un m\u016bra, kur\u0161 ir vismaz 3 m\u0113ne\u0161us vecs. Piem\u0113rota kl\u0101\u0161anai uz apsild\u0101ma pamata.<br \/>\nARDEX X 78 MICROTEC apvieno stabilas konsistences l\u012bmju un pl\u016bsto\u0161o l\u012bmju lab\u0101k\u0101s \u012bpa\u0161\u012bbas. Tas noz\u012bm\u0113 fl\u012b\u017eu piel\u012bm\u0113\u0161anu bez l\u012bmes tuk\u0161umiem un samazin\u0101tu l\u012bmes izspie\u0161anos caur \u0161uv\u0113m.<\/p>\n","protected":false},"excerpt":{"rendered":"<p>&#8220;ARDEX X78 MICROTEC&#8221; elast\u012bga fl\u012b\u017eu l\u012bme gr\u012bd\u0101m Elast\u012bg\u0101 fl\u012b\u017eu l\u012bme gr\u012bd\u0101m ARDEX X78 MICROTEC ar divreiz liel\u0101ku atv\u0113rto l\u012bmes laiku,<\/p>\n","protected":false},"featured_media":38127,"template":"","meta":{"_acf_changed":false},"product_cat":[2057],"product_tag":[],"class_list":{"0":"post-38125","1":"product","2":"type-product","3":"status-publish","4":"has-post-thumbnail","6":"product_cat-flizu-limes-uz-cementa-bazes","8":"first","9":"instock","10":"taxable","11":"shipping-taxable","12":"purchasable","13":"product-type-simple"},"acf":[],"yoast_head":"<!-- This site is optimized with the Yoast SEO plugin v24.2 - https:\/\/yoast.com\/wordpress\/plugins\/seo\/ -->\n<title>ARDEX X78 MICROTEC elast\u012bga fl\u012b\u017eu l\u012bme gr\u012bd\u0101m &#8226; Vides Tehnika<\/title>\n<meta name=\"description\" content=\"Elast\u012bg\u0101 fl\u012b\u017eu l\u012bme gr\u012bd\u0101m ARDEX X78 MICROTEC ar divreiz liel\u0101ku atv\u0113rto l\u012bmes laiku, piln\u012bb\u0101 nokl\u0101j l\u012bm\u0113jam\u0101s fl\u012bzes aizmugur\u0113jo virsmu, nemainot l\u012bmes konsistenci.\" \/>\n<meta name=\"robots\" content=\"index, follow, max-snippet:-1, max-image-preview:large, max-video-preview:-1\" \/>\n<link rel=\"canonical\" href=\"https:\/\/videstehnika.lv\/et\/katalogs\/buvmateriali-buvei-remontam-un-ieksdarbiem\/sausie-maisijumi-ara-darbiem-un-ieksdarbiem\/flizu-limes-uz-cementa-bazes\/ardex-x78-microtec-elastiga-flizu-lime-gridam\/\" \/>\n<meta property=\"og:locale\" content=\"et_EE\" \/>\n<meta property=\"og:type\" content=\"article\" \/>\n<meta property=\"og:title\" content=\"ARDEX X78 MICROTEC elast\u012bga fl\u012b\u017eu l\u012bme gr\u012bd\u0101m &#8226; Vides Tehnika\" \/>\n<meta property=\"og:description\" content=\"Elast\u012bg\u0101 fl\u012b\u017eu l\u012bme gr\u012bd\u0101m ARDEX X78 MICROTEC ar divreiz liel\u0101ku atv\u0113rto l\u012bmes laiku, piln\u012bb\u0101 nokl\u0101j l\u012bm\u0113jam\u0101s fl\u012bzes aizmugur\u0113jo virsmu, nemainot l\u012bmes konsistenci.\" \/>\n<meta property=\"og:url\" content=\"https:\/\/videstehnika.lv\/katalogs\/buvmateriali-buvei-remontam-un-ieksdarbiem\/sausie-maisijumi-ara-darbiem-un-ieksdarbiem\/flizu-limes-uz-cementa-bazes\/ardex-x78-microtec-elastiga-flizu-lime-gridam\/\" \/>\n<meta property=\"og:site_name\" content=\"Vides Tehnika\" \/>\n<meta property=\"article:modified_time\" content=\"2025-11-20T12:34:57+00:00\" \/>\n<meta property=\"og:image\" content=\"https:\/\/videstehnika.lv\/wp-content\/uploads\/2024\/08\/ARDEX-X78-20kg.png\" \/>\n\t<meta property=\"og:image:width\" content=\"594\" \/>\n\t<meta property=\"og:image:height\" content=\"640\" \/>\n\t<meta property=\"og:image:type\" content=\"image\/png\" \/>\n<meta name=\"twitter:card\" content=\"summary_large_image\" \/>\n<meta name=\"twitter:label1\" content=\"Est. reading time\" \/>\n\t<meta name=\"twitter:data1\" content=\"2 minutit\" \/>\n<script type=\"application\/ld+json\" class=\"yoast-schema-graph\">{\"@context\":\"https:\/\/schema.org\",\"@graph\":[{\"@type\":\"WebPage\",\"@id\":\"https:\/\/videstehnika.lv\/katalogs\/buvmateriali-buvei-remontam-un-ieksdarbiem\/sausie-maisijumi-ara-darbiem-un-ieksdarbiem\/flizu-limes-uz-cementa-bazes\/ardex-x78-microtec-elastiga-flizu-lime-gridam\/\",\"url\":\"https:\/\/videstehnika.lv\/katalogs\/buvmateriali-buvei-remontam-un-ieksdarbiem\/sausie-maisijumi-ara-darbiem-un-ieksdarbiem\/flizu-limes-uz-cementa-bazes\/ardex-x78-microtec-elastiga-flizu-lime-gridam\/\",\"name\":\"ARDEX X78 MICROTEC elast\u012bga fl\u012b\u017eu l\u012bme gr\u012bd\u0101m &#8226; Vides Tehnika\",\"isPartOf\":{\"@id\":\"https:\/\/videstehnika.lv\/et\/#website\"},\"primaryImageOfPage\":{\"@id\":\"https:\/\/videstehnika.lv\/katalogs\/buvmateriali-buvei-remontam-un-ieksdarbiem\/sausie-maisijumi-ara-darbiem-un-ieksdarbiem\/flizu-limes-uz-cementa-bazes\/ardex-x78-microtec-elastiga-flizu-lime-gridam\/#primaryimage\"},\"image\":{\"@id\":\"https:\/\/videstehnika.lv\/katalogs\/buvmateriali-buvei-remontam-un-ieksdarbiem\/sausie-maisijumi-ara-darbiem-un-ieksdarbiem\/flizu-limes-uz-cementa-bazes\/ardex-x78-microtec-elastiga-flizu-lime-gridam\/#primaryimage\"},\"thumbnailUrl\":\"https:\/\/videstehnika.lv\/wp-content\/uploads\/2024\/08\/ARDEX-X78-20kg.png\",\"datePublished\":\"2024-08-01T11:08:39+00:00\",\"dateModified\":\"2025-11-20T12:34:57+00:00\",\"description\":\"Elast\u012bg\u0101 fl\u012b\u017eu l\u012bme gr\u012bd\u0101m ARDEX X78 MICROTEC ar divreiz liel\u0101ku atv\u0113rto l\u012bmes laiku, piln\u012bb\u0101 nokl\u0101j l\u012bm\u0113jam\u0101s fl\u012bzes aizmugur\u0113jo virsmu, nemainot l\u012bmes konsistenci.\",\"breadcrumb\":{\"@id\":\"https:\/\/videstehnika.lv\/katalogs\/buvmateriali-buvei-remontam-un-ieksdarbiem\/sausie-maisijumi-ara-darbiem-un-ieksdarbiem\/flizu-limes-uz-cementa-bazes\/ardex-x78-microtec-elastiga-flizu-lime-gridam\/#breadcrumb\"},\"inLanguage\":\"et\",\"potentialAction\":[{\"@type\":\"ReadAction\",\"target\":[\"https:\/\/videstehnika.lv\/katalogs\/buvmateriali-buvei-remontam-un-ieksdarbiem\/sausie-maisijumi-ara-darbiem-un-ieksdarbiem\/flizu-limes-uz-cementa-bazes\/ardex-x78-microtec-elastiga-flizu-lime-gridam\/\"]}]},{\"@type\":\"ImageObject\",\"inLanguage\":\"et\",\"@id\":\"https:\/\/videstehnika.lv\/katalogs\/buvmateriali-buvei-remontam-un-ieksdarbiem\/sausie-maisijumi-ara-darbiem-un-ieksdarbiem\/flizu-limes-uz-cementa-bazes\/ardex-x78-microtec-elastiga-flizu-lime-gridam\/#primaryimage\",\"url\":\"https:\/\/videstehnika.lv\/wp-content\/uploads\/2024\/08\/ARDEX-X78-20kg.png\",\"contentUrl\":\"https:\/\/videstehnika.lv\/wp-content\/uploads\/2024\/08\/ARDEX-X78-20kg.png\",\"width\":594,\"height\":640},{\"@type\":\"BreadcrumbList\",\"@id\":\"https:\/\/videstehnika.lv\/katalogs\/buvmateriali-buvei-remontam-un-ieksdarbiem\/sausie-maisijumi-ara-darbiem-un-ieksdarbiem\/flizu-limes-uz-cementa-bazes\/ardex-x78-microtec-elastiga-flizu-lime-gridam\/#breadcrumb\",\"itemListElement\":[{\"@type\":\"ListItem\",\"position\":1,\"name\":\"Home\",\"item\":\"https:\/\/videstehnika.lv\/et\/\"},{\"@type\":\"ListItem\",\"position\":2,\"name\":\"Kataloog\",\"item\":\"https:\/\/videstehnika.lv\/et\/kataloog\/\"},{\"@type\":\"ListItem\",\"position\":3,\"name\":\"ARDEX X78 MICROTEC elast\u012bga fl\u012b\u017eu l\u012bme gr\u012bd\u0101m\"}]},{\"@type\":\"WebSite\",\"@id\":\"https:\/\/videstehnika.lv\/et\/#website\",\"url\":\"https:\/\/videstehnika.lv\/et\/\",\"name\":\"Vides Tehnika\",\"description\":\"\",\"potentialAction\":[{\"@type\":\"SearchAction\",\"target\":{\"@type\":\"EntryPoint\",\"urlTemplate\":\"https:\/\/videstehnika.lv\/et\/?s={search_term_string}\"},\"query-input\":{\"@type\":\"PropertyValueSpecification\",\"valueRequired\":true,\"valueName\":\"search_term_string\"}}],\"inLanguage\":\"et\"}]}<\/script>\n<!-- \/ Yoast SEO plugin. -->","yoast_head_json":{"title":"ARDEX X78 MICROTEC elast\u012bga fl\u012b\u017eu l\u012bme gr\u012bd\u0101m &#8226; Vides Tehnika","description":"Elast\u012bg\u0101 fl\u012b\u017eu l\u012bme gr\u012bd\u0101m ARDEX X78 MICROTEC ar divreiz liel\u0101ku atv\u0113rto l\u012bmes laiku, piln\u012bb\u0101 nokl\u0101j l\u012bm\u0113jam\u0101s fl\u012bzes aizmugur\u0113jo virsmu, nemainot l\u012bmes konsistenci.","robots":{"index":"index","follow":"follow","max-snippet":"max-snippet:-1","max-image-preview":"max-image-preview:large","max-video-preview":"max-video-preview:-1"},"canonical":"https:\/\/videstehnika.lv\/et\/katalogs\/buvmateriali-buvei-remontam-un-ieksdarbiem\/sausie-maisijumi-ara-darbiem-un-ieksdarbiem\/flizu-limes-uz-cementa-bazes\/ardex-x78-microtec-elastiga-flizu-lime-gridam\/","og_locale":"et_EE","og_type":"article","og_title":"ARDEX X78 MICROTEC elast\u012bga fl\u012b\u017eu l\u012bme gr\u012bd\u0101m &#8226; Vides Tehnika","og_description":"Elast\u012bg\u0101 fl\u012b\u017eu l\u012bme gr\u012bd\u0101m ARDEX X78 MICROTEC ar divreiz liel\u0101ku atv\u0113rto l\u012bmes laiku, piln\u012bb\u0101 nokl\u0101j l\u012bm\u0113jam\u0101s fl\u012bzes aizmugur\u0113jo virsmu, nemainot l\u012bmes konsistenci.","og_url":"https:\/\/videstehnika.lv\/katalogs\/buvmateriali-buvei-remontam-un-ieksdarbiem\/sausie-maisijumi-ara-darbiem-un-ieksdarbiem\/flizu-limes-uz-cementa-bazes\/ardex-x78-microtec-elastiga-flizu-lime-gridam\/","og_site_name":"Vides Tehnika","article_modified_time":"2025-11-20T12:34:57+00:00","og_image":[{"width":594,"height":640,"url":"https:\/\/videstehnika.lv\/wp-content\/uploads\/2024\/08\/ARDEX-X78-20kg.png","type":"image\/png"}],"twitter_card":"summary_large_image","twitter_misc":{"Est. reading time":"2 minutit"},"schema":{"@context":"https:\/\/schema.org","@graph":[{"@type":"WebPage","@id":"https:\/\/videstehnika.lv\/katalogs\/buvmateriali-buvei-remontam-un-ieksdarbiem\/sausie-maisijumi-ara-darbiem-un-ieksdarbiem\/flizu-limes-uz-cementa-bazes\/ardex-x78-microtec-elastiga-flizu-lime-gridam\/","url":"https:\/\/videstehnika.lv\/katalogs\/buvmateriali-buvei-remontam-un-ieksdarbiem\/sausie-maisijumi-ara-darbiem-un-ieksdarbiem\/flizu-limes-uz-cementa-bazes\/ardex-x78-microtec-elastiga-flizu-lime-gridam\/","name":"ARDEX X78 MICROTEC elast\u012bga fl\u012b\u017eu l\u012bme gr\u012bd\u0101m &#8226; Vides Tehnika","isPartOf":{"@id":"https:\/\/videstehnika.lv\/et\/#website"},"primaryImageOfPage":{"@id":"https:\/\/videstehnika.lv\/katalogs\/buvmateriali-buvei-remontam-un-ieksdarbiem\/sausie-maisijumi-ara-darbiem-un-ieksdarbiem\/flizu-limes-uz-cementa-bazes\/ardex-x78-microtec-elastiga-flizu-lime-gridam\/#primaryimage"},"image":{"@id":"https:\/\/videstehnika.lv\/katalogs\/buvmateriali-buvei-remontam-un-ieksdarbiem\/sausie-maisijumi-ara-darbiem-un-ieksdarbiem\/flizu-limes-uz-cementa-bazes\/ardex-x78-microtec-elastiga-flizu-lime-gridam\/#primaryimage"},"thumbnailUrl":"https:\/\/videstehnika.lv\/wp-content\/uploads\/2024\/08\/ARDEX-X78-20kg.png","datePublished":"2024-08-01T11:08:39+00:00","dateModified":"2025-11-20T12:34:57+00:00","description":"Elast\u012bg\u0101 fl\u012b\u017eu l\u012bme gr\u012bd\u0101m ARDEX X78 MICROTEC ar divreiz liel\u0101ku atv\u0113rto l\u012bmes laiku, piln\u012bb\u0101 nokl\u0101j l\u012bm\u0113jam\u0101s fl\u012bzes aizmugur\u0113jo virsmu, nemainot l\u012bmes konsistenci.","breadcrumb":{"@id":"https:\/\/videstehnika.lv\/katalogs\/buvmateriali-buvei-remontam-un-ieksdarbiem\/sausie-maisijumi-ara-darbiem-un-ieksdarbiem\/flizu-limes-uz-cementa-bazes\/ardex-x78-microtec-elastiga-flizu-lime-gridam\/#breadcrumb"},"inLanguage":"et","potentialAction":[{"@type":"ReadAction","target":["https:\/\/videstehnika.lv\/katalogs\/buvmateriali-buvei-remontam-un-ieksdarbiem\/sausie-maisijumi-ara-darbiem-un-ieksdarbiem\/flizu-limes-uz-cementa-bazes\/ardex-x78-microtec-elastiga-flizu-lime-gridam\/"]}]},{"@type":"ImageObject","inLanguage":"et","@id":"https:\/\/videstehnika.lv\/katalogs\/buvmateriali-buvei-remontam-un-ieksdarbiem\/sausie-maisijumi-ara-darbiem-un-ieksdarbiem\/flizu-limes-uz-cementa-bazes\/ardex-x78-microtec-elastiga-flizu-lime-gridam\/#primaryimage","url":"https:\/\/videstehnika.lv\/wp-content\/uploads\/2024\/08\/ARDEX-X78-20kg.png","contentUrl":"https:\/\/videstehnika.lv\/wp-content\/uploads\/2024\/08\/ARDEX-X78-20kg.png","width":594,"height":640},{"@type":"BreadcrumbList","@id":"https:\/\/videstehnika.lv\/katalogs\/buvmateriali-buvei-remontam-un-ieksdarbiem\/sausie-maisijumi-ara-darbiem-un-ieksdarbiem\/flizu-limes-uz-cementa-bazes\/ardex-x78-microtec-elastiga-flizu-lime-gridam\/#breadcrumb","itemListElement":[{"@type":"ListItem","position":1,"name":"Home","item":"https:\/\/videstehnika.lv\/et\/"},{"@type":"ListItem","position":2,"name":"Kataloog","item":"https:\/\/videstehnika.lv\/et\/kataloog\/"},{"@type":"ListItem","position":3,"name":"ARDEX X78 MICROTEC elast\u012bga fl\u012b\u017eu l\u012bme gr\u012bd\u0101m"}]},{"@type":"WebSite","@id":"https:\/\/videstehnika.lv\/et\/#website","url":"https:\/\/videstehnika.lv\/et\/","name":"Vides Tehnika","description":"","potentialAction":[{"@type":"SearchAction","target":{"@type":"EntryPoint","urlTemplate":"https:\/\/videstehnika.lv\/et\/?s={search_term_string}"},"query-input":{"@type":"PropertyValueSpecification","valueRequired":true,"valueName":"search_term_string"}}],"inLanguage":"et"}]}},"_links":{"self":[{"href":"https:\/\/videstehnika.lv\/et\/wp-json\/wp\/v2\/product\/38125","targetHints":{"allow":["GET"]}}],"collection":[{"href":"https:\/\/videstehnika.lv\/et\/wp-json\/wp\/v2\/product"}],"about":[{"href":"https:\/\/videstehnika.lv\/et\/wp-json\/wp\/v2\/types\/product"}],"wp:featuredmedia":[{"embeddable":true,"href":"https:\/\/videstehnika.lv\/et\/wp-json\/wp\/v2\/media\/38127"}],"wp:attachment":[{"href":"https:\/\/videstehnika.lv\/et\/wp-json\/wp\/v2\/media?parent=38125"}],"wp:term":[{"taxonomy":"product_cat","embeddable":true,"href":"https:\/\/videstehnika.lv\/et\/wp-json\/wp\/v2\/product_cat?post=38125"},{"taxonomy":"product_tag","embeddable":true,"href":"https:\/\/videstehnika.lv\/et\/wp-json\/wp\/v2\/product_tag?post=38125"}],"curies":[{"name":"wp","href":"https:\/\/api.w.org\/{rel}","templated":true}]}}