{"id":38295,"date":"2024-08-05T14:29:52","date_gmt":"2024-08-05T11:29:52","guid":{"rendered":"https:\/\/videstehnika.lv\/?post_type=product&#038;p=38295"},"modified":"2026-01-13T15:51:43","modified_gmt":"2026-01-13T13:51:43","slug":"elektriska-apsilde-ditra-heat-duo-ar-skanas-izolaciju","status":"publish","type":"product","link":"https:\/\/videstehnika.lv\/katalogs\/buvmateriali-buvei-remontam-un-ieksdarbiem\/atdalosie-paklaji\/elektriska-apsilde-ditra-heat-duo-ar-skanas-izolaciju\/","title":{"rendered":"DITRA-HEAT-DUO univers\u0101la membr\u0101na ar vietu elektrisko apsildes kabe\u013cu mont\u0101\u017eai un ar ska\u0146as izol\u0101ciju"},"content":{"rendered":"<h2>DITRA-HEAT-DUO univers\u0101la membr\u0101na ar vietu elektrisko apsildes kabe\u013cu mont\u0101\u017eai un ar ska\u0146as izol\u0101ciju l\u012bdz 13 dB<\/h2>\n<p>Ir \u013coti viegli un \u0101tri iekl\u0101jama. Apsildes sist\u0113ma gr\u012bd\u0101m un sien\u0101m ar fl\u012b\u017eu vai dab\u012bg\u0101 akmens, elast\u012bgiem vai tekstila segumiem, k\u0101 ar\u012b ar lamin\u0101ta vai daudz sl\u0101\u0146u parketa segumiem.<\/p>\n<p>DITRA-HEAT-E-DUO ir veiksm\u012bgas elektrisk\u0101s apsildes turpm\u0101k\u0101 att\u012bst\u012bba. Pamatnes apak\u0161pus\u0113 integr\u0113jot pastiprin\u0101tu, 2 mm biezu izol\u0101cijas k\u0101rtu, tiek pan\u0101kts iev\u0113rojams siltuma izstarojuma samazin\u0101jums pamatnes virzien\u0101. Siltumizol\u0101cijas k\u0101rta pakl\u0101ja apak\u0161pus\u0113 nodro\u0161ina l\u012bdz 80% siltuma izvad\u012b\u0161anu uz seguma virsmu. Nodro\u0161ina iev\u0113rojami \u0101tr\u0101ku un liel\u0101ku siltumu nemainot ener\u0123ijas padevi.<\/p>\n<p>Ja siltums ir vajadz\u012bgs \u0101tri un \u012bsu laiku, risin\u0101jums ir elektrisk\u0101 apsilde DITRA-HEAT-DUO ar ska\u0146as izol\u0101ciju. Piem\u0113ram, priv\u0101taj\u0101 vannas istab\u0101, kas tiek izmantota tikai 1\u20132 stundas no r\u012bta un vakar\u0101, jums ir nepiecie\u0161ama \u012bpa\u0161i \u0101tri rea\u0123\u0113jo\u0161a sist\u0113ma ar augstu efektivit\u0101ti. \u0160eit noteikt\u0101m komforta zon\u0101m, piem\u0113ram, izlietnes priek\u0161\u0101, \u012bslaic\u012bgi ir nepiecie\u0161ams siltums.<br \/>\n2 mm biezs, \u012bpa\u0161s izol\u0101cijas materi\u0101ls, DITRA-HEAT-E-DUO sist\u0113mas termisk\u0101 barjera, liel\u0101ko da\u013cu (vair\u0101k nek\u0101 80%) siltuma novada tie\u0161i gr\u012bdas segum\u0101, kas iev\u0113rojami palielina sild\u012b\u0161anas efektu. \u0100tr\u0101k un energo taup\u012bg\u0101k.<br \/>\nSiltumizol\u0101cija\u00a0 \u0161eit tiek uzst\u0101d\u012bta vien\u0101 darba sol\u012b ar DITRA-HEAT-DUO pakl\u0101ju, un papildus p\u0101rbaud\u012btaj\u0101m DITRA tehnolo\u0123ijas funkcij\u0101m, piem\u0113ram, tvaika spiediena kompens\u0113\u0161anai un hidroizol\u0101cijai (saska\u0146\u0101 ar abP), tiek samazin\u0101ta ar\u012b trieciena ska\u0146a, l\u012bdz 13 dB. Pateicoties \u013coti labai sa\u0137erei ar fl\u012b\u017eu l\u012bmi, DITRA-HEAT-DUO ir piem\u0113rots ar\u012b sienas uzst\u0101d\u012b\u0161anai.<\/p>\n<p>DITRA-HEAT-DUO ar ieb\u016bv\u0113to termisko barjeru nodro\u0161ina, ka siltums no apkures kabe\u013ciem sild\u012b\u0161anas f\u0101zes laik\u0101 vairs netiek izstarots zem\u0101k klona pamatn\u0113, bet tiek izvad\u012bts tie\u0161i aug\u0161up gr\u012bdas segum\u0101.<br \/>\nTas noz\u012bm\u0113, ka DITRA-HEAT-E-DUO ir pat \u0101tr\u0101ks nek\u0101 parast\u0101s sist\u0113mas ar liel\u0101ku apkures jaudu.<br \/>\nEfektivit\u0101tes pieaugums un t\u0101d\u0113j\u0101di ar\u012b ener\u0123ijas ietaup\u012bjums ir skaidri paman\u0101ms. Iepriek\u0161\u0113j\u0101s sist\u0113mas 50% siltuma izstaro aukstaj\u0101 klona veid\u0101. DITRA-HEAT-E-DUO apm\u0113ram 80% siltuma izstaro tie\u0161i aug\u0161up gr\u012bdas segum\u0101 un tikai aptuveni 20% \u2013 pamatn\u0113.<br \/>\nT\u0101 k\u0101 izol\u0101cijas k\u0101rta ar\u012b blo\u0137\u0113 siltuma p\u0101rnesi no virsmas uz aug\u0161u, sist\u0113ma ir maz\u0101k piem\u0113rota izmanto\u0161anai uz siltaj\u0101m gr\u012bd\u0101m vai BEKOTEC-THERM keramikas klimatiskaj\u0101 gr\u012bd\u0101.<\/p>\n<h4>DITRA-HEAT-DUO univers\u0101la membr\u0101na ar vietu elektrisko apsildes kabe\u013cu mont\u0101\u017eai un ar ska\u0146as izol\u0101ciju l\u012bdz 13 dB \u012bpa\u0161\u012bbas:<\/h4>\n<p>Pat\u012bkamu istabas klimatu, piem\u0113rotu ar\u012b aler\u0123iskiem cilv\u0113kiem.<br \/>\nPrec\u012bzu un \u0101tru temperat\u016bras regul\u0113\u0161ana.<br \/>\nIetaupa izmaksas, laiku un bez papildus ekspluat\u0101cijas izmaks\u0101m.<br \/>\nVieglu, \u0101tra mont\u0101\u017eu.<br \/>\nSeguma atdal\u012b\u0161ana no pamatnes.<br \/>\nSiltuma izol\u0101ciju.<br \/>\nSka\u0146as izol\u0101ciju l\u012bdz 13 db.<br \/>\nSien\u0101m un gr\u012bd\u0101m.<br \/>\nHidroizol\u0101cija saska\u0146\u0101 ar Eiropas tehnisk\u0101 standarta ETAG-022-2.<\/p>\n<h4>DITRA-HEAT-DUO ar ska\u0146as izol\u0101ciju l\u012bdz 13 dB nodro\u0161ina:<\/h4>\n<ul>\n<li><strong>Atdal\u012b\u0161anu (spriegumu kompens\u0101ciju)<br \/>\n<\/strong>DITRA-HEAT-DUO atdala segumu no pamatnes un t\u0101d\u0113j\u0101di neitraliz\u0113 spriegumu starp pamatni un fl\u012b\u017eu segumu, kas var rasties da\u017e\u0101du formas izmai\u0146u d\u0113\u013c. Bez tam sprieguma rad\u012bt\u0101s plaisas pamatn\u0113 tiek p\u0101rkl\u0101tas un t\u0101s netiek tie\u0161i aizvad\u012btas uz fl\u012b\u017eu segumu.<\/li>\n<li><strong>Hidroizol\u0101cija<br \/>\n<\/strong>DITRA-HEAT-DUO ir ar relat\u012bvi augstu \u016bdens tvaiku dif\u016bzijas bl\u012bvumu. Pareizi iestr\u0101d\u0101jot salaiduma p\u0101rkl\u0101jumus, k\u0101 ar\u012b pie sienas pievadiem un salaiduma viet\u0101s ar cit\u0101m b\u016bvda\u013c\u0101m, ar DITRA-HEAT un fl\u012b\u017eu segumu izveidot hidroizol\u0101cijas k\u0101rtu atbilsto\u0161i \u201eHidroizol\u0101cijas iekl\u0101\u0161anu fl\u012b\u017eu un pl\u0101k\u0161\u0146u segumos \u0101r\u0101 un iek\u0161telp\u0101s\u201d.<br \/>\nSaska\u0146\u0101 ar Eiropas tehnisk\u0101 standarta ETAG 022 sien\u0101m un gr\u012bd\u0101m mitr\u0101s zon\u0101s 2. da\u013cu: hidroizol\u0101cijas audumi.<\/li>\n<li><strong>Slodzes sadal\u012bjums<br \/>\n<\/strong>DITRA-HEAT-DUO novada kust\u012bbas slodzi, kas izdar\u012bta uz fl\u012b\u017eu segumu ar l\u012bmjavu aizpild\u012bto padzi\u013cin\u0101jumu apak\u0161u tie\u0161i pamatn\u0113. L\u012bdz ar to fl\u012b\u017eu segums, kas kl\u0101ts uz DITRA-HEAT-DUO, atbilsto\u0161i iztur \u013coti lielas slodzes. Stipras noslodzes zon\u0101s, fl\u012bz\u0113m uz pilnas virsmas piln\u012bgi j\u0101piegu\u013c virsmai. J\u0101iev\u0113ro DITRA- HEAT-DUO kam aizmugur\u0113j\u0101 da\u013c\u0101 ir 2 mm bieza izol\u0101cijas k\u0101rta, spiedes iztur\u012bba ir l\u012bdz 3 kN \/m. Tas piem\u0113rots priv\u0101tajam un vieglajam komerci\u0101lajam sektoram (dz\u012bvojam\u0101s \u0113kas, biroju un administrat\u012bv\u0101s teritorijas, restor\u0101ni, viesn\u012bcas, konferen\u010du z\u0101les, pal\u0101tas un slimn\u012bcu telpas utt.).<\/li>\n<li><strong>Sa\u0137eres rad\u012b\u0161ana<br \/>\n<\/strong>DITRA-HEAT-DUO nostiprinot ar l\u012bmi pie pamatnes, un meh\u0101niski iespie\u017eot l\u012bmi iegrieztajos padzi\u013cin\u0101jumos, nodro\u0161ina labu sa\u0137eres k\u0101rtu starp fl\u012b\u017eu segumu un pamatni. DITRA 25 var izmantot sien\u0101m un gr\u012bd\u0101m.<\/li>\n<li><strong>Siltuma izol\u0101cija<\/strong><br \/>\nDITRA-HEAT-DUO aizmugur\u0113j\u0101 d\u0101\u013c\u0101 ir nostiprin\u0101ta 2 mm izol\u0101cijas k\u0101rta, kas papildus sa\u0137erei ar fl\u012b\u017eu l\u012bmi samazina trieciena ska\u0146u, k\u0101 ar\u012b nodro\u0161ina \u0101tr\u0101ku apkures darb\u012bbu.<\/li>\n<li><strong>Ska\u0146as izol\u0101cija<\/strong><br \/>\nDITRA-HEAT-DUO nodro\u0161ina 13 dB triecienu ska\u0146as samazin\u0101jumu (\u0394LW) (saska\u0146\u0101 ar DIN EN ISO 10140). Attiec\u012bg\u0101s konstrukcijas faktisk\u0101 uzlabojuma dimensija ir atkar\u012bga no viet\u0113jiem apst\u0101k\u013ciem (konstrukcijas strukt\u016bra) un var at\u0161\u0137irties no \u0161\u012bs v\u0113rt\u012bbas.<\/li>\n<\/ul>\n<p>Ja dom\u0101jat, ka elektrisk\u0101s apkures gr\u012bdas un sienas ir par d\u0101rgu, par\u0113\u0137iniet savus ieguld\u012bjumus ar DITRA-HEAT-DUO. Sist\u0113mas \u0101tra un prec\u012bza laika un temperat\u016bras kontrole pat\u012bkami sild\u012bs J\u016bsu p\u0113das, nevis iz\u017e\u0101v\u0113s J\u016bsu maku! Iekl\u0101jot atdalo\u0161u pakl\u0101ju ar elektrisk\u0101s apkures kabe\u013ca mont\u0101\u017eas iesp\u0113j\u0101m, J\u016bs ietaupiet b\u016bvniec\u012bbas laiku.<\/p>\n","protected":false},"excerpt":{"rendered":"<p>DITRA-HEAT-DUO univers\u0101la membr\u0101na ar vietu elektrisko apsildes kabe\u013cu mont\u0101\u017eai un ar ska\u0146as izol\u0101ciju l\u012bdz 13 dB Ir \u013coti viegli un<\/p>\n","protected":false},"featured_media":38301,"template":"","meta":{"_acf_changed":false},"product_cat":[5316],"product_tag":[],"class_list":{"0":"post-38295","1":"product","2":"type-product","3":"status-publish","4":"has-post-thumbnail","6":"product_cat-atdalosie-paklaji","8":"first","9":"instock","10":"taxable","11":"shipping-taxable","12":"purchasable","13":"product-type-simple"},"acf":[],"yoast_head":"<!-- This site is optimized with the Yoast SEO plugin v24.2 - https:\/\/yoast.com\/wordpress\/plugins\/seo\/ -->\n<title>DITRA-HEAT-DUO univers\u0101la membr\u0101na ar vietu elektrisko apsildes kabe\u013cu mont\u0101\u017eai un ar ska\u0146as izol\u0101ciju &#8226; Vides Tehnika<\/title>\n<meta name=\"robots\" content=\"index, follow, max-snippet:-1, max-image-preview:large, max-video-preview:-1\" \/>\n<link rel=\"canonical\" href=\"https:\/\/videstehnika.lv\/et\/katalogs\/buvmateriali-buvei-remontam-un-ieksdarbiem\/atdalosie-paklaji\/elektriska-apsilde-ditra-heat-duo-ar-skanas-izolaciju\/\" \/>\n<meta property=\"og:locale\" content=\"et_EE\" \/>\n<meta property=\"og:type\" content=\"article\" \/>\n<meta property=\"og:title\" content=\"DITRA-HEAT-DUO univers\u0101la membr\u0101na ar vietu elektrisko apsildes kabe\u013cu mont\u0101\u017eai un ar ska\u0146as izol\u0101ciju &#8226; Vides Tehnika\" \/>\n<meta property=\"og:description\" content=\"DITRA-HEAT-DUO univers\u0101la membr\u0101na ar vietu elektrisko apsildes kabe\u013cu mont\u0101\u017eai un ar ska\u0146as izol\u0101ciju l\u012bdz 13 dB Ir \u013coti viegli un\" \/>\n<meta property=\"og:url\" content=\"https:\/\/videstehnika.lv\/katalogs\/buvmateriali-buvei-remontam-un-ieksdarbiem\/atdalosie-paklaji\/elektriska-apsilde-ditra-heat-duo-ar-skanas-izolaciju\/\" \/>\n<meta property=\"og:site_name\" content=\"Vides Tehnika\" \/>\n<meta property=\"article:modified_time\" content=\"2026-01-13T13:51:43+00:00\" \/>\n<meta property=\"og:image\" content=\"https:\/\/videstehnika.lv\/wp-content\/uploads\/2024\/08\/Apkures-atdalisanas-un-hidroizolacijas-membrana-Schluter-DITRA-HEAT-DUO_2.jpg\" \/>\n\t<meta property=\"og:image:width\" content=\"1024\" \/>\n\t<meta property=\"og:image:height\" content=\"683\" \/>\n\t<meta property=\"og:image:type\" content=\"image\/jpeg\" \/>\n<meta name=\"twitter:card\" content=\"summary_large_image\" \/>\n<meta name=\"twitter:label1\" content=\"Est. reading time\" \/>\n\t<meta name=\"twitter:data1\" content=\"4 minutit\" \/>\n<script type=\"application\/ld+json\" class=\"yoast-schema-graph\">{\"@context\":\"https:\/\/schema.org\",\"@graph\":[{\"@type\":\"WebPage\",\"@id\":\"https:\/\/videstehnika.lv\/katalogs\/buvmateriali-buvei-remontam-un-ieksdarbiem\/atdalosie-paklaji\/elektriska-apsilde-ditra-heat-duo-ar-skanas-izolaciju\/\",\"url\":\"https:\/\/videstehnika.lv\/katalogs\/buvmateriali-buvei-remontam-un-ieksdarbiem\/atdalosie-paklaji\/elektriska-apsilde-ditra-heat-duo-ar-skanas-izolaciju\/\",\"name\":\"DITRA-HEAT-DUO univers\u0101la membr\u0101na ar vietu elektrisko apsildes kabe\u013cu mont\u0101\u017eai un ar ska\u0146as izol\u0101ciju &#8226; Vides Tehnika\",\"isPartOf\":{\"@id\":\"https:\/\/videstehnika.lv\/et\/#website\"},\"primaryImageOfPage\":{\"@id\":\"https:\/\/videstehnika.lv\/katalogs\/buvmateriali-buvei-remontam-un-ieksdarbiem\/atdalosie-paklaji\/elektriska-apsilde-ditra-heat-duo-ar-skanas-izolaciju\/#primaryimage\"},\"image\":{\"@id\":\"https:\/\/videstehnika.lv\/katalogs\/buvmateriali-buvei-remontam-un-ieksdarbiem\/atdalosie-paklaji\/elektriska-apsilde-ditra-heat-duo-ar-skanas-izolaciju\/#primaryimage\"},\"thumbnailUrl\":\"https:\/\/videstehnika.lv\/wp-content\/uploads\/2024\/08\/Apkures-atdalisanas-un-hidroizolacijas-membrana-Schluter-DITRA-HEAT-DUO_2.jpg\",\"datePublished\":\"2024-08-05T11:29:52+00:00\",\"dateModified\":\"2026-01-13T13:51:43+00:00\",\"breadcrumb\":{\"@id\":\"https:\/\/videstehnika.lv\/katalogs\/buvmateriali-buvei-remontam-un-ieksdarbiem\/atdalosie-paklaji\/elektriska-apsilde-ditra-heat-duo-ar-skanas-izolaciju\/#breadcrumb\"},\"inLanguage\":\"et\",\"potentialAction\":[{\"@type\":\"ReadAction\",\"target\":[\"https:\/\/videstehnika.lv\/katalogs\/buvmateriali-buvei-remontam-un-ieksdarbiem\/atdalosie-paklaji\/elektriska-apsilde-ditra-heat-duo-ar-skanas-izolaciju\/\"]}]},{\"@type\":\"ImageObject\",\"inLanguage\":\"et\",\"@id\":\"https:\/\/videstehnika.lv\/katalogs\/buvmateriali-buvei-remontam-un-ieksdarbiem\/atdalosie-paklaji\/elektriska-apsilde-ditra-heat-duo-ar-skanas-izolaciju\/#primaryimage\",\"url\":\"https:\/\/videstehnika.lv\/wp-content\/uploads\/2024\/08\/Apkures-atdalisanas-un-hidroizolacijas-membrana-Schluter-DITRA-HEAT-DUO_2.jpg\",\"contentUrl\":\"https:\/\/videstehnika.lv\/wp-content\/uploads\/2024\/08\/Apkures-atdalisanas-un-hidroizolacijas-membrana-Schluter-DITRA-HEAT-DUO_2.jpg\",\"width\":1024,\"height\":683},{\"@type\":\"BreadcrumbList\",\"@id\":\"https:\/\/videstehnika.lv\/katalogs\/buvmateriali-buvei-remontam-un-ieksdarbiem\/atdalosie-paklaji\/elektriska-apsilde-ditra-heat-duo-ar-skanas-izolaciju\/#breadcrumb\",\"itemListElement\":[{\"@type\":\"ListItem\",\"position\":1,\"name\":\"Home\",\"item\":\"https:\/\/videstehnika.lv\/et\/\"},{\"@type\":\"ListItem\",\"position\":2,\"name\":\"Kataloog\",\"item\":\"https:\/\/videstehnika.lv\/et\/kataloog\/\"},{\"@type\":\"ListItem\",\"position\":3,\"name\":\"DITRA-HEAT-DUO univers\u0101la membr\u0101na ar vietu elektrisko apsildes kabe\u013cu mont\u0101\u017eai un ar ska\u0146as izol\u0101ciju\"}]},{\"@type\":\"WebSite\",\"@id\":\"https:\/\/videstehnika.lv\/et\/#website\",\"url\":\"https:\/\/videstehnika.lv\/et\/\",\"name\":\"Vides Tehnika\",\"description\":\"\",\"potentialAction\":[{\"@type\":\"SearchAction\",\"target\":{\"@type\":\"EntryPoint\",\"urlTemplate\":\"https:\/\/videstehnika.lv\/et\/?s={search_term_string}\"},\"query-input\":{\"@type\":\"PropertyValueSpecification\",\"valueRequired\":true,\"valueName\":\"search_term_string\"}}],\"inLanguage\":\"et\"}]}<\/script>\n<!-- \/ Yoast SEO plugin. -->","yoast_head_json":{"title":"DITRA-HEAT-DUO univers\u0101la membr\u0101na ar vietu elektrisko apsildes kabe\u013cu mont\u0101\u017eai un ar ska\u0146as izol\u0101ciju &#8226; Vides Tehnika","robots":{"index":"index","follow":"follow","max-snippet":"max-snippet:-1","max-image-preview":"max-image-preview:large","max-video-preview":"max-video-preview:-1"},"canonical":"https:\/\/videstehnika.lv\/et\/katalogs\/buvmateriali-buvei-remontam-un-ieksdarbiem\/atdalosie-paklaji\/elektriska-apsilde-ditra-heat-duo-ar-skanas-izolaciju\/","og_locale":"et_EE","og_type":"article","og_title":"DITRA-HEAT-DUO univers\u0101la membr\u0101na ar vietu elektrisko apsildes kabe\u013cu mont\u0101\u017eai un ar ska\u0146as izol\u0101ciju &#8226; Vides Tehnika","og_description":"DITRA-HEAT-DUO univers\u0101la membr\u0101na ar vietu elektrisko apsildes kabe\u013cu mont\u0101\u017eai un ar ska\u0146as izol\u0101ciju l\u012bdz 13 dB Ir \u013coti viegli un","og_url":"https:\/\/videstehnika.lv\/katalogs\/buvmateriali-buvei-remontam-un-ieksdarbiem\/atdalosie-paklaji\/elektriska-apsilde-ditra-heat-duo-ar-skanas-izolaciju\/","og_site_name":"Vides Tehnika","article_modified_time":"2026-01-13T13:51:43+00:00","og_image":[{"width":1024,"height":683,"url":"https:\/\/videstehnika.lv\/wp-content\/uploads\/2024\/08\/Apkures-atdalisanas-un-hidroizolacijas-membrana-Schluter-DITRA-HEAT-DUO_2.jpg","type":"image\/jpeg"}],"twitter_card":"summary_large_image","twitter_misc":{"Est. reading time":"4 minutit"},"schema":{"@context":"https:\/\/schema.org","@graph":[{"@type":"WebPage","@id":"https:\/\/videstehnika.lv\/katalogs\/buvmateriali-buvei-remontam-un-ieksdarbiem\/atdalosie-paklaji\/elektriska-apsilde-ditra-heat-duo-ar-skanas-izolaciju\/","url":"https:\/\/videstehnika.lv\/katalogs\/buvmateriali-buvei-remontam-un-ieksdarbiem\/atdalosie-paklaji\/elektriska-apsilde-ditra-heat-duo-ar-skanas-izolaciju\/","name":"DITRA-HEAT-DUO univers\u0101la membr\u0101na ar vietu elektrisko apsildes kabe\u013cu mont\u0101\u017eai un ar ska\u0146as izol\u0101ciju &#8226; Vides Tehnika","isPartOf":{"@id":"https:\/\/videstehnika.lv\/et\/#website"},"primaryImageOfPage":{"@id":"https:\/\/videstehnika.lv\/katalogs\/buvmateriali-buvei-remontam-un-ieksdarbiem\/atdalosie-paklaji\/elektriska-apsilde-ditra-heat-duo-ar-skanas-izolaciju\/#primaryimage"},"image":{"@id":"https:\/\/videstehnika.lv\/katalogs\/buvmateriali-buvei-remontam-un-ieksdarbiem\/atdalosie-paklaji\/elektriska-apsilde-ditra-heat-duo-ar-skanas-izolaciju\/#primaryimage"},"thumbnailUrl":"https:\/\/videstehnika.lv\/wp-content\/uploads\/2024\/08\/Apkures-atdalisanas-un-hidroizolacijas-membrana-Schluter-DITRA-HEAT-DUO_2.jpg","datePublished":"2024-08-05T11:29:52+00:00","dateModified":"2026-01-13T13:51:43+00:00","breadcrumb":{"@id":"https:\/\/videstehnika.lv\/katalogs\/buvmateriali-buvei-remontam-un-ieksdarbiem\/atdalosie-paklaji\/elektriska-apsilde-ditra-heat-duo-ar-skanas-izolaciju\/#breadcrumb"},"inLanguage":"et","potentialAction":[{"@type":"ReadAction","target":["https:\/\/videstehnika.lv\/katalogs\/buvmateriali-buvei-remontam-un-ieksdarbiem\/atdalosie-paklaji\/elektriska-apsilde-ditra-heat-duo-ar-skanas-izolaciju\/"]}]},{"@type":"ImageObject","inLanguage":"et","@id":"https:\/\/videstehnika.lv\/katalogs\/buvmateriali-buvei-remontam-un-ieksdarbiem\/atdalosie-paklaji\/elektriska-apsilde-ditra-heat-duo-ar-skanas-izolaciju\/#primaryimage","url":"https:\/\/videstehnika.lv\/wp-content\/uploads\/2024\/08\/Apkures-atdalisanas-un-hidroizolacijas-membrana-Schluter-DITRA-HEAT-DUO_2.jpg","contentUrl":"https:\/\/videstehnika.lv\/wp-content\/uploads\/2024\/08\/Apkures-atdalisanas-un-hidroizolacijas-membrana-Schluter-DITRA-HEAT-DUO_2.jpg","width":1024,"height":683},{"@type":"BreadcrumbList","@id":"https:\/\/videstehnika.lv\/katalogs\/buvmateriali-buvei-remontam-un-ieksdarbiem\/atdalosie-paklaji\/elektriska-apsilde-ditra-heat-duo-ar-skanas-izolaciju\/#breadcrumb","itemListElement":[{"@type":"ListItem","position":1,"name":"Home","item":"https:\/\/videstehnika.lv\/et\/"},{"@type":"ListItem","position":2,"name":"Kataloog","item":"https:\/\/videstehnika.lv\/et\/kataloog\/"},{"@type":"ListItem","position":3,"name":"DITRA-HEAT-DUO univers\u0101la membr\u0101na ar vietu elektrisko apsildes kabe\u013cu mont\u0101\u017eai un ar ska\u0146as izol\u0101ciju"}]},{"@type":"WebSite","@id":"https:\/\/videstehnika.lv\/et\/#website","url":"https:\/\/videstehnika.lv\/et\/","name":"Vides Tehnika","description":"","potentialAction":[{"@type":"SearchAction","target":{"@type":"EntryPoint","urlTemplate":"https:\/\/videstehnika.lv\/et\/?s={search_term_string}"},"query-input":{"@type":"PropertyValueSpecification","valueRequired":true,"valueName":"search_term_string"}}],"inLanguage":"et"}]}},"_links":{"self":[{"href":"https:\/\/videstehnika.lv\/et\/wp-json\/wp\/v2\/product\/38295","targetHints":{"allow":["GET"]}}],"collection":[{"href":"https:\/\/videstehnika.lv\/et\/wp-json\/wp\/v2\/product"}],"about":[{"href":"https:\/\/videstehnika.lv\/et\/wp-json\/wp\/v2\/types\/product"}],"wp:featuredmedia":[{"embeddable":true,"href":"https:\/\/videstehnika.lv\/et\/wp-json\/wp\/v2\/media\/38301"}],"wp:attachment":[{"href":"https:\/\/videstehnika.lv\/et\/wp-json\/wp\/v2\/media?parent=38295"}],"wp:term":[{"taxonomy":"product_cat","embeddable":true,"href":"https:\/\/videstehnika.lv\/et\/wp-json\/wp\/v2\/product_cat?post=38295"},{"taxonomy":"product_tag","embeddable":true,"href":"https:\/\/videstehnika.lv\/et\/wp-json\/wp\/v2\/product_tag?post=38295"}],"curies":[{"name":"wp","href":"https:\/\/api.w.org\/{rel}","templated":true}]}}