{"id":3896,"date":"2020-07-13T14:29:05","date_gmt":"2020-07-13T11:29:05","guid":{"rendered":"https:\/\/videstehnika.lv\/?post_type=product&#038;p=3896"},"modified":"2025-06-27T09:12:05","modified_gmt":"2025-06-27T06:12:05","slug":"fibrolita-platne-celtniecibas","status":"publish","type":"product","link":"https:\/\/videstehnika.lv\/katalogs\/buvmateriali-buvei-remontam-un-ieksdarbiem\/fibrolita-platne-celtniecibas\/","title":{"rendered":"Konstrukt\u012bv\u0101s pl\u0101tnes"},"content":{"rendered":"<h2>Konstrukt\u012bv\u0101s pl\u0101tnes<\/h2>\n<p>Konstrukt\u012bvo pl\u0101t\u0146u (fibrol\u012bta) pielietojuma konstrukcijas pied\u0101v\u0101 racion\u0101lus siltumizol\u0101cijas, ska\u0146as izol\u0101cijas un norobe\u017eojo\u0161o konstrukciju izb\u016bves risin\u0101jumus jaunu \u0113ku celtniec\u012bbas, \u0113ku p\u0101rb\u016bves un atjauno\u0161anas projektos.<\/p>\n<p>Fibrol\u012bta pl\u0101tnes ir ra\u017eotas Latvij\u0101. T\u0101s ir ekolo\u0123iskas, dab\u012bgas, videi un vesel\u012bbai draudz\u012bgas. Pateicoties dab\u012bgaj\u0101m izejviel\u0101m, pl\u0101t\u0146u konstrukcijas veido pat\u012bkamu mikroklimatu, rakstur\u012bgu videi ar dab\u012bga koka apdari.<\/p>\n<p>Fibrol\u012bta pl\u0101tn\u0113m ir augsti siltuma ietilp\u012bbas r\u0101d\u012bt\u0101ji, kas \u013cauj pasarg\u0101t telpas no strauj\u0101m temperat\u016bras sv\u0101rst\u012bb\u0101m. T\u0101m ir augsta ugunsiztur\u012bba ar lab\u0101m akustiskaj\u0101m un siltumizol\u0101cijas \u012bpa\u0161\u012bb\u0101m. Pl\u0101tnes ekspluat\u0101cijas laik\u0101 nemaina savas \u012bpa\u0161\u012bbas.<\/p>\n<h2><strong>Fibrol\u012bta pl\u0101t\u0146u priek\u0161roc\u012bbas<\/strong><\/h2>\n<ul>\n<li>Ekolo\u0123iskums;<\/li>\n<li>Siltumizol\u0101cija;<\/li>\n<li>Ska\u0146as izol\u0101cija.<\/li>\n<\/ul>\n<h3><strong>Fibrol\u012bta pl\u0101t\u0146u pielietojums<\/strong><\/h3>\n<ul>\n<li>Koka karkasa m\u0101jas;<\/li>\n<li>\u0112ku p\u0101rb\u016bve un atjauno\u0161ana;<\/li>\n<li>Fas\u0101\u017eu siltin\u0101\u0161ana, apdare;<\/li>\n<li>\u0100r\u0113jo, iek\u0161\u0113jo sienu izb\u016bve;<\/li>\n<li>Starpsienu izb\u016bve;<\/li>\n<li>P\u0101rsegumi un jumti;<\/li>\n<li>Durvju un logu ailes;<\/li>\n<li>Palieko\u0161ie veid\u0146i.<\/li>\n<\/ul>\n","protected":false},"excerpt":{"rendered":"<p>Cena nor\u0101d\u012bta par pl\u0101ksni<\/p>\n","protected":false},"featured_media":3904,"template":"","meta":{"_acf_changed":false},"product_cat":[70,98],"product_tag":[],"class_list":{"0":"post-3896","1":"product","2":"type-product","3":"status-publish","4":"has-post-thumbnail","6":"product_cat-buvmateriali-buvei-remontam-un-ieksdarbiem","7":"product_cat-fibrolita-plaksnes","9":"first","10":"instock","11":"featured","12":"taxable","13":"shipping-taxable","14":"purchasable","15":"product-type-variable"},"acf":[],"yoast_head":"<!-- This site is optimized with the Yoast SEO plugin v24.2 - https:\/\/yoast.com\/wordpress\/plugins\/seo\/ -->\n<title>Konstrukt\u012bv\u0101s pl\u0101tnes &#8226; Vides Tehnika<\/title>\n<meta name=\"description\" content=\"Fibrol\u012bta pl\u0101kses pielieto siltumizol\u0101cijas, ska\u0146as izol\u0101cijas un norobe\u017eojo\u0161o konstrukciju izb\u016bves risin\u0101jumos.\" \/>\n<meta name=\"robots\" content=\"index, follow, max-snippet:-1, max-image-preview:large, max-video-preview:-1\" \/>\n<link rel=\"canonical\" href=\"https:\/\/videstehnika.lv\/et\/katalogs\/buvmateriali-buvei-remontam-un-ieksdarbiem\/fibrolita-platne-celtniecibas\/\" \/>\n<meta property=\"og:locale\" content=\"et_EE\" \/>\n<meta property=\"og:type\" content=\"article\" \/>\n<meta property=\"og:title\" content=\"Konstrukt\u012bv\u0101s pl\u0101tnes &#8226; Vides Tehnika\" \/>\n<meta property=\"og:description\" content=\"Fibrol\u012bta pl\u0101kses pielieto siltumizol\u0101cijas, ska\u0146as izol\u0101cijas un norobe\u017eojo\u0161o konstrukciju izb\u016bves risin\u0101jumos.\" \/>\n<meta property=\"og:url\" content=\"https:\/\/videstehnika.lv\/katalogs\/buvmateriali-buvei-remontam-un-ieksdarbiem\/fibrolita-platne-celtniecibas\/\" \/>\n<meta property=\"og:site_name\" content=\"Vides Tehnika\" \/>\n<meta property=\"article:modified_time\" content=\"2025-06-27T06:12:05+00:00\" \/>\n<meta property=\"og:image\" content=\"https:\/\/videstehnika.lv\/wp-content\/uploads\/2020\/07\/vides-tehnika-fibrolita-platne-celtniecibas-cewood.jpg\" \/>\n\t<meta property=\"og:image:width\" content=\"900\" \/>\n\t<meta property=\"og:image:height\" content=\"900\" \/>\n\t<meta property=\"og:image:type\" content=\"image\/jpeg\" \/>\n<meta name=\"twitter:card\" content=\"summary_large_image\" \/>\n<meta name=\"twitter:label1\" content=\"Est. reading time\" \/>\n\t<meta name=\"twitter:data1\" content=\"1 minut\" \/>\n<script type=\"application\/ld+json\" class=\"yoast-schema-graph\">{\"@context\":\"https:\/\/schema.org\",\"@graph\":[{\"@type\":\"WebPage\",\"@id\":\"https:\/\/videstehnika.lv\/katalogs\/buvmateriali-buvei-remontam-un-ieksdarbiem\/fibrolita-platne-celtniecibas\/\",\"url\":\"https:\/\/videstehnika.lv\/katalogs\/buvmateriali-buvei-remontam-un-ieksdarbiem\/fibrolita-platne-celtniecibas\/\",\"name\":\"Konstrukt\u012bv\u0101s pl\u0101tnes &#8226; Vides Tehnika\",\"isPartOf\":{\"@id\":\"https:\/\/videstehnika.lv\/et\/#website\"},\"primaryImageOfPage\":{\"@id\":\"https:\/\/videstehnika.lv\/katalogs\/buvmateriali-buvei-remontam-un-ieksdarbiem\/fibrolita-platne-celtniecibas\/#primaryimage\"},\"image\":{\"@id\":\"https:\/\/videstehnika.lv\/katalogs\/buvmateriali-buvei-remontam-un-ieksdarbiem\/fibrolita-platne-celtniecibas\/#primaryimage\"},\"thumbnailUrl\":\"https:\/\/videstehnika.lv\/wp-content\/uploads\/2020\/07\/vides-tehnika-fibrolita-platne-celtniecibas-cewood.jpg\",\"datePublished\":\"2020-07-13T11:29:05+00:00\",\"dateModified\":\"2025-06-27T06:12:05+00:00\",\"description\":\"Fibrol\u012bta pl\u0101kses pielieto siltumizol\u0101cijas, ska\u0146as izol\u0101cijas un norobe\u017eojo\u0161o konstrukciju izb\u016bves risin\u0101jumos.\",\"breadcrumb\":{\"@id\":\"https:\/\/videstehnika.lv\/katalogs\/buvmateriali-buvei-remontam-un-ieksdarbiem\/fibrolita-platne-celtniecibas\/#breadcrumb\"},\"inLanguage\":\"et\",\"potentialAction\":[{\"@type\":\"ReadAction\",\"target\":[\"https:\/\/videstehnika.lv\/katalogs\/buvmateriali-buvei-remontam-un-ieksdarbiem\/fibrolita-platne-celtniecibas\/\"]}]},{\"@type\":\"ImageObject\",\"inLanguage\":\"et\",\"@id\":\"https:\/\/videstehnika.lv\/katalogs\/buvmateriali-buvei-remontam-un-ieksdarbiem\/fibrolita-platne-celtniecibas\/#primaryimage\",\"url\":\"https:\/\/videstehnika.lv\/wp-content\/uploads\/2020\/07\/vides-tehnika-fibrolita-platne-celtniecibas-cewood.jpg\",\"contentUrl\":\"https:\/\/videstehnika.lv\/wp-content\/uploads\/2020\/07\/vides-tehnika-fibrolita-platne-celtniecibas-cewood.jpg\",\"width\":900,\"height\":900,\"caption\":\"CEWOOD izstr\u0101d\u0101t\u0101s konstrukt\u012bvo pl\u0101t\u0146u (fibrol\u012bta) pielietojuma konstrukcijas pied\u0101v\u0101 racion\u0101lus siltumizol\u0101cijas, ska\u0146as izol\u0101cijas un norobe\u017eojo\u0161o konstrukciju izb\u016bves risin\u0101jumus jaunu \u0113ku celtniec\u012bbas, \u0113ku p\u0101rb\u016bves un atjauno\u0161anas projektos.\"},{\"@type\":\"BreadcrumbList\",\"@id\":\"https:\/\/videstehnika.lv\/katalogs\/buvmateriali-buvei-remontam-un-ieksdarbiem\/fibrolita-platne-celtniecibas\/#breadcrumb\",\"itemListElement\":[{\"@type\":\"ListItem\",\"position\":1,\"name\":\"Home\",\"item\":\"https:\/\/videstehnika.lv\/et\/\"},{\"@type\":\"ListItem\",\"position\":2,\"name\":\"Kataloog\",\"item\":\"https:\/\/videstehnika.lv\/et\/kataloog\/\"},{\"@type\":\"ListItem\",\"position\":3,\"name\":\"Konstrukt\u012bv\u0101s pl\u0101tnes\"}]},{\"@type\":\"WebSite\",\"@id\":\"https:\/\/videstehnika.lv\/et\/#website\",\"url\":\"https:\/\/videstehnika.lv\/et\/\",\"name\":\"Vides Tehnika\",\"description\":\"\",\"potentialAction\":[{\"@type\":\"SearchAction\",\"target\":{\"@type\":\"EntryPoint\",\"urlTemplate\":\"https:\/\/videstehnika.lv\/et\/?s={search_term_string}\"},\"query-input\":{\"@type\":\"PropertyValueSpecification\",\"valueRequired\":true,\"valueName\":\"search_term_string\"}}],\"inLanguage\":\"et\"}]}<\/script>\n<!-- \/ Yoast SEO plugin. -->","yoast_head_json":{"title":"Konstrukt\u012bv\u0101s pl\u0101tnes &#8226; Vides Tehnika","description":"Fibrol\u012bta pl\u0101kses pielieto siltumizol\u0101cijas, ska\u0146as izol\u0101cijas un norobe\u017eojo\u0161o konstrukciju izb\u016bves risin\u0101jumos.","robots":{"index":"index","follow":"follow","max-snippet":"max-snippet:-1","max-image-preview":"max-image-preview:large","max-video-preview":"max-video-preview:-1"},"canonical":"https:\/\/videstehnika.lv\/et\/katalogs\/buvmateriali-buvei-remontam-un-ieksdarbiem\/fibrolita-platne-celtniecibas\/","og_locale":"et_EE","og_type":"article","og_title":"Konstrukt\u012bv\u0101s pl\u0101tnes &#8226; Vides Tehnika","og_description":"Fibrol\u012bta pl\u0101kses pielieto siltumizol\u0101cijas, ska\u0146as izol\u0101cijas un norobe\u017eojo\u0161o konstrukciju izb\u016bves risin\u0101jumos.","og_url":"https:\/\/videstehnika.lv\/katalogs\/buvmateriali-buvei-remontam-un-ieksdarbiem\/fibrolita-platne-celtniecibas\/","og_site_name":"Vides Tehnika","article_modified_time":"2025-06-27T06:12:05+00:00","og_image":[{"width":900,"height":900,"url":"https:\/\/videstehnika.lv\/wp-content\/uploads\/2020\/07\/vides-tehnika-fibrolita-platne-celtniecibas-cewood.jpg","type":"image\/jpeg"}],"twitter_card":"summary_large_image","twitter_misc":{"Est. reading time":"1 minut"},"schema":{"@context":"https:\/\/schema.org","@graph":[{"@type":"WebPage","@id":"https:\/\/videstehnika.lv\/katalogs\/buvmateriali-buvei-remontam-un-ieksdarbiem\/fibrolita-platne-celtniecibas\/","url":"https:\/\/videstehnika.lv\/katalogs\/buvmateriali-buvei-remontam-un-ieksdarbiem\/fibrolita-platne-celtniecibas\/","name":"Konstrukt\u012bv\u0101s pl\u0101tnes &#8226; Vides Tehnika","isPartOf":{"@id":"https:\/\/videstehnika.lv\/et\/#website"},"primaryImageOfPage":{"@id":"https:\/\/videstehnika.lv\/katalogs\/buvmateriali-buvei-remontam-un-ieksdarbiem\/fibrolita-platne-celtniecibas\/#primaryimage"},"image":{"@id":"https:\/\/videstehnika.lv\/katalogs\/buvmateriali-buvei-remontam-un-ieksdarbiem\/fibrolita-platne-celtniecibas\/#primaryimage"},"thumbnailUrl":"https:\/\/videstehnika.lv\/wp-content\/uploads\/2020\/07\/vides-tehnika-fibrolita-platne-celtniecibas-cewood.jpg","datePublished":"2020-07-13T11:29:05+00:00","dateModified":"2025-06-27T06:12:05+00:00","description":"Fibrol\u012bta pl\u0101kses pielieto siltumizol\u0101cijas, ska\u0146as izol\u0101cijas un norobe\u017eojo\u0161o konstrukciju izb\u016bves risin\u0101jumos.","breadcrumb":{"@id":"https:\/\/videstehnika.lv\/katalogs\/buvmateriali-buvei-remontam-un-ieksdarbiem\/fibrolita-platne-celtniecibas\/#breadcrumb"},"inLanguage":"et","potentialAction":[{"@type":"ReadAction","target":["https:\/\/videstehnika.lv\/katalogs\/buvmateriali-buvei-remontam-un-ieksdarbiem\/fibrolita-platne-celtniecibas\/"]}]},{"@type":"ImageObject","inLanguage":"et","@id":"https:\/\/videstehnika.lv\/katalogs\/buvmateriali-buvei-remontam-un-ieksdarbiem\/fibrolita-platne-celtniecibas\/#primaryimage","url":"https:\/\/videstehnika.lv\/wp-content\/uploads\/2020\/07\/vides-tehnika-fibrolita-platne-celtniecibas-cewood.jpg","contentUrl":"https:\/\/videstehnika.lv\/wp-content\/uploads\/2020\/07\/vides-tehnika-fibrolita-platne-celtniecibas-cewood.jpg","width":900,"height":900,"caption":"CEWOOD izstr\u0101d\u0101t\u0101s konstrukt\u012bvo pl\u0101t\u0146u (fibrol\u012bta) pielietojuma konstrukcijas pied\u0101v\u0101 racion\u0101lus siltumizol\u0101cijas, ska\u0146as izol\u0101cijas un norobe\u017eojo\u0161o konstrukciju izb\u016bves risin\u0101jumus jaunu \u0113ku celtniec\u012bbas, \u0113ku p\u0101rb\u016bves un atjauno\u0161anas projektos."},{"@type":"BreadcrumbList","@id":"https:\/\/videstehnika.lv\/katalogs\/buvmateriali-buvei-remontam-un-ieksdarbiem\/fibrolita-platne-celtniecibas\/#breadcrumb","itemListElement":[{"@type":"ListItem","position":1,"name":"Home","item":"https:\/\/videstehnika.lv\/et\/"},{"@type":"ListItem","position":2,"name":"Kataloog","item":"https:\/\/videstehnika.lv\/et\/kataloog\/"},{"@type":"ListItem","position":3,"name":"Konstrukt\u012bv\u0101s pl\u0101tnes"}]},{"@type":"WebSite","@id":"https:\/\/videstehnika.lv\/et\/#website","url":"https:\/\/videstehnika.lv\/et\/","name":"Vides Tehnika","description":"","potentialAction":[{"@type":"SearchAction","target":{"@type":"EntryPoint","urlTemplate":"https:\/\/videstehnika.lv\/et\/?s={search_term_string}"},"query-input":{"@type":"PropertyValueSpecification","valueRequired":true,"valueName":"search_term_string"}}],"inLanguage":"et"}]}},"_links":{"self":[{"href":"https:\/\/videstehnika.lv\/et\/wp-json\/wp\/v2\/product\/3896","targetHints":{"allow":["GET"]}}],"collection":[{"href":"https:\/\/videstehnika.lv\/et\/wp-json\/wp\/v2\/product"}],"about":[{"href":"https:\/\/videstehnika.lv\/et\/wp-json\/wp\/v2\/types\/product"}],"wp:featuredmedia":[{"embeddable":true,"href":"https:\/\/videstehnika.lv\/et\/wp-json\/wp\/v2\/media\/3904"}],"wp:attachment":[{"href":"https:\/\/videstehnika.lv\/et\/wp-json\/wp\/v2\/media?parent=3896"}],"wp:term":[{"taxonomy":"product_cat","embeddable":true,"href":"https:\/\/videstehnika.lv\/et\/wp-json\/wp\/v2\/product_cat?post=3896"},{"taxonomy":"product_tag","embeddable":true,"href":"https:\/\/videstehnika.lv\/et\/wp-json\/wp\/v2\/product_tag?post=3896"}],"curies":[{"name":"wp","href":"https:\/\/api.w.org\/{rel}","templated":true}]}}