{"id":3919,"date":"2020-07-13T16:03:18","date_gmt":"2020-07-13T13:03:18","guid":{"rendered":"https:\/\/videstehnika.lv\/?post_type=product&#038;p=3919"},"modified":"2024-07-04T08:46:31","modified_gmt":"2024-07-04T05:46:31","slug":"celulozes-granulas-asfaltam","status":"publish","type":"product","link":"https:\/\/videstehnika.lv\/katalogs\/buvmateriali-buvei-remontam-un-ieksdarbiem\/celulozes-granulas-asfaltam\/","title":{"rendered":"Celulozes granulas asfaltam S Cel 7G"},"content":{"rendered":"<h2>Celulozes granulas asfaltam S Cel 7G<\/h2>\n<p>SIA Vides Tehnika ir AS CIUR ofici\u0101lais p\u0101rst\u0101vis Baltijas valst\u012bs un pied\u0101v\u0101 divas da\u017e\u0101da tipa S \u2013 CEL7 asfalta piedevas \u2013 t\u012bru celulozes \u0161\u0137iedru un celulozes \u0161\u0137iedru sapres\u0113tu granul\u0101s.<\/p>\n<p>Celulozes \u0161\u0137iedra ir ra\u017eota no r\u016bp\u012bgi \u0161\u0137irotas makulat\u016bras p\u0113c m\u016bsu pras\u012bbu standarta, tad meh\u0101niski apstr\u0101d\u0101ta ar speci\u0101li ra\u017eot\u0101m iek\u0101rt\u0101m.<\/p>\n<p>\u0160\u0137iedra tiek sagatavota p\u0113c standarta vai klientu piepras\u012bt\u0101s specifik\u0101cijas ar \u0161\u0137iedras izm\u0113ru robe\u017e\u0101s no 30 l\u012bdz 3000 mikroniem.<\/p>\n<p>Klientiem, kuri nepieprasa da\u017e\u0101da izm\u0113ra \u0161\u0137iedras, celulozes \u0161\u0137iedras tiek ra\u017eotas granulu form\u0101.<\/p>\n<h2><strong>Celulozes granulu priek\u0161roc\u012bbas<\/strong><\/h2>\n<ul>\n<li>Ne\u0161\u0137\u012bst \u016bden\u012b un organiskajos \u0161\u0137\u012bdin\u0101t\u0101jos;<\/li>\n<li>Iztur\u012bgs at\u0161\u0137aid\u012bts sk\u0101b\u0113s un s\u0101rmos;<\/li>\n<li>Iztur\u012bgs temperat\u016bras amplit\u016bd\u0101 no -50\u00b0 C l\u012bdz +195\u00b0 C;<\/li>\n<li>Vid\u0113jais nepiecie\u0161amais daudzums: 0,3% l\u012bdz 0,8%;<\/li>\n<li>Mitruma saturs: 4% l\u012bdz 8%.<\/li>\n<\/ul>\n<h3><strong>Ieguvumi no celulozes granul\u0101m<\/strong><\/h3>\n<ul>\n<li>Tr\u012bsdimension\u0101lais sasaist\u012b\u0161an\u0101s efekts piedod notur\u012bbu;<\/li>\n<li>Pirmklas\u012bgs inhibitors;<\/li>\n<li>Tiksotropiskuma kontrole;<\/li>\n<li>Rukuma kontrole;<\/li>\n<li>\u017d\u016b\u0161anas ilguma kontrole;<\/li>\n<li>Palielin\u0101s tilpuma kontrole;<\/li>\n<li>Lab\u0101ka sasaistes stipr\u012bba.<\/li>\n<\/ul>\n<h4><strong>Iesp\u0113jamie granulu iepakojumi<\/strong><\/h4>\n<ul>\n<li>Pl\u0113ves maisi\u0146i ar svaru no 2kg-15kg ar soli 100gr;<\/li>\n<li>Big Bag maisi 500kg;<\/li>\n<li>Big Bag maisi 1000kg.<\/li>\n<\/ul>\n","protected":false},"excerpt":{"rendered":"<p>Celulozes granulas asfaltam S Cel 7G SIA Vides Tehnika ir AS CIUR ofici\u0101lais p\u0101rst\u0101vis Baltijas valst\u012bs un pied\u0101v\u0101 divas da\u017e\u0101da<\/p>\n","protected":false},"featured_media":3921,"template":"","meta":{"_acf_changed":false},"product_cat":[70,99],"product_tag":[],"class_list":{"0":"post-3919","1":"product","2":"type-product","3":"status-publish","4":"has-post-thumbnail","6":"product_cat-buvmateriali-buvei-remontam-un-ieksdarbiem","7":"product_cat-materiali-celam","9":"first","10":"instock","11":"taxable","12":"shipping-taxable","13":"purchasable","14":"product-type-simple"},"acf":[],"yoast_head":"<!-- This site is optimized with the Yoast SEO plugin v24.2 - https:\/\/yoast.com\/wordpress\/plugins\/seo\/ -->\n<title>Celulozes granulas asfaltam S Cel 7G &#8226; Vides Tehnika<\/title>\n<meta name=\"description\" content=\"Celulozes \u0161\u0137iedras granulas &quot;S Cel 7G&quot; tiek ra\u017eotas no r\u016bp\u012bgi \u0161\u0137irotas makulat\u016bras un t\u0101s kalpo k\u0101 asfalta piedeva.\" \/>\n<meta name=\"robots\" content=\"index, follow, max-snippet:-1, max-image-preview:large, max-video-preview:-1\" \/>\n<link rel=\"canonical\" href=\"https:\/\/videstehnika.lv\/et\/katalogs\/buvmateriali-buvei-remontam-un-ieksdarbiem\/celulozes-granulas-asfaltam\/\" \/>\n<meta property=\"og:locale\" content=\"et_EE\" \/>\n<meta property=\"og:type\" content=\"article\" \/>\n<meta property=\"og:title\" content=\"Celulozes granulas asfaltam S Cel 7G &#8226; Vides Tehnika\" \/>\n<meta property=\"og:description\" content=\"Celulozes \u0161\u0137iedras granulas &quot;S Cel 7G&quot; tiek ra\u017eotas no r\u016bp\u012bgi \u0161\u0137irotas makulat\u016bras un t\u0101s kalpo k\u0101 asfalta piedeva.\" \/>\n<meta property=\"og:url\" content=\"https:\/\/videstehnika.lv\/katalogs\/buvmateriali-buvei-remontam-un-ieksdarbiem\/celulozes-granulas-asfaltam\/\" \/>\n<meta property=\"og:site_name\" content=\"Vides Tehnika\" \/>\n<meta property=\"article:modified_time\" content=\"2024-07-04T05:46:31+00:00\" \/>\n<meta property=\"og:image\" content=\"https:\/\/videstehnika.lv\/wp-content\/uploads\/2020\/07\/vides-tehnika-asfalta-piedevas-granulas.jpg\" \/>\n\t<meta property=\"og:image:width\" content=\"900\" \/>\n\t<meta property=\"og:image:height\" content=\"900\" \/>\n\t<meta property=\"og:image:type\" content=\"image\/jpeg\" \/>\n<meta name=\"twitter:card\" content=\"summary_large_image\" \/>\n<meta name=\"twitter:label1\" content=\"Est. reading time\" \/>\n\t<meta name=\"twitter:data1\" content=\"1 minut\" \/>\n<script type=\"application\/ld+json\" class=\"yoast-schema-graph\">{\"@context\":\"https:\/\/schema.org\",\"@graph\":[{\"@type\":\"WebPage\",\"@id\":\"https:\/\/videstehnika.lv\/katalogs\/buvmateriali-buvei-remontam-un-ieksdarbiem\/celulozes-granulas-asfaltam\/\",\"url\":\"https:\/\/videstehnika.lv\/katalogs\/buvmateriali-buvei-remontam-un-ieksdarbiem\/celulozes-granulas-asfaltam\/\",\"name\":\"Celulozes granulas asfaltam S Cel 7G &#8226; Vides Tehnika\",\"isPartOf\":{\"@id\":\"https:\/\/videstehnika.lv\/et\/#website\"},\"primaryImageOfPage\":{\"@id\":\"https:\/\/videstehnika.lv\/katalogs\/buvmateriali-buvei-remontam-un-ieksdarbiem\/celulozes-granulas-asfaltam\/#primaryimage\"},\"image\":{\"@id\":\"https:\/\/videstehnika.lv\/katalogs\/buvmateriali-buvei-remontam-un-ieksdarbiem\/celulozes-granulas-asfaltam\/#primaryimage\"},\"thumbnailUrl\":\"https:\/\/videstehnika.lv\/wp-content\/uploads\/2020\/07\/vides-tehnika-asfalta-piedevas-granulas.jpg\",\"datePublished\":\"2020-07-13T13:03:18+00:00\",\"dateModified\":\"2024-07-04T05:46:31+00:00\",\"description\":\"Celulozes \u0161\u0137iedras granulas \\\"S Cel 7G\\\" tiek ra\u017eotas no r\u016bp\u012bgi \u0161\u0137irotas makulat\u016bras un t\u0101s kalpo k\u0101 asfalta piedeva.\",\"breadcrumb\":{\"@id\":\"https:\/\/videstehnika.lv\/katalogs\/buvmateriali-buvei-remontam-un-ieksdarbiem\/celulozes-granulas-asfaltam\/#breadcrumb\"},\"inLanguage\":\"et\",\"potentialAction\":[{\"@type\":\"ReadAction\",\"target\":[\"https:\/\/videstehnika.lv\/katalogs\/buvmateriali-buvei-remontam-un-ieksdarbiem\/celulozes-granulas-asfaltam\/\"]}]},{\"@type\":\"ImageObject\",\"inLanguage\":\"et\",\"@id\":\"https:\/\/videstehnika.lv\/katalogs\/buvmateriali-buvei-remontam-un-ieksdarbiem\/celulozes-granulas-asfaltam\/#primaryimage\",\"url\":\"https:\/\/videstehnika.lv\/wp-content\/uploads\/2020\/07\/vides-tehnika-asfalta-piedevas-granulas.jpg\",\"contentUrl\":\"https:\/\/videstehnika.lv\/wp-content\/uploads\/2020\/07\/vides-tehnika-asfalta-piedevas-granulas.jpg\",\"width\":900,\"height\":900,\"caption\":\"Celulozes \u0161\u0137iedras granulas tiek ra\u017eotas no r\u016bp\u012bgi \u0161\u0137irotas makulat\u016bras, meh\u0101niski apstr\u0101d\u0101tas un sapres\u0113tas granulu form\u0101. Celulozes granulas S Cel 7G kalpo k\u0101 asfalta piedeva.\"},{\"@type\":\"BreadcrumbList\",\"@id\":\"https:\/\/videstehnika.lv\/katalogs\/buvmateriali-buvei-remontam-un-ieksdarbiem\/celulozes-granulas-asfaltam\/#breadcrumb\",\"itemListElement\":[{\"@type\":\"ListItem\",\"position\":1,\"name\":\"Home\",\"item\":\"https:\/\/videstehnika.lv\/et\/\"},{\"@type\":\"ListItem\",\"position\":2,\"name\":\"Kataloog\",\"item\":\"https:\/\/videstehnika.lv\/et\/kataloog\/\"},{\"@type\":\"ListItem\",\"position\":3,\"name\":\"Celulozes granulas asfaltam S Cel 7G\"}]},{\"@type\":\"WebSite\",\"@id\":\"https:\/\/videstehnika.lv\/et\/#website\",\"url\":\"https:\/\/videstehnika.lv\/et\/\",\"name\":\"Vides Tehnika\",\"description\":\"\",\"potentialAction\":[{\"@type\":\"SearchAction\",\"target\":{\"@type\":\"EntryPoint\",\"urlTemplate\":\"https:\/\/videstehnika.lv\/et\/?s={search_term_string}\"},\"query-input\":{\"@type\":\"PropertyValueSpecification\",\"valueRequired\":true,\"valueName\":\"search_term_string\"}}],\"inLanguage\":\"et\"}]}<\/script>\n<!-- \/ Yoast SEO plugin. -->","yoast_head_json":{"title":"Celulozes granulas asfaltam S Cel 7G &#8226; Vides Tehnika","description":"Celulozes \u0161\u0137iedras granulas \"S Cel 7G\" tiek ra\u017eotas no r\u016bp\u012bgi \u0161\u0137irotas makulat\u016bras un t\u0101s kalpo k\u0101 asfalta piedeva.","robots":{"index":"index","follow":"follow","max-snippet":"max-snippet:-1","max-image-preview":"max-image-preview:large","max-video-preview":"max-video-preview:-1"},"canonical":"https:\/\/videstehnika.lv\/et\/katalogs\/buvmateriali-buvei-remontam-un-ieksdarbiem\/celulozes-granulas-asfaltam\/","og_locale":"et_EE","og_type":"article","og_title":"Celulozes granulas asfaltam S Cel 7G &#8226; Vides Tehnika","og_description":"Celulozes \u0161\u0137iedras granulas \"S Cel 7G\" tiek ra\u017eotas no r\u016bp\u012bgi \u0161\u0137irotas makulat\u016bras un t\u0101s kalpo k\u0101 asfalta piedeva.","og_url":"https:\/\/videstehnika.lv\/katalogs\/buvmateriali-buvei-remontam-un-ieksdarbiem\/celulozes-granulas-asfaltam\/","og_site_name":"Vides Tehnika","article_modified_time":"2024-07-04T05:46:31+00:00","og_image":[{"width":900,"height":900,"url":"https:\/\/videstehnika.lv\/wp-content\/uploads\/2020\/07\/vides-tehnika-asfalta-piedevas-granulas.jpg","type":"image\/jpeg"}],"twitter_card":"summary_large_image","twitter_misc":{"Est. reading time":"1 minut"},"schema":{"@context":"https:\/\/schema.org","@graph":[{"@type":"WebPage","@id":"https:\/\/videstehnika.lv\/katalogs\/buvmateriali-buvei-remontam-un-ieksdarbiem\/celulozes-granulas-asfaltam\/","url":"https:\/\/videstehnika.lv\/katalogs\/buvmateriali-buvei-remontam-un-ieksdarbiem\/celulozes-granulas-asfaltam\/","name":"Celulozes granulas asfaltam S Cel 7G &#8226; Vides Tehnika","isPartOf":{"@id":"https:\/\/videstehnika.lv\/et\/#website"},"primaryImageOfPage":{"@id":"https:\/\/videstehnika.lv\/katalogs\/buvmateriali-buvei-remontam-un-ieksdarbiem\/celulozes-granulas-asfaltam\/#primaryimage"},"image":{"@id":"https:\/\/videstehnika.lv\/katalogs\/buvmateriali-buvei-remontam-un-ieksdarbiem\/celulozes-granulas-asfaltam\/#primaryimage"},"thumbnailUrl":"https:\/\/videstehnika.lv\/wp-content\/uploads\/2020\/07\/vides-tehnika-asfalta-piedevas-granulas.jpg","datePublished":"2020-07-13T13:03:18+00:00","dateModified":"2024-07-04T05:46:31+00:00","description":"Celulozes \u0161\u0137iedras granulas \"S Cel 7G\" tiek ra\u017eotas no r\u016bp\u012bgi \u0161\u0137irotas makulat\u016bras un t\u0101s kalpo k\u0101 asfalta piedeva.","breadcrumb":{"@id":"https:\/\/videstehnika.lv\/katalogs\/buvmateriali-buvei-remontam-un-ieksdarbiem\/celulozes-granulas-asfaltam\/#breadcrumb"},"inLanguage":"et","potentialAction":[{"@type":"ReadAction","target":["https:\/\/videstehnika.lv\/katalogs\/buvmateriali-buvei-remontam-un-ieksdarbiem\/celulozes-granulas-asfaltam\/"]}]},{"@type":"ImageObject","inLanguage":"et","@id":"https:\/\/videstehnika.lv\/katalogs\/buvmateriali-buvei-remontam-un-ieksdarbiem\/celulozes-granulas-asfaltam\/#primaryimage","url":"https:\/\/videstehnika.lv\/wp-content\/uploads\/2020\/07\/vides-tehnika-asfalta-piedevas-granulas.jpg","contentUrl":"https:\/\/videstehnika.lv\/wp-content\/uploads\/2020\/07\/vides-tehnika-asfalta-piedevas-granulas.jpg","width":900,"height":900,"caption":"Celulozes \u0161\u0137iedras granulas tiek ra\u017eotas no r\u016bp\u012bgi \u0161\u0137irotas makulat\u016bras, meh\u0101niski apstr\u0101d\u0101tas un sapres\u0113tas granulu form\u0101. Celulozes granulas S Cel 7G kalpo k\u0101 asfalta piedeva."},{"@type":"BreadcrumbList","@id":"https:\/\/videstehnika.lv\/katalogs\/buvmateriali-buvei-remontam-un-ieksdarbiem\/celulozes-granulas-asfaltam\/#breadcrumb","itemListElement":[{"@type":"ListItem","position":1,"name":"Home","item":"https:\/\/videstehnika.lv\/et\/"},{"@type":"ListItem","position":2,"name":"Kataloog","item":"https:\/\/videstehnika.lv\/et\/kataloog\/"},{"@type":"ListItem","position":3,"name":"Celulozes granulas asfaltam S Cel 7G"}]},{"@type":"WebSite","@id":"https:\/\/videstehnika.lv\/et\/#website","url":"https:\/\/videstehnika.lv\/et\/","name":"Vides Tehnika","description":"","potentialAction":[{"@type":"SearchAction","target":{"@type":"EntryPoint","urlTemplate":"https:\/\/videstehnika.lv\/et\/?s={search_term_string}"},"query-input":{"@type":"PropertyValueSpecification","valueRequired":true,"valueName":"search_term_string"}}],"inLanguage":"et"}]}},"_links":{"self":[{"href":"https:\/\/videstehnika.lv\/et\/wp-json\/wp\/v2\/product\/3919","targetHints":{"allow":["GET"]}}],"collection":[{"href":"https:\/\/videstehnika.lv\/et\/wp-json\/wp\/v2\/product"}],"about":[{"href":"https:\/\/videstehnika.lv\/et\/wp-json\/wp\/v2\/types\/product"}],"wp:featuredmedia":[{"embeddable":true,"href":"https:\/\/videstehnika.lv\/et\/wp-json\/wp\/v2\/media\/3921"}],"wp:attachment":[{"href":"https:\/\/videstehnika.lv\/et\/wp-json\/wp\/v2\/media?parent=3919"}],"wp:term":[{"taxonomy":"product_cat","embeddable":true,"href":"https:\/\/videstehnika.lv\/et\/wp-json\/wp\/v2\/product_cat?post=3919"},{"taxonomy":"product_tag","embeddable":true,"href":"https:\/\/videstehnika.lv\/et\/wp-json\/wp\/v2\/product_tag?post=3919"}],"curies":[{"name":"wp","href":"https:\/\/api.w.org\/{rel}","templated":true}]}}