{"id":40639,"date":"2024-09-09T13:55:42","date_gmt":"2024-09-09T10:55:42","guid":{"rendered":"https:\/\/videstehnika.lv\/?post_type=product&#038;p=40639"},"modified":"2024-09-09T13:55:43","modified_gmt":"2024-09-09T10:55:43","slug":"omega-125-roof-pretveja-membrana-75m2","status":"publish","type":"product","link":"https:\/\/videstehnika.lv\/katalogs\/celtniecibas-pleves-kontsrukciju-aizsardzibai\/omega-125-roof-pretveja-membrana-75m2\/","title":{"rendered":"OMEGA 125 roof pretv\u0113ja membr\u0101na, 75m2"},"content":{"rendered":"<h2>OMEGA 125 roof &#8211; pretv\u0113ja membr\u0101na<\/h2>\n<p>Materi\u0101la lab\u0101 \u016bdensnecaurlaid\u012bba pasarg\u0101 jumta konstrukciju no:<\/p>\n<ul>\n<li>mitruma, kas var iek\u013c\u016bt caur jumta segumu,<\/li>\n<li>kondens\u0101ta rad\u012bt\u0101 mitruma,<\/li>\n<li>v\u0113ja ienest\u0101 mitruma.<\/li>\n<\/ul>\n<p>Pateicoties membr\u0101nu augstajai \u016bdens tvaika caurlaid\u012bbai, nav nepiecie\u0161ams veidot gaisa ventil\u0101cijas spraugu starp siltumizol\u0101cijas materi\u0101lu un membr\u0101nu. K\u0101 jumta, t\u0101 sienu konstrukcij\u0101s siltumizol\u0101cijas materi\u0101lu var likt tie\u0161i kl\u0101t pie membr\u0101nas, t\u0101d\u0113j\u0101di iesp\u0113jams palielin\u0101t siltumizol\u0101cijas materi\u0101la biezumu un samazin\u0101t ener\u0123ijas zudumus.<\/p>\n<p>&nbsp;<\/p>\n","protected":false},"excerpt":{"rendered":"<p>OMEGA 125 roof &#8211; pretv\u0113ja membr\u0101na Materi\u0101la lab\u0101 \u016bdensnecaurlaid\u012bba pasarg\u0101 jumta konstrukciju no: mitruma, kas var iek\u013c\u016bt caur jumta segumu,<\/p>\n","protected":false},"featured_media":40641,"template":"","meta":{"_acf_changed":false},"product_cat":[87,67],"product_tag":[],"class_list":{"0":"post-40639","1":"product","2":"type-product","3":"status-publish","4":"has-post-thumbnail","6":"product_cat-pretveja-membranas","7":"product_cat-celtniecibas-pleves-kontsrukciju-aizsardzibai","9":"first","10":"instock","11":"taxable","12":"shipping-taxable","13":"purchasable","14":"product-type-simple"},"acf":[],"yoast_head":"<!-- This site is optimized with the Yoast SEO plugin v24.2 - https:\/\/yoast.com\/wordpress\/plugins\/seo\/ -->\n<title>OMEGA 125 roof pretv\u0113ja membr\u0101na, 75m2 &#8226; Vides Tehnika<\/title>\n<meta name=\"robots\" content=\"index, follow, max-snippet:-1, max-image-preview:large, max-video-preview:-1\" \/>\n<link rel=\"canonical\" href=\"https:\/\/videstehnika.lv\/et\/katalogs\/celtniecibas-pleves-kontsrukciju-aizsardzibai\/omega-125-roof-pretveja-membrana-75m2\/\" \/>\n<meta property=\"og:locale\" content=\"et_EE\" \/>\n<meta property=\"og:type\" content=\"article\" \/>\n<meta property=\"og:title\" content=\"OMEGA 125 roof pretv\u0113ja membr\u0101na, 75m2 &#8226; Vides Tehnika\" \/>\n<meta property=\"og:description\" content=\"OMEGA 125 roof &#8211; pretv\u0113ja membr\u0101na Materi\u0101la lab\u0101 \u016bdensnecaurlaid\u012bba pasarg\u0101 jumta konstrukciju no: mitruma, kas var iek\u013c\u016bt caur jumta segumu,\" \/>\n<meta property=\"og:url\" content=\"https:\/\/videstehnika.lv\/katalogs\/celtniecibas-pleves-kontsrukciju-aizsardzibai\/omega-125-roof-pretveja-membrana-75m2\/\" \/>\n<meta property=\"og:site_name\" content=\"Vides Tehnika\" \/>\n<meta property=\"article:modified_time\" content=\"2024-09-09T10:55:43+00:00\" \/>\n<meta property=\"og:image\" content=\"https:\/\/videstehnika.lv\/wp-content\/uploads\/2024\/09\/csm_MA_OM_125_SK_PROPIC_Dachbahn_57461b0f4b.webp\" \/>\n\t<meta property=\"og:image:width\" content=\"700\" \/>\n\t<meta property=\"og:image:height\" content=\"467\" \/>\n\t<meta property=\"og:image:type\" content=\"image\/webp\" \/>\n<meta name=\"twitter:card\" content=\"summary_large_image\" \/>\n<meta name=\"twitter:label1\" content=\"Est. reading time\" \/>\n\t<meta name=\"twitter:data1\" content=\"1 minut\" \/>\n<script type=\"application\/ld+json\" class=\"yoast-schema-graph\">{\"@context\":\"https:\/\/schema.org\",\"@graph\":[{\"@type\":\"WebPage\",\"@id\":\"https:\/\/videstehnika.lv\/katalogs\/celtniecibas-pleves-kontsrukciju-aizsardzibai\/omega-125-roof-pretveja-membrana-75m2\/\",\"url\":\"https:\/\/videstehnika.lv\/katalogs\/celtniecibas-pleves-kontsrukciju-aizsardzibai\/omega-125-roof-pretveja-membrana-75m2\/\",\"name\":\"OMEGA 125 roof pretv\u0113ja membr\u0101na, 75m2 &#8226; Vides Tehnika\",\"isPartOf\":{\"@id\":\"https:\/\/videstehnika.lv\/et\/#website\"},\"primaryImageOfPage\":{\"@id\":\"https:\/\/videstehnika.lv\/katalogs\/celtniecibas-pleves-kontsrukciju-aizsardzibai\/omega-125-roof-pretveja-membrana-75m2\/#primaryimage\"},\"image\":{\"@id\":\"https:\/\/videstehnika.lv\/katalogs\/celtniecibas-pleves-kontsrukciju-aizsardzibai\/omega-125-roof-pretveja-membrana-75m2\/#primaryimage\"},\"thumbnailUrl\":\"https:\/\/videstehnika.lv\/wp-content\/uploads\/2024\/09\/csm_MA_OM_125_SK_PROPIC_Dachbahn_57461b0f4b.webp\",\"datePublished\":\"2024-09-09T10:55:42+00:00\",\"dateModified\":\"2024-09-09T10:55:43+00:00\",\"breadcrumb\":{\"@id\":\"https:\/\/videstehnika.lv\/katalogs\/celtniecibas-pleves-kontsrukciju-aizsardzibai\/omega-125-roof-pretveja-membrana-75m2\/#breadcrumb\"},\"inLanguage\":\"et\",\"potentialAction\":[{\"@type\":\"ReadAction\",\"target\":[\"https:\/\/videstehnika.lv\/katalogs\/celtniecibas-pleves-kontsrukciju-aizsardzibai\/omega-125-roof-pretveja-membrana-75m2\/\"]}]},{\"@type\":\"ImageObject\",\"inLanguage\":\"et\",\"@id\":\"https:\/\/videstehnika.lv\/katalogs\/celtniecibas-pleves-kontsrukciju-aizsardzibai\/omega-125-roof-pretveja-membrana-75m2\/#primaryimage\",\"url\":\"https:\/\/videstehnika.lv\/wp-content\/uploads\/2024\/09\/csm_MA_OM_125_SK_PROPIC_Dachbahn_57461b0f4b.webp\",\"contentUrl\":\"https:\/\/videstehnika.lv\/wp-content\/uploads\/2024\/09\/csm_MA_OM_125_SK_PROPIC_Dachbahn_57461b0f4b.webp\",\"width\":700,\"height\":467},{\"@type\":\"BreadcrumbList\",\"@id\":\"https:\/\/videstehnika.lv\/katalogs\/celtniecibas-pleves-kontsrukciju-aizsardzibai\/omega-125-roof-pretveja-membrana-75m2\/#breadcrumb\",\"itemListElement\":[{\"@type\":\"ListItem\",\"position\":1,\"name\":\"Home\",\"item\":\"https:\/\/videstehnika.lv\/et\/\"},{\"@type\":\"ListItem\",\"position\":2,\"name\":\"Kataloog\",\"item\":\"https:\/\/videstehnika.lv\/et\/kataloog\/\"},{\"@type\":\"ListItem\",\"position\":3,\"name\":\"OMEGA 125 roof pretv\u0113ja membr\u0101na, 75m2\"}]},{\"@type\":\"WebSite\",\"@id\":\"https:\/\/videstehnika.lv\/et\/#website\",\"url\":\"https:\/\/videstehnika.lv\/et\/\",\"name\":\"Vides Tehnika\",\"description\":\"\",\"potentialAction\":[{\"@type\":\"SearchAction\",\"target\":{\"@type\":\"EntryPoint\",\"urlTemplate\":\"https:\/\/videstehnika.lv\/et\/?s={search_term_string}\"},\"query-input\":{\"@type\":\"PropertyValueSpecification\",\"valueRequired\":true,\"valueName\":\"search_term_string\"}}],\"inLanguage\":\"et\"}]}<\/script>\n<!-- \/ Yoast SEO plugin. -->","yoast_head_json":{"title":"OMEGA 125 roof pretv\u0113ja membr\u0101na, 75m2 &#8226; Vides Tehnika","robots":{"index":"index","follow":"follow","max-snippet":"max-snippet:-1","max-image-preview":"max-image-preview:large","max-video-preview":"max-video-preview:-1"},"canonical":"https:\/\/videstehnika.lv\/et\/katalogs\/celtniecibas-pleves-kontsrukciju-aizsardzibai\/omega-125-roof-pretveja-membrana-75m2\/","og_locale":"et_EE","og_type":"article","og_title":"OMEGA 125 roof pretv\u0113ja membr\u0101na, 75m2 &#8226; Vides Tehnika","og_description":"OMEGA 125 roof &#8211; pretv\u0113ja membr\u0101na Materi\u0101la lab\u0101 \u016bdensnecaurlaid\u012bba pasarg\u0101 jumta konstrukciju no: mitruma, kas var iek\u013c\u016bt caur jumta segumu,","og_url":"https:\/\/videstehnika.lv\/katalogs\/celtniecibas-pleves-kontsrukciju-aizsardzibai\/omega-125-roof-pretveja-membrana-75m2\/","og_site_name":"Vides Tehnika","article_modified_time":"2024-09-09T10:55:43+00:00","og_image":[{"width":700,"height":467,"url":"https:\/\/videstehnika.lv\/wp-content\/uploads\/2024\/09\/csm_MA_OM_125_SK_PROPIC_Dachbahn_57461b0f4b.webp","type":"image\/webp"}],"twitter_card":"summary_large_image","twitter_misc":{"Est. reading time":"1 minut"},"schema":{"@context":"https:\/\/schema.org","@graph":[{"@type":"WebPage","@id":"https:\/\/videstehnika.lv\/katalogs\/celtniecibas-pleves-kontsrukciju-aizsardzibai\/omega-125-roof-pretveja-membrana-75m2\/","url":"https:\/\/videstehnika.lv\/katalogs\/celtniecibas-pleves-kontsrukciju-aizsardzibai\/omega-125-roof-pretveja-membrana-75m2\/","name":"OMEGA 125 roof pretv\u0113ja membr\u0101na, 75m2 &#8226; Vides Tehnika","isPartOf":{"@id":"https:\/\/videstehnika.lv\/et\/#website"},"primaryImageOfPage":{"@id":"https:\/\/videstehnika.lv\/katalogs\/celtniecibas-pleves-kontsrukciju-aizsardzibai\/omega-125-roof-pretveja-membrana-75m2\/#primaryimage"},"image":{"@id":"https:\/\/videstehnika.lv\/katalogs\/celtniecibas-pleves-kontsrukciju-aizsardzibai\/omega-125-roof-pretveja-membrana-75m2\/#primaryimage"},"thumbnailUrl":"https:\/\/videstehnika.lv\/wp-content\/uploads\/2024\/09\/csm_MA_OM_125_SK_PROPIC_Dachbahn_57461b0f4b.webp","datePublished":"2024-09-09T10:55:42+00:00","dateModified":"2024-09-09T10:55:43+00:00","breadcrumb":{"@id":"https:\/\/videstehnika.lv\/katalogs\/celtniecibas-pleves-kontsrukciju-aizsardzibai\/omega-125-roof-pretveja-membrana-75m2\/#breadcrumb"},"inLanguage":"et","potentialAction":[{"@type":"ReadAction","target":["https:\/\/videstehnika.lv\/katalogs\/celtniecibas-pleves-kontsrukciju-aizsardzibai\/omega-125-roof-pretveja-membrana-75m2\/"]}]},{"@type":"ImageObject","inLanguage":"et","@id":"https:\/\/videstehnika.lv\/katalogs\/celtniecibas-pleves-kontsrukciju-aizsardzibai\/omega-125-roof-pretveja-membrana-75m2\/#primaryimage","url":"https:\/\/videstehnika.lv\/wp-content\/uploads\/2024\/09\/csm_MA_OM_125_SK_PROPIC_Dachbahn_57461b0f4b.webp","contentUrl":"https:\/\/videstehnika.lv\/wp-content\/uploads\/2024\/09\/csm_MA_OM_125_SK_PROPIC_Dachbahn_57461b0f4b.webp","width":700,"height":467},{"@type":"BreadcrumbList","@id":"https:\/\/videstehnika.lv\/katalogs\/celtniecibas-pleves-kontsrukciju-aizsardzibai\/omega-125-roof-pretveja-membrana-75m2\/#breadcrumb","itemListElement":[{"@type":"ListItem","position":1,"name":"Home","item":"https:\/\/videstehnika.lv\/et\/"},{"@type":"ListItem","position":2,"name":"Kataloog","item":"https:\/\/videstehnika.lv\/et\/kataloog\/"},{"@type":"ListItem","position":3,"name":"OMEGA 125 roof pretv\u0113ja membr\u0101na, 75m2"}]},{"@type":"WebSite","@id":"https:\/\/videstehnika.lv\/et\/#website","url":"https:\/\/videstehnika.lv\/et\/","name":"Vides Tehnika","description":"","potentialAction":[{"@type":"SearchAction","target":{"@type":"EntryPoint","urlTemplate":"https:\/\/videstehnika.lv\/et\/?s={search_term_string}"},"query-input":{"@type":"PropertyValueSpecification","valueRequired":true,"valueName":"search_term_string"}}],"inLanguage":"et"}]}},"_links":{"self":[{"href":"https:\/\/videstehnika.lv\/et\/wp-json\/wp\/v2\/product\/40639","targetHints":{"allow":["GET"]}}],"collection":[{"href":"https:\/\/videstehnika.lv\/et\/wp-json\/wp\/v2\/product"}],"about":[{"href":"https:\/\/videstehnika.lv\/et\/wp-json\/wp\/v2\/types\/product"}],"wp:featuredmedia":[{"embeddable":true,"href":"https:\/\/videstehnika.lv\/et\/wp-json\/wp\/v2\/media\/40641"}],"wp:attachment":[{"href":"https:\/\/videstehnika.lv\/et\/wp-json\/wp\/v2\/media?parent=40639"}],"wp:term":[{"taxonomy":"product_cat","embeddable":true,"href":"https:\/\/videstehnika.lv\/et\/wp-json\/wp\/v2\/product_cat?post=40639"},{"taxonomy":"product_tag","embeddable":true,"href":"https:\/\/videstehnika.lv\/et\/wp-json\/wp\/v2\/product_tag?post=40639"}],"curies":[{"name":"wp","href":"https:\/\/api.w.org\/{rel}","templated":true}]}}