{"id":5530,"date":"2020-08-19T12:28:07","date_gmt":"2020-08-19T09:28:07","guid":{"rendered":"https:\/\/videstehnika.lv\/?post_type=product&#038;p=5530"},"modified":"2023-12-04T10:35:06","modified_gmt":"2023-12-04T08:35:06","slug":"krendl-425-siltumizolacijas-materialu-iestrades-iekarta","status":"publish","type":"product","link":"https:\/\/videstehnika.lv\/katalogs\/siltumizolacijas-materialu-iestrades-iekartas\/krendl-425-siltumizolacijas-materialu-iestrades-iekarta\/","title":{"rendered":"Krendl 425 siltumizol\u0101cijas materi\u0101lu iestr\u0101des iek\u0101rta"},"content":{"rendered":"<h2>Krendl 425 siltumizol\u0101cijas materi\u0101lu iestr\u0101des iek\u0101rta<\/h2>\n<p>Pied\u0101v\u0101jam ieg\u0101d\u0101ties ASV ra\u017eot\u0101ja \u201eKrendl Machine Company\u201d siltumizol\u0101cijas materi\u0101lu iestr\u0101des iek\u0101rtu Krendl 425, kas ir ide\u0101li piem\u0113rota visa veida beramo siltumizol\u0101cijas materi\u0101lu iestr\u0101dei.<\/p>\n<p>\u0160is ekonomiskais un kompaktais modelis paredz\u0113ts nelielu profesion\u0101lo siltin\u0101\u0161anas darbu veik\u0161anai, k\u0101 ar\u012b b\u016bs atbilsto\u0161\u0101k\u0101 izv\u0113le iek\u0101rtas nomai materi\u0101lu iestr\u0101dei pa\u0161u sp\u0113kiem.<\/p>\n<h2><strong>Produktivit\u0101te da\u017e\u0101diem materi\u0101lu veidiem<\/strong><\/h2>\n<ul>\n<li>Ekovate &#8211; 499kg\/h (2-pak\u0101pju p\u016bt\u0113js) ; 545 kg\/h (3-pak\u0101pju p\u016bt\u0113js)<\/li>\n<li>Akmens vate &#8211; 272kg\/h (2-pak\u0101pju p\u016bt\u0113js); 363kg\/h\u00a0(3-pak\u0101pju p\u016bt\u0113js)<\/li>\n<li>Miner\u0101lvate &#8211; 91kg\/h (2-pak\u0101pju p\u016bt\u0113js); 136kg\/h (3-pak\u0101pju p\u016bt\u0113js)<\/li>\n<\/ul>\n<p>Pla\u0161\u0101ka inform\u0101cija ra\u017eot\u0101ja m\u0101jas lap\u0101: <a href=\"http:\/\/krendlmachine.com\/\">www.krendlmachine.com<\/a><\/p>\n","protected":false},"excerpt":{"rendered":"<p>Krendl 425 siltumizol\u0101cijas materi\u0101lu iestr\u0101des iek\u0101rta Pied\u0101v\u0101jam ieg\u0101d\u0101ties ASV ra\u017eot\u0101ja \u201eKrendl Machine Company\u201d siltumizol\u0101cijas materi\u0101lu iestr\u0101des iek\u0101rtu Krendl 425, kas<\/p>\n","protected":false},"featured_media":12894,"template":"","meta":{"_acf_changed":false},"product_cat":[111,74],"product_tag":[],"class_list":{"0":"post-5530","1":"product","2":"type-product","3":"status-publish","4":"has-post-thumbnail","6":"product_cat-krendl-siltumizolacijas-iestrades-iekartas","7":"product_cat-siltumizolacijas-materialu-iestrades-iekartas","9":"first","10":"onbackorder","11":"taxable","12":"shipping-taxable","13":"purchasable","14":"product-type-simple"},"acf":[],"yoast_head":"<!-- This site is optimized with the Yoast SEO plugin v24.2 - https:\/\/yoast.com\/wordpress\/plugins\/seo\/ -->\n<title>Krendl 425 siltumizol\u0101cijas materi\u0101lu iestr\u0101des iek\u0101rta &#8226; Vides Tehnika<\/title>\n<meta name=\"description\" content=\"Krendl Machine Company siltumizol\u0101cijas materi\u0101lu iestr\u0101des iek\u0101rta, kas ir piem\u0113rota visa veida beramo siltumizol\u0101cijas materi\u0101lu iestr\u0101dei.\" \/>\n<meta name=\"robots\" content=\"index, follow, max-snippet:-1, max-image-preview:large, max-video-preview:-1\" \/>\n<link rel=\"canonical\" href=\"https:\/\/videstehnika.lv\/et\/katalogs\/siltumizolacijas-materialu-iestrades-iekartas\/krendl-425-siltumizolacijas-materialu-iestrades-iekarta\/\" \/>\n<meta property=\"og:locale\" content=\"et_EE\" \/>\n<meta property=\"og:type\" content=\"article\" \/>\n<meta property=\"og:title\" content=\"Krendl 425 siltumizol\u0101cijas materi\u0101lu iestr\u0101des iek\u0101rta &#8226; Vides Tehnika\" \/>\n<meta property=\"og:description\" content=\"Krendl Machine Company siltumizol\u0101cijas materi\u0101lu iestr\u0101des iek\u0101rta, kas ir piem\u0113rota visa veida beramo siltumizol\u0101cijas materi\u0101lu iestr\u0101dei.\" \/>\n<meta property=\"og:url\" content=\"https:\/\/videstehnika.lv\/katalogs\/siltumizolacijas-materialu-iestrades-iekartas\/krendl-425-siltumizolacijas-materialu-iestrades-iekarta\/\" \/>\n<meta property=\"og:site_name\" content=\"Vides Tehnika\" \/>\n<meta property=\"article:modified_time\" content=\"2023-12-04T08:35:06+00:00\" \/>\n<meta property=\"og:image\" content=\"https:\/\/videstehnika.lv\/wp-content\/uploads\/2020\/08\/Krendl-425-siltumizolacijas-materialu-iestrades-iekarta.jpg\" \/>\n\t<meta property=\"og:image:width\" content=\"900\" \/>\n\t<meta property=\"og:image:height\" content=\"900\" \/>\n\t<meta property=\"og:image:type\" content=\"image\/jpeg\" \/>\n<meta name=\"twitter:card\" content=\"summary_large_image\" \/>\n<meta name=\"twitter:label1\" content=\"Est. reading time\" \/>\n\t<meta name=\"twitter:data1\" content=\"1 minut\" \/>\n<script type=\"application\/ld+json\" class=\"yoast-schema-graph\">{\"@context\":\"https:\/\/schema.org\",\"@graph\":[{\"@type\":\"WebPage\",\"@id\":\"https:\/\/videstehnika.lv\/katalogs\/siltumizolacijas-materialu-iestrades-iekartas\/krendl-425-siltumizolacijas-materialu-iestrades-iekarta\/\",\"url\":\"https:\/\/videstehnika.lv\/katalogs\/siltumizolacijas-materialu-iestrades-iekartas\/krendl-425-siltumizolacijas-materialu-iestrades-iekarta\/\",\"name\":\"Krendl 425 siltumizol\u0101cijas materi\u0101lu iestr\u0101des iek\u0101rta &#8226; Vides Tehnika\",\"isPartOf\":{\"@id\":\"https:\/\/videstehnika.lv\/et\/#website\"},\"primaryImageOfPage\":{\"@id\":\"https:\/\/videstehnika.lv\/katalogs\/siltumizolacijas-materialu-iestrades-iekartas\/krendl-425-siltumizolacijas-materialu-iestrades-iekarta\/#primaryimage\"},\"image\":{\"@id\":\"https:\/\/videstehnika.lv\/katalogs\/siltumizolacijas-materialu-iestrades-iekartas\/krendl-425-siltumizolacijas-materialu-iestrades-iekarta\/#primaryimage\"},\"thumbnailUrl\":\"https:\/\/videstehnika.lv\/wp-content\/uploads\/2020\/08\/Krendl-425-siltumizolacijas-materialu-iestrades-iekarta.jpg\",\"datePublished\":\"2020-08-19T09:28:07+00:00\",\"dateModified\":\"2023-12-04T08:35:06+00:00\",\"description\":\"Krendl Machine Company siltumizol\u0101cijas materi\u0101lu iestr\u0101des iek\u0101rta, kas ir piem\u0113rota visa veida beramo siltumizol\u0101cijas materi\u0101lu iestr\u0101dei.\",\"breadcrumb\":{\"@id\":\"https:\/\/videstehnika.lv\/katalogs\/siltumizolacijas-materialu-iestrades-iekartas\/krendl-425-siltumizolacijas-materialu-iestrades-iekarta\/#breadcrumb\"},\"inLanguage\":\"et\",\"potentialAction\":[{\"@type\":\"ReadAction\",\"target\":[\"https:\/\/videstehnika.lv\/katalogs\/siltumizolacijas-materialu-iestrades-iekartas\/krendl-425-siltumizolacijas-materialu-iestrades-iekarta\/\"]}]},{\"@type\":\"ImageObject\",\"inLanguage\":\"et\",\"@id\":\"https:\/\/videstehnika.lv\/katalogs\/siltumizolacijas-materialu-iestrades-iekartas\/krendl-425-siltumizolacijas-materialu-iestrades-iekarta\/#primaryimage\",\"url\":\"https:\/\/videstehnika.lv\/wp-content\/uploads\/2020\/08\/Krendl-425-siltumizolacijas-materialu-iestrades-iekarta.jpg\",\"contentUrl\":\"https:\/\/videstehnika.lv\/wp-content\/uploads\/2020\/08\/Krendl-425-siltumizolacijas-materialu-iestrades-iekarta.jpg\",\"width\":900,\"height\":900,\"caption\":\"Krendl 425 iestr\u0101des iek\u0101rta\"},{\"@type\":\"BreadcrumbList\",\"@id\":\"https:\/\/videstehnika.lv\/katalogs\/siltumizolacijas-materialu-iestrades-iekartas\/krendl-425-siltumizolacijas-materialu-iestrades-iekarta\/#breadcrumb\",\"itemListElement\":[{\"@type\":\"ListItem\",\"position\":1,\"name\":\"Home\",\"item\":\"https:\/\/videstehnika.lv\/et\/\"},{\"@type\":\"ListItem\",\"position\":2,\"name\":\"Kataloog\",\"item\":\"https:\/\/videstehnika.lv\/et\/kataloog\/\"},{\"@type\":\"ListItem\",\"position\":3,\"name\":\"Krendl 425 siltumizol\u0101cijas materi\u0101lu iestr\u0101des iek\u0101rta\"}]},{\"@type\":\"WebSite\",\"@id\":\"https:\/\/videstehnika.lv\/et\/#website\",\"url\":\"https:\/\/videstehnika.lv\/et\/\",\"name\":\"Vides Tehnika\",\"description\":\"\",\"potentialAction\":[{\"@type\":\"SearchAction\",\"target\":{\"@type\":\"EntryPoint\",\"urlTemplate\":\"https:\/\/videstehnika.lv\/et\/?s={search_term_string}\"},\"query-input\":{\"@type\":\"PropertyValueSpecification\",\"valueRequired\":true,\"valueName\":\"search_term_string\"}}],\"inLanguage\":\"et\"}]}<\/script>\n<!-- \/ Yoast SEO plugin. -->","yoast_head_json":{"title":"Krendl 425 siltumizol\u0101cijas materi\u0101lu iestr\u0101des iek\u0101rta &#8226; Vides Tehnika","description":"Krendl Machine Company siltumizol\u0101cijas materi\u0101lu iestr\u0101des iek\u0101rta, kas ir piem\u0113rota visa veida beramo siltumizol\u0101cijas materi\u0101lu iestr\u0101dei.","robots":{"index":"index","follow":"follow","max-snippet":"max-snippet:-1","max-image-preview":"max-image-preview:large","max-video-preview":"max-video-preview:-1"},"canonical":"https:\/\/videstehnika.lv\/et\/katalogs\/siltumizolacijas-materialu-iestrades-iekartas\/krendl-425-siltumizolacijas-materialu-iestrades-iekarta\/","og_locale":"et_EE","og_type":"article","og_title":"Krendl 425 siltumizol\u0101cijas materi\u0101lu iestr\u0101des iek\u0101rta &#8226; Vides Tehnika","og_description":"Krendl Machine Company siltumizol\u0101cijas materi\u0101lu iestr\u0101des iek\u0101rta, kas ir piem\u0113rota visa veida beramo siltumizol\u0101cijas materi\u0101lu iestr\u0101dei.","og_url":"https:\/\/videstehnika.lv\/katalogs\/siltumizolacijas-materialu-iestrades-iekartas\/krendl-425-siltumizolacijas-materialu-iestrades-iekarta\/","og_site_name":"Vides Tehnika","article_modified_time":"2023-12-04T08:35:06+00:00","og_image":[{"width":900,"height":900,"url":"https:\/\/videstehnika.lv\/wp-content\/uploads\/2020\/08\/Krendl-425-siltumizolacijas-materialu-iestrades-iekarta.jpg","type":"image\/jpeg"}],"twitter_card":"summary_large_image","twitter_misc":{"Est. reading time":"1 minut"},"schema":{"@context":"https:\/\/schema.org","@graph":[{"@type":"WebPage","@id":"https:\/\/videstehnika.lv\/katalogs\/siltumizolacijas-materialu-iestrades-iekartas\/krendl-425-siltumizolacijas-materialu-iestrades-iekarta\/","url":"https:\/\/videstehnika.lv\/katalogs\/siltumizolacijas-materialu-iestrades-iekartas\/krendl-425-siltumizolacijas-materialu-iestrades-iekarta\/","name":"Krendl 425 siltumizol\u0101cijas materi\u0101lu iestr\u0101des iek\u0101rta &#8226; Vides Tehnika","isPartOf":{"@id":"https:\/\/videstehnika.lv\/et\/#website"},"primaryImageOfPage":{"@id":"https:\/\/videstehnika.lv\/katalogs\/siltumizolacijas-materialu-iestrades-iekartas\/krendl-425-siltumizolacijas-materialu-iestrades-iekarta\/#primaryimage"},"image":{"@id":"https:\/\/videstehnika.lv\/katalogs\/siltumizolacijas-materialu-iestrades-iekartas\/krendl-425-siltumizolacijas-materialu-iestrades-iekarta\/#primaryimage"},"thumbnailUrl":"https:\/\/videstehnika.lv\/wp-content\/uploads\/2020\/08\/Krendl-425-siltumizolacijas-materialu-iestrades-iekarta.jpg","datePublished":"2020-08-19T09:28:07+00:00","dateModified":"2023-12-04T08:35:06+00:00","description":"Krendl Machine Company siltumizol\u0101cijas materi\u0101lu iestr\u0101des iek\u0101rta, kas ir piem\u0113rota visa veida beramo siltumizol\u0101cijas materi\u0101lu iestr\u0101dei.","breadcrumb":{"@id":"https:\/\/videstehnika.lv\/katalogs\/siltumizolacijas-materialu-iestrades-iekartas\/krendl-425-siltumizolacijas-materialu-iestrades-iekarta\/#breadcrumb"},"inLanguage":"et","potentialAction":[{"@type":"ReadAction","target":["https:\/\/videstehnika.lv\/katalogs\/siltumizolacijas-materialu-iestrades-iekartas\/krendl-425-siltumizolacijas-materialu-iestrades-iekarta\/"]}]},{"@type":"ImageObject","inLanguage":"et","@id":"https:\/\/videstehnika.lv\/katalogs\/siltumizolacijas-materialu-iestrades-iekartas\/krendl-425-siltumizolacijas-materialu-iestrades-iekarta\/#primaryimage","url":"https:\/\/videstehnika.lv\/wp-content\/uploads\/2020\/08\/Krendl-425-siltumizolacijas-materialu-iestrades-iekarta.jpg","contentUrl":"https:\/\/videstehnika.lv\/wp-content\/uploads\/2020\/08\/Krendl-425-siltumizolacijas-materialu-iestrades-iekarta.jpg","width":900,"height":900,"caption":"Krendl 425 iestr\u0101des iek\u0101rta"},{"@type":"BreadcrumbList","@id":"https:\/\/videstehnika.lv\/katalogs\/siltumizolacijas-materialu-iestrades-iekartas\/krendl-425-siltumizolacijas-materialu-iestrades-iekarta\/#breadcrumb","itemListElement":[{"@type":"ListItem","position":1,"name":"Home","item":"https:\/\/videstehnika.lv\/et\/"},{"@type":"ListItem","position":2,"name":"Kataloog","item":"https:\/\/videstehnika.lv\/et\/kataloog\/"},{"@type":"ListItem","position":3,"name":"Krendl 425 siltumizol\u0101cijas materi\u0101lu iestr\u0101des iek\u0101rta"}]},{"@type":"WebSite","@id":"https:\/\/videstehnika.lv\/et\/#website","url":"https:\/\/videstehnika.lv\/et\/","name":"Vides Tehnika","description":"","potentialAction":[{"@type":"SearchAction","target":{"@type":"EntryPoint","urlTemplate":"https:\/\/videstehnika.lv\/et\/?s={search_term_string}"},"query-input":{"@type":"PropertyValueSpecification","valueRequired":true,"valueName":"search_term_string"}}],"inLanguage":"et"}]}},"_links":{"self":[{"href":"https:\/\/videstehnika.lv\/et\/wp-json\/wp\/v2\/product\/5530","targetHints":{"allow":["GET"]}}],"collection":[{"href":"https:\/\/videstehnika.lv\/et\/wp-json\/wp\/v2\/product"}],"about":[{"href":"https:\/\/videstehnika.lv\/et\/wp-json\/wp\/v2\/types\/product"}],"wp:featuredmedia":[{"embeddable":true,"href":"https:\/\/videstehnika.lv\/et\/wp-json\/wp\/v2\/media\/12894"}],"wp:attachment":[{"href":"https:\/\/videstehnika.lv\/et\/wp-json\/wp\/v2\/media?parent=5530"}],"wp:term":[{"taxonomy":"product_cat","embeddable":true,"href":"https:\/\/videstehnika.lv\/et\/wp-json\/wp\/v2\/product_cat?post=5530"},{"taxonomy":"product_tag","embeddable":true,"href":"https:\/\/videstehnika.lv\/et\/wp-json\/wp\/v2\/product_tag?post=5530"}],"curies":[{"name":"wp","href":"https:\/\/api.w.org\/{rel}","templated":true}]}}