{"id":5543,"date":"2020-08-19T12:43:32","date_gmt":"2020-08-19T09:43:32","guid":{"rendered":"https:\/\/videstehnika.lv\/?post_type=product&#038;p=5543"},"modified":"2023-12-04T10:34:00","modified_gmt":"2023-12-04T08:34:00","slug":"krendl-1300-siltumizolacijas-materialu-iestrades-iekarta","status":"publish","type":"product","link":"https:\/\/videstehnika.lv\/katalogs\/siltumizolacijas-materialu-iestrades-iekartas\/krendl-1300-siltumizolacijas-materialu-iestrades-iekarta\/","title":{"rendered":"Krendl 1300 siltumizol\u0101cijas materi\u0101lu iestr\u0101des iek\u0101rta"},"content":{"rendered":"<h2>Krendl 1300 siltumizol\u0101cijas materi\u0101lu iestr\u0101des iek\u0101rta<\/h2>\n<p>SIA \u201eVIDES TEHNIKA\u201d pied\u0101v\u0101 ASV ra\u017eot\u0101ja \u201eKrendl Machine Company\u201d siltumizol\u0101cijas materi\u0101lu iestr\u0101des iek\u0101rtu Krendl 1300, kas ir ide\u0101li piem\u0113rota tie\u0161i ekovates un beram\u0101s miner\u0101lvates iestr\u0101dei.<\/p>\n<p>Krendl 1300 sniedz Jums iesp\u0113ju iev\u0113rojami k\u0101pin\u0101t siltumizol\u0101cijas materi\u0101lu iestr\u0101des tempus, jo apr\u012bkota ar\u012b \u012bpa\u0161i lielu kompresoru liela apjoma materi\u0101la daudzuma iestr\u0101dei. Iek\u0101rta nodro\u0161ina maksim\u0101lu materi\u0101lu sajaukumu, ietilp\u012bgu piltuvi un daudzpus\u012bgu pielietojumu.<\/p>\n<h2><strong>Produktivit\u0101te da\u017e\u0101diem materi\u0101lu veidiem<\/strong><\/h2>\n<ul>\n<li>Ekovate \u2013 1090kg\/h smalcin\u0101t\u0101js + dubultais 3-pak\u0101pju p\u016bt\u0113js<\/li>\n<li>Akmens vate \u2013 817kg\/h smalcin\u0101t\u0101js + dubultais 3-pak\u0101pju p\u016bt\u0113js<\/li>\n<li>Miner\u0101lvate \u2013 362kg\/h smalcin\u0101t\u0101js + dubultais 3-pak\u0101pju p\u016bt\u0113js<\/li>\n<\/ul>\n<p>Materi\u0101lu bl\u012bvums un iestr\u0101des apst\u0101k\u013ci var ietekm\u0113t materi\u0101lu iestr\u0101des iek\u0101rtas produktivit\u0101ti. Akmens vates iestr\u0101dei Jums b\u016bs nepiecie\u0161ams papildus apr\u012bkojums iek\u0101rtas darbin\u0101\u0161anai.<\/p>\n<p>Pla\u0161\u0101ka inform\u0101cija ra\u017eot\u0101ja m\u0101jas lap\u0101: <a target=\"_blank\" href=\"http:\/\/krendlmachine.com\/\" rel=\"noopener\">www.krendlmachine.com<\/a><\/p>\n","protected":false},"excerpt":{"rendered":"<p>Krendl 1300 siltumizol\u0101cijas materi\u0101lu iestr\u0101des iek\u0101rta SIA \u201eVIDES TEHNIKA\u201d pied\u0101v\u0101 ASV ra\u017eot\u0101ja \u201eKrendl Machine Company\u201d siltumizol\u0101cijas materi\u0101lu iestr\u0101des iek\u0101rtu Krendl<\/p>\n","protected":false},"featured_media":12891,"template":"","meta":{"_acf_changed":false},"product_cat":[111,74],"product_tag":[],"class_list":{"0":"post-5543","1":"product","2":"type-product","3":"status-publish","4":"has-post-thumbnail","6":"product_cat-krendl-siltumizolacijas-iestrades-iekartas","7":"product_cat-siltumizolacijas-materialu-iestrades-iekartas","9":"first","10":"onbackorder","11":"taxable","12":"shipping-taxable","13":"purchasable","14":"product-type-simple"},"acf":[],"yoast_head":"<!-- This site is optimized with the Yoast SEO plugin v24.2 - https:\/\/yoast.com\/wordpress\/plugins\/seo\/ -->\n<title>Krendl 1300 siltumizol\u0101cijas materi\u0101lu iestr\u0101des iek\u0101rta &#8226; Vides Tehnika<\/title>\n<meta name=\"description\" content=\"Krendl Machine Company siltumizol\u0101cijas materi\u0101lu iestr\u0101des iek\u0101rta, piem\u0113rota tie\u0161i ekovates un beram\u0101s miner\u0101lvates iestr\u0101dei.\" \/>\n<meta name=\"robots\" content=\"index, follow, max-snippet:-1, max-image-preview:large, max-video-preview:-1\" \/>\n<link rel=\"canonical\" href=\"https:\/\/videstehnika.lv\/et\/katalogs\/siltumizolacijas-materialu-iestrades-iekartas\/krendl-1300-siltumizolacijas-materialu-iestrades-iekarta\/\" \/>\n<meta property=\"og:locale\" content=\"et_EE\" \/>\n<meta property=\"og:type\" content=\"article\" \/>\n<meta property=\"og:title\" content=\"Krendl 1300 siltumizol\u0101cijas materi\u0101lu iestr\u0101des iek\u0101rta &#8226; Vides Tehnika\" \/>\n<meta property=\"og:description\" content=\"Krendl Machine Company siltumizol\u0101cijas materi\u0101lu iestr\u0101des iek\u0101rta, piem\u0113rota tie\u0161i ekovates un beram\u0101s miner\u0101lvates iestr\u0101dei.\" \/>\n<meta property=\"og:url\" content=\"https:\/\/videstehnika.lv\/katalogs\/siltumizolacijas-materialu-iestrades-iekartas\/krendl-1300-siltumizolacijas-materialu-iestrades-iekarta\/\" \/>\n<meta property=\"og:site_name\" content=\"Vides Tehnika\" \/>\n<meta property=\"article:modified_time\" content=\"2023-12-04T08:34:00+00:00\" \/>\n<meta property=\"og:image\" content=\"https:\/\/videstehnika.lv\/wp-content\/uploads\/2020\/08\/Krendl-1300-siltumizolacijas-materialu-iestrades-iekarta.jpg\" \/>\n\t<meta property=\"og:image:width\" content=\"900\" \/>\n\t<meta property=\"og:image:height\" content=\"900\" \/>\n\t<meta property=\"og:image:type\" content=\"image\/jpeg\" \/>\n<meta name=\"twitter:card\" content=\"summary_large_image\" \/>\n<meta name=\"twitter:label1\" content=\"Est. reading time\" \/>\n\t<meta name=\"twitter:data1\" content=\"1 minut\" \/>\n<script type=\"application\/ld+json\" class=\"yoast-schema-graph\">{\"@context\":\"https:\/\/schema.org\",\"@graph\":[{\"@type\":\"WebPage\",\"@id\":\"https:\/\/videstehnika.lv\/katalogs\/siltumizolacijas-materialu-iestrades-iekartas\/krendl-1300-siltumizolacijas-materialu-iestrades-iekarta\/\",\"url\":\"https:\/\/videstehnika.lv\/katalogs\/siltumizolacijas-materialu-iestrades-iekartas\/krendl-1300-siltumizolacijas-materialu-iestrades-iekarta\/\",\"name\":\"Krendl 1300 siltumizol\u0101cijas materi\u0101lu iestr\u0101des iek\u0101rta &#8226; Vides Tehnika\",\"isPartOf\":{\"@id\":\"https:\/\/videstehnika.lv\/et\/#website\"},\"primaryImageOfPage\":{\"@id\":\"https:\/\/videstehnika.lv\/katalogs\/siltumizolacijas-materialu-iestrades-iekartas\/krendl-1300-siltumizolacijas-materialu-iestrades-iekarta\/#primaryimage\"},\"image\":{\"@id\":\"https:\/\/videstehnika.lv\/katalogs\/siltumizolacijas-materialu-iestrades-iekartas\/krendl-1300-siltumizolacijas-materialu-iestrades-iekarta\/#primaryimage\"},\"thumbnailUrl\":\"https:\/\/videstehnika.lv\/wp-content\/uploads\/2020\/08\/Krendl-1300-siltumizolacijas-materialu-iestrades-iekarta.jpg\",\"datePublished\":\"2020-08-19T09:43:32+00:00\",\"dateModified\":\"2023-12-04T08:34:00+00:00\",\"description\":\"Krendl Machine Company siltumizol\u0101cijas materi\u0101lu iestr\u0101des iek\u0101rta, piem\u0113rota tie\u0161i ekovates un beram\u0101s miner\u0101lvates iestr\u0101dei.\",\"breadcrumb\":{\"@id\":\"https:\/\/videstehnika.lv\/katalogs\/siltumizolacijas-materialu-iestrades-iekartas\/krendl-1300-siltumizolacijas-materialu-iestrades-iekarta\/#breadcrumb\"},\"inLanguage\":\"et\",\"potentialAction\":[{\"@type\":\"ReadAction\",\"target\":[\"https:\/\/videstehnika.lv\/katalogs\/siltumizolacijas-materialu-iestrades-iekartas\/krendl-1300-siltumizolacijas-materialu-iestrades-iekarta\/\"]}]},{\"@type\":\"ImageObject\",\"inLanguage\":\"et\",\"@id\":\"https:\/\/videstehnika.lv\/katalogs\/siltumizolacijas-materialu-iestrades-iekartas\/krendl-1300-siltumizolacijas-materialu-iestrades-iekarta\/#primaryimage\",\"url\":\"https:\/\/videstehnika.lv\/wp-content\/uploads\/2020\/08\/Krendl-1300-siltumizolacijas-materialu-iestrades-iekarta.jpg\",\"contentUrl\":\"https:\/\/videstehnika.lv\/wp-content\/uploads\/2020\/08\/Krendl-1300-siltumizolacijas-materialu-iestrades-iekarta.jpg\",\"width\":900,\"height\":900,\"caption\":\"Krendl 1300 siltumizol\u0101cijas materi\u0101lu iestr\u0101des iek\u0101rta\"},{\"@type\":\"BreadcrumbList\",\"@id\":\"https:\/\/videstehnika.lv\/katalogs\/siltumizolacijas-materialu-iestrades-iekartas\/krendl-1300-siltumizolacijas-materialu-iestrades-iekarta\/#breadcrumb\",\"itemListElement\":[{\"@type\":\"ListItem\",\"position\":1,\"name\":\"Home\",\"item\":\"https:\/\/videstehnika.lv\/et\/\"},{\"@type\":\"ListItem\",\"position\":2,\"name\":\"Kataloog\",\"item\":\"https:\/\/videstehnika.lv\/et\/kataloog\/\"},{\"@type\":\"ListItem\",\"position\":3,\"name\":\"Krendl 1300 siltumizol\u0101cijas materi\u0101lu iestr\u0101des iek\u0101rta\"}]},{\"@type\":\"WebSite\",\"@id\":\"https:\/\/videstehnika.lv\/et\/#website\",\"url\":\"https:\/\/videstehnika.lv\/et\/\",\"name\":\"Vides Tehnika\",\"description\":\"\",\"potentialAction\":[{\"@type\":\"SearchAction\",\"target\":{\"@type\":\"EntryPoint\",\"urlTemplate\":\"https:\/\/videstehnika.lv\/et\/?s={search_term_string}\"},\"query-input\":{\"@type\":\"PropertyValueSpecification\",\"valueRequired\":true,\"valueName\":\"search_term_string\"}}],\"inLanguage\":\"et\"}]}<\/script>\n<!-- \/ Yoast SEO plugin. -->","yoast_head_json":{"title":"Krendl 1300 siltumizol\u0101cijas materi\u0101lu iestr\u0101des iek\u0101rta &#8226; Vides Tehnika","description":"Krendl Machine Company siltumizol\u0101cijas materi\u0101lu iestr\u0101des iek\u0101rta, piem\u0113rota tie\u0161i ekovates un beram\u0101s miner\u0101lvates iestr\u0101dei.","robots":{"index":"index","follow":"follow","max-snippet":"max-snippet:-1","max-image-preview":"max-image-preview:large","max-video-preview":"max-video-preview:-1"},"canonical":"https:\/\/videstehnika.lv\/et\/katalogs\/siltumizolacijas-materialu-iestrades-iekartas\/krendl-1300-siltumizolacijas-materialu-iestrades-iekarta\/","og_locale":"et_EE","og_type":"article","og_title":"Krendl 1300 siltumizol\u0101cijas materi\u0101lu iestr\u0101des iek\u0101rta &#8226; Vides Tehnika","og_description":"Krendl Machine Company siltumizol\u0101cijas materi\u0101lu iestr\u0101des iek\u0101rta, piem\u0113rota tie\u0161i ekovates un beram\u0101s miner\u0101lvates iestr\u0101dei.","og_url":"https:\/\/videstehnika.lv\/katalogs\/siltumizolacijas-materialu-iestrades-iekartas\/krendl-1300-siltumizolacijas-materialu-iestrades-iekarta\/","og_site_name":"Vides Tehnika","article_modified_time":"2023-12-04T08:34:00+00:00","og_image":[{"width":900,"height":900,"url":"https:\/\/videstehnika.lv\/wp-content\/uploads\/2020\/08\/Krendl-1300-siltumizolacijas-materialu-iestrades-iekarta.jpg","type":"image\/jpeg"}],"twitter_card":"summary_large_image","twitter_misc":{"Est. reading time":"1 minut"},"schema":{"@context":"https:\/\/schema.org","@graph":[{"@type":"WebPage","@id":"https:\/\/videstehnika.lv\/katalogs\/siltumizolacijas-materialu-iestrades-iekartas\/krendl-1300-siltumizolacijas-materialu-iestrades-iekarta\/","url":"https:\/\/videstehnika.lv\/katalogs\/siltumizolacijas-materialu-iestrades-iekartas\/krendl-1300-siltumizolacijas-materialu-iestrades-iekarta\/","name":"Krendl 1300 siltumizol\u0101cijas materi\u0101lu iestr\u0101des iek\u0101rta &#8226; Vides Tehnika","isPartOf":{"@id":"https:\/\/videstehnika.lv\/et\/#website"},"primaryImageOfPage":{"@id":"https:\/\/videstehnika.lv\/katalogs\/siltumizolacijas-materialu-iestrades-iekartas\/krendl-1300-siltumizolacijas-materialu-iestrades-iekarta\/#primaryimage"},"image":{"@id":"https:\/\/videstehnika.lv\/katalogs\/siltumizolacijas-materialu-iestrades-iekartas\/krendl-1300-siltumizolacijas-materialu-iestrades-iekarta\/#primaryimage"},"thumbnailUrl":"https:\/\/videstehnika.lv\/wp-content\/uploads\/2020\/08\/Krendl-1300-siltumizolacijas-materialu-iestrades-iekarta.jpg","datePublished":"2020-08-19T09:43:32+00:00","dateModified":"2023-12-04T08:34:00+00:00","description":"Krendl Machine Company siltumizol\u0101cijas materi\u0101lu iestr\u0101des iek\u0101rta, piem\u0113rota tie\u0161i ekovates un beram\u0101s miner\u0101lvates iestr\u0101dei.","breadcrumb":{"@id":"https:\/\/videstehnika.lv\/katalogs\/siltumizolacijas-materialu-iestrades-iekartas\/krendl-1300-siltumizolacijas-materialu-iestrades-iekarta\/#breadcrumb"},"inLanguage":"et","potentialAction":[{"@type":"ReadAction","target":["https:\/\/videstehnika.lv\/katalogs\/siltumizolacijas-materialu-iestrades-iekartas\/krendl-1300-siltumizolacijas-materialu-iestrades-iekarta\/"]}]},{"@type":"ImageObject","inLanguage":"et","@id":"https:\/\/videstehnika.lv\/katalogs\/siltumizolacijas-materialu-iestrades-iekartas\/krendl-1300-siltumizolacijas-materialu-iestrades-iekarta\/#primaryimage","url":"https:\/\/videstehnika.lv\/wp-content\/uploads\/2020\/08\/Krendl-1300-siltumizolacijas-materialu-iestrades-iekarta.jpg","contentUrl":"https:\/\/videstehnika.lv\/wp-content\/uploads\/2020\/08\/Krendl-1300-siltumizolacijas-materialu-iestrades-iekarta.jpg","width":900,"height":900,"caption":"Krendl 1300 siltumizol\u0101cijas materi\u0101lu iestr\u0101des iek\u0101rta"},{"@type":"BreadcrumbList","@id":"https:\/\/videstehnika.lv\/katalogs\/siltumizolacijas-materialu-iestrades-iekartas\/krendl-1300-siltumizolacijas-materialu-iestrades-iekarta\/#breadcrumb","itemListElement":[{"@type":"ListItem","position":1,"name":"Home","item":"https:\/\/videstehnika.lv\/et\/"},{"@type":"ListItem","position":2,"name":"Kataloog","item":"https:\/\/videstehnika.lv\/et\/kataloog\/"},{"@type":"ListItem","position":3,"name":"Krendl 1300 siltumizol\u0101cijas materi\u0101lu iestr\u0101des iek\u0101rta"}]},{"@type":"WebSite","@id":"https:\/\/videstehnika.lv\/et\/#website","url":"https:\/\/videstehnika.lv\/et\/","name":"Vides Tehnika","description":"","potentialAction":[{"@type":"SearchAction","target":{"@type":"EntryPoint","urlTemplate":"https:\/\/videstehnika.lv\/et\/?s={search_term_string}"},"query-input":{"@type":"PropertyValueSpecification","valueRequired":true,"valueName":"search_term_string"}}],"inLanguage":"et"}]}},"_links":{"self":[{"href":"https:\/\/videstehnika.lv\/et\/wp-json\/wp\/v2\/product\/5543","targetHints":{"allow":["GET"]}}],"collection":[{"href":"https:\/\/videstehnika.lv\/et\/wp-json\/wp\/v2\/product"}],"about":[{"href":"https:\/\/videstehnika.lv\/et\/wp-json\/wp\/v2\/types\/product"}],"wp:featuredmedia":[{"embeddable":true,"href":"https:\/\/videstehnika.lv\/et\/wp-json\/wp\/v2\/media\/12891"}],"wp:attachment":[{"href":"https:\/\/videstehnika.lv\/et\/wp-json\/wp\/v2\/media?parent=5543"}],"wp:term":[{"taxonomy":"product_cat","embeddable":true,"href":"https:\/\/videstehnika.lv\/et\/wp-json\/wp\/v2\/product_cat?post=5543"},{"taxonomy":"product_tag","embeddable":true,"href":"https:\/\/videstehnika.lv\/et\/wp-json\/wp\/v2\/product_tag?post=5543"}],"curies":[{"name":"wp","href":"https:\/\/api.w.org\/{rel}","templated":true}]}}