{"id":5553,"date":"2020-08-19T12:58:52","date_gmt":"2020-08-19T09:58:52","guid":{"rendered":"https:\/\/videstehnika.lv\/?post_type=product&#038;p=5553"},"modified":"2023-12-04T10:34:34","modified_gmt":"2023-12-04T08:34:34","slug":"krendl-2300-siltumizolacijas-materialu-iestrades-iekarta","status":"publish","type":"product","link":"https:\/\/videstehnika.lv\/katalogs\/siltumizolacijas-materialu-iestrades-iekartas\/krendl-2300-siltumizolacijas-materialu-iestrades-iekarta\/","title":{"rendered":"Krendl 2300 siltumizol\u0101cijas materi\u0101lu iestr\u0101des iek\u0101rta"},"content":{"rendered":"<h2>Krendl 2300 siltumizol\u0101cijas materi\u0101lu iestr\u0101des iek\u0101rta<\/h2>\n<p>K\u0101piniet savu produktivit\u0101ti ar Krendl 2300 \u2013 jaud\u012bgu un profesion\u0101lu ASV ra\u017eot\u0101ja \u201eKrendl Machine Company\u201d siltumizol\u0101cijas materi\u0101lu iestr\u0101des iek\u0101rtu, kas ir ide\u0101li piem\u0113rota ekovates un beram\u0101s miner\u0101lvates iestr\u0101dei.<\/p>\n<p>Iek\u0101rtas lielais un jaud\u012bgais kompresors nodro\u0161in\u0101s \u0101tru liela siltumizol\u0101cijas materi\u0101lu apjoma iestr\u0101di profesion\u0101liem siltin\u0101\u0161anas darbiem. \u0160\u012b iek\u0101rta ir viena no jaud\u012bg\u0101kaj\u0101m un ra\u017e\u012bg\u0101kaj\u0101m p\u0101rvietojamo elektrisko siltumizol\u0101cijas iestr\u0101des iek\u0101rtu mode\u013cu vid\u016b.<\/p>\n<h2><strong>Produktivit\u0101te da\u017e\u0101diem materi\u0101lu veidiem<\/strong><\/h2>\n<ul>\n<li>Ekovate \u2013 1362kg\/h smalcin\u0101t\u0101js + dubultais 3-pak\u0101pju p\u016bt\u0113js; smalcin\u0101t\u0101js + \u010detrk\u0101r\u0161s 3-pak\u0101pju p\u016bt\u0113js<\/li>\n<li>Akmens vate \u2013 908kg\/h smalcin\u0101t\u0101js + dubultais 3-pak\u0101pju p\u016bt\u0113js; smalcin\u0101t\u0101js + \u010detrk\u0101r\u0161s 3-pak\u0101pju p\u016bt\u0113js<\/li>\n<li>Miner\u0101lvate \u2013 454kg\/h smalcin\u0101t\u0101js + dubultais 3-pak\u0101pju p\u016bt\u0113js; 590kg\/h smalcin\u0101t\u0101js + \u010detrk\u0101r\u0161s 3-pak\u0101pju p\u016bt\u0113js<\/li>\n<\/ul>\n<p>Materi\u0101lu bl\u012bvums un iestr\u0101des apst\u0101k\u013ci var ietekm\u0113t materi\u0101lu iestr\u0101des iek\u0101rtas produktivit\u0101ti.<\/p>\n<p>Pla\u0161\u0101ka inform\u0101cija ra\u017eot\u0101ja m\u0101jas lap\u0101: <a target=\"_blank\" href=\"http:\/\/krendlmachine.com\/\" rel=\"noopener\">www.krendlmachine.com<\/a><\/p>\n","protected":false},"excerpt":{"rendered":"<p>Krendl 2300 siltumizol\u0101cijas materi\u0101lu iestr\u0101des iek\u0101rta K\u0101piniet savu produktivit\u0101ti ar Krendl 2300 \u2013 jaud\u012bgu un profesion\u0101lu ASV ra\u017eot\u0101ja \u201eKrendl Machine<\/p>\n","protected":false},"featured_media":5560,"template":"","meta":{"_acf_changed":false},"product_cat":[111,74],"product_tag":[],"class_list":{"0":"post-5553","1":"product","2":"type-product","3":"status-publish","4":"has-post-thumbnail","6":"product_cat-krendl-siltumizolacijas-iestrades-iekartas","7":"product_cat-siltumizolacijas-materialu-iestrades-iekartas","9":"first","10":"onbackorder","11":"taxable","12":"shipping-taxable","13":"purchasable","14":"product-type-simple"},"acf":[],"yoast_head":"<!-- This site is optimized with the Yoast SEO plugin v24.2 - https:\/\/yoast.com\/wordpress\/plugins\/seo\/ -->\n<title>Krendl 2300 siltumizol\u0101cijas materi\u0101lu iestr\u0101des iek\u0101rta &#8226; Vides Tehnika<\/title>\n<meta name=\"description\" content=\"Krendl 2300 \u2013 jaud\u012bga un profesion\u0101la siltumizol\u0101cijas materi\u0101lu iestr\u0101des iek\u0101rta, kas piem\u0113rota ekovates un beram\u0101s miner\u0101lvates iestr\u0101dei.\" \/>\n<meta name=\"robots\" content=\"index, follow, max-snippet:-1, max-image-preview:large, max-video-preview:-1\" \/>\n<link rel=\"canonical\" href=\"https:\/\/videstehnika.lv\/et\/katalogs\/siltumizolacijas-materialu-iestrades-iekartas\/krendl-2300-siltumizolacijas-materialu-iestrades-iekarta\/\" \/>\n<meta property=\"og:locale\" content=\"et_EE\" \/>\n<meta property=\"og:type\" content=\"article\" \/>\n<meta property=\"og:title\" content=\"Krendl 2300 siltumizol\u0101cijas materi\u0101lu iestr\u0101des iek\u0101rta &#8226; Vides Tehnika\" \/>\n<meta property=\"og:description\" content=\"Krendl 2300 \u2013 jaud\u012bga un profesion\u0101la siltumizol\u0101cijas materi\u0101lu iestr\u0101des iek\u0101rta, kas piem\u0113rota ekovates un beram\u0101s miner\u0101lvates iestr\u0101dei.\" \/>\n<meta property=\"og:url\" content=\"https:\/\/videstehnika.lv\/katalogs\/siltumizolacijas-materialu-iestrades-iekartas\/krendl-2300-siltumizolacijas-materialu-iestrades-iekarta\/\" \/>\n<meta property=\"og:site_name\" content=\"Vides Tehnika\" \/>\n<meta property=\"article:modified_time\" content=\"2023-12-04T08:34:34+00:00\" \/>\n<meta property=\"og:image\" content=\"https:\/\/videstehnika.lv\/wp-content\/uploads\/2020\/08\/Krendl-2300.jpg\" \/>\n\t<meta property=\"og:image:width\" content=\"900\" \/>\n\t<meta property=\"og:image:height\" content=\"900\" \/>\n\t<meta property=\"og:image:type\" content=\"image\/jpeg\" \/>\n<meta name=\"twitter:card\" content=\"summary_large_image\" \/>\n<meta name=\"twitter:label1\" content=\"Est. reading time\" \/>\n\t<meta name=\"twitter:data1\" content=\"1 minut\" \/>\n<script type=\"application\/ld+json\" class=\"yoast-schema-graph\">{\"@context\":\"https:\/\/schema.org\",\"@graph\":[{\"@type\":\"WebPage\",\"@id\":\"https:\/\/videstehnika.lv\/katalogs\/siltumizolacijas-materialu-iestrades-iekartas\/krendl-2300-siltumizolacijas-materialu-iestrades-iekarta\/\",\"url\":\"https:\/\/videstehnika.lv\/katalogs\/siltumizolacijas-materialu-iestrades-iekartas\/krendl-2300-siltumizolacijas-materialu-iestrades-iekarta\/\",\"name\":\"Krendl 2300 siltumizol\u0101cijas materi\u0101lu iestr\u0101des iek\u0101rta &#8226; Vides Tehnika\",\"isPartOf\":{\"@id\":\"https:\/\/videstehnika.lv\/et\/#website\"},\"primaryImageOfPage\":{\"@id\":\"https:\/\/videstehnika.lv\/katalogs\/siltumizolacijas-materialu-iestrades-iekartas\/krendl-2300-siltumizolacijas-materialu-iestrades-iekarta\/#primaryimage\"},\"image\":{\"@id\":\"https:\/\/videstehnika.lv\/katalogs\/siltumizolacijas-materialu-iestrades-iekartas\/krendl-2300-siltumizolacijas-materialu-iestrades-iekarta\/#primaryimage\"},\"thumbnailUrl\":\"https:\/\/videstehnika.lv\/wp-content\/uploads\/2020\/08\/Krendl-2300.jpg\",\"datePublished\":\"2020-08-19T09:58:52+00:00\",\"dateModified\":\"2023-12-04T08:34:34+00:00\",\"description\":\"Krendl 2300 \u2013 jaud\u012bga un profesion\u0101la siltumizol\u0101cijas materi\u0101lu iestr\u0101des iek\u0101rta, kas piem\u0113rota ekovates un beram\u0101s miner\u0101lvates iestr\u0101dei.\",\"breadcrumb\":{\"@id\":\"https:\/\/videstehnika.lv\/katalogs\/siltumizolacijas-materialu-iestrades-iekartas\/krendl-2300-siltumizolacijas-materialu-iestrades-iekarta\/#breadcrumb\"},\"inLanguage\":\"et\",\"potentialAction\":[{\"@type\":\"ReadAction\",\"target\":[\"https:\/\/videstehnika.lv\/katalogs\/siltumizolacijas-materialu-iestrades-iekartas\/krendl-2300-siltumizolacijas-materialu-iestrades-iekarta\/\"]}]},{\"@type\":\"ImageObject\",\"inLanguage\":\"et\",\"@id\":\"https:\/\/videstehnika.lv\/katalogs\/siltumizolacijas-materialu-iestrades-iekartas\/krendl-2300-siltumizolacijas-materialu-iestrades-iekarta\/#primaryimage\",\"url\":\"https:\/\/videstehnika.lv\/wp-content\/uploads\/2020\/08\/Krendl-2300.jpg\",\"contentUrl\":\"https:\/\/videstehnika.lv\/wp-content\/uploads\/2020\/08\/Krendl-2300.jpg\",\"width\":900,\"height\":900},{\"@type\":\"BreadcrumbList\",\"@id\":\"https:\/\/videstehnika.lv\/katalogs\/siltumizolacijas-materialu-iestrades-iekartas\/krendl-2300-siltumizolacijas-materialu-iestrades-iekarta\/#breadcrumb\",\"itemListElement\":[{\"@type\":\"ListItem\",\"position\":1,\"name\":\"Home\",\"item\":\"https:\/\/videstehnika.lv\/et\/\"},{\"@type\":\"ListItem\",\"position\":2,\"name\":\"Kataloog\",\"item\":\"https:\/\/videstehnika.lv\/et\/kataloog\/\"},{\"@type\":\"ListItem\",\"position\":3,\"name\":\"Krendl 2300 siltumizol\u0101cijas materi\u0101lu iestr\u0101des iek\u0101rta\"}]},{\"@type\":\"WebSite\",\"@id\":\"https:\/\/videstehnika.lv\/et\/#website\",\"url\":\"https:\/\/videstehnika.lv\/et\/\",\"name\":\"Vides Tehnika\",\"description\":\"\",\"potentialAction\":[{\"@type\":\"SearchAction\",\"target\":{\"@type\":\"EntryPoint\",\"urlTemplate\":\"https:\/\/videstehnika.lv\/et\/?s={search_term_string}\"},\"query-input\":{\"@type\":\"PropertyValueSpecification\",\"valueRequired\":true,\"valueName\":\"search_term_string\"}}],\"inLanguage\":\"et\"}]}<\/script>\n<!-- \/ Yoast SEO plugin. -->","yoast_head_json":{"title":"Krendl 2300 siltumizol\u0101cijas materi\u0101lu iestr\u0101des iek\u0101rta &#8226; Vides Tehnika","description":"Krendl 2300 \u2013 jaud\u012bga un profesion\u0101la siltumizol\u0101cijas materi\u0101lu iestr\u0101des iek\u0101rta, kas piem\u0113rota ekovates un beram\u0101s miner\u0101lvates iestr\u0101dei.","robots":{"index":"index","follow":"follow","max-snippet":"max-snippet:-1","max-image-preview":"max-image-preview:large","max-video-preview":"max-video-preview:-1"},"canonical":"https:\/\/videstehnika.lv\/et\/katalogs\/siltumizolacijas-materialu-iestrades-iekartas\/krendl-2300-siltumizolacijas-materialu-iestrades-iekarta\/","og_locale":"et_EE","og_type":"article","og_title":"Krendl 2300 siltumizol\u0101cijas materi\u0101lu iestr\u0101des iek\u0101rta &#8226; Vides Tehnika","og_description":"Krendl 2300 \u2013 jaud\u012bga un profesion\u0101la siltumizol\u0101cijas materi\u0101lu iestr\u0101des iek\u0101rta, kas piem\u0113rota ekovates un beram\u0101s miner\u0101lvates iestr\u0101dei.","og_url":"https:\/\/videstehnika.lv\/katalogs\/siltumizolacijas-materialu-iestrades-iekartas\/krendl-2300-siltumizolacijas-materialu-iestrades-iekarta\/","og_site_name":"Vides Tehnika","article_modified_time":"2023-12-04T08:34:34+00:00","og_image":[{"width":900,"height":900,"url":"https:\/\/videstehnika.lv\/wp-content\/uploads\/2020\/08\/Krendl-2300.jpg","type":"image\/jpeg"}],"twitter_card":"summary_large_image","twitter_misc":{"Est. reading time":"1 minut"},"schema":{"@context":"https:\/\/schema.org","@graph":[{"@type":"WebPage","@id":"https:\/\/videstehnika.lv\/katalogs\/siltumizolacijas-materialu-iestrades-iekartas\/krendl-2300-siltumizolacijas-materialu-iestrades-iekarta\/","url":"https:\/\/videstehnika.lv\/katalogs\/siltumizolacijas-materialu-iestrades-iekartas\/krendl-2300-siltumizolacijas-materialu-iestrades-iekarta\/","name":"Krendl 2300 siltumizol\u0101cijas materi\u0101lu iestr\u0101des iek\u0101rta &#8226; Vides Tehnika","isPartOf":{"@id":"https:\/\/videstehnika.lv\/et\/#website"},"primaryImageOfPage":{"@id":"https:\/\/videstehnika.lv\/katalogs\/siltumizolacijas-materialu-iestrades-iekartas\/krendl-2300-siltumizolacijas-materialu-iestrades-iekarta\/#primaryimage"},"image":{"@id":"https:\/\/videstehnika.lv\/katalogs\/siltumizolacijas-materialu-iestrades-iekartas\/krendl-2300-siltumizolacijas-materialu-iestrades-iekarta\/#primaryimage"},"thumbnailUrl":"https:\/\/videstehnika.lv\/wp-content\/uploads\/2020\/08\/Krendl-2300.jpg","datePublished":"2020-08-19T09:58:52+00:00","dateModified":"2023-12-04T08:34:34+00:00","description":"Krendl 2300 \u2013 jaud\u012bga un profesion\u0101la siltumizol\u0101cijas materi\u0101lu iestr\u0101des iek\u0101rta, kas piem\u0113rota ekovates un beram\u0101s miner\u0101lvates iestr\u0101dei.","breadcrumb":{"@id":"https:\/\/videstehnika.lv\/katalogs\/siltumizolacijas-materialu-iestrades-iekartas\/krendl-2300-siltumizolacijas-materialu-iestrades-iekarta\/#breadcrumb"},"inLanguage":"et","potentialAction":[{"@type":"ReadAction","target":["https:\/\/videstehnika.lv\/katalogs\/siltumizolacijas-materialu-iestrades-iekartas\/krendl-2300-siltumizolacijas-materialu-iestrades-iekarta\/"]}]},{"@type":"ImageObject","inLanguage":"et","@id":"https:\/\/videstehnika.lv\/katalogs\/siltumizolacijas-materialu-iestrades-iekartas\/krendl-2300-siltumizolacijas-materialu-iestrades-iekarta\/#primaryimage","url":"https:\/\/videstehnika.lv\/wp-content\/uploads\/2020\/08\/Krendl-2300.jpg","contentUrl":"https:\/\/videstehnika.lv\/wp-content\/uploads\/2020\/08\/Krendl-2300.jpg","width":900,"height":900},{"@type":"BreadcrumbList","@id":"https:\/\/videstehnika.lv\/katalogs\/siltumizolacijas-materialu-iestrades-iekartas\/krendl-2300-siltumizolacijas-materialu-iestrades-iekarta\/#breadcrumb","itemListElement":[{"@type":"ListItem","position":1,"name":"Home","item":"https:\/\/videstehnika.lv\/et\/"},{"@type":"ListItem","position":2,"name":"Kataloog","item":"https:\/\/videstehnika.lv\/et\/kataloog\/"},{"@type":"ListItem","position":3,"name":"Krendl 2300 siltumizol\u0101cijas materi\u0101lu iestr\u0101des iek\u0101rta"}]},{"@type":"WebSite","@id":"https:\/\/videstehnika.lv\/et\/#website","url":"https:\/\/videstehnika.lv\/et\/","name":"Vides Tehnika","description":"","potentialAction":[{"@type":"SearchAction","target":{"@type":"EntryPoint","urlTemplate":"https:\/\/videstehnika.lv\/et\/?s={search_term_string}"},"query-input":{"@type":"PropertyValueSpecification","valueRequired":true,"valueName":"search_term_string"}}],"inLanguage":"et"}]}},"_links":{"self":[{"href":"https:\/\/videstehnika.lv\/et\/wp-json\/wp\/v2\/product\/5553","targetHints":{"allow":["GET"]}}],"collection":[{"href":"https:\/\/videstehnika.lv\/et\/wp-json\/wp\/v2\/product"}],"about":[{"href":"https:\/\/videstehnika.lv\/et\/wp-json\/wp\/v2\/types\/product"}],"wp:featuredmedia":[{"embeddable":true,"href":"https:\/\/videstehnika.lv\/et\/wp-json\/wp\/v2\/media\/5560"}],"wp:attachment":[{"href":"https:\/\/videstehnika.lv\/et\/wp-json\/wp\/v2\/media?parent=5553"}],"wp:term":[{"taxonomy":"product_cat","embeddable":true,"href":"https:\/\/videstehnika.lv\/et\/wp-json\/wp\/v2\/product_cat?post=5553"},{"taxonomy":"product_tag","embeddable":true,"href":"https:\/\/videstehnika.lv\/et\/wp-json\/wp\/v2\/product_tag?post=5553"}],"curies":[{"name":"wp","href":"https:\/\/api.w.org\/{rel}","templated":true}]}}