{"id":5563,"date":"2020-08-19T13:53:27","date_gmt":"2020-08-19T10:53:27","guid":{"rendered":"https:\/\/videstehnika.lv\/?post_type=product&#038;p=5563"},"modified":"2023-12-04T10:36:23","modified_gmt":"2023-12-04T08:36:23","slug":"stewart-energy-350-iestrades-iekarta","status":"publish","type":"product","link":"https:\/\/videstehnika.lv\/katalogs\/siltumizolacijas-materialu-iestrades-iekartas\/stewart-energy-350-iestrades-iekarta\/","title":{"rendered":"Stewart Energy 350 iestr\u0101des iek\u0101rta"},"content":{"rendered":"<h2>Stewart Energy 350 iestr\u0101des iek\u0101rta<\/h2>\n<p>Fibremaster 350 ir sp\u0113c\u012bga siltumizol\u0101cijas materi\u0101lu p\u016b\u0161am\u0101 iek\u0101rta, kas paredz\u0113ta profesion\u0101liem darbuz\u0146\u0113m\u0113jiem.<\/p>\n<h2><strong>Iek\u0101rtas kontroles sist\u0113mas<\/strong><\/h2>\n<p>Piln\u012bb\u0101 neatkar\u012bga gaisa un materi\u0101la kontrole. Apr\u012bkota ar 45 m t\u0101lvad\u012bbas vadu un standarta Fibremaster klausuli ar 3 pog\u0101m. Nodro\u0161ina tr\u012bs funkcijas: gaiss (tikai), gaiss un \u0161\u0137iedras un izsl\u0113gts. Papildus pieejama ar\u012b Stewart Energy radio t\u0101lvad\u012bba.<\/p>\n<h3><strong>Dro\u0161\u012bba<\/strong><\/h3>\n<p>Visas p\u0101rvades da\u013cas piln\u012bb\u0101 aizsarg\u0101tas. Piltuves papla\u0161in\u0101jums aizsarg\u0101 operatoru no piek\u013cuves rot\u0113jo\u0161aj\u0101m deta\u013c\u0101m. Motori ir aizsarg\u0101ti ar lieljaudas p\u0101rslodz\u0113m. Av\u0101rijas aptur\u0113\u0161anas poga uz vad\u012bbas pults. Kontroles sist\u0113ma apr\u012bkota ar augsta un zema sprieguma \u0101trdarb\u012bgiem dro\u0161in\u0101t\u0101jiem. Energopievadi apr\u012bkoti ar MCB\/RCD aizsardz\u012bbu. 230 V \/ 115 v 5 kVA transformatori (nep\u0101rtraukti 3 kVA) apr\u012bkoti ar neatkar\u012bgu p\u0101rslodzes aizsardz\u012bbu 115 v variantam. Piln\u012bb\u0101 atbilst CE dizainam.<\/p>\n<h4><strong>Standarta aksesu\u0101ru komplekts<\/strong><\/h4>\n<p>Divi energopievadi, 45 m no 76 mm (3&#8243;) vai 63 mm (2,5&#8243;) puscaursp\u012bd\u012bga \u0161\u013c\u016btene, 45 m t\u0101lvad\u012bba &amp; klausule.<\/p>\n","protected":false},"excerpt":{"rendered":"<p>Stewart Energy 350 iestr\u0101des iek\u0101rta Fibremaster 350 ir sp\u0113c\u012bga siltumizol\u0101cijas materi\u0101lu p\u016b\u0161am\u0101 iek\u0101rta, kas paredz\u0113ta profesion\u0101liem darbuz\u0146\u0113m\u0113jiem. Iek\u0101rtas kontroles sist\u0113mas<\/p>\n","protected":false},"featured_media":5570,"template":"","meta":{"_acf_changed":false},"product_cat":[112,74],"product_tag":[],"class_list":{"0":"post-5563","1":"product","2":"type-product","3":"status-publish","4":"has-post-thumbnail","6":"product_cat-stewart-energy-fibermaster-iekartas","7":"product_cat-siltumizolacijas-materialu-iestrades-iekartas","9":"first","10":"onbackorder","11":"taxable","12":"shipping-taxable","13":"purchasable","14":"product-type-simple"},"acf":[],"yoast_head":"<!-- This site is optimized with the Yoast SEO plugin v24.2 - https:\/\/yoast.com\/wordpress\/plugins\/seo\/ -->\n<title>Stewart Energy 350 iestr\u0101des iek\u0101rta &#8226; Vides Tehnika<\/title>\n<meta name=\"description\" content=\"Fibremaster 350 ir sp\u0113c\u012bga siltumizol\u0101cijas materi\u0101lu p\u016b\u0161am\u0101 iek\u0101rta, kas paredz\u0113ta siltumizol\u0101cijas materi\u0101lu iestr\u0101dei.\" \/>\n<meta name=\"robots\" content=\"index, follow, max-snippet:-1, max-image-preview:large, max-video-preview:-1\" \/>\n<link rel=\"canonical\" href=\"https:\/\/videstehnika.lv\/et\/katalogs\/siltumizolacijas-materialu-iestrades-iekartas\/stewart-energy-350-iestrades-iekarta\/\" \/>\n<meta property=\"og:locale\" content=\"et_EE\" \/>\n<meta property=\"og:type\" content=\"article\" \/>\n<meta property=\"og:title\" content=\"Stewart Energy 350 iestr\u0101des iek\u0101rta &#8226; Vides Tehnika\" \/>\n<meta property=\"og:description\" content=\"Fibremaster 350 ir sp\u0113c\u012bga siltumizol\u0101cijas materi\u0101lu p\u016b\u0161am\u0101 iek\u0101rta, kas paredz\u0113ta siltumizol\u0101cijas materi\u0101lu iestr\u0101dei.\" \/>\n<meta property=\"og:url\" content=\"https:\/\/videstehnika.lv\/katalogs\/siltumizolacijas-materialu-iestrades-iekartas\/stewart-energy-350-iestrades-iekarta\/\" \/>\n<meta property=\"og:site_name\" content=\"Vides Tehnika\" \/>\n<meta property=\"article:modified_time\" content=\"2023-12-04T08:36:23+00:00\" \/>\n<meta property=\"og:image\" content=\"https:\/\/videstehnika.lv\/wp-content\/uploads\/2020\/08\/fibremaster-350.jpg\" \/>\n\t<meta property=\"og:image:width\" content=\"900\" \/>\n\t<meta property=\"og:image:height\" content=\"900\" \/>\n\t<meta property=\"og:image:type\" content=\"image\/jpeg\" \/>\n<meta name=\"twitter:card\" content=\"summary_large_image\" \/>\n<meta name=\"twitter:label1\" content=\"Est. reading time\" \/>\n\t<meta name=\"twitter:data1\" content=\"1 minut\" \/>\n<script type=\"application\/ld+json\" class=\"yoast-schema-graph\">{\"@context\":\"https:\/\/schema.org\",\"@graph\":[{\"@type\":\"WebPage\",\"@id\":\"https:\/\/videstehnika.lv\/katalogs\/siltumizolacijas-materialu-iestrades-iekartas\/stewart-energy-350-iestrades-iekarta\/\",\"url\":\"https:\/\/videstehnika.lv\/katalogs\/siltumizolacijas-materialu-iestrades-iekartas\/stewart-energy-350-iestrades-iekarta\/\",\"name\":\"Stewart Energy 350 iestr\u0101des iek\u0101rta &#8226; Vides Tehnika\",\"isPartOf\":{\"@id\":\"https:\/\/videstehnika.lv\/et\/#website\"},\"primaryImageOfPage\":{\"@id\":\"https:\/\/videstehnika.lv\/katalogs\/siltumizolacijas-materialu-iestrades-iekartas\/stewart-energy-350-iestrades-iekarta\/#primaryimage\"},\"image\":{\"@id\":\"https:\/\/videstehnika.lv\/katalogs\/siltumizolacijas-materialu-iestrades-iekartas\/stewart-energy-350-iestrades-iekarta\/#primaryimage\"},\"thumbnailUrl\":\"https:\/\/videstehnika.lv\/wp-content\/uploads\/2020\/08\/fibremaster-350.jpg\",\"datePublished\":\"2020-08-19T10:53:27+00:00\",\"dateModified\":\"2023-12-04T08:36:23+00:00\",\"description\":\"Fibremaster 350 ir sp\u0113c\u012bga siltumizol\u0101cijas materi\u0101lu p\u016b\u0161am\u0101 iek\u0101rta, kas paredz\u0113ta siltumizol\u0101cijas materi\u0101lu iestr\u0101dei.\",\"breadcrumb\":{\"@id\":\"https:\/\/videstehnika.lv\/katalogs\/siltumizolacijas-materialu-iestrades-iekartas\/stewart-energy-350-iestrades-iekarta\/#breadcrumb\"},\"inLanguage\":\"et\",\"potentialAction\":[{\"@type\":\"ReadAction\",\"target\":[\"https:\/\/videstehnika.lv\/katalogs\/siltumizolacijas-materialu-iestrades-iekartas\/stewart-energy-350-iestrades-iekarta\/\"]}]},{\"@type\":\"ImageObject\",\"inLanguage\":\"et\",\"@id\":\"https:\/\/videstehnika.lv\/katalogs\/siltumizolacijas-materialu-iestrades-iekartas\/stewart-energy-350-iestrades-iekarta\/#primaryimage\",\"url\":\"https:\/\/videstehnika.lv\/wp-content\/uploads\/2020\/08\/fibremaster-350.jpg\",\"contentUrl\":\"https:\/\/videstehnika.lv\/wp-content\/uploads\/2020\/08\/fibremaster-350.jpg\",\"width\":900,\"height\":900,\"caption\":\"Fibremaster 350 ir sp\u0113c\u012bga siltumizol\u0101cijas materi\u0101lu p\u016b\u0161am\u0101 iek\u0101rta, kas paredz\u0113ta profesion\u0101liem darbuz\u0146\u0113m\u0113jiem.\"},{\"@type\":\"BreadcrumbList\",\"@id\":\"https:\/\/videstehnika.lv\/katalogs\/siltumizolacijas-materialu-iestrades-iekartas\/stewart-energy-350-iestrades-iekarta\/#breadcrumb\",\"itemListElement\":[{\"@type\":\"ListItem\",\"position\":1,\"name\":\"Home\",\"item\":\"https:\/\/videstehnika.lv\/et\/\"},{\"@type\":\"ListItem\",\"position\":2,\"name\":\"Kataloog\",\"item\":\"https:\/\/videstehnika.lv\/et\/kataloog\/\"},{\"@type\":\"ListItem\",\"position\":3,\"name\":\"Stewart Energy 350 iestr\u0101des iek\u0101rta\"}]},{\"@type\":\"WebSite\",\"@id\":\"https:\/\/videstehnika.lv\/et\/#website\",\"url\":\"https:\/\/videstehnika.lv\/et\/\",\"name\":\"Vides Tehnika\",\"description\":\"\",\"potentialAction\":[{\"@type\":\"SearchAction\",\"target\":{\"@type\":\"EntryPoint\",\"urlTemplate\":\"https:\/\/videstehnika.lv\/et\/?s={search_term_string}\"},\"query-input\":{\"@type\":\"PropertyValueSpecification\",\"valueRequired\":true,\"valueName\":\"search_term_string\"}}],\"inLanguage\":\"et\"}]}<\/script>\n<!-- \/ Yoast SEO plugin. -->","yoast_head_json":{"title":"Stewart Energy 350 iestr\u0101des iek\u0101rta &#8226; Vides Tehnika","description":"Fibremaster 350 ir sp\u0113c\u012bga siltumizol\u0101cijas materi\u0101lu p\u016b\u0161am\u0101 iek\u0101rta, kas paredz\u0113ta siltumizol\u0101cijas materi\u0101lu iestr\u0101dei.","robots":{"index":"index","follow":"follow","max-snippet":"max-snippet:-1","max-image-preview":"max-image-preview:large","max-video-preview":"max-video-preview:-1"},"canonical":"https:\/\/videstehnika.lv\/et\/katalogs\/siltumizolacijas-materialu-iestrades-iekartas\/stewart-energy-350-iestrades-iekarta\/","og_locale":"et_EE","og_type":"article","og_title":"Stewart Energy 350 iestr\u0101des iek\u0101rta &#8226; Vides Tehnika","og_description":"Fibremaster 350 ir sp\u0113c\u012bga siltumizol\u0101cijas materi\u0101lu p\u016b\u0161am\u0101 iek\u0101rta, kas paredz\u0113ta siltumizol\u0101cijas materi\u0101lu iestr\u0101dei.","og_url":"https:\/\/videstehnika.lv\/katalogs\/siltumizolacijas-materialu-iestrades-iekartas\/stewart-energy-350-iestrades-iekarta\/","og_site_name":"Vides Tehnika","article_modified_time":"2023-12-04T08:36:23+00:00","og_image":[{"width":900,"height":900,"url":"https:\/\/videstehnika.lv\/wp-content\/uploads\/2020\/08\/fibremaster-350.jpg","type":"image\/jpeg"}],"twitter_card":"summary_large_image","twitter_misc":{"Est. reading time":"1 minut"},"schema":{"@context":"https:\/\/schema.org","@graph":[{"@type":"WebPage","@id":"https:\/\/videstehnika.lv\/katalogs\/siltumizolacijas-materialu-iestrades-iekartas\/stewart-energy-350-iestrades-iekarta\/","url":"https:\/\/videstehnika.lv\/katalogs\/siltumizolacijas-materialu-iestrades-iekartas\/stewart-energy-350-iestrades-iekarta\/","name":"Stewart Energy 350 iestr\u0101des iek\u0101rta &#8226; Vides Tehnika","isPartOf":{"@id":"https:\/\/videstehnika.lv\/et\/#website"},"primaryImageOfPage":{"@id":"https:\/\/videstehnika.lv\/katalogs\/siltumizolacijas-materialu-iestrades-iekartas\/stewart-energy-350-iestrades-iekarta\/#primaryimage"},"image":{"@id":"https:\/\/videstehnika.lv\/katalogs\/siltumizolacijas-materialu-iestrades-iekartas\/stewart-energy-350-iestrades-iekarta\/#primaryimage"},"thumbnailUrl":"https:\/\/videstehnika.lv\/wp-content\/uploads\/2020\/08\/fibremaster-350.jpg","datePublished":"2020-08-19T10:53:27+00:00","dateModified":"2023-12-04T08:36:23+00:00","description":"Fibremaster 350 ir sp\u0113c\u012bga siltumizol\u0101cijas materi\u0101lu p\u016b\u0161am\u0101 iek\u0101rta, kas paredz\u0113ta siltumizol\u0101cijas materi\u0101lu iestr\u0101dei.","breadcrumb":{"@id":"https:\/\/videstehnika.lv\/katalogs\/siltumizolacijas-materialu-iestrades-iekartas\/stewart-energy-350-iestrades-iekarta\/#breadcrumb"},"inLanguage":"et","potentialAction":[{"@type":"ReadAction","target":["https:\/\/videstehnika.lv\/katalogs\/siltumizolacijas-materialu-iestrades-iekartas\/stewart-energy-350-iestrades-iekarta\/"]}]},{"@type":"ImageObject","inLanguage":"et","@id":"https:\/\/videstehnika.lv\/katalogs\/siltumizolacijas-materialu-iestrades-iekartas\/stewart-energy-350-iestrades-iekarta\/#primaryimage","url":"https:\/\/videstehnika.lv\/wp-content\/uploads\/2020\/08\/fibremaster-350.jpg","contentUrl":"https:\/\/videstehnika.lv\/wp-content\/uploads\/2020\/08\/fibremaster-350.jpg","width":900,"height":900,"caption":"Fibremaster 350 ir sp\u0113c\u012bga siltumizol\u0101cijas materi\u0101lu p\u016b\u0161am\u0101 iek\u0101rta, kas paredz\u0113ta profesion\u0101liem darbuz\u0146\u0113m\u0113jiem."},{"@type":"BreadcrumbList","@id":"https:\/\/videstehnika.lv\/katalogs\/siltumizolacijas-materialu-iestrades-iekartas\/stewart-energy-350-iestrades-iekarta\/#breadcrumb","itemListElement":[{"@type":"ListItem","position":1,"name":"Home","item":"https:\/\/videstehnika.lv\/et\/"},{"@type":"ListItem","position":2,"name":"Kataloog","item":"https:\/\/videstehnika.lv\/et\/kataloog\/"},{"@type":"ListItem","position":3,"name":"Stewart Energy 350 iestr\u0101des iek\u0101rta"}]},{"@type":"WebSite","@id":"https:\/\/videstehnika.lv\/et\/#website","url":"https:\/\/videstehnika.lv\/et\/","name":"Vides Tehnika","description":"","potentialAction":[{"@type":"SearchAction","target":{"@type":"EntryPoint","urlTemplate":"https:\/\/videstehnika.lv\/et\/?s={search_term_string}"},"query-input":{"@type":"PropertyValueSpecification","valueRequired":true,"valueName":"search_term_string"}}],"inLanguage":"et"}]}},"_links":{"self":[{"href":"https:\/\/videstehnika.lv\/et\/wp-json\/wp\/v2\/product\/5563","targetHints":{"allow":["GET"]}}],"collection":[{"href":"https:\/\/videstehnika.lv\/et\/wp-json\/wp\/v2\/product"}],"about":[{"href":"https:\/\/videstehnika.lv\/et\/wp-json\/wp\/v2\/types\/product"}],"wp:featuredmedia":[{"embeddable":true,"href":"https:\/\/videstehnika.lv\/et\/wp-json\/wp\/v2\/media\/5570"}],"wp:attachment":[{"href":"https:\/\/videstehnika.lv\/et\/wp-json\/wp\/v2\/media?parent=5563"}],"wp:term":[{"taxonomy":"product_cat","embeddable":true,"href":"https:\/\/videstehnika.lv\/et\/wp-json\/wp\/v2\/product_cat?post=5563"},{"taxonomy":"product_tag","embeddable":true,"href":"https:\/\/videstehnika.lv\/et\/wp-json\/wp\/v2\/product_tag?post=5563"}],"curies":[{"name":"wp","href":"https:\/\/api.w.org\/{rel}","templated":true}]}}