{"id":62040,"date":"2025-06-03T15:39:01","date_gmt":"2025-06-03T12:39:01","guid":{"rendered":"https:\/\/videstehnika.lv\/?post_type=product&#038;p=62040"},"modified":"2026-01-27T14:48:49","modified_gmt":"2026-01-27T12:48:49","slug":"standarta-regipsis-gipskartons-nida-expert-siniat-gkb","status":"publish","type":"product","link":"https:\/\/videstehnika.lv\/katalogs\/buvmateriali-buvei-remontam-un-ieksdarbiem\/standarta-regipsis-gipskartons-nida-expert-siniat-gkb\/","title":{"rendered":"Standarta Re\u0123ipsis (\u0122ip\u0161kartons) NIDA expert SINIAT (GKB)"},"content":{"rendered":"<p>Profesiona\u0304la g\u0327ips\u030ckartona pla\u0304ksne ar augstu virsmas bli\u0304vumu un plas\u030cu pielietojumu, piem., starpsienu, sienu un griestu aps\u030cuvumu izveidos\u030canai uz nesos\u030ca\u0304s konstrukcijas, turkl\u0101t ta\u0304 ir izmantojama ka\u0304 sausais apmetums.<\/p>\n<p>Vieni\u0304ga\u0304 g\u0327ips\u030ckartona pla\u0304ksne tirgu\u0304, kas tika izpe\u0304ti\u0304ta, n\u0327emot ve\u0304ra\u0304 ta\u0304s pielietos\u030canu visos NIDA siste\u0304mu risina\u0304jumos.<\/p>\n<p>Tai noteikta atbilsti\u0304bas nove\u0304rte\u0304juma siste\u0304ma Nr. 3.<\/p>\n<p>Pieme\u0304rotas ari\u0304 izmantos\u030canai telpa\u0304s ar relati\u0304vo gaisa mitrumu li\u0304dz 70%.<\/p>\n","protected":false},"excerpt":{"rendered":"<p>Profesiona\u0304la g\u0327ips\u030ckartona pla\u0304ksne ar augstu virsmas bli\u0304vumu un plas\u030cu pielietojumu, piem., starpsienu, sienu un griestu aps\u030cuvumu izveidos\u030canai uz nesos\u030ca\u0304s konstrukcijas,<\/p>\n","protected":false},"featured_media":62044,"template":"","meta":{"_acf_changed":false},"product_cat":[70,100],"product_tag":[],"class_list":{"0":"post-62040","1":"product","2":"type-product","3":"status-publish","4":"has-post-thumbnail","6":"product_cat-buvmateriali-buvei-remontam-un-ieksdarbiem","7":"product_cat-regipsis","9":"first","10":"instock","11":"taxable","12":"shipping-taxable","13":"purchasable","14":"product-type-variable"},"acf":[],"yoast_head":"<!-- This site is optimized with the Yoast SEO plugin v24.2 - https:\/\/yoast.com\/wordpress\/plugins\/seo\/ -->\n<title>Standarta Re\u0123ipsis (\u0122ip\u0161kartons) NIDA expert SINIAT (GKB) &#8226; Vides Tehnika<\/title>\n<meta name=\"robots\" content=\"index, follow, max-snippet:-1, max-image-preview:large, max-video-preview:-1\" \/>\n<link rel=\"canonical\" href=\"https:\/\/videstehnika.lv\/et\/katalogs\/buvmateriali-buvei-remontam-un-ieksdarbiem\/standarta-regipsis-gipskartons-nida-expert-siniat-gkb\/\" \/>\n<meta property=\"og:locale\" content=\"et_EE\" \/>\n<meta property=\"og:type\" content=\"article\" \/>\n<meta property=\"og:title\" content=\"Standarta Re\u0123ipsis (\u0122ip\u0161kartons) NIDA expert SINIAT (GKB) &#8226; Vides Tehnika\" \/>\n<meta property=\"og:description\" content=\"Profesiona\u0304la g\u0327ips\u030ckartona pla\u0304ksne ar augstu virsmas bli\u0304vumu un plas\u030cu pielietojumu, piem., starpsienu, sienu un griestu aps\u030cuvumu izveidos\u030canai uz nesos\u030ca\u0304s konstrukcijas,\" \/>\n<meta property=\"og:url\" content=\"https:\/\/videstehnika.lv\/katalogs\/buvmateriali-buvei-remontam-un-ieksdarbiem\/standarta-regipsis-gipskartons-nida-expert-siniat-gkb\/\" \/>\n<meta property=\"og:site_name\" content=\"Vides Tehnika\" \/>\n<meta property=\"article:modified_time\" content=\"2026-01-27T12:48:49+00:00\" \/>\n<meta property=\"og:image\" content=\"https:\/\/videstehnika.lv\/wp-content\/uploads\/2025\/06\/1636473368_daf3eeae9d3aeb5bdf9a2b9f86ba8bab.jpg\" \/>\n\t<meta property=\"og:image:width\" content=\"1000\" \/>\n\t<meta property=\"og:image:height\" content=\"532\" \/>\n\t<meta property=\"og:image:type\" content=\"image\/jpeg\" \/>\n<meta name=\"twitter:card\" content=\"summary_large_image\" \/>\n<meta name=\"twitter:label1\" content=\"Est. reading time\" \/>\n\t<meta name=\"twitter:data1\" content=\"1 minut\" \/>\n<script type=\"application\/ld+json\" class=\"yoast-schema-graph\">{\"@context\":\"https:\/\/schema.org\",\"@graph\":[{\"@type\":\"WebPage\",\"@id\":\"https:\/\/videstehnika.lv\/katalogs\/buvmateriali-buvei-remontam-un-ieksdarbiem\/standarta-regipsis-gipskartons-nida-expert-siniat-gkb\/\",\"url\":\"https:\/\/videstehnika.lv\/katalogs\/buvmateriali-buvei-remontam-un-ieksdarbiem\/standarta-regipsis-gipskartons-nida-expert-siniat-gkb\/\",\"name\":\"Standarta Re\u0123ipsis (\u0122ip\u0161kartons) NIDA expert SINIAT (GKB) &#8226; Vides Tehnika\",\"isPartOf\":{\"@id\":\"https:\/\/videstehnika.lv\/et\/#website\"},\"primaryImageOfPage\":{\"@id\":\"https:\/\/videstehnika.lv\/katalogs\/buvmateriali-buvei-remontam-un-ieksdarbiem\/standarta-regipsis-gipskartons-nida-expert-siniat-gkb\/#primaryimage\"},\"image\":{\"@id\":\"https:\/\/videstehnika.lv\/katalogs\/buvmateriali-buvei-remontam-un-ieksdarbiem\/standarta-regipsis-gipskartons-nida-expert-siniat-gkb\/#primaryimage\"},\"thumbnailUrl\":\"https:\/\/videstehnika.lv\/wp-content\/uploads\/2025\/06\/1636473368_daf3eeae9d3aeb5bdf9a2b9f86ba8bab.jpg\",\"datePublished\":\"2025-06-03T12:39:01+00:00\",\"dateModified\":\"2026-01-27T12:48:49+00:00\",\"breadcrumb\":{\"@id\":\"https:\/\/videstehnika.lv\/katalogs\/buvmateriali-buvei-remontam-un-ieksdarbiem\/standarta-regipsis-gipskartons-nida-expert-siniat-gkb\/#breadcrumb\"},\"inLanguage\":\"et\",\"potentialAction\":[{\"@type\":\"ReadAction\",\"target\":[\"https:\/\/videstehnika.lv\/katalogs\/buvmateriali-buvei-remontam-un-ieksdarbiem\/standarta-regipsis-gipskartons-nida-expert-siniat-gkb\/\"]}]},{\"@type\":\"ImageObject\",\"inLanguage\":\"et\",\"@id\":\"https:\/\/videstehnika.lv\/katalogs\/buvmateriali-buvei-remontam-un-ieksdarbiem\/standarta-regipsis-gipskartons-nida-expert-siniat-gkb\/#primaryimage\",\"url\":\"https:\/\/videstehnika.lv\/wp-content\/uploads\/2025\/06\/1636473368_daf3eeae9d3aeb5bdf9a2b9f86ba8bab.jpg\",\"contentUrl\":\"https:\/\/videstehnika.lv\/wp-content\/uploads\/2025\/06\/1636473368_daf3eeae9d3aeb5bdf9a2b9f86ba8bab.jpg\",\"width\":1000,\"height\":532},{\"@type\":\"BreadcrumbList\",\"@id\":\"https:\/\/videstehnika.lv\/katalogs\/buvmateriali-buvei-remontam-un-ieksdarbiem\/standarta-regipsis-gipskartons-nida-expert-siniat-gkb\/#breadcrumb\",\"itemListElement\":[{\"@type\":\"ListItem\",\"position\":1,\"name\":\"Home\",\"item\":\"https:\/\/videstehnika.lv\/et\/\"},{\"@type\":\"ListItem\",\"position\":2,\"name\":\"Kataloog\",\"item\":\"https:\/\/videstehnika.lv\/et\/kataloog\/\"},{\"@type\":\"ListItem\",\"position\":3,\"name\":\"Standarta Re\u0123ipsis (\u0122ip\u0161kartons) NIDA expert SINIAT (GKB)\"}]},{\"@type\":\"WebSite\",\"@id\":\"https:\/\/videstehnika.lv\/et\/#website\",\"url\":\"https:\/\/videstehnika.lv\/et\/\",\"name\":\"Vides Tehnika\",\"description\":\"\",\"potentialAction\":[{\"@type\":\"SearchAction\",\"target\":{\"@type\":\"EntryPoint\",\"urlTemplate\":\"https:\/\/videstehnika.lv\/et\/?s={search_term_string}\"},\"query-input\":{\"@type\":\"PropertyValueSpecification\",\"valueRequired\":true,\"valueName\":\"search_term_string\"}}],\"inLanguage\":\"et\"}]}<\/script>\n<!-- \/ Yoast SEO plugin. -->","yoast_head_json":{"title":"Standarta Re\u0123ipsis (\u0122ip\u0161kartons) NIDA expert SINIAT (GKB) &#8226; Vides Tehnika","robots":{"index":"index","follow":"follow","max-snippet":"max-snippet:-1","max-image-preview":"max-image-preview:large","max-video-preview":"max-video-preview:-1"},"canonical":"https:\/\/videstehnika.lv\/et\/katalogs\/buvmateriali-buvei-remontam-un-ieksdarbiem\/standarta-regipsis-gipskartons-nida-expert-siniat-gkb\/","og_locale":"et_EE","og_type":"article","og_title":"Standarta Re\u0123ipsis (\u0122ip\u0161kartons) NIDA expert SINIAT (GKB) &#8226; Vides Tehnika","og_description":"Profesiona\u0304la g\u0327ips\u030ckartona pla\u0304ksne ar augstu virsmas bli\u0304vumu un plas\u030cu pielietojumu, piem., starpsienu, sienu un griestu aps\u030cuvumu izveidos\u030canai uz nesos\u030ca\u0304s konstrukcijas,","og_url":"https:\/\/videstehnika.lv\/katalogs\/buvmateriali-buvei-remontam-un-ieksdarbiem\/standarta-regipsis-gipskartons-nida-expert-siniat-gkb\/","og_site_name":"Vides Tehnika","article_modified_time":"2026-01-27T12:48:49+00:00","og_image":[{"width":1000,"height":532,"url":"https:\/\/videstehnika.lv\/wp-content\/uploads\/2025\/06\/1636473368_daf3eeae9d3aeb5bdf9a2b9f86ba8bab.jpg","type":"image\/jpeg"}],"twitter_card":"summary_large_image","twitter_misc":{"Est. reading time":"1 minut"},"schema":{"@context":"https:\/\/schema.org","@graph":[{"@type":"WebPage","@id":"https:\/\/videstehnika.lv\/katalogs\/buvmateriali-buvei-remontam-un-ieksdarbiem\/standarta-regipsis-gipskartons-nida-expert-siniat-gkb\/","url":"https:\/\/videstehnika.lv\/katalogs\/buvmateriali-buvei-remontam-un-ieksdarbiem\/standarta-regipsis-gipskartons-nida-expert-siniat-gkb\/","name":"Standarta Re\u0123ipsis (\u0122ip\u0161kartons) NIDA expert SINIAT (GKB) &#8226; Vides Tehnika","isPartOf":{"@id":"https:\/\/videstehnika.lv\/et\/#website"},"primaryImageOfPage":{"@id":"https:\/\/videstehnika.lv\/katalogs\/buvmateriali-buvei-remontam-un-ieksdarbiem\/standarta-regipsis-gipskartons-nida-expert-siniat-gkb\/#primaryimage"},"image":{"@id":"https:\/\/videstehnika.lv\/katalogs\/buvmateriali-buvei-remontam-un-ieksdarbiem\/standarta-regipsis-gipskartons-nida-expert-siniat-gkb\/#primaryimage"},"thumbnailUrl":"https:\/\/videstehnika.lv\/wp-content\/uploads\/2025\/06\/1636473368_daf3eeae9d3aeb5bdf9a2b9f86ba8bab.jpg","datePublished":"2025-06-03T12:39:01+00:00","dateModified":"2026-01-27T12:48:49+00:00","breadcrumb":{"@id":"https:\/\/videstehnika.lv\/katalogs\/buvmateriali-buvei-remontam-un-ieksdarbiem\/standarta-regipsis-gipskartons-nida-expert-siniat-gkb\/#breadcrumb"},"inLanguage":"et","potentialAction":[{"@type":"ReadAction","target":["https:\/\/videstehnika.lv\/katalogs\/buvmateriali-buvei-remontam-un-ieksdarbiem\/standarta-regipsis-gipskartons-nida-expert-siniat-gkb\/"]}]},{"@type":"ImageObject","inLanguage":"et","@id":"https:\/\/videstehnika.lv\/katalogs\/buvmateriali-buvei-remontam-un-ieksdarbiem\/standarta-regipsis-gipskartons-nida-expert-siniat-gkb\/#primaryimage","url":"https:\/\/videstehnika.lv\/wp-content\/uploads\/2025\/06\/1636473368_daf3eeae9d3aeb5bdf9a2b9f86ba8bab.jpg","contentUrl":"https:\/\/videstehnika.lv\/wp-content\/uploads\/2025\/06\/1636473368_daf3eeae9d3aeb5bdf9a2b9f86ba8bab.jpg","width":1000,"height":532},{"@type":"BreadcrumbList","@id":"https:\/\/videstehnika.lv\/katalogs\/buvmateriali-buvei-remontam-un-ieksdarbiem\/standarta-regipsis-gipskartons-nida-expert-siniat-gkb\/#breadcrumb","itemListElement":[{"@type":"ListItem","position":1,"name":"Home","item":"https:\/\/videstehnika.lv\/et\/"},{"@type":"ListItem","position":2,"name":"Kataloog","item":"https:\/\/videstehnika.lv\/et\/kataloog\/"},{"@type":"ListItem","position":3,"name":"Standarta Re\u0123ipsis (\u0122ip\u0161kartons) NIDA expert SINIAT (GKB)"}]},{"@type":"WebSite","@id":"https:\/\/videstehnika.lv\/et\/#website","url":"https:\/\/videstehnika.lv\/et\/","name":"Vides Tehnika","description":"","potentialAction":[{"@type":"SearchAction","target":{"@type":"EntryPoint","urlTemplate":"https:\/\/videstehnika.lv\/et\/?s={search_term_string}"},"query-input":{"@type":"PropertyValueSpecification","valueRequired":true,"valueName":"search_term_string"}}],"inLanguage":"et"}]}},"_links":{"self":[{"href":"https:\/\/videstehnika.lv\/et\/wp-json\/wp\/v2\/product\/62040","targetHints":{"allow":["GET"]}}],"collection":[{"href":"https:\/\/videstehnika.lv\/et\/wp-json\/wp\/v2\/product"}],"about":[{"href":"https:\/\/videstehnika.lv\/et\/wp-json\/wp\/v2\/types\/product"}],"wp:featuredmedia":[{"embeddable":true,"href":"https:\/\/videstehnika.lv\/et\/wp-json\/wp\/v2\/media\/62044"}],"wp:attachment":[{"href":"https:\/\/videstehnika.lv\/et\/wp-json\/wp\/v2\/media?parent=62040"}],"wp:term":[{"taxonomy":"product_cat","embeddable":true,"href":"https:\/\/videstehnika.lv\/et\/wp-json\/wp\/v2\/product_cat?post=62040"},{"taxonomy":"product_tag","embeddable":true,"href":"https:\/\/videstehnika.lv\/et\/wp-json\/wp\/v2\/product_tag?post=62040"}],"curies":[{"name":"wp","href":"https:\/\/api.w.org\/{rel}","templated":true}]}}