{"id":6368,"date":"2020-09-28T14:54:44","date_gmt":"2020-09-28T11:54:44","guid":{"rendered":"https:\/\/videstehnika.lv\/?post_type=product&#038;p=6368"},"modified":"2024-04-17T09:36:21","modified_gmt":"2024-04-17T06:36:21","slug":"bloki-roclite-standart","status":"publish","type":"product","link":"https:\/\/videstehnika.lv\/katalogs\/buvmateriali-buvei-remontam-un-ieksdarbiem\/bloki-roclite-standart\/","title":{"rendered":"bloki ROCLITE Standart"},"content":{"rendered":"<h2>bloki ROCLITE Standart<\/h2>\n<p>G\u0101zbetona bloki ROCLITE Standart ir Igaunij\u0101 ra\u017eoti g\u0101zbetona bloki. Roclite g\u0101zbetona bloki tiek ra\u017eoti no videi draudz\u012bgiem viet\u0113ji pieejamiem materi\u0101liem. Roclite bloks tiek ra\u017eots no iztur\u012bga g\u0101zbetona, blokus ir \u0113rti p\u0101rvietot ar rok\u0101m, jo tie nav smagi.<\/p>\n<h2><strong>ROCLITE Standart pielietojums<\/strong><\/h2>\n<ul>\n<li>Bloki ir dom\u0101ti gan \u0101rsienu, gan iek\u0161sienu b\u016bvniec\u012bbai.<\/li>\n<\/ul>\n","protected":false},"excerpt":{"rendered":"<p>bloki ROCLITE Standart G\u0101zbetona bloki ROCLITE Standart ir Igaunij\u0101 ra\u017eoti g\u0101zbetona bloki. Roclite g\u0101zbetona bloki tiek ra\u017eoti no videi draudz\u012bgiem<\/p>\n","protected":false},"featured_media":6375,"template":"","meta":{"_acf_changed":false},"product_cat":[792,828,70,790],"product_tag":[],"class_list":{"0":"post-6368","1":"product","2":"type-product","3":"status-publish","4":"has-post-thumbnail","6":"product_cat-gazbetona-bloki","7":"product_cat-roclite-celtniecibas-bloki","8":"product_cat-buvmateriali-buvei-remontam-un-ieksdarbiem","9":"product_cat-bloki","11":"first","12":"onbackorder","13":"taxable","14":"shipping-taxable","15":"purchasable","16":"product-type-variable"},"acf":[],"yoast_head":"<!-- This site is optimized with the Yoast SEO plugin v24.2 - https:\/\/yoast.com\/wordpress\/plugins\/seo\/ -->\n<title>Celtniec\u012bbas bloki ROCLITE Standart &#8226; Vides Tehnika<\/title>\n<meta name=\"description\" content=\"Roclite g\u0101zbetona bloki tiek ra\u017eoti no videi draudz\u012bgiem viet\u0113ji pieejamiem materi\u0101liem un tie ir dom\u0101ti \u0101rsienu un iek\u0161sienu b\u016bvniec\u012bbai.\" \/>\n<meta name=\"robots\" content=\"index, follow, max-snippet:-1, max-image-preview:large, max-video-preview:-1\" \/>\n<link rel=\"canonical\" href=\"https:\/\/videstehnika.lv\/et\/katalogs\/buvmateriali-buvei-remontam-un-ieksdarbiem\/bloki-roclite-standart\/\" \/>\n<meta property=\"og:locale\" content=\"et_EE\" \/>\n<meta property=\"og:type\" content=\"article\" \/>\n<meta property=\"og:title\" content=\"Celtniec\u012bbas bloki ROCLITE Standart &#8226; Vides Tehnika\" \/>\n<meta property=\"og:description\" content=\"Roclite g\u0101zbetona bloki tiek ra\u017eoti no videi draudz\u012bgiem viet\u0113ji pieejamiem materi\u0101liem un tie ir dom\u0101ti \u0101rsienu un iek\u0161sienu b\u016bvniec\u012bbai.\" \/>\n<meta property=\"og:url\" content=\"https:\/\/videstehnika.lv\/katalogs\/buvmateriali-buvei-remontam-un-ieksdarbiem\/bloki-roclite-standart\/\" \/>\n<meta property=\"og:site_name\" content=\"Vides Tehnika\" \/>\n<meta property=\"article:modified_time\" content=\"2024-04-17T06:36:21+00:00\" \/>\n<meta property=\"og:image\" content=\"https:\/\/videstehnika.lv\/wp-content\/uploads\/2020\/09\/roclite-300_200-bloki.jpg\" \/>\n\t<meta property=\"og:image:width\" content=\"900\" \/>\n\t<meta property=\"og:image:height\" content=\"900\" \/>\n\t<meta property=\"og:image:type\" content=\"image\/jpeg\" \/>\n<meta name=\"twitter:card\" content=\"summary_large_image\" \/>\n<meta name=\"twitter:label1\" content=\"Est. reading time\" \/>\n\t<meta name=\"twitter:data1\" content=\"1 minut\" \/>\n<script type=\"application\/ld+json\" class=\"yoast-schema-graph\">{\"@context\":\"https:\/\/schema.org\",\"@graph\":[{\"@type\":\"WebPage\",\"@id\":\"https:\/\/videstehnika.lv\/katalogs\/buvmateriali-buvei-remontam-un-ieksdarbiem\/bloki-roclite-standart\/\",\"url\":\"https:\/\/videstehnika.lv\/katalogs\/buvmateriali-buvei-remontam-un-ieksdarbiem\/bloki-roclite-standart\/\",\"name\":\"Celtniec\u012bbas bloki ROCLITE Standart &#8226; Vides Tehnika\",\"isPartOf\":{\"@id\":\"https:\/\/videstehnika.lv\/et\/#website\"},\"primaryImageOfPage\":{\"@id\":\"https:\/\/videstehnika.lv\/katalogs\/buvmateriali-buvei-remontam-un-ieksdarbiem\/bloki-roclite-standart\/#primaryimage\"},\"image\":{\"@id\":\"https:\/\/videstehnika.lv\/katalogs\/buvmateriali-buvei-remontam-un-ieksdarbiem\/bloki-roclite-standart\/#primaryimage\"},\"thumbnailUrl\":\"https:\/\/videstehnika.lv\/wp-content\/uploads\/2020\/09\/roclite-300_200-bloki.jpg\",\"datePublished\":\"2020-09-28T11:54:44+00:00\",\"dateModified\":\"2024-04-17T06:36:21+00:00\",\"description\":\"Roclite g\u0101zbetona bloki tiek ra\u017eoti no videi draudz\u012bgiem viet\u0113ji pieejamiem materi\u0101liem un tie ir dom\u0101ti \u0101rsienu un iek\u0161sienu b\u016bvniec\u012bbai.\",\"breadcrumb\":{\"@id\":\"https:\/\/videstehnika.lv\/katalogs\/buvmateriali-buvei-remontam-un-ieksdarbiem\/bloki-roclite-standart\/#breadcrumb\"},\"inLanguage\":\"et\",\"potentialAction\":[{\"@type\":\"ReadAction\",\"target\":[\"https:\/\/videstehnika.lv\/katalogs\/buvmateriali-buvei-remontam-un-ieksdarbiem\/bloki-roclite-standart\/\"]}]},{\"@type\":\"ImageObject\",\"inLanguage\":\"et\",\"@id\":\"https:\/\/videstehnika.lv\/katalogs\/buvmateriali-buvei-remontam-un-ieksdarbiem\/bloki-roclite-standart\/#primaryimage\",\"url\":\"https:\/\/videstehnika.lv\/wp-content\/uploads\/2020\/09\/roclite-300_200-bloki.jpg\",\"contentUrl\":\"https:\/\/videstehnika.lv\/wp-content\/uploads\/2020\/09\/roclite-300_200-bloki.jpg\",\"width\":900,\"height\":900},{\"@type\":\"BreadcrumbList\",\"@id\":\"https:\/\/videstehnika.lv\/katalogs\/buvmateriali-buvei-remontam-un-ieksdarbiem\/bloki-roclite-standart\/#breadcrumb\",\"itemListElement\":[{\"@type\":\"ListItem\",\"position\":1,\"name\":\"Home\",\"item\":\"https:\/\/videstehnika.lv\/et\/\"},{\"@type\":\"ListItem\",\"position\":2,\"name\":\"Kataloog\",\"item\":\"https:\/\/videstehnika.lv\/et\/kataloog\/\"},{\"@type\":\"ListItem\",\"position\":3,\"name\":\"bloki ROCLITE Standart\"}]},{\"@type\":\"WebSite\",\"@id\":\"https:\/\/videstehnika.lv\/et\/#website\",\"url\":\"https:\/\/videstehnika.lv\/et\/\",\"name\":\"Vides Tehnika\",\"description\":\"\",\"potentialAction\":[{\"@type\":\"SearchAction\",\"target\":{\"@type\":\"EntryPoint\",\"urlTemplate\":\"https:\/\/videstehnika.lv\/et\/?s={search_term_string}\"},\"query-input\":{\"@type\":\"PropertyValueSpecification\",\"valueRequired\":true,\"valueName\":\"search_term_string\"}}],\"inLanguage\":\"et\"}]}<\/script>\n<!-- \/ Yoast SEO plugin. -->","yoast_head_json":{"title":"Celtniec\u012bbas bloki ROCLITE Standart &#8226; Vides Tehnika","description":"Roclite g\u0101zbetona bloki tiek ra\u017eoti no videi draudz\u012bgiem viet\u0113ji pieejamiem materi\u0101liem un tie ir dom\u0101ti \u0101rsienu un iek\u0161sienu b\u016bvniec\u012bbai.","robots":{"index":"index","follow":"follow","max-snippet":"max-snippet:-1","max-image-preview":"max-image-preview:large","max-video-preview":"max-video-preview:-1"},"canonical":"https:\/\/videstehnika.lv\/et\/katalogs\/buvmateriali-buvei-remontam-un-ieksdarbiem\/bloki-roclite-standart\/","og_locale":"et_EE","og_type":"article","og_title":"Celtniec\u012bbas bloki ROCLITE Standart &#8226; Vides Tehnika","og_description":"Roclite g\u0101zbetona bloki tiek ra\u017eoti no videi draudz\u012bgiem viet\u0113ji pieejamiem materi\u0101liem un tie ir dom\u0101ti \u0101rsienu un iek\u0161sienu b\u016bvniec\u012bbai.","og_url":"https:\/\/videstehnika.lv\/katalogs\/buvmateriali-buvei-remontam-un-ieksdarbiem\/bloki-roclite-standart\/","og_site_name":"Vides Tehnika","article_modified_time":"2024-04-17T06:36:21+00:00","og_image":[{"width":900,"height":900,"url":"https:\/\/videstehnika.lv\/wp-content\/uploads\/2020\/09\/roclite-300_200-bloki.jpg","type":"image\/jpeg"}],"twitter_card":"summary_large_image","twitter_misc":{"Est. reading time":"1 minut"},"schema":{"@context":"https:\/\/schema.org","@graph":[{"@type":"WebPage","@id":"https:\/\/videstehnika.lv\/katalogs\/buvmateriali-buvei-remontam-un-ieksdarbiem\/bloki-roclite-standart\/","url":"https:\/\/videstehnika.lv\/katalogs\/buvmateriali-buvei-remontam-un-ieksdarbiem\/bloki-roclite-standart\/","name":"Celtniec\u012bbas bloki ROCLITE Standart &#8226; Vides Tehnika","isPartOf":{"@id":"https:\/\/videstehnika.lv\/et\/#website"},"primaryImageOfPage":{"@id":"https:\/\/videstehnika.lv\/katalogs\/buvmateriali-buvei-remontam-un-ieksdarbiem\/bloki-roclite-standart\/#primaryimage"},"image":{"@id":"https:\/\/videstehnika.lv\/katalogs\/buvmateriali-buvei-remontam-un-ieksdarbiem\/bloki-roclite-standart\/#primaryimage"},"thumbnailUrl":"https:\/\/videstehnika.lv\/wp-content\/uploads\/2020\/09\/roclite-300_200-bloki.jpg","datePublished":"2020-09-28T11:54:44+00:00","dateModified":"2024-04-17T06:36:21+00:00","description":"Roclite g\u0101zbetona bloki tiek ra\u017eoti no videi draudz\u012bgiem viet\u0113ji pieejamiem materi\u0101liem un tie ir dom\u0101ti \u0101rsienu un iek\u0161sienu b\u016bvniec\u012bbai.","breadcrumb":{"@id":"https:\/\/videstehnika.lv\/katalogs\/buvmateriali-buvei-remontam-un-ieksdarbiem\/bloki-roclite-standart\/#breadcrumb"},"inLanguage":"et","potentialAction":[{"@type":"ReadAction","target":["https:\/\/videstehnika.lv\/katalogs\/buvmateriali-buvei-remontam-un-ieksdarbiem\/bloki-roclite-standart\/"]}]},{"@type":"ImageObject","inLanguage":"et","@id":"https:\/\/videstehnika.lv\/katalogs\/buvmateriali-buvei-remontam-un-ieksdarbiem\/bloki-roclite-standart\/#primaryimage","url":"https:\/\/videstehnika.lv\/wp-content\/uploads\/2020\/09\/roclite-300_200-bloki.jpg","contentUrl":"https:\/\/videstehnika.lv\/wp-content\/uploads\/2020\/09\/roclite-300_200-bloki.jpg","width":900,"height":900},{"@type":"BreadcrumbList","@id":"https:\/\/videstehnika.lv\/katalogs\/buvmateriali-buvei-remontam-un-ieksdarbiem\/bloki-roclite-standart\/#breadcrumb","itemListElement":[{"@type":"ListItem","position":1,"name":"Home","item":"https:\/\/videstehnika.lv\/et\/"},{"@type":"ListItem","position":2,"name":"Kataloog","item":"https:\/\/videstehnika.lv\/et\/kataloog\/"},{"@type":"ListItem","position":3,"name":"bloki ROCLITE Standart"}]},{"@type":"WebSite","@id":"https:\/\/videstehnika.lv\/et\/#website","url":"https:\/\/videstehnika.lv\/et\/","name":"Vides Tehnika","description":"","potentialAction":[{"@type":"SearchAction","target":{"@type":"EntryPoint","urlTemplate":"https:\/\/videstehnika.lv\/et\/?s={search_term_string}"},"query-input":{"@type":"PropertyValueSpecification","valueRequired":true,"valueName":"search_term_string"}}],"inLanguage":"et"}]}},"_links":{"self":[{"href":"https:\/\/videstehnika.lv\/et\/wp-json\/wp\/v2\/product\/6368","targetHints":{"allow":["GET"]}}],"collection":[{"href":"https:\/\/videstehnika.lv\/et\/wp-json\/wp\/v2\/product"}],"about":[{"href":"https:\/\/videstehnika.lv\/et\/wp-json\/wp\/v2\/types\/product"}],"wp:featuredmedia":[{"embeddable":true,"href":"https:\/\/videstehnika.lv\/et\/wp-json\/wp\/v2\/media\/6375"}],"wp:attachment":[{"href":"https:\/\/videstehnika.lv\/et\/wp-json\/wp\/v2\/media?parent=6368"}],"wp:term":[{"taxonomy":"product_cat","embeddable":true,"href":"https:\/\/videstehnika.lv\/et\/wp-json\/wp\/v2\/product_cat?post=6368"},{"taxonomy":"product_tag","embeddable":true,"href":"https:\/\/videstehnika.lv\/et\/wp-json\/wp\/v2\/product_tag?post=6368"}],"curies":[{"name":"wp","href":"https:\/\/api.w.org\/{rel}","templated":true}]}}