{"id":79482,"date":"2025-10-09T11:04:28","date_gmt":"2025-10-09T08:04:28","guid":{"rendered":"https:\/\/videstehnika.lv\/?post_type=product&#038;p=79482"},"modified":"2025-11-20T12:31:54","modified_gmt":"2025-11-20T10:31:54","slug":"ardex-x80-microtec-universala-elastiga-flizu-lime","status":"publish","type":"product","link":"https:\/\/videstehnika.lv\/katalogs\/buvmateriali-buvei-remontam-un-ieksdarbiem\/sausie-maisijumi-ara-darbiem-un-ieksdarbiem\/flizu-limes-uz-cementa-bazes\/ardex-x80-microtec-universala-elastiga-flizu-lime\/","title":{"rendered":"ARDEX X80 MICROTEC univers\u0101la elast\u012bg\u0101 fl\u012b\u017eu l\u012bme (C2TE\/S1)"},"content":{"rendered":"<h1>ARDEX X80 MICROTEC univers\u0101la elast\u012bg\u0101 fl\u012b\u017eu l\u012bme C2TE\/S1<\/h1>\n<h4>Lieto\u0161anai iek\u0161telp\u0101s un \u0101r\u0101, sien\u0101m un gr\u012bd\u0101m.<\/h4>\n<p>Pl\u0101nas un vid\u0113ji (l\u012bdz 15 mm) biezas k\u0101rtas l\u012bme ar ARDEX MICROTEC tehnolo\u0123iju un da\u017e\u0101du mais\u012b\u0161anas \u016bdens daudzumu sien\u0101m un gr\u012bd\u0101m. Ilgs l\u012bmes izstr\u0101des laiks un uzticama l\u012bm\u0113\u0161ana re\u0101los b\u016bvlauku\u00adma apst\u0101k\u013cos. Keramikas, porcel\u0101na, akmens masas un klinkera fl\u012b\u017eu, stikla un porcel\u0101na moza\u012bkas, pret mitrumu iztur\u012bga dab\u012bg\u0101 akmens un betona pl\u0101k\u0161\u0146u, Cotto fl\u012b\u017eu, ARDEX Flexbone membr\u0101nas, izol\u0101cijas pl\u0101k\u0161\u0146u no stingr\u0101m put\u0101m un miner\u0101l\u0161\u0137iedras, celtniec\u012bbas pl\u0101k\u0161\u0146u, griestu, apdares un ska\u0146as izol\u0101cijas pl\u0101k\u0161nu l\u012bm\u0113\u0161anai.<\/p>\n<p>\u012apa\u0161i piem\u0113rota liela form\u0101ta fl\u012b\u017eu un pl\u0101k\u0161\u0146u l\u012bm\u0113\u0161anai: vannas istab\u0101s un du\u0161\u0101s, peldbaseinos un past\u0101v\u012bgi mitr\u0101s viet\u0101s, uz k\u0101pn\u0113m, balkoniem, teras\u0113m, komerci\u0101l\u0101s un r\u016bpniecisk\u0101s viet\u0101s, kas pak\u013cautas liel\u0101m slodz\u0113m.<\/p>\n<p>Atbilst C2 TE \/ S1 klasifik\u0101cijai atbilsto\u0161i standartiem EN 12004 \/ EN 12002.<\/p>\n<h4>\u00a0<strong>PIEM\u0112ROTA LIETO\u0160ANAI UZ: <\/strong><\/h4>\n<p>betona un m\u016bra (vismaz 3 m\u0113ne\u0161us veca), g\u0101zbetona, ka\u013c\u0137a cementa, cementa un \u0123ip\u0161a apmetuma, \u0123ip\u0161kartona, \u0123ip\u0161kartona \u0161\u0137iedras un uz cit\u0101m celtniec\u012bbas pl\u0101ksn\u0113m, sl\u012bp\u0113ta betona gr\u012bd\u0101m, silt\u0101m gr\u012bd\u0101m, kalcija sulf\u0101ta gr\u012bd\u0101m, sauso elementu gr\u012bd\u0101m, veciem fl\u012b\u017eu un pl\u0101k\u0161\u0146u segumiem, koka virsm\u0101m, ARDEX Flexbone, met\u0101la, stikla, lakot\u0101m un cit\u0101m piem\u0113rot\u0101m pamatn\u0113m.<\/p>\n","protected":false},"excerpt":{"rendered":"<p>ARDEX X80 MICROTEC univers\u0101la elast\u012bg\u0101 fl\u012b\u017eu l\u012bme C2TE\/S1 Lieto\u0161anai iek\u0161telp\u0101s un \u0101r\u0101, sien\u0101m un gr\u012bd\u0101m. Pl\u0101nas un vid\u0113ji (l\u012bdz 15<\/p>\n","protected":false},"featured_media":79530,"template":"","meta":{"_acf_changed":false},"product_cat":[2057],"product_tag":[],"class_list":{"0":"post-79482","1":"product","2":"type-product","3":"status-publish","4":"has-post-thumbnail","6":"product_cat-flizu-limes-uz-cementa-bazes","8":"first","9":"instock","10":"taxable","11":"shipping-taxable","12":"purchasable","13":"product-type-simple"},"acf":[],"yoast_head":"<!-- This site is optimized with the Yoast SEO plugin v24.2 - https:\/\/yoast.com\/wordpress\/plugins\/seo\/ -->\n<title>ARDEX X80 MICROTEC univers\u0101la elast\u012bg\u0101 fl\u012b\u017eu l\u012bme (C2TE\/S1) &#8226; Vides Tehnika<\/title>\n<meta name=\"description\" content=\"Lieto\u0161anai iek\u0161telp\u0101s un \u0101r\u0101, sien\u0101m un gr\u012bd\u0101m. Pl\u0101nas un vid\u0113ji (l\u012bdz 15 mm) biezas k\u0101rtas l\u012bme ar ARDEX MICROTEC tehnolo\u0123iju. Ilgs l\u012bmes izstr\u0101des laiks un uzticama l\u012bm\u0113\u0161ana re\u0101los b\u016bvlauku\u00adma apst\u0101k\u013cos.\" \/>\n<meta name=\"robots\" content=\"index, follow, max-snippet:-1, max-image-preview:large, max-video-preview:-1\" \/>\n<link rel=\"canonical\" href=\"https:\/\/videstehnika.lv\/et\/katalogs\/buvmateriali-buvei-remontam-un-ieksdarbiem\/sausie-maisijumi-ara-darbiem-un-ieksdarbiem\/flizu-limes-uz-cementa-bazes\/ardex-x80-microtec-universala-elastiga-flizu-lime\/\" \/>\n<meta property=\"og:locale\" content=\"et_EE\" \/>\n<meta property=\"og:type\" content=\"article\" \/>\n<meta property=\"og:title\" content=\"ARDEX X80 MICROTEC univers\u0101la elast\u012bg\u0101 fl\u012b\u017eu l\u012bme (C2TE\/S1) &#8226; Vides Tehnika\" \/>\n<meta property=\"og:description\" content=\"Lieto\u0161anai iek\u0161telp\u0101s un \u0101r\u0101, sien\u0101m un gr\u012bd\u0101m. Pl\u0101nas un vid\u0113ji (l\u012bdz 15 mm) biezas k\u0101rtas l\u012bme ar ARDEX MICROTEC tehnolo\u0123iju. Ilgs l\u012bmes izstr\u0101des laiks un uzticama l\u012bm\u0113\u0161ana re\u0101los b\u016bvlauku\u00adma apst\u0101k\u013cos.\" \/>\n<meta property=\"og:url\" content=\"https:\/\/videstehnika.lv\/katalogs\/buvmateriali-buvei-remontam-un-ieksdarbiem\/sausie-maisijumi-ara-darbiem-un-ieksdarbiem\/flizu-limes-uz-cementa-bazes\/ardex-x80-microtec-universala-elastiga-flizu-lime\/\" \/>\n<meta property=\"og:site_name\" content=\"Vides Tehnika\" \/>\n<meta property=\"article:modified_time\" content=\"2025-11-20T10:31:54+00:00\" \/>\n<meta property=\"og:image\" content=\"https:\/\/videstehnika.lv\/wp-content\/uploads\/2025\/10\/ARDEX-X-80-20-kg.jpg\" \/>\n\t<meta property=\"og:image:width\" content=\"1716\" \/>\n\t<meta property=\"og:image:height\" content=\"2560\" \/>\n\t<meta property=\"og:image:type\" content=\"image\/jpeg\" \/>\n<meta name=\"twitter:card\" content=\"summary_large_image\" \/>\n<meta name=\"twitter:label1\" content=\"Est. reading time\" \/>\n\t<meta name=\"twitter:data1\" content=\"1 minut\" \/>\n<script type=\"application\/ld+json\" class=\"yoast-schema-graph\">{\"@context\":\"https:\/\/schema.org\",\"@graph\":[{\"@type\":\"WebPage\",\"@id\":\"https:\/\/videstehnika.lv\/katalogs\/buvmateriali-buvei-remontam-un-ieksdarbiem\/sausie-maisijumi-ara-darbiem-un-ieksdarbiem\/flizu-limes-uz-cementa-bazes\/ardex-x80-microtec-universala-elastiga-flizu-lime\/\",\"url\":\"https:\/\/videstehnika.lv\/katalogs\/buvmateriali-buvei-remontam-un-ieksdarbiem\/sausie-maisijumi-ara-darbiem-un-ieksdarbiem\/flizu-limes-uz-cementa-bazes\/ardex-x80-microtec-universala-elastiga-flizu-lime\/\",\"name\":\"ARDEX X80 MICROTEC univers\u0101la elast\u012bg\u0101 fl\u012b\u017eu l\u012bme (C2TE\/S1) &#8226; Vides Tehnika\",\"isPartOf\":{\"@id\":\"https:\/\/videstehnika.lv\/et\/#website\"},\"primaryImageOfPage\":{\"@id\":\"https:\/\/videstehnika.lv\/katalogs\/buvmateriali-buvei-remontam-un-ieksdarbiem\/sausie-maisijumi-ara-darbiem-un-ieksdarbiem\/flizu-limes-uz-cementa-bazes\/ardex-x80-microtec-universala-elastiga-flizu-lime\/#primaryimage\"},\"image\":{\"@id\":\"https:\/\/videstehnika.lv\/katalogs\/buvmateriali-buvei-remontam-un-ieksdarbiem\/sausie-maisijumi-ara-darbiem-un-ieksdarbiem\/flizu-limes-uz-cementa-bazes\/ardex-x80-microtec-universala-elastiga-flizu-lime\/#primaryimage\"},\"thumbnailUrl\":\"https:\/\/videstehnika.lv\/wp-content\/uploads\/2025\/10\/ARDEX-X-80-20-kg.jpg\",\"datePublished\":\"2025-10-09T08:04:28+00:00\",\"dateModified\":\"2025-11-20T10:31:54+00:00\",\"description\":\"Lieto\u0161anai iek\u0161telp\u0101s un \u0101r\u0101, sien\u0101m un gr\u012bd\u0101m. Pl\u0101nas un vid\u0113ji (l\u012bdz 15 mm) biezas k\u0101rtas l\u012bme ar ARDEX MICROTEC tehnolo\u0123iju. Ilgs l\u012bmes izstr\u0101des laiks un uzticama l\u012bm\u0113\u0161ana re\u0101los b\u016bvlauku\u00adma apst\u0101k\u013cos.\",\"breadcrumb\":{\"@id\":\"https:\/\/videstehnika.lv\/katalogs\/buvmateriali-buvei-remontam-un-ieksdarbiem\/sausie-maisijumi-ara-darbiem-un-ieksdarbiem\/flizu-limes-uz-cementa-bazes\/ardex-x80-microtec-universala-elastiga-flizu-lime\/#breadcrumb\"},\"inLanguage\":\"et\",\"potentialAction\":[{\"@type\":\"ReadAction\",\"target\":[\"https:\/\/videstehnika.lv\/katalogs\/buvmateriali-buvei-remontam-un-ieksdarbiem\/sausie-maisijumi-ara-darbiem-un-ieksdarbiem\/flizu-limes-uz-cementa-bazes\/ardex-x80-microtec-universala-elastiga-flizu-lime\/\"]}]},{\"@type\":\"ImageObject\",\"inLanguage\":\"et\",\"@id\":\"https:\/\/videstehnika.lv\/katalogs\/buvmateriali-buvei-remontam-un-ieksdarbiem\/sausie-maisijumi-ara-darbiem-un-ieksdarbiem\/flizu-limes-uz-cementa-bazes\/ardex-x80-microtec-universala-elastiga-flizu-lime\/#primaryimage\",\"url\":\"https:\/\/videstehnika.lv\/wp-content\/uploads\/2025\/10\/ARDEX-X-80-20-kg.jpg\",\"contentUrl\":\"https:\/\/videstehnika.lv\/wp-content\/uploads\/2025\/10\/ARDEX-X-80-20-kg.jpg\",\"width\":1716,\"height\":2560},{\"@type\":\"BreadcrumbList\",\"@id\":\"https:\/\/videstehnika.lv\/katalogs\/buvmateriali-buvei-remontam-un-ieksdarbiem\/sausie-maisijumi-ara-darbiem-un-ieksdarbiem\/flizu-limes-uz-cementa-bazes\/ardex-x80-microtec-universala-elastiga-flizu-lime\/#breadcrumb\",\"itemListElement\":[{\"@type\":\"ListItem\",\"position\":1,\"name\":\"Home\",\"item\":\"https:\/\/videstehnika.lv\/et\/\"},{\"@type\":\"ListItem\",\"position\":2,\"name\":\"Kataloog\",\"item\":\"https:\/\/videstehnika.lv\/et\/kataloog\/\"},{\"@type\":\"ListItem\",\"position\":3,\"name\":\"ARDEX X80 MICROTEC univers\u0101la elast\u012bg\u0101 fl\u012b\u017eu l\u012bme (C2TE\/S1)\"}]},{\"@type\":\"WebSite\",\"@id\":\"https:\/\/videstehnika.lv\/et\/#website\",\"url\":\"https:\/\/videstehnika.lv\/et\/\",\"name\":\"Vides Tehnika\",\"description\":\"\",\"potentialAction\":[{\"@type\":\"SearchAction\",\"target\":{\"@type\":\"EntryPoint\",\"urlTemplate\":\"https:\/\/videstehnika.lv\/et\/?s={search_term_string}\"},\"query-input\":{\"@type\":\"PropertyValueSpecification\",\"valueRequired\":true,\"valueName\":\"search_term_string\"}}],\"inLanguage\":\"et\"}]}<\/script>\n<!-- \/ Yoast SEO plugin. -->","yoast_head_json":{"title":"ARDEX X80 MICROTEC univers\u0101la elast\u012bg\u0101 fl\u012b\u017eu l\u012bme (C2TE\/S1) &#8226; Vides Tehnika","description":"Lieto\u0161anai iek\u0161telp\u0101s un \u0101r\u0101, sien\u0101m un gr\u012bd\u0101m. Pl\u0101nas un vid\u0113ji (l\u012bdz 15 mm) biezas k\u0101rtas l\u012bme ar ARDEX MICROTEC tehnolo\u0123iju. Ilgs l\u012bmes izstr\u0101des laiks un uzticama l\u012bm\u0113\u0161ana re\u0101los b\u016bvlauku\u00adma apst\u0101k\u013cos.","robots":{"index":"index","follow":"follow","max-snippet":"max-snippet:-1","max-image-preview":"max-image-preview:large","max-video-preview":"max-video-preview:-1"},"canonical":"https:\/\/videstehnika.lv\/et\/katalogs\/buvmateriali-buvei-remontam-un-ieksdarbiem\/sausie-maisijumi-ara-darbiem-un-ieksdarbiem\/flizu-limes-uz-cementa-bazes\/ardex-x80-microtec-universala-elastiga-flizu-lime\/","og_locale":"et_EE","og_type":"article","og_title":"ARDEX X80 MICROTEC univers\u0101la elast\u012bg\u0101 fl\u012b\u017eu l\u012bme (C2TE\/S1) &#8226; Vides Tehnika","og_description":"Lieto\u0161anai iek\u0161telp\u0101s un \u0101r\u0101, sien\u0101m un gr\u012bd\u0101m. Pl\u0101nas un vid\u0113ji (l\u012bdz 15 mm) biezas k\u0101rtas l\u012bme ar ARDEX MICROTEC tehnolo\u0123iju. Ilgs l\u012bmes izstr\u0101des laiks un uzticama l\u012bm\u0113\u0161ana re\u0101los b\u016bvlauku\u00adma apst\u0101k\u013cos.","og_url":"https:\/\/videstehnika.lv\/katalogs\/buvmateriali-buvei-remontam-un-ieksdarbiem\/sausie-maisijumi-ara-darbiem-un-ieksdarbiem\/flizu-limes-uz-cementa-bazes\/ardex-x80-microtec-universala-elastiga-flizu-lime\/","og_site_name":"Vides Tehnika","article_modified_time":"2025-11-20T10:31:54+00:00","og_image":[{"width":1716,"height":2560,"url":"https:\/\/videstehnika.lv\/wp-content\/uploads\/2025\/10\/ARDEX-X-80-20-kg.jpg","type":"image\/jpeg"}],"twitter_card":"summary_large_image","twitter_misc":{"Est. reading time":"1 minut"},"schema":{"@context":"https:\/\/schema.org","@graph":[{"@type":"WebPage","@id":"https:\/\/videstehnika.lv\/katalogs\/buvmateriali-buvei-remontam-un-ieksdarbiem\/sausie-maisijumi-ara-darbiem-un-ieksdarbiem\/flizu-limes-uz-cementa-bazes\/ardex-x80-microtec-universala-elastiga-flizu-lime\/","url":"https:\/\/videstehnika.lv\/katalogs\/buvmateriali-buvei-remontam-un-ieksdarbiem\/sausie-maisijumi-ara-darbiem-un-ieksdarbiem\/flizu-limes-uz-cementa-bazes\/ardex-x80-microtec-universala-elastiga-flizu-lime\/","name":"ARDEX X80 MICROTEC univers\u0101la elast\u012bg\u0101 fl\u012b\u017eu l\u012bme (C2TE\/S1) &#8226; Vides Tehnika","isPartOf":{"@id":"https:\/\/videstehnika.lv\/et\/#website"},"primaryImageOfPage":{"@id":"https:\/\/videstehnika.lv\/katalogs\/buvmateriali-buvei-remontam-un-ieksdarbiem\/sausie-maisijumi-ara-darbiem-un-ieksdarbiem\/flizu-limes-uz-cementa-bazes\/ardex-x80-microtec-universala-elastiga-flizu-lime\/#primaryimage"},"image":{"@id":"https:\/\/videstehnika.lv\/katalogs\/buvmateriali-buvei-remontam-un-ieksdarbiem\/sausie-maisijumi-ara-darbiem-un-ieksdarbiem\/flizu-limes-uz-cementa-bazes\/ardex-x80-microtec-universala-elastiga-flizu-lime\/#primaryimage"},"thumbnailUrl":"https:\/\/videstehnika.lv\/wp-content\/uploads\/2025\/10\/ARDEX-X-80-20-kg.jpg","datePublished":"2025-10-09T08:04:28+00:00","dateModified":"2025-11-20T10:31:54+00:00","description":"Lieto\u0161anai iek\u0161telp\u0101s un \u0101r\u0101, sien\u0101m un gr\u012bd\u0101m. Pl\u0101nas un vid\u0113ji (l\u012bdz 15 mm) biezas k\u0101rtas l\u012bme ar ARDEX MICROTEC tehnolo\u0123iju. Ilgs l\u012bmes izstr\u0101des laiks un uzticama l\u012bm\u0113\u0161ana re\u0101los b\u016bvlauku\u00adma apst\u0101k\u013cos.","breadcrumb":{"@id":"https:\/\/videstehnika.lv\/katalogs\/buvmateriali-buvei-remontam-un-ieksdarbiem\/sausie-maisijumi-ara-darbiem-un-ieksdarbiem\/flizu-limes-uz-cementa-bazes\/ardex-x80-microtec-universala-elastiga-flizu-lime\/#breadcrumb"},"inLanguage":"et","potentialAction":[{"@type":"ReadAction","target":["https:\/\/videstehnika.lv\/katalogs\/buvmateriali-buvei-remontam-un-ieksdarbiem\/sausie-maisijumi-ara-darbiem-un-ieksdarbiem\/flizu-limes-uz-cementa-bazes\/ardex-x80-microtec-universala-elastiga-flizu-lime\/"]}]},{"@type":"ImageObject","inLanguage":"et","@id":"https:\/\/videstehnika.lv\/katalogs\/buvmateriali-buvei-remontam-un-ieksdarbiem\/sausie-maisijumi-ara-darbiem-un-ieksdarbiem\/flizu-limes-uz-cementa-bazes\/ardex-x80-microtec-universala-elastiga-flizu-lime\/#primaryimage","url":"https:\/\/videstehnika.lv\/wp-content\/uploads\/2025\/10\/ARDEX-X-80-20-kg.jpg","contentUrl":"https:\/\/videstehnika.lv\/wp-content\/uploads\/2025\/10\/ARDEX-X-80-20-kg.jpg","width":1716,"height":2560},{"@type":"BreadcrumbList","@id":"https:\/\/videstehnika.lv\/katalogs\/buvmateriali-buvei-remontam-un-ieksdarbiem\/sausie-maisijumi-ara-darbiem-un-ieksdarbiem\/flizu-limes-uz-cementa-bazes\/ardex-x80-microtec-universala-elastiga-flizu-lime\/#breadcrumb","itemListElement":[{"@type":"ListItem","position":1,"name":"Home","item":"https:\/\/videstehnika.lv\/et\/"},{"@type":"ListItem","position":2,"name":"Kataloog","item":"https:\/\/videstehnika.lv\/et\/kataloog\/"},{"@type":"ListItem","position":3,"name":"ARDEX X80 MICROTEC univers\u0101la elast\u012bg\u0101 fl\u012b\u017eu l\u012bme (C2TE\/S1)"}]},{"@type":"WebSite","@id":"https:\/\/videstehnika.lv\/et\/#website","url":"https:\/\/videstehnika.lv\/et\/","name":"Vides Tehnika","description":"","potentialAction":[{"@type":"SearchAction","target":{"@type":"EntryPoint","urlTemplate":"https:\/\/videstehnika.lv\/et\/?s={search_term_string}"},"query-input":{"@type":"PropertyValueSpecification","valueRequired":true,"valueName":"search_term_string"}}],"inLanguage":"et"}]}},"_links":{"self":[{"href":"https:\/\/videstehnika.lv\/et\/wp-json\/wp\/v2\/product\/79482","targetHints":{"allow":["GET"]}}],"collection":[{"href":"https:\/\/videstehnika.lv\/et\/wp-json\/wp\/v2\/product"}],"about":[{"href":"https:\/\/videstehnika.lv\/et\/wp-json\/wp\/v2\/types\/product"}],"wp:featuredmedia":[{"embeddable":true,"href":"https:\/\/videstehnika.lv\/et\/wp-json\/wp\/v2\/media\/79530"}],"wp:attachment":[{"href":"https:\/\/videstehnika.lv\/et\/wp-json\/wp\/v2\/media?parent=79482"}],"wp:term":[{"taxonomy":"product_cat","embeddable":true,"href":"https:\/\/videstehnika.lv\/et\/wp-json\/wp\/v2\/product_cat?post=79482"},{"taxonomy":"product_tag","embeddable":true,"href":"https:\/\/videstehnika.lv\/et\/wp-json\/wp\/v2\/product_tag?post=79482"}],"curies":[{"name":"wp","href":"https:\/\/api.w.org\/{rel}","templated":true}]}}