{"id":79978,"date":"2025-10-24T13:23:49","date_gmt":"2025-10-24T10:23:49","guid":{"rendered":"https:\/\/videstehnika.lv\/?post_type=product&#038;p=79978"},"modified":"2025-11-20T12:25:44","modified_gmt":"2025-11-20T10:25:44","slug":"ardex-a18-sakeres-java","status":"publish","type":"product","link":"https:\/\/videstehnika.lv\/katalogs\/buvmateriali-buvei-remontam-un-ieksdarbiem\/sausie-maisijumi-ara-darbiem-un-ieksdarbiem\/betons-gridu-betonesanai\/ardex-a18-sakeres-java\/","title":{"rendered":"ARDEX A18 sa\u0137eres java"},"content":{"rendered":"<h2>ARDEX A18 sa\u0137eres java<\/h2>\n<p>Iek\u0161darbiem un \u0101rdarbiem.<\/p>\n<p>Augsta cirpes stipr\u012bba.<\/p>\n<h2>Pielietojums<\/h2>\n<p>Betona gr\u012bdu stiprin\u0101\u0161anai pie pamatnes. Nodro\u0161ina sp\u0113c\u012bgu sa\u0137eri ar betonu, cementa smil\u0161u klonu, &#8220;terrazzo&#8221;, fl\u012b\u017eu segumiem un cit\u0101m piem\u0113rot\u0101m pamatn\u0113m. Izmanto kop\u0101 ar:<br \/>\n\u2013 ARDEX A 35 \u0101tro cementu,<br \/>\n\u2013 ARDEX A 38 4 stundu cementu,<br \/>\n\u2013 ARDEX A 35 MIX sauso betonu,<br \/>\n\u2013 ARDEX A 38 MIX 4 stundu betonu,<br \/>\n\u2013 un citiem cementa mais\u012bjumiem.<\/p>\n<p>Starpk\u0101rtu l\u012bme betona remonta darbos ar cementa jav\u0101m. Piem\u0113rots izmanto\u0161anai ar\u012b apsild\u0101mo gr\u012bdu sist\u0113m\u0101s. Iek\u0161darbiem un \u0101rdarbiem. Baseiniem.<\/p>\n<h2>Pamatnes sagatavo\u0161ana<\/h2>\n<p>Pamatnei ir j\u0101b\u016bt sausai, stingrai, stabilai un iztur\u012bgai pret slodzi, bez putek\u013ciem, bez br\u012bv\u0101m da\u013ci\u0146\u0101m un cit\u0101m sa\u0137eri mazino\u0161\u0101m viel\u0101m. Ja nepiecie\u0161ams, pamatnes pirms fiks\u0101cijas mais\u012bjuma uzkl\u0101\u0161anas apstr\u0101d\u0101, piem\u0113ram, ar smil\u0161u str\u016bklu. Plaisas un tehnolo\u0123isk\u0101s \u0161uves (iz\u0146emot deform\u0101cijas \u0161uves) aizpilda ar ARDEX FB vai ARDEX EP 2000 epoks\u012bda sve\u0137iem. Iek\u0161telp\u0101s plaisu remontam var izmantot ARDEX P10 SR \u0101tri ciet\u0113jo\u0161os sve\u0137us. Ja nepiecie\u0161ama pamatnes iepriek\u0161\u0113ja mitrin\u0101\u0161ana, nepiecie\u0161ams izvair\u012bties no &#8220;pe\u013c\u0137u&#8221; veido\u0161an\u0101s.<\/p>\n<h2>Lieto\u0161ana<\/h2>\n<p>Mais\u012bjumu uzkl\u0101j uz pamatnes ar rull\u012bti, otu vai zobaino \u0161pakte\u013cl\u0101psti\u0146u, minimums 1,5 mm biezum\u0101. Betona un smil\u0161u cementa mais\u012bjums tiek uzkl\u0101ts &#8220;mitrs uz mitra&#8221;, tas ir uz za\u013cas ARDEX A18 k\u0101rtas. Ja uzkl\u0101tais ARDEX A18 k\u0101rta ir s\u0101kusi \u017e\u016bt, (p\u0113c apm\u0113ram 30 min.),nepiecie\u0161ams uzkl\u0101t jaunu mais\u012bjuma k\u0101rtu. Mais\u012bjumu, kas s\u0101cis ciet\u0113t ,nedr\u012bkst atk\u0101rtoti sajaukt ar \u016bdeni. ARDEX18 var izmantot, ja pamatnes un gaisa temperat\u016bra ir augst\u0101ka par + 5 \u00b0C.<\/p>\n","protected":false},"excerpt":{"rendered":"<p>ARDEX A18 sa\u0137eres java Iek\u0161darbiem un \u0101rdarbiem. Augsta cirpes stipr\u012bba. Pielietojums Betona gr\u012bdu stiprin\u0101\u0161anai pie pamatnes. Nodro\u0161ina sp\u0113c\u012bgu sa\u0137eri ar<\/p>\n","protected":false},"featured_media":79979,"template":"","meta":{"_acf_changed":false},"product_cat":[2053],"product_tag":[],"class_list":{"0":"post-79978","1":"product","2":"type-product","3":"status-publish","4":"has-post-thumbnail","6":"product_cat-betons-gridu-betonesanai","8":"first","9":"onbackorder","10":"taxable","11":"shipping-taxable","12":"purchasable","13":"product-type-simple"},"acf":[],"yoast_head":"<!-- This site is optimized with the Yoast SEO plugin v24.2 - https:\/\/yoast.com\/wordpress\/plugins\/seo\/ -->\n<title>ARDEX A18 sa\u0137eres java &#8226; Vides Tehnika<\/title>\n<meta name=\"description\" content=\"Betona gr\u012bdu stiprin\u0101\u0161anai pie pamatnes. Nodro\u0161ina sp\u0113c\u012bgu sa\u0137eri ar betonu, cementa smil\u0161u klonu, &quot;terrazzo&quot;, fl\u012b\u017eu segumiem un cit\u0101m piem\u0113rot\u0101m pamatn\u0113m.\" \/>\n<meta name=\"robots\" content=\"index, follow, max-snippet:-1, max-image-preview:large, max-video-preview:-1\" \/>\n<link rel=\"canonical\" href=\"https:\/\/videstehnika.lv\/et\/katalogs\/buvmateriali-buvei-remontam-un-ieksdarbiem\/sausie-maisijumi-ara-darbiem-un-ieksdarbiem\/betons-gridu-betonesanai\/ardex-a18-sakeres-java\/\" \/>\n<meta property=\"og:locale\" content=\"et_EE\" \/>\n<meta property=\"og:type\" content=\"article\" \/>\n<meta property=\"og:title\" content=\"ARDEX A18 sa\u0137eres java &#8226; Vides Tehnika\" \/>\n<meta property=\"og:description\" content=\"Betona gr\u012bdu stiprin\u0101\u0161anai pie pamatnes. Nodro\u0161ina sp\u0113c\u012bgu sa\u0137eri ar betonu, cementa smil\u0161u klonu, &quot;terrazzo&quot;, fl\u012b\u017eu segumiem un cit\u0101m piem\u0113rot\u0101m pamatn\u0113m.\" \/>\n<meta property=\"og:url\" content=\"https:\/\/videstehnika.lv\/katalogs\/buvmateriali-buvei-remontam-un-ieksdarbiem\/sausie-maisijumi-ara-darbiem-un-ieksdarbiem\/betons-gridu-betonesanai\/ardex-a18-sakeres-java\/\" \/>\n<meta property=\"og:site_name\" content=\"Vides Tehnika\" \/>\n<meta property=\"article:modified_time\" content=\"2025-11-20T10:25:44+00:00\" \/>\n<meta property=\"og:image\" content=\"https:\/\/videstehnika.lv\/wp-content\/uploads\/2025\/10\/ARDEX-A-18-low.png\" \/>\n\t<meta property=\"og:image:width\" content=\"594\" \/>\n\t<meta property=\"og:image:height\" content=\"640\" \/>\n\t<meta property=\"og:image:type\" content=\"image\/png\" \/>\n<meta name=\"twitter:card\" content=\"summary_large_image\" \/>\n<meta name=\"twitter:label1\" content=\"Est. reading time\" \/>\n\t<meta name=\"twitter:data1\" content=\"2 minutit\" \/>\n<script type=\"application\/ld+json\" class=\"yoast-schema-graph\">{\"@context\":\"https:\/\/schema.org\",\"@graph\":[{\"@type\":\"WebPage\",\"@id\":\"https:\/\/videstehnika.lv\/katalogs\/buvmateriali-buvei-remontam-un-ieksdarbiem\/sausie-maisijumi-ara-darbiem-un-ieksdarbiem\/betons-gridu-betonesanai\/ardex-a18-sakeres-java\/\",\"url\":\"https:\/\/videstehnika.lv\/katalogs\/buvmateriali-buvei-remontam-un-ieksdarbiem\/sausie-maisijumi-ara-darbiem-un-ieksdarbiem\/betons-gridu-betonesanai\/ardex-a18-sakeres-java\/\",\"name\":\"ARDEX A18 sa\u0137eres java &#8226; Vides Tehnika\",\"isPartOf\":{\"@id\":\"https:\/\/videstehnika.lv\/et\/#website\"},\"primaryImageOfPage\":{\"@id\":\"https:\/\/videstehnika.lv\/katalogs\/buvmateriali-buvei-remontam-un-ieksdarbiem\/sausie-maisijumi-ara-darbiem-un-ieksdarbiem\/betons-gridu-betonesanai\/ardex-a18-sakeres-java\/#primaryimage\"},\"image\":{\"@id\":\"https:\/\/videstehnika.lv\/katalogs\/buvmateriali-buvei-remontam-un-ieksdarbiem\/sausie-maisijumi-ara-darbiem-un-ieksdarbiem\/betons-gridu-betonesanai\/ardex-a18-sakeres-java\/#primaryimage\"},\"thumbnailUrl\":\"https:\/\/videstehnika.lv\/wp-content\/uploads\/2025\/10\/ARDEX-A-18-low.png\",\"datePublished\":\"2025-10-24T10:23:49+00:00\",\"dateModified\":\"2025-11-20T10:25:44+00:00\",\"description\":\"Betona gr\u012bdu stiprin\u0101\u0161anai pie pamatnes. Nodro\u0161ina sp\u0113c\u012bgu sa\u0137eri ar betonu, cementa smil\u0161u klonu, \\\"terrazzo\\\", fl\u012b\u017eu segumiem un cit\u0101m piem\u0113rot\u0101m pamatn\u0113m.\",\"breadcrumb\":{\"@id\":\"https:\/\/videstehnika.lv\/katalogs\/buvmateriali-buvei-remontam-un-ieksdarbiem\/sausie-maisijumi-ara-darbiem-un-ieksdarbiem\/betons-gridu-betonesanai\/ardex-a18-sakeres-java\/#breadcrumb\"},\"inLanguage\":\"et\",\"potentialAction\":[{\"@type\":\"ReadAction\",\"target\":[\"https:\/\/videstehnika.lv\/katalogs\/buvmateriali-buvei-remontam-un-ieksdarbiem\/sausie-maisijumi-ara-darbiem-un-ieksdarbiem\/betons-gridu-betonesanai\/ardex-a18-sakeres-java\/\"]}]},{\"@type\":\"ImageObject\",\"inLanguage\":\"et\",\"@id\":\"https:\/\/videstehnika.lv\/katalogs\/buvmateriali-buvei-remontam-un-ieksdarbiem\/sausie-maisijumi-ara-darbiem-un-ieksdarbiem\/betons-gridu-betonesanai\/ardex-a18-sakeres-java\/#primaryimage\",\"url\":\"https:\/\/videstehnika.lv\/wp-content\/uploads\/2025\/10\/ARDEX-A-18-low.png\",\"contentUrl\":\"https:\/\/videstehnika.lv\/wp-content\/uploads\/2025\/10\/ARDEX-A-18-low.png\",\"width\":594,\"height\":640},{\"@type\":\"BreadcrumbList\",\"@id\":\"https:\/\/videstehnika.lv\/katalogs\/buvmateriali-buvei-remontam-un-ieksdarbiem\/sausie-maisijumi-ara-darbiem-un-ieksdarbiem\/betons-gridu-betonesanai\/ardex-a18-sakeres-java\/#breadcrumb\",\"itemListElement\":[{\"@type\":\"ListItem\",\"position\":1,\"name\":\"Home\",\"item\":\"https:\/\/videstehnika.lv\/et\/\"},{\"@type\":\"ListItem\",\"position\":2,\"name\":\"Kataloog\",\"item\":\"https:\/\/videstehnika.lv\/et\/kataloog\/\"},{\"@type\":\"ListItem\",\"position\":3,\"name\":\"ARDEX A18 sa\u0137eres java\"}]},{\"@type\":\"WebSite\",\"@id\":\"https:\/\/videstehnika.lv\/et\/#website\",\"url\":\"https:\/\/videstehnika.lv\/et\/\",\"name\":\"Vides Tehnika\",\"description\":\"\",\"potentialAction\":[{\"@type\":\"SearchAction\",\"target\":{\"@type\":\"EntryPoint\",\"urlTemplate\":\"https:\/\/videstehnika.lv\/et\/?s={search_term_string}\"},\"query-input\":{\"@type\":\"PropertyValueSpecification\",\"valueRequired\":true,\"valueName\":\"search_term_string\"}}],\"inLanguage\":\"et\"}]}<\/script>\n<!-- \/ Yoast SEO plugin. -->","yoast_head_json":{"title":"ARDEX A18 sa\u0137eres java &#8226; Vides Tehnika","description":"Betona gr\u012bdu stiprin\u0101\u0161anai pie pamatnes. Nodro\u0161ina sp\u0113c\u012bgu sa\u0137eri ar betonu, cementa smil\u0161u klonu, \"terrazzo\", fl\u012b\u017eu segumiem un cit\u0101m piem\u0113rot\u0101m pamatn\u0113m.","robots":{"index":"index","follow":"follow","max-snippet":"max-snippet:-1","max-image-preview":"max-image-preview:large","max-video-preview":"max-video-preview:-1"},"canonical":"https:\/\/videstehnika.lv\/et\/katalogs\/buvmateriali-buvei-remontam-un-ieksdarbiem\/sausie-maisijumi-ara-darbiem-un-ieksdarbiem\/betons-gridu-betonesanai\/ardex-a18-sakeres-java\/","og_locale":"et_EE","og_type":"article","og_title":"ARDEX A18 sa\u0137eres java &#8226; Vides Tehnika","og_description":"Betona gr\u012bdu stiprin\u0101\u0161anai pie pamatnes. Nodro\u0161ina sp\u0113c\u012bgu sa\u0137eri ar betonu, cementa smil\u0161u klonu, \"terrazzo\", fl\u012b\u017eu segumiem un cit\u0101m piem\u0113rot\u0101m pamatn\u0113m.","og_url":"https:\/\/videstehnika.lv\/katalogs\/buvmateriali-buvei-remontam-un-ieksdarbiem\/sausie-maisijumi-ara-darbiem-un-ieksdarbiem\/betons-gridu-betonesanai\/ardex-a18-sakeres-java\/","og_site_name":"Vides Tehnika","article_modified_time":"2025-11-20T10:25:44+00:00","og_image":[{"width":594,"height":640,"url":"https:\/\/videstehnika.lv\/wp-content\/uploads\/2025\/10\/ARDEX-A-18-low.png","type":"image\/png"}],"twitter_card":"summary_large_image","twitter_misc":{"Est. reading time":"2 minutit"},"schema":{"@context":"https:\/\/schema.org","@graph":[{"@type":"WebPage","@id":"https:\/\/videstehnika.lv\/katalogs\/buvmateriali-buvei-remontam-un-ieksdarbiem\/sausie-maisijumi-ara-darbiem-un-ieksdarbiem\/betons-gridu-betonesanai\/ardex-a18-sakeres-java\/","url":"https:\/\/videstehnika.lv\/katalogs\/buvmateriali-buvei-remontam-un-ieksdarbiem\/sausie-maisijumi-ara-darbiem-un-ieksdarbiem\/betons-gridu-betonesanai\/ardex-a18-sakeres-java\/","name":"ARDEX A18 sa\u0137eres java &#8226; Vides Tehnika","isPartOf":{"@id":"https:\/\/videstehnika.lv\/et\/#website"},"primaryImageOfPage":{"@id":"https:\/\/videstehnika.lv\/katalogs\/buvmateriali-buvei-remontam-un-ieksdarbiem\/sausie-maisijumi-ara-darbiem-un-ieksdarbiem\/betons-gridu-betonesanai\/ardex-a18-sakeres-java\/#primaryimage"},"image":{"@id":"https:\/\/videstehnika.lv\/katalogs\/buvmateriali-buvei-remontam-un-ieksdarbiem\/sausie-maisijumi-ara-darbiem-un-ieksdarbiem\/betons-gridu-betonesanai\/ardex-a18-sakeres-java\/#primaryimage"},"thumbnailUrl":"https:\/\/videstehnika.lv\/wp-content\/uploads\/2025\/10\/ARDEX-A-18-low.png","datePublished":"2025-10-24T10:23:49+00:00","dateModified":"2025-11-20T10:25:44+00:00","description":"Betona gr\u012bdu stiprin\u0101\u0161anai pie pamatnes. Nodro\u0161ina sp\u0113c\u012bgu sa\u0137eri ar betonu, cementa smil\u0161u klonu, \"terrazzo\", fl\u012b\u017eu segumiem un cit\u0101m piem\u0113rot\u0101m pamatn\u0113m.","breadcrumb":{"@id":"https:\/\/videstehnika.lv\/katalogs\/buvmateriali-buvei-remontam-un-ieksdarbiem\/sausie-maisijumi-ara-darbiem-un-ieksdarbiem\/betons-gridu-betonesanai\/ardex-a18-sakeres-java\/#breadcrumb"},"inLanguage":"et","potentialAction":[{"@type":"ReadAction","target":["https:\/\/videstehnika.lv\/katalogs\/buvmateriali-buvei-remontam-un-ieksdarbiem\/sausie-maisijumi-ara-darbiem-un-ieksdarbiem\/betons-gridu-betonesanai\/ardex-a18-sakeres-java\/"]}]},{"@type":"ImageObject","inLanguage":"et","@id":"https:\/\/videstehnika.lv\/katalogs\/buvmateriali-buvei-remontam-un-ieksdarbiem\/sausie-maisijumi-ara-darbiem-un-ieksdarbiem\/betons-gridu-betonesanai\/ardex-a18-sakeres-java\/#primaryimage","url":"https:\/\/videstehnika.lv\/wp-content\/uploads\/2025\/10\/ARDEX-A-18-low.png","contentUrl":"https:\/\/videstehnika.lv\/wp-content\/uploads\/2025\/10\/ARDEX-A-18-low.png","width":594,"height":640},{"@type":"BreadcrumbList","@id":"https:\/\/videstehnika.lv\/katalogs\/buvmateriali-buvei-remontam-un-ieksdarbiem\/sausie-maisijumi-ara-darbiem-un-ieksdarbiem\/betons-gridu-betonesanai\/ardex-a18-sakeres-java\/#breadcrumb","itemListElement":[{"@type":"ListItem","position":1,"name":"Home","item":"https:\/\/videstehnika.lv\/et\/"},{"@type":"ListItem","position":2,"name":"Kataloog","item":"https:\/\/videstehnika.lv\/et\/kataloog\/"},{"@type":"ListItem","position":3,"name":"ARDEX A18 sa\u0137eres java"}]},{"@type":"WebSite","@id":"https:\/\/videstehnika.lv\/et\/#website","url":"https:\/\/videstehnika.lv\/et\/","name":"Vides Tehnika","description":"","potentialAction":[{"@type":"SearchAction","target":{"@type":"EntryPoint","urlTemplate":"https:\/\/videstehnika.lv\/et\/?s={search_term_string}"},"query-input":{"@type":"PropertyValueSpecification","valueRequired":true,"valueName":"search_term_string"}}],"inLanguage":"et"}]}},"_links":{"self":[{"href":"https:\/\/videstehnika.lv\/et\/wp-json\/wp\/v2\/product\/79978","targetHints":{"allow":["GET"]}}],"collection":[{"href":"https:\/\/videstehnika.lv\/et\/wp-json\/wp\/v2\/product"}],"about":[{"href":"https:\/\/videstehnika.lv\/et\/wp-json\/wp\/v2\/types\/product"}],"wp:featuredmedia":[{"embeddable":true,"href":"https:\/\/videstehnika.lv\/et\/wp-json\/wp\/v2\/media\/79979"}],"wp:attachment":[{"href":"https:\/\/videstehnika.lv\/et\/wp-json\/wp\/v2\/media?parent=79978"}],"wp:term":[{"taxonomy":"product_cat","embeddable":true,"href":"https:\/\/videstehnika.lv\/et\/wp-json\/wp\/v2\/product_cat?post=79978"},{"taxonomy":"product_tag","embeddable":true,"href":"https:\/\/videstehnika.lv\/et\/wp-json\/wp\/v2\/product_tag?post=79978"}],"curies":[{"name":"wp","href":"https:\/\/api.w.org\/{rel}","templated":true}]}}