{"id":79984,"date":"2025-10-24T13:31:07","date_gmt":"2025-10-24T10:31:07","guid":{"rendered":"https:\/\/videstehnika.lv\/?post_type=product&#038;p=79984"},"modified":"2025-11-20T12:25:03","modified_gmt":"2025-11-20T10:25:03","slug":"ardex-a38-mix-4-stundu-sausais-betons","status":"publish","type":"product","link":"https:\/\/videstehnika.lv\/katalogs\/buvmateriali-buvei-remontam-un-ieksdarbiem\/sausie-maisijumi-ara-darbiem-un-ieksdarbiem\/betons-gridu-betonesanai\/ardex-a38-mix-4-stundu-sausais-betons\/","title":{"rendered":"ARDEX A38 MIX 4 stundu sausais betons"},"content":{"rendered":"<h2>ARDEX A38 MIX 4 stundu sausais betons<\/h2>\n<p>Iek\u0161darbiem un \u0101rdarbiem.<\/p>\n<p>ARDURAPID PLUS \u012bpa\u0161\u012bbas.<br \/>\n\u017d\u016b\u0161anas laik\u0101 gandr\u012bz nedeform\u0113jas.<br \/>\nP\u0113c 4 st. ciet\u0113\u0161anas piem\u0113rots ARDEX 8+9 hidroizol\u0101cijas uzkl\u0101\u0161anai un fl\u012b\u017eu l\u012bm\u0113\u0161anai.<br \/>\nP\u0113c 2 dienu ciet\u0113\u0161anas piem\u0113rots parketa kl\u0101\u0161anai.<\/p>\n<p>EN 13813: CT-C40-F5<\/p>\n<h2>Pielietojums<\/h2>\n<p>Gr\u012bdu beton\u0113\u0161anai, fiks\u0113jot t\u0101s pie pamatnes (minim\u0101lais biezums \u2013 20 mm). &#8220;Peldo\u0161o&#8221; gr\u012bdu beton\u0113\u0161anai (minim\u0101lais biezums \u2013 35 mm). Dab\u012bg\u0101 akmens un betona pl\u0101k\u0161\u0146usegumu fiks\u0101cijai. Cementa gr\u012bdu remontam un atjauno\u0161anai.<\/p>\n<h2>Lieto\u0161ana<\/h2>\n<p>Samais\u012bt l\u012bdz mitras zemes konsistencei. Mais\u012b\u0161ana, kl\u0101\u0161ana, nivel\u0113\u0161ana un l\u012bdzin\u0101\u0161ana ir j\u0101izdara 60 min\u016b\u0161u laik\u0101. Mais\u012bjuma fiks\u0113\u0161anai pie pamatnes izmantojiet ARDEX A18 vai pagatavojiet sa\u0137eres dispersiju, 1,75 l ARDEX E100 sajauc ar 1,75 l \u016bdeni un sajauc ar 25 kg ARDEX A38 MIX. Sa\u0137eres dispersija j\u0101kl\u0101j uz pamata un r\u016bp\u012bgi j\u0101ieberz\u0113 ar suku. Java j\u0101kl\u0101j uz mitras, v\u0113l neno\u017euvu\u0161as sa\u0137eres dispersijas. Sa\u0137eres dispersijai iek\u0161darbos, ARDEX E100 var aizvietot ar ARDEX P51. Iev\u0113rot visp\u0101r\u0113j\u0101s pras\u012bbas gr\u012bdu beton\u0113\u0161anai. Silt\u0101s gr\u012bdas: ARDEX A38 MIX ir piem\u0113rots izmanto\u0161anai siltaj\u0101s gr\u012bd\u0101s<\/p>\n","protected":false},"excerpt":{"rendered":"<p>ARDEX A38 MIX 4 stundu sausais betons Iek\u0161darbiem un \u0101rdarbiem. ARDURAPID PLUS \u012bpa\u0161\u012bbas. \u017d\u016b\u0161anas laik\u0101 gandr\u012bz nedeform\u0113jas. P\u0113c 4 st.<\/p>\n","protected":false},"featured_media":79985,"template":"","meta":{"_acf_changed":false},"product_cat":[2053],"product_tag":[],"class_list":{"0":"post-79984","1":"product","2":"type-product","3":"status-publish","4":"has-post-thumbnail","6":"product_cat-betons-gridu-betonesanai","8":"first","9":"instock","10":"taxable","11":"shipping-taxable","12":"purchasable","13":"product-type-simple"},"acf":[],"yoast_head":"<!-- This site is optimized with the Yoast SEO plugin v24.2 - https:\/\/yoast.com\/wordpress\/plugins\/seo\/ -->\n<title>ARDEX A38 MIX 4 stundu sausais betons &#8226; Vides Tehnika<\/title>\n<meta name=\"description\" content=\"Gr\u012bdu beton\u0113\u0161anai, fiks\u0113jot t\u0101s pie pamatnes. &quot;Peldo\u0161o&quot; gr\u012bdu beton\u0113\u0161anai. Dab\u012bg\u0101 akmens un betona pl\u0101k\u0161\u0146u segumu fiks\u0101cijai.\" \/>\n<meta name=\"robots\" content=\"index, follow, max-snippet:-1, max-image-preview:large, max-video-preview:-1\" \/>\n<link rel=\"canonical\" href=\"https:\/\/videstehnika.lv\/et\/katalogs\/buvmateriali-buvei-remontam-un-ieksdarbiem\/sausie-maisijumi-ara-darbiem-un-ieksdarbiem\/betons-gridu-betonesanai\/ardex-a38-mix-4-stundu-sausais-betons\/\" \/>\n<meta property=\"og:locale\" content=\"et_EE\" \/>\n<meta property=\"og:type\" content=\"article\" \/>\n<meta property=\"og:title\" content=\"ARDEX A38 MIX 4 stundu sausais betons &#8226; Vides Tehnika\" \/>\n<meta property=\"og:description\" content=\"Gr\u012bdu beton\u0113\u0161anai, fiks\u0113jot t\u0101s pie pamatnes. &quot;Peldo\u0161o&quot; gr\u012bdu beton\u0113\u0161anai. Dab\u012bg\u0101 akmens un betona pl\u0101k\u0161\u0146u segumu fiks\u0101cijai.\" \/>\n<meta property=\"og:url\" content=\"https:\/\/videstehnika.lv\/katalogs\/buvmateriali-buvei-remontam-un-ieksdarbiem\/sausie-maisijumi-ara-darbiem-un-ieksdarbiem\/betons-gridu-betonesanai\/ardex-a38-mix-4-stundu-sausais-betons\/\" \/>\n<meta property=\"og:site_name\" content=\"Vides Tehnika\" \/>\n<meta property=\"article:modified_time\" content=\"2025-11-20T10:25:03+00:00\" \/>\n<meta property=\"og:image\" content=\"https:\/\/videstehnika.lv\/wp-content\/uploads\/2025\/10\/ARDEX-A-38-MIX-25-kg.jpg\" \/>\n\t<meta property=\"og:image:width\" content=\"534\" \/>\n\t<meta property=\"og:image:height\" content=\"800\" \/>\n\t<meta property=\"og:image:type\" content=\"image\/jpeg\" \/>\n<meta name=\"twitter:card\" content=\"summary_large_image\" \/>\n<meta name=\"twitter:label1\" content=\"Est. reading time\" \/>\n\t<meta name=\"twitter:data1\" content=\"1 minut\" \/>\n<script type=\"application\/ld+json\" class=\"yoast-schema-graph\">{\"@context\":\"https:\/\/schema.org\",\"@graph\":[{\"@type\":\"WebPage\",\"@id\":\"https:\/\/videstehnika.lv\/katalogs\/buvmateriali-buvei-remontam-un-ieksdarbiem\/sausie-maisijumi-ara-darbiem-un-ieksdarbiem\/betons-gridu-betonesanai\/ardex-a38-mix-4-stundu-sausais-betons\/\",\"url\":\"https:\/\/videstehnika.lv\/katalogs\/buvmateriali-buvei-remontam-un-ieksdarbiem\/sausie-maisijumi-ara-darbiem-un-ieksdarbiem\/betons-gridu-betonesanai\/ardex-a38-mix-4-stundu-sausais-betons\/\",\"name\":\"ARDEX A38 MIX 4 stundu sausais betons &#8226; Vides Tehnika\",\"isPartOf\":{\"@id\":\"https:\/\/videstehnika.lv\/et\/#website\"},\"primaryImageOfPage\":{\"@id\":\"https:\/\/videstehnika.lv\/katalogs\/buvmateriali-buvei-remontam-un-ieksdarbiem\/sausie-maisijumi-ara-darbiem-un-ieksdarbiem\/betons-gridu-betonesanai\/ardex-a38-mix-4-stundu-sausais-betons\/#primaryimage\"},\"image\":{\"@id\":\"https:\/\/videstehnika.lv\/katalogs\/buvmateriali-buvei-remontam-un-ieksdarbiem\/sausie-maisijumi-ara-darbiem-un-ieksdarbiem\/betons-gridu-betonesanai\/ardex-a38-mix-4-stundu-sausais-betons\/#primaryimage\"},\"thumbnailUrl\":\"https:\/\/videstehnika.lv\/wp-content\/uploads\/2025\/10\/ARDEX-A-38-MIX-25-kg.jpg\",\"datePublished\":\"2025-10-24T10:31:07+00:00\",\"dateModified\":\"2025-11-20T10:25:03+00:00\",\"description\":\"Gr\u012bdu beton\u0113\u0161anai, fiks\u0113jot t\u0101s pie pamatnes. \\\"Peldo\u0161o\\\" gr\u012bdu beton\u0113\u0161anai. Dab\u012bg\u0101 akmens un betona pl\u0101k\u0161\u0146u segumu fiks\u0101cijai.\",\"breadcrumb\":{\"@id\":\"https:\/\/videstehnika.lv\/katalogs\/buvmateriali-buvei-remontam-un-ieksdarbiem\/sausie-maisijumi-ara-darbiem-un-ieksdarbiem\/betons-gridu-betonesanai\/ardex-a38-mix-4-stundu-sausais-betons\/#breadcrumb\"},\"inLanguage\":\"et\",\"potentialAction\":[{\"@type\":\"ReadAction\",\"target\":[\"https:\/\/videstehnika.lv\/katalogs\/buvmateriali-buvei-remontam-un-ieksdarbiem\/sausie-maisijumi-ara-darbiem-un-ieksdarbiem\/betons-gridu-betonesanai\/ardex-a38-mix-4-stundu-sausais-betons\/\"]}]},{\"@type\":\"ImageObject\",\"inLanguage\":\"et\",\"@id\":\"https:\/\/videstehnika.lv\/katalogs\/buvmateriali-buvei-remontam-un-ieksdarbiem\/sausie-maisijumi-ara-darbiem-un-ieksdarbiem\/betons-gridu-betonesanai\/ardex-a38-mix-4-stundu-sausais-betons\/#primaryimage\",\"url\":\"https:\/\/videstehnika.lv\/wp-content\/uploads\/2025\/10\/ARDEX-A-38-MIX-25-kg.jpg\",\"contentUrl\":\"https:\/\/videstehnika.lv\/wp-content\/uploads\/2025\/10\/ARDEX-A-38-MIX-25-kg.jpg\",\"width\":534,\"height\":800},{\"@type\":\"BreadcrumbList\",\"@id\":\"https:\/\/videstehnika.lv\/katalogs\/buvmateriali-buvei-remontam-un-ieksdarbiem\/sausie-maisijumi-ara-darbiem-un-ieksdarbiem\/betons-gridu-betonesanai\/ardex-a38-mix-4-stundu-sausais-betons\/#breadcrumb\",\"itemListElement\":[{\"@type\":\"ListItem\",\"position\":1,\"name\":\"Home\",\"item\":\"https:\/\/videstehnika.lv\/et\/\"},{\"@type\":\"ListItem\",\"position\":2,\"name\":\"Kataloog\",\"item\":\"https:\/\/videstehnika.lv\/et\/kataloog\/\"},{\"@type\":\"ListItem\",\"position\":3,\"name\":\"ARDEX A38 MIX 4 stundu sausais betons\"}]},{\"@type\":\"WebSite\",\"@id\":\"https:\/\/videstehnika.lv\/et\/#website\",\"url\":\"https:\/\/videstehnika.lv\/et\/\",\"name\":\"Vides Tehnika\",\"description\":\"\",\"potentialAction\":[{\"@type\":\"SearchAction\",\"target\":{\"@type\":\"EntryPoint\",\"urlTemplate\":\"https:\/\/videstehnika.lv\/et\/?s={search_term_string}\"},\"query-input\":{\"@type\":\"PropertyValueSpecification\",\"valueRequired\":true,\"valueName\":\"search_term_string\"}}],\"inLanguage\":\"et\"}]}<\/script>\n<!-- \/ Yoast SEO plugin. -->","yoast_head_json":{"title":"ARDEX A38 MIX 4 stundu sausais betons &#8226; Vides Tehnika","description":"Gr\u012bdu beton\u0113\u0161anai, fiks\u0113jot t\u0101s pie pamatnes. \"Peldo\u0161o\" gr\u012bdu beton\u0113\u0161anai. Dab\u012bg\u0101 akmens un betona pl\u0101k\u0161\u0146u segumu fiks\u0101cijai.","robots":{"index":"index","follow":"follow","max-snippet":"max-snippet:-1","max-image-preview":"max-image-preview:large","max-video-preview":"max-video-preview:-1"},"canonical":"https:\/\/videstehnika.lv\/et\/katalogs\/buvmateriali-buvei-remontam-un-ieksdarbiem\/sausie-maisijumi-ara-darbiem-un-ieksdarbiem\/betons-gridu-betonesanai\/ardex-a38-mix-4-stundu-sausais-betons\/","og_locale":"et_EE","og_type":"article","og_title":"ARDEX A38 MIX 4 stundu sausais betons &#8226; Vides Tehnika","og_description":"Gr\u012bdu beton\u0113\u0161anai, fiks\u0113jot t\u0101s pie pamatnes. \"Peldo\u0161o\" gr\u012bdu beton\u0113\u0161anai. Dab\u012bg\u0101 akmens un betona pl\u0101k\u0161\u0146u segumu fiks\u0101cijai.","og_url":"https:\/\/videstehnika.lv\/katalogs\/buvmateriali-buvei-remontam-un-ieksdarbiem\/sausie-maisijumi-ara-darbiem-un-ieksdarbiem\/betons-gridu-betonesanai\/ardex-a38-mix-4-stundu-sausais-betons\/","og_site_name":"Vides Tehnika","article_modified_time":"2025-11-20T10:25:03+00:00","og_image":[{"width":534,"height":800,"url":"https:\/\/videstehnika.lv\/wp-content\/uploads\/2025\/10\/ARDEX-A-38-MIX-25-kg.jpg","type":"image\/jpeg"}],"twitter_card":"summary_large_image","twitter_misc":{"Est. reading time":"1 minut"},"schema":{"@context":"https:\/\/schema.org","@graph":[{"@type":"WebPage","@id":"https:\/\/videstehnika.lv\/katalogs\/buvmateriali-buvei-remontam-un-ieksdarbiem\/sausie-maisijumi-ara-darbiem-un-ieksdarbiem\/betons-gridu-betonesanai\/ardex-a38-mix-4-stundu-sausais-betons\/","url":"https:\/\/videstehnika.lv\/katalogs\/buvmateriali-buvei-remontam-un-ieksdarbiem\/sausie-maisijumi-ara-darbiem-un-ieksdarbiem\/betons-gridu-betonesanai\/ardex-a38-mix-4-stundu-sausais-betons\/","name":"ARDEX A38 MIX 4 stundu sausais betons &#8226; Vides Tehnika","isPartOf":{"@id":"https:\/\/videstehnika.lv\/et\/#website"},"primaryImageOfPage":{"@id":"https:\/\/videstehnika.lv\/katalogs\/buvmateriali-buvei-remontam-un-ieksdarbiem\/sausie-maisijumi-ara-darbiem-un-ieksdarbiem\/betons-gridu-betonesanai\/ardex-a38-mix-4-stundu-sausais-betons\/#primaryimage"},"image":{"@id":"https:\/\/videstehnika.lv\/katalogs\/buvmateriali-buvei-remontam-un-ieksdarbiem\/sausie-maisijumi-ara-darbiem-un-ieksdarbiem\/betons-gridu-betonesanai\/ardex-a38-mix-4-stundu-sausais-betons\/#primaryimage"},"thumbnailUrl":"https:\/\/videstehnika.lv\/wp-content\/uploads\/2025\/10\/ARDEX-A-38-MIX-25-kg.jpg","datePublished":"2025-10-24T10:31:07+00:00","dateModified":"2025-11-20T10:25:03+00:00","description":"Gr\u012bdu beton\u0113\u0161anai, fiks\u0113jot t\u0101s pie pamatnes. \"Peldo\u0161o\" gr\u012bdu beton\u0113\u0161anai. Dab\u012bg\u0101 akmens un betona pl\u0101k\u0161\u0146u segumu fiks\u0101cijai.","breadcrumb":{"@id":"https:\/\/videstehnika.lv\/katalogs\/buvmateriali-buvei-remontam-un-ieksdarbiem\/sausie-maisijumi-ara-darbiem-un-ieksdarbiem\/betons-gridu-betonesanai\/ardex-a38-mix-4-stundu-sausais-betons\/#breadcrumb"},"inLanguage":"et","potentialAction":[{"@type":"ReadAction","target":["https:\/\/videstehnika.lv\/katalogs\/buvmateriali-buvei-remontam-un-ieksdarbiem\/sausie-maisijumi-ara-darbiem-un-ieksdarbiem\/betons-gridu-betonesanai\/ardex-a38-mix-4-stundu-sausais-betons\/"]}]},{"@type":"ImageObject","inLanguage":"et","@id":"https:\/\/videstehnika.lv\/katalogs\/buvmateriali-buvei-remontam-un-ieksdarbiem\/sausie-maisijumi-ara-darbiem-un-ieksdarbiem\/betons-gridu-betonesanai\/ardex-a38-mix-4-stundu-sausais-betons\/#primaryimage","url":"https:\/\/videstehnika.lv\/wp-content\/uploads\/2025\/10\/ARDEX-A-38-MIX-25-kg.jpg","contentUrl":"https:\/\/videstehnika.lv\/wp-content\/uploads\/2025\/10\/ARDEX-A-38-MIX-25-kg.jpg","width":534,"height":800},{"@type":"BreadcrumbList","@id":"https:\/\/videstehnika.lv\/katalogs\/buvmateriali-buvei-remontam-un-ieksdarbiem\/sausie-maisijumi-ara-darbiem-un-ieksdarbiem\/betons-gridu-betonesanai\/ardex-a38-mix-4-stundu-sausais-betons\/#breadcrumb","itemListElement":[{"@type":"ListItem","position":1,"name":"Home","item":"https:\/\/videstehnika.lv\/et\/"},{"@type":"ListItem","position":2,"name":"Kataloog","item":"https:\/\/videstehnika.lv\/et\/kataloog\/"},{"@type":"ListItem","position":3,"name":"ARDEX A38 MIX 4 stundu sausais betons"}]},{"@type":"WebSite","@id":"https:\/\/videstehnika.lv\/et\/#website","url":"https:\/\/videstehnika.lv\/et\/","name":"Vides Tehnika","description":"","potentialAction":[{"@type":"SearchAction","target":{"@type":"EntryPoint","urlTemplate":"https:\/\/videstehnika.lv\/et\/?s={search_term_string}"},"query-input":{"@type":"PropertyValueSpecification","valueRequired":true,"valueName":"search_term_string"}}],"inLanguage":"et"}]}},"_links":{"self":[{"href":"https:\/\/videstehnika.lv\/et\/wp-json\/wp\/v2\/product\/79984","targetHints":{"allow":["GET"]}}],"collection":[{"href":"https:\/\/videstehnika.lv\/et\/wp-json\/wp\/v2\/product"}],"about":[{"href":"https:\/\/videstehnika.lv\/et\/wp-json\/wp\/v2\/types\/product"}],"wp:featuredmedia":[{"embeddable":true,"href":"https:\/\/videstehnika.lv\/et\/wp-json\/wp\/v2\/media\/79985"}],"wp:attachment":[{"href":"https:\/\/videstehnika.lv\/et\/wp-json\/wp\/v2\/media?parent=79984"}],"wp:term":[{"taxonomy":"product_cat","embeddable":true,"href":"https:\/\/videstehnika.lv\/et\/wp-json\/wp\/v2\/product_cat?post=79984"},{"taxonomy":"product_tag","embeddable":true,"href":"https:\/\/videstehnika.lv\/et\/wp-json\/wp\/v2\/product_tag?post=79984"}],"curies":[{"name":"wp","href":"https:\/\/api.w.org\/{rel}","templated":true}]}}