{"id":80154,"date":"2025-10-24T16:07:37","date_gmt":"2025-10-24T13:07:37","guid":{"rendered":"https:\/\/videstehnika.lv\/?post_type=product&#038;p=80154"},"modified":"2025-11-20T12:20:08","modified_gmt":"2025-11-20T10:20:08","slug":"ardex-k40-premium-pasizlidzinosais-maisijums-gridam","status":"publish","type":"product","link":"https:\/\/videstehnika.lv\/katalogs\/buvmateriali-buvei-remontam-un-ieksdarbiem\/sausie-maisijumi-ara-darbiem-un-ieksdarbiem\/gridu-remonta-un-izlidzinosie-maisijumi\/ardex-k40-premium-pasizlidzinosais-maisijums-gridam\/","title":{"rendered":"ARDEX K40 PREMIUM pa\u0161izl\u012bdzino\u0161ais mais\u012bjums gr\u012bd\u0101m"},"content":{"rendered":"<h2>ARDEX K40 PREMIUM pa\u0161izl\u012bdzino\u0161ais mais\u012bjums gr\u012bd\u0101m<\/h2>\n<p>Iek\u0161darbiem, gr\u012bd\u0101m.<br \/>\n\u013boti gludas un vienm\u0113r\u012bgas pamatnes sagatavo\u0161anai.<br \/>\nL\u012bdz 20 mm vien\u0101 pieg\u0101jien\u0101.<br \/>\nSegumu kl\u0101\u0161ana jau p\u0113c 6 stund\u0101m.<br \/>\nZema s\u0101rmain\u012bba.<\/p>\n<h2>Pielietojums<\/h2>\n<p>Betona, smil\u0161betona, anhidr\u012bta klonu, terrazzo, eso\u0161u fl\u012b\u017eu un pl\u0101k\u0161\u0146u segumu un citu piem\u0113rotu pamat\u0146u izl\u012bdzin\u0101\u0161anai un nivel\u0113\u0161anai pirms gr\u012bdas seguma iekl\u0101\u0161anas. \u012apa\u0161i piem\u0113rota \u013coti gludu un l\u012bdzenu gr\u012bdu virsmu ieg\u016b\u0161anai, kas piem\u0113rotas PVC, PVC dizaina pl\u0101k\u0161\u0146u un liela form\u0101ta fl\u012b\u017eu vai pl\u0101k\u0161\u0146u segumu kl\u0101\u0161anai.<\/p>\n","protected":false},"excerpt":{"rendered":"<p>ARDEX K40 PREMIUM pa\u0161izl\u012bdzino\u0161ais mais\u012bjums gr\u012bd\u0101m Iek\u0161darbiem, gr\u012bd\u0101m. \u013boti gludas un vienm\u0113r\u012bgas pamatnes sagatavo\u0161anai. L\u012bdz 20 mm vien\u0101 pieg\u0101jien\u0101. Segumu<\/p>\n","protected":false},"featured_media":80155,"template":"","meta":{"_acf_changed":false},"product_cat":[2089],"product_tag":[],"class_list":{"0":"post-80154","1":"product","2":"type-product","3":"status-publish","4":"has-post-thumbnail","6":"product_cat-b---","8":"first","9":"onbackorder","10":"taxable","11":"shipping-taxable","12":"purchasable","13":"product-type-simple"},"acf":[],"yoast_head":"<!-- This site is optimized with the Yoast SEO plugin v24.2 - https:\/\/yoast.com\/wordpress\/plugins\/seo\/ -->\n<title>ARDEX K40 PREMIUM pa\u0161izl\u012bdzino\u0161ais mais\u012bjums gr\u012bd\u0101m &#8226; Vides Tehnika<\/title>\n<meta name=\"description\" content=\"Betona, smil\u0161betona, anhidr\u012bta klonu, terrazzo, eso\u0161u fl\u012b\u017eu un citu piem\u0113rotu pamat\u0146u izl\u012bdzin\u0101\u0161anai un nivel\u0113\u0161anai pirms gr\u012bdas seguma iekl\u0101\u0161anas.\" \/>\n<meta name=\"robots\" content=\"index, follow, max-snippet:-1, max-image-preview:large, max-video-preview:-1\" \/>\n<link rel=\"canonical\" href=\"https:\/\/videstehnika.lv\/et\/katalogs\/buvmateriali-buvei-remontam-un-ieksdarbiem\/sausie-maisijumi-ara-darbiem-un-ieksdarbiem\/gridu-remonta-un-izlidzinosie-maisijumi\/ardex-k40-premium-pasizlidzinosais-maisijums-gridam\/\" \/>\n<meta property=\"og:locale\" content=\"et_EE\" \/>\n<meta property=\"og:type\" content=\"article\" \/>\n<meta property=\"og:title\" content=\"ARDEX K40 PREMIUM pa\u0161izl\u012bdzino\u0161ais mais\u012bjums gr\u012bd\u0101m &#8226; Vides Tehnika\" \/>\n<meta property=\"og:description\" content=\"Betona, smil\u0161betona, anhidr\u012bta klonu, terrazzo, eso\u0161u fl\u012b\u017eu un citu piem\u0113rotu pamat\u0146u izl\u012bdzin\u0101\u0161anai un nivel\u0113\u0161anai pirms gr\u012bdas seguma iekl\u0101\u0161anas.\" \/>\n<meta property=\"og:url\" content=\"https:\/\/videstehnika.lv\/katalogs\/buvmateriali-buvei-remontam-un-ieksdarbiem\/sausie-maisijumi-ara-darbiem-un-ieksdarbiem\/gridu-remonta-un-izlidzinosie-maisijumi\/ardex-k40-premium-pasizlidzinosais-maisijums-gridam\/\" \/>\n<meta property=\"og:site_name\" content=\"Vides Tehnika\" \/>\n<meta property=\"article:modified_time\" content=\"2025-11-20T10:20:08+00:00\" \/>\n<meta property=\"og:image\" content=\"https:\/\/videstehnika.lv\/wp-content\/uploads\/2025\/10\/ARDEX-K-40.png\" \/>\n\t<meta property=\"og:image:width\" content=\"594\" \/>\n\t<meta property=\"og:image:height\" content=\"640\" \/>\n\t<meta property=\"og:image:type\" content=\"image\/png\" \/>\n<meta name=\"twitter:card\" content=\"summary_large_image\" \/>\n<meta name=\"twitter:label1\" content=\"Est. reading time\" \/>\n\t<meta name=\"twitter:data1\" content=\"1 minut\" \/>\n<script type=\"application\/ld+json\" class=\"yoast-schema-graph\">{\"@context\":\"https:\/\/schema.org\",\"@graph\":[{\"@type\":\"WebPage\",\"@id\":\"https:\/\/videstehnika.lv\/katalogs\/buvmateriali-buvei-remontam-un-ieksdarbiem\/sausie-maisijumi-ara-darbiem-un-ieksdarbiem\/gridu-remonta-un-izlidzinosie-maisijumi\/ardex-k40-premium-pasizlidzinosais-maisijums-gridam\/\",\"url\":\"https:\/\/videstehnika.lv\/katalogs\/buvmateriali-buvei-remontam-un-ieksdarbiem\/sausie-maisijumi-ara-darbiem-un-ieksdarbiem\/gridu-remonta-un-izlidzinosie-maisijumi\/ardex-k40-premium-pasizlidzinosais-maisijums-gridam\/\",\"name\":\"ARDEX K40 PREMIUM pa\u0161izl\u012bdzino\u0161ais mais\u012bjums gr\u012bd\u0101m &#8226; Vides Tehnika\",\"isPartOf\":{\"@id\":\"https:\/\/videstehnika.lv\/et\/#website\"},\"primaryImageOfPage\":{\"@id\":\"https:\/\/videstehnika.lv\/katalogs\/buvmateriali-buvei-remontam-un-ieksdarbiem\/sausie-maisijumi-ara-darbiem-un-ieksdarbiem\/gridu-remonta-un-izlidzinosie-maisijumi\/ardex-k40-premium-pasizlidzinosais-maisijums-gridam\/#primaryimage\"},\"image\":{\"@id\":\"https:\/\/videstehnika.lv\/katalogs\/buvmateriali-buvei-remontam-un-ieksdarbiem\/sausie-maisijumi-ara-darbiem-un-ieksdarbiem\/gridu-remonta-un-izlidzinosie-maisijumi\/ardex-k40-premium-pasizlidzinosais-maisijums-gridam\/#primaryimage\"},\"thumbnailUrl\":\"https:\/\/videstehnika.lv\/wp-content\/uploads\/2025\/10\/ARDEX-K-40.png\",\"datePublished\":\"2025-10-24T13:07:37+00:00\",\"dateModified\":\"2025-11-20T10:20:08+00:00\",\"description\":\"Betona, smil\u0161betona, anhidr\u012bta klonu, terrazzo, eso\u0161u fl\u012b\u017eu un citu piem\u0113rotu pamat\u0146u izl\u012bdzin\u0101\u0161anai un nivel\u0113\u0161anai pirms gr\u012bdas seguma iekl\u0101\u0161anas.\",\"breadcrumb\":{\"@id\":\"https:\/\/videstehnika.lv\/katalogs\/buvmateriali-buvei-remontam-un-ieksdarbiem\/sausie-maisijumi-ara-darbiem-un-ieksdarbiem\/gridu-remonta-un-izlidzinosie-maisijumi\/ardex-k40-premium-pasizlidzinosais-maisijums-gridam\/#breadcrumb\"},\"inLanguage\":\"et\",\"potentialAction\":[{\"@type\":\"ReadAction\",\"target\":[\"https:\/\/videstehnika.lv\/katalogs\/buvmateriali-buvei-remontam-un-ieksdarbiem\/sausie-maisijumi-ara-darbiem-un-ieksdarbiem\/gridu-remonta-un-izlidzinosie-maisijumi\/ardex-k40-premium-pasizlidzinosais-maisijums-gridam\/\"]}]},{\"@type\":\"ImageObject\",\"inLanguage\":\"et\",\"@id\":\"https:\/\/videstehnika.lv\/katalogs\/buvmateriali-buvei-remontam-un-ieksdarbiem\/sausie-maisijumi-ara-darbiem-un-ieksdarbiem\/gridu-remonta-un-izlidzinosie-maisijumi\/ardex-k40-premium-pasizlidzinosais-maisijums-gridam\/#primaryimage\",\"url\":\"https:\/\/videstehnika.lv\/wp-content\/uploads\/2025\/10\/ARDEX-K-40.png\",\"contentUrl\":\"https:\/\/videstehnika.lv\/wp-content\/uploads\/2025\/10\/ARDEX-K-40.png\",\"width\":594,\"height\":640},{\"@type\":\"BreadcrumbList\",\"@id\":\"https:\/\/videstehnika.lv\/katalogs\/buvmateriali-buvei-remontam-un-ieksdarbiem\/sausie-maisijumi-ara-darbiem-un-ieksdarbiem\/gridu-remonta-un-izlidzinosie-maisijumi\/ardex-k40-premium-pasizlidzinosais-maisijums-gridam\/#breadcrumb\",\"itemListElement\":[{\"@type\":\"ListItem\",\"position\":1,\"name\":\"Home\",\"item\":\"https:\/\/videstehnika.lv\/et\/\"},{\"@type\":\"ListItem\",\"position\":2,\"name\":\"Kataloog\",\"item\":\"https:\/\/videstehnika.lv\/et\/kataloog\/\"},{\"@type\":\"ListItem\",\"position\":3,\"name\":\"ARDEX K40 PREMIUM pa\u0161izl\u012bdzino\u0161ais mais\u012bjums gr\u012bd\u0101m\"}]},{\"@type\":\"WebSite\",\"@id\":\"https:\/\/videstehnika.lv\/et\/#website\",\"url\":\"https:\/\/videstehnika.lv\/et\/\",\"name\":\"Vides Tehnika\",\"description\":\"\",\"potentialAction\":[{\"@type\":\"SearchAction\",\"target\":{\"@type\":\"EntryPoint\",\"urlTemplate\":\"https:\/\/videstehnika.lv\/et\/?s={search_term_string}\"},\"query-input\":{\"@type\":\"PropertyValueSpecification\",\"valueRequired\":true,\"valueName\":\"search_term_string\"}}],\"inLanguage\":\"et\"}]}<\/script>\n<!-- \/ Yoast SEO plugin. -->","yoast_head_json":{"title":"ARDEX K40 PREMIUM pa\u0161izl\u012bdzino\u0161ais mais\u012bjums gr\u012bd\u0101m &#8226; Vides Tehnika","description":"Betona, smil\u0161betona, anhidr\u012bta klonu, terrazzo, eso\u0161u fl\u012b\u017eu un citu piem\u0113rotu pamat\u0146u izl\u012bdzin\u0101\u0161anai un nivel\u0113\u0161anai pirms gr\u012bdas seguma iekl\u0101\u0161anas.","robots":{"index":"index","follow":"follow","max-snippet":"max-snippet:-1","max-image-preview":"max-image-preview:large","max-video-preview":"max-video-preview:-1"},"canonical":"https:\/\/videstehnika.lv\/et\/katalogs\/buvmateriali-buvei-remontam-un-ieksdarbiem\/sausie-maisijumi-ara-darbiem-un-ieksdarbiem\/gridu-remonta-un-izlidzinosie-maisijumi\/ardex-k40-premium-pasizlidzinosais-maisijums-gridam\/","og_locale":"et_EE","og_type":"article","og_title":"ARDEX K40 PREMIUM pa\u0161izl\u012bdzino\u0161ais mais\u012bjums gr\u012bd\u0101m &#8226; Vides Tehnika","og_description":"Betona, smil\u0161betona, anhidr\u012bta klonu, terrazzo, eso\u0161u fl\u012b\u017eu un citu piem\u0113rotu pamat\u0146u izl\u012bdzin\u0101\u0161anai un nivel\u0113\u0161anai pirms gr\u012bdas seguma iekl\u0101\u0161anas.","og_url":"https:\/\/videstehnika.lv\/katalogs\/buvmateriali-buvei-remontam-un-ieksdarbiem\/sausie-maisijumi-ara-darbiem-un-ieksdarbiem\/gridu-remonta-un-izlidzinosie-maisijumi\/ardex-k40-premium-pasizlidzinosais-maisijums-gridam\/","og_site_name":"Vides Tehnika","article_modified_time":"2025-11-20T10:20:08+00:00","og_image":[{"width":594,"height":640,"url":"https:\/\/videstehnika.lv\/wp-content\/uploads\/2025\/10\/ARDEX-K-40.png","type":"image\/png"}],"twitter_card":"summary_large_image","twitter_misc":{"Est. reading time":"1 minut"},"schema":{"@context":"https:\/\/schema.org","@graph":[{"@type":"WebPage","@id":"https:\/\/videstehnika.lv\/katalogs\/buvmateriali-buvei-remontam-un-ieksdarbiem\/sausie-maisijumi-ara-darbiem-un-ieksdarbiem\/gridu-remonta-un-izlidzinosie-maisijumi\/ardex-k40-premium-pasizlidzinosais-maisijums-gridam\/","url":"https:\/\/videstehnika.lv\/katalogs\/buvmateriali-buvei-remontam-un-ieksdarbiem\/sausie-maisijumi-ara-darbiem-un-ieksdarbiem\/gridu-remonta-un-izlidzinosie-maisijumi\/ardex-k40-premium-pasizlidzinosais-maisijums-gridam\/","name":"ARDEX K40 PREMIUM pa\u0161izl\u012bdzino\u0161ais mais\u012bjums gr\u012bd\u0101m &#8226; Vides Tehnika","isPartOf":{"@id":"https:\/\/videstehnika.lv\/et\/#website"},"primaryImageOfPage":{"@id":"https:\/\/videstehnika.lv\/katalogs\/buvmateriali-buvei-remontam-un-ieksdarbiem\/sausie-maisijumi-ara-darbiem-un-ieksdarbiem\/gridu-remonta-un-izlidzinosie-maisijumi\/ardex-k40-premium-pasizlidzinosais-maisijums-gridam\/#primaryimage"},"image":{"@id":"https:\/\/videstehnika.lv\/katalogs\/buvmateriali-buvei-remontam-un-ieksdarbiem\/sausie-maisijumi-ara-darbiem-un-ieksdarbiem\/gridu-remonta-un-izlidzinosie-maisijumi\/ardex-k40-premium-pasizlidzinosais-maisijums-gridam\/#primaryimage"},"thumbnailUrl":"https:\/\/videstehnika.lv\/wp-content\/uploads\/2025\/10\/ARDEX-K-40.png","datePublished":"2025-10-24T13:07:37+00:00","dateModified":"2025-11-20T10:20:08+00:00","description":"Betona, smil\u0161betona, anhidr\u012bta klonu, terrazzo, eso\u0161u fl\u012b\u017eu un citu piem\u0113rotu pamat\u0146u izl\u012bdzin\u0101\u0161anai un nivel\u0113\u0161anai pirms gr\u012bdas seguma iekl\u0101\u0161anas.","breadcrumb":{"@id":"https:\/\/videstehnika.lv\/katalogs\/buvmateriali-buvei-remontam-un-ieksdarbiem\/sausie-maisijumi-ara-darbiem-un-ieksdarbiem\/gridu-remonta-un-izlidzinosie-maisijumi\/ardex-k40-premium-pasizlidzinosais-maisijums-gridam\/#breadcrumb"},"inLanguage":"et","potentialAction":[{"@type":"ReadAction","target":["https:\/\/videstehnika.lv\/katalogs\/buvmateriali-buvei-remontam-un-ieksdarbiem\/sausie-maisijumi-ara-darbiem-un-ieksdarbiem\/gridu-remonta-un-izlidzinosie-maisijumi\/ardex-k40-premium-pasizlidzinosais-maisijums-gridam\/"]}]},{"@type":"ImageObject","inLanguage":"et","@id":"https:\/\/videstehnika.lv\/katalogs\/buvmateriali-buvei-remontam-un-ieksdarbiem\/sausie-maisijumi-ara-darbiem-un-ieksdarbiem\/gridu-remonta-un-izlidzinosie-maisijumi\/ardex-k40-premium-pasizlidzinosais-maisijums-gridam\/#primaryimage","url":"https:\/\/videstehnika.lv\/wp-content\/uploads\/2025\/10\/ARDEX-K-40.png","contentUrl":"https:\/\/videstehnika.lv\/wp-content\/uploads\/2025\/10\/ARDEX-K-40.png","width":594,"height":640},{"@type":"BreadcrumbList","@id":"https:\/\/videstehnika.lv\/katalogs\/buvmateriali-buvei-remontam-un-ieksdarbiem\/sausie-maisijumi-ara-darbiem-un-ieksdarbiem\/gridu-remonta-un-izlidzinosie-maisijumi\/ardex-k40-premium-pasizlidzinosais-maisijums-gridam\/#breadcrumb","itemListElement":[{"@type":"ListItem","position":1,"name":"Home","item":"https:\/\/videstehnika.lv\/et\/"},{"@type":"ListItem","position":2,"name":"Kataloog","item":"https:\/\/videstehnika.lv\/et\/kataloog\/"},{"@type":"ListItem","position":3,"name":"ARDEX K40 PREMIUM pa\u0161izl\u012bdzino\u0161ais mais\u012bjums gr\u012bd\u0101m"}]},{"@type":"WebSite","@id":"https:\/\/videstehnika.lv\/et\/#website","url":"https:\/\/videstehnika.lv\/et\/","name":"Vides Tehnika","description":"","potentialAction":[{"@type":"SearchAction","target":{"@type":"EntryPoint","urlTemplate":"https:\/\/videstehnika.lv\/et\/?s={search_term_string}"},"query-input":{"@type":"PropertyValueSpecification","valueRequired":true,"valueName":"search_term_string"}}],"inLanguage":"et"}]}},"_links":{"self":[{"href":"https:\/\/videstehnika.lv\/et\/wp-json\/wp\/v2\/product\/80154","targetHints":{"allow":["GET"]}}],"collection":[{"href":"https:\/\/videstehnika.lv\/et\/wp-json\/wp\/v2\/product"}],"about":[{"href":"https:\/\/videstehnika.lv\/et\/wp-json\/wp\/v2\/types\/product"}],"wp:featuredmedia":[{"embeddable":true,"href":"https:\/\/videstehnika.lv\/et\/wp-json\/wp\/v2\/media\/80155"}],"wp:attachment":[{"href":"https:\/\/videstehnika.lv\/et\/wp-json\/wp\/v2\/media?parent=80154"}],"wp:term":[{"taxonomy":"product_cat","embeddable":true,"href":"https:\/\/videstehnika.lv\/et\/wp-json\/wp\/v2\/product_cat?post=80154"},{"taxonomy":"product_tag","embeddable":true,"href":"https:\/\/videstehnika.lv\/et\/wp-json\/wp\/v2\/product_tag?post=80154"}],"curies":[{"name":"wp","href":"https:\/\/api.w.org\/{rel}","templated":true}]}}