{"id":80223,"date":"2025-10-24T16:47:28","date_gmt":"2025-10-24T13:47:28","guid":{"rendered":"https:\/\/videstehnika.lv\/?post_type=product&#038;p=80223"},"modified":"2025-11-20T12:16:53","modified_gmt":"2025-11-20T10:16:53","slug":"ardex-k301-pasizlidzinosais-maisijums-ara-darbiem","status":"publish","type":"product","link":"https:\/\/videstehnika.lv\/katalogs\/buvmateriali-buvei-remontam-un-ieksdarbiem\/sausie-maisijumi-ara-darbiem-un-ieksdarbiem\/gridu-remonta-un-izlidzinosie-maisijumi\/ardex-k301-pasizlidzinosais-maisijums-ara-darbiem\/","title":{"rendered":"ARDEX K301 pa\u0161izl\u012bdzino\u0161ais mais\u012bjums \u0101ra darbiem"},"content":{"rendered":"<h2>ARDEX K301 pa\u0161izl\u012bdzino\u0161ais mais\u012bjums \u0101ra darbiem<\/h2>\n<p>Iek\u0161darbiem un \u0101rdarbiem, gr\u012bd\u0101m.<br \/>\nCementa b\u0101ze.<br \/>\n<strong>3\u201320 mm biez\u0101m k\u0101rt\u0101m.<\/strong><br \/>\nPa\u0161izl\u012bdzino\u0161s.<br \/>\nIestr\u0101d\u0101jams ar\u012b meh\u0101niski.<br \/>\n<strong>Piem\u0113rots zem epoks\u012bda kr\u0101s\u0101m<\/strong>.<\/p>\n<h2>Pielietojums<\/h2>\n<p>Betona un citu piem\u0113rotu virsmu izl\u012bdzin\u0101\u0161anai un nivel\u0113\u0161anai. K\u0101 gal\u012bgo virsmu komerci\u0101l\u0101s un ra\u017eo\u0161anas viet\u0101s, piem\u0113ram, auto st\u0101vlaukumos, pagalmos gar\u0101\u017e\u0101s u.c. Gr\u012bdu izl\u012bdzin\u0101\u0161anai viet\u0101s, uz kur\u0101m iedarbojas mitrums un klimatiskie apst\u0101k\u013ci, piem\u0113ram, balkonos, teras\u0113s un baseinos pirms fl\u012bz\u0113\u0161anas vai cita seguma.<\/p>\n<h2>Pamatnes sagatavo\u0161ana<\/h2>\n<p>Pamatne var b\u016bt sausa vai mitra, bet tai ir j\u0101b\u016bt stingrai, ar lab\u0101m sa\u0137eres \u012bpa\u0161\u012bb\u0101m, att\u012br\u012btai no putek\u013ciem, net\u012brumiem, kr\u0101sas, apmetuma p\u0101rpalikumiem, ka\u013c\u0137u \u0161\u013cakat\u0101m un sa\u0137eri samazino\u0161\u0101m viel\u0101m. V\u0101jas virsmas da\u013cas ir j\u0101no\u0146em l\u012bdz stingrai virsmai. Gludas un bl\u012bvas pamatnes, k\u0101 ar\u012b absorb\u0113jo\u0161as pamatnes \u0101r\u0101 un telp\u0101s, kas pak\u013cautas mitrumam, grunt\u0113 ar ARDEX EP2000, kas p\u0101rkais\u012bti ar smilt\u012bm. Pamatnes saus\u0101s telp\u0101s, viet\u0101s ar nelielu slodzi (piem\u0113ram, noliktav\u0101s vai pagrabos) var grunt\u0113t ar ARDEX P51, at\u0161\u0137aid\u012btu ar \u016bdeni attiec\u012bb\u0101 1:1.<\/p>\n","protected":false},"excerpt":{"rendered":"<p>ARDEX K301 pa\u0161izl\u012bdzino\u0161ais mais\u012bjums \u0101ra darbiem Iek\u0161darbiem un \u0101rdarbiem, gr\u012bd\u0101m. Cementa b\u0101ze. 3\u201320 mm biez\u0101m k\u0101rt\u0101m. Pa\u0161izl\u012bdzino\u0161s. Iestr\u0101d\u0101jams ar\u012b meh\u0101niski.<\/p>\n","protected":false},"featured_media":80224,"template":"","meta":{"_acf_changed":false},"product_cat":[2055],"product_tag":[],"class_list":{"0":"post-80223","1":"product","2":"type-product","3":"status-publish","4":"has-post-thumbnail","6":"product_cat-gridu-remonta-un-izlidzinosie-maisijumi","8":"first","9":"onbackorder","10":"taxable","11":"shipping-taxable","12":"purchasable","13":"product-type-simple"},"acf":[],"yoast_head":"<!-- This site is optimized with the Yoast SEO plugin v24.2 - https:\/\/yoast.com\/wordpress\/plugins\/seo\/ -->\n<title>ARDEX K301 pa\u0161izl\u012bdzino\u0161ais mais\u012bjums \u0101ra darbiem &#8226; Vides Tehnika<\/title>\n<meta name=\"description\" content=\"Betona un citu piem\u0113rotu virsmu izl\u012bdzin\u0101\u0161anai un nivel\u0113\u0161anai. K\u0101 gal\u012bgo virsmu komerci\u0101l\u0101s un viet\u0101s, uz kur\u0101m iedarbojas mitrums un klimatiskie apst\u0101k\u013ci.\" \/>\n<meta name=\"robots\" content=\"index, follow, max-snippet:-1, max-image-preview:large, max-video-preview:-1\" \/>\n<link rel=\"canonical\" href=\"https:\/\/videstehnika.lv\/et\/katalogs\/buvmateriali-buvei-remontam-un-ieksdarbiem\/sausie-maisijumi-ara-darbiem-un-ieksdarbiem\/gridu-remonta-un-izlidzinosie-maisijumi\/ardex-k301-pasizlidzinosais-maisijums-ara-darbiem\/\" \/>\n<meta property=\"og:locale\" content=\"et_EE\" \/>\n<meta property=\"og:type\" content=\"article\" \/>\n<meta property=\"og:title\" content=\"ARDEX K301 pa\u0161izl\u012bdzino\u0161ais mais\u012bjums \u0101ra darbiem &#8226; Vides Tehnika\" \/>\n<meta property=\"og:description\" content=\"Betona un citu piem\u0113rotu virsmu izl\u012bdzin\u0101\u0161anai un nivel\u0113\u0161anai. K\u0101 gal\u012bgo virsmu komerci\u0101l\u0101s un viet\u0101s, uz kur\u0101m iedarbojas mitrums un klimatiskie apst\u0101k\u013ci.\" \/>\n<meta property=\"og:url\" content=\"https:\/\/videstehnika.lv\/katalogs\/buvmateriali-buvei-remontam-un-ieksdarbiem\/sausie-maisijumi-ara-darbiem-un-ieksdarbiem\/gridu-remonta-un-izlidzinosie-maisijumi\/ardex-k301-pasizlidzinosais-maisijums-ara-darbiem\/\" \/>\n<meta property=\"og:site_name\" content=\"Vides Tehnika\" \/>\n<meta property=\"article:modified_time\" content=\"2025-11-20T10:16:53+00:00\" \/>\n<meta property=\"og:image\" content=\"https:\/\/videstehnika.lv\/wp-content\/uploads\/2025\/10\/ARDEX-K-301-25-kg-low.png\" \/>\n\t<meta property=\"og:image:width\" content=\"594\" \/>\n\t<meta property=\"og:image:height\" content=\"640\" \/>\n\t<meta property=\"og:image:type\" content=\"image\/png\" \/>\n<meta name=\"twitter:card\" content=\"summary_large_image\" \/>\n<meta name=\"twitter:label1\" content=\"Est. reading time\" \/>\n\t<meta name=\"twitter:data1\" content=\"1 minut\" \/>\n<script type=\"application\/ld+json\" class=\"yoast-schema-graph\">{\"@context\":\"https:\/\/schema.org\",\"@graph\":[{\"@type\":\"WebPage\",\"@id\":\"https:\/\/videstehnika.lv\/katalogs\/buvmateriali-buvei-remontam-un-ieksdarbiem\/sausie-maisijumi-ara-darbiem-un-ieksdarbiem\/gridu-remonta-un-izlidzinosie-maisijumi\/ardex-k301-pasizlidzinosais-maisijums-ara-darbiem\/\",\"url\":\"https:\/\/videstehnika.lv\/katalogs\/buvmateriali-buvei-remontam-un-ieksdarbiem\/sausie-maisijumi-ara-darbiem-un-ieksdarbiem\/gridu-remonta-un-izlidzinosie-maisijumi\/ardex-k301-pasizlidzinosais-maisijums-ara-darbiem\/\",\"name\":\"ARDEX K301 pa\u0161izl\u012bdzino\u0161ais mais\u012bjums \u0101ra darbiem &#8226; Vides Tehnika\",\"isPartOf\":{\"@id\":\"https:\/\/videstehnika.lv\/et\/#website\"},\"primaryImageOfPage\":{\"@id\":\"https:\/\/videstehnika.lv\/katalogs\/buvmateriali-buvei-remontam-un-ieksdarbiem\/sausie-maisijumi-ara-darbiem-un-ieksdarbiem\/gridu-remonta-un-izlidzinosie-maisijumi\/ardex-k301-pasizlidzinosais-maisijums-ara-darbiem\/#primaryimage\"},\"image\":{\"@id\":\"https:\/\/videstehnika.lv\/katalogs\/buvmateriali-buvei-remontam-un-ieksdarbiem\/sausie-maisijumi-ara-darbiem-un-ieksdarbiem\/gridu-remonta-un-izlidzinosie-maisijumi\/ardex-k301-pasizlidzinosais-maisijums-ara-darbiem\/#primaryimage\"},\"thumbnailUrl\":\"https:\/\/videstehnika.lv\/wp-content\/uploads\/2025\/10\/ARDEX-K-301-25-kg-low.png\",\"datePublished\":\"2025-10-24T13:47:28+00:00\",\"dateModified\":\"2025-11-20T10:16:53+00:00\",\"description\":\"Betona un citu piem\u0113rotu virsmu izl\u012bdzin\u0101\u0161anai un nivel\u0113\u0161anai. K\u0101 gal\u012bgo virsmu komerci\u0101l\u0101s un viet\u0101s, uz kur\u0101m iedarbojas mitrums un klimatiskie apst\u0101k\u013ci.\",\"breadcrumb\":{\"@id\":\"https:\/\/videstehnika.lv\/katalogs\/buvmateriali-buvei-remontam-un-ieksdarbiem\/sausie-maisijumi-ara-darbiem-un-ieksdarbiem\/gridu-remonta-un-izlidzinosie-maisijumi\/ardex-k301-pasizlidzinosais-maisijums-ara-darbiem\/#breadcrumb\"},\"inLanguage\":\"et\",\"potentialAction\":[{\"@type\":\"ReadAction\",\"target\":[\"https:\/\/videstehnika.lv\/katalogs\/buvmateriali-buvei-remontam-un-ieksdarbiem\/sausie-maisijumi-ara-darbiem-un-ieksdarbiem\/gridu-remonta-un-izlidzinosie-maisijumi\/ardex-k301-pasizlidzinosais-maisijums-ara-darbiem\/\"]}]},{\"@type\":\"ImageObject\",\"inLanguage\":\"et\",\"@id\":\"https:\/\/videstehnika.lv\/katalogs\/buvmateriali-buvei-remontam-un-ieksdarbiem\/sausie-maisijumi-ara-darbiem-un-ieksdarbiem\/gridu-remonta-un-izlidzinosie-maisijumi\/ardex-k301-pasizlidzinosais-maisijums-ara-darbiem\/#primaryimage\",\"url\":\"https:\/\/videstehnika.lv\/wp-content\/uploads\/2025\/10\/ARDEX-K-301-25-kg-low.png\",\"contentUrl\":\"https:\/\/videstehnika.lv\/wp-content\/uploads\/2025\/10\/ARDEX-K-301-25-kg-low.png\",\"width\":594,\"height\":640},{\"@type\":\"BreadcrumbList\",\"@id\":\"https:\/\/videstehnika.lv\/katalogs\/buvmateriali-buvei-remontam-un-ieksdarbiem\/sausie-maisijumi-ara-darbiem-un-ieksdarbiem\/gridu-remonta-un-izlidzinosie-maisijumi\/ardex-k301-pasizlidzinosais-maisijums-ara-darbiem\/#breadcrumb\",\"itemListElement\":[{\"@type\":\"ListItem\",\"position\":1,\"name\":\"Home\",\"item\":\"https:\/\/videstehnika.lv\/et\/\"},{\"@type\":\"ListItem\",\"position\":2,\"name\":\"Kataloog\",\"item\":\"https:\/\/videstehnika.lv\/et\/kataloog\/\"},{\"@type\":\"ListItem\",\"position\":3,\"name\":\"ARDEX K301 pa\u0161izl\u012bdzino\u0161ais mais\u012bjums \u0101ra darbiem\"}]},{\"@type\":\"WebSite\",\"@id\":\"https:\/\/videstehnika.lv\/et\/#website\",\"url\":\"https:\/\/videstehnika.lv\/et\/\",\"name\":\"Vides Tehnika\",\"description\":\"\",\"potentialAction\":[{\"@type\":\"SearchAction\",\"target\":{\"@type\":\"EntryPoint\",\"urlTemplate\":\"https:\/\/videstehnika.lv\/et\/?s={search_term_string}\"},\"query-input\":{\"@type\":\"PropertyValueSpecification\",\"valueRequired\":true,\"valueName\":\"search_term_string\"}}],\"inLanguage\":\"et\"}]}<\/script>\n<!-- \/ Yoast SEO plugin. -->","yoast_head_json":{"title":"ARDEX K301 pa\u0161izl\u012bdzino\u0161ais mais\u012bjums \u0101ra darbiem &#8226; Vides Tehnika","description":"Betona un citu piem\u0113rotu virsmu izl\u012bdzin\u0101\u0161anai un nivel\u0113\u0161anai. K\u0101 gal\u012bgo virsmu komerci\u0101l\u0101s un viet\u0101s, uz kur\u0101m iedarbojas mitrums un klimatiskie apst\u0101k\u013ci.","robots":{"index":"index","follow":"follow","max-snippet":"max-snippet:-1","max-image-preview":"max-image-preview:large","max-video-preview":"max-video-preview:-1"},"canonical":"https:\/\/videstehnika.lv\/et\/katalogs\/buvmateriali-buvei-remontam-un-ieksdarbiem\/sausie-maisijumi-ara-darbiem-un-ieksdarbiem\/gridu-remonta-un-izlidzinosie-maisijumi\/ardex-k301-pasizlidzinosais-maisijums-ara-darbiem\/","og_locale":"et_EE","og_type":"article","og_title":"ARDEX K301 pa\u0161izl\u012bdzino\u0161ais mais\u012bjums \u0101ra darbiem &#8226; Vides Tehnika","og_description":"Betona un citu piem\u0113rotu virsmu izl\u012bdzin\u0101\u0161anai un nivel\u0113\u0161anai. K\u0101 gal\u012bgo virsmu komerci\u0101l\u0101s un viet\u0101s, uz kur\u0101m iedarbojas mitrums un klimatiskie apst\u0101k\u013ci.","og_url":"https:\/\/videstehnika.lv\/katalogs\/buvmateriali-buvei-remontam-un-ieksdarbiem\/sausie-maisijumi-ara-darbiem-un-ieksdarbiem\/gridu-remonta-un-izlidzinosie-maisijumi\/ardex-k301-pasizlidzinosais-maisijums-ara-darbiem\/","og_site_name":"Vides Tehnika","article_modified_time":"2025-11-20T10:16:53+00:00","og_image":[{"width":594,"height":640,"url":"https:\/\/videstehnika.lv\/wp-content\/uploads\/2025\/10\/ARDEX-K-301-25-kg-low.png","type":"image\/png"}],"twitter_card":"summary_large_image","twitter_misc":{"Est. reading time":"1 minut"},"schema":{"@context":"https:\/\/schema.org","@graph":[{"@type":"WebPage","@id":"https:\/\/videstehnika.lv\/katalogs\/buvmateriali-buvei-remontam-un-ieksdarbiem\/sausie-maisijumi-ara-darbiem-un-ieksdarbiem\/gridu-remonta-un-izlidzinosie-maisijumi\/ardex-k301-pasizlidzinosais-maisijums-ara-darbiem\/","url":"https:\/\/videstehnika.lv\/katalogs\/buvmateriali-buvei-remontam-un-ieksdarbiem\/sausie-maisijumi-ara-darbiem-un-ieksdarbiem\/gridu-remonta-un-izlidzinosie-maisijumi\/ardex-k301-pasizlidzinosais-maisijums-ara-darbiem\/","name":"ARDEX K301 pa\u0161izl\u012bdzino\u0161ais mais\u012bjums \u0101ra darbiem &#8226; Vides Tehnika","isPartOf":{"@id":"https:\/\/videstehnika.lv\/et\/#website"},"primaryImageOfPage":{"@id":"https:\/\/videstehnika.lv\/katalogs\/buvmateriali-buvei-remontam-un-ieksdarbiem\/sausie-maisijumi-ara-darbiem-un-ieksdarbiem\/gridu-remonta-un-izlidzinosie-maisijumi\/ardex-k301-pasizlidzinosais-maisijums-ara-darbiem\/#primaryimage"},"image":{"@id":"https:\/\/videstehnika.lv\/katalogs\/buvmateriali-buvei-remontam-un-ieksdarbiem\/sausie-maisijumi-ara-darbiem-un-ieksdarbiem\/gridu-remonta-un-izlidzinosie-maisijumi\/ardex-k301-pasizlidzinosais-maisijums-ara-darbiem\/#primaryimage"},"thumbnailUrl":"https:\/\/videstehnika.lv\/wp-content\/uploads\/2025\/10\/ARDEX-K-301-25-kg-low.png","datePublished":"2025-10-24T13:47:28+00:00","dateModified":"2025-11-20T10:16:53+00:00","description":"Betona un citu piem\u0113rotu virsmu izl\u012bdzin\u0101\u0161anai un nivel\u0113\u0161anai. K\u0101 gal\u012bgo virsmu komerci\u0101l\u0101s un viet\u0101s, uz kur\u0101m iedarbojas mitrums un klimatiskie apst\u0101k\u013ci.","breadcrumb":{"@id":"https:\/\/videstehnika.lv\/katalogs\/buvmateriali-buvei-remontam-un-ieksdarbiem\/sausie-maisijumi-ara-darbiem-un-ieksdarbiem\/gridu-remonta-un-izlidzinosie-maisijumi\/ardex-k301-pasizlidzinosais-maisijums-ara-darbiem\/#breadcrumb"},"inLanguage":"et","potentialAction":[{"@type":"ReadAction","target":["https:\/\/videstehnika.lv\/katalogs\/buvmateriali-buvei-remontam-un-ieksdarbiem\/sausie-maisijumi-ara-darbiem-un-ieksdarbiem\/gridu-remonta-un-izlidzinosie-maisijumi\/ardex-k301-pasizlidzinosais-maisijums-ara-darbiem\/"]}]},{"@type":"ImageObject","inLanguage":"et","@id":"https:\/\/videstehnika.lv\/katalogs\/buvmateriali-buvei-remontam-un-ieksdarbiem\/sausie-maisijumi-ara-darbiem-un-ieksdarbiem\/gridu-remonta-un-izlidzinosie-maisijumi\/ardex-k301-pasizlidzinosais-maisijums-ara-darbiem\/#primaryimage","url":"https:\/\/videstehnika.lv\/wp-content\/uploads\/2025\/10\/ARDEX-K-301-25-kg-low.png","contentUrl":"https:\/\/videstehnika.lv\/wp-content\/uploads\/2025\/10\/ARDEX-K-301-25-kg-low.png","width":594,"height":640},{"@type":"BreadcrumbList","@id":"https:\/\/videstehnika.lv\/katalogs\/buvmateriali-buvei-remontam-un-ieksdarbiem\/sausie-maisijumi-ara-darbiem-un-ieksdarbiem\/gridu-remonta-un-izlidzinosie-maisijumi\/ardex-k301-pasizlidzinosais-maisijums-ara-darbiem\/#breadcrumb","itemListElement":[{"@type":"ListItem","position":1,"name":"Home","item":"https:\/\/videstehnika.lv\/et\/"},{"@type":"ListItem","position":2,"name":"Kataloog","item":"https:\/\/videstehnika.lv\/et\/kataloog\/"},{"@type":"ListItem","position":3,"name":"ARDEX K301 pa\u0161izl\u012bdzino\u0161ais mais\u012bjums \u0101ra darbiem"}]},{"@type":"WebSite","@id":"https:\/\/videstehnika.lv\/et\/#website","url":"https:\/\/videstehnika.lv\/et\/","name":"Vides Tehnika","description":"","potentialAction":[{"@type":"SearchAction","target":{"@type":"EntryPoint","urlTemplate":"https:\/\/videstehnika.lv\/et\/?s={search_term_string}"},"query-input":{"@type":"PropertyValueSpecification","valueRequired":true,"valueName":"search_term_string"}}],"inLanguage":"et"}]}},"_links":{"self":[{"href":"https:\/\/videstehnika.lv\/et\/wp-json\/wp\/v2\/product\/80223","targetHints":{"allow":["GET"]}}],"collection":[{"href":"https:\/\/videstehnika.lv\/et\/wp-json\/wp\/v2\/product"}],"about":[{"href":"https:\/\/videstehnika.lv\/et\/wp-json\/wp\/v2\/types\/product"}],"wp:featuredmedia":[{"embeddable":true,"href":"https:\/\/videstehnika.lv\/et\/wp-json\/wp\/v2\/media\/80224"}],"wp:attachment":[{"href":"https:\/\/videstehnika.lv\/et\/wp-json\/wp\/v2\/media?parent=80223"}],"wp:term":[{"taxonomy":"product_cat","embeddable":true,"href":"https:\/\/videstehnika.lv\/et\/wp-json\/wp\/v2\/product_cat?post=80223"},{"taxonomy":"product_tag","embeddable":true,"href":"https:\/\/videstehnika.lv\/et\/wp-json\/wp\/v2\/product_tag?post=80223"}],"curies":[{"name":"wp","href":"https:\/\/api.w.org\/{rel}","templated":true}]}}