{"id":80709,"date":"2025-10-27T15:55:12","date_gmt":"2025-10-27T13:55:12","guid":{"rendered":"https:\/\/videstehnika.lv\/?post_type=product&#038;p=80709"},"modified":"2025-11-20T11:58:05","modified_gmt":"2025-11-20T09:58:05","slug":"ardex-wa-epoksida-lime-r2-te","status":"publish","type":"product","link":"https:\/\/videstehnika.lv\/katalogs\/buvmateriali-buvei-remontam-un-ieksdarbiem\/sausie-maisijumi-ara-darbiem-un-ieksdarbiem\/flizu-limes-uz-cementa-bazes\/ardex-wa-epoksida-lime-r2-te\/","title":{"rendered":"ARDEX WA epoks\u012bda l\u012bme (R2\/TE)"},"content":{"rendered":"<h2>ARDEX WA epoks\u012bda l\u012bme (R2\/TE)<\/h2>\n<p>Iek\u0161darbiem un \u0101rdarbiem, sien\u0101m un gr\u012bd\u0101m.<br \/>\nIztur\u012bga pret \u0137\u012bmisk\u0101m un meh\u0101nisk\u0101m slodz\u0113m.<\/p>\n<p>Meh\u0101nisk\u0101 iztur\u012bba: staig\u0101\u0161anai jau p\u0113c 12 stund\u0101m, un pilnai meh\u0101niskai slodzei jau p\u0113c 24 stund\u0101m.<\/p>\n<p>\u0136\u012bmisk\u0101 iztur\u012bba: p\u0113c saciet\u0113\u0161anas ARDEX WA ir iztur\u012bga pret hlor\u0113tu \u016bdeni, parastajiem t\u012br\u012b\u0161anas l\u012bdzek\u013ciem, s\u0101\u013cu \u0161\u0137\u012bdumiem, miner\u0101le\u013c\u013cu, taukviel\u0101m, s\u0101rmiem, aug\u013cu sul\u0101m u.c. \u0137\u012bmisk\u0101m viel\u0101m (skat\u012bt tehnisko aprakstu). Pilna \u0137\u012bmisk\u0101 notur\u012bba tiek sasniegta p\u0113c 7 dien\u0101m, ja temperat\u016bra ir no +18 C l\u012bdz +20 C.<\/p>\n<h2>Pielietojums<\/h2>\n<p>Keramikas, akmens masas un klinkera un moza\u012bkas piel\u012bm\u0113\u0161anai viet\u0101s ar paaugstin\u0101t\u0101m \u0137\u012bmisk\u0101m un meh\u0101nisk\u0101m slodz\u0113m tajos gad\u012bjumos, kad miner\u0101l\u0101s javas nav piem\u0113rotas dotaj\u0101m slodz\u0113m, piem\u0113ram, kautuv\u0113s, alus dar\u012btav\u0101s, pienotav\u0101s, virtuv\u0113s, baseinos un citur kur izvirz\u012btas augstas \u0137\u012bmisk\u0101s un meh\u0101nisk\u0101s iztur\u012bbas pras\u012bbas.<br \/>\nIzstr\u0101des temperat\u016bra: +10 \u2013 +30\u00b0C<\/p>\n<p><strong>Klasifik\u0101cija:<\/strong><br \/>\nR2\/TE atbilsto\u0161i EN 12004<\/p>\n","protected":false},"excerpt":{"rendered":"<p>ARDEX WA epoks\u012bda l\u012bme (R2\/TE) Iek\u0161darbiem un \u0101rdarbiem, sien\u0101m un gr\u012bd\u0101m. Iztur\u012bga pret \u0137\u012bmisk\u0101m un meh\u0101nisk\u0101m slodz\u0113m. Meh\u0101nisk\u0101 iztur\u012bba: staig\u0101\u0161anai<\/p>\n","protected":false},"featured_media":80730,"template":"","meta":{"_acf_changed":false},"product_cat":[2057],"product_tag":[],"class_list":{"0":"post-80709","1":"product","2":"type-product","3":"status-publish","4":"has-post-thumbnail","6":"product_cat-flizu-limes-uz-cementa-bazes","8":"first","9":"onbackorder","10":"taxable","11":"shipping-taxable","12":"purchasable","13":"product-type-simple"},"acf":[],"yoast_head":"<!-- This site is optimized with the Yoast SEO plugin v24.2 - https:\/\/yoast.com\/wordpress\/plugins\/seo\/ -->\n<title>ARDEX WA epoks\u012bda l\u012bme (R2\/TE) &#8226; Vides Tehnika<\/title>\n<meta name=\"description\" content=\"ARDEX WA epoks\u012bda l\u012bme (R2\/TE). Iek\u0161darbiem un \u0101rdarbiem, sien\u0101m un gr\u012bd\u0101m. Iztur\u012bga pret \u0137\u012bmisk\u0101m un meh\u0101nisk\u0101m slodz\u0113m.\" \/>\n<meta name=\"robots\" content=\"index, follow, max-snippet:-1, max-image-preview:large, max-video-preview:-1\" \/>\n<link rel=\"canonical\" href=\"https:\/\/videstehnika.lv\/et\/katalogs\/buvmateriali-buvei-remontam-un-ieksdarbiem\/sausie-maisijumi-ara-darbiem-un-ieksdarbiem\/flizu-limes-uz-cementa-bazes\/ardex-wa-epoksida-lime-r2-te\/\" \/>\n<meta property=\"og:locale\" content=\"et_EE\" \/>\n<meta property=\"og:type\" content=\"article\" \/>\n<meta property=\"og:title\" content=\"ARDEX WA epoks\u012bda l\u012bme (R2\/TE) &#8226; Vides Tehnika\" \/>\n<meta property=\"og:description\" content=\"ARDEX WA epoks\u012bda l\u012bme (R2\/TE). Iek\u0161darbiem un \u0101rdarbiem, sien\u0101m un gr\u012bd\u0101m. Iztur\u012bga pret \u0137\u012bmisk\u0101m un meh\u0101nisk\u0101m slodz\u0113m.\" \/>\n<meta property=\"og:url\" content=\"https:\/\/videstehnika.lv\/katalogs\/buvmateriali-buvei-remontam-un-ieksdarbiem\/sausie-maisijumi-ara-darbiem-un-ieksdarbiem\/flizu-limes-uz-cementa-bazes\/ardex-wa-epoksida-lime-r2-te\/\" \/>\n<meta property=\"og:site_name\" content=\"Vides Tehnika\" \/>\n<meta property=\"article:modified_time\" content=\"2025-11-20T09:58:05+00:00\" \/>\n<meta property=\"og:image\" content=\"https:\/\/videstehnika.lv\/wp-content\/uploads\/2025\/10\/ARDEX-WA-klaeber-web.png\" \/>\n\t<meta property=\"og:image:width\" content=\"1444\" \/>\n\t<meta property=\"og:image:height\" content=\"1500\" \/>\n\t<meta property=\"og:image:type\" content=\"image\/png\" \/>\n<meta name=\"twitter:card\" content=\"summary_large_image\" \/>\n<meta name=\"twitter:label1\" content=\"Est. reading time\" \/>\n\t<meta name=\"twitter:data1\" content=\"1 minut\" \/>\n<script type=\"application\/ld+json\" class=\"yoast-schema-graph\">{\"@context\":\"https:\/\/schema.org\",\"@graph\":[{\"@type\":\"WebPage\",\"@id\":\"https:\/\/videstehnika.lv\/katalogs\/buvmateriali-buvei-remontam-un-ieksdarbiem\/sausie-maisijumi-ara-darbiem-un-ieksdarbiem\/flizu-limes-uz-cementa-bazes\/ardex-wa-epoksida-lime-r2-te\/\",\"url\":\"https:\/\/videstehnika.lv\/katalogs\/buvmateriali-buvei-remontam-un-ieksdarbiem\/sausie-maisijumi-ara-darbiem-un-ieksdarbiem\/flizu-limes-uz-cementa-bazes\/ardex-wa-epoksida-lime-r2-te\/\",\"name\":\"ARDEX WA epoks\u012bda l\u012bme (R2\/TE) &#8226; Vides Tehnika\",\"isPartOf\":{\"@id\":\"https:\/\/videstehnika.lv\/et\/#website\"},\"primaryImageOfPage\":{\"@id\":\"https:\/\/videstehnika.lv\/katalogs\/buvmateriali-buvei-remontam-un-ieksdarbiem\/sausie-maisijumi-ara-darbiem-un-ieksdarbiem\/flizu-limes-uz-cementa-bazes\/ardex-wa-epoksida-lime-r2-te\/#primaryimage\"},\"image\":{\"@id\":\"https:\/\/videstehnika.lv\/katalogs\/buvmateriali-buvei-remontam-un-ieksdarbiem\/sausie-maisijumi-ara-darbiem-un-ieksdarbiem\/flizu-limes-uz-cementa-bazes\/ardex-wa-epoksida-lime-r2-te\/#primaryimage\"},\"thumbnailUrl\":\"https:\/\/videstehnika.lv\/wp-content\/uploads\/2025\/10\/ARDEX-WA-klaeber-web.png\",\"datePublished\":\"2025-10-27T13:55:12+00:00\",\"dateModified\":\"2025-11-20T09:58:05+00:00\",\"description\":\"ARDEX WA epoks\u012bda l\u012bme (R2\/TE). Iek\u0161darbiem un \u0101rdarbiem, sien\u0101m un gr\u012bd\u0101m. Iztur\u012bga pret \u0137\u012bmisk\u0101m un meh\u0101nisk\u0101m slodz\u0113m.\",\"breadcrumb\":{\"@id\":\"https:\/\/videstehnika.lv\/katalogs\/buvmateriali-buvei-remontam-un-ieksdarbiem\/sausie-maisijumi-ara-darbiem-un-ieksdarbiem\/flizu-limes-uz-cementa-bazes\/ardex-wa-epoksida-lime-r2-te\/#breadcrumb\"},\"inLanguage\":\"et\",\"potentialAction\":[{\"@type\":\"ReadAction\",\"target\":[\"https:\/\/videstehnika.lv\/katalogs\/buvmateriali-buvei-remontam-un-ieksdarbiem\/sausie-maisijumi-ara-darbiem-un-ieksdarbiem\/flizu-limes-uz-cementa-bazes\/ardex-wa-epoksida-lime-r2-te\/\"]}]},{\"@type\":\"ImageObject\",\"inLanguage\":\"et\",\"@id\":\"https:\/\/videstehnika.lv\/katalogs\/buvmateriali-buvei-remontam-un-ieksdarbiem\/sausie-maisijumi-ara-darbiem-un-ieksdarbiem\/flizu-limes-uz-cementa-bazes\/ardex-wa-epoksida-lime-r2-te\/#primaryimage\",\"url\":\"https:\/\/videstehnika.lv\/wp-content\/uploads\/2025\/10\/ARDEX-WA-klaeber-web.png\",\"contentUrl\":\"https:\/\/videstehnika.lv\/wp-content\/uploads\/2025\/10\/ARDEX-WA-klaeber-web.png\",\"width\":1444,\"height\":1500},{\"@type\":\"BreadcrumbList\",\"@id\":\"https:\/\/videstehnika.lv\/katalogs\/buvmateriali-buvei-remontam-un-ieksdarbiem\/sausie-maisijumi-ara-darbiem-un-ieksdarbiem\/flizu-limes-uz-cementa-bazes\/ardex-wa-epoksida-lime-r2-te\/#breadcrumb\",\"itemListElement\":[{\"@type\":\"ListItem\",\"position\":1,\"name\":\"Home\",\"item\":\"https:\/\/videstehnika.lv\/et\/\"},{\"@type\":\"ListItem\",\"position\":2,\"name\":\"Kataloog\",\"item\":\"https:\/\/videstehnika.lv\/et\/kataloog\/\"},{\"@type\":\"ListItem\",\"position\":3,\"name\":\"ARDEX WA epoks\u012bda l\u012bme (R2\/TE)\"}]},{\"@type\":\"WebSite\",\"@id\":\"https:\/\/videstehnika.lv\/et\/#website\",\"url\":\"https:\/\/videstehnika.lv\/et\/\",\"name\":\"Vides Tehnika\",\"description\":\"\",\"potentialAction\":[{\"@type\":\"SearchAction\",\"target\":{\"@type\":\"EntryPoint\",\"urlTemplate\":\"https:\/\/videstehnika.lv\/et\/?s={search_term_string}\"},\"query-input\":{\"@type\":\"PropertyValueSpecification\",\"valueRequired\":true,\"valueName\":\"search_term_string\"}}],\"inLanguage\":\"et\"}]}<\/script>\n<!-- \/ Yoast SEO plugin. -->","yoast_head_json":{"title":"ARDEX WA epoks\u012bda l\u012bme (R2\/TE) &#8226; Vides Tehnika","description":"ARDEX WA epoks\u012bda l\u012bme (R2\/TE). Iek\u0161darbiem un \u0101rdarbiem, sien\u0101m un gr\u012bd\u0101m. Iztur\u012bga pret \u0137\u012bmisk\u0101m un meh\u0101nisk\u0101m slodz\u0113m.","robots":{"index":"index","follow":"follow","max-snippet":"max-snippet:-1","max-image-preview":"max-image-preview:large","max-video-preview":"max-video-preview:-1"},"canonical":"https:\/\/videstehnika.lv\/et\/katalogs\/buvmateriali-buvei-remontam-un-ieksdarbiem\/sausie-maisijumi-ara-darbiem-un-ieksdarbiem\/flizu-limes-uz-cementa-bazes\/ardex-wa-epoksida-lime-r2-te\/","og_locale":"et_EE","og_type":"article","og_title":"ARDEX WA epoks\u012bda l\u012bme (R2\/TE) &#8226; Vides Tehnika","og_description":"ARDEX WA epoks\u012bda l\u012bme (R2\/TE). Iek\u0161darbiem un \u0101rdarbiem, sien\u0101m un gr\u012bd\u0101m. Iztur\u012bga pret \u0137\u012bmisk\u0101m un meh\u0101nisk\u0101m slodz\u0113m.","og_url":"https:\/\/videstehnika.lv\/katalogs\/buvmateriali-buvei-remontam-un-ieksdarbiem\/sausie-maisijumi-ara-darbiem-un-ieksdarbiem\/flizu-limes-uz-cementa-bazes\/ardex-wa-epoksida-lime-r2-te\/","og_site_name":"Vides Tehnika","article_modified_time":"2025-11-20T09:58:05+00:00","og_image":[{"width":1444,"height":1500,"url":"https:\/\/videstehnika.lv\/wp-content\/uploads\/2025\/10\/ARDEX-WA-klaeber-web.png","type":"image\/png"}],"twitter_card":"summary_large_image","twitter_misc":{"Est. reading time":"1 minut"},"schema":{"@context":"https:\/\/schema.org","@graph":[{"@type":"WebPage","@id":"https:\/\/videstehnika.lv\/katalogs\/buvmateriali-buvei-remontam-un-ieksdarbiem\/sausie-maisijumi-ara-darbiem-un-ieksdarbiem\/flizu-limes-uz-cementa-bazes\/ardex-wa-epoksida-lime-r2-te\/","url":"https:\/\/videstehnika.lv\/katalogs\/buvmateriali-buvei-remontam-un-ieksdarbiem\/sausie-maisijumi-ara-darbiem-un-ieksdarbiem\/flizu-limes-uz-cementa-bazes\/ardex-wa-epoksida-lime-r2-te\/","name":"ARDEX WA epoks\u012bda l\u012bme (R2\/TE) &#8226; Vides Tehnika","isPartOf":{"@id":"https:\/\/videstehnika.lv\/et\/#website"},"primaryImageOfPage":{"@id":"https:\/\/videstehnika.lv\/katalogs\/buvmateriali-buvei-remontam-un-ieksdarbiem\/sausie-maisijumi-ara-darbiem-un-ieksdarbiem\/flizu-limes-uz-cementa-bazes\/ardex-wa-epoksida-lime-r2-te\/#primaryimage"},"image":{"@id":"https:\/\/videstehnika.lv\/katalogs\/buvmateriali-buvei-remontam-un-ieksdarbiem\/sausie-maisijumi-ara-darbiem-un-ieksdarbiem\/flizu-limes-uz-cementa-bazes\/ardex-wa-epoksida-lime-r2-te\/#primaryimage"},"thumbnailUrl":"https:\/\/videstehnika.lv\/wp-content\/uploads\/2025\/10\/ARDEX-WA-klaeber-web.png","datePublished":"2025-10-27T13:55:12+00:00","dateModified":"2025-11-20T09:58:05+00:00","description":"ARDEX WA epoks\u012bda l\u012bme (R2\/TE). Iek\u0161darbiem un \u0101rdarbiem, sien\u0101m un gr\u012bd\u0101m. Iztur\u012bga pret \u0137\u012bmisk\u0101m un meh\u0101nisk\u0101m slodz\u0113m.","breadcrumb":{"@id":"https:\/\/videstehnika.lv\/katalogs\/buvmateriali-buvei-remontam-un-ieksdarbiem\/sausie-maisijumi-ara-darbiem-un-ieksdarbiem\/flizu-limes-uz-cementa-bazes\/ardex-wa-epoksida-lime-r2-te\/#breadcrumb"},"inLanguage":"et","potentialAction":[{"@type":"ReadAction","target":["https:\/\/videstehnika.lv\/katalogs\/buvmateriali-buvei-remontam-un-ieksdarbiem\/sausie-maisijumi-ara-darbiem-un-ieksdarbiem\/flizu-limes-uz-cementa-bazes\/ardex-wa-epoksida-lime-r2-te\/"]}]},{"@type":"ImageObject","inLanguage":"et","@id":"https:\/\/videstehnika.lv\/katalogs\/buvmateriali-buvei-remontam-un-ieksdarbiem\/sausie-maisijumi-ara-darbiem-un-ieksdarbiem\/flizu-limes-uz-cementa-bazes\/ardex-wa-epoksida-lime-r2-te\/#primaryimage","url":"https:\/\/videstehnika.lv\/wp-content\/uploads\/2025\/10\/ARDEX-WA-klaeber-web.png","contentUrl":"https:\/\/videstehnika.lv\/wp-content\/uploads\/2025\/10\/ARDEX-WA-klaeber-web.png","width":1444,"height":1500},{"@type":"BreadcrumbList","@id":"https:\/\/videstehnika.lv\/katalogs\/buvmateriali-buvei-remontam-un-ieksdarbiem\/sausie-maisijumi-ara-darbiem-un-ieksdarbiem\/flizu-limes-uz-cementa-bazes\/ardex-wa-epoksida-lime-r2-te\/#breadcrumb","itemListElement":[{"@type":"ListItem","position":1,"name":"Home","item":"https:\/\/videstehnika.lv\/et\/"},{"@type":"ListItem","position":2,"name":"Kataloog","item":"https:\/\/videstehnika.lv\/et\/kataloog\/"},{"@type":"ListItem","position":3,"name":"ARDEX WA epoks\u012bda l\u012bme (R2\/TE)"}]},{"@type":"WebSite","@id":"https:\/\/videstehnika.lv\/et\/#website","url":"https:\/\/videstehnika.lv\/et\/","name":"Vides Tehnika","description":"","potentialAction":[{"@type":"SearchAction","target":{"@type":"EntryPoint","urlTemplate":"https:\/\/videstehnika.lv\/et\/?s={search_term_string}"},"query-input":{"@type":"PropertyValueSpecification","valueRequired":true,"valueName":"search_term_string"}}],"inLanguage":"et"}]}},"_links":{"self":[{"href":"https:\/\/videstehnika.lv\/et\/wp-json\/wp\/v2\/product\/80709","targetHints":{"allow":["GET"]}}],"collection":[{"href":"https:\/\/videstehnika.lv\/et\/wp-json\/wp\/v2\/product"}],"about":[{"href":"https:\/\/videstehnika.lv\/et\/wp-json\/wp\/v2\/types\/product"}],"wp:featuredmedia":[{"embeddable":true,"href":"https:\/\/videstehnika.lv\/et\/wp-json\/wp\/v2\/media\/80730"}],"wp:attachment":[{"href":"https:\/\/videstehnika.lv\/et\/wp-json\/wp\/v2\/media?parent=80709"}],"wp:term":[{"taxonomy":"product_cat","embeddable":true,"href":"https:\/\/videstehnika.lv\/et\/wp-json\/wp\/v2\/product_cat?post=80709"},{"taxonomy":"product_tag","embeddable":true,"href":"https:\/\/videstehnika.lv\/et\/wp-json\/wp\/v2\/product_tag?post=80709"}],"curies":[{"name":"wp","href":"https:\/\/api.w.org\/{rel}","templated":true}]}}