{"id":8975,"date":"2021-03-30T13:57:25","date_gmt":"2021-03-30T10:57:25","guid":{"rendered":"https:\/\/videstehnika.lv\/?post_type=product&#038;p=8975"},"modified":"2021-04-27T09:28:55","modified_gmt":"2021-04-27T06:28:55","slug":"viessmann","status":"publish","type":"product","link":"https:\/\/videstehnika.lv\/katalogs\/apkure\/viessmann\/","title":{"rendered":"Viessmann"},"content":{"rendered":"","protected":false},"excerpt":{"rendered":"<p>Viessmann &#8211; Apkures, industri\u0101l\u0101s un dzes\u0113\u0161anas sist\u0113mas. Viessmann uz\u0146\u0113mumu grupa ir starptautisks apkures, industri\u0101l\u0101s un dzes\u0113\u0161anas tehnikas sist\u0113mu ra\u017eo\u0161anas l\u012bderis. Viessmann pied\u0101v\u0101 individu\u0101lus risin\u0101jumus ar efekt\u012bvu sist\u0113mu un ar jaudu no 1,5 l\u012bdz 120.000 kW vis\u0101m pielieto\u0161anas nozar\u0113m un visiem ener\u0123ijas lietot\u0101jiem.<\/p>\n","protected":false},"featured_media":8977,"template":"","meta":{"_acf_changed":false},"product_cat":[3750,3748,3747,3768,3746,3745,3749,3769,3744],"product_tag":[],"class_list":{"0":"post-8975","1":"product","2":"type-product","3":"status-publish","4":"has-post-thumbnail","6":"product_cat-karsto-vandens-boileriai","7":"product_cat-dujiniai-katilai","8":"product_cat-dyzeliniai-sildymo-katilai","9":"product_cat-silumos-siurbliai","10":"product_cat-kietasis-kuras","11":"product_cat-sildymo-katilai","12":"product_cat-sildymo-ir-vesinimo-sistemu-iranga","13":"product_cat-saules-sistemos-energetine-istekliu-nepriklausomybe","14":"product_cat-sildymo-ir-sildymo-sprendimai","16":"first","17":"instock","18":"taxable","19":"shipping-taxable","20":"product-type-external"},"acf":[],"yoast_head":"<!-- This site is optimized with the Yoast SEO plugin v24.2 - https:\/\/yoast.com\/wordpress\/plugins\/seo\/ -->\n<title>Viessmann - apkures sist\u0113mu apr\u012bkojums &#8226; Vides Tehnika<\/title>\n<meta name=\"description\" content=\"Viessmann - apkures, industri\u0101l\u0101s un dzes\u0113\u0161anas sist\u0113mas. Starptautisks apkures, industri\u0101l\u0101s un dzes\u0113\u0161anas tehnikas sist\u0113mu ra\u017eot\u0101js.\" \/>\n<meta name=\"robots\" content=\"index, follow, max-snippet:-1, max-image-preview:large, max-video-preview:-1\" \/>\n<link rel=\"canonical\" href=\"https:\/\/videstehnika.lv\/et\/katalogs\/apkure\/viessmann\/\" \/>\n<meta property=\"og:locale\" content=\"et_EE\" \/>\n<meta property=\"og:type\" content=\"article\" \/>\n<meta property=\"og:title\" content=\"Viessmann - apkures sist\u0113mu apr\u012bkojums &#8226; Vides Tehnika\" \/>\n<meta property=\"og:description\" content=\"Viessmann - apkures, industri\u0101l\u0101s un dzes\u0113\u0161anas sist\u0113mas. Starptautisks apkures, industri\u0101l\u0101s un dzes\u0113\u0161anas tehnikas sist\u0113mu ra\u017eot\u0101js.\" \/>\n<meta property=\"og:url\" content=\"https:\/\/videstehnika.lv\/katalogs\/apkure\/viessmann\/\" \/>\n<meta property=\"og:site_name\" content=\"Vides Tehnika\" \/>\n<meta property=\"article:modified_time\" content=\"2021-04-27T06:28:55+00:00\" \/>\n<meta property=\"og:image\" content=\"https:\/\/videstehnika.lv\/wp-content\/uploads\/2021\/03\/viessmann.jpg\" \/>\n\t<meta property=\"og:image:width\" content=\"900\" \/>\n\t<meta property=\"og:image:height\" content=\"900\" \/>\n\t<meta property=\"og:image:type\" content=\"image\/jpeg\" \/>\n<meta name=\"twitter:card\" content=\"summary_large_image\" \/>\n<script type=\"application\/ld+json\" class=\"yoast-schema-graph\">{\"@context\":\"https:\/\/schema.org\",\"@graph\":[{\"@type\":\"WebPage\",\"@id\":\"https:\/\/videstehnika.lv\/katalogs\/apkure\/viessmann\/\",\"url\":\"https:\/\/videstehnika.lv\/katalogs\/apkure\/viessmann\/\",\"name\":\"Viessmann - apkures sist\u0113mu apr\u012bkojums &#8226; Vides Tehnika\",\"isPartOf\":{\"@id\":\"https:\/\/videstehnika.lv\/et\/#website\"},\"primaryImageOfPage\":{\"@id\":\"https:\/\/videstehnika.lv\/katalogs\/apkure\/viessmann\/#primaryimage\"},\"image\":{\"@id\":\"https:\/\/videstehnika.lv\/katalogs\/apkure\/viessmann\/#primaryimage\"},\"thumbnailUrl\":\"https:\/\/videstehnika.lv\/wp-content\/uploads\/2021\/03\/viessmann.jpg\",\"datePublished\":\"2021-03-30T10:57:25+00:00\",\"dateModified\":\"2021-04-27T06:28:55+00:00\",\"description\":\"Viessmann - apkures, industri\u0101l\u0101s un dzes\u0113\u0161anas sist\u0113mas. Starptautisks apkures, industri\u0101l\u0101s un dzes\u0113\u0161anas tehnikas sist\u0113mu ra\u017eot\u0101js.\",\"breadcrumb\":{\"@id\":\"https:\/\/videstehnika.lv\/katalogs\/apkure\/viessmann\/#breadcrumb\"},\"inLanguage\":\"et\",\"potentialAction\":[{\"@type\":\"ReadAction\",\"target\":[\"https:\/\/videstehnika.lv\/katalogs\/apkure\/viessmann\/\"]}]},{\"@type\":\"ImageObject\",\"inLanguage\":\"et\",\"@id\":\"https:\/\/videstehnika.lv\/katalogs\/apkure\/viessmann\/#primaryimage\",\"url\":\"https:\/\/videstehnika.lv\/wp-content\/uploads\/2021\/03\/viessmann.jpg\",\"contentUrl\":\"https:\/\/videstehnika.lv\/wp-content\/uploads\/2021\/03\/viessmann.jpg\",\"width\":900,\"height\":900,\"caption\":\"Viessmann uz\u0146\u0113mumu grupa ir starptautisks apkures, industri\u0101l\u0101s un dzes\u0113\u0161anas tehnikas sist\u0113mu ra\u017eo\u0161anas l\u012bderis.\"},{\"@type\":\"BreadcrumbList\",\"@id\":\"https:\/\/videstehnika.lv\/katalogs\/apkure\/viessmann\/#breadcrumb\",\"itemListElement\":[{\"@type\":\"ListItem\",\"position\":1,\"name\":\"Home\",\"item\":\"https:\/\/videstehnika.lv\/et\/\"},{\"@type\":\"ListItem\",\"position\":2,\"name\":\"Kataloog\",\"item\":\"https:\/\/videstehnika.lv\/et\/kataloog\/\"},{\"@type\":\"ListItem\",\"position\":3,\"name\":\"Viessmann\"}]},{\"@type\":\"WebSite\",\"@id\":\"https:\/\/videstehnika.lv\/et\/#website\",\"url\":\"https:\/\/videstehnika.lv\/et\/\",\"name\":\"Vides Tehnika\",\"description\":\"\",\"potentialAction\":[{\"@type\":\"SearchAction\",\"target\":{\"@type\":\"EntryPoint\",\"urlTemplate\":\"https:\/\/videstehnika.lv\/et\/?s={search_term_string}\"},\"query-input\":{\"@type\":\"PropertyValueSpecification\",\"valueRequired\":true,\"valueName\":\"search_term_string\"}}],\"inLanguage\":\"et\"}]}<\/script>\n<!-- \/ Yoast SEO plugin. -->","yoast_head_json":{"title":"Viessmann - apkures sist\u0113mu apr\u012bkojums &#8226; Vides Tehnika","description":"Viessmann - apkures, industri\u0101l\u0101s un dzes\u0113\u0161anas sist\u0113mas. Starptautisks apkures, industri\u0101l\u0101s un dzes\u0113\u0161anas tehnikas sist\u0113mu ra\u017eot\u0101js.","robots":{"index":"index","follow":"follow","max-snippet":"max-snippet:-1","max-image-preview":"max-image-preview:large","max-video-preview":"max-video-preview:-1"},"canonical":"https:\/\/videstehnika.lv\/et\/katalogs\/apkure\/viessmann\/","og_locale":"et_EE","og_type":"article","og_title":"Viessmann - apkures sist\u0113mu apr\u012bkojums &#8226; Vides Tehnika","og_description":"Viessmann - apkures, industri\u0101l\u0101s un dzes\u0113\u0161anas sist\u0113mas. Starptautisks apkures, industri\u0101l\u0101s un dzes\u0113\u0161anas tehnikas sist\u0113mu ra\u017eot\u0101js.","og_url":"https:\/\/videstehnika.lv\/katalogs\/apkure\/viessmann\/","og_site_name":"Vides Tehnika","article_modified_time":"2021-04-27T06:28:55+00:00","og_image":[{"width":900,"height":900,"url":"https:\/\/videstehnika.lv\/wp-content\/uploads\/2021\/03\/viessmann.jpg","type":"image\/jpeg"}],"twitter_card":"summary_large_image","schema":{"@context":"https:\/\/schema.org","@graph":[{"@type":"WebPage","@id":"https:\/\/videstehnika.lv\/katalogs\/apkure\/viessmann\/","url":"https:\/\/videstehnika.lv\/katalogs\/apkure\/viessmann\/","name":"Viessmann - apkures sist\u0113mu apr\u012bkojums &#8226; Vides Tehnika","isPartOf":{"@id":"https:\/\/videstehnika.lv\/et\/#website"},"primaryImageOfPage":{"@id":"https:\/\/videstehnika.lv\/katalogs\/apkure\/viessmann\/#primaryimage"},"image":{"@id":"https:\/\/videstehnika.lv\/katalogs\/apkure\/viessmann\/#primaryimage"},"thumbnailUrl":"https:\/\/videstehnika.lv\/wp-content\/uploads\/2021\/03\/viessmann.jpg","datePublished":"2021-03-30T10:57:25+00:00","dateModified":"2021-04-27T06:28:55+00:00","description":"Viessmann - apkures, industri\u0101l\u0101s un dzes\u0113\u0161anas sist\u0113mas. Starptautisks apkures, industri\u0101l\u0101s un dzes\u0113\u0161anas tehnikas sist\u0113mu ra\u017eot\u0101js.","breadcrumb":{"@id":"https:\/\/videstehnika.lv\/katalogs\/apkure\/viessmann\/#breadcrumb"},"inLanguage":"et","potentialAction":[{"@type":"ReadAction","target":["https:\/\/videstehnika.lv\/katalogs\/apkure\/viessmann\/"]}]},{"@type":"ImageObject","inLanguage":"et","@id":"https:\/\/videstehnika.lv\/katalogs\/apkure\/viessmann\/#primaryimage","url":"https:\/\/videstehnika.lv\/wp-content\/uploads\/2021\/03\/viessmann.jpg","contentUrl":"https:\/\/videstehnika.lv\/wp-content\/uploads\/2021\/03\/viessmann.jpg","width":900,"height":900,"caption":"Viessmann uz\u0146\u0113mumu grupa ir starptautisks apkures, industri\u0101l\u0101s un dzes\u0113\u0161anas tehnikas sist\u0113mu ra\u017eo\u0161anas l\u012bderis."},{"@type":"BreadcrumbList","@id":"https:\/\/videstehnika.lv\/katalogs\/apkure\/viessmann\/#breadcrumb","itemListElement":[{"@type":"ListItem","position":1,"name":"Home","item":"https:\/\/videstehnika.lv\/et\/"},{"@type":"ListItem","position":2,"name":"Kataloog","item":"https:\/\/videstehnika.lv\/et\/kataloog\/"},{"@type":"ListItem","position":3,"name":"Viessmann"}]},{"@type":"WebSite","@id":"https:\/\/videstehnika.lv\/et\/#website","url":"https:\/\/videstehnika.lv\/et\/","name":"Vides Tehnika","description":"","potentialAction":[{"@type":"SearchAction","target":{"@type":"EntryPoint","urlTemplate":"https:\/\/videstehnika.lv\/et\/?s={search_term_string}"},"query-input":{"@type":"PropertyValueSpecification","valueRequired":true,"valueName":"search_term_string"}}],"inLanguage":"et"}]}},"_links":{"self":[{"href":"https:\/\/videstehnika.lv\/et\/wp-json\/wp\/v2\/product\/8975","targetHints":{"allow":["GET"]}}],"collection":[{"href":"https:\/\/videstehnika.lv\/et\/wp-json\/wp\/v2\/product"}],"about":[{"href":"https:\/\/videstehnika.lv\/et\/wp-json\/wp\/v2\/types\/product"}],"wp:featuredmedia":[{"embeddable":true,"href":"https:\/\/videstehnika.lv\/et\/wp-json\/wp\/v2\/media\/8977"}],"wp:attachment":[{"href":"https:\/\/videstehnika.lv\/et\/wp-json\/wp\/v2\/media?parent=8975"}],"wp:term":[{"taxonomy":"product_cat","embeddable":true,"href":"https:\/\/videstehnika.lv\/et\/wp-json\/wp\/v2\/product_cat?post=8975"},{"taxonomy":"product_tag","embeddable":true,"href":"https:\/\/videstehnika.lv\/et\/wp-json\/wp\/v2\/product_tag?post=8975"}],"curies":[{"name":"wp","href":"https:\/\/api.w.org\/{rel}","templated":true}]}}