{"id":9293,"date":"2021-05-31T11:47:58","date_gmt":"2021-05-31T08:47:58","guid":{"rendered":"https:\/\/videstehnika.lv\/?post_type=product&#038;p=9293"},"modified":"2021-11-05T07:37:09","modified_gmt":"2021-11-05T05:37:09","slug":"velux-jumta-logs-standard-glu-0051b-ar-apaksejo-rokturi","status":"publish","type":"product","link":"https:\/\/videstehnika.lv\/katalogs\/logi\/velux-jumta-logs-standard-glu-0051b-ar-apaksejo-rokturi\/","title":{"rendered":"VELUX jumta logs Standard GLU 0051B ar apak\u0161\u0113jo rokturi"},"content":{"rendered":"<h2>VELUX jumta logs Standard GLU 0051B ar apak\u0161\u0113jo rokturi<\/h2>\n<p>Koka logs ar baltu poliuret\u0101na p\u0101rkl\u0101jumu ir mitrumiztur\u012bgs un viegli kopjams, t\u0101p\u0113c b\u016bs ide\u0101li piem\u0113rots vannas istabai un virtuvei, k\u0101 ar\u012b telp\u0101s, kur dizain\u0101 iederas baltie logi. Pateicoties loga p\u0101rkl\u0101jumam, tam ir laba siltumizol\u0101cija un fiziska iztur\u012bba. Rokturis v\u0113rtnes apak\u0161\u0101 to padara par piem\u0113rotu, ja att\u0101lums no gr\u012bdas l\u012bdz logam ir no 120-150 cm.<\/p>\n<h2>VELUX jumta loga Standard GLU 0051B priek\u0161roc\u012bbas:<\/h2>\n<ul>\n<li>Koka logs ar poliuret\u0101na p\u0101rkl\u0101jumu;<\/li>\n<li>Kvalitat\u012bvi kalpo visos laika apst\u0101k\u013cos;<\/li>\n<li>Ieb\u016bv\u0113ta ventil\u0101cija;<\/li>\n<li>Poz\u012bcija vienk\u0101r\u0161ai loga t\u012br\u012b\u0161anai;<\/li>\n<li>Papildu bl\u012bvgumija uzlabotam herm\u0113tiskumam;<\/li>\n<li>Viegli kopjams, mitrumiztur\u012bgs;<\/li>\n<li>Iesp\u0113jams ieg\u0101d\u0101ties atsevi\u0161\u0137i apak\u0161\u0113jo rokturi;<\/li>\n<li>Uzlabota stikla pakete, loga;<\/li>\n<li>Energoefektivit\u0101te &#8211; Uw 1.3;<\/li>\n<li>Garantija 15 gadi.<\/li>\n<\/ul>\n<p>\u017dal\u016bziju uzst\u0101d\u012b\u0161ana: Visi jumta logi apr\u012bkoti ar stiprin\u0101jumiem ori\u0123in\u0101lo \u017eal\u016bziju uzst\u0101d\u012b\u0161anai ar Pick&amp;Click sist\u0113mu.<\/p>\n","protected":false},"excerpt":{"rendered":"<p>VELUX jumta logs Standard GLU 0051B ar apak\u0161\u0113jo rokturi Koka logs ar baltu poliuret\u0101na p\u0101rkl\u0101jumu ir mitrumiztur\u012bgs un viegli kopjams,<\/p>\n","protected":false},"featured_media":9377,"template":"","meta":{"_acf_changed":false},"product_cat":[1468,1467],"product_tag":[],"class_list":{"0":"post-9293","1":"product","2":"type-product","3":"status-publish","4":"has-post-thumbnail","6":"product_cat-jumta-logi","7":"product_cat-logi","9":"first","10":"onbackorder","11":"taxable","12":"shipping-taxable","13":"purchasable","14":"product-type-variable"},"acf":[],"yoast_head":"<!-- This site is optimized with the Yoast SEO plugin v24.2 - https:\/\/yoast.com\/wordpress\/plugins\/seo\/ -->\n<title>VELUX jumta logs Standard ar apak\u0161\u0113jo rokturi &#8226; Vides Tehnika<\/title>\n<meta name=\"description\" content=\"VELUX jumta logs Standard ar apak\u0161\u0113jo rokturi - koka logs ar baltu poliuret\u0101na p\u0101rkl\u0101jumu ir mitrumiztur\u012bgs un viegli kopjams.\" \/>\n<meta name=\"robots\" content=\"index, follow, max-snippet:-1, max-image-preview:large, max-video-preview:-1\" \/>\n<link rel=\"canonical\" href=\"https:\/\/videstehnika.lv\/et\/katalogs\/logi\/velux-jumta-logs-standard-glu-0051b-ar-apaksejo-rokturi\/\" \/>\n<meta property=\"og:locale\" content=\"et_EE\" \/>\n<meta property=\"og:type\" content=\"article\" \/>\n<meta property=\"og:title\" content=\"VELUX jumta logs Standard ar apak\u0161\u0113jo rokturi &#8226; Vides Tehnika\" \/>\n<meta property=\"og:description\" content=\"VELUX jumta logs Standard ar apak\u0161\u0113jo rokturi - koka logs ar baltu poliuret\u0101na p\u0101rkl\u0101jumu ir mitrumiztur\u012bgs un viegli kopjams.\" \/>\n<meta property=\"og:url\" content=\"https:\/\/videstehnika.lv\/katalogs\/logi\/velux-jumta-logs-standard-glu-0051b-ar-apaksejo-rokturi\/\" \/>\n<meta property=\"og:site_name\" content=\"Vides Tehnika\" \/>\n<meta property=\"article:modified_time\" content=\"2021-11-05T05:37:09+00:00\" \/>\n<meta property=\"og:image\" content=\"https:\/\/videstehnika.lv\/wp-content\/uploads\/2021\/05\/128087-01-L.jpg\" \/>\n\t<meta property=\"og:image:width\" content=\"1280\" \/>\n\t<meta property=\"og:image:height\" content=\"960\" \/>\n\t<meta property=\"og:image:type\" content=\"image\/jpeg\" \/>\n<meta name=\"twitter:card\" content=\"summary_large_image\" \/>\n<meta name=\"twitter:label1\" content=\"Est. reading time\" \/>\n\t<meta name=\"twitter:data1\" content=\"1 minut\" \/>\n<script type=\"application\/ld+json\" class=\"yoast-schema-graph\">{\"@context\":\"https:\/\/schema.org\",\"@graph\":[{\"@type\":\"WebPage\",\"@id\":\"https:\/\/videstehnika.lv\/katalogs\/logi\/velux-jumta-logs-standard-glu-0051b-ar-apaksejo-rokturi\/\",\"url\":\"https:\/\/videstehnika.lv\/katalogs\/logi\/velux-jumta-logs-standard-glu-0051b-ar-apaksejo-rokturi\/\",\"name\":\"VELUX jumta logs Standard ar apak\u0161\u0113jo rokturi &#8226; Vides Tehnika\",\"isPartOf\":{\"@id\":\"https:\/\/videstehnika.lv\/et\/#website\"},\"primaryImageOfPage\":{\"@id\":\"https:\/\/videstehnika.lv\/katalogs\/logi\/velux-jumta-logs-standard-glu-0051b-ar-apaksejo-rokturi\/#primaryimage\"},\"image\":{\"@id\":\"https:\/\/videstehnika.lv\/katalogs\/logi\/velux-jumta-logs-standard-glu-0051b-ar-apaksejo-rokturi\/#primaryimage\"},\"thumbnailUrl\":\"https:\/\/videstehnika.lv\/wp-content\/uploads\/2021\/05\/128087-01-L.jpg\",\"datePublished\":\"2021-05-31T08:47:58+00:00\",\"dateModified\":\"2021-11-05T05:37:09+00:00\",\"description\":\"VELUX jumta logs Standard ar apak\u0161\u0113jo rokturi - koka logs ar baltu poliuret\u0101na p\u0101rkl\u0101jumu ir mitrumiztur\u012bgs un viegli kopjams.\",\"breadcrumb\":{\"@id\":\"https:\/\/videstehnika.lv\/katalogs\/logi\/velux-jumta-logs-standard-glu-0051b-ar-apaksejo-rokturi\/#breadcrumb\"},\"inLanguage\":\"et\",\"potentialAction\":[{\"@type\":\"ReadAction\",\"target\":[\"https:\/\/videstehnika.lv\/katalogs\/logi\/velux-jumta-logs-standard-glu-0051b-ar-apaksejo-rokturi\/\"]}]},{\"@type\":\"ImageObject\",\"inLanguage\":\"et\",\"@id\":\"https:\/\/videstehnika.lv\/katalogs\/logi\/velux-jumta-logs-standard-glu-0051b-ar-apaksejo-rokturi\/#primaryimage\",\"url\":\"https:\/\/videstehnika.lv\/wp-content\/uploads\/2021\/05\/128087-01-L.jpg\",\"contentUrl\":\"https:\/\/videstehnika.lv\/wp-content\/uploads\/2021\/05\/128087-01-L.jpg\",\"width\":1280,\"height\":960,\"caption\":\"VELUX GLU 0051 Jumta logs Standard\"},{\"@type\":\"BreadcrumbList\",\"@id\":\"https:\/\/videstehnika.lv\/katalogs\/logi\/velux-jumta-logs-standard-glu-0051b-ar-apaksejo-rokturi\/#breadcrumb\",\"itemListElement\":[{\"@type\":\"ListItem\",\"position\":1,\"name\":\"Home\",\"item\":\"https:\/\/videstehnika.lv\/et\/\"},{\"@type\":\"ListItem\",\"position\":2,\"name\":\"Kataloog\",\"item\":\"https:\/\/videstehnika.lv\/et\/kataloog\/\"},{\"@type\":\"ListItem\",\"position\":3,\"name\":\"VELUX jumta logs Standard GLU 0051B ar apak\u0161\u0113jo rokturi\"}]},{\"@type\":\"WebSite\",\"@id\":\"https:\/\/videstehnika.lv\/et\/#website\",\"url\":\"https:\/\/videstehnika.lv\/et\/\",\"name\":\"Vides Tehnika\",\"description\":\"\",\"potentialAction\":[{\"@type\":\"SearchAction\",\"target\":{\"@type\":\"EntryPoint\",\"urlTemplate\":\"https:\/\/videstehnika.lv\/et\/?s={search_term_string}\"},\"query-input\":{\"@type\":\"PropertyValueSpecification\",\"valueRequired\":true,\"valueName\":\"search_term_string\"}}],\"inLanguage\":\"et\"}]}<\/script>\n<!-- \/ Yoast SEO plugin. -->","yoast_head_json":{"title":"VELUX jumta logs Standard ar apak\u0161\u0113jo rokturi &#8226; Vides Tehnika","description":"VELUX jumta logs Standard ar apak\u0161\u0113jo rokturi - koka logs ar baltu poliuret\u0101na p\u0101rkl\u0101jumu ir mitrumiztur\u012bgs un viegli kopjams.","robots":{"index":"index","follow":"follow","max-snippet":"max-snippet:-1","max-image-preview":"max-image-preview:large","max-video-preview":"max-video-preview:-1"},"canonical":"https:\/\/videstehnika.lv\/et\/katalogs\/logi\/velux-jumta-logs-standard-glu-0051b-ar-apaksejo-rokturi\/","og_locale":"et_EE","og_type":"article","og_title":"VELUX jumta logs Standard ar apak\u0161\u0113jo rokturi &#8226; Vides Tehnika","og_description":"VELUX jumta logs Standard ar apak\u0161\u0113jo rokturi - koka logs ar baltu poliuret\u0101na p\u0101rkl\u0101jumu ir mitrumiztur\u012bgs un viegli kopjams.","og_url":"https:\/\/videstehnika.lv\/katalogs\/logi\/velux-jumta-logs-standard-glu-0051b-ar-apaksejo-rokturi\/","og_site_name":"Vides Tehnika","article_modified_time":"2021-11-05T05:37:09+00:00","og_image":[{"width":1280,"height":960,"url":"https:\/\/videstehnika.lv\/wp-content\/uploads\/2021\/05\/128087-01-L.jpg","type":"image\/jpeg"}],"twitter_card":"summary_large_image","twitter_misc":{"Est. reading time":"1 minut"},"schema":{"@context":"https:\/\/schema.org","@graph":[{"@type":"WebPage","@id":"https:\/\/videstehnika.lv\/katalogs\/logi\/velux-jumta-logs-standard-glu-0051b-ar-apaksejo-rokturi\/","url":"https:\/\/videstehnika.lv\/katalogs\/logi\/velux-jumta-logs-standard-glu-0051b-ar-apaksejo-rokturi\/","name":"VELUX jumta logs Standard ar apak\u0161\u0113jo rokturi &#8226; Vides Tehnika","isPartOf":{"@id":"https:\/\/videstehnika.lv\/et\/#website"},"primaryImageOfPage":{"@id":"https:\/\/videstehnika.lv\/katalogs\/logi\/velux-jumta-logs-standard-glu-0051b-ar-apaksejo-rokturi\/#primaryimage"},"image":{"@id":"https:\/\/videstehnika.lv\/katalogs\/logi\/velux-jumta-logs-standard-glu-0051b-ar-apaksejo-rokturi\/#primaryimage"},"thumbnailUrl":"https:\/\/videstehnika.lv\/wp-content\/uploads\/2021\/05\/128087-01-L.jpg","datePublished":"2021-05-31T08:47:58+00:00","dateModified":"2021-11-05T05:37:09+00:00","description":"VELUX jumta logs Standard ar apak\u0161\u0113jo rokturi - koka logs ar baltu poliuret\u0101na p\u0101rkl\u0101jumu ir mitrumiztur\u012bgs un viegli kopjams.","breadcrumb":{"@id":"https:\/\/videstehnika.lv\/katalogs\/logi\/velux-jumta-logs-standard-glu-0051b-ar-apaksejo-rokturi\/#breadcrumb"},"inLanguage":"et","potentialAction":[{"@type":"ReadAction","target":["https:\/\/videstehnika.lv\/katalogs\/logi\/velux-jumta-logs-standard-glu-0051b-ar-apaksejo-rokturi\/"]}]},{"@type":"ImageObject","inLanguage":"et","@id":"https:\/\/videstehnika.lv\/katalogs\/logi\/velux-jumta-logs-standard-glu-0051b-ar-apaksejo-rokturi\/#primaryimage","url":"https:\/\/videstehnika.lv\/wp-content\/uploads\/2021\/05\/128087-01-L.jpg","contentUrl":"https:\/\/videstehnika.lv\/wp-content\/uploads\/2021\/05\/128087-01-L.jpg","width":1280,"height":960,"caption":"VELUX GLU 0051 Jumta logs Standard"},{"@type":"BreadcrumbList","@id":"https:\/\/videstehnika.lv\/katalogs\/logi\/velux-jumta-logs-standard-glu-0051b-ar-apaksejo-rokturi\/#breadcrumb","itemListElement":[{"@type":"ListItem","position":1,"name":"Home","item":"https:\/\/videstehnika.lv\/et\/"},{"@type":"ListItem","position":2,"name":"Kataloog","item":"https:\/\/videstehnika.lv\/et\/kataloog\/"},{"@type":"ListItem","position":3,"name":"VELUX jumta logs Standard GLU 0051B ar apak\u0161\u0113jo rokturi"}]},{"@type":"WebSite","@id":"https:\/\/videstehnika.lv\/et\/#website","url":"https:\/\/videstehnika.lv\/et\/","name":"Vides Tehnika","description":"","potentialAction":[{"@type":"SearchAction","target":{"@type":"EntryPoint","urlTemplate":"https:\/\/videstehnika.lv\/et\/?s={search_term_string}"},"query-input":{"@type":"PropertyValueSpecification","valueRequired":true,"valueName":"search_term_string"}}],"inLanguage":"et"}]}},"_links":{"self":[{"href":"https:\/\/videstehnika.lv\/et\/wp-json\/wp\/v2\/product\/9293","targetHints":{"allow":["GET"]}}],"collection":[{"href":"https:\/\/videstehnika.lv\/et\/wp-json\/wp\/v2\/product"}],"about":[{"href":"https:\/\/videstehnika.lv\/et\/wp-json\/wp\/v2\/types\/product"}],"wp:featuredmedia":[{"embeddable":true,"href":"https:\/\/videstehnika.lv\/et\/wp-json\/wp\/v2\/media\/9377"}],"wp:attachment":[{"href":"https:\/\/videstehnika.lv\/et\/wp-json\/wp\/v2\/media?parent=9293"}],"wp:term":[{"taxonomy":"product_cat","embeddable":true,"href":"https:\/\/videstehnika.lv\/et\/wp-json\/wp\/v2\/product_cat?post=9293"},{"taxonomy":"product_tag","embeddable":true,"href":"https:\/\/videstehnika.lv\/et\/wp-json\/wp\/v2\/product_tag?post=9293"}],"curies":[{"name":"wp","href":"https:\/\/api.w.org\/{rel}","templated":true}]}}