{"id":9322,"date":"2021-05-31T13:21:26","date_gmt":"2021-05-31T10:21:26","guid":{"rendered":"https:\/\/videstehnika.lv\/?post_type=product&#038;p=9322"},"modified":"2021-11-05T07:37:52","modified_gmt":"2021-11-05T05:37:52","slug":"velux-jumta-logs-standard-plus-gll-1061b-ar-apaksejo-rokturi","status":"publish","type":"product","link":"https:\/\/videstehnika.lv\/katalogs\/logi\/velux-jumta-logs-standard-plus-gll-1061b-ar-apaksejo-rokturi\/","title":{"rendered":"VELUX jumta logs Standard Plus GLL 1061B ar apak\u0161\u0113jo rokturi"},"content":{"rendered":"<h2>VELUX jumta logs Standard Plus GLL 1061B ar apak\u0161\u0113jo rokturi<\/h2>\n<p>Inovat\u012bv\u0101 tehnolo\u0123ija ThermoTechnology\u2122 un divkameru stikla pakete b\u016btiski uzlabo jumta loga siltumizol\u0101cijas r\u0101d\u012bt\u0101jus. Rezult\u0101t\u0101 tava m\u0101ja b\u016bs energoefekt\u012bva un saglab\u0101s siltumu, kas \u013caus ietaup\u012bt naudu par apkuri. Logs ir apr\u012bkots ar papildu bl\u012bvgumiju pret gaisa caurlaid\u012bbu. Rokturis v\u0113rtnes apak\u0161\u0101 to padara par piem\u0113rotu, ja att\u0101lums no gr\u012bdas l\u012bdz logam ir no 120-150 cm.<\/p>\n<h2>VELUX jumta loga Standard Plus GLL 1061B priek\u0161roc\u012bbas:<\/h2>\n<ul>\n<li>Koka logs ar caursp\u012bd\u012bgu laku;<\/li>\n<li>Kvalitat\u012bvi kalpo visos laika apst\u0101k\u013cos;<\/li>\n<li>Ieb\u016bv\u0113ta ventil\u0101cija;<\/li>\n<li>Poz\u012bcija vienk\u0101r\u0161ai loga t\u012br\u012b\u0161anai;<\/li>\n<li>Stiprin\u0101jumi \u017eal\u016bziju uzst\u0101d\u012b\u0161anai;<\/li>\n<li>Uzlabota ska\u0146as izol\u0101cija;<\/li>\n<li>Papildu bl\u012bvbumija uzlabotam herm\u0113tiskumam;<\/li>\n<li>Energoefekt\u012bva divkameru stikla pakete, logs ar;<\/li>\n<li>lielisku siltumizol\u0101ciju &#8211; Uw 1.1;<\/li>\n<li>10 gadu garantija.<\/li>\n<\/ul>\n","protected":false},"excerpt":{"rendered":"<p>VELUX jumta logs Standard Plus GLL 1061B ar apak\u0161\u0113jo rokturi Inovat\u012bv\u0101 tehnolo\u0123ija ThermoTechnology\u2122 un divkameru stikla pakete b\u016btiski uzlabo jumta<\/p>\n","protected":false},"featured_media":9392,"template":"","meta":{"_acf_changed":false},"product_cat":[1468,1467],"product_tag":[],"class_list":{"0":"post-9322","1":"product","2":"type-product","3":"status-publish","4":"has-post-thumbnail","6":"product_cat-jumta-logi","7":"product_cat-logi","9":"first","10":"onbackorder","11":"taxable","12":"shipping-taxable","13":"purchasable","14":"product-type-variable"},"acf":[],"yoast_head":"<!-- This site is optimized with the Yoast SEO plugin v24.2 - https:\/\/yoast.com\/wordpress\/plugins\/seo\/ -->\n<title>VELUX jumta logs Standard Plus ar apak\u0161\u0113jo rokturi &#8226; Vides Tehnika<\/title>\n<meta name=\"description\" content=\"VELUX jumta logs Standard Plus ar apak\u0161\u0113jo rokturi - ar divkameru stikla paketi, kas uzlabo jumta loga siltumizol\u0101cijas r\u0101d\u012bt\u0101jus.\" \/>\n<meta name=\"robots\" content=\"index, follow, max-snippet:-1, max-image-preview:large, max-video-preview:-1\" \/>\n<link rel=\"canonical\" href=\"https:\/\/videstehnika.lv\/et\/katalogs\/logi\/velux-jumta-logs-standard-plus-gll-1061b-ar-apaksejo-rokturi\/\" \/>\n<meta property=\"og:locale\" content=\"et_EE\" \/>\n<meta property=\"og:type\" content=\"article\" \/>\n<meta property=\"og:title\" content=\"VELUX jumta logs Standard Plus ar apak\u0161\u0113jo rokturi &#8226; Vides Tehnika\" \/>\n<meta property=\"og:description\" content=\"VELUX jumta logs Standard Plus ar apak\u0161\u0113jo rokturi - ar divkameru stikla paketi, kas uzlabo jumta loga siltumizol\u0101cijas r\u0101d\u012bt\u0101jus.\" \/>\n<meta property=\"og:url\" content=\"https:\/\/videstehnika.lv\/katalogs\/logi\/velux-jumta-logs-standard-plus-gll-1061b-ar-apaksejo-rokturi\/\" \/>\n<meta property=\"og:site_name\" content=\"Vides Tehnika\" \/>\n<meta property=\"article:modified_time\" content=\"2021-11-05T05:37:52+00:00\" \/>\n<meta property=\"og:image\" content=\"https:\/\/videstehnika.lv\/wp-content\/uploads\/2021\/05\/118583-01-L-1.jpg\" \/>\n\t<meta property=\"og:image:width\" content=\"1280\" \/>\n\t<meta property=\"og:image:height\" content=\"960\" \/>\n\t<meta property=\"og:image:type\" content=\"image\/jpeg\" \/>\n<meta name=\"twitter:card\" content=\"summary_large_image\" \/>\n<meta name=\"twitter:label1\" content=\"Est. reading time\" \/>\n\t<meta name=\"twitter:data1\" content=\"1 minut\" \/>\n<script type=\"application\/ld+json\" class=\"yoast-schema-graph\">{\"@context\":\"https:\/\/schema.org\",\"@graph\":[{\"@type\":\"WebPage\",\"@id\":\"https:\/\/videstehnika.lv\/katalogs\/logi\/velux-jumta-logs-standard-plus-gll-1061b-ar-apaksejo-rokturi\/\",\"url\":\"https:\/\/videstehnika.lv\/katalogs\/logi\/velux-jumta-logs-standard-plus-gll-1061b-ar-apaksejo-rokturi\/\",\"name\":\"VELUX jumta logs Standard Plus ar apak\u0161\u0113jo rokturi &#8226; Vides Tehnika\",\"isPartOf\":{\"@id\":\"https:\/\/videstehnika.lv\/et\/#website\"},\"primaryImageOfPage\":{\"@id\":\"https:\/\/videstehnika.lv\/katalogs\/logi\/velux-jumta-logs-standard-plus-gll-1061b-ar-apaksejo-rokturi\/#primaryimage\"},\"image\":{\"@id\":\"https:\/\/videstehnika.lv\/katalogs\/logi\/velux-jumta-logs-standard-plus-gll-1061b-ar-apaksejo-rokturi\/#primaryimage\"},\"thumbnailUrl\":\"https:\/\/videstehnika.lv\/wp-content\/uploads\/2021\/05\/118583-01-L-1.jpg\",\"datePublished\":\"2021-05-31T10:21:26+00:00\",\"dateModified\":\"2021-11-05T05:37:52+00:00\",\"description\":\"VELUX jumta logs Standard Plus ar apak\u0161\u0113jo rokturi - ar divkameru stikla paketi, kas uzlabo jumta loga siltumizol\u0101cijas r\u0101d\u012bt\u0101jus.\",\"breadcrumb\":{\"@id\":\"https:\/\/videstehnika.lv\/katalogs\/logi\/velux-jumta-logs-standard-plus-gll-1061b-ar-apaksejo-rokturi\/#breadcrumb\"},\"inLanguage\":\"et\",\"potentialAction\":[{\"@type\":\"ReadAction\",\"target\":[\"https:\/\/videstehnika.lv\/katalogs\/logi\/velux-jumta-logs-standard-plus-gll-1061b-ar-apaksejo-rokturi\/\"]}]},{\"@type\":\"ImageObject\",\"inLanguage\":\"et\",\"@id\":\"https:\/\/videstehnika.lv\/katalogs\/logi\/velux-jumta-logs-standard-plus-gll-1061b-ar-apaksejo-rokturi\/#primaryimage\",\"url\":\"https:\/\/videstehnika.lv\/wp-content\/uploads\/2021\/05\/118583-01-L-1.jpg\",\"contentUrl\":\"https:\/\/videstehnika.lv\/wp-content\/uploads\/2021\/05\/118583-01-L-1.jpg\",\"width\":1280,\"height\":960,\"caption\":\"VELUX GLL 1061B jumta logs Standard Plus\"},{\"@type\":\"BreadcrumbList\",\"@id\":\"https:\/\/videstehnika.lv\/katalogs\/logi\/velux-jumta-logs-standard-plus-gll-1061b-ar-apaksejo-rokturi\/#breadcrumb\",\"itemListElement\":[{\"@type\":\"ListItem\",\"position\":1,\"name\":\"Home\",\"item\":\"https:\/\/videstehnika.lv\/et\/\"},{\"@type\":\"ListItem\",\"position\":2,\"name\":\"Kataloog\",\"item\":\"https:\/\/videstehnika.lv\/et\/kataloog\/\"},{\"@type\":\"ListItem\",\"position\":3,\"name\":\"VELUX jumta logs Standard Plus GLL 1061B ar apak\u0161\u0113jo rokturi\"}]},{\"@type\":\"WebSite\",\"@id\":\"https:\/\/videstehnika.lv\/et\/#website\",\"url\":\"https:\/\/videstehnika.lv\/et\/\",\"name\":\"Vides Tehnika\",\"description\":\"\",\"potentialAction\":[{\"@type\":\"SearchAction\",\"target\":{\"@type\":\"EntryPoint\",\"urlTemplate\":\"https:\/\/videstehnika.lv\/et\/?s={search_term_string}\"},\"query-input\":{\"@type\":\"PropertyValueSpecification\",\"valueRequired\":true,\"valueName\":\"search_term_string\"}}],\"inLanguage\":\"et\"}]}<\/script>\n<!-- \/ Yoast SEO plugin. -->","yoast_head_json":{"title":"VELUX jumta logs Standard Plus ar apak\u0161\u0113jo rokturi &#8226; Vides Tehnika","description":"VELUX jumta logs Standard Plus ar apak\u0161\u0113jo rokturi - ar divkameru stikla paketi, kas uzlabo jumta loga siltumizol\u0101cijas r\u0101d\u012bt\u0101jus.","robots":{"index":"index","follow":"follow","max-snippet":"max-snippet:-1","max-image-preview":"max-image-preview:large","max-video-preview":"max-video-preview:-1"},"canonical":"https:\/\/videstehnika.lv\/et\/katalogs\/logi\/velux-jumta-logs-standard-plus-gll-1061b-ar-apaksejo-rokturi\/","og_locale":"et_EE","og_type":"article","og_title":"VELUX jumta logs Standard Plus ar apak\u0161\u0113jo rokturi &#8226; Vides Tehnika","og_description":"VELUX jumta logs Standard Plus ar apak\u0161\u0113jo rokturi - ar divkameru stikla paketi, kas uzlabo jumta loga siltumizol\u0101cijas r\u0101d\u012bt\u0101jus.","og_url":"https:\/\/videstehnika.lv\/katalogs\/logi\/velux-jumta-logs-standard-plus-gll-1061b-ar-apaksejo-rokturi\/","og_site_name":"Vides Tehnika","article_modified_time":"2021-11-05T05:37:52+00:00","og_image":[{"width":1280,"height":960,"url":"https:\/\/videstehnika.lv\/wp-content\/uploads\/2021\/05\/118583-01-L-1.jpg","type":"image\/jpeg"}],"twitter_card":"summary_large_image","twitter_misc":{"Est. reading time":"1 minut"},"schema":{"@context":"https:\/\/schema.org","@graph":[{"@type":"WebPage","@id":"https:\/\/videstehnika.lv\/katalogs\/logi\/velux-jumta-logs-standard-plus-gll-1061b-ar-apaksejo-rokturi\/","url":"https:\/\/videstehnika.lv\/katalogs\/logi\/velux-jumta-logs-standard-plus-gll-1061b-ar-apaksejo-rokturi\/","name":"VELUX jumta logs Standard Plus ar apak\u0161\u0113jo rokturi &#8226; Vides Tehnika","isPartOf":{"@id":"https:\/\/videstehnika.lv\/et\/#website"},"primaryImageOfPage":{"@id":"https:\/\/videstehnika.lv\/katalogs\/logi\/velux-jumta-logs-standard-plus-gll-1061b-ar-apaksejo-rokturi\/#primaryimage"},"image":{"@id":"https:\/\/videstehnika.lv\/katalogs\/logi\/velux-jumta-logs-standard-plus-gll-1061b-ar-apaksejo-rokturi\/#primaryimage"},"thumbnailUrl":"https:\/\/videstehnika.lv\/wp-content\/uploads\/2021\/05\/118583-01-L-1.jpg","datePublished":"2021-05-31T10:21:26+00:00","dateModified":"2021-11-05T05:37:52+00:00","description":"VELUX jumta logs Standard Plus ar apak\u0161\u0113jo rokturi - ar divkameru stikla paketi, kas uzlabo jumta loga siltumizol\u0101cijas r\u0101d\u012bt\u0101jus.","breadcrumb":{"@id":"https:\/\/videstehnika.lv\/katalogs\/logi\/velux-jumta-logs-standard-plus-gll-1061b-ar-apaksejo-rokturi\/#breadcrumb"},"inLanguage":"et","potentialAction":[{"@type":"ReadAction","target":["https:\/\/videstehnika.lv\/katalogs\/logi\/velux-jumta-logs-standard-plus-gll-1061b-ar-apaksejo-rokturi\/"]}]},{"@type":"ImageObject","inLanguage":"et","@id":"https:\/\/videstehnika.lv\/katalogs\/logi\/velux-jumta-logs-standard-plus-gll-1061b-ar-apaksejo-rokturi\/#primaryimage","url":"https:\/\/videstehnika.lv\/wp-content\/uploads\/2021\/05\/118583-01-L-1.jpg","contentUrl":"https:\/\/videstehnika.lv\/wp-content\/uploads\/2021\/05\/118583-01-L-1.jpg","width":1280,"height":960,"caption":"VELUX GLL 1061B jumta logs Standard Plus"},{"@type":"BreadcrumbList","@id":"https:\/\/videstehnika.lv\/katalogs\/logi\/velux-jumta-logs-standard-plus-gll-1061b-ar-apaksejo-rokturi\/#breadcrumb","itemListElement":[{"@type":"ListItem","position":1,"name":"Home","item":"https:\/\/videstehnika.lv\/et\/"},{"@type":"ListItem","position":2,"name":"Kataloog","item":"https:\/\/videstehnika.lv\/et\/kataloog\/"},{"@type":"ListItem","position":3,"name":"VELUX jumta logs Standard Plus GLL 1061B ar apak\u0161\u0113jo rokturi"}]},{"@type":"WebSite","@id":"https:\/\/videstehnika.lv\/et\/#website","url":"https:\/\/videstehnika.lv\/et\/","name":"Vides Tehnika","description":"","potentialAction":[{"@type":"SearchAction","target":{"@type":"EntryPoint","urlTemplate":"https:\/\/videstehnika.lv\/et\/?s={search_term_string}"},"query-input":{"@type":"PropertyValueSpecification","valueRequired":true,"valueName":"search_term_string"}}],"inLanguage":"et"}]}},"_links":{"self":[{"href":"https:\/\/videstehnika.lv\/et\/wp-json\/wp\/v2\/product\/9322","targetHints":{"allow":["GET"]}}],"collection":[{"href":"https:\/\/videstehnika.lv\/et\/wp-json\/wp\/v2\/product"}],"about":[{"href":"https:\/\/videstehnika.lv\/et\/wp-json\/wp\/v2\/types\/product"}],"wp:featuredmedia":[{"embeddable":true,"href":"https:\/\/videstehnika.lv\/et\/wp-json\/wp\/v2\/media\/9392"}],"wp:attachment":[{"href":"https:\/\/videstehnika.lv\/et\/wp-json\/wp\/v2\/media?parent=9322"}],"wp:term":[{"taxonomy":"product_cat","embeddable":true,"href":"https:\/\/videstehnika.lv\/et\/wp-json\/wp\/v2\/product_cat?post=9322"},{"taxonomy":"product_tag","embeddable":true,"href":"https:\/\/videstehnika.lv\/et\/wp-json\/wp\/v2\/product_tag?post=9322"}],"curies":[{"name":"wp","href":"https:\/\/api.w.org\/{rel}","templated":true}]}}