{"id":9472,"date":"2021-06-01T11:17:40","date_gmt":"2021-06-01T08:17:40","guid":{"rendered":"https:\/\/videstehnika.lv\/?post_type=product&#038;p=9472"},"modified":"2021-11-05T07:40:14","modified_gmt":"2021-11-05T05:40:14","slug":"velux-premium-gpl-3070-panoramiskais-jumta-logs","status":"publish","type":"product","link":"https:\/\/videstehnika.lv\/katalogs\/logi\/velux-premium-gpl-3070-panoramiskais-jumta-logs\/","title":{"rendered":"VELUX Premium GPL 3070 panor\u0101miskais jumta logs"},"content":{"rendered":"<h2>VELUX Premium GPL 3070 panor\u0101miskais jumta logs<\/h2>\n<p>Tikai debesis ir robe\u017ea, ja tev ir Premium jumta logs ar rokturi v\u0113rtnes apak\u0161\u0101 un verams pa aug\u0161\u0113jo asi. VELUX jumta logs ar rokturi apak\u0161\u0101 nodro\u0161ina pla\u0161u, panor\u0101mas skatu l\u012bdz pat apv\u0101rsnim un palielina to dabisk\u0101s dienas gaismas daudzumu, ko logs var sniegt. Jumta logi ar rokturi v\u0113rtnes apak\u0161\u0101 var iespaid\u012bgi uzlabot telpu. Tie ir \u0101tr\u0101kais veids, k\u0101 palielin\u0101t dabisk\u0101s gaismas daudzumu, ventil\u0101ciju un pie\u0161\u0137irt pla\u0161uma saj\u016btu b\u0113ni\u0146u telp\u0101m. Pieejams ar vienkameru vai divkameru stikla paketi.<\/p>\n<h2>VELUX jumta loga Premium GPL 3070 priek\u0161roc\u012bbas:<\/h2>\n<ul>\n<li>Koka logs ar caursp\u012bd\u012bgu laku;<\/li>\n<li>Ieb\u016bv\u0113ta ventil\u0101cija;<\/li>\n<li>Pla\u0161s panor\u0101mas skats;<\/li>\n<li>Divpak\u0101pju ventil\u0101cijas sist\u0113ma;<\/li>\n<li>Putek\u013cu un insektu filtrs;<\/li>\n<li>Poz\u012bcija vienk\u0101r\u0161ai loga t\u012br\u012b\u0161anai;<\/li>\n<li>Stiprin\u0101jumi \u017eal\u016bziju uzst\u0101d\u012b\u0161anai;<\/li>\n<li>ThermoTechnology\u2122 uzlabotai energoefektivit\u0101tei;<\/li>\n<li>Papildu bl\u012bvgumija uzlabotam herm\u0113tiskumam;<\/li>\n<li>Lamin\u0113ts iek\u0161\u0113jais stikls;<\/li>\n<li>Verams divos re\u017e\u012bmos;<\/li>\n<li>Vienkameras stikla pakete;<\/li>\n<li>Uw 1,3 W\/(m2K);<\/li>\n<li>Ug 1,0 W\/(m2K);<\/li>\n<li>Ska\u0146as izol\u0101cija logam 31 dB;<\/li>\n<li>Garantija 10 gadi.<\/li>\n<\/ul>\n","protected":false},"excerpt":{"rendered":"<p>VELUX Premium GPL 3070 panor\u0101miskais jumta logs Tikai debesis ir robe\u017ea, ja tev ir Premium jumta logs ar rokturi v\u0113rtnes<\/p>\n","protected":false},"featured_media":9490,"template":"","meta":{"_acf_changed":false},"product_cat":[1468,1467],"product_tag":[],"class_list":{"0":"post-9472","1":"product","2":"type-product","3":"status-publish","4":"has-post-thumbnail","6":"product_cat-jumta-logi","7":"product_cat-logi","9":"first","10":"onbackorder","11":"taxable","12":"shipping-taxable","13":"purchasable","14":"product-type-variable"},"acf":[],"yoast_head":"<!-- This site is optimized with the Yoast SEO plugin v24.2 - https:\/\/yoast.com\/wordpress\/plugins\/seo\/ -->\n<title>VELUX Premium GPL 3070 panor\u0101miskais jumta logs &#8226; Vides Tehnika<\/title>\n<meta name=\"description\" content=\"VELUX Premium GPL 3070 panor\u0101miskais jumta logs ar rokturi apak\u0161\u0101 nodro\u0161ina pla\u0161u, panor\u0101mas skatu un palielina dienas gaismas daudzumu.\" \/>\n<meta name=\"robots\" content=\"index, follow, max-snippet:-1, max-image-preview:large, max-video-preview:-1\" \/>\n<link rel=\"canonical\" href=\"https:\/\/videstehnika.lv\/et\/katalogs\/logi\/velux-premium-gpl-3070-panoramiskais-jumta-logs\/\" \/>\n<meta property=\"og:locale\" content=\"et_EE\" \/>\n<meta property=\"og:type\" content=\"article\" \/>\n<meta property=\"og:title\" content=\"VELUX Premium GPL 3070 panor\u0101miskais jumta logs &#8226; Vides Tehnika\" \/>\n<meta property=\"og:description\" content=\"VELUX Premium GPL 3070 panor\u0101miskais jumta logs ar rokturi apak\u0161\u0101 nodro\u0161ina pla\u0161u, panor\u0101mas skatu un palielina dienas gaismas daudzumu.\" \/>\n<meta property=\"og:url\" content=\"https:\/\/videstehnika.lv\/katalogs\/logi\/velux-premium-gpl-3070-panoramiskais-jumta-logs\/\" \/>\n<meta property=\"og:site_name\" content=\"Vides Tehnika\" \/>\n<meta property=\"article:modified_time\" content=\"2021-11-05T05:40:14+00:00\" \/>\n<meta property=\"og:image\" content=\"https:\/\/videstehnika.lv\/wp-content\/uploads\/2021\/06\/VELUX-GPL-3070-Jumta-logs-Premium.jpg\" \/>\n\t<meta property=\"og:image:width\" content=\"900\" \/>\n\t<meta property=\"og:image:height\" content=\"900\" \/>\n\t<meta property=\"og:image:type\" content=\"image\/jpeg\" \/>\n<meta name=\"twitter:card\" content=\"summary_large_image\" \/>\n<meta name=\"twitter:label1\" content=\"Est. reading time\" \/>\n\t<meta name=\"twitter:data1\" content=\"1 minut\" \/>\n<script type=\"application\/ld+json\" class=\"yoast-schema-graph\">{\"@context\":\"https:\/\/schema.org\",\"@graph\":[{\"@type\":\"WebPage\",\"@id\":\"https:\/\/videstehnika.lv\/katalogs\/logi\/velux-premium-gpl-3070-panoramiskais-jumta-logs\/\",\"url\":\"https:\/\/videstehnika.lv\/katalogs\/logi\/velux-premium-gpl-3070-panoramiskais-jumta-logs\/\",\"name\":\"VELUX Premium GPL 3070 panor\u0101miskais jumta logs &#8226; Vides Tehnika\",\"isPartOf\":{\"@id\":\"https:\/\/videstehnika.lv\/et\/#website\"},\"primaryImageOfPage\":{\"@id\":\"https:\/\/videstehnika.lv\/katalogs\/logi\/velux-premium-gpl-3070-panoramiskais-jumta-logs\/#primaryimage\"},\"image\":{\"@id\":\"https:\/\/videstehnika.lv\/katalogs\/logi\/velux-premium-gpl-3070-panoramiskais-jumta-logs\/#primaryimage\"},\"thumbnailUrl\":\"https:\/\/videstehnika.lv\/wp-content\/uploads\/2021\/06\/VELUX-GPL-3070-Jumta-logs-Premium.jpg\",\"datePublished\":\"2021-06-01T08:17:40+00:00\",\"dateModified\":\"2021-11-05T05:40:14+00:00\",\"description\":\"VELUX Premium GPL 3070 panor\u0101miskais jumta logs ar rokturi apak\u0161\u0101 nodro\u0161ina pla\u0161u, panor\u0101mas skatu un palielina dienas gaismas daudzumu.\",\"breadcrumb\":{\"@id\":\"https:\/\/videstehnika.lv\/katalogs\/logi\/velux-premium-gpl-3070-panoramiskais-jumta-logs\/#breadcrumb\"},\"inLanguage\":\"et\",\"potentialAction\":[{\"@type\":\"ReadAction\",\"target\":[\"https:\/\/videstehnika.lv\/katalogs\/logi\/velux-premium-gpl-3070-panoramiskais-jumta-logs\/\"]}]},{\"@type\":\"ImageObject\",\"inLanguage\":\"et\",\"@id\":\"https:\/\/videstehnika.lv\/katalogs\/logi\/velux-premium-gpl-3070-panoramiskais-jumta-logs\/#primaryimage\",\"url\":\"https:\/\/videstehnika.lv\/wp-content\/uploads\/2021\/06\/VELUX-GPL-3070-Jumta-logs-Premium.jpg\",\"contentUrl\":\"https:\/\/videstehnika.lv\/wp-content\/uploads\/2021\/06\/VELUX-GPL-3070-Jumta-logs-Premium.jpg\",\"width\":900,\"height\":900,\"caption\":\"VELUX GPL 3070 Jumta logs Premium\"},{\"@type\":\"BreadcrumbList\",\"@id\":\"https:\/\/videstehnika.lv\/katalogs\/logi\/velux-premium-gpl-3070-panoramiskais-jumta-logs\/#breadcrumb\",\"itemListElement\":[{\"@type\":\"ListItem\",\"position\":1,\"name\":\"Home\",\"item\":\"https:\/\/videstehnika.lv\/et\/\"},{\"@type\":\"ListItem\",\"position\":2,\"name\":\"Kataloog\",\"item\":\"https:\/\/videstehnika.lv\/et\/kataloog\/\"},{\"@type\":\"ListItem\",\"position\":3,\"name\":\"VELUX Premium GPL 3070 panor\u0101miskais jumta logs\"}]},{\"@type\":\"WebSite\",\"@id\":\"https:\/\/videstehnika.lv\/et\/#website\",\"url\":\"https:\/\/videstehnika.lv\/et\/\",\"name\":\"Vides Tehnika\",\"description\":\"\",\"potentialAction\":[{\"@type\":\"SearchAction\",\"target\":{\"@type\":\"EntryPoint\",\"urlTemplate\":\"https:\/\/videstehnika.lv\/et\/?s={search_term_string}\"},\"query-input\":{\"@type\":\"PropertyValueSpecification\",\"valueRequired\":true,\"valueName\":\"search_term_string\"}}],\"inLanguage\":\"et\"}]}<\/script>\n<!-- \/ Yoast SEO plugin. -->","yoast_head_json":{"title":"VELUX Premium GPL 3070 panor\u0101miskais jumta logs &#8226; Vides Tehnika","description":"VELUX Premium GPL 3070 panor\u0101miskais jumta logs ar rokturi apak\u0161\u0101 nodro\u0161ina pla\u0161u, panor\u0101mas skatu un palielina dienas gaismas daudzumu.","robots":{"index":"index","follow":"follow","max-snippet":"max-snippet:-1","max-image-preview":"max-image-preview:large","max-video-preview":"max-video-preview:-1"},"canonical":"https:\/\/videstehnika.lv\/et\/katalogs\/logi\/velux-premium-gpl-3070-panoramiskais-jumta-logs\/","og_locale":"et_EE","og_type":"article","og_title":"VELUX Premium GPL 3070 panor\u0101miskais jumta logs &#8226; Vides Tehnika","og_description":"VELUX Premium GPL 3070 panor\u0101miskais jumta logs ar rokturi apak\u0161\u0101 nodro\u0161ina pla\u0161u, panor\u0101mas skatu un palielina dienas gaismas daudzumu.","og_url":"https:\/\/videstehnika.lv\/katalogs\/logi\/velux-premium-gpl-3070-panoramiskais-jumta-logs\/","og_site_name":"Vides Tehnika","article_modified_time":"2021-11-05T05:40:14+00:00","og_image":[{"width":900,"height":900,"url":"https:\/\/videstehnika.lv\/wp-content\/uploads\/2021\/06\/VELUX-GPL-3070-Jumta-logs-Premium.jpg","type":"image\/jpeg"}],"twitter_card":"summary_large_image","twitter_misc":{"Est. reading time":"1 minut"},"schema":{"@context":"https:\/\/schema.org","@graph":[{"@type":"WebPage","@id":"https:\/\/videstehnika.lv\/katalogs\/logi\/velux-premium-gpl-3070-panoramiskais-jumta-logs\/","url":"https:\/\/videstehnika.lv\/katalogs\/logi\/velux-premium-gpl-3070-panoramiskais-jumta-logs\/","name":"VELUX Premium GPL 3070 panor\u0101miskais jumta logs &#8226; Vides Tehnika","isPartOf":{"@id":"https:\/\/videstehnika.lv\/et\/#website"},"primaryImageOfPage":{"@id":"https:\/\/videstehnika.lv\/katalogs\/logi\/velux-premium-gpl-3070-panoramiskais-jumta-logs\/#primaryimage"},"image":{"@id":"https:\/\/videstehnika.lv\/katalogs\/logi\/velux-premium-gpl-3070-panoramiskais-jumta-logs\/#primaryimage"},"thumbnailUrl":"https:\/\/videstehnika.lv\/wp-content\/uploads\/2021\/06\/VELUX-GPL-3070-Jumta-logs-Premium.jpg","datePublished":"2021-06-01T08:17:40+00:00","dateModified":"2021-11-05T05:40:14+00:00","description":"VELUX Premium GPL 3070 panor\u0101miskais jumta logs ar rokturi apak\u0161\u0101 nodro\u0161ina pla\u0161u, panor\u0101mas skatu un palielina dienas gaismas daudzumu.","breadcrumb":{"@id":"https:\/\/videstehnika.lv\/katalogs\/logi\/velux-premium-gpl-3070-panoramiskais-jumta-logs\/#breadcrumb"},"inLanguage":"et","potentialAction":[{"@type":"ReadAction","target":["https:\/\/videstehnika.lv\/katalogs\/logi\/velux-premium-gpl-3070-panoramiskais-jumta-logs\/"]}]},{"@type":"ImageObject","inLanguage":"et","@id":"https:\/\/videstehnika.lv\/katalogs\/logi\/velux-premium-gpl-3070-panoramiskais-jumta-logs\/#primaryimage","url":"https:\/\/videstehnika.lv\/wp-content\/uploads\/2021\/06\/VELUX-GPL-3070-Jumta-logs-Premium.jpg","contentUrl":"https:\/\/videstehnika.lv\/wp-content\/uploads\/2021\/06\/VELUX-GPL-3070-Jumta-logs-Premium.jpg","width":900,"height":900,"caption":"VELUX GPL 3070 Jumta logs Premium"},{"@type":"BreadcrumbList","@id":"https:\/\/videstehnika.lv\/katalogs\/logi\/velux-premium-gpl-3070-panoramiskais-jumta-logs\/#breadcrumb","itemListElement":[{"@type":"ListItem","position":1,"name":"Home","item":"https:\/\/videstehnika.lv\/et\/"},{"@type":"ListItem","position":2,"name":"Kataloog","item":"https:\/\/videstehnika.lv\/et\/kataloog\/"},{"@type":"ListItem","position":3,"name":"VELUX Premium GPL 3070 panor\u0101miskais jumta logs"}]},{"@type":"WebSite","@id":"https:\/\/videstehnika.lv\/et\/#website","url":"https:\/\/videstehnika.lv\/et\/","name":"Vides Tehnika","description":"","potentialAction":[{"@type":"SearchAction","target":{"@type":"EntryPoint","urlTemplate":"https:\/\/videstehnika.lv\/et\/?s={search_term_string}"},"query-input":{"@type":"PropertyValueSpecification","valueRequired":true,"valueName":"search_term_string"}}],"inLanguage":"et"}]}},"_links":{"self":[{"href":"https:\/\/videstehnika.lv\/et\/wp-json\/wp\/v2\/product\/9472","targetHints":{"allow":["GET"]}}],"collection":[{"href":"https:\/\/videstehnika.lv\/et\/wp-json\/wp\/v2\/product"}],"about":[{"href":"https:\/\/videstehnika.lv\/et\/wp-json\/wp\/v2\/types\/product"}],"wp:featuredmedia":[{"embeddable":true,"href":"https:\/\/videstehnika.lv\/et\/wp-json\/wp\/v2\/media\/9490"}],"wp:attachment":[{"href":"https:\/\/videstehnika.lv\/et\/wp-json\/wp\/v2\/media?parent=9472"}],"wp:term":[{"taxonomy":"product_cat","embeddable":true,"href":"https:\/\/videstehnika.lv\/et\/wp-json\/wp\/v2\/product_cat?post=9472"},{"taxonomy":"product_tag","embeddable":true,"href":"https:\/\/videstehnika.lv\/et\/wp-json\/wp\/v2\/product_tag?post=9472"}],"curies":[{"name":"wp","href":"https:\/\/api.w.org\/{rel}","templated":true}]}}