{"id":9493,"date":"2021-06-01T11:52:05","date_gmt":"2021-06-01T08:52:05","guid":{"rendered":"https:\/\/videstehnika.lv\/?post_type=product&#038;p=9493"},"modified":"2021-11-05T07:40:33","modified_gmt":"2021-11-05T05:40:33","slug":"velux-premium-integra-gpu-006621-panoramiskais-jumta-logs","status":"publish","type":"product","link":"https:\/\/videstehnika.lv\/katalogs\/logi\/velux-premium-integra-gpu-006621-panoramiskais-jumta-logs\/","title":{"rendered":"VELUX Premium INTEGRA GPU 006621 panor\u0101miskais jumta logs"},"content":{"rendered":"<h2>VELUX Premium INTEGRA GPU 006621 panor\u0101miskais jumta logs<\/h2>\n<p>Vis\u0113rt\u0101kie logi. VELUX INTEGRA\u00ae elektriskais pa aug\u0161\u0113jo asi verams jumta logs ir apr\u012bkots ar motoru un to var atv\u0113rt vai aizv\u0113rt ar\u012b manu\u0101li, turkl\u0101t \u0161is jumta logs paver panor\u0101mas skatu. Saj\u016bta ir l\u012bdz\u012bgi k\u0101 st\u0101vot uz balkona, jo telpa tiek piepild\u012bta ar dabisku dienas gaismu.<\/p>\n<h2>VELUX jumta loga Premium INTEGRA GPU 006621 priek\u0161roc\u012bbas:<\/h2>\n<ul>\n<li>Bez piep\u016bles atverams l\u012bdz 45 gr\u0101diem, paverot br\u012bni\u0161\u0137\u012bgu panor\u0101mas skatu;<\/li>\n<li>Ja s\u0101kas lietus, lietus sensors aizver logu, t\u0101d\u0113\u013c nav riska, ka lietus iek\u013c\u016bs iek\u0161telp\u0101s;<\/li>\n<li>Izmantojot VELUX ACTIVE with NETATMO, ieg\u016bsiet viedas lietot\u0146u p\u0101rvald\u012bbas iesp\u0113jas un var\u0113siet kontrol\u0113t sensora darb\u012bbu;<\/li>\n<li>Garantija 10 gadi;<\/li>\n<li>Uw 1,0.<\/li>\n<\/ul>\n","protected":false},"excerpt":{"rendered":"<p>VELUX Premium INTEGRA GPU 006621 panor\u0101miskais jumta logs Vis\u0113rt\u0101kie logi. VELUX INTEGRA\u00ae elektriskais pa aug\u0161\u0113jo asi verams jumta logs ir<\/p>\n","protected":false},"featured_media":9502,"template":"","meta":{"_acf_changed":false},"product_cat":[1468,1467],"product_tag":[],"class_list":{"0":"post-9493","1":"product","2":"type-product","3":"status-publish","4":"has-post-thumbnail","6":"product_cat-jumta-logi","7":"product_cat-logi","9":"first","10":"onbackorder","11":"taxable","12":"shipping-taxable","13":"purchasable","14":"product-type-variable"},"acf":[],"yoast_head":"<!-- This site is optimized with the Yoast SEO plugin v24.2 - https:\/\/yoast.com\/wordpress\/plugins\/seo\/ -->\n<title>VELUX Premium INTEGRA panor\u0101miskais jumta logs &#8226; Vides Tehnika<\/title>\n<meta name=\"description\" content=\"VELUX Premium INTEGRA panor\u0101miskais jumta logs - elektrisks, pa aug\u0161\u0113jo asi verams, apr\u012bkots ar motoru un to var atv\u0113rt, aizv\u0113rt ar\u012b manu\u0101li.\" \/>\n<meta name=\"robots\" content=\"index, follow, max-snippet:-1, max-image-preview:large, max-video-preview:-1\" \/>\n<link rel=\"canonical\" href=\"https:\/\/videstehnika.lv\/et\/katalogs\/logi\/velux-premium-integra-gpu-006621-panoramiskais-jumta-logs\/\" \/>\n<meta property=\"og:locale\" content=\"et_EE\" \/>\n<meta property=\"og:type\" content=\"article\" \/>\n<meta property=\"og:title\" content=\"VELUX Premium INTEGRA panor\u0101miskais jumta logs &#8226; Vides Tehnika\" \/>\n<meta property=\"og:description\" content=\"VELUX Premium INTEGRA panor\u0101miskais jumta logs - elektrisks, pa aug\u0161\u0113jo asi verams, apr\u012bkots ar motoru un to var atv\u0113rt, aizv\u0113rt ar\u012b manu\u0101li.\" \/>\n<meta property=\"og:url\" content=\"https:\/\/videstehnika.lv\/katalogs\/logi\/velux-premium-integra-gpu-006621-panoramiskais-jumta-logs\/\" \/>\n<meta property=\"og:site_name\" content=\"Vides Tehnika\" \/>\n<meta property=\"article:modified_time\" content=\"2021-11-05T05:40:33+00:00\" \/>\n<meta property=\"og:image\" content=\"https:\/\/videstehnika.lv\/wp-content\/uploads\/2021\/06\/VELUX-Premium-INTEGRA-GPU-006621-jumta-logs.jpg\" \/>\n\t<meta property=\"og:image:width\" content=\"900\" \/>\n\t<meta property=\"og:image:height\" content=\"900\" \/>\n\t<meta property=\"og:image:type\" content=\"image\/jpeg\" \/>\n<meta name=\"twitter:card\" content=\"summary_large_image\" \/>\n<meta name=\"twitter:label1\" content=\"Est. reading time\" \/>\n\t<meta name=\"twitter:data1\" content=\"1 minut\" \/>\n<script type=\"application\/ld+json\" class=\"yoast-schema-graph\">{\"@context\":\"https:\/\/schema.org\",\"@graph\":[{\"@type\":\"WebPage\",\"@id\":\"https:\/\/videstehnika.lv\/katalogs\/logi\/velux-premium-integra-gpu-006621-panoramiskais-jumta-logs\/\",\"url\":\"https:\/\/videstehnika.lv\/katalogs\/logi\/velux-premium-integra-gpu-006621-panoramiskais-jumta-logs\/\",\"name\":\"VELUX Premium INTEGRA panor\u0101miskais jumta logs &#8226; Vides Tehnika\",\"isPartOf\":{\"@id\":\"https:\/\/videstehnika.lv\/et\/#website\"},\"primaryImageOfPage\":{\"@id\":\"https:\/\/videstehnika.lv\/katalogs\/logi\/velux-premium-integra-gpu-006621-panoramiskais-jumta-logs\/#primaryimage\"},\"image\":{\"@id\":\"https:\/\/videstehnika.lv\/katalogs\/logi\/velux-premium-integra-gpu-006621-panoramiskais-jumta-logs\/#primaryimage\"},\"thumbnailUrl\":\"https:\/\/videstehnika.lv\/wp-content\/uploads\/2021\/06\/VELUX-Premium-INTEGRA-GPU-006621-jumta-logs.jpg\",\"datePublished\":\"2021-06-01T08:52:05+00:00\",\"dateModified\":\"2021-11-05T05:40:33+00:00\",\"description\":\"VELUX Premium INTEGRA panor\u0101miskais jumta logs - elektrisks, pa aug\u0161\u0113jo asi verams, apr\u012bkots ar motoru un to var atv\u0113rt, aizv\u0113rt ar\u012b manu\u0101li.\",\"breadcrumb\":{\"@id\":\"https:\/\/videstehnika.lv\/katalogs\/logi\/velux-premium-integra-gpu-006621-panoramiskais-jumta-logs\/#breadcrumb\"},\"inLanguage\":\"et\",\"potentialAction\":[{\"@type\":\"ReadAction\",\"target\":[\"https:\/\/videstehnika.lv\/katalogs\/logi\/velux-premium-integra-gpu-006621-panoramiskais-jumta-logs\/\"]}]},{\"@type\":\"ImageObject\",\"inLanguage\":\"et\",\"@id\":\"https:\/\/videstehnika.lv\/katalogs\/logi\/velux-premium-integra-gpu-006621-panoramiskais-jumta-logs\/#primaryimage\",\"url\":\"https:\/\/videstehnika.lv\/wp-content\/uploads\/2021\/06\/VELUX-Premium-INTEGRA-GPU-006621-jumta-logs.jpg\",\"contentUrl\":\"https:\/\/videstehnika.lv\/wp-content\/uploads\/2021\/06\/VELUX-Premium-INTEGRA-GPU-006621-jumta-logs.jpg\",\"width\":900,\"height\":900,\"caption\":\"VELUX Premium GPU 0070\"},{\"@type\":\"BreadcrumbList\",\"@id\":\"https:\/\/videstehnika.lv\/katalogs\/logi\/velux-premium-integra-gpu-006621-panoramiskais-jumta-logs\/#breadcrumb\",\"itemListElement\":[{\"@type\":\"ListItem\",\"position\":1,\"name\":\"Home\",\"item\":\"https:\/\/videstehnika.lv\/et\/\"},{\"@type\":\"ListItem\",\"position\":2,\"name\":\"Kataloog\",\"item\":\"https:\/\/videstehnika.lv\/et\/kataloog\/\"},{\"@type\":\"ListItem\",\"position\":3,\"name\":\"VELUX Premium INTEGRA GPU 006621 panor\u0101miskais jumta logs\"}]},{\"@type\":\"WebSite\",\"@id\":\"https:\/\/videstehnika.lv\/et\/#website\",\"url\":\"https:\/\/videstehnika.lv\/et\/\",\"name\":\"Vides Tehnika\",\"description\":\"\",\"potentialAction\":[{\"@type\":\"SearchAction\",\"target\":{\"@type\":\"EntryPoint\",\"urlTemplate\":\"https:\/\/videstehnika.lv\/et\/?s={search_term_string}\"},\"query-input\":{\"@type\":\"PropertyValueSpecification\",\"valueRequired\":true,\"valueName\":\"search_term_string\"}}],\"inLanguage\":\"et\"}]}<\/script>\n<!-- \/ Yoast SEO plugin. -->","yoast_head_json":{"title":"VELUX Premium INTEGRA panor\u0101miskais jumta logs &#8226; Vides Tehnika","description":"VELUX Premium INTEGRA panor\u0101miskais jumta logs - elektrisks, pa aug\u0161\u0113jo asi verams, apr\u012bkots ar motoru un to var atv\u0113rt, aizv\u0113rt ar\u012b manu\u0101li.","robots":{"index":"index","follow":"follow","max-snippet":"max-snippet:-1","max-image-preview":"max-image-preview:large","max-video-preview":"max-video-preview:-1"},"canonical":"https:\/\/videstehnika.lv\/et\/katalogs\/logi\/velux-premium-integra-gpu-006621-panoramiskais-jumta-logs\/","og_locale":"et_EE","og_type":"article","og_title":"VELUX Premium INTEGRA panor\u0101miskais jumta logs &#8226; Vides Tehnika","og_description":"VELUX Premium INTEGRA panor\u0101miskais jumta logs - elektrisks, pa aug\u0161\u0113jo asi verams, apr\u012bkots ar motoru un to var atv\u0113rt, aizv\u0113rt ar\u012b manu\u0101li.","og_url":"https:\/\/videstehnika.lv\/katalogs\/logi\/velux-premium-integra-gpu-006621-panoramiskais-jumta-logs\/","og_site_name":"Vides Tehnika","article_modified_time":"2021-11-05T05:40:33+00:00","og_image":[{"width":900,"height":900,"url":"https:\/\/videstehnika.lv\/wp-content\/uploads\/2021\/06\/VELUX-Premium-INTEGRA-GPU-006621-jumta-logs.jpg","type":"image\/jpeg"}],"twitter_card":"summary_large_image","twitter_misc":{"Est. reading time":"1 minut"},"schema":{"@context":"https:\/\/schema.org","@graph":[{"@type":"WebPage","@id":"https:\/\/videstehnika.lv\/katalogs\/logi\/velux-premium-integra-gpu-006621-panoramiskais-jumta-logs\/","url":"https:\/\/videstehnika.lv\/katalogs\/logi\/velux-premium-integra-gpu-006621-panoramiskais-jumta-logs\/","name":"VELUX Premium INTEGRA panor\u0101miskais jumta logs &#8226; Vides Tehnika","isPartOf":{"@id":"https:\/\/videstehnika.lv\/et\/#website"},"primaryImageOfPage":{"@id":"https:\/\/videstehnika.lv\/katalogs\/logi\/velux-premium-integra-gpu-006621-panoramiskais-jumta-logs\/#primaryimage"},"image":{"@id":"https:\/\/videstehnika.lv\/katalogs\/logi\/velux-premium-integra-gpu-006621-panoramiskais-jumta-logs\/#primaryimage"},"thumbnailUrl":"https:\/\/videstehnika.lv\/wp-content\/uploads\/2021\/06\/VELUX-Premium-INTEGRA-GPU-006621-jumta-logs.jpg","datePublished":"2021-06-01T08:52:05+00:00","dateModified":"2021-11-05T05:40:33+00:00","description":"VELUX Premium INTEGRA panor\u0101miskais jumta logs - elektrisks, pa aug\u0161\u0113jo asi verams, apr\u012bkots ar motoru un to var atv\u0113rt, aizv\u0113rt ar\u012b manu\u0101li.","breadcrumb":{"@id":"https:\/\/videstehnika.lv\/katalogs\/logi\/velux-premium-integra-gpu-006621-panoramiskais-jumta-logs\/#breadcrumb"},"inLanguage":"et","potentialAction":[{"@type":"ReadAction","target":["https:\/\/videstehnika.lv\/katalogs\/logi\/velux-premium-integra-gpu-006621-panoramiskais-jumta-logs\/"]}]},{"@type":"ImageObject","inLanguage":"et","@id":"https:\/\/videstehnika.lv\/katalogs\/logi\/velux-premium-integra-gpu-006621-panoramiskais-jumta-logs\/#primaryimage","url":"https:\/\/videstehnika.lv\/wp-content\/uploads\/2021\/06\/VELUX-Premium-INTEGRA-GPU-006621-jumta-logs.jpg","contentUrl":"https:\/\/videstehnika.lv\/wp-content\/uploads\/2021\/06\/VELUX-Premium-INTEGRA-GPU-006621-jumta-logs.jpg","width":900,"height":900,"caption":"VELUX Premium GPU 0070"},{"@type":"BreadcrumbList","@id":"https:\/\/videstehnika.lv\/katalogs\/logi\/velux-premium-integra-gpu-006621-panoramiskais-jumta-logs\/#breadcrumb","itemListElement":[{"@type":"ListItem","position":1,"name":"Home","item":"https:\/\/videstehnika.lv\/et\/"},{"@type":"ListItem","position":2,"name":"Kataloog","item":"https:\/\/videstehnika.lv\/et\/kataloog\/"},{"@type":"ListItem","position":3,"name":"VELUX Premium INTEGRA GPU 006621 panor\u0101miskais jumta logs"}]},{"@type":"WebSite","@id":"https:\/\/videstehnika.lv\/et\/#website","url":"https:\/\/videstehnika.lv\/et\/","name":"Vides Tehnika","description":"","potentialAction":[{"@type":"SearchAction","target":{"@type":"EntryPoint","urlTemplate":"https:\/\/videstehnika.lv\/et\/?s={search_term_string}"},"query-input":{"@type":"PropertyValueSpecification","valueRequired":true,"valueName":"search_term_string"}}],"inLanguage":"et"}]}},"_links":{"self":[{"href":"https:\/\/videstehnika.lv\/et\/wp-json\/wp\/v2\/product\/9493","targetHints":{"allow":["GET"]}}],"collection":[{"href":"https:\/\/videstehnika.lv\/et\/wp-json\/wp\/v2\/product"}],"about":[{"href":"https:\/\/videstehnika.lv\/et\/wp-json\/wp\/v2\/types\/product"}],"wp:featuredmedia":[{"embeddable":true,"href":"https:\/\/videstehnika.lv\/et\/wp-json\/wp\/v2\/media\/9502"}],"wp:attachment":[{"href":"https:\/\/videstehnika.lv\/et\/wp-json\/wp\/v2\/media?parent=9493"}],"wp:term":[{"taxonomy":"product_cat","embeddable":true,"href":"https:\/\/videstehnika.lv\/et\/wp-json\/wp\/v2\/product_cat?post=9493"},{"taxonomy":"product_tag","embeddable":true,"href":"https:\/\/videstehnika.lv\/et\/wp-json\/wp\/v2\/product_tag?post=9493"}],"curies":[{"name":"wp","href":"https:\/\/api.w.org\/{rel}","templated":true}]}}