{"id":9584,"date":"2021-06-01T16:31:36","date_gmt":"2021-06-01T13:31:36","guid":{"rendered":"https:\/\/videstehnika.lv\/?post_type=product&#038;p=9584"},"modified":"2021-11-05T07:41:24","modified_gmt":"2021-11-05T05:41:24","slug":"velux-jumta-logs-premium-integra-ggl-306821-ar-divkameru-stikla-paketi","status":"publish","type":"product","link":"https:\/\/videstehnika.lv\/katalogs\/logi\/velux-jumta-logs-premium-integra-ggl-306821-ar-divkameru-stikla-paketi\/","title":{"rendered":"VELUX logs Premium INTEGRA GGL 306821 ar divkameru stikla paketi"},"content":{"rendered":"<h2>VELUX logs Premium INTEGRA GGL 306821 ar divkameru stikla paketi<\/h2>\n<p>Ja l\u016bkojaties p\u0113c nep\u0101rsp\u0113jama komforta, Jums ir nepiecie\u0161ams VELUX INTEGRA\u00ae. \u0160\u012b novatorisk\u0101 logu, \u017eal\u016bziju un sl\u0113\u0123u t\u0101lvad\u012bbas sist\u0113ma \u013cauj tos atv\u0113rt un aizv\u0113rt tikai ar vienu piesk\u0101rienu vad\u012bbas sl\u0113dzim. Pievienojot INTEGRA produktiem VELUX ACTIVE sist\u0113mu, J\u016bs varat regul\u0113t ar viedier\u012bci t\u0101lvad\u012bbas jumta logus un aksesu\u0101rus no jebkuras vietas Pasaul\u0113. VELUX INTEGRA\u00ae ir vislab\u0101k\u0101 izv\u0113le, lai ieg\u016btu svaigu gaisu un lab\u0101ku mikroklimatu telp\u0101s. Pieejams versij\u0101s gan ar baro\u0161anu no elektrot\u012bkla, gan no saules baterij\u0101m.<\/p>\n<h2>VELUX jumta loga Premium INTEGRA GGL 306821 priek\u0161roc\u012bbas:<\/h2>\n<ul>\n<li>Lamin\u0113ts stikls dro\u0161\u012bbai;<\/li>\n<li>Elegants dizains, ergonomisks rokturis;<\/li>\n<li>Koka logs ar caursp\u012bd\u012bgu laku;<\/li>\n<li>Kvalitat\u012bvi kalpo visos laika apst\u0101k\u013cos;<\/li>\n<li>Rokturis v\u0113rtnes aug\u0161\u0101;<\/li>\n<li>T\u0101lvad\u012bba (elektrisk\u0101 vai sol\u0101r\u0101);<\/li>\n<li>Ieb\u016bv\u0113ta ventil\u0101cija;<\/li>\n<li>Putek\u013cu un insektu filtrs;<\/li>\n<li>ThermoTechnology\u2122 uzlabotai energoefektivit\u0101tei;<\/li>\n<li>Papildu bl\u012bvgumija uzlabotam herm\u0113tiskumam;<\/li>\n<li>Lietus sensors;<\/li>\n<li>Sk\u0101rienjut\u012bga pults;<\/li>\n<li>Autom\u0101tiskas programmas;<\/li>\n<li>Garantija 10 gadi.<\/li>\n<\/ul>\n","protected":false},"excerpt":{"rendered":"<p>VELUX logs Premium INTEGRA GGL 306821 ar divkameru stikla paketi Ja l\u016bkojaties p\u0113c nep\u0101rsp\u0113jama komforta, Jums ir nepiecie\u0161ams VELUX INTEGRA\u00ae.<\/p>\n","protected":false},"featured_media":9605,"template":"","meta":{"_acf_changed":false},"product_cat":[1468,1467],"product_tag":[],"class_list":{"0":"post-9584","1":"product","2":"type-product","3":"status-publish","4":"has-post-thumbnail","6":"product_cat-jumta-logi","7":"product_cat-logi","9":"first","10":"onbackorder","11":"taxable","12":"shipping-taxable","13":"purchasable","14":"product-type-variable"},"acf":[],"yoast_head":"<!-- This site is optimized with the Yoast SEO plugin v24.2 - https:\/\/yoast.com\/wordpress\/plugins\/seo\/ -->\n<title>VELUX jumta logs INTEGRA ar divkameru stikla paketi &#8226; Vides Tehnika<\/title>\n<meta name=\"description\" content=\"VELUX jumta logs INTEGRA ar divkameru stikla paketi. Ar t\u0101lvad\u012bbu vad\u0101mi jumta logi, kas veras pa loga centr\u0101lo asi.\" \/>\n<meta name=\"robots\" content=\"index, follow, max-snippet:-1, max-image-preview:large, max-video-preview:-1\" \/>\n<link rel=\"canonical\" href=\"https:\/\/videstehnika.lv\/et\/katalogs\/logi\/velux-jumta-logs-premium-integra-ggl-306821-ar-divkameru-stikla-paketi\/\" \/>\n<meta property=\"og:locale\" content=\"et_EE\" \/>\n<meta property=\"og:type\" content=\"article\" \/>\n<meta property=\"og:title\" content=\"VELUX jumta logs INTEGRA ar divkameru stikla paketi &#8226; Vides Tehnika\" \/>\n<meta property=\"og:description\" content=\"VELUX jumta logs INTEGRA ar divkameru stikla paketi. Ar t\u0101lvad\u012bbu vad\u0101mi jumta logi, kas veras pa loga centr\u0101lo asi.\" \/>\n<meta property=\"og:url\" content=\"https:\/\/videstehnika.lv\/katalogs\/logi\/velux-jumta-logs-premium-integra-ggl-306821-ar-divkameru-stikla-paketi\/\" \/>\n<meta property=\"og:site_name\" content=\"Vides Tehnika\" \/>\n<meta property=\"article:modified_time\" content=\"2021-11-05T05:41:24+00:00\" \/>\n<meta property=\"og:image\" content=\"https:\/\/videstehnika.lv\/wp-content\/uploads\/2021\/06\/VELUX-jumta-logs-Premium-INTEGRA-GGL-306821-ar-divkameru-stikla-paketi.jpg\" \/>\n\t<meta property=\"og:image:width\" content=\"900\" \/>\n\t<meta property=\"og:image:height\" content=\"900\" \/>\n\t<meta property=\"og:image:type\" content=\"image\/jpeg\" \/>\n<meta name=\"twitter:card\" content=\"summary_large_image\" \/>\n<meta name=\"twitter:label1\" content=\"Est. reading time\" \/>\n\t<meta name=\"twitter:data1\" content=\"1 minut\" \/>\n<script type=\"application\/ld+json\" class=\"yoast-schema-graph\">{\"@context\":\"https:\/\/schema.org\",\"@graph\":[{\"@type\":\"WebPage\",\"@id\":\"https:\/\/videstehnika.lv\/katalogs\/logi\/velux-jumta-logs-premium-integra-ggl-306821-ar-divkameru-stikla-paketi\/\",\"url\":\"https:\/\/videstehnika.lv\/katalogs\/logi\/velux-jumta-logs-premium-integra-ggl-306821-ar-divkameru-stikla-paketi\/\",\"name\":\"VELUX jumta logs INTEGRA ar divkameru stikla paketi &#8226; Vides Tehnika\",\"isPartOf\":{\"@id\":\"https:\/\/videstehnika.lv\/et\/#website\"},\"primaryImageOfPage\":{\"@id\":\"https:\/\/videstehnika.lv\/katalogs\/logi\/velux-jumta-logs-premium-integra-ggl-306821-ar-divkameru-stikla-paketi\/#primaryimage\"},\"image\":{\"@id\":\"https:\/\/videstehnika.lv\/katalogs\/logi\/velux-jumta-logs-premium-integra-ggl-306821-ar-divkameru-stikla-paketi\/#primaryimage\"},\"thumbnailUrl\":\"https:\/\/videstehnika.lv\/wp-content\/uploads\/2021\/06\/VELUX-jumta-logs-Premium-INTEGRA-GGL-306821-ar-divkameru-stikla-paketi.jpg\",\"datePublished\":\"2021-06-01T13:31:36+00:00\",\"dateModified\":\"2021-11-05T05:41:24+00:00\",\"description\":\"VELUX jumta logs INTEGRA ar divkameru stikla paketi. Ar t\u0101lvad\u012bbu vad\u0101mi jumta logi, kas veras pa loga centr\u0101lo asi.\",\"breadcrumb\":{\"@id\":\"https:\/\/videstehnika.lv\/katalogs\/logi\/velux-jumta-logs-premium-integra-ggl-306821-ar-divkameru-stikla-paketi\/#breadcrumb\"},\"inLanguage\":\"et\",\"potentialAction\":[{\"@type\":\"ReadAction\",\"target\":[\"https:\/\/videstehnika.lv\/katalogs\/logi\/velux-jumta-logs-premium-integra-ggl-306821-ar-divkameru-stikla-paketi\/\"]}]},{\"@type\":\"ImageObject\",\"inLanguage\":\"et\",\"@id\":\"https:\/\/videstehnika.lv\/katalogs\/logi\/velux-jumta-logs-premium-integra-ggl-306821-ar-divkameru-stikla-paketi\/#primaryimage\",\"url\":\"https:\/\/videstehnika.lv\/wp-content\/uploads\/2021\/06\/VELUX-jumta-logs-Premium-INTEGRA-GGL-306821-ar-divkameru-stikla-paketi.jpg\",\"contentUrl\":\"https:\/\/videstehnika.lv\/wp-content\/uploads\/2021\/06\/VELUX-jumta-logs-Premium-INTEGRA-GGL-306821-ar-divkameru-stikla-paketi.jpg\",\"width\":900,\"height\":900,\"caption\":\"VELUX jumta logs Premium INTEGRA GGL 306821 ar divkameru stikla paketi\"},{\"@type\":\"BreadcrumbList\",\"@id\":\"https:\/\/videstehnika.lv\/katalogs\/logi\/velux-jumta-logs-premium-integra-ggl-306821-ar-divkameru-stikla-paketi\/#breadcrumb\",\"itemListElement\":[{\"@type\":\"ListItem\",\"position\":1,\"name\":\"Home\",\"item\":\"https:\/\/videstehnika.lv\/et\/\"},{\"@type\":\"ListItem\",\"position\":2,\"name\":\"Kataloog\",\"item\":\"https:\/\/videstehnika.lv\/et\/kataloog\/\"},{\"@type\":\"ListItem\",\"position\":3,\"name\":\"VELUX logs Premium INTEGRA GGL 306821 ar divkameru stikla paketi\"}]},{\"@type\":\"WebSite\",\"@id\":\"https:\/\/videstehnika.lv\/et\/#website\",\"url\":\"https:\/\/videstehnika.lv\/et\/\",\"name\":\"Vides Tehnika\",\"description\":\"\",\"potentialAction\":[{\"@type\":\"SearchAction\",\"target\":{\"@type\":\"EntryPoint\",\"urlTemplate\":\"https:\/\/videstehnika.lv\/et\/?s={search_term_string}\"},\"query-input\":{\"@type\":\"PropertyValueSpecification\",\"valueRequired\":true,\"valueName\":\"search_term_string\"}}],\"inLanguage\":\"et\"}]}<\/script>\n<!-- \/ Yoast SEO plugin. -->","yoast_head_json":{"title":"VELUX jumta logs INTEGRA ar divkameru stikla paketi &#8226; Vides Tehnika","description":"VELUX jumta logs INTEGRA ar divkameru stikla paketi. Ar t\u0101lvad\u012bbu vad\u0101mi jumta logi, kas veras pa loga centr\u0101lo asi.","robots":{"index":"index","follow":"follow","max-snippet":"max-snippet:-1","max-image-preview":"max-image-preview:large","max-video-preview":"max-video-preview:-1"},"canonical":"https:\/\/videstehnika.lv\/et\/katalogs\/logi\/velux-jumta-logs-premium-integra-ggl-306821-ar-divkameru-stikla-paketi\/","og_locale":"et_EE","og_type":"article","og_title":"VELUX jumta logs INTEGRA ar divkameru stikla paketi &#8226; Vides Tehnika","og_description":"VELUX jumta logs INTEGRA ar divkameru stikla paketi. Ar t\u0101lvad\u012bbu vad\u0101mi jumta logi, kas veras pa loga centr\u0101lo asi.","og_url":"https:\/\/videstehnika.lv\/katalogs\/logi\/velux-jumta-logs-premium-integra-ggl-306821-ar-divkameru-stikla-paketi\/","og_site_name":"Vides Tehnika","article_modified_time":"2021-11-05T05:41:24+00:00","og_image":[{"width":900,"height":900,"url":"https:\/\/videstehnika.lv\/wp-content\/uploads\/2021\/06\/VELUX-jumta-logs-Premium-INTEGRA-GGL-306821-ar-divkameru-stikla-paketi.jpg","type":"image\/jpeg"}],"twitter_card":"summary_large_image","twitter_misc":{"Est. reading time":"1 minut"},"schema":{"@context":"https:\/\/schema.org","@graph":[{"@type":"WebPage","@id":"https:\/\/videstehnika.lv\/katalogs\/logi\/velux-jumta-logs-premium-integra-ggl-306821-ar-divkameru-stikla-paketi\/","url":"https:\/\/videstehnika.lv\/katalogs\/logi\/velux-jumta-logs-premium-integra-ggl-306821-ar-divkameru-stikla-paketi\/","name":"VELUX jumta logs INTEGRA ar divkameru stikla paketi &#8226; Vides Tehnika","isPartOf":{"@id":"https:\/\/videstehnika.lv\/et\/#website"},"primaryImageOfPage":{"@id":"https:\/\/videstehnika.lv\/katalogs\/logi\/velux-jumta-logs-premium-integra-ggl-306821-ar-divkameru-stikla-paketi\/#primaryimage"},"image":{"@id":"https:\/\/videstehnika.lv\/katalogs\/logi\/velux-jumta-logs-premium-integra-ggl-306821-ar-divkameru-stikla-paketi\/#primaryimage"},"thumbnailUrl":"https:\/\/videstehnika.lv\/wp-content\/uploads\/2021\/06\/VELUX-jumta-logs-Premium-INTEGRA-GGL-306821-ar-divkameru-stikla-paketi.jpg","datePublished":"2021-06-01T13:31:36+00:00","dateModified":"2021-11-05T05:41:24+00:00","description":"VELUX jumta logs INTEGRA ar divkameru stikla paketi. Ar t\u0101lvad\u012bbu vad\u0101mi jumta logi, kas veras pa loga centr\u0101lo asi.","breadcrumb":{"@id":"https:\/\/videstehnika.lv\/katalogs\/logi\/velux-jumta-logs-premium-integra-ggl-306821-ar-divkameru-stikla-paketi\/#breadcrumb"},"inLanguage":"et","potentialAction":[{"@type":"ReadAction","target":["https:\/\/videstehnika.lv\/katalogs\/logi\/velux-jumta-logs-premium-integra-ggl-306821-ar-divkameru-stikla-paketi\/"]}]},{"@type":"ImageObject","inLanguage":"et","@id":"https:\/\/videstehnika.lv\/katalogs\/logi\/velux-jumta-logs-premium-integra-ggl-306821-ar-divkameru-stikla-paketi\/#primaryimage","url":"https:\/\/videstehnika.lv\/wp-content\/uploads\/2021\/06\/VELUX-jumta-logs-Premium-INTEGRA-GGL-306821-ar-divkameru-stikla-paketi.jpg","contentUrl":"https:\/\/videstehnika.lv\/wp-content\/uploads\/2021\/06\/VELUX-jumta-logs-Premium-INTEGRA-GGL-306821-ar-divkameru-stikla-paketi.jpg","width":900,"height":900,"caption":"VELUX jumta logs Premium INTEGRA GGL 306821 ar divkameru stikla paketi"},{"@type":"BreadcrumbList","@id":"https:\/\/videstehnika.lv\/katalogs\/logi\/velux-jumta-logs-premium-integra-ggl-306821-ar-divkameru-stikla-paketi\/#breadcrumb","itemListElement":[{"@type":"ListItem","position":1,"name":"Home","item":"https:\/\/videstehnika.lv\/et\/"},{"@type":"ListItem","position":2,"name":"Kataloog","item":"https:\/\/videstehnika.lv\/et\/kataloog\/"},{"@type":"ListItem","position":3,"name":"VELUX logs Premium INTEGRA GGL 306821 ar divkameru stikla paketi"}]},{"@type":"WebSite","@id":"https:\/\/videstehnika.lv\/et\/#website","url":"https:\/\/videstehnika.lv\/et\/","name":"Vides Tehnika","description":"","potentialAction":[{"@type":"SearchAction","target":{"@type":"EntryPoint","urlTemplate":"https:\/\/videstehnika.lv\/et\/?s={search_term_string}"},"query-input":{"@type":"PropertyValueSpecification","valueRequired":true,"valueName":"search_term_string"}}],"inLanguage":"et"}]}},"_links":{"self":[{"href":"https:\/\/videstehnika.lv\/et\/wp-json\/wp\/v2\/product\/9584","targetHints":{"allow":["GET"]}}],"collection":[{"href":"https:\/\/videstehnika.lv\/et\/wp-json\/wp\/v2\/product"}],"about":[{"href":"https:\/\/videstehnika.lv\/et\/wp-json\/wp\/v2\/types\/product"}],"wp:featuredmedia":[{"embeddable":true,"href":"https:\/\/videstehnika.lv\/et\/wp-json\/wp\/v2\/media\/9605"}],"wp:attachment":[{"href":"https:\/\/videstehnika.lv\/et\/wp-json\/wp\/v2\/media?parent=9584"}],"wp:term":[{"taxonomy":"product_cat","embeddable":true,"href":"https:\/\/videstehnika.lv\/et\/wp-json\/wp\/v2\/product_cat?post=9584"},{"taxonomy":"product_tag","embeddable":true,"href":"https:\/\/videstehnika.lv\/et\/wp-json\/wp\/v2\/product_tag?post=9584"}],"curies":[{"name":"wp","href":"https:\/\/api.w.org\/{rel}","templated":true}]}}